{"id":989,"date":"2020-05-18T09:56:00","date_gmt":"2020-05-18T08:56:00","guid":{"rendered":"\/?page_id=989"},"modified":"2020-05-18T09:58:06","modified_gmt":"2020-05-18T08:58:06","slug":"erasmus-ka2-torokorszag-2019","status":"publish","type":"page","link":"\/index.php\/erasmus-ka2-torokorszag-2019\/","title":{"rendered":"Erasmus+ KA2 \u2013 T\u00f6r\u00f6korsz\u00e1g 2019"},"content":{"rendered":"\t\t<div data-elementor-type=\"wp-page\" data-elementor-id=\"989\" class=\"elementor elementor-989\" data-elementor-post-type=\"page\">\n\t\t\t\t\t\t<section class=\"elementor-section elementor-top-section elementor-element elementor-element-4c2aace elementor-section-boxed elementor-section-height-default elementor-section-height-default\" data-id=\"4c2aace\" data-element_type=\"section\" data-e-type=\"section\">\n\t\t\t\t\t\t<div class=\"elementor-container elementor-column-gap-default\">\n\t\t\t\t\t<div class=\"elementor-column elementor-col-100 elementor-top-column elementor-element elementor-element-7d21bb1\" data-id=\"7d21bb1\" data-element_type=\"column\" data-e-type=\"column\">\n\t\t\t<div class=\"elementor-widget-wrap elementor-element-populated\">\n\t\t\t\t\t\t<div class=\"elementor-element elementor-element-1e86485 elementor-widget elementor-widget-spacer\" data-id=\"1e86485\" data-element_type=\"widget\" data-e-type=\"widget\" data-widget_type=\"spacer.default\">\n\t\t\t\t<div class=\"elementor-widget-container\">\n\t\t\t\t\t\t\t<div class=\"elementor-spacer\">\n\t\t\t<div class=\"elementor-spacer-inner\"><\/div>\n\t\t<\/div>\n\t\t\t\t\t\t<\/div>\n\t\t\t\t<\/div>\n\t\t\t\t\t<\/div>\n\t\t<\/div>\n\t\t\t\t\t<\/div>\n\t\t<\/section>\n\t\t\t\t<section class=\"elementor-section elementor-top-section elementor-element elementor-element-17fd35f elementor-section-boxed elementor-section-height-default elementor-section-height-default\" data-id=\"17fd35f\" data-element_type=\"section\" data-e-type=\"section\">\n\t\t\t\t\t\t<div class=\"elementor-container elementor-column-gap-default\">\n\t\t\t\t\t<div class=\"elementor-column elementor-col-100 elementor-top-column elementor-element elementor-element-9a51a28\" data-id=\"9a51a28\" data-element_type=\"column\" data-e-type=\"column\">\n\t\t\t<div class=\"elementor-widget-wrap elementor-element-populated\">\n\t\t\t\t\t\t<div class=\"elementor-element elementor-element-4c329f8 elementor-widget elementor-widget-heading\" data-id=\"4c329f8\" data-element_type=\"widget\" data-e-type=\"widget\" data-widget_type=\"heading.default\">\n\t\t\t\t<div class=\"elementor-widget-container\">\n\t\t\t\t\t<h5 class=\"elementor-heading-title elementor-size-default\">Erasmus+ KA2 \u2013 T\u00f6r\u00f6korsz\u00e1g<\/h5>\t\t\t\t<\/div>\n\t\t\t\t<\/div>\n\t\t\t\t\t<\/div>\n\t\t<\/div>\n\t\t\t\t\t<\/div>\n\t\t<\/section>\n\t\t\t\t<section class=\"elementor-section elementor-top-section elementor-element elementor-element-bf8e4ed elementor-section-boxed elementor-section-height-default elementor-section-height-default\" data-id=\"bf8e4ed\" data-element_type=\"section\" data-e-type=\"section\">\n\t\t\t\t\t\t<div class=\"elementor-container elementor-column-gap-default\">\n\t\t\t\t\t<div class=\"elementor-column elementor-col-100 elementor-top-column elementor-element elementor-element-1d28dfd\" data-id=\"1d28dfd\" data-element_type=\"column\" data-e-type=\"column\">\n\t\t\t<div class=\"elementor-widget-wrap elementor-element-populated\">\n\t\t\t\t\t\t<div class=\"elementor-element elementor-element-eb72629 elementor-widget elementor-widget-heading\" data-id=\"eb72629\" data-element_type=\"widget\" data-e-type=\"widget\" data-widget_type=\"heading.default\">\n\t\t\t\t<div class=\"elementor-widget-container\">\n\t\t\t\t\t<h5 class=\"elementor-heading-title elementor-size-default\">\u201eLittle Actions for Active Citizenship\u201d<\/h5>\t\t\t\t<\/div>\n\t\t\t\t<\/div>\n\t\t\t\t\t<\/div>\n\t\t<\/div>\n\t\t\t\t\t<\/div>\n\t\t<\/section>\n\t\t\t\t<section class=\"elementor-section elementor-top-section elementor-element elementor-element-0eb889f elementor-section-boxed elementor-section-height-default elementor-section-height-default\" data-id=\"0eb889f\" data-element_type=\"section\" data-e-type=\"section\">\n\t\t\t\t\t\t<div class=\"elementor-container elementor-column-gap-default\">\n\t\t\t\t\t<div class=\"elementor-column elementor-col-100 elementor-top-column elementor-element elementor-element-99b384f\" data-id=\"99b384f\" data-element_type=\"column\" data-e-type=\"column\">\n\t\t\t<div class=\"elementor-widget-wrap elementor-element-populated\">\n\t\t\t\t\t\t<div class=\"elementor-element elementor-element-b8990e5 elementor-widget elementor-widget-heading\" data-id=\"b8990e5\" data-element_type=\"widget\" data-e-type=\"widget\" data-widget_type=\"heading.default\">\n\t\t\t\t<div class=\"elementor-widget-container\">\n\t\t\t\t\t<h5 class=\"elementor-heading-title elementor-size-default\">2018-1-HU01-KA229-047711_2<\/h5>\t\t\t\t<\/div>\n\t\t\t\t<\/div>\n\t\t\t\t\t<\/div>\n\t\t<\/div>\n\t\t\t\t\t<\/div>\n\t\t<\/section>\n\t\t\t\t<section class=\"elementor-section elementor-top-section elementor-element elementor-element-99eaa97 elementor-section-boxed elementor-section-height-default elementor-section-height-default\" data-id=\"99eaa97\" data-element_type=\"section\" data-e-type=\"section\">\n\t\t\t\t\t\t<div class=\"elementor-container elementor-column-gap-default\">\n\t\t\t\t\t<div class=\"elementor-column elementor-col-100 elementor-top-column elementor-element elementor-element-8229f54\" data-id=\"8229f54\" data-element_type=\"column\" data-e-type=\"column\">\n\t\t\t<div class=\"elementor-widget-wrap elementor-element-populated\">\n\t\t\t\t\t\t<div class=\"elementor-element elementor-element-bb29e34 elementor-widget elementor-widget-heading\" data-id=\"bb29e34\" data-element_type=\"widget\" data-e-type=\"widget\" data-widget_type=\"heading.default\">\n\t\t\t\t<div class=\"elementor-widget-container\">\n\t\t\t\t\t<h5 class=\"elementor-heading-title elementor-size-default\">T\u00f6r\u00f6korsz\u00e1g\/Manavgat<\/h5>\t\t\t\t<\/div>\n\t\t\t\t<\/div>\n\t\t\t\t\t<\/div>\n\t\t<\/div>\n\t\t\t\t\t<\/div>\n\t\t<\/section>\n\t\t\t\t<section class=\"elementor-section elementor-top-section elementor-element elementor-element-4178244 elementor-section-boxed elementor-section-height-default elementor-section-height-default\" data-id=\"4178244\" data-element_type=\"section\" data-e-type=\"section\">\n\t\t\t\t\t\t<div class=\"elementor-container elementor-column-gap-default\">\n\t\t\t\t\t<div class=\"elementor-column elementor-col-100 elementor-top-column elementor-element elementor-element-aaac1be\" data-id=\"aaac1be\" data-element_type=\"column\" data-e-type=\"column\">\n\t\t\t<div class=\"elementor-widget-wrap elementor-element-populated\">\n\t\t\t\t\t\t<div class=\"elementor-element elementor-element-f2f26c3 elementor-widget elementor-widget-heading\" data-id=\"f2f26c3\" data-element_type=\"widget\" data-e-type=\"widget\" data-widget_type=\"heading.default\">\n\t\t\t\t<div class=\"elementor-widget-container\">\n\t\t\t\t\t<h5 class=\"elementor-heading-title elementor-size-default\">Id\u0151pont: 2018.01.13-01.18<\/h5>\t\t\t\t<\/div>\n\t\t\t\t<\/div>\n\t\t\t\t\t<\/div>\n\t\t<\/div>\n\t\t\t\t\t<\/div>\n\t\t<\/section>\n\t\t\t\t<section class=\"elementor-section elementor-top-section elementor-element elementor-element-0646db0 elementor-section-boxed elementor-section-height-default elementor-section-height-default\" data-id=\"0646db0\" data-element_type=\"section\" data-e-type=\"section\">\n\t\t\t\t\t\t<div class=\"elementor-container elementor-column-gap-default\">\n\t\t\t\t\t<div class=\"elementor-column elementor-col-100 elementor-top-column elementor-element elementor-element-7dc5b7f\" data-id=\"7dc5b7f\" data-element_type=\"column\" data-e-type=\"column\">\n\t\t\t<div class=\"elementor-widget-wrap elementor-element-populated\">\n\t\t\t\t\t\t<div class=\"elementor-element elementor-element-8cb5ffe elementor-widget elementor-widget-spacer\" data-id=\"8cb5ffe\" data-element_type=\"widget\" data-e-type=\"widget\" data-widget_type=\"spacer.default\">\n\t\t\t\t<div class=\"elementor-widget-container\">\n\t\t\t\t\t\t\t<div class=\"elementor-spacer\">\n\t\t\t<div class=\"elementor-spacer-inner\"><\/div>\n\t\t<\/div>\n\t\t\t\t\t\t<\/div>\n\t\t\t\t<\/div>\n\t\t\t\t\t<\/div>\n\t\t<\/div>\n\t\t\t\t\t<\/div>\n\t\t<\/section>\n\t\t\t\t<section class=\"elementor-section elementor-top-section elementor-element elementor-element-328ecf2d elementor-section-boxed elementor-section-height-default elementor-section-height-default\" data-id=\"328ecf2d\" data-element_type=\"section\" data-e-type=\"section\">\n\t\t\t\t\t\t<div class=\"elementor-container elementor-column-gap-default\">\n\t\t\t\t\t<div class=\"elementor-column elementor-col-100 elementor-top-column elementor-element elementor-element-42e4ebe9\" data-id=\"42e4ebe9\" data-element_type=\"column\" data-e-type=\"column\">\n\t\t\t<div class=\"elementor-widget-wrap elementor-element-populated\">\n\t\t\t\t\t\t<div class=\"elementor-element elementor-element-2a6c4489 elementor-widget elementor-widget-text-editor\" data-id=\"2a6c4489\" data-element_type=\"widget\" data-e-type=\"widget\" data-widget_type=\"text-editor.default\">\n\t\t\t\t<div class=\"elementor-widget-container\">\n\t\t\t\t\t\t\t\t\t<p><\/p>\n<p>Iskol\u00e1nk hat tanul\u00f3ja: Erdei M\u00e1t\u00e9 10\/A, L\u00e1z\u00e1r Nikolett 10\/A, Sajtos Imola 10\/A, Szab\u00f3 Botond 9\/B, L\u00e1szl\u00f3telki Lilla 10\/A \u00e9s Ferkovics Aisa Doren 9\/A; Erd\u00e9lyi Lajosn\u00e9, S\u00e1ri Erika \u00e9s Bori Frigyes kis\u00e9r\u0151tan\u00e1rok vezet\u00e9s\u00e9vel t\u00f6lt\u00f6tt egy hetet T\u00f6r\u00f6korsz\u00e1gban.<\/p>\n<p><\/p>\n<p><\/p>\n<p>A projekt t\u00e9m\u00e1ja az eg\u00e9szs\u00e9ges t\u00e1pl\u00e1lkoz\u00e1s, f\u00fcgg\u0151s\u00e9gekt\u0151l mentes, eg\u00e9szs\u00e9ges \u00e9letm\u00f3d, els\u0151seg\u00e9lyny\u00fajt\u00e1si ismeretek \u00e9s azok helyes alkalmaz\u00e1sa a gyakorlatban, a kit\u0171z\u00f6tt c\u00e9loknak megfelel\u0151en megval\u00f3sult. A r\u00e9sztvev\u0151k prezent\u00e1ci\u00f3kat hallgattak meg szak\u00e9rt\u0151k el\u0151ad\u00e1s\u00e1ban, illetve valamennyi orsz\u00e1g el\u0151adta saj\u00e1t prezent\u00e1ci\u00f3j\u00e1t angol nyelven.<\/p>\n<p><\/p>\n<p><\/p>\n<p>Di\u00e1kjaink a csal\u00e1di elsz\u00e1ll\u00e1sol\u00e1s r\u00e9v\u00e9n betekint\u00e9st nyertek a t\u00f6r\u00f6k kult\u00fara \u00e9s \u00e9letm\u00f3d mindennapjaiba. Alkalmuk ny\u00edlt megismerkedni a helyi szok\u00e1sokkal a vend\u00e9gl\u00e1t\u00f3 csal\u00e1dok \u00e9let\u00e9ben t\u00f6rt\u00e9n\u0151 r\u00e9szv\u00e9tel \u00e1ltal. Ennek eredm\u00e9nyek\u00e9ppen er\u0151s\u00f6d\u00f6tt kommunikat\u00edv k\u00e9szs\u00e9g\u00fck, fejl\u0151d\u00f6tt emp\u00e1ti\u00e1juk \u00e9s nyitottabb\u00e1, meg\u00e9rt\u0151bb\u00e9 v\u00e1ltak egy teljesen m\u00e1s kult\u00far\u00e1ban \u00e9l\u0151 emberek<\/p>\n<p><\/p>\n<p><\/p>\n<p>ir\u00e1nt.<\/p>\n<p><\/p>\n<p><\/p>\n<p>Megismerkedtek a k\u00f6rny\u00e9k (Manavgat, Side \u00e9s Antalya csod\u00e1latos term\u00e9szeti adotts\u00e1gaival: v\u00edzes\u00e9s, tengerpart, valamint t\u00f6rt\u00e9nelmi nevezetess\u00e9geivel: antik szabadt\u00e9ri sz\u00ednh\u00e1z, Apoll\u00f3 templom.<\/p>\n<p><\/p>\n<p><\/p>\n<p>A v\u00e1rosi m\u00fazeum megl\u00e1togat\u00e1sa sor\u00e1n \u00e1tfog\u00f3 ismeretekre tettek szert az ott \u00e9l\u0151 emberek t\u00f6rt\u00e9nelm\u00e9vel, a k\u00f6rny\u00e9k \u00e9l\u0151vil\u00e1g\u00e1val, term\u00e9szeti adotts\u00e1gaival kapcsolatban, melynek r\u00e9v\u00e9n f\u00f6ldrajzi, t\u00f6rt\u00e9nelmi \u00e9s biol\u00f3giai ismereteik egyar\u00e1nt b\u0151v\u00fcltek.<\/p>\n<p><\/p>\n<p><\/p>\n<p>A t\u00f6r\u00f6k gasztron\u00f3mia v\u00e1ltozatoss\u00e1g\u00e1nak megismer\u00e9se felkeltette \u00e9rdekl\u0151d\u00e9s\u00fcket az eg\u00e9szs\u00e9ges t\u00e1pl\u00e1lkoz\u00e1s, a kiegyens\u00falyozott \u00e9trend ir\u00e1nt. A szak\u00e9rt\u0151k \u00e9s di\u00e1kt\u00e1rsaik el\u0151ad\u00e1sai k\u00f6vetkezt\u00e9ben tudatosodott benn\u00fck a doh\u00e1nyz\u00e1s, a t\u00falzott alkoholfogyaszt\u00e1s \u00e9s a droghaszn\u00e1lat szervezet\u00fcnkre gyakorolt k\u00e1ros hat\u00e1sa. A program \u00f6sszegz\u00e9sek\u00e9nt minden r\u00e9sztvev\u0151 orsz\u00e1g tanul\u00f3i vegyes csoportokban fejezt\u00e9k ki a t\u00e9ma ir\u00e1nti elk\u00f6telezetts\u00e9g\u00fcket a k\u00f6z\u00f6sen elk\u00e9sz\u00edtett poszterek seg\u00edts\u00e9g\u00e9vel.<\/p>\n<p><\/p>\n<p><\/p>\n<p>A kiutaz\u00e1son r\u00e9sztvev\u0151 di\u00e1kok bar\u00e1ts\u00e1got k\u00f6t\u00f6ttek a\u00a0 t\u00f6r\u00f6k, litv\u00e1n, spanyol, olasz csoportok tagjaival. Az angol nyelven t\u00f6rt\u00e9n\u0151 kommunik\u00e1ci\u00f3 el\u0151seg\u00edtette idegennyelv tud\u00e1suk tov\u00e1bbi fejl\u0151d\u00e9s\u00e9t. Valamennyien \u00e9letre sz\u00f3l\u00f3 \u00e9lm\u00e9nyekkel t\u00e9rtek haza, a t\u00f6r\u00f6k h\u00e1zigazd\u00e1k vend\u00e9gszeretet\u00e9nek \u00e9s a t\u00f6bbi orsz\u00e1gb\u00f3l \u00e9rkezett di\u00e1kok nyitotts\u00e1g\u00e1nak k\u00f6sz\u00f6nhet\u0151en.<\/p>\n<p><\/p>\n<p><\/p>\n<p>A program v\u00e9g\u00e9n valamennyi orsz\u00e1g kis\u00e9r\u0151tan\u00e1ra k\u00f6z\u00f6s megbesz\u00e9l\u00e9st tartott, melyen kit\u0171n\u0151re \u00e9rt\u00e9kelt\u00e9k a t\u00f6r\u00f6k szervez\u0151k \u00e1ldozatos munk\u00e1j\u00e1t, valamint megt\u00f6rt\u00e9nt a projekt k\u00f6vetkez\u0151, olaszorsz\u00e1gi \u00e1llom\u00e1sa programj\u00e1nak el\u0151k\u00e9sz\u00edt\u00e9se is.<\/p>\n<p><\/p>\n<p><\/p>\n<p>B\u00e9k\u00e9scsaba, 2019.02.01<\/p>\n<p><\/p>\n<p><\/p>\n<p>Bori Frigyes<\/p>\n<p><\/p>\t\t\t\t\t\t\t\t<\/div>\n\t\t\t\t<\/div>\n\t\t\t\t\t<\/div>\n\t\t<\/div>\n\t\t\t\t\t<\/div>\n\t\t<\/section>\n\t\t\t\t<section class=\"elementor-section elementor-top-section elementor-element elementor-element-837d84b elementor-section-boxed elementor-section-height-default elementor-section-height-default\" data-id=\"837d84b\" data-element_type=\"section\" data-e-type=\"section\">\n\t\t\t\t\t\t<div class=\"elementor-container elementor-column-gap-default\">\n\t\t\t\t\t<div class=\"elementor-column elementor-col-100 elementor-top-column elementor-element elementor-element-969877c\" data-id=\"969877c\" data-element_type=\"column\" data-e-type=\"column\">\n\t\t\t<div class=\"elementor-widget-wrap elementor-element-populated\">\n\t\t\t\t\t\t<div class=\"elementor-element elementor-element-1cdce41 elementor-widget elementor-widget-text-editor\" data-id=\"1cdce41\" data-element_type=\"widget\" data-e-type=\"widget\" data-widget_type=\"text-editor.default\">\n\t\t\t\t<div class=\"elementor-widget-container\">\n\t\t\t\t\t\t\t\t\t<div id=\"grid-gallery-12-97993\" data-gg-id=\"12\" data-title=\"Erasmus+ KA2 \u2013 T\u00f6r\u00f6korsz\u00e1g 2019\" data-grid-type=\"0\" data-offset=\"5.3\" data-area-position=\"center\" data-icons=\"\" data-preloader=\"true\" data-width=\"215\" data-height=\"215\" data-padding=\"0\" data-quicksand=\"disabled\" data-quicksand-duration=\"none\" data-popup-theme=\"theme_6\" data-popup-type=\"pretty-photo\" data-popup-image-text=\"data-description\" data-popup-widthsize=\"auto\" data-popup-heightsize=\"auto\" data-popup-i18n-words=\"{&quot;close&quot;:&quot;close&quot;,&quot;next&quot;:&quot;next&quot;,&quot;previous&quot;:&quot;previous&quot;,&quot;start_slideshow&quot;:&quot;start slideshow&quot;,&quot;stop_slideshow&quot;:&quot;stop slideshow&quot;,&quot;image&quot;:&quot;image&quot;,&quot;of&quot;:&quot;of&quot;,&quot;prev&quot;:&quot;prev&quot;,&quot;cExpand&quot;:&quot;Expand&quot;,&quot;cPrevious&quot;:&quot;Previous&quot;,&quot;cNext&quot;:&quot;Next&quot;,&quot;cExpandStr&quot;:&quot;Expand the image&quot;,&quot;cRotate&quot;:&quot;Rotate&quot;,&quot;cDetails&quot;:&quot;Details&quot;}\" data-popup-slideshow=\"false\" data-popup-slideshow-speed=\"2500\" data-popup-hoverstop=\"true\" data-popup-slideshow-auto=\"false\" data-popup-background=\"\" data-popup-transparency=\"30\" data-popup-disable-history=\"\" data-popup-disable-changed-url=\"\" data-popup-border-type=\"solid\" data-popup-border-color=\"\" data-popup-border-width=\"\" data-popup-border-enable=\"\" data-fullscreen=\"false\" data-hide-tooltip=\"false\" data-caption-font-family=\"Default\" data-caption-text-size=\"140\" data-is-mobile=\"0\" data-caption-mobile=\"false\" data-hide-long-tltp-title=\"0\" data-caption-disabled-on-mobile=\"false\" data-popup-placement-type=\"0\" data-social-sharing=\"{&quot;enabled&quot;:&quot;&quot;,&quot;gallerySharing&quot;:{&quot;enabled&quot;:null,&quot;position&quot;:null},&quot;imageSharing&quot;:{&quot;enabled&quot;:null,&quot;wrapperClass&quot;:&quot; vertical &quot;},&quot;popupSharing&quot;:{&quot;enabled&quot;:null,&quot;wrapperClass&quot;:&quot; vertical &quot;}}\" class=\"grid-gallery grid-gallery-fixed \" style=\" width:100%; height:auto; margin-left:auto; margin-right:auto;position:relative;\"> <div class=\"gallery-loading\"> <div class=\"blocks\"> <div class=\"block\"><\/div> <div class=\"block\"><\/div> <div class=\"block\"><\/div> <div class=\"block\"><\/div> <\/div> <\/div> <div class=\"gallery-sharing-top\" style=\"display:none;\"> <\/div> <div id=\"photos-12\" class=\"grid-gallery-photos\"><FIGURE class=\"grid-gallery-caption\" data-grid-gallery-type=\"quarter-slide-up\" data-index=\"0\" style=\"display:none;border-radius:00;; margin:5.3px; width:2150;\" ><div class=\"crop\" style=\" width:2150; height:2150; overflow:hidden;\"><img decoding=\"async\" src=\"\/wp-content\/uploads\/2020\/05\/torok1-215x215.jpg\" class=\"ggImg\" alt=\"torok1\" title=\"torok1\" data-description=\"torok1\" data-caption=\"torok1\" data-title=\"torok1\" style=\" width:215px; height:215px;\" \/><\/div><FIGCAPTION class=\"\" data-alpha=\"5\" style=\"color:#ffffff; background-color:#6f0000; font-size:140; text-align:left; font-family:Default;\" ><div class=\"grid-gallery-figcaption-wrap\" style=\"\"><\/div><\/FIGCAPTION><\/FIGURE><FIGURE class=\"grid-gallery-caption\" data-grid-gallery-type=\"quarter-slide-up\" data-index=\"1\" style=\"display:none;border-radius:00;; margin:5.3px; width:2150;\" ><div class=\"crop\" style=\" width:2150; height:2150; overflow:hidden;\"><img decoding=\"async\" src=\"\/wp-content\/uploads\/2020\/05\/torok2-215x215.jpg\" class=\"ggImg\" alt=\"torok2\" title=\"torok2\" data-description=\"torok2\" data-caption=\"torok2\" data-title=\"torok2\" style=\" width:215px; height:215px;\" \/><\/div><FIGCAPTION class=\"\" data-alpha=\"5\" style=\"color:#ffffff; background-color:#6f0000; font-size:140; text-align:left; font-family:Default;\" ><div class=\"grid-gallery-figcaption-wrap\" style=\"\"><\/div><\/FIGCAPTION><\/FIGURE><FIGURE class=\"grid-gallery-caption\" data-grid-gallery-type=\"quarter-slide-up\" data-index=\"2\" style=\"display:none;border-radius:00;; margin:5.3px; width:2150;\" ><div class=\"crop\" style=\" width:2150; height:2150; overflow:hidden;\"><img decoding=\"async\" src=\"\/wp-content\/uploads\/2020\/05\/torok3-215x215.jpg\" class=\"ggImg\" alt=\"torok3\" title=\"torok3\" data-description=\"torok3\" data-caption=\"torok3\" data-title=\"torok3\" style=\" width:215px; height:215px;\" \/><\/div><FIGCAPTION class=\"\" data-alpha=\"5\" style=\"color:#ffffff; background-color:#6f0000; font-size:140; text-align:left; font-family:Default;\" ><div class=\"grid-gallery-figcaption-wrap\" style=\"\"><\/div><\/FIGCAPTION><\/FIGURE><FIGURE class=\"grid-gallery-caption\" data-grid-gallery-type=\"quarter-slide-up\" data-index=\"3\" style=\"display:none;border-radius:00;; margin:5.3px; width:2150;\" ><div class=\"crop\" style=\" width:2150; height:2150; overflow:hidden;\"><img decoding=\"async\" src=\"\/wp-content\/uploads\/2020\/05\/torok4-215x215.jpg\" class=\"ggImg\" alt=\"torok4\" title=\"torok4\" data-description=\"torok4\" data-caption=\"torok4\" data-title=\"torok4\" style=\" width:215px; height:215px;\" \/><\/div><FIGCAPTION class=\"\" data-alpha=\"5\" style=\"color:#ffffff; background-color:#6f0000; font-size:140; text-align:left; font-family:Default;\" ><div class=\"grid-gallery-figcaption-wrap\" style=\"\"><\/div><\/FIGCAPTION><\/FIGURE><FIGURE class=\"grid-gallery-caption\" data-grid-gallery-type=\"quarter-slide-up\" data-index=\"4\" style=\"display:none;border-radius:00;; margin:5.3px; width:2150;\" ><div class=\"crop\" style=\" width:2150; height:2150; overflow:hidden;\"><img decoding=\"async\" src=\"\/wp-content\/uploads\/2020\/05\/torok5-215x215.jpg\" class=\"ggImg\" alt=\"torok5\" title=\"torok5\" data-description=\"torok5\" data-caption=\"torok5\" data-title=\"torok5\" style=\" width:215px; height:215px;\" \/><\/div><FIGCAPTION class=\"\" data-alpha=\"5\" style=\"color:#ffffff; background-color:#6f0000; font-size:140; text-align:left; font-family:Default;\" ><div class=\"grid-gallery-figcaption-wrap\" style=\"\"><\/div><\/FIGCAPTION><\/FIGURE><FIGURE class=\"grid-gallery-caption\" data-grid-gallery-type=\"quarter-slide-up\" data-index=\"5\" style=\"display:none;border-radius:00;; margin:5.3px; width:2150;\" ><div class=\"crop\" style=\" width:2150; height:2150; overflow:hidden;\"><img decoding=\"async\" src=\"\/wp-content\/uploads\/2020\/05\/torok6-215x215.jpg\" class=\"ggImg\" alt=\"torok6\" title=\"torok6\" data-description=\"torok6\" data-caption=\"torok6\" data-title=\"torok6\" style=\" width:215px; height:215px;\" \/><\/div><FIGCAPTION class=\"\" data-alpha=\"5\" style=\"color:#ffffff; background-color:#6f0000; font-size:140; text-align:left; font-family:Default;\" ><div class=\"grid-gallery-figcaption-wrap\" style=\"\"><\/div><\/FIGCAPTION><\/FIGURE><FIGURE class=\"grid-gallery-caption\" data-grid-gallery-type=\"quarter-slide-up\" data-index=\"6\" style=\"display:none;border-radius:00;; margin:5.3px; width:2150;\" ><div class=\"crop\" style=\" width:2150; height:2150; overflow:hidden;\"><img decoding=\"async\" src=\"\/wp-content\/uploads\/2020\/05\/torok7-215x215.jpg\" class=\"ggImg\" alt=\"torok7\" title=\"torok7\" data-description=\"torok7\" data-caption=\"torok7\" data-title=\"torok7\" style=\" width:215px; height:215px;\" \/><\/div><FIGCAPTION class=\"\" data-alpha=\"5\" style=\"color:#ffffff; background-color:#6f0000; font-size:140; text-align:left; font-family:Default;\" ><div class=\"grid-gallery-figcaption-wrap\" style=\"\"><\/div><\/FIGCAPTION><\/FIGURE><FIGURE class=\"grid-gallery-caption\" data-grid-gallery-type=\"quarter-slide-up\" data-index=\"7\" style=\"display:none;border-radius:00;; margin:5.3px; width:2150;\" ><div class=\"crop\" style=\" width:2150; height:2150; overflow:hidden;\"><img decoding=\"async\" src=\"\/wp-content\/uploads\/2020\/05\/torok8-215x215.jpg\" class=\"ggImg\" alt=\"torok8\" title=\"torok8\" data-description=\"torok8\" data-caption=\"torok8\" data-title=\"torok8\" style=\" width:215px; height:215px;\" \/><\/div><FIGCAPTION class=\"\" data-alpha=\"5\" style=\"color:#ffffff; background-color:#6f0000; font-size:140; text-align:left; font-family:Default;\" ><div class=\"grid-gallery-figcaption-wrap\" style=\"\"><\/div><\/FIGCAPTION><\/FIGURE> <div class=\"grid-gallery-clearfix\"><\/div> <\/div> <div class=\"gallery-sharing-bottom\" style=\"display:none;\"> <\/div> <div class=\"gallery-sharing-image\" style=\"display:none;\"> <\/div> <div class=\"gallery-sharing-popup\" style=\"display:none;\"> <\/div> <div class=\"grid-gallery-clearfix\"><\/div> <\/div> <!-- Gallery by Supsystic plugin1.16.0 --><a title=\"Best WordPress Gallery Plugin\" style=\"display:none;\" href=\"https:\/\/supsystic.com\/plugins\/photo-gallery\/?utm_medium=love_link\" target=\"_blank\">Best WordPress Gallery Plugin<\/a>\t\t\t\t\t\t\t\t<\/div>\n\t\t\t\t<\/div>\n\t\t\t\t\t<\/div>\n\t\t<\/div>\n\t\t\t\t\t<\/div>\n\t\t<\/section>\n\t\t\t\t<\/div>\n\t\t","protected":false},"excerpt":{"rendered":"<p>Erasmus+ KA2 \u2013 T\u00f6r\u00f6korsz\u00e1g \u201eLittle Actions for Active Citizenship\u201d 2018-1-HU01-KA229-047711_2 T\u00f6r\u00f6korsz\u00e1g\/Manavgat Id\u0151pont: 2018.01.13-01.18 Iskol\u00e1nk hat tanul\u00f3ja: Erdei M\u00e1t\u00e9 10\/A, L\u00e1z\u00e1r Nikolett 10\/A, Sajtos Imola 10\/A, Szab\u00f3 Botond 9\/B, L\u00e1szl\u00f3telki Lilla 10\/A \u00e9s Ferkovics Aisa Doren 9\/A; Erd\u00e9lyi Lajosn\u00e9, S\u00e1ri Erika \u00e9s Bori Frigyes kis\u00e9r\u0151tan\u00e1rok vezet\u00e9s\u00e9vel t\u00f6lt\u00f6tt egy hetet T\u00f6r\u00f6korsz\u00e1gban. A projekt t\u00e9m\u00e1ja az eg\u00e9szs\u00e9ges t\u00e1pl\u00e1lkoz\u00e1s, [&hellip;]<\/p>\n","protected":false},"author":4,"featured_media":0,"parent":0,"menu_order":0,"comment_status":"closed","ping_status":"closed","template":"","meta":{"footnotes":""},"class_list":["post-989","page","type-page","status-publish","hentry"],"_links":{"self":[{"href":"\/index.php\/wp-json\/wp\/v2\/pages\/989","targetHints":{"allow":["GET"]}}],"collection":[{"href":"\/index.php\/wp-json\/wp\/v2\/pages"}],"about":[{"href":"\/index.php\/wp-json\/wp\/v2\/types\/page"}],"author":[{"embeddable":true,"href":"\/index.php\/wp-json\/wp\/v2\/users\/4"}],"replies":[{"embeddable":true,"href":"\/index.php\/wp-json\/wp\/v2\/comments?post=989"}],"version-history":[{"count":4,"href":"\/index.php\/wp-json\/wp\/v2\/pages\/989\/revisions"}],"predecessor-version":[{"id":1002,"href":"\/index.php\/wp-json\/wp\/v2\/pages\/989\/revisions\/1002"}],"wp:attachment":[{"href":"\/index.php\/wp-json\/wp\/v2\/media?parent=989"}],"curies":[{"name":"wp","href":"https:\/\/api.w.org\/{rel}","templated":true}]}}