{"id":965,"date":"2020-05-18T09:35:40","date_gmt":"2020-05-18T08:35:40","guid":{"rendered":"\/?page_id=965"},"modified":"2022-04-24T14:21:26","modified_gmt":"2022-04-24T13:21:26","slug":"erasmus-ka2-spanyolorszag-2019","status":"publish","type":"page","link":"\/index.php\/erasmus-ka2-spanyolorszag-2019\/","title":{"rendered":"Erasmus+ KA2 \u2013 Spanyolorsz\u00e1g 2019"},"content":{"rendered":"\t\t<div data-elementor-type=\"wp-page\" data-elementor-id=\"965\" class=\"elementor elementor-965\" data-elementor-post-type=\"page\">\n\t\t\t\t\t\t<section class=\"elementor-section elementor-top-section elementor-element elementor-element-d6bd687 elementor-section-boxed elementor-section-height-default elementor-section-height-default\" data-id=\"d6bd687\" data-element_type=\"section\" data-e-type=\"section\">\n\t\t\t\t\t\t<div class=\"elementor-container elementor-column-gap-default\">\n\t\t\t\t\t<div class=\"elementor-column elementor-col-100 elementor-top-column elementor-element elementor-element-c83b782\" data-id=\"c83b782\" data-element_type=\"column\" data-e-type=\"column\">\n\t\t\t<div class=\"elementor-widget-wrap elementor-element-populated\">\n\t\t\t\t\t\t<div class=\"elementor-element elementor-element-49ee1aa elementor-widget elementor-widget-spacer\" data-id=\"49ee1aa\" data-element_type=\"widget\" data-e-type=\"widget\" data-widget_type=\"spacer.default\">\n\t\t\t\t<div class=\"elementor-widget-container\">\n\t\t\t\t\t\t\t<div class=\"elementor-spacer\">\n\t\t\t<div class=\"elementor-spacer-inner\"><\/div>\n\t\t<\/div>\n\t\t\t\t\t\t<\/div>\n\t\t\t\t<\/div>\n\t\t\t\t\t<\/div>\n\t\t<\/div>\n\t\t\t\t\t<\/div>\n\t\t<\/section>\n\t\t\t\t<section class=\"elementor-section elementor-top-section elementor-element elementor-element-64dc329 elementor-section-boxed elementor-section-height-default elementor-section-height-default\" data-id=\"64dc329\" data-element_type=\"section\" data-e-type=\"section\">\n\t\t\t\t\t\t<div class=\"elementor-container elementor-column-gap-default\">\n\t\t\t\t\t<div class=\"elementor-column elementor-col-100 elementor-top-column elementor-element elementor-element-d81e308\" data-id=\"d81e308\" data-element_type=\"column\" data-e-type=\"column\">\n\t\t\t<div class=\"elementor-widget-wrap elementor-element-populated\">\n\t\t\t\t\t\t<div class=\"elementor-element elementor-element-44d183f elementor-widget elementor-widget-heading\" data-id=\"44d183f\" data-element_type=\"widget\" data-e-type=\"widget\" data-widget_type=\"heading.default\">\n\t\t\t\t<div class=\"elementor-widget-container\">\n\t\t\t\t\t<h5 class=\"elementor-heading-title elementor-size-default\">Erasmus+ KA2 \u2013 Spanyolorsz\u00e1g\n\n<\/h5>\t\t\t\t<\/div>\n\t\t\t\t<\/div>\n\t\t\t\t\t<\/div>\n\t\t<\/div>\n\t\t\t\t\t<\/div>\n\t\t<\/section>\n\t\t\t\t<section class=\"elementor-section elementor-top-section elementor-element elementor-element-b20c425 elementor-section-boxed elementor-section-height-default elementor-section-height-default\" data-id=\"b20c425\" data-element_type=\"section\" data-e-type=\"section\">\n\t\t\t\t\t\t<div class=\"elementor-container elementor-column-gap-default\">\n\t\t\t\t\t<div class=\"elementor-column elementor-col-100 elementor-top-column elementor-element elementor-element-2e5ce9b\" data-id=\"2e5ce9b\" data-element_type=\"column\" data-e-type=\"column\">\n\t\t\t<div class=\"elementor-widget-wrap elementor-element-populated\">\n\t\t\t\t\t\t<div class=\"elementor-element elementor-element-0bc8672 elementor-widget elementor-widget-heading\" data-id=\"0bc8672\" data-element_type=\"widget\" data-e-type=\"widget\" data-widget_type=\"heading.default\">\n\t\t\t\t<div class=\"elementor-widget-container\">\n\t\t\t\t\t<h5 class=\"elementor-heading-title elementor-size-default\">\u201eEnjoy the School\u201d<\/h5>\t\t\t\t<\/div>\n\t\t\t\t<\/div>\n\t\t\t\t\t<\/div>\n\t\t<\/div>\n\t\t\t\t\t<\/div>\n\t\t<\/section>\n\t\t\t\t<section class=\"elementor-section elementor-top-section elementor-element elementor-element-7284d4a elementor-section-boxed elementor-section-height-default elementor-section-height-default\" data-id=\"7284d4a\" data-element_type=\"section\" data-e-type=\"section\">\n\t\t\t\t\t\t<div class=\"elementor-container elementor-column-gap-default\">\n\t\t\t\t\t<div class=\"elementor-column elementor-col-100 elementor-top-column elementor-element elementor-element-dccd914\" data-id=\"dccd914\" data-element_type=\"column\" data-e-type=\"column\">\n\t\t\t<div class=\"elementor-widget-wrap elementor-element-populated\">\n\t\t\t\t\t\t<div class=\"elementor-element elementor-element-568e0bf elementor-widget elementor-widget-heading\" data-id=\"568e0bf\" data-element_type=\"widget\" data-e-type=\"widget\" data-widget_type=\"heading.default\">\n\t\t\t\t<div class=\"elementor-widget-container\">\n\t\t\t\t\t<h5 class=\"elementor-heading-title elementor-size-default\">Spanyolorsz\u00e1gi projekttal\u00e1lkoz\u00f3<\/h5>\t\t\t\t<\/div>\n\t\t\t\t<\/div>\n\t\t\t\t\t<\/div>\n\t\t<\/div>\n\t\t\t\t\t<\/div>\n\t\t<\/section>\n\t\t\t\t<section class=\"elementor-section elementor-top-section elementor-element elementor-element-91c3ba3 elementor-section-boxed elementor-section-height-default elementor-section-height-default\" data-id=\"91c3ba3\" data-element_type=\"section\" data-e-type=\"section\">\n\t\t\t\t\t\t<div class=\"elementor-container elementor-column-gap-default\">\n\t\t\t\t\t<div class=\"elementor-column elementor-col-100 elementor-top-column elementor-element elementor-element-9bbbc8b\" data-id=\"9bbbc8b\" data-element_type=\"column\" data-e-type=\"column\">\n\t\t\t<div class=\"elementor-widget-wrap elementor-element-populated\">\n\t\t\t\t\t\t<div class=\"elementor-element elementor-element-6edf54c elementor-widget elementor-widget-heading\" data-id=\"6edf54c\" data-element_type=\"widget\" data-e-type=\"widget\" data-widget_type=\"heading.default\">\n\t\t\t\t<div class=\"elementor-widget-container\">\n\t\t\t\t\t<h5 class=\"elementor-heading-title elementor-size-default\">2019. m\u00e1rcius 31 \u2013 \u00e1prilis 06.<\/h5>\t\t\t\t<\/div>\n\t\t\t\t<\/div>\n\t\t\t\t\t<\/div>\n\t\t<\/div>\n\t\t\t\t\t<\/div>\n\t\t<\/section>\n\t\t\t\t<section class=\"elementor-section elementor-top-section elementor-element elementor-element-29dc43b elementor-section-boxed elementor-section-height-default elementor-section-height-default\" data-id=\"29dc43b\" data-element_type=\"section\" data-e-type=\"section\">\n\t\t\t\t\t\t<div class=\"elementor-container elementor-column-gap-default\">\n\t\t\t\t\t<div class=\"elementor-column elementor-col-100 elementor-top-column elementor-element elementor-element-6581044\" data-id=\"6581044\" data-element_type=\"column\" data-e-type=\"column\">\n\t\t\t<div class=\"elementor-widget-wrap elementor-element-populated\">\n\t\t\t\t\t\t<div class=\"elementor-element elementor-element-760ee67 elementor-widget elementor-widget-heading\" data-id=\"760ee67\" data-element_type=\"widget\" data-e-type=\"widget\" data-widget_type=\"heading.default\">\n\t\t\t\t<div class=\"elementor-widget-container\">\n\t\t\t\t\t<h5 class=\"elementor-heading-title elementor-size-default\">Utaz\u00e1s a mes\u00e9s Sevill\u00e1ba!<\/h5>\t\t\t\t<\/div>\n\t\t\t\t<\/div>\n\t\t\t\t\t<\/div>\n\t\t<\/div>\n\t\t\t\t\t<\/div>\n\t\t<\/section>\n\t\t\t\t<section class=\"elementor-section elementor-top-section elementor-element elementor-element-7afe67f elementor-section-boxed elementor-section-height-default elementor-section-height-default\" data-id=\"7afe67f\" data-element_type=\"section\" data-e-type=\"section\">\n\t\t\t\t\t\t<div class=\"elementor-container elementor-column-gap-default\">\n\t\t\t\t\t<div class=\"elementor-column elementor-col-100 elementor-top-column elementor-element elementor-element-e8f35bb\" data-id=\"e8f35bb\" data-element_type=\"column\" data-e-type=\"column\">\n\t\t\t<div class=\"elementor-widget-wrap elementor-element-populated\">\n\t\t\t\t\t\t<div class=\"elementor-element elementor-element-4b60fbb elementor-widget elementor-widget-spacer\" data-id=\"4b60fbb\" data-element_type=\"widget\" data-e-type=\"widget\" data-widget_type=\"spacer.default\">\n\t\t\t\t<div class=\"elementor-widget-container\">\n\t\t\t\t\t\t\t<div class=\"elementor-spacer\">\n\t\t\t<div class=\"elementor-spacer-inner\"><\/div>\n\t\t<\/div>\n\t\t\t\t\t\t<\/div>\n\t\t\t\t<\/div>\n\t\t\t\t\t<\/div>\n\t\t<\/div>\n\t\t\t\t\t<\/div>\n\t\t<\/section>\n\t\t\t\t<section class=\"elementor-section elementor-top-section elementor-element elementor-element-796871a6 elementor-section-boxed elementor-section-height-default elementor-section-height-default\" data-id=\"796871a6\" data-element_type=\"section\" data-e-type=\"section\">\n\t\t\t\t\t\t<div class=\"elementor-container elementor-column-gap-default\">\n\t\t\t\t\t<div class=\"elementor-column elementor-col-100 elementor-top-column elementor-element elementor-element-44ea19f0\" data-id=\"44ea19f0\" data-element_type=\"column\" data-e-type=\"column\">\n\t\t\t<div class=\"elementor-widget-wrap elementor-element-populated\">\n\t\t\t\t\t\t<div class=\"elementor-element elementor-element-44dc04fb elementor-widget elementor-widget-text-editor\" data-id=\"44dc04fb\" data-element_type=\"widget\" data-e-type=\"widget\" data-widget_type=\"text-editor.default\">\n\t\t\t\t<div class=\"elementor-widget-container\">\n\t\t\t\t\t\t\t\t\t<p><\/p>\n<p>2019. m\u00e1rcius 31-\u00e9n a 10. A oszt\u00e1lyb\u00f3l Spanyolorsz\u00e1gba utaztunk n\u00e9gyen az Erasmus+ program szervez\u00e9s\u00e9ben. H\u00e1rom tan\u00e1r k\u00eds\u00e9ret\u00e9vel. 6 napot t\u00f6lt\u00f6tt\u00fcnk a fogad\u00f3inkn\u00e1l Dos Hermanas v\u00e1ros\u00e1ban.<\/p>\n<p><\/p>\n<p><\/p>\n<p>Vend\u00e9gl\u00e1t\u00f3ink k\u00f6z\u00e9piskol\u00e1s di\u00e1kok \u00e9s sz\u00fcleik, nagy k\u00f6r\u00fcltekint\u00e9ssel, szeretettel seg\u00edtett\u00e9k beilleszked\u00e9s\u00fcnket az \u00faj, egzotikus k\u00f6rnyezetbe.<\/p>\n<p><\/p>\n<p><\/p>\n<p>Els\u0151 napon a gy\u00f6ny\u00f6r\u0171 Sevill\u00e1t j\u00e1rtuk k\u00f6rbe egy biciklit\u00fara keret\u00e9ben, illetve megismert\u00fck fogad\u00f3 iskol\u00e1nkat. Megl\u00e1togattuk a Plaza de Espana-t \u00e9s a Town Hall-t.<\/p>\n<p><\/p>\n<p><\/p>\n<p>M\u00e1sodik nap az orsz\u00e1gunk n\u00e9pszer\u0171 sportjait mutattuk be a program t\u00f6bbi r\u00e9sztvev\u0151inek a helyi sportcenterben.<\/p>\n<p><\/p>\n<p><\/p>\n<p>Szerd\u00e1n egy prezent\u00e1ci\u00f3t l\u00e1thattunk a v\u00e1rosr\u00f3l, majd k\u00e9s\u0151bb gyalog bej\u00e1rtuk az eml\u00edtett helyeket. K\u00e9s\u0151bb flamenco t\u00e1nccal kedveskedtek nek\u00fcnk, majd megcsod\u00e1ltuk a Sz\u0171z M\u00e1ria katedr\u00e1list \u00e9s a Los Reales Alc\u00e1zeres Palace-t.<\/p>\n<p><\/p>\n<p><\/p>\n<p>P\u00e9nteken cirkuszi gyakorlatokat v\u00e9gezhett\u00fcnk akrobat\u00e1k seg\u00edts\u00e9g\u00e9vel, majd k\u00f6z\u00f6sen eb\u00e9delt\u00fcnk, ekkor siker\u00fclt meg\u00edzleln\u00fcnk a spanyol gasztron\u00f3mia remekeit. Hazautaz\u00e1sunkkor, m\u00e9g k\u00f6rbej\u00e1rtuk Malag\u00e1t egy buszos kir\u00e1ndul\u00e1s keret\u00e9ben. Megtudtuk, hogy itt \u00e9lt a h\u00edres spanyol k\u00e9pz\u0151m\u0171v\u00e9sz, \u00edr\u00f3 Pablo Picasso.<\/p>\n<p><\/p>\n<p><\/p>\n<p>\u00c9lm\u00e9nyekkel telve \u00e9rkezt\u00fcnk haza, k\u00f6sz\u00f6nj\u00fck a projekt szervez\u0151inek, s az iskol\u00e1nak a lehet\u0151s\u00e9get!<\/p>\n<p><\/p>\n<p><\/p>\n<p>A r\u00e9sztvev\u0151 di\u00e1kok:<\/p>\n<p><\/p>\n<p><\/p>\n<p>L\u00e1z\u00e1r Nikoletta 10\/A<\/p>\n<p><\/p>\n<p><\/p>\n<p>T\u00f6r\u00f6k Fanni 10\/A<\/p>\n<p><\/p>\n<p><\/p>\n<p>V\u00f6r\u00f6s Ad\u00e9l R\u00f3zsa 10\/A<\/p>\n<p><\/p>\n<p><\/p>\n<p>Fekete Patrik Lajos 10\/A<\/p>\n<p><\/p>\n<p><\/p>\n<p>A felk\u00e9sz\u00edt\u0151 \u00e9s k\u00eds\u00e9r\u0151 tan\u00e1rok:<\/p>\n<p><\/p>\n<p><\/p>\n<p>V\u00e1rfalvin\u00e9 Vincze \u00c1gnes<\/p>\n<p><\/p>\n<p><\/p>\n<p>Erd\u00e9lyi Lajosn\u00e9<\/p>\n<p><\/p>\n<p><\/p>\n<p>Zsilinszki-Kutasi Ang\u00e9la<\/p>\n<p><\/p>\n<p><\/p>\n<p>Tanul\u00f3ink performance bemutat\u00f3j\u00e1nak vide\u00f3 felv\u00e9tele:<\/p>\n<p><\/p>\t\t\t\t\t\t\t\t<\/div>\n\t\t\t\t<\/div>\n\t\t\t\t\t<\/div>\n\t\t<\/div>\n\t\t\t\t\t<\/div>\n\t\t<\/section>\n\t\t\t\t<section class=\"elementor-section elementor-top-section elementor-element elementor-element-eb16a89 elementor-section-boxed elementor-section-height-default elementor-section-height-default\" data-id=\"eb16a89\" data-element_type=\"section\" data-e-type=\"section\">\n\t\t\t\t\t\t<div class=\"elementor-container elementor-column-gap-default\">\n\t\t\t\t\t<div class=\"elementor-column elementor-col-100 elementor-top-column elementor-element elementor-element-3aa3893\" data-id=\"3aa3893\" data-element_type=\"column\" data-e-type=\"column\">\n\t\t\t<div class=\"elementor-widget-wrap elementor-element-populated\">\n\t\t\t\t\t\t<div class=\"elementor-element elementor-element-4342772 elementor-widget elementor-widget-video\" data-id=\"4342772\" data-element_type=\"widget\" data-e-type=\"widget\" data-settings=\"{&quot;youtube_url&quot;:&quot;https:\\\/\\\/youtu.be\\\/LO-w7C3ZouE&quot;,&quot;video_type&quot;:&quot;youtube&quot;,&quot;controls&quot;:&quot;yes&quot;}\" data-widget_type=\"video.default\">\n\t\t\t\t<div class=\"elementor-widget-container\">\n\t\t\t\t\t\t\t<div class=\"elementor-wrapper elementor-open-inline\">\n\t\t\t<div class=\"elementor-video\"><\/div>\t\t<\/div>\n\t\t\t\t\t\t<\/div>\n\t\t\t\t<\/div>\n\t\t\t\t\t<\/div>\n\t\t<\/div>\n\t\t\t\t\t<\/div>\n\t\t<\/section>\n\t\t\t\t<section class=\"elementor-section elementor-top-section elementor-element elementor-element-5c6a444 elementor-section-boxed elementor-section-height-default elementor-section-height-default\" data-id=\"5c6a444\" data-element_type=\"section\" data-e-type=\"section\">\n\t\t\t\t\t\t<div class=\"elementor-container elementor-column-gap-default\">\n\t\t\t\t\t<div class=\"elementor-column elementor-col-100 elementor-top-column elementor-element elementor-element-e5c577f\" data-id=\"e5c577f\" data-element_type=\"column\" data-e-type=\"column\">\n\t\t\t<div class=\"elementor-widget-wrap elementor-element-populated\">\n\t\t\t\t\t\t<div class=\"elementor-element elementor-element-be38d80 elementor-widget elementor-widget-text-editor\" data-id=\"be38d80\" data-element_type=\"widget\" data-e-type=\"widget\" data-widget_type=\"text-editor.default\">\n\t\t\t\t<div class=\"elementor-widget-container\">\n\t\t\t\t\t\t\t\t\t<div id=\"grid-gallery-11-47192\" data-gg-id=\"11\" data-title=\"Erasmus+ KA2 \u2013 Spanyolorsz\u00e1g 2019\" data-grid-type=\"0\" data-offset=\"5.3\" data-area-position=\"center\" data-icons=\"\" data-preloader=\"true\" data-width=\"215\" data-height=\"215\" data-padding=\"0\" data-quicksand=\"disabled\" data-quicksand-duration=\"1800\" data-popup-theme=\"theme_6\" data-popup-type=\"pretty-photo\" data-popup-image-text=\"data-description\" data-popup-widthsize=\"auto\" data-popup-heightsize=\"auto\" data-popup-i18n-words=\"{&quot;close&quot;:&quot;close&quot;,&quot;next&quot;:&quot;next&quot;,&quot;previous&quot;:&quot;previous&quot;,&quot;start_slideshow&quot;:&quot;start slideshow&quot;,&quot;stop_slideshow&quot;:&quot;stop slideshow&quot;,&quot;image&quot;:&quot;image&quot;,&quot;of&quot;:&quot;of&quot;,&quot;prev&quot;:&quot;prev&quot;,&quot;cExpand&quot;:&quot;Expand&quot;,&quot;cPrevious&quot;:&quot;Previous&quot;,&quot;cNext&quot;:&quot;Next&quot;,&quot;cExpandStr&quot;:&quot;Expand the image&quot;,&quot;cRotate&quot;:&quot;Rotate&quot;,&quot;cDetails&quot;:&quot;Details&quot;}\" data-popup-slideshow=\"false\" data-popup-slideshow-speed=\"2500\" data-popup-hoverstop=\"true\" data-popup-slideshow-auto=\"false\" data-popup-background=\"\" data-popup-transparency=\"30\" data-popup-disable-history=\"\" data-popup-disable-changed-url=\"\" data-popup-border-type=\"\" data-popup-border-color=\"\" data-popup-border-width=\"\" data-popup-border-enable=\"\" data-fullscreen=\"false\" data-hide-tooltip=\"false\" data-caption-font-family=\"Default\" data-caption-text-size=\"140\" data-is-mobile=\"0\" data-caption-mobile=\"false\" data-hide-long-tltp-title=\"0\" data-caption-disabled-on-mobile=\"false\" data-popup-placement-type=\"0\" data-social-sharing=\"{&quot;enabled&quot;:&quot;&quot;,&quot;gallerySharing&quot;:{&quot;enabled&quot;:null,&quot;position&quot;:null},&quot;imageSharing&quot;:{&quot;enabled&quot;:null,&quot;wrapperClass&quot;:&quot; vertical &quot;},&quot;popupSharing&quot;:{&quot;enabled&quot;:null,&quot;wrapperClass&quot;:&quot; vertical &quot;}}\" class=\"grid-gallery grid-gallery-fixed \" style=\" width:100%; height:auto; margin-left:auto; margin-right:auto;position:relative;\"> <div class=\"gallery-loading\"> <div class=\"blocks\"> <div class=\"block\"><\/div> <div class=\"block\"><\/div> <div class=\"block\"><\/div> <div class=\"block\"><\/div> <\/div> <\/div> <div class=\"gallery-sharing-top\" style=\"display:none;\"> <\/div> <div id=\"photos-11\" class=\"grid-gallery-photos\"><FIGURE class=\"grid-gallery-caption\" data-grid-gallery-type=\"quarter-slide-up\" data-index=\"0\" style=\"display:none;border-radius:00;; margin:5.3px; width:2150;\" ><div class=\"crop\" style=\" width:2150; height:2150; overflow:hidden;\"><img decoding=\"async\" src=\"\/wp-content\/uploads\/2020\/05\/spain19_1-215x215.jpg\" class=\"ggImg\" alt=\"spain19_1\" title=\"spain19_1\" data-description=\"spain19_1\" data-caption=\"spain19_1\" data-title=\"spain19_1\" style=\" width:215px; height:215px;\" \/><\/div><FIGCAPTION class=\"\" data-alpha=\"5\" style=\"color:#ffffff; background-color:#6f0000; font-size:140; text-align:2; font-family:Default;\" ><div class=\"grid-gallery-figcaption-wrap\" style=\"\"><\/div><\/FIGCAPTION><\/FIGURE><FIGURE class=\"grid-gallery-caption\" data-grid-gallery-type=\"quarter-slide-up\" data-index=\"1\" style=\"display:none;border-radius:00;; margin:5.3px; width:2150;\" ><div class=\"crop\" style=\" width:2150; height:2150; overflow:hidden;\"><img decoding=\"async\" src=\"\/wp-content\/uploads\/2020\/05\/spain19_2-215x215.jpg\" class=\"ggImg\" alt=\"spain19_2\" title=\"spain19_2\" data-description=\"spain19_2\" data-caption=\"spain19_2\" data-title=\"spain19_2\" style=\" width:215px; height:215px;\" \/><\/div><FIGCAPTION class=\"\" data-alpha=\"5\" style=\"color:#ffffff; background-color:#6f0000; font-size:140; text-align:2; font-family:Default;\" ><div class=\"grid-gallery-figcaption-wrap\" style=\"\"><\/div><\/FIGCAPTION><\/FIGURE><FIGURE class=\"grid-gallery-caption\" data-grid-gallery-type=\"quarter-slide-up\" data-index=\"2\" style=\"display:none;border-radius:00;; margin:5.3px; width:2150;\" ><div class=\"crop\" style=\" width:2150; height:2150; overflow:hidden;\"><img decoding=\"async\" src=\"\/wp-content\/uploads\/2020\/05\/spain19_3-215x215.jpg\" class=\"ggImg\" alt=\"spain19_3\" title=\"spain19_3\" data-description=\"spain19_3\" data-caption=\"spain19_3\" data-title=\"spain19_3\" style=\" width:215px; height:215px;\" \/><\/div><FIGCAPTION class=\"\" data-alpha=\"5\" style=\"color:#ffffff; background-color:#6f0000; font-size:140; text-align:2; font-family:Default;\" ><div class=\"grid-gallery-figcaption-wrap\" style=\"\"><\/div><\/FIGCAPTION><\/FIGURE><FIGURE class=\"grid-gallery-caption\" data-grid-gallery-type=\"quarter-slide-up\" data-index=\"3\" style=\"display:none;border-radius:00;; margin:5.3px; width:2150;\" ><div class=\"crop\" style=\" width:2150; height:2150; overflow:hidden;\"><img decoding=\"async\" src=\"\/wp-content\/uploads\/2020\/05\/spain19_4-215x215.jpg\" class=\"ggImg\" alt=\"spain19_4\" title=\"spain19_4\" data-description=\"spain19_4\" data-caption=\"spain19_4\" data-title=\"spain19_4\" style=\" width:215px; height:215px;\" \/><\/div><FIGCAPTION class=\"\" data-alpha=\"5\" style=\"color:#ffffff; background-color:#6f0000; font-size:140; text-align:2; font-family:Default;\" ><div class=\"grid-gallery-figcaption-wrap\" style=\"\"><\/div><\/FIGCAPTION><\/FIGURE><FIGURE class=\"grid-gallery-caption\" data-grid-gallery-type=\"quarter-slide-up\" data-index=\"4\" style=\"display:none;border-radius:00;; margin:5.3px; width:2150;\" ><div class=\"crop\" style=\" width:2150; height:2150; overflow:hidden;\"><img decoding=\"async\" src=\"\/wp-content\/uploads\/2020\/05\/spain19_5-215x215.jpg\" class=\"ggImg\" alt=\"spain19_5\" title=\"spain19_5\" data-description=\"spain19_5\" data-caption=\"spain19_5\" data-title=\"spain19_5\" style=\" width:215px; height:215px;\" \/><\/div><FIGCAPTION class=\"\" data-alpha=\"5\" style=\"color:#ffffff; background-color:#6f0000; font-size:140; text-align:2; font-family:Default;\" ><div class=\"grid-gallery-figcaption-wrap\" style=\"\"><\/div><\/FIGCAPTION><\/FIGURE><FIGURE class=\"grid-gallery-caption\" data-grid-gallery-type=\"quarter-slide-up\" data-index=\"5\" style=\"display:none;border-radius:00;; margin:5.3px; width:2150;\" ><div class=\"crop\" style=\" width:2150; height:2150; overflow:hidden;\"><img decoding=\"async\" src=\"\/wp-content\/uploads\/2020\/05\/spain19_6-215x215.jpg\" class=\"ggImg\" alt=\"spain19_6\" title=\"spain19_6\" data-description=\"spain19_6\" data-caption=\"spain19_6\" data-title=\"spain19_6\" style=\" width:215px; height:215px;\" \/><\/div><FIGCAPTION class=\"\" data-alpha=\"5\" style=\"color:#ffffff; background-color:#6f0000; font-size:140; text-align:2; font-family:Default;\" ><div class=\"grid-gallery-figcaption-wrap\" style=\"\"><\/div><\/FIGCAPTION><\/FIGURE><FIGURE class=\"grid-gallery-caption\" data-grid-gallery-type=\"quarter-slide-up\" data-index=\"6\" style=\"display:none;border-radius:00;; margin:5.3px; width:2150;\" ><div class=\"crop\" style=\" width:2150; height:2150; overflow:hidden;\"><img decoding=\"async\" src=\"\/wp-content\/uploads\/2020\/05\/spain19_7-215x215.jpg\" class=\"ggImg\" alt=\"spain19_7\" title=\"spain19_7\" data-description=\"spain19_7\" data-caption=\"spain19_7\" data-title=\"spain19_7\" style=\" width:215px; height:215px;\" \/><\/div><FIGCAPTION class=\"\" data-alpha=\"5\" style=\"color:#ffffff; background-color:#6f0000; font-size:140; text-align:2; font-family:Default;\" ><div class=\"grid-gallery-figcaption-wrap\" style=\"\"><\/div><\/FIGCAPTION><\/FIGURE><FIGURE class=\"grid-gallery-caption\" data-grid-gallery-type=\"quarter-slide-up\" data-index=\"7\" style=\"display:none;border-radius:00;; margin:5.3px; width:2150;\" ><div class=\"crop\" style=\" width:2150; height:2150; overflow:hidden;\"><img decoding=\"async\" src=\"\/wp-content\/uploads\/2020\/05\/spain19_8-215x215.jpg\" class=\"ggImg\" alt=\"spain19_8\" title=\"spain19_8\" data-description=\"spain19_8\" data-caption=\"spain19_8\" data-title=\"spain19_8\" style=\" width:215px; height:215px;\" \/><\/div><FIGCAPTION class=\"\" data-alpha=\"5\" style=\"color:#ffffff; background-color:#6f0000; font-size:140; text-align:2; font-family:Default;\" ><div class=\"grid-gallery-figcaption-wrap\" style=\"\"><\/div><\/FIGCAPTION><\/FIGURE> <div class=\"grid-gallery-clearfix\"><\/div> <\/div> <div class=\"gallery-sharing-bottom\" style=\"display:none;\"> <\/div> <div class=\"gallery-sharing-image\" style=\"display:none;\"> <\/div> <div class=\"gallery-sharing-popup\" style=\"display:none;\"> <\/div> <div class=\"grid-gallery-clearfix\"><\/div> <\/div> <!-- Gallery by Supsystic plugin1.16.0 --><a title=\"Best WordPress Gallery Plugin\" style=\"display:none;\" href=\"https:\/\/supsystic.com\/plugins\/photo-gallery\/?utm_medium=love_link\" target=\"_blank\">Best WordPress Gallery Plugin<\/a>\t\t\t\t\t\t\t\t<\/div>\n\t\t\t\t<\/div>\n\t\t\t\t\t<\/div>\n\t\t<\/div>\n\t\t\t\t\t<\/div>\n\t\t<\/section>\n\t\t\t\t<\/div>\n\t\t","protected":false},"excerpt":{"rendered":"<p>Erasmus+ KA2 \u2013 Spanyolorsz\u00e1g \u201eEnjoy the School\u201d Spanyolorsz\u00e1gi projekttal\u00e1lkoz\u00f3 2019. m\u00e1rcius 31 \u2013 \u00e1prilis 06. Utaz\u00e1s a mes\u00e9s Sevill\u00e1ba! 2019. m\u00e1rcius 31-\u00e9n a 10. A oszt\u00e1lyb\u00f3l Spanyolorsz\u00e1gba utaztunk n\u00e9gyen az Erasmus+ program szervez\u00e9s\u00e9ben. H\u00e1rom tan\u00e1r k\u00eds\u00e9ret\u00e9vel. 6 napot t\u00f6lt\u00f6tt\u00fcnk a fogad\u00f3inkn\u00e1l Dos Hermanas v\u00e1ros\u00e1ban. Vend\u00e9gl\u00e1t\u00f3ink k\u00f6z\u00e9piskol\u00e1s di\u00e1kok \u00e9s sz\u00fcleik, nagy k\u00f6r\u00fcltekint\u00e9ssel, szeretettel seg\u00edtett\u00e9k beilleszked\u00e9s\u00fcnket az [&hellip;]<\/p>\n","protected":false},"author":4,"featured_media":0,"parent":0,"menu_order":0,"comment_status":"closed","ping_status":"closed","template":"","meta":{"footnotes":""},"class_list":["post-965","page","type-page","status-publish","hentry"],"_links":{"self":[{"href":"\/index.php\/wp-json\/wp\/v2\/pages\/965","targetHints":{"allow":["GET"]}}],"collection":[{"href":"\/index.php\/wp-json\/wp\/v2\/pages"}],"about":[{"href":"\/index.php\/wp-json\/wp\/v2\/types\/page"}],"author":[{"embeddable":true,"href":"\/index.php\/wp-json\/wp\/v2\/users\/4"}],"replies":[{"embeddable":true,"href":"\/index.php\/wp-json\/wp\/v2\/comments?post=965"}],"version-history":[{"count":6,"href":"\/index.php\/wp-json\/wp\/v2\/pages\/965\/revisions"}],"predecessor-version":[{"id":13945,"href":"\/index.php\/wp-json\/wp\/v2\/pages\/965\/revisions\/13945"}],"wp:attachment":[{"href":"\/index.php\/wp-json\/wp\/v2\/media?parent=965"}],"curies":[{"name":"wp","href":"https:\/\/api.w.org\/{rel}","templated":true}]}}