{"id":951,"date":"2020-05-18T09:24:54","date_gmt":"2020-05-18T08:24:54","guid":{"rendered":"\/?page_id=951"},"modified":"2020-05-18T09:28:15","modified_gmt":"2020-05-18T08:28:15","slug":"erasmus-ka219-olaszorszag-szicilia-2018","status":"publish","type":"page","link":"\/index.php\/erasmus-ka219-olaszorszag-szicilia-2018\/","title":{"rendered":"Erasmus+ KA219 \u2013 Olaszorsz\u00e1g \u2013 Szic\u00edlia 2018"},"content":{"rendered":"\t\t<div data-elementor-type=\"wp-page\" data-elementor-id=\"951\" class=\"elementor elementor-951\" data-elementor-post-type=\"page\">\n\t\t\t\t\t\t<section class=\"elementor-section elementor-top-section elementor-element elementor-element-7e5b61c elementor-section-boxed elementor-section-height-default elementor-section-height-default\" data-id=\"7e5b61c\" data-element_type=\"section\" data-e-type=\"section\">\n\t\t\t\t\t\t<div class=\"elementor-container elementor-column-gap-default\">\n\t\t\t\t\t<div class=\"elementor-column elementor-col-100 elementor-top-column elementor-element elementor-element-9f6ded1\" data-id=\"9f6ded1\" data-element_type=\"column\" data-e-type=\"column\">\n\t\t\t<div class=\"elementor-widget-wrap elementor-element-populated\">\n\t\t\t\t\t\t<div class=\"elementor-element elementor-element-fd99583 elementor-widget elementor-widget-heading\" data-id=\"fd99583\" data-element_type=\"widget\" data-e-type=\"widget\" data-widget_type=\"heading.default\">\n\t\t\t\t<div class=\"elementor-widget-container\">\n\t\t\t\t\t<h5 class=\"elementor-heading-title elementor-size-default\">Erasmus+ KA219 \u2013 Olaszorsz\u00e1g \u2013 Szic\u00edlia<\/h5>\t\t\t\t<\/div>\n\t\t\t\t<\/div>\n\t\t\t\t\t<\/div>\n\t\t<\/div>\n\t\t\t\t\t<\/div>\n\t\t<\/section>\n\t\t\t\t<section class=\"elementor-section elementor-top-section elementor-element elementor-element-4f44905 elementor-section-boxed elementor-section-height-default elementor-section-height-default\" data-id=\"4f44905\" data-element_type=\"section\" data-e-type=\"section\">\n\t\t\t\t\t\t<div class=\"elementor-container elementor-column-gap-default\">\n\t\t\t\t\t<div class=\"elementor-column elementor-col-100 elementor-top-column elementor-element elementor-element-eec974b\" data-id=\"eec974b\" data-element_type=\"column\" data-e-type=\"column\">\n\t\t\t<div class=\"elementor-widget-wrap elementor-element-populated\">\n\t\t\t\t\t\t<div class=\"elementor-element elementor-element-ea74ac9 elementor-widget elementor-widget-heading\" data-id=\"ea74ac9\" data-element_type=\"widget\" data-e-type=\"widget\" data-widget_type=\"heading.default\">\n\t\t\t\t<div class=\"elementor-widget-container\">\n\t\t\t\t\t<h5 class=\"elementor-heading-title elementor-size-default\">\u201eEnjoy the School\u201d<\/h5>\t\t\t\t<\/div>\n\t\t\t\t<\/div>\n\t\t\t\t\t<\/div>\n\t\t<\/div>\n\t\t\t\t\t<\/div>\n\t\t<\/section>\n\t\t\t\t<section class=\"elementor-section elementor-top-section elementor-element elementor-element-0a07e01 elementor-section-boxed elementor-section-height-default elementor-section-height-default\" data-id=\"0a07e01\" data-element_type=\"section\" data-e-type=\"section\">\n\t\t\t\t\t\t<div class=\"elementor-container elementor-column-gap-default\">\n\t\t\t\t\t<div class=\"elementor-column elementor-col-100 elementor-top-column elementor-element elementor-element-e5d20e0\" data-id=\"e5d20e0\" data-element_type=\"column\" data-e-type=\"column\">\n\t\t\t<div class=\"elementor-widget-wrap elementor-element-populated\">\n\t\t\t\t\t\t<div class=\"elementor-element elementor-element-2a6aa18 elementor-widget elementor-widget-heading\" data-id=\"2a6aa18\" data-element_type=\"widget\" data-e-type=\"widget\" data-widget_type=\"heading.default\">\n\t\t\t\t<div class=\"elementor-widget-container\">\n\t\t\t\t\t<h5 class=\"elementor-heading-title elementor-size-default\">Olaszorsz\u00e1gi projekttal\u00e1lkoz\u00f3<\/h5>\t\t\t\t<\/div>\n\t\t\t\t<\/div>\n\t\t\t\t\t<\/div>\n\t\t<\/div>\n\t\t\t\t\t<\/div>\n\t\t<\/section>\n\t\t\t\t<section class=\"elementor-section elementor-top-section elementor-element elementor-element-5e29432 elementor-section-boxed elementor-section-height-default elementor-section-height-default\" data-id=\"5e29432\" data-element_type=\"section\" data-e-type=\"section\">\n\t\t\t\t\t\t<div class=\"elementor-container elementor-column-gap-default\">\n\t\t\t\t\t<div class=\"elementor-column elementor-col-100 elementor-top-column elementor-element elementor-element-538ba44\" data-id=\"538ba44\" data-element_type=\"column\" data-e-type=\"column\">\n\t\t\t<div class=\"elementor-widget-wrap elementor-element-populated\">\n\t\t\t\t\t\t<div class=\"elementor-element elementor-element-6bd448c elementor-widget elementor-widget-heading\" data-id=\"6bd448c\" data-element_type=\"widget\" data-e-type=\"widget\" data-widget_type=\"heading.default\">\n\t\t\t\t<div class=\"elementor-widget-container\">\n\t\t\t\t\t<h5 class=\"elementor-heading-title elementor-size-default\">2018.11.26-12.01.<\/h5>\t\t\t\t<\/div>\n\t\t\t\t<\/div>\n\t\t\t\t\t<\/div>\n\t\t<\/div>\n\t\t\t\t\t<\/div>\n\t\t<\/section>\n\t\t\t\t<section class=\"elementor-section elementor-top-section elementor-element elementor-element-66c3703d elementor-section-boxed elementor-section-height-default elementor-section-height-default\" data-id=\"66c3703d\" data-element_type=\"section\" data-e-type=\"section\">\n\t\t\t\t\t\t<div class=\"elementor-container elementor-column-gap-default\">\n\t\t\t\t\t<div class=\"elementor-column elementor-col-100 elementor-top-column elementor-element elementor-element-5e0f5d7e\" data-id=\"5e0f5d7e\" data-element_type=\"column\" data-e-type=\"column\">\n\t\t\t<div class=\"elementor-widget-wrap elementor-element-populated\">\n\t\t\t\t\t\t<div class=\"elementor-element elementor-element-783b3002 elementor-widget elementor-widget-text-editor\" data-id=\"783b3002\" data-element_type=\"widget\" data-e-type=\"widget\" data-widget_type=\"text-editor.default\">\n\t\t\t\t<div class=\"elementor-widget-container\">\n\t\t\t\t\t\t\t\t\t<p><\/p>\n<p><\/p>\n<p><\/p>\n<p><\/p>\n<p><\/p>\n<p>2018.11.26 -12. 01. k\u00f6z\u00f6tt az Erasmus+ KA219 Enjoy the School projekt keret\u00e9ben Szic\u00edli\u00e1ba utaztam oszt\u00e1lyom h\u00e1rom tanul\u00f3j\u00e1val \u00e9s k\u00eds\u00e9r\u0151 tan\u00e1raimmal. Patern\u00f3 v\u00e1ros\u00e1ban t\u00f6lt\u00f6tt\u00fcnk el egy hetet csod\u00e1latos term\u00e9szeti k\u00f6rnyezetben, meghitt csal\u00e1di l\u00e9gk\u00f6rben.<\/p>\n<p><\/p>\n<p><\/p>\n<p>Az egy h\u00e9t alatt 5 orsz\u00e1g tanul\u00f3ival (szic\u00edliai, spanyol, finn, t\u00f6r\u00f6k, holland) ismerkedt\u00fcnk meg, k\u00f6t\u00f6tt\u00fcnk szoros bar\u00e1ts\u00e1got, s val\u00f3s\u00edtottunk meg k\u00f6z\u00f6s projektfeladatot.<\/p>\n<p><\/p>\n<p><\/p>\n<p>T\u00f6bbek k\u00f6z\u00f6tt a nem nyelvi kifejez\u00e9sm\u00f3dok soksz\u00edn\u0171s\u00e9g\u00e9t ismert\u00fck meg a k\u00f6z\u00f6s el\u0151ad\u00e1sokon, majd a k\u00e1ros szenved\u00e9lyekr\u0151l k\u00e9sz\u00edtett\u00fcnk egy-egy kisel\u0151ad\u00e1st. A patern\u00f3i k\u00f6z\u00e9piskola laborat\u00f3rium\u00e1ban fizikai, k\u00e9miai k\u00eds\u00e9rletek szemtan\u00fai lehett\u00fcnk. J\u00f3 hangulat\u00fa jelentekben mutattuk be az egyes nemzetekre jellemz\u0151 \u00e9lethelyzeteket.<\/p>\n<p><\/p>\n<p><\/p>\n<p>Megl\u00e1togattuk Patern\u00f3 nevezetess\u00e9geit, a csoporttal flashmob t\u00e1ncot k\u00e9sz\u00edtett\u00fcnk, melyet a f\u0151t\u00e9ren adtunk el\u0151. M\u00e1snap Catania v\u00e1ros\u00e1ba utaztunk, ahol megtekintett\u00fcnk egy csillagvizsg\u00e1l\u00f3t \u00e9s egy vulk\u00e1nm\u00fazeumot. A programok koron\u00e1jak\u00e9nt az Etna nev\u0171, h\u00f3f\u00f6dte vulk\u00e1n egy r\u00e9sz\u00e9t is megh\u00f3d\u00edtottuk.<\/p>\n<p><\/p>\n<p><\/p>\n<p>A projekt szerves r\u00e9sz\u00e9t k\u00e9pezte a szic\u00edliai csal\u00e1dok \u00e9s kult\u00far\u00e1juk megismer\u00e9se. A fogad\u00f3 csal\u00e1dom kimutatta olaszos vend\u00e9gszeretet\u00e9t, elvittek Palerm\u00f3ba, a f\u0151v\u00e1rosba, megismertettek t\u00e1gabb csal\u00e1dtagjaikkal egy sz\u00fclet\u00e9snapi vend\u00e9gs\u00e9g sor\u00e1n, majd gazdag aj\u00e1nd\u00e9kokkal bocs\u00e1tottak utamra.<\/p>\n<p><\/p>\n<p><\/p>\n<p>\u00c9rdekess\u00e9gek sorozat\u00e1val tal\u00e1lkoztam kinti l\u00e9tem sor\u00e1n. \u00c9szrevettem, hogy akt\u00edv t\u00e1rsadalmi \u00e9letet \u00e9lnek a szic\u00edliaiak, este 9-kor rendszeresen elmennek bar\u00e1taikkal \u00e9tterembe vacsor\u00e1zni, ahol t\u00f6bbfog\u00e1sos z\u00f6lds\u00e9g- \u00e9s t\u00e9sztaalap\u00fa \u00e9teleket fogyasztanak. Volt szerencs\u00e9m k\u00fcl\u00f6nlegess\u00e9gekhez, mint p\u00e9ld\u00e1ul az arnchinihez, magyarul rizsgomb\u00f3choz, a tenger gy\u00fcm\u00f6lcseihez, egzotikus sal\u00e1t\u00e1khoz, s kocsiker\u00e9k nagys\u00e1g\u00fa r\u00e1kfelt\u00e9tes pizz\u00e1hoz.<\/p>\n<p><\/p>\n<p><\/p>\n<p>\u00a0Reggel 9 \u00f3rakor kezd\u0151d\u00f6tt az iskola \u00e9s legfeljebb kett\u0151ig tartott. A d\u00e9lut\u00e1ni \u00f3r\u00e1kban szieszt\u00e1znak az emberek, ami relax\u00e1l\u00e1st, hosszas eb\u00e9del\u00e9st jelent, term\u00e9szetesen a munkahelyen k\u00edv\u00fcl, majd visszat\u00e9rve oda, ak\u00e1r este nyolcig folytatj\u00e1k a munk\u00e1t.<\/p>\n<p><\/p>\n<p><\/p>\n<p>A k\u00f6zleked\u00e9si szab\u00e1lyokat nem tartj\u00e1k be, azt mondj\u00e1k, aki Szic\u00edli\u00e1ban tud aut\u00f3t vezetni, az az ember a vil\u00e1g minden r\u00e9sz\u00e9n tud.<\/p>\n<p><\/p>\n<p><\/p>\n<p>Nagyon k\u00f6zvetlen emberek az olaszok, a p\u00e9ks\u00e9gben k\u00f3stol\u00f3t nyomnak a v\u00e1s\u00e1rl\u00f3 sz\u00e1j\u00e1ba, a piacon naranccsal, olivabogy\u00f3val k\u00edn\u00e1lnak. Hangosan nevetnek, \u00e9nekelnek az utc\u00e1n, sz\u00edvesen hozz\u00e1\u00e9rnek az idegenhez, megsz\u00f3l\u00edtj\u00e1k \u0151t.<\/p>\n<p><\/p>\n<p><\/p>\n<p>Nagyon szerencs\u00e9snek tartom magam, hogy j\u00e1rtam ebben az orsz\u00e1gban.<\/p>\n<p><\/p>\n<p><\/p>\n<p>K\u00f6sz\u00f6n\u00f6m tan\u00e1raimnak \u00e9s az iskol\u00e1nak ezt a lehet\u0151s\u00e9get, \u00e1ltala nemcsak felejthetetlen \u00e9lm\u00e9nyekhez jutottam, hanem az angol nyelvben is nagyobb j\u00e1rtass\u00e1got szereztem, k\u00f6zelebb ker\u00fclve kit\u0171z\u00f6tt c\u00e9lomhoz, az angol k\u00f6z\u00e9pfok\u00fa nyelvvizsg\u00e1hoz.<\/p>\n<p><\/p>\n<p><\/p>\n<p>L\u00e1z\u00e1r Nikoletta<\/p>\n<p><\/p>\t\t\t\t\t\t\t\t<\/div>\n\t\t\t\t<\/div>\n\t\t\t\t\t<\/div>\n\t\t<\/div>\n\t\t\t\t\t<\/div>\n\t\t<\/section>\n\t\t\t\t<section class=\"elementor-section elementor-top-section elementor-element elementor-element-d4bf25a elementor-section-boxed elementor-section-height-default elementor-section-height-default\" data-id=\"d4bf25a\" data-element_type=\"section\" data-e-type=\"section\">\n\t\t\t\t\t\t<div class=\"elementor-container elementor-column-gap-default\">\n\t\t\t\t\t<div class=\"elementor-column elementor-col-100 elementor-top-column elementor-element elementor-element-e1404ee\" data-id=\"e1404ee\" data-element_type=\"column\" data-e-type=\"column\">\n\t\t\t<div class=\"elementor-widget-wrap elementor-element-populated\">\n\t\t\t\t\t\t<div class=\"elementor-element elementor-element-f21f078 elementor-widget elementor-widget-text-editor\" data-id=\"f21f078\" data-element_type=\"widget\" data-e-type=\"widget\" data-widget_type=\"text-editor.default\">\n\t\t\t\t<div class=\"elementor-widget-container\">\n\t\t\t\t\t\t\t\t\t<div id=\"grid-gallery-10-68460\" data-gg-id=\"10\" data-title=\"Erasmus+ KA219 \u2013 Olaszorsz\u00e1g \u2013 Szic\u00edlia 2018\" data-grid-type=\"0\" data-offset=\"5.3\" data-area-position=\"center\" data-icons=\"\" data-preloader=\"true\" data-width=\"215\" data-height=\"215\" data-padding=\"0\" data-quicksand=\"disabled\" data-quicksand-duration=\"1800\" data-popup-theme=\"theme_6\" data-popup-type=\"pretty-photo\" data-popup-image-text=\"data-description\" data-popup-widthsize=\"auto\" data-popup-heightsize=\"auto\" data-popup-i18n-words=\"{&quot;close&quot;:&quot;close&quot;,&quot;next&quot;:&quot;next&quot;,&quot;previous&quot;:&quot;previous&quot;,&quot;start_slideshow&quot;:&quot;start slideshow&quot;,&quot;stop_slideshow&quot;:&quot;stop slideshow&quot;,&quot;image&quot;:&quot;image&quot;,&quot;of&quot;:&quot;of&quot;,&quot;prev&quot;:&quot;prev&quot;,&quot;cExpand&quot;:&quot;Expand&quot;,&quot;cPrevious&quot;:&quot;Previous&quot;,&quot;cNext&quot;:&quot;Next&quot;,&quot;cExpandStr&quot;:&quot;Expand the image&quot;,&quot;cRotate&quot;:&quot;Rotate&quot;,&quot;cDetails&quot;:&quot;Details&quot;}\" data-popup-slideshow=\"false\" data-popup-slideshow-speed=\"2500\" data-popup-hoverstop=\"true\" data-popup-slideshow-auto=\"false\" data-popup-background=\"\" data-popup-transparency=\"30\" data-popup-disable-history=\"\" data-popup-disable-changed-url=\"\" data-popup-border-type=\"\" data-popup-border-color=\"\" data-popup-border-width=\"\" data-popup-border-enable=\"\" data-fullscreen=\"false\" data-hide-tooltip=\"false\" data-caption-font-family=\"Default\" data-caption-text-size=\"140\" data-is-mobile=\"0\" data-caption-mobile=\"false\" data-hide-long-tltp-title=\"0\" data-caption-disabled-on-mobile=\"false\" data-popup-placement-type=\"0\" data-social-sharing=\"{&quot;enabled&quot;:&quot;&quot;,&quot;gallerySharing&quot;:{&quot;enabled&quot;:null,&quot;position&quot;:null},&quot;imageSharing&quot;:{&quot;enabled&quot;:null,&quot;wrapperClass&quot;:&quot; vertical &quot;},&quot;popupSharing&quot;:{&quot;enabled&quot;:null,&quot;wrapperClass&quot;:&quot; vertical &quot;}}\" class=\"grid-gallery grid-gallery-fixed \" style=\" width:100%; height:auto; margin-left:auto; margin-right:auto;position:relative;\"> <div class=\"gallery-loading\"> <div class=\"blocks\"> <div class=\"block\"><\/div> <div class=\"block\"><\/div> <div class=\"block\"><\/div> <div class=\"block\"><\/div> <\/div> <\/div> <div class=\"gallery-sharing-top\" style=\"display:none;\"> <\/div> <div id=\"photos-10\" class=\"grid-gallery-photos\"><FIGURE class=\"grid-gallery-caption\" data-grid-gallery-type=\"quarter-slide-up\" data-index=\"0\" style=\"display:none;border-radius:00;; margin:5.3px; width:2150;\" ><div class=\"crop\" style=\" width:2150; height:2150; overflow:hidden;\"><img decoding=\"async\" src=\"\/wp-content\/uploads\/2020\/05\/ita18_1-215x215.jpg\" class=\"ggImg\" alt=\"ita18_1\" title=\"ita18_1\" data-description=\"ita18_1\" data-caption=\"ita18_1\" data-title=\"ita18_1\" style=\" width:215px; height:215px;\" \/><\/div><FIGCAPTION class=\"\" data-alpha=\"5\" style=\"color:#ffffff; background-color:#6f0000; font-size:140; text-align:2; font-family:Default;\" ><div class=\"grid-gallery-figcaption-wrap\" style=\"\"><\/div><\/FIGCAPTION><\/FIGURE><FIGURE class=\"grid-gallery-caption\" data-grid-gallery-type=\"quarter-slide-up\" data-index=\"1\" style=\"display:none;border-radius:00;; margin:5.3px; width:2150;\" ><div class=\"crop\" style=\" width:2150; height:2150; overflow:hidden;\"><img decoding=\"async\" src=\"\/wp-content\/uploads\/2020\/05\/ita18_1-215x215.jpg\" class=\"ggImg\" alt=\"ita18_1\" title=\"ita18_1\" data-description=\"ita18_1\" data-caption=\"ita18_1\" data-title=\"ita18_1\" style=\" width:215px; height:215px;\" \/><\/div><FIGCAPTION class=\"\" data-alpha=\"5\" style=\"color:#ffffff; background-color:#6f0000; font-size:140; text-align:2; font-family:Default;\" ><div class=\"grid-gallery-figcaption-wrap\" style=\"\"><\/div><\/FIGCAPTION><\/FIGURE><FIGURE class=\"grid-gallery-caption\" data-grid-gallery-type=\"quarter-slide-up\" data-index=\"2\" style=\"display:none;border-radius:00;; margin:5.3px; width:2150;\" ><div class=\"crop\" style=\" width:2150; height:2150; overflow:hidden;\"><img decoding=\"async\" src=\"\/wp-content\/uploads\/2020\/05\/ita18_4-215x215.jpg\" class=\"ggImg\" alt=\"ita18_4\" title=\"ita18_4\" data-description=\"ita18_4\" data-caption=\"ita18_4\" data-title=\"ita18_4\" style=\" width:215px; height:215px;\" \/><\/div><FIGCAPTION class=\"\" data-alpha=\"5\" style=\"color:#ffffff; background-color:#6f0000; font-size:140; text-align:2; font-family:Default;\" ><div class=\"grid-gallery-figcaption-wrap\" style=\"\"><\/div><\/FIGCAPTION><\/FIGURE><FIGURE class=\"grid-gallery-caption\" data-grid-gallery-type=\"quarter-slide-up\" data-index=\"3\" style=\"display:none;border-radius:00;; margin:5.3px; width:2150;\" ><div class=\"crop\" style=\" width:2150; height:2150; overflow:hidden;\"><img decoding=\"async\" src=\"\/wp-content\/uploads\/2020\/05\/ita18_5-215x215.jpg\" class=\"ggImg\" alt=\"ita18_5\" title=\"ita18_5\" data-description=\"ita18_5\" data-caption=\"ita18_5\" data-title=\"ita18_5\" style=\" width:215px; height:215px;\" \/><\/div><FIGCAPTION class=\"\" data-alpha=\"5\" style=\"color:#ffffff; background-color:#6f0000; font-size:140; text-align:2; font-family:Default;\" ><div class=\"grid-gallery-figcaption-wrap\" style=\"\"><\/div><\/FIGCAPTION><\/FIGURE><FIGURE class=\"grid-gallery-caption\" data-grid-gallery-type=\"quarter-slide-up\" data-index=\"4\" style=\"display:none;border-radius:00;; margin:5.3px; width:2150;\" ><div class=\"crop\" style=\" width:2150; height:2150; overflow:hidden;\"><img decoding=\"async\" src=\"\/wp-content\/uploads\/2020\/05\/ita18_6-215x215.jpg\" class=\"ggImg\" alt=\"ita18_6\" title=\"ita18_6\" data-description=\"ita18_6\" data-caption=\"ita18_6\" data-title=\"ita18_6\" style=\" width:215px; height:215px;\" \/><\/div><FIGCAPTION class=\"\" data-alpha=\"5\" style=\"color:#ffffff; background-color:#6f0000; font-size:140; text-align:2; font-family:Default;\" ><div class=\"grid-gallery-figcaption-wrap\" style=\"\"><\/div><\/FIGCAPTION><\/FIGURE><FIGURE class=\"grid-gallery-caption\" data-grid-gallery-type=\"quarter-slide-up\" data-index=\"5\" style=\"display:none;border-radius:00;; margin:5.3px; width:2150;\" ><div class=\"crop\" style=\" width:2150; height:2150; overflow:hidden;\"><img decoding=\"async\" src=\"\/wp-content\/uploads\/2020\/05\/ita18_7-215x215.jpg\" class=\"ggImg\" alt=\"ita18_7\" title=\"ita18_7\" data-description=\"ita18_7\" data-caption=\"ita18_7\" data-title=\"ita18_7\" style=\" width:215px; height:215px;\" \/><\/div><FIGCAPTION class=\"\" data-alpha=\"5\" style=\"color:#ffffff; background-color:#6f0000; font-size:140; text-align:2; font-family:Default;\" ><div class=\"grid-gallery-figcaption-wrap\" style=\"\"><\/div><\/FIGCAPTION><\/FIGURE><FIGURE class=\"grid-gallery-caption\" data-grid-gallery-type=\"quarter-slide-up\" data-index=\"6\" style=\"display:none;border-radius:00;; margin:5.3px; width:2150;\" ><div class=\"crop\" style=\" width:2150; height:2150; overflow:hidden;\"><img decoding=\"async\" src=\"\/wp-content\/uploads\/2020\/05\/ita18_8-215x215.jpg\" class=\"ggImg\" alt=\"ita18_8\" title=\"ita18_8\" data-description=\"ita18_8\" data-caption=\"ita18_8\" data-title=\"ita18_8\" style=\" width:215px; height:215px;\" \/><\/div><FIGCAPTION class=\"\" data-alpha=\"5\" style=\"color:#ffffff; background-color:#6f0000; font-size:140; text-align:2; font-family:Default;\" ><div class=\"grid-gallery-figcaption-wrap\" style=\"\"><\/div><\/FIGCAPTION><\/FIGURE> <div class=\"grid-gallery-clearfix\"><\/div> <\/div> <div class=\"gallery-sharing-bottom\" style=\"display:none;\"> <\/div> <div class=\"gallery-sharing-image\" style=\"display:none;\"> <\/div> <div class=\"gallery-sharing-popup\" style=\"display:none;\"> <\/div> <div class=\"grid-gallery-clearfix\"><\/div> <\/div> <!-- Gallery by Supsystic plugin1.16.0 --><a title=\"Best WordPress Gallery Plugin\" style=\"display:none;\" href=\"https:\/\/supsystic.com\/plugins\/photo-gallery\/?utm_medium=love_link\" target=\"_blank\">Best WordPress Gallery Plugin<\/a>\t\t\t\t\t\t\t\t<\/div>\n\t\t\t\t<\/div>\n\t\t\t\t\t<\/div>\n\t\t<\/div>\n\t\t\t\t\t<\/div>\n\t\t<\/section>\n\t\t\t\t<\/div>\n\t\t","protected":false},"excerpt":{"rendered":"<p>Erasmus+ KA219 \u2013 Olaszorsz\u00e1g \u2013 Szic\u00edlia \u201eEnjoy the School\u201d Olaszorsz\u00e1gi projekttal\u00e1lkoz\u00f3 2018.11.26-12.01. 2018.11.26 -12. 01. k\u00f6z\u00f6tt az Erasmus+ KA219 Enjoy the School projekt keret\u00e9ben Szic\u00edli\u00e1ba utaztam oszt\u00e1lyom h\u00e1rom tanul\u00f3j\u00e1val \u00e9s k\u00eds\u00e9r\u0151 tan\u00e1raimmal. Patern\u00f3 v\u00e1ros\u00e1ban t\u00f6lt\u00f6tt\u00fcnk el egy hetet csod\u00e1latos term\u00e9szeti k\u00f6rnyezetben, meghitt csal\u00e1di l\u00e9gk\u00f6rben. Az egy h\u00e9t alatt 5 orsz\u00e1g tanul\u00f3ival (szic\u00edliai, spanyol, finn, t\u00f6r\u00f6k, [&hellip;]<\/p>\n","protected":false},"author":4,"featured_media":0,"parent":0,"menu_order":0,"comment_status":"closed","ping_status":"closed","template":"","meta":{"footnotes":""},"class_list":["post-951","page","type-page","status-publish","hentry"],"_links":{"self":[{"href":"\/index.php\/wp-json\/wp\/v2\/pages\/951","targetHints":{"allow":["GET"]}}],"collection":[{"href":"\/index.php\/wp-json\/wp\/v2\/pages"}],"about":[{"href":"\/index.php\/wp-json\/wp\/v2\/types\/page"}],"author":[{"embeddable":true,"href":"\/index.php\/wp-json\/wp\/v2\/users\/4"}],"replies":[{"embeddable":true,"href":"\/index.php\/wp-json\/wp\/v2\/comments?post=951"}],"version-history":[{"count":3,"href":"\/index.php\/wp-json\/wp\/v2\/pages\/951\/revisions"}],"predecessor-version":[{"id":964,"href":"\/index.php\/wp-json\/wp\/v2\/pages\/951\/revisions\/964"}],"wp:attachment":[{"href":"\/index.php\/wp-json\/wp\/v2\/media?parent=951"}],"curies":[{"name":"wp","href":"https:\/\/api.w.org\/{rel}","templated":true}]}}