{"id":911,"date":"2020-05-15T10:33:04","date_gmt":"2020-05-15T09:33:04","guid":{"rendered":"\/?page_id=911"},"modified":"2020-05-15T10:41:12","modified_gmt":"2020-05-15T09:41:12","slug":"erasmus-ka2-hollandia-2017","status":"publish","type":"page","link":"\/index.php\/erasmus-ka2-hollandia-2017\/","title":{"rendered":"Erasmus+ KA2 &#8211; Hollandia 2017"},"content":{"rendered":"\t\t<div data-elementor-type=\"wp-page\" data-elementor-id=\"911\" class=\"elementor elementor-911\" data-elementor-post-type=\"page\">\n\t\t\t\t\t\t<section class=\"elementor-section elementor-top-section elementor-element elementor-element-166564d8 elementor-section-boxed elementor-section-height-default elementor-section-height-default\" data-id=\"166564d8\" data-element_type=\"section\" data-e-type=\"section\">\n\t\t\t\t\t\t<div class=\"elementor-container elementor-column-gap-default\">\n\t\t\t\t\t<div class=\"elementor-column elementor-col-100 elementor-top-column elementor-element elementor-element-3451e6be\" data-id=\"3451e6be\" data-element_type=\"column\" data-e-type=\"column\">\n\t\t\t<div class=\"elementor-widget-wrap elementor-element-populated\">\n\t\t\t\t\t\t<div class=\"elementor-element elementor-element-49dc65ff elementor-widget elementor-widget-text-editor\" data-id=\"49dc65ff\" data-element_type=\"widget\" data-e-type=\"widget\" data-widget_type=\"text-editor.default\">\n\t\t\t\t<div class=\"elementor-widget-container\">\n\t\t\t\t\t\t\t\t\t\n<p>2017.<strong>&nbsp;<\/strong>november 20-24-ig&nbsp;az Erasmus+ Enjoy the school projekt keret\u00e9ben Hollandi\u00e1ban, Alm\u00e9re v\u00e1ros\u00e1ban j\u00e1rt 3 koll\u00e9ga \u2013Erd\u00e9lyi Lajosn\u00e9, Zsilinszki-Kutasi Ang\u00e9la, Eke Ibolya- tan\u00e1ri projekttal\u00e1lkoz\u00f3n.<\/p>\n\n\n\n<p>Megismerkedtek a projekt t\u00f6bbi r\u00e9sztvev\u0151 iskol\u00e1j\u00e1nak -finn, holland, spanyol, szic\u00edliai \u00e9s t\u00f6r\u00f6k- k\u00fcld\u00f6tteivel, a fogad\u00f3 iskola ny\u00fajtotta lehet\u0151s\u00e9gekkel, infrastrukt\u00far\u00e1j\u00e1val, a di\u00e1kok napirendj\u00e9vel, az iskolai oktat\u00e1s rendj\u00e9vel.<\/p>\n\n\n\n<p>A tal\u00e1lkoz\u00f3n megbesz\u00e9l\u00e9sre ker\u00fcltek a projektet \u00e9rint\u0151 f\u0151bb elvek, programok, amelyekre fel kell k\u00e9sz\u00edteni a di\u00e1kjainkat is. A k\u00f6vetkez\u0151 projekttal\u00e1lkoz\u00f3 ideje is kit\u0171z\u00e9sre ker\u00fclt.<\/p>\n\n\n\n<p>Megismerhett\u00e9k a fogad\u00f3 v\u00e1ros sportkomplexum\u00e1t, ahol minden koroszt\u00e1ly megtal\u00e1lhatja a neki megfelel\u0151 sportol\u00e1si lehet\u0151s\u00e9get, t\u00f6bbek k\u00f6z\u00f6tt uszoda, kos\u00e1rlabdap\u00e1lya, edz\u0151- \u00e9s fitnesztermek, fedett k\u00e9zilabda- \u00e9s focip\u00e1lya is tal\u00e1lhat\u00f3 itt.<\/p>\n\n\n\n<p>Belek\u00f3stolhattak a holland kult\u00far\u00e1ba, be\u00f6lt\u00f6zhettek a holland n\u00e9pviseletbe.<\/p>\n\n\n\n<p>Megn\u00e9ztek egy holland sajt\u00fczem m\u0171k\u00f6d\u00e9s\u00e9t bemutat\u00f3 m\u00fazeumot is.<\/p>\n\n\n\n<p>Iskola:<\/p>\n\t\t\t\t\t\t\t\t<\/div>\n\t\t\t\t<\/div>\n\t\t\t\t\t<\/div>\n\t\t<\/div>\n\t\t\t\t\t<\/div>\n\t\t<\/section>\n\t\t\t\t<section class=\"elementor-section elementor-top-section elementor-element elementor-element-64c05f3 elementor-section-boxed elementor-section-height-default elementor-section-height-default\" data-id=\"64c05f3\" data-element_type=\"section\" data-e-type=\"section\">\n\t\t\t\t\t\t<div class=\"elementor-container elementor-column-gap-default\">\n\t\t\t\t\t<div class=\"elementor-column elementor-col-100 elementor-top-column elementor-element elementor-element-542c61a\" data-id=\"542c61a\" data-element_type=\"column\" data-e-type=\"column\">\n\t\t\t<div class=\"elementor-widget-wrap elementor-element-populated\">\n\t\t\t\t\t\t<div class=\"elementor-element elementor-element-b833471 elementor-widget elementor-widget-text-editor\" data-id=\"b833471\" data-element_type=\"widget\" data-e-type=\"widget\" data-widget_type=\"text-editor.default\">\n\t\t\t\t<div class=\"elementor-widget-container\">\n\t\t\t\t\t\t\t\t\t<div id=\"grid-gallery-7-42113\" data-gg-id=\"7\" data-title=\"Erasmus+ KA2 - Hollandia 2017\" data-grid-type=\"0\" data-offset=\"5.3\" data-area-position=\"center\" data-icons=\"\" data-preloader=\"true\" data-width=\"215\" data-height=\"215\" data-padding=\"0\" data-quicksand=\"disabled\" data-quicksand-duration=\"none\" data-popup-theme=\"theme_6\" data-popup-type=\"pretty-photo\" data-popup-image-text=\"data-description\" data-popup-widthsize=\"auto\" data-popup-heightsize=\"auto\" data-popup-i18n-words=\"{&quot;close&quot;:&quot;close&quot;,&quot;next&quot;:&quot;next&quot;,&quot;previous&quot;:&quot;previous&quot;,&quot;start_slideshow&quot;:&quot;start slideshow&quot;,&quot;stop_slideshow&quot;:&quot;stop slideshow&quot;,&quot;image&quot;:&quot;image&quot;,&quot;of&quot;:&quot;of&quot;,&quot;prev&quot;:&quot;prev&quot;,&quot;cExpand&quot;:&quot;Expand&quot;,&quot;cPrevious&quot;:&quot;Previous&quot;,&quot;cNext&quot;:&quot;Next&quot;,&quot;cExpandStr&quot;:&quot;Expand the image&quot;,&quot;cRotate&quot;:&quot;Rotate&quot;,&quot;cDetails&quot;:&quot;Details&quot;}\" data-popup-slideshow=\"false\" data-popup-slideshow-speed=\"2500\" data-popup-hoverstop=\"true\" data-popup-slideshow-auto=\"false\" data-popup-background=\"\" data-popup-transparency=\"30\" data-popup-disable-history=\"\" data-popup-disable-changed-url=\"\" data-popup-border-type=\"solid\" data-popup-border-color=\"\" data-popup-border-width=\"\" data-popup-border-enable=\"\" data-fullscreen=\"false\" data-hide-tooltip=\"false\" data-caption-font-family=\"Default\" data-caption-text-size=\"140\" data-is-mobile=\"0\" data-caption-mobile=\"false\" data-hide-long-tltp-title=\"0\" data-caption-disabled-on-mobile=\"false\" data-popup-placement-type=\"0\" data-social-sharing=\"{&quot;enabled&quot;:&quot;&quot;,&quot;gallerySharing&quot;:{&quot;enabled&quot;:null,&quot;position&quot;:null},&quot;imageSharing&quot;:{&quot;enabled&quot;:null,&quot;wrapperClass&quot;:&quot; vertical &quot;},&quot;popupSharing&quot;:{&quot;enabled&quot;:null,&quot;wrapperClass&quot;:&quot; vertical &quot;}}\" class=\"grid-gallery grid-gallery-fixed \" style=\" width:100%; height:auto; margin-left:auto; margin-right:auto;position:relative;\"> <div class=\"gallery-loading\"> <div class=\"blocks\"> <div class=\"block\"><\/div> <div class=\"block\"><\/div> <div class=\"block\"><\/div> <div class=\"block\"><\/div> <\/div> <\/div> <div class=\"gallery-sharing-top\" style=\"display:none;\"> <\/div> <div id=\"photos-7\" class=\"grid-gallery-photos\"><FIGURE class=\"grid-gallery-caption\" data-grid-gallery-type=\"quarter-slide-up\" data-index=\"0\" style=\"display:none;border-radius:00;; margin:5.3px; width:2150;\" ><div class=\"crop\" style=\" width:2150; height:2150; overflow:hidden;\"><img decoding=\"async\" src=\"\/wp-content\/uploads\/2020\/05\/holland_1-215x215.jpg\" class=\"ggImg\" alt=\"holland_1\" title=\"holland_1\" data-description=\"holland_1\" data-caption=\"holland_1\" data-title=\"holland_1\" style=\" width:215px; height:215px;\" \/><\/div><FIGCAPTION class=\"\" data-alpha=\"5\" style=\"color:#ffffff; background-color:#6f0000; font-size:140; text-align:left; font-family:Default;\" ><div class=\"grid-gallery-figcaption-wrap\" style=\"\"><\/div><\/FIGCAPTION><\/FIGURE><FIGURE class=\"grid-gallery-caption\" data-grid-gallery-type=\"quarter-slide-up\" data-index=\"1\" style=\"display:none;border-radius:00;; margin:5.3px; width:2150;\" ><div class=\"crop\" style=\" width:2150; height:2150; overflow:hidden;\"><img decoding=\"async\" src=\"\/wp-content\/uploads\/2020\/05\/holland_2-215x215.jpg\" class=\"ggImg\" alt=\"holland_2\" title=\"holland_2\" data-description=\"holland_2\" data-caption=\"holland_2\" data-title=\"holland_2\" style=\" width:215px; height:215px;\" \/><\/div><FIGCAPTION class=\"\" data-alpha=\"5\" style=\"color:#ffffff; background-color:#6f0000; font-size:140; text-align:left; font-family:Default;\" ><div class=\"grid-gallery-figcaption-wrap\" style=\"\"><\/div><\/FIGCAPTION><\/FIGURE><FIGURE class=\"grid-gallery-caption\" data-grid-gallery-type=\"quarter-slide-up\" data-index=\"2\" style=\"display:none;border-radius:00;; margin:5.3px; width:2150;\" ><div class=\"crop\" style=\" width:2150; height:2150; overflow:hidden;\"><img decoding=\"async\" src=\"\/wp-content\/uploads\/2020\/05\/holland_3-215x215.jpg\" class=\"ggImg\" alt=\"holland_3\" title=\"holland_3\" data-description=\"holland_3\" data-caption=\"holland_3\" data-title=\"holland_3\" style=\" width:215px; height:215px;\" \/><\/div><FIGCAPTION class=\"\" data-alpha=\"5\" style=\"color:#ffffff; background-color:#6f0000; font-size:140; text-align:left; font-family:Default;\" ><div class=\"grid-gallery-figcaption-wrap\" style=\"\"><\/div><\/FIGCAPTION><\/FIGURE><FIGURE class=\"grid-gallery-caption\" data-grid-gallery-type=\"quarter-slide-up\" data-index=\"3\" style=\"display:none;border-radius:00;; margin:5.3px; width:2150;\" ><div class=\"crop\" style=\" width:2150; height:2150; overflow:hidden;\"><img decoding=\"async\" src=\"\/wp-content\/uploads\/2020\/05\/holland_4-215x215.jpg\" class=\"ggImg\" alt=\"holland_4\" title=\"holland_4\" data-description=\"holland_4\" data-caption=\"holland_4\" data-title=\"holland_4\" style=\" width:215px; height:215px;\" \/><\/div><FIGCAPTION class=\"\" data-alpha=\"5\" style=\"color:#ffffff; background-color:#6f0000; font-size:140; text-align:left; font-family:Default;\" ><div class=\"grid-gallery-figcaption-wrap\" style=\"\"><\/div><\/FIGCAPTION><\/FIGURE><FIGURE class=\"grid-gallery-caption\" data-grid-gallery-type=\"quarter-slide-up\" data-index=\"4\" style=\"display:none;border-radius:00;; margin:5.3px; width:2150;\" ><div class=\"crop\" style=\" width:2150; height:2150; overflow:hidden;\"><img decoding=\"async\" src=\"\/wp-content\/uploads\/2020\/05\/holland_5-215x215.jpg\" class=\"ggImg\" alt=\"holland_5\" title=\"holland_5\" data-description=\"holland_5\" data-caption=\"holland_5\" data-title=\"holland_5\" style=\" width:215px; height:215px;\" \/><\/div><FIGCAPTION class=\"\" data-alpha=\"5\" style=\"color:#ffffff; background-color:#6f0000; font-size:140; text-align:left; font-family:Default;\" ><div class=\"grid-gallery-figcaption-wrap\" style=\"\"><\/div><\/FIGCAPTION><\/FIGURE><FIGURE class=\"grid-gallery-caption\" data-grid-gallery-type=\"quarter-slide-up\" data-index=\"5\" style=\"display:none;border-radius:00;; margin:5.3px; width:2150;\" ><div class=\"crop\" style=\" width:2150; height:2150; overflow:hidden;\"><img decoding=\"async\" src=\"\/wp-content\/uploads\/2020\/05\/holland_6-215x215.jpg\" class=\"ggImg\" alt=\"holland_6\" title=\"holland_6\" data-description=\"holland_6\" data-caption=\"holland_6\" data-title=\"holland_6\" style=\" width:215px; height:215px;\" \/><\/div><FIGCAPTION class=\"\" data-alpha=\"5\" style=\"color:#ffffff; background-color:#6f0000; font-size:140; text-align:left; font-family:Default;\" ><div class=\"grid-gallery-figcaption-wrap\" style=\"\"><\/div><\/FIGCAPTION><\/FIGURE><FIGURE class=\"grid-gallery-caption\" data-grid-gallery-type=\"quarter-slide-up\" data-index=\"6\" style=\"display:none;border-radius:00;; margin:5.3px; width:2150;\" ><div class=\"crop\" style=\" width:2150; height:2150; overflow:hidden;\"><img decoding=\"async\" src=\"\/wp-content\/uploads\/2020\/05\/holland_7-215x215.jpg\" class=\"ggImg\" alt=\"holland_7\" title=\"holland_7\" data-description=\"holland_7\" data-caption=\"holland_7\" data-title=\"holland_7\" style=\" width:215px; height:215px;\" \/><\/div><FIGCAPTION class=\"\" data-alpha=\"5\" style=\"color:#ffffff; background-color:#6f0000; font-size:140; text-align:left; font-family:Default;\" ><div class=\"grid-gallery-figcaption-wrap\" style=\"\"><\/div><\/FIGCAPTION><\/FIGURE> <div class=\"grid-gallery-clearfix\"><\/div> <\/div> <div class=\"gallery-sharing-bottom\" style=\"display:none;\"> <\/div> <div class=\"gallery-sharing-image\" style=\"display:none;\"> <\/div> <div class=\"gallery-sharing-popup\" style=\"display:none;\"> <\/div> <div class=\"grid-gallery-clearfix\"><\/div> <\/div> <!-- Gallery by Supsystic plugin1.16.0 --><a title=\"Best WordPress Gallery Plugin\" style=\"display:none;\" href=\"https:\/\/supsystic.com\/plugins\/photo-gallery\/?utm_medium=love_link\" target=\"_blank\">Best WordPress Gallery Plugin<\/a>\t\t\t\t\t\t\t\t<\/div>\n\t\t\t\t<\/div>\n\t\t\t\t\t<\/div>\n\t\t<\/div>\n\t\t\t\t\t<\/div>\n\t\t<\/section>\n\t\t\t\t<\/div>\n\t\t","protected":false},"excerpt":{"rendered":"<p>2017.&nbsp;november 20-24-ig&nbsp;az Erasmus+ Enjoy the school projekt keret\u00e9ben Hollandi\u00e1ban, Alm\u00e9re v\u00e1ros\u00e1ban j\u00e1rt 3 koll\u00e9ga \u2013Erd\u00e9lyi Lajosn\u00e9, Zsilinszki-Kutasi Ang\u00e9la, Eke Ibolya- tan\u00e1ri projekttal\u00e1lkoz\u00f3n. Megismerkedtek a projekt t\u00f6bbi r\u00e9sztvev\u0151 iskol\u00e1j\u00e1nak -finn, holland, spanyol, szic\u00edliai \u00e9s t\u00f6r\u00f6k- k\u00fcld\u00f6tteivel, a fogad\u00f3 iskola ny\u00fajtotta lehet\u0151s\u00e9gekkel, infrastrukt\u00far\u00e1j\u00e1val, a di\u00e1kok napirendj\u00e9vel, az iskolai oktat\u00e1s rendj\u00e9vel. A tal\u00e1lkoz\u00f3n megbesz\u00e9l\u00e9sre ker\u00fcltek a projektet \u00e9rint\u0151 [&hellip;]<\/p>\n","protected":false},"author":4,"featured_media":0,"parent":0,"menu_order":0,"comment_status":"closed","ping_status":"closed","template":"","meta":{"footnotes":""},"class_list":["post-911","page","type-page","status-publish","hentry"],"_links":{"self":[{"href":"\/index.php\/wp-json\/wp\/v2\/pages\/911","targetHints":{"allow":["GET"]}}],"collection":[{"href":"\/index.php\/wp-json\/wp\/v2\/pages"}],"about":[{"href":"\/index.php\/wp-json\/wp\/v2\/types\/page"}],"author":[{"embeddable":true,"href":"\/index.php\/wp-json\/wp\/v2\/users\/4"}],"replies":[{"embeddable":true,"href":"\/index.php\/wp-json\/wp\/v2\/comments?post=911"}],"version-history":[{"count":3,"href":"\/index.php\/wp-json\/wp\/v2\/pages\/911\/revisions"}],"predecessor-version":[{"id":922,"href":"\/index.php\/wp-json\/wp\/v2\/pages\/911\/revisions\/922"}],"wp:attachment":[{"href":"\/index.php\/wp-json\/wp\/v2\/media?parent=911"}],"curies":[{"name":"wp","href":"https:\/\/api.w.org\/{rel}","templated":true}]}}