{"id":7994,"date":"2022-01-12T15:09:34","date_gmt":"2022-01-12T14:09:34","guid":{"rendered":"\/?page_id=7994"},"modified":"2022-01-12T15:25:34","modified_gmt":"2022-01-12T14:25:34","slug":"you-be-healthy","status":"publish","type":"page","link":"\/index.php\/you-be-healthy\/","title":{"rendered":"You be healthy"},"content":{"rendered":"\t\t<div data-elementor-type=\"wp-page\" data-elementor-id=\"7994\" class=\"elementor elementor-7994\" data-elementor-post-type=\"page\">\n\t\t\t\t\t\t<section class=\"elementor-section elementor-top-section elementor-element elementor-element-2d7e672 elementor-section-boxed elementor-section-height-default elementor-section-height-default\" data-id=\"2d7e672\" data-element_type=\"section\" data-e-type=\"section\">\n\t\t\t\t\t\t<div class=\"elementor-container elementor-column-gap-default\">\n\t\t\t\t\t<div class=\"elementor-column elementor-col-100 elementor-top-column elementor-element elementor-element-6af1844\" data-id=\"6af1844\" data-element_type=\"column\" data-e-type=\"column\">\n\t\t\t<div class=\"elementor-widget-wrap elementor-element-populated\">\n\t\t\t\t\t\t<div class=\"elementor-element elementor-element-c591130 elementor-widget elementor-widget-spacer\" data-id=\"c591130\" data-element_type=\"widget\" data-e-type=\"widget\" data-widget_type=\"spacer.default\">\n\t\t\t\t<div class=\"elementor-widget-container\">\n\t\t\t\t\t\t\t<div class=\"elementor-spacer\">\n\t\t\t<div class=\"elementor-spacer-inner\"><\/div>\n\t\t<\/div>\n\t\t\t\t\t\t<\/div>\n\t\t\t\t<\/div>\n\t\t\t\t\t<\/div>\n\t\t<\/div>\n\t\t\t\t\t<\/div>\n\t\t<\/section>\n\t\t\t\t<section class=\"elementor-section elementor-top-section elementor-element elementor-element-45c191d elementor-section-boxed elementor-section-height-default elementor-section-height-default\" data-id=\"45c191d\" data-element_type=\"section\" data-e-type=\"section\">\n\t\t\t\t\t\t<div class=\"elementor-container elementor-column-gap-default\">\n\t\t\t\t\t<div class=\"elementor-column elementor-col-66 elementor-top-column elementor-element elementor-element-b23f086\" data-id=\"b23f086\" data-element_type=\"column\" data-e-type=\"column\">\n\t\t\t<div class=\"elementor-widget-wrap elementor-element-populated\">\n\t\t\t\t\t\t<div class=\"elementor-element elementor-element-dfc3ff2 elementor-widget elementor-widget-heading\" data-id=\"dfc3ff2\" data-element_type=\"widget\" data-e-type=\"widget\" data-widget_type=\"heading.default\">\n\t\t\t\t<div class=\"elementor-widget-container\">\n\t\t\t\t\t<h5 class=\"elementor-heading-title elementor-size-default\">T\u00f6r\u00f6korsz\u00e1g 2021.12.11-21.<\/h5>\t\t\t\t<\/div>\n\t\t\t\t<\/div>\n\t\t\t\t\t<\/div>\n\t\t<\/div>\n\t\t\t\t<div class=\"elementor-column elementor-col-33 elementor-top-column elementor-element elementor-element-c3aa406\" data-id=\"c3aa406\" data-element_type=\"column\" data-e-type=\"column\">\n\t\t\t<div class=\"elementor-widget-wrap elementor-element-populated\">\n\t\t\t\t\t\t<div class=\"elementor-element elementor-element-7611d4c elementor-align-center elementor-widget elementor-widget-button\" data-id=\"7611d4c\" data-element_type=\"widget\" data-e-type=\"widget\" data-widget_type=\"button.default\">\n\t\t\t\t<div class=\"elementor-widget-container\">\n\t\t\t\t\t\t\t\t\t<div class=\"elementor-button-wrapper\">\n\t\t\t\t\t<a class=\"elementor-button elementor-button-link elementor-size-lg\" href=\"index.php\/erasmus-ka105-torokorszag\/\">\n\t\t\t\t\t\t<span class=\"elementor-button-content-wrapper\">\n\t\t\t\t\t\t\t\t\t<span class=\"elementor-button-text\">Megn\u00e9zem<\/span>\n\t\t\t\t\t<\/span>\n\t\t\t\t\t<\/a>\n\t\t\t\t<\/div>\n\t\t\t\t\t\t\t\t<\/div>\n\t\t\t\t<\/div>\n\t\t\t\t\t<\/div>\n\t\t<\/div>\n\t\t\t\t\t<\/div>\n\t\t<\/section>\n\t\t\t\t<\/div>\n\t\t","protected":false},"excerpt":{"rendered":"<p>T\u00f6r\u00f6korsz\u00e1g 2021.12.11-21. Megn\u00e9zem<\/p>\n","protected":false},"author":4,"featured_media":0,"parent":0,"menu_order":0,"comment_status":"closed","ping_status":"closed","template":"","meta":{"footnotes":""},"class_list":["post-7994","page","type-page","status-publish","hentry"],"_links":{"self":[{"href":"\/index.php\/wp-json\/wp\/v2\/pages\/7994","targetHints":{"allow":["GET"]}}],"collection":[{"href":"\/index.php\/wp-json\/wp\/v2\/pages"}],"about":[{"href":"\/index.php\/wp-json\/wp\/v2\/types\/page"}],"author":[{"embeddable":true,"href":"\/index.php\/wp-json\/wp\/v2\/users\/4"}],"replies":[{"embeddable":true,"href":"\/index.php\/wp-json\/wp\/v2\/comments?post=7994"}],"version-history":[{"count":7,"href":"\/index.php\/wp-json\/wp\/v2\/pages\/7994\/revisions"}],"predecessor-version":[{"id":8025,"href":"\/index.php\/wp-json\/wp\/v2\/pages\/7994\/revisions\/8025"}],"wp:attachment":[{"href":"\/index.php\/wp-json\/wp\/v2\/media?parent=7994"}],"curies":[{"name":"wp","href":"https:\/\/api.w.org\/{rel}","templated":true}]}}