{"id":693,"date":"2020-05-13T09:49:14","date_gmt":"2020-05-13T08:49:14","guid":{"rendered":"\/?page_id=693"},"modified":"2020-05-13T09:55:43","modified_gmt":"2020-05-13T08:55:43","slug":"erasmus-2017-2019","status":"publish","type":"page","link":"\/index.php\/erasmus-2017-2019\/","title":{"rendered":"Erasmus+ (2017-2019)"},"content":{"rendered":"\t\t<div data-elementor-type=\"wp-page\" data-elementor-id=\"693\" class=\"elementor elementor-693\" data-elementor-post-type=\"page\">\n\t\t\t\t\t\t<section class=\"elementor-section elementor-top-section elementor-element elementor-element-413093b elementor-section-boxed elementor-section-height-default elementor-section-height-default\" data-id=\"413093b\" data-element_type=\"section\" data-e-type=\"section\">\n\t\t\t\t\t\t<div class=\"elementor-container elementor-column-gap-default\">\n\t\t\t\t\t<div class=\"elementor-column elementor-col-50 elementor-top-column elementor-element elementor-element-2188292\" data-id=\"2188292\" data-element_type=\"column\" data-e-type=\"column\">\n\t\t\t<div class=\"elementor-widget-wrap elementor-element-populated\">\n\t\t\t\t\t\t<div class=\"elementor-element elementor-element-4fc1d13 elementor-widget elementor-widget-image\" data-id=\"4fc1d13\" data-element_type=\"widget\" data-e-type=\"widget\" data-widget_type=\"image.default\">\n\t\t\t\t<div class=\"elementor-widget-container\">\n\t\t\t\t\t\t\t\t\t\t\t\t\t\t\t<img fetchpriority=\"high\" decoding=\"async\" width=\"504\" height=\"143\" src=\"\/wp-content\/uploads\/2020\/05\/Erasmuslogo.jpg\" class=\"attachment-large size-large wp-image-687\" alt=\"\" \/>\t\t\t\t\t\t\t\t\t\t\t\t\t\t\t<\/div>\n\t\t\t\t<\/div>\n\t\t\t\t\t<\/div>\n\t\t<\/div>\n\t\t\t\t<div class=\"elementor-column elementor-col-50 elementor-top-column elementor-element elementor-element-f551cc1\" data-id=\"f551cc1\" data-element_type=\"column\" data-e-type=\"column\">\n\t\t\t<div class=\"elementor-widget-wrap elementor-element-populated\">\n\t\t\t\t\t\t<div class=\"elementor-element elementor-element-c4240d5 elementor-widget elementor-widget-image\" data-id=\"c4240d5\" data-element_type=\"widget\" data-e-type=\"widget\" data-widget_type=\"image.default\">\n\t\t\t\t<div class=\"elementor-widget-container\">\n\t\t\t\t\t\t\t\t\t\t\t\t\t\t\t<img decoding=\"async\" width=\"441\" height=\"133\" src=\"\/wp-content\/uploads\/2020\/05\/Tempuslogo.jpg\" class=\"attachment-large size-large wp-image-688\" alt=\"\" \/>\t\t\t\t\t\t\t\t\t\t\t\t\t\t\t<\/div>\n\t\t\t\t<\/div>\n\t\t\t\t\t<\/div>\n\t\t<\/div>\n\t\t\t\t\t<\/div>\n\t\t<\/section>\n\t\t\t\t<section class=\"elementor-section elementor-top-section elementor-element elementor-element-7ac5429 elementor-section-boxed elementor-section-height-default elementor-section-height-default\" data-id=\"7ac5429\" data-element_type=\"section\" data-e-type=\"section\">\n\t\t\t\t\t\t<div class=\"elementor-container elementor-column-gap-default\">\n\t\t\t\t\t<div class=\"elementor-column elementor-col-100 elementor-top-column elementor-element elementor-element-e64b65c\" data-id=\"e64b65c\" data-element_type=\"column\" data-e-type=\"column\">\n\t\t\t<div class=\"elementor-widget-wrap elementor-element-populated\">\n\t\t\t\t\t\t<div class=\"elementor-element elementor-element-4d79e5a elementor-widget elementor-widget-heading\" data-id=\"4d79e5a\" data-element_type=\"widget\" data-e-type=\"widget\" data-widget_type=\"heading.default\">\n\t\t\t\t<div class=\"elementor-widget-container\">\n\t\t\t\t\t<h4 class=\"elementor-heading-title elementor-size-default\">P\u00c1LY\u00c1ZATI EREDM\u00c9NYEK<\/h4>\t\t\t\t<\/div>\n\t\t\t\t<\/div>\n\t\t\t\t\t<\/div>\n\t\t<\/div>\n\t\t\t\t\t<\/div>\n\t\t<\/section>\n\t\t\t\t<section class=\"elementor-section elementor-top-section elementor-element elementor-element-57fd01f elementor-section-boxed elementor-section-height-default elementor-section-height-default\" data-id=\"57fd01f\" data-element_type=\"section\" data-e-type=\"section\">\n\t\t\t\t\t\t<div class=\"elementor-container elementor-column-gap-default\">\n\t\t\t\t\t<div class=\"elementor-column elementor-col-100 elementor-top-column elementor-element elementor-element-7705d2d\" data-id=\"7705d2d\" data-element_type=\"column\" data-e-type=\"column\">\n\t\t\t<div class=\"elementor-widget-wrap elementor-element-populated\">\n\t\t\t\t\t\t<div class=\"elementor-element elementor-element-2b3b461 elementor-widget elementor-widget-heading\" data-id=\"2b3b461\" data-element_type=\"widget\" data-e-type=\"widget\" data-widget_type=\"heading.default\">\n\t\t\t\t<div class=\"elementor-widget-container\">\n\t\t\t\t\t<h4 class=\"elementor-heading-title elementor-size-default\">Eur\u00f3pa hat\u00e1rok n\u00e9lk\u00fcl! - a Kerisekkel\"<\/h4>\t\t\t\t<\/div>\n\t\t\t\t<\/div>\n\t\t\t\t\t<\/div>\n\t\t<\/div>\n\t\t\t\t\t<\/div>\n\t\t<\/section>\n\t\t\t\t<section class=\"elementor-section elementor-top-section elementor-element elementor-element-2130c47 elementor-section-boxed elementor-section-height-default elementor-section-height-default\" data-id=\"2130c47\" data-element_type=\"section\" data-e-type=\"section\">\n\t\t\t\t\t\t<div class=\"elementor-container elementor-column-gap-default\">\n\t\t\t\t\t<div class=\"elementor-column elementor-col-100 elementor-top-column elementor-element elementor-element-3806086\" data-id=\"3806086\" data-element_type=\"column\" data-e-type=\"column\">\n\t\t\t<div class=\"elementor-widget-wrap elementor-element-populated\">\n\t\t\t\t\t\t<div class=\"elementor-element elementor-element-62a73af elementor-widget elementor-widget-heading\" data-id=\"62a73af\" data-element_type=\"widget\" data-e-type=\"widget\" data-widget_type=\"heading.default\">\n\t\t\t\t<div class=\"elementor-widget-container\">\n\t\t\t\t\t<h4 class=\"elementor-heading-title elementor-size-default\">2017-1-HU01-KA116-035734<\/h4>\t\t\t\t<\/div>\n\t\t\t\t<\/div>\n\t\t\t\t\t<\/div>\n\t\t<\/div>\n\t\t\t\t\t<\/div>\n\t\t<\/section>\n\t\t\t\t<section class=\"elementor-section elementor-top-section elementor-element elementor-element-fe579b4 elementor-section-boxed elementor-section-height-default elementor-section-height-default\" data-id=\"fe579b4\" data-element_type=\"section\" data-e-type=\"section\">\n\t\t\t\t\t\t<div class=\"elementor-container elementor-column-gap-default\">\n\t\t\t\t\t<div class=\"elementor-column elementor-col-100 elementor-top-column elementor-element elementor-element-8291dc3\" data-id=\"8291dc3\" data-element_type=\"column\" data-e-type=\"column\">\n\t\t\t<div class=\"elementor-widget-wrap elementor-element-populated\">\n\t\t\t\t\t\t<div class=\"elementor-element elementor-element-58b0f84 elementor-widget elementor-widget-heading\" data-id=\"58b0f84\" data-element_type=\"widget\" data-e-type=\"widget\" data-widget_type=\"heading.default\">\n\t\t\t\t<div class=\"elementor-widget-container\">\n\t\t\t\t\t<h4 class=\"elementor-heading-title elementor-size-default\">17\/1\/KA116\/035734<\/h4>\t\t\t\t<\/div>\n\t\t\t\t<\/div>\n\t\t\t\t\t<\/div>\n\t\t<\/div>\n\t\t\t\t\t<\/div>\n\t\t<\/section>\n\t\t\t\t<section class=\"elementor-section elementor-top-section elementor-element elementor-element-eeda386 elementor-section-boxed elementor-section-height-default elementor-section-height-default\" data-id=\"eeda386\" data-element_type=\"section\" data-e-type=\"section\">\n\t\t\t\t\t\t<div class=\"elementor-container elementor-column-gap-default\">\n\t\t\t\t\t<div class=\"elementor-column elementor-col-100 elementor-top-column elementor-element elementor-element-699f67b\" data-id=\"699f67b\" data-element_type=\"column\" data-e-type=\"column\">\n\t\t\t<div class=\"elementor-widget-wrap elementor-element-populated\">\n\t\t\t\t\t\t<div class=\"elementor-element elementor-element-d0f266a elementor-widget elementor-widget-heading\" data-id=\"d0f266a\" data-element_type=\"widget\" data-e-type=\"widget\" data-widget_type=\"heading.default\">\n\t\t\t\t<div class=\"elementor-widget-container\">\n\t\t\t\t\t<h4 class=\"elementor-heading-title elementor-size-default\">(2017.06.01. \u2013 2019.05.31.)<\/h4>\t\t\t\t<\/div>\n\t\t\t\t<\/div>\n\t\t\t\t\t<\/div>\n\t\t<\/div>\n\t\t\t\t\t<\/div>\n\t\t<\/section>\n\t\t\t\t<section class=\"elementor-section elementor-top-section elementor-element elementor-element-1755390 elementor-section-boxed elementor-section-height-default elementor-section-height-default\" data-id=\"1755390\" data-element_type=\"section\" data-e-type=\"section\">\n\t\t\t\t\t\t<div class=\"elementor-container elementor-column-gap-default\">\n\t\t\t\t\t<div class=\"elementor-column elementor-col-100 elementor-top-column elementor-element elementor-element-19d7981\" data-id=\"19d7981\" data-element_type=\"column\" data-e-type=\"column\">\n\t\t\t<div class=\"elementor-widget-wrap elementor-element-populated\">\n\t\t\t\t\t\t<div class=\"elementor-element elementor-element-fd3459e elementor-widget elementor-widget-text-editor\" data-id=\"fd3459e\" data-element_type=\"widget\" data-e-type=\"widget\" data-widget_type=\"text-editor.default\">\n\t\t\t\t<div class=\"elementor-widget-container\">\n\t\t\t\t\t\t\t\t\t<p><span style=\"font-weight: bolder;\"><u>A projekt h\u00e1ttere:<\/u><\/span><\/p>\n<p>A B\u00e9k\u00e9scsabai SZC Zwack J\u00f3zsef Kereskedelmi \u00e9s Vend\u00e9gl\u00e1t\u00f3ipari Szakgimn\u00e1ziuma \u00e9s Szakk\u00f6z\u00e9piskol\u00e1ja m\u00e1r 2004 \u00f3ta akt\u00edvan k\u00f6zrem\u0171k\u00f6dik nemzetk\u00f6zi projektekben. \u00c9vek \u00f3ta r\u00e9szt vesz\u00fcnk ERASMUS+ \u00e9s Hat\u00e1rtalanul! p\u00e1ly\u00e1zatokban, melyek seg\u00edts\u00e9g\u00e9vel sz\u00e1mos partnerrel alak\u00edthattunk ki megb\u00edzhat\u00f3, j\u00f3l m\u0171k\u00f6d\u0151 kapcsolatot. A 2017 \u00e9s 2019 k\u00f6z\u00f6tti p\u00e1ly\u00e1zatunkban els\u0151sorban azok a partnerek jelennek meg, akikkel m\u00e1r t\u00f6bb sikeres ERASMUS+ projektet val\u00f3s\u00edtottunk meg. Az eredm\u00e9nyes munka annak is k\u00f6sz\u00f6nhet\u0151, hogy, az elm\u00falt id\u0151szakban egyre t\u00f6bb koll\u00e9g\u00e1nk csatlakozott ahhoz a kezdeti 2-3 f\u0151s csapathoz, amely ezeket a nemzetk\u00f6zi egy\u00fcttm\u0171k\u00f6d\u00e9seket megval\u00f3s\u00edtja. A tan\u00e1ri kar er\u0151s\u00f6d\u0151 t\u00e1mogat\u00e1sa mellett egyre t\u00f6bb di\u00e1kunk is akt\u00edvan \u00e9rdekl\u0151dik a meghirdetett mobilit\u00e1sok ir\u00e1nt.<\/p>\t\t\t\t\t\t\t\t<\/div>\n\t\t\t\t<\/div>\n\t\t\t\t\t<\/div>\n\t\t<\/div>\n\t\t\t\t\t<\/div>\n\t\t<\/section>\n\t\t\t\t<section class=\"elementor-section elementor-top-section elementor-element elementor-element-c0754c4 elementor-section-boxed elementor-section-height-default elementor-section-height-default\" data-id=\"c0754c4\" data-element_type=\"section\" data-e-type=\"section\">\n\t\t\t\t\t\t<div class=\"elementor-container elementor-column-gap-default\">\n\t\t\t\t\t<div class=\"elementor-column elementor-col-100 elementor-top-column elementor-element elementor-element-9c1d2d4\" data-id=\"9c1d2d4\" data-element_type=\"column\" data-e-type=\"column\">\n\t\t\t<div class=\"elementor-widget-wrap elementor-element-populated\">\n\t\t\t\t\t\t<div class=\"elementor-element elementor-element-d710f51 elementor-widget elementor-widget-text-editor\" data-id=\"d710f51\" data-element_type=\"widget\" data-e-type=\"widget\" data-widget_type=\"text-editor.default\">\n\t\t\t\t<div class=\"elementor-widget-container\">\n\t\t\t\t\t\t\t\t\t<p><span style=\"font-weight: bolder;\"><u>A projekt c\u00e9lja:<\/u><\/span><\/p>\n<p>C\u00e9lunk, hogy tanul\u00f3ink sz\u00e1m\u00e1ra min\u00e9l sz\u00e9lesebb k\u00f6r\u0171 l\u00e1t\u00f3teret biztos\u00edtsunk az \u00e1ltalunk oktatott szakm\u00e1k vonatkoz\u00e1s\u00e1ban. A gyakorlatorient\u00e1lt, piack\u00e9pes k\u00e9pz\u00e9sekhez kit\u0171n\u0151 lehet\u0151s\u00e9get ny\u00fajtanak haz\u00e1nkban is egyre gyakrabban megval\u00f3sul\u00f3 k\u00fclf\u00f6ldi \u2013 els\u0151sorban uni\u00f3s orsz\u00e1gokat c\u00e9lz\u00f3 \u2013 mobilit\u00e1sok, amelyek arra \u00f6szt\u00f6nzik int\u00e9zm\u00e9ny\u00fcnket, hogy akt\u00edvan r\u00e9szt vegy\u00fcnk ezekben a nemzetk\u00f6zi projektekbe, \u00edgy tov\u00e1bb folytassuk a sikeres mobilit\u00e1sokat a jelenlegi ERASMUS+ programban is. A p\u00e1ly\u00e1zati forr\u00e1sok seg\u00edts\u00e9g\u00e9vel di\u00e1kjainak, koll\u00e9g\u00e1inknak k\u00fclf\u00f6ldi gyakorlati lehet\u0151s\u00e9geket \u00e9s szakmai tov\u00e1bbk\u00e9pz\u00e9seket biztos\u00edthatunk a kereskedelem, a vend\u00e9gl\u00e1t\u00e1s \u00e9s a turisztika ter\u00fclet\u00e9n. A nemzetk\u00f6zi kapcsolataink lehet\u0151v\u00e9 teszik mind a tanul\u00f3ink, mind a tan\u00e1raink sz\u00e1m\u00e1ra, hogy \u00f6sszehasonl\u00edts\u00e1k a k\u00fclf\u00f6ldi \u00e9s a hazai ismereteket, adapt\u00e1lj\u00e1k a megszerzett tapasztalatokat \u00e9s a tananyagokat \u00fajabb szakmai tartalommal t\u00f6lts\u00e9k fel.<\/p>\t\t\t\t\t\t\t\t<\/div>\n\t\t\t\t<\/div>\n\t\t\t\t\t<\/div>\n\t\t<\/div>\n\t\t\t\t\t<\/div>\n\t\t<\/section>\n\t\t\t\t<section class=\"elementor-section elementor-top-section elementor-element elementor-element-3eb786e elementor-section-boxed elementor-section-height-default elementor-section-height-default\" data-id=\"3eb786e\" data-element_type=\"section\" data-e-type=\"section\">\n\t\t\t\t\t\t<div class=\"elementor-container elementor-column-gap-default\">\n\t\t\t\t\t<div class=\"elementor-column elementor-col-100 elementor-top-column elementor-element elementor-element-a39a7e9\" data-id=\"a39a7e9\" data-element_type=\"column\" data-e-type=\"column\">\n\t\t\t<div class=\"elementor-widget-wrap elementor-element-populated\">\n\t\t\t\t\t\t<div class=\"elementor-element elementor-element-6e678be elementor-widget elementor-widget-text-editor\" data-id=\"6e678be\" data-element_type=\"widget\" data-e-type=\"widget\" data-widget_type=\"text-editor.default\">\n\t\t\t\t<div class=\"elementor-widget-container\">\n\t\t\t\t\t\t\t\t\t<p><span style=\"font-weight: bolder;\"><u>A r\u00e9sztvev\u0151k sz\u00e1ma \u00e9s szakmai h\u00e1ttere:<\/u><\/span><\/p>\n<p><span style=\"font-weight: bolder;\">1.)\u00a0\u00a0\u00a0<\/span><span style=\"font-weight: bolder;\">Tanul\u00f3k eset\u00e9ben:<\/span><\/p>\n<p>A 2017 \u00e9s 2019 k\u00f6z\u00f6tti id\u0151szak p\u00e1ly\u00e1zat\u00e1ba\u00a056 di\u00e1k teljes\u00edtette a kiutaz\u00e1sokat.<\/p>\n<ul>\n<li>A vend\u00e9gl\u00e1t\u00e1s &#8211; turisztika szakmacsoportb\u00f3l 10 szak\u00e1cs, 6 pinc\u00e9r, 13 vend\u00e9gl\u00e1t\u00e1sszervez\u0151-vend\u00e9gl\u0151s, 2 vend\u00e9gl\u00e1t\u00f3 elad\u00f3, 6 cukr\u00e1sz ker\u00fclt be, valamint 5 f\u0151 a turisztika szervez\u0151, \u00e9rt\u00e9kes\u00edt\u0151 szakma ter\u00fclet\u00e9r\u0151l.<\/li>\n<li>Az \u00e9lelmiszeripari \u00e1gazatb\u00f3l 3 p\u00e9k tanul\u00f3 vontunk be a mobilit\u00e1sokba.<\/li>\n<li>A programba a kereskedelem-marketing, \u00fczleti adminisztr\u00e1ci\u00f3 szakmacsoportb\u00f3l 7 elad\u00f3 \u00e9s 4 keresked\u0151 ker\u00fclt bevon\u00e1sra.<\/li>\n<li>Terveinket 99%-ra teljes\u00edtett\u00fck.<\/li>\n<\/ul>\n<p>A 2017-2019-es projekt el\u0151nyeib\u0151l \u00f6sszesen 19 f\u0151 h\u00e1tr\u00e1nyos helyzet\u0171 tanul\u00f3 r\u00e9szes\u00fclt, ebb\u0151l 7 f\u0151 h\u00e1tr\u00e1nyos helyzet\u0171 telep\u00fcl\u00e9sr\u0151l sz\u00e1rmazik.<\/p>\n<p>A mobilit\u00e1sokon r\u00e9sztvev\u0151inek k\u00f6zel a fele kiskor\u00fa, \u00f6sszesen 27 tanul\u00f3.<\/p>\n<p><span style=\"font-weight: bolder;\">2.)\u00a0\u00a0\u00a0<\/span><span style=\"font-weight: bolder;\">Tan\u00e1rok\/oktat\u00f3k eset\u00e9ben:<\/span><\/p>\n<p>A tan\u00e1ri\/oktat\u00f3i mobilit\u00e1son 17 f\u0151 vett r\u00e9szt kereskedelem \u00e9s vend\u00e9gl\u00e1t\u00e1s &#8211; turisztika ter\u00fclet\u00e9r\u0151l. \u00d6r\u00f6mmel t\u00f6lt el benn\u00fcnket az a t\u00e9ny, hogy a\u00a0k\u00fclf\u00f6ldi tanulm\u00e1nyutaknak, szakmai tov\u00e1bbk\u00e9pz\u00e9seknek k\u00f6sz\u00f6nhet\u0151en kompetenci\u00e1ik fejl\u0151dtek, m\u00f3dszertanilag meg\u00fajultak, ez\u00e1ltal n\u0151tt munkav\u00e9gz\u00e9s\u00fck sz\u00ednvonala, hat\u00e9konys\u00e1ga.<\/p>\n<p><span style=\"font-weight: bolder;\">3.)\u00a0\u00a0\u00a0<\/span><span style=\"font-weight: bolder;\">K\u00eds\u00e9r\u0151k:<\/span><\/p>\n<p>A projekt sikeres lebonyol\u00edt\u00e1s\u00e1t 12 f\u0151 k\u00eds\u00e9r\u0151tan\u00e1r seg\u00edts\u00e9g\u00e9vel val\u00f3s\u00edtottuk meg. Jelenl\u00e9t\u00fckre az\u00e9rt van sz\u00fcks\u00e9g, mert a\u00a0mobilit\u00e1sban r\u00e9sztvev\u0151 tanul\u00f3k k\u00f6z\u00f6tt szinte minden csoportban jelen van minimum egy f\u0151 kiskor\u00fa vagy h\u00e1tr\u00e1nyos helyzet\u0171 di\u00e1k.<\/p>\t\t\t\t\t\t\t\t<\/div>\n\t\t\t\t<\/div>\n\t\t\t\t\t<\/div>\n\t\t<\/div>\n\t\t\t\t\t<\/div>\n\t\t<\/section>\n\t\t\t\t<section class=\"elementor-section elementor-top-section elementor-element elementor-element-d7fd325 elementor-section-boxed elementor-section-height-default elementor-section-height-default\" data-id=\"d7fd325\" data-element_type=\"section\" data-e-type=\"section\">\n\t\t\t\t\t\t<div class=\"elementor-container elementor-column-gap-default\">\n\t\t\t\t\t<div class=\"elementor-column elementor-col-100 elementor-top-column elementor-element elementor-element-515a73c\" data-id=\"515a73c\" data-element_type=\"column\" data-e-type=\"column\">\n\t\t\t<div class=\"elementor-widget-wrap elementor-element-populated\">\n\t\t\t\t\t\t<div class=\"elementor-element elementor-element-80992a0 elementor-widget elementor-widget-text-editor\" data-id=\"80992a0\" data-element_type=\"widget\" data-e-type=\"widget\" data-widget_type=\"text-editor.default\">\n\t\t\t\t<div class=\"elementor-widget-container\">\n\t\t\t\t\t\t\t\t\t<p><span style=\"font-weight: bolder;\"><u>Megval\u00f3s\u00edtott tev\u00e9kenys\u00e9gek \u00e9s el\u00e9rt eredm\u00e9nyek:<\/u><\/span><\/p>\n<p>A projekt keret\u00e9n bel\u00fcl igyeksz\u00fcnk egyre t\u00f6bb tanul\u00f3t \u00e9s koll\u00e9g\u00e1t bevonni a k\u00fclf\u00f6ldi mobilit\u00e1sokba, lehet\u0151s\u00e9get biztos\u00edtva ezzel a szakmai tov\u00e1bbfejl\u0151d\u00e9sre. Ennek \u00e9rdek\u00e9ben a mobilit\u00e1sokat minden potenci\u00e1lis f\u00f3rumon meghirdetj\u00fck di\u00e1kjaink \u00e9s munkat\u00e1rsaink sz\u00e1m\u00e1ra. A 2017 \u00e9s 2019 k\u00f6z\u00f6tti p\u00e1ly\u00e1zati id\u0151szakban 56 tanul\u00f3 t\u00f6lt\u00f6tt egy h\u00f3napos szakmai gyakorlatot k\u00fclf\u00f6ld\u00f6n 7 k\u00fcl\u00f6nb\u00f6z\u0151 c\u00e9lorsz\u00e1gban.<\/p>\n<p>A r\u00e9sztvev\u0151 di\u00e1kok megoszl\u00e1sa a k\u00f6vetkez\u0151k szerint alakult: 71% a vend\u00e9gl\u00e1t\u00f3ipar, 20% a kereskedelem, a t\u00f6bbi a turisztika \u00e1gazatb\u00f3l ker\u00fclt a programba, akikre jellemz\u0151, hogy elt\u00e9r\u0151 csal\u00e1di h\u00e1tt\u00e9rrel \u00e9s felk\u00e9sz\u00fclts\u00e9ggel, k\u00fcl\u00f6nb\u00f6z\u0151 motiv\u00e1ci\u00f3val \u00e9s tanul\u00e1si ig\u00e9nnyel \u00e9rkeznek az iskol\u00e1nkba. A kiutaz\u00e1sok el\u0151tt tartott l\u00e9lektani, kultur\u00e1lis, szakmai \u00e9s szaknyelvi felk\u00e9sz\u00edt\u0151k\u00f6n igyekezt\u00fcnk ezeket a k\u00fcl\u00f6nbs\u00e9geket minimaliz\u00e1lni \u00e9s t\u00f6rekedt\u00fcnk a csoportkoh\u00e9zi\u00f3 meger\u0151s\u00edt\u00e9s\u00e9re. Mindezt sikeresen teljes\u00edtett\u00fck a r\u00e9sztvev\u0151k visszajelz\u00e9sei alapj\u00e1n.<\/p>\n<p>B\u00e9k\u00e9s megye t\u00e1rsadalmi \u00e9s szoci\u00e1lis helyzete alapj\u00e1n kiemelten elmaradott ter\u00fclet, \u00edgy k\u00fcldet\u00e9s\u00fcnknek tekintj\u00fck, hogy min\u00e9l t\u00f6bb h\u00e1tr\u00e1nyos helyzet\u0171 tanul\u00f3 vegyen r\u00e9szt a mobilit\u00e1sokban \u00e9s lehet\u0151s\u00e9get kapjon k\u00fclf\u00f6ldi szakmai gyakorlaton val\u00f3 r\u00e9szv\u00e9telre. A p\u00e1ly\u00e1zati id\u0151szak alatt 19 h\u00e1tr\u00e1nyos helyzet\u0171 \u00e9s 27 kiskor\u00fa tanul\u00f3t siker\u00fclt kiutaztatni a k\u00fclf\u00f6ldi partnereinkhez.<\/p>\n<p>A k\u00e9pz\u00e9si sz\u00ednvonalunk n\u00f6vel\u00e9se \u00e9rdek\u00e9ben \u00faj partnerszervezeteket is bevontunk a projektben a m\u00e1r megl\u00e9v\u0151 fogad\u00f3int\u00e9zm\u00e9nyek mell\u00e9. C\u00e9lunk, hogy b\u0151v\u00edts\u00fck, sz\u00ednes\u00edts\u00fck kapcsolati rendszer\u00fcnket, \u00e9s \u00faj ismeretszerz\u00e9si lehet\u0151s\u00e9get is biztos\u00edtunk tan\u00e1raink \u00e9s di\u00e1kjaink sz\u00e1m\u00e1ra. Ilyen p\u00e9ld\u00e1ul a Lobog\u00f3 Panzi\u00f3, Homor\u00f3df\u00fcrd\u0151, Rom\u00e1ni\u00e1ban vagy a Mobilityfriends, Barcelos, Portug\u00e1li\u00e1ban. Mindkett\u0151 ir\u00e1nt nagy \u00e9rdekl\u0151d\u00e9s volt m\u00e1r a p\u00e1ly\u00e1zat kezdetekor. Mindez arra \u00f6szt\u00f6n\u00f6z benn\u00fcnket, hogy a k\u00f6vetkez\u0151 mobilit\u00e1sok alkalm\u00e1val is \u00fajabb partnereket vonjunk be, ezzel is n\u00f6velve a potenci\u00e1lis gyakorlati lehet\u0151s\u00e9gek sz\u00e1m\u00e1t.<\/p>\n<p>Az ERASMUS+ mobilit\u00e1sok \u00e1ltal arra t\u00f6reksz\u00fcnk, hogy iskol\u00e1nk profilj\u00e1t figyelembe v\u00e9ve &#8211; tanul\u00f3ink \u00e9s tan\u00e1raink sz\u00e1m\u00e1ra min\u00e9l sz\u00e9lesebb k\u00f6r\u0171 \u201ej\u00f3 gyakorlatot\u201d biztos\u00edtsunk, t\u00e1mogatva ezzel a tud\u00e1s, a tanul\u00e1s \u00e9s a tan\u00edt\u00e1s rendszer\u00e9t az ECVET elveknek megfelel\u0151en mind a kereskedelem, mind a vend\u00e9gl\u00e1t\u00e1s, mind a turisztika ter\u00fclet\u00e9n.<\/p>\t\t\t\t\t\t\t\t<\/div>\n\t\t\t\t<\/div>\n\t\t\t\t\t<\/div>\n\t\t<\/div>\n\t\t\t\t\t<\/div>\n\t\t<\/section>\n\t\t\t\t<section class=\"elementor-section elementor-top-section elementor-element elementor-element-55b0b28d elementor-section-boxed elementor-section-height-default elementor-section-height-default\" data-id=\"55b0b28d\" data-element_type=\"section\" data-e-type=\"section\">\n\t\t\t\t\t\t<div class=\"elementor-container elementor-column-gap-default\">\n\t\t\t\t\t<div class=\"elementor-column elementor-col-100 elementor-top-column elementor-element elementor-element-5f01abed\" data-id=\"5f01abed\" data-element_type=\"column\" data-e-type=\"column\">\n\t\t\t<div class=\"elementor-widget-wrap elementor-element-populated\">\n\t\t\t\t\t\t<div class=\"elementor-element elementor-element-31f8019f elementor-widget elementor-widget-text-editor\" data-id=\"31f8019f\" data-element_type=\"widget\" data-e-type=\"widget\" data-widget_type=\"text-editor.default\">\n\t\t\t\t<div class=\"elementor-widget-container\">\n\t\t\t\t\t\t\t\t\t<p><\/p>\n<p><\/p>\n<p><\/p>\n<p><\/p>\n<p><\/p>\n<p><\/p>\n<p><\/p>\n<p><\/p>\n<p><\/p>\n<p><strong>A projekt az Eur\u00f3pai Uni\u00f3 ERASMUS+ programj\u00e1nak keret\u00e9ben a Tempus K\u00f6zalap\u00edtv\u00e1ny t\u00e1mogat\u00e1s\u00e1val val\u00f3sult meg.<\/strong><\/p>\n<p><\/p>\n<p><\/p>\n<p><strong>Az elnyert\u00a0<\/strong><strong>136.891<\/strong>\u00a0<strong>eur\u00f3 t\u00e1mogat\u00e1si \u00f6sszegb\u0151l\u00a0<\/strong><strong>132.892<\/strong>\u00a0<strong>eur\u00f3 ker\u00fclt felhaszn\u00e1l\u00e1sra.<\/strong><\/p>\n<p><\/p>\t\t\t\t\t\t\t\t<\/div>\n\t\t\t\t<\/div>\n\t\t\t\t\t<\/div>\n\t\t<\/div>\n\t\t\t\t\t<\/div>\n\t\t<\/section>\n\t\t\t\t<\/div>\n\t\t","protected":false},"excerpt":{"rendered":"<p>P\u00c1LY\u00c1ZATI EREDM\u00c9NYEK Eur\u00f3pa hat\u00e1rok n\u00e9lk\u00fcl! &#8211; a Kerisekkel&#8221; 2017-1-HU01-KA116-035734 17\/1\/KA116\/035734 (2017.06.01. \u2013 2019.05.31.) A projekt h\u00e1ttere: A B\u00e9k\u00e9scsabai SZC Zwack J\u00f3zsef Kereskedelmi \u00e9s Vend\u00e9gl\u00e1t\u00f3ipari Szakgimn\u00e1ziuma \u00e9s Szakk\u00f6z\u00e9piskol\u00e1ja m\u00e1r 2004 \u00f3ta akt\u00edvan k\u00f6zrem\u0171k\u00f6dik nemzetk\u00f6zi projektekben. \u00c9vek \u00f3ta r\u00e9szt vesz\u00fcnk ERASMUS+ \u00e9s Hat\u00e1rtalanul! p\u00e1ly\u00e1zatokban, melyek seg\u00edts\u00e9g\u00e9vel sz\u00e1mos partnerrel alak\u00edthattunk ki megb\u00edzhat\u00f3, j\u00f3l m\u0171k\u00f6d\u0151 kapcsolatot. A 2017 \u00e9s [&hellip;]<\/p>\n","protected":false},"author":4,"featured_media":0,"parent":0,"menu_order":0,"comment_status":"closed","ping_status":"closed","template":"","meta":{"footnotes":""},"class_list":["post-693","page","type-page","status-publish","hentry"],"_links":{"self":[{"href":"\/index.php\/wp-json\/wp\/v2\/pages\/693","targetHints":{"allow":["GET"]}}],"collection":[{"href":"\/index.php\/wp-json\/wp\/v2\/pages"}],"about":[{"href":"\/index.php\/wp-json\/wp\/v2\/types\/page"}],"author":[{"embeddable":true,"href":"\/index.php\/wp-json\/wp\/v2\/users\/4"}],"replies":[{"embeddable":true,"href":"\/index.php\/wp-json\/wp\/v2\/comments?post=693"}],"version-history":[{"count":4,"href":"\/index.php\/wp-json\/wp\/v2\/pages\/693\/revisions"}],"predecessor-version":[{"id":704,"href":"\/index.php\/wp-json\/wp\/v2\/pages\/693\/revisions\/704"}],"wp:attachment":[{"href":"\/index.php\/wp-json\/wp\/v2\/media?parent=693"}],"curies":[{"name":"wp","href":"https:\/\/api.w.org\/{rel}","templated":true}]}}