{"id":69,"date":"2020-04-03T10:48:25","date_gmt":"2020-04-03T09:48:25","guid":{"rendered":"http:\/\/192.168.2.12\/?page_id=69"},"modified":"2020-05-19T08:36:28","modified_gmt":"2020-05-19T07:36:28","slug":"nevadonk","status":"publish","type":"page","link":"\/index.php\/iskolai-adatok\/nevadonk\/","title":{"rendered":"N\u00e9vad\u00f3nk"},"content":{"rendered":"\t\t<div data-elementor-type=\"wp-page\" data-elementor-id=\"69\" class=\"elementor elementor-69\" data-elementor-post-type=\"page\">\n\t\t\t\t\t\t<section class=\"elementor-section elementor-top-section elementor-element elementor-element-1d04c51 elementor-section-boxed elementor-section-height-default elementor-section-height-default\" data-id=\"1d04c51\" data-element_type=\"section\" data-e-type=\"section\">\n\t\t\t\t\t\t<div class=\"elementor-container elementor-column-gap-default\">\n\t\t\t\t\t<div class=\"elementor-column elementor-col-100 elementor-top-column elementor-element elementor-element-276ee85\" data-id=\"276ee85\" data-element_type=\"column\" data-e-type=\"column\">\n\t\t\t<div class=\"elementor-widget-wrap elementor-element-populated\">\n\t\t\t\t\t\t<div class=\"elementor-element elementor-element-2f6c562 elementor-widget elementor-widget-text-editor\" data-id=\"2f6c562\" data-element_type=\"widget\" data-e-type=\"widget\" data-widget_type=\"text-editor.default\">\n\t\t\t\t<div class=\"elementor-widget-container\">\n\t\t\t\t\t\t\t\t\t<p>Zwack J\u00f3zsef 1821-ben sz\u00fcletett Budapesten.<\/p>\t\t\t\t\t\t\t\t<\/div>\n\t\t\t\t<\/div>\n\t\t\t\t\t<\/div>\n\t\t<\/div>\n\t\t\t\t\t<\/div>\n\t\t<\/section>\n\t\t\t\t<section class=\"elementor-section elementor-top-section elementor-element elementor-element-c99fa58 elementor-section-boxed elementor-section-height-default elementor-section-height-default\" data-id=\"c99fa58\" data-element_type=\"section\" data-e-type=\"section\">\n\t\t\t\t\t\t<div class=\"elementor-container elementor-column-gap-default\">\n\t\t\t\t\t<div class=\"elementor-column elementor-col-66 elementor-top-column elementor-element elementor-element-4d36755\" data-id=\"4d36755\" data-element_type=\"column\" data-e-type=\"column\">\n\t\t\t<div class=\"elementor-widget-wrap elementor-element-populated\">\n\t\t\t\t\t\t<div class=\"elementor-element elementor-element-10be9d0 elementor-widget elementor-widget-text-editor\" data-id=\"10be9d0\" data-element_type=\"widget\" data-e-type=\"widget\" data-widget_type=\"text-editor.default\">\n\t\t\t\t<div class=\"elementor-widget-container\">\n\t\t\t\t\t\t\t\t\t<p>Miut\u00e1n a szeszipari szakm\u00e1t kitanulta, 1840-ben megalap\u00edtotta az els\u0151 lik\u0151rgy\u00e1rat. A szer\u00e9ny \u00fczemet Pesten, az \u00fan. Marokk\u00f3i udvarban rendezte be, majd 1854-ben, mint a legels\u0151 szabadalmazott lik\u0151rgy\u00e1rat az \u00dcll\u0151i \u00fatra helyezte \u00e1t.\u00a0<\/p>\t\t\t\t\t\t\t\t<\/div>\n\t\t\t\t<\/div>\n\t\t\t\t\t<\/div>\n\t\t<\/div>\n\t\t\t\t<div class=\"elementor-column elementor-col-33 elementor-top-column elementor-element elementor-element-de78d2b\" data-id=\"de78d2b\" data-element_type=\"column\" data-e-type=\"column\">\n\t\t\t<div class=\"elementor-widget-wrap elementor-element-populated\">\n\t\t\t\t\t\t<div class=\"elementor-element elementor-element-72ea3d7 elementor-widget elementor-widget-image\" data-id=\"72ea3d7\" data-element_type=\"widget\" data-e-type=\"widget\" data-widget_type=\"image.default\">\n\t\t\t\t<div class=\"elementor-widget-container\">\n\t\t\t\t\t\t\t\t\t\t\t\t<figure class=\"wp-caption\">\n\t\t\t\t\t\t\t\t\t\t<img fetchpriority=\"high\" decoding=\"async\" width=\"640\" height=\"417\" src=\"\/wp-content\/uploads\/2020\/04\/zwack_gy\u00e1r.png\" class=\"attachment-large size-large wp-image-539\" alt=\"\" srcset=\"\/wp-content\/uploads\/2020\/04\/zwack_gy\u00e1r.png 988w, \/wp-content\/uploads\/2020\/04\/zwack_gy\u00e1r-800x521.png 800w, \/wp-content\/uploads\/2020\/04\/zwack_gy\u00e1r-768x501.png 768w\" sizes=\"(max-width: 640px) 100vw, 640px\" \/>\t\t\t\t\t\t\t\t\t\t\t<figcaption class=\"widget-image-caption wp-caption-text\">Forr\u00e1s: Az Unicum h\u00e1z hivatalos oldala<\/figcaption>\n\t\t\t\t\t\t\t\t\t\t<\/figure>\n\t\t\t\t\t\t\t\t\t<\/div>\n\t\t\t\t<\/div>\n\t\t\t\t\t<\/div>\n\t\t<\/div>\n\t\t\t\t\t<\/div>\n\t\t<\/section>\n\t\t\t\t<section class=\"elementor-section elementor-top-section elementor-element elementor-element-ba0d0ac elementor-section-boxed elementor-section-height-default elementor-section-height-default\" data-id=\"ba0d0ac\" data-element_type=\"section\" data-e-type=\"section\">\n\t\t\t\t\t\t<div class=\"elementor-container elementor-column-gap-default\">\n\t\t\t\t\t<div class=\"elementor-column elementor-col-100 elementor-top-column elementor-element elementor-element-36591f0\" data-id=\"36591f0\" data-element_type=\"column\" data-e-type=\"column\">\n\t\t\t<div class=\"elementor-widget-wrap elementor-element-populated\">\n\t\t\t\t\t\t<div class=\"elementor-element elementor-element-f4d15ef elementor-widget elementor-widget-text-editor\" data-id=\"f4d15ef\" data-element_type=\"widget\" data-e-type=\"widget\" data-widget_type=\"text-editor.default\">\n\t\t\t\t<div class=\"elementor-widget-container\">\n\t\t\t\t\t\t\t\t\t<p>Az ifj\u00fa v\u00e1llalkoz\u00f3 egy, m\u00e1r f\u00e9l \u00e9vsz\u00e1zada a csal\u00e1d birtok\u00e1ban l\u00e9v\u0151 titkos receptre \u00e9p\u00edtette elgondol\u00e1sait. Mint k\u00e9s\u0151bb kider\u00fclt, a sz\u00f3ban forg\u00f3 recept nemcsak egy p\u00e1ratlan ital, de egy p\u00e1ratlan gazdas\u00e1gi siker titk\u00e1t is rejtette.<\/p><p>Az 1850-es \u00e9vek els\u0151 fel\u00e9ben Zwack J\u00f3zsef feles\u00e9g\u00fcl vette Sattler M\u00e1ri\u00e1t, akit\u0151l 1852 \u00e9s 1855 k\u00f6z\u00f6tt n\u00e9gy gyermeke sz\u00fcletett: Hermina, R\u00f3za, \u00d6d\u00f6n \u00e9s Lajos. \/Ut\u00f3bbi lett k\u00e9s\u0151bb a Zwack-c\u00e9g harmadik \u00fczlett\u00e1rsa. \/<\/p><p>A lik\u0151r-, rum-, \u00e9s szeszgy\u00e1r fokozatos fejleszt\u00e9s\u00e9vel k\u00e9sz\u00edtm\u00e9nyei a k\u00fclf\u00f6ldi piacokon is versenyk\u00e9pesek lettek.<\/p>\t\t\t\t\t\t\t\t<\/div>\n\t\t\t\t<\/div>\n\t\t\t\t\t<\/div>\n\t\t<\/div>\n\t\t\t\t\t<\/div>\n\t\t<\/section>\n\t\t\t\t<section class=\"elementor-section elementor-top-section elementor-element elementor-element-5516f92 elementor-section-boxed elementor-section-height-default elementor-section-height-default\" data-id=\"5516f92\" data-element_type=\"section\" data-e-type=\"section\">\n\t\t\t\t\t\t<div class=\"elementor-container elementor-column-gap-default\">\n\t\t\t\t\t<div class=\"elementor-column elementor-col-66 elementor-top-column elementor-element elementor-element-e9c9769\" data-id=\"e9c9769\" data-element_type=\"column\" data-e-type=\"column\">\n\t\t\t<div class=\"elementor-widget-wrap elementor-element-populated\">\n\t\t\t\t\t\t<div class=\"elementor-element elementor-element-cd6dacb elementor-widget elementor-widget-text-editor\" data-id=\"cd6dacb\" data-element_type=\"widget\" data-e-type=\"widget\" data-widget_type=\"text-editor.default\">\n\t\t\t\t<div class=\"elementor-widget-container\">\n\t\t\t\t\t\t\t\t\t<p>M\u00e1r az 1885-\u00f6s Budapesti Orsz\u00e1gos Ki\u00e1ll\u00edt\u00e1s (amelynek egy\u00e9bk\u00e9nt Zwack J\u00f3zsef egyik zs\u0171ritagja volt) katal\u00f3gus\u00e1ban sz\u00f3 esik a c\u00e9g exportj\u00e1r\u00f3l. Eszerint a 22 munk\u00e1st foglalkoztat\u00f3 gy\u00e1r 20-30 ezer forint \u00e9rt\u00e9k\u0171 k\u00fcl\u00f6nf\u00e9le lik\u0151rt, szilv\u00f3riumot \u00e9s konyakot sz\u00e1ll\u00edtott Ausztri\u00e1ba, Franciaorsz\u00e1gba, Oroszorsz\u00e1gba, s\u0151t Amerik\u00e1ba is. 1892-ben \u00e1rszervezte az \u00fczemet, amely korszer\u0171 berendez\u00e9s\u00e9vel t\u0171nt ki.<\/p><p>A Zwack J\u00f3zsef \u00e9s T\u00e1rsai c\u00e9g a Monarchia idej\u00e9n a cs\u00e1sz\u00e1ri udvar hivatalos sz\u00e1ll\u00edt\u00f3j\u00e1v\u00e1 l\u00e9pett el\u0151, \u00e9s term\u00e9keivel k\u00fclf\u00f6ld\u00f6n is sorozatban nyerte a rangj\u00e1hoz m\u00e9lt\u00f3 kit\u00fcntet\u00e9seket \u00e9s d\u00edjakat.<\/p>\t\t\t\t\t\t\t\t<\/div>\n\t\t\t\t<\/div>\n\t\t\t\t\t<\/div>\n\t\t<\/div>\n\t\t\t\t<div class=\"elementor-column elementor-col-33 elementor-top-column elementor-element elementor-element-7c4d9d8\" data-id=\"7c4d9d8\" data-element_type=\"column\" data-e-type=\"column\">\n\t\t\t<div class=\"elementor-widget-wrap elementor-element-populated\">\n\t\t\t\t\t\t<div class=\"elementor-element elementor-element-4bceb9f elementor-widget elementor-widget-image\" data-id=\"4bceb9f\" data-element_type=\"widget\" data-e-type=\"widget\" data-widget_type=\"image.default\">\n\t\t\t\t<div class=\"elementor-widget-container\">\n\t\t\t\t\t\t\t\t\t\t\t\t<figure class=\"wp-caption\">\n\t\t\t\t\t\t\t\t\t\t<img decoding=\"async\" width=\"640\" height=\"427\" src=\"\/wp-content\/uploads\/2020\/04\/DSC_6403.jpg\" class=\"attachment-large size-large wp-image-510\" alt=\"\" srcset=\"\/wp-content\/uploads\/2020\/04\/DSC_6403.jpg 1024w, \/wp-content\/uploads\/2020\/04\/DSC_6403-800x534.jpg 800w, \/wp-content\/uploads\/2020\/04\/DSC_6403-768x512.jpg 768w\" sizes=\"(max-width: 640px) 100vw, 640px\" \/>\t\t\t\t\t\t\t\t\t\t\t<figcaption class=\"widget-image-caption wp-caption-text\">N\u00e9vad\u00f3nk, Zwack J\u00f3zsef mellszobra<\/figcaption>\n\t\t\t\t\t\t\t\t\t\t<\/figure>\n\t\t\t\t\t\t\t\t\t<\/div>\n\t\t\t\t<\/div>\n\t\t\t\t\t<\/div>\n\t\t<\/div>\n\t\t\t\t\t<\/div>\n\t\t<\/section>\n\t\t\t\t<section class=\"elementor-section elementor-top-section elementor-element elementor-element-6b18ff4 elementor-section-boxed elementor-section-height-default elementor-section-height-default\" data-id=\"6b18ff4\" data-element_type=\"section\" data-e-type=\"section\">\n\t\t\t\t\t\t<div class=\"elementor-container elementor-column-gap-default\">\n\t\t\t\t\t<div class=\"elementor-column elementor-col-33 elementor-top-column elementor-element elementor-element-f6927dd\" data-id=\"f6927dd\" data-element_type=\"column\" data-e-type=\"column\">\n\t\t\t<div class=\"elementor-widget-wrap elementor-element-populated\">\n\t\t\t\t\t\t<div class=\"elementor-element elementor-element-156875e elementor-widget elementor-widget-image\" data-id=\"156875e\" data-element_type=\"widget\" data-e-type=\"widget\" data-widget_type=\"image.default\">\n\t\t\t\t<div class=\"elementor-widget-container\">\n\t\t\t\t\t\t\t\t\t\t\t\t<figure class=\"wp-caption\">\n\t\t\t\t\t\t\t\t\t\t<img decoding=\"async\" width=\"640\" height=\"864\" src=\"\/wp-content\/uploads\/2020\/04\/unicum_plak\u00e1t.jpg\" class=\"attachment-large size-large wp-image-537\" alt=\"\" srcset=\"\/wp-content\/uploads\/2020\/04\/unicum_plak\u00e1t.jpg 680w, \/wp-content\/uploads\/2020\/04\/unicum_plak\u00e1t-593x800.jpg 593w\" sizes=\"(max-width: 640px) 100vw, 640px\" \/>\t\t\t\t\t\t\t\t\t\t\t<figcaption class=\"widget-image-caption wp-caption-text\">Forr\u00e1s: Pinterest<\/figcaption>\n\t\t\t\t\t\t\t\t\t\t<\/figure>\n\t\t\t\t\t\t\t\t\t<\/div>\n\t\t\t\t<\/div>\n\t\t\t\t\t<\/div>\n\t\t<\/div>\n\t\t\t\t<div class=\"elementor-column elementor-col-66 elementor-top-column elementor-element elementor-element-1bde970\" data-id=\"1bde970\" data-element_type=\"column\" data-e-type=\"column\">\n\t\t\t<div class=\"elementor-widget-wrap elementor-element-populated\">\n\t\t\t\t\t\t<div class=\"elementor-element elementor-element-7d89c12 elementor-widget elementor-widget-text-editor\" data-id=\"7d89c12\" data-element_type=\"widget\" data-e-type=\"widget\" data-widget_type=\"text-editor.default\">\n\t\t\t\t<div class=\"elementor-widget-container\">\n\t\t\t\t\t\t\t\t\t<p>A Zwack-c\u00e9g legh\u00edresebb\u00e9 v\u00e1l\u00f3 ital\u00e1nak v\u00e9djegy\u00e9t 1883. m\u00e1jus 22-\u00e9n de. 11 \u00f3rakor lajstromozt\u00e1k &#8222;az Unicum n\u00e9v alatt forgalomba hozott gyomorer\u0151s\u00edt\u0151 lik\u0151r megv\u00e9d\u00e9s\u00e9re.&#8221; A 805-071 sz\u00e1mmal szerepl\u0151 term\u00e9kben megtestes\u00fclt az \u00f6sszes addigi gy\u00f3gyn\u00f6v\u00e9ny f\u0151zet\u0171 italk\u00fcl\u00f6nlegess\u00e9g, amelynek titk\u00e1t m\u00e1r sz\u00e1z \u00e9v \u00f3ta \u0151rizte ekkor a csal\u00e1d.<\/p><p>Zwack-c\u00e9g legismertebb term\u00e9k\u00e9nek, az Unicumnak tal\u00e1n legh\u00edresebb rekl\u00e1mj\u00e1v\u00e1 a v\u00edzb\u0151l felbukkan\u00f3, csapzott haj\u00fa \u00e9s a v\u00edz felsz\u00edn\u00e9n himb\u00e1l\u00f3dz\u00f3 jellegzetes palacknak meg\u00f6r\u00fcl\u0151 f\u00e9rfi plak\u00e1tja v\u00e1lt.<\/p>\t\t\t\t\t\t\t\t<\/div>\n\t\t\t\t<\/div>\n\t\t\t\t\t<\/div>\n\t\t<\/div>\n\t\t\t\t\t<\/div>\n\t\t<\/section>\n\t\t\t\t<section class=\"elementor-section elementor-top-section elementor-element elementor-element-f0a776c elementor-section-boxed elementor-section-height-default elementor-section-height-default\" data-id=\"f0a776c\" data-element_type=\"section\" data-e-type=\"section\">\n\t\t\t\t\t\t<div class=\"elementor-container elementor-column-gap-default\">\n\t\t\t\t\t<div class=\"elementor-column elementor-col-66 elementor-top-column elementor-element elementor-element-b4d9e71\" data-id=\"b4d9e71\" data-element_type=\"column\" data-e-type=\"column\">\n\t\t\t<div class=\"elementor-widget-wrap elementor-element-populated\">\n\t\t\t\t\t\t<div class=\"elementor-element elementor-element-071cbfb elementor-widget elementor-widget-text-editor\" data-id=\"071cbfb\" data-element_type=\"widget\" data-e-type=\"widget\" data-widget_type=\"text-editor.default\">\n\t\t\t\t<div class=\"elementor-widget-container\">\n\t\t\t\t\t\t\t\t\t<p>Zwack J\u00f3zsef p\u00e9ld\u00e1s pontoss\u00e1ggal dolgozott reggelt\u0151l napestig \u00edr\u00f3asztal\u00e1n\u00e1l. A szakma a &#8222;gener\u00e1lis&#8221; elnevez\u00e9ssel tisztelte meg. Munkakedve \u00e9s b\u00e1mulatos eml\u00e9kez\u0151 tehets\u00e9ge m\u00e9g 93 \u00e9ves kor\u00e1ban sem hagyta el. Vas\u00e1rnapjait k\u00fcltelki bolyong\u00e1sokkal t\u00f6lt\u00f6tte, szem\u00e9lyesen nyomozv\u00e1n a n\u00e1la seg\u00e9ly\u00e9rt k\u00e9rv\u00e9nyez\u0151k t\u00e9nyleges viszonyai ut\u00e1n. \u00cdgy tal\u00e1lt iskol\u00e1s gyermekeket, akiket tan\u00edttatott, f\u00e9rjhez adand\u00f3 l\u00e1nyoknak hozom\u00e1nyt adott, \u00e1rva gyermekeket a saj\u00e1t k\u00f6lts\u00e9gein neveltetett.<\/p><p>\u00c1lland\u00f3an j\u00f3t tett an\u00e9lk\u00fcl, hogy ezt a legsz\u0171kebb k\u00f6rnyezete is tudta volna.<\/p><p>Zwack J\u00f3zsef 1915. febru\u00e1r 20-\u00e1n halt meg Budapesten. Szorgalma, kereskedelmi k\u00e9pzetts\u00e9ge p\u00e9lda\u00e9rt\u00e9k\u0171 volt.<\/p>\t\t\t\t\t\t\t\t<\/div>\n\t\t\t\t<\/div>\n\t\t\t\t\t<\/div>\n\t\t<\/div>\n\t\t\t\t<div class=\"elementor-column elementor-col-33 elementor-top-column elementor-element elementor-element-6f63985\" data-id=\"6f63985\" data-element_type=\"column\" data-e-type=\"column\">\n\t\t\t<div class=\"elementor-widget-wrap elementor-element-populated\">\n\t\t\t\t\t\t<div class=\"elementor-element elementor-element-08bdf6c elementor-widget elementor-widget-image\" data-id=\"08bdf6c\" data-element_type=\"widget\" data-e-type=\"widget\" data-widget_type=\"image.default\">\n\t\t\t\t<div class=\"elementor-widget-container\">\n\t\t\t\t\t\t\t\t\t\t\t\t<figure class=\"wp-caption\">\n\t\t\t\t\t\t\t\t\t\t<img loading=\"lazy\" decoding=\"async\" width=\"418\" height=\"729\" src=\"\/wp-content\/uploads\/2020\/04\/zwackjozsefsir.jpg\" class=\"attachment-large size-large wp-image-538\" alt=\"\" \/>\t\t\t\t\t\t\t\t\t\t\t<figcaption class=\"widget-image-caption wp-caption-text\"> Iskol\u00e1nk n\u00e9vad\u00f3j\u00e1nak, Zwack J\u00f3zsefnek a s\u00edreml\u00e9ke <\/figcaption>\n\t\t\t\t\t\t\t\t\t\t<\/figure>\n\t\t\t\t\t\t\t\t\t<\/div>\n\t\t\t\t<\/div>\n\t\t\t\t\t<\/div>\n\t\t<\/div>\n\t\t\t\t\t<\/div>\n\t\t<\/section>\n\t\t\t\t<\/div>\n\t\t","protected":false},"excerpt":{"rendered":"<p>Zwack J\u00f3zsef 1821-ben sz\u00fcletett Budapesten. Miut\u00e1n a szeszipari szakm\u00e1t kitanulta, 1840-ben megalap\u00edtotta az els\u0151 lik\u0151rgy\u00e1rat. A szer\u00e9ny \u00fczemet Pesten, az \u00fan. Marokk\u00f3i udvarban rendezte be, majd 1854-ben, mint a legels\u0151 szabadalmazott lik\u0151rgy\u00e1rat az \u00dcll\u0151i \u00fatra helyezte \u00e1t.\u00a0 Forr\u00e1s: Az Unicum h\u00e1z hivatalos oldala Az ifj\u00fa v\u00e1llalkoz\u00f3 egy, m\u00e1r f\u00e9l \u00e9vsz\u00e1zada a csal\u00e1d birtok\u00e1ban l\u00e9v\u0151 titkos [&hellip;]<\/p>\n","protected":false},"author":4,"featured_media":0,"parent":238,"menu_order":0,"comment_status":"closed","ping_status":"closed","template":"","meta":{"footnotes":""},"class_list":["post-69","page","type-page","status-publish","hentry"],"_links":{"self":[{"href":"\/index.php\/wp-json\/wp\/v2\/pages\/69","targetHints":{"allow":["GET"]}}],"collection":[{"href":"\/index.php\/wp-json\/wp\/v2\/pages"}],"about":[{"href":"\/index.php\/wp-json\/wp\/v2\/types\/page"}],"author":[{"embeddable":true,"href":"\/index.php\/wp-json\/wp\/v2\/users\/4"}],"replies":[{"embeddable":true,"href":"\/index.php\/wp-json\/wp\/v2\/comments?post=69"}],"version-history":[{"count":5,"href":"\/index.php\/wp-json\/wp\/v2\/pages\/69\/revisions"}],"predecessor-version":[{"id":1167,"href":"\/index.php\/wp-json\/wp\/v2\/pages\/69\/revisions\/1167"}],"up":[{"embeddable":true,"href":"\/index.php\/wp-json\/wp\/v2\/pages\/238"}],"wp:attachment":[{"href":"\/index.php\/wp-json\/wp\/v2\/media?parent=69"}],"curies":[{"name":"wp","href":"https:\/\/api.w.org\/{rel}","templated":true}]}}