{"id":684,"date":"2020-05-13T09:11:06","date_gmt":"2020-05-13T08:11:06","guid":{"rendered":"\/?page_id=684"},"modified":"2020-05-13T09:24:31","modified_gmt":"2020-05-13T08:24:31","slug":"erasmus-2016-2018","status":"publish","type":"page","link":"\/index.php\/erasmus-2016-2018\/","title":{"rendered":"Erasmus+ (2016-2018)"},"content":{"rendered":"\t\t<div data-elementor-type=\"wp-page\" data-elementor-id=\"684\" class=\"elementor elementor-684\" data-elementor-post-type=\"page\">\n\t\t\t\t\t\t<section class=\"elementor-section elementor-top-section elementor-element elementor-element-d06db63 elementor-section-boxed elementor-section-height-default elementor-section-height-default\" data-id=\"d06db63\" data-element_type=\"section\" data-e-type=\"section\">\n\t\t\t\t\t\t<div class=\"elementor-container elementor-column-gap-default\">\n\t\t\t\t\t<div class=\"elementor-column elementor-col-50 elementor-top-column elementor-element elementor-element-69503d7\" data-id=\"69503d7\" data-element_type=\"column\" data-e-type=\"column\">\n\t\t\t<div class=\"elementor-widget-wrap elementor-element-populated\">\n\t\t\t\t\t\t<div class=\"elementor-element elementor-element-22fd5c9 elementor-widget elementor-widget-image\" data-id=\"22fd5c9\" data-element_type=\"widget\" data-e-type=\"widget\" data-widget_type=\"image.default\">\n\t\t\t\t<div class=\"elementor-widget-container\">\n\t\t\t\t\t\t\t\t\t\t\t\t\t\t\t<img fetchpriority=\"high\" decoding=\"async\" width=\"504\" height=\"143\" src=\"\/wp-content\/uploads\/2020\/05\/Erasmuslogo.jpg\" class=\"attachment-large size-large wp-image-687\" alt=\"\" \/>\t\t\t\t\t\t\t\t\t\t\t\t\t\t\t<\/div>\n\t\t\t\t<\/div>\n\t\t\t\t\t<\/div>\n\t\t<\/div>\n\t\t\t\t<div class=\"elementor-column elementor-col-50 elementor-top-column elementor-element elementor-element-021c3e5\" data-id=\"021c3e5\" data-element_type=\"column\" data-e-type=\"column\">\n\t\t\t<div class=\"elementor-widget-wrap elementor-element-populated\">\n\t\t\t\t\t\t<div class=\"elementor-element elementor-element-ecf3974 elementor-widget elementor-widget-image\" data-id=\"ecf3974\" data-element_type=\"widget\" data-e-type=\"widget\" data-widget_type=\"image.default\">\n\t\t\t\t<div class=\"elementor-widget-container\">\n\t\t\t\t\t\t\t\t\t\t\t\t\t\t\t<img decoding=\"async\" width=\"441\" height=\"133\" src=\"\/wp-content\/uploads\/2020\/05\/Tempuslogo.jpg\" class=\"attachment-large size-large wp-image-688\" alt=\"\" \/>\t\t\t\t\t\t\t\t\t\t\t\t\t\t\t<\/div>\n\t\t\t\t<\/div>\n\t\t\t\t\t<\/div>\n\t\t<\/div>\n\t\t\t\t\t<\/div>\n\t\t<\/section>\n\t\t\t\t<section class=\"elementor-section elementor-top-section elementor-element elementor-element-ea7cb61 elementor-section-boxed elementor-section-height-default elementor-section-height-default\" data-id=\"ea7cb61\" data-element_type=\"section\" data-e-type=\"section\">\n\t\t\t\t\t\t<div class=\"elementor-container elementor-column-gap-default\">\n\t\t\t\t\t<div class=\"elementor-column elementor-col-100 elementor-top-column elementor-element elementor-element-45ac773\" data-id=\"45ac773\" data-element_type=\"column\" data-e-type=\"column\">\n\t\t\t<div class=\"elementor-widget-wrap elementor-element-populated\">\n\t\t\t\t\t\t<div class=\"elementor-element elementor-element-1bc1476 elementor-widget elementor-widget-heading\" data-id=\"1bc1476\" data-element_type=\"widget\" data-e-type=\"widget\" data-widget_type=\"heading.default\">\n\t\t\t\t<div class=\"elementor-widget-container\">\n\t\t\t\t\t<h4 class=\"elementor-heading-title elementor-size-default\">Ir\u00e1ny Eur\u00f3pa! - Kerisek szakmai gyakorlata \u00e9s tapasztalatszerz\u00e9se k\u00fclf\u00f6ld\u00f6n<\/h4>\t\t\t\t<\/div>\n\t\t\t\t<\/div>\n\t\t\t\t\t<\/div>\n\t\t<\/div>\n\t\t\t\t\t<\/div>\n\t\t<\/section>\n\t\t\t\t<section class=\"elementor-section elementor-top-section elementor-element elementor-element-82d2d8b elementor-section-boxed elementor-section-height-default elementor-section-height-default\" data-id=\"82d2d8b\" data-element_type=\"section\" data-e-type=\"section\">\n\t\t\t\t\t\t<div class=\"elementor-container elementor-column-gap-default\">\n\t\t\t\t\t<div class=\"elementor-column elementor-col-100 elementor-top-column elementor-element elementor-element-9a3c8db\" data-id=\"9a3c8db\" data-element_type=\"column\" data-e-type=\"column\">\n\t\t\t<div class=\"elementor-widget-wrap elementor-element-populated\">\n\t\t\t\t\t\t<div class=\"elementor-element elementor-element-07581a3 elementor-widget elementor-widget-heading\" data-id=\"07581a3\" data-element_type=\"widget\" data-e-type=\"widget\" data-widget_type=\"heading.default\">\n\t\t\t\t<div class=\"elementor-widget-container\">\n\t\t\t\t\t<h4 class=\"elementor-heading-title elementor-size-default\">2016-1-HU01-KA102-022808<\/h4>\t\t\t\t<\/div>\n\t\t\t\t<\/div>\n\t\t\t\t\t<\/div>\n\t\t<\/div>\n\t\t\t\t\t<\/div>\n\t\t<\/section>\n\t\t\t\t<section class=\"elementor-section elementor-top-section elementor-element elementor-element-b5dadd2 elementor-section-boxed elementor-section-height-default elementor-section-height-default\" data-id=\"b5dadd2\" data-element_type=\"section\" data-e-type=\"section\">\n\t\t\t\t\t\t<div class=\"elementor-container elementor-column-gap-default\">\n\t\t\t\t\t<div class=\"elementor-column elementor-col-100 elementor-top-column elementor-element elementor-element-ce826e6\" data-id=\"ce826e6\" data-element_type=\"column\" data-e-type=\"column\">\n\t\t\t<div class=\"elementor-widget-wrap elementor-element-populated\">\n\t\t\t\t\t\t<div class=\"elementor-element elementor-element-0d631ce elementor-widget elementor-widget-heading\" data-id=\"0d631ce\" data-element_type=\"widget\" data-e-type=\"widget\" data-widget_type=\"heading.default\">\n\t\t\t\t<div class=\"elementor-widget-container\">\n\t\t\t\t\t<h4 class=\"elementor-heading-title elementor-size-default\">16\/1\/KA102\/022808<\/h4>\t\t\t\t<\/div>\n\t\t\t\t<\/div>\n\t\t\t\t\t<\/div>\n\t\t<\/div>\n\t\t\t\t\t<\/div>\n\t\t<\/section>\n\t\t\t\t<section class=\"elementor-section elementor-top-section elementor-element elementor-element-f321d98 elementor-section-boxed elementor-section-height-default elementor-section-height-default\" data-id=\"f321d98\" data-element_type=\"section\" data-e-type=\"section\">\n\t\t\t\t\t\t<div class=\"elementor-container elementor-column-gap-default\">\n\t\t\t\t\t<div class=\"elementor-column elementor-col-100 elementor-top-column elementor-element elementor-element-0df7053\" data-id=\"0df7053\" data-element_type=\"column\" data-e-type=\"column\">\n\t\t\t<div class=\"elementor-widget-wrap elementor-element-populated\">\n\t\t\t\t\t\t<div class=\"elementor-element elementor-element-275127b elementor-widget elementor-widget-heading\" data-id=\"275127b\" data-element_type=\"widget\" data-e-type=\"widget\" data-widget_type=\"heading.default\">\n\t\t\t\t<div class=\"elementor-widget-container\">\n\t\t\t\t\t<h4 class=\"elementor-heading-title elementor-size-default\">2016.06.01. \u2013 2018.05.31.<\/h4>\t\t\t\t<\/div>\n\t\t\t\t<\/div>\n\t\t\t\t\t<\/div>\n\t\t<\/div>\n\t\t\t\t\t<\/div>\n\t\t<\/section>\n\t\t\t\t<section class=\"elementor-section elementor-top-section elementor-element elementor-element-d39846d elementor-section-boxed elementor-section-height-default elementor-section-height-default\" data-id=\"d39846d\" data-element_type=\"section\" data-e-type=\"section\">\n\t\t\t\t\t\t<div class=\"elementor-container elementor-column-gap-default\">\n\t\t\t\t\t<div class=\"elementor-column elementor-col-100 elementor-top-column elementor-element elementor-element-fe9b01e\" data-id=\"fe9b01e\" data-element_type=\"column\" data-e-type=\"column\">\n\t\t\t<div class=\"elementor-widget-wrap elementor-element-populated\">\n\t\t\t\t\t\t<div class=\"elementor-element elementor-element-081c984 elementor-widget elementor-widget-text-editor\" data-id=\"081c984\" data-element_type=\"widget\" data-e-type=\"widget\" data-widget_type=\"text-editor.default\">\n\t\t\t\t<div class=\"elementor-widget-container\">\n\t\t\t\t\t\t\t\t\t<p><span style=\"font-weight: bolder;\"><u>H\u00e1tt\u00e9r:<\/u><\/span><\/p>\n<p>A B\u00e9k\u00e9scsabai Szakk\u00e9pz\u00e9si Centrum (BSZC) Zwack J\u00f3zsef Kereskedelmi \u00e9s Vend\u00e9gl\u00e1t\u00f3ipari Szakk\u00e9pz\u0151 Iskol\u00e1ja (el\u0151dint\u00e9zm\u00e9nyeivel) m\u00e1r 2004 \u00f3ta foglalkozik nemzetk\u00f6zi projektekkel. Az elm\u00falt \u00e9vek sor\u00e1n t\u00f6bb tan\u00e1r koll\u00e9ga csatlakozott ahhoz a kezdeti 2-3 f\u0151s csapathoz, amely ezeket a projekteket megval\u00f3s\u00edtja.<\/p>\n<p>\u00c9vek \u00f3ta r\u00e9szt vesz\u00fcnk\/vett\u00fcnk ERASMUS+, LLP, Comenius, \u00e9s Hat\u00e1rtalanul! p\u00e1ly\u00e1zatokban, melyek seg\u00edts\u00e9g\u00e9vel, rengeteg partnerrel alak\u00edtottunk ki megb\u00edzhat\u00f3, j\u00f3l m\u0171k\u00f6d\u0151 kapcsolatot. Jelen p\u00e1ly\u00e1zatban els\u0151sorban azok a partnerek jelennek meg, akikkel m\u00e1r t\u00f6bb sikeres ERASMUS+, \u00e9s LLP projektet val\u00f3s\u00edtottunk meg (valamely el\u0151dint\u00e9zm\u00e9nyi keretek k\u00f6z\u00f6tt). C\u00e9lunk az, hogy tov\u00e1bb folytassuk ezeket a sikeres mobilit\u00e1sokat a jelenlegi Erasmus+ programban is.<\/p>\t\t\t\t\t\t\t\t<\/div>\n\t\t\t\t<\/div>\n\t\t\t\t\t<\/div>\n\t\t<\/div>\n\t\t\t\t\t<\/div>\n\t\t<\/section>\n\t\t\t\t<section class=\"elementor-section elementor-top-section elementor-element elementor-element-6176bb2 elementor-section-boxed elementor-section-height-default elementor-section-height-default\" data-id=\"6176bb2\" data-element_type=\"section\" data-e-type=\"section\">\n\t\t\t\t\t\t<div class=\"elementor-container elementor-column-gap-default\">\n\t\t\t\t\t<div class=\"elementor-column elementor-col-100 elementor-top-column elementor-element elementor-element-2e39e28\" data-id=\"2e39e28\" data-element_type=\"column\" data-e-type=\"column\">\n\t\t\t<div class=\"elementor-widget-wrap elementor-element-populated\">\n\t\t\t\t\t\t<div class=\"elementor-element elementor-element-88cbad8 elementor-widget elementor-widget-text-editor\" data-id=\"88cbad8\" data-element_type=\"widget\" data-e-type=\"widget\" data-widget_type=\"text-editor.default\">\n\t\t\t\t<div class=\"elementor-widget-container\">\n\t\t\t\t\t\t\t\t\t<p><span style=\"font-weight: bolder;\"><u>C\u00e9lok:<\/u><\/span><\/p>\n<ul>\n<li>92 tanul\u00f3 szakmai gyakorlat\u00e1nak sikeres megval\u00f3s\u00edt\u00e1sa k\u00fclf\u00f6ldi szakk\u00e9pz\u0151 iskol\u00e1k \u00e9s v\u00e1llalatok seg\u00edts\u00e9g\u00e9vel.<\/li>\n<li>A r\u00e9sztvev\u0151k idegen nyelvi, szakmai, szem\u00e9lyes, digit\u00e1lis, v\u00e1llalkoz\u00f3i, interkultur\u00e1lis, szoci\u00e1lis kompetenci\u00e1nak fejleszt\u00e9se.<\/li>\n<li>8 tan\u00e1r, oktat\u00f3 tanulm\u00e1ny\u00fatj\u00e1nak\/gyakorlat\u00e1nak megval\u00f3s\u00edt\u00e1sa k\u00fclf\u00f6ldi szakk\u00e9pz\u0151 iskol\u00e1k \u00e9s v\u00e1llalatok seg\u00edts\u00e9g\u00e9vel.<\/li>\n<li>A r\u00e9sztvev\u0151k idegen nyelvi, szakmai, szem\u00e9lyes, m\u00f3dszertani, szervez\u0151i, digit\u00e1lis, interkultur\u00e1lis, kompetenci\u00e1nak fejleszt\u00e9se.<\/li>\n<li>A k\u00fclf\u00f6ld\u00f6n szerzett tanul\u00e1si eredm\u00e9nyek egys\u00e9ges \u00e9rt\u00e9kel\u00e9s\u00e9nek, dokument\u00e1l\u00e1s\u00e1nak, \u00e9rv\u00e9nyes\u00edt\u00e9s\u00e9nek \u00e9s elismer\u00e9s\u00e9nek megval\u00f3s\u00edt\u00e1sa.<\/li>\n<li>A projekt eredm\u00e9nyeinek \u00e9s dokumentumainak hasznos\u00edt\u00e1sa.<\/li>\n<li>Akt\u00edv nemzetk\u00f6zi partneri h\u00e1l\u00f3zat fenntart\u00e1sa eur\u00f3pai k\u00e9pz\u0151 int\u00e9zm\u00e9nyekkel, v\u00e1llalatokkal.<\/li>\n<\/ul>\t\t\t\t\t\t\t\t<\/div>\n\t\t\t\t<\/div>\n\t\t\t\t\t<\/div>\n\t\t<\/div>\n\t\t\t\t\t<\/div>\n\t\t<\/section>\n\t\t\t\t<section class=\"elementor-section elementor-top-section elementor-element elementor-element-0ccf2db elementor-section-boxed elementor-section-height-default elementor-section-height-default\" data-id=\"0ccf2db\" data-element_type=\"section\" data-e-type=\"section\">\n\t\t\t\t\t\t<div class=\"elementor-container elementor-column-gap-default\">\n\t\t\t\t\t<div class=\"elementor-column elementor-col-100 elementor-top-column elementor-element elementor-element-c7fc73a\" data-id=\"c7fc73a\" data-element_type=\"column\" data-e-type=\"column\">\n\t\t\t<div class=\"elementor-widget-wrap elementor-element-populated\">\n\t\t\t\t\t\t<div class=\"elementor-element elementor-element-b66372f elementor-widget elementor-widget-text-editor\" data-id=\"b66372f\" data-element_type=\"widget\" data-e-type=\"widget\" data-widget_type=\"text-editor.default\">\n\t\t\t\t<div class=\"elementor-widget-container\">\n\t\t\t\t\t\t\t\t\t<p><span style=\"font-weight: bolder;\"><u>A r\u00e9sztvev\u0151k sz\u00e1ma \u00e9s szakmai h\u00e1ttere:<\/u><\/span><\/p>\n<ol type=\"1\">\n<li>Tanul\u00f3k:<\/li>\n<\/ol>\n<p>\u00b7\u00a0 \u00a0 \u00a0 Vend\u00e9gl\u00e1t\u00e1s-turisztika szakmacsoport (17 szak\u00e1cs, 20 vend\u00e9gl\u00e1t\u00e1sszervez\u0151-vend\u00e9gl\u0151s (szak\u00e1cs\u00a0 \u00a0 \u00a0 \u00a0 \u00a0 \u00a0 gyakorlat), 8 pinc\u00e9r, 9 cukr\u00e1sz)<\/p>\n<p>\u00b7\u00a0\u00a0\u00a0\u00a0\u00a0\u00a0Kereskedelem szakmacsoport (17 elad\u00f3, 21 keresked\u0151)<\/p>\n<ol start=\"2\" type=\"1\">\n<li>Tan\u00e1rok\/oktat\u00f3k:<\/li>\n<\/ol>\n<p>\u00b7\u00a0 \u00a0 \u00a0 \u00a0Vend\u00e9gl\u00e1t\u00e1s-turisztika (8 f\u0151)<\/p>\t\t\t\t\t\t\t\t<\/div>\n\t\t\t\t<\/div>\n\t\t\t\t\t<\/div>\n\t\t<\/div>\n\t\t\t\t\t<\/div>\n\t\t<\/section>\n\t\t\t\t<section class=\"elementor-section elementor-top-section elementor-element elementor-element-7c121a1 elementor-section-boxed elementor-section-height-default elementor-section-height-default\" data-id=\"7c121a1\" data-element_type=\"section\" data-e-type=\"section\">\n\t\t\t\t\t\t<div class=\"elementor-container elementor-column-gap-default\">\n\t\t\t\t\t<div class=\"elementor-column elementor-col-100 elementor-top-column elementor-element elementor-element-3cf655e\" data-id=\"3cf655e\" data-element_type=\"column\" data-e-type=\"column\">\n\t\t\t<div class=\"elementor-widget-wrap elementor-element-populated\">\n\t\t\t\t\t\t<div class=\"elementor-element elementor-element-7c48fc7 elementor-widget elementor-widget-text-editor\" data-id=\"7c48fc7\" data-element_type=\"widget\" data-e-type=\"widget\" data-widget_type=\"text-editor.default\">\n\t\t\t\t<div class=\"elementor-widget-container\">\n\t\t\t\t\t\t\t\t\t<p><span style=\"font-weight: bolder;\"><u>A megval\u00f3s\u00edt\u00e1s folyamat\u00e1nak f\u0151bb l\u00e9p\u00e9sei:<\/u><\/span><\/p>\n<ol type=\"I\">\n<li><b>P\u00e1ly\u00e1zat\u00edr\u00e1s:<\/b><\/li>\n<\/ol>\n<p>\u00b7 mobilit\u00e1si tervezet k\u00e9sz\u00edt\u00e9se<\/p>\n<p>\u00b7 kapcsolatfelv\u00e9tel a fogad\u00f3int\u00e9zm\u00e9nnyel \u2013 sz\u00e1nd\u00e9knyilatkozatok k\u00e9r\u00e9se<\/p>\n<p>\u00b7 munkaprogramok k\u00e9sz\u00edt\u00e9se<\/p>\n<p>\u00b7 p\u00e1ly\u00e1zati \u0171rlap \u00e9s mell\u00e9kleteinek \u00f6ssze\u00e1ll\u00edt\u00e1sa<\/p>\n<ol start=\"2\" type=\"I\">\n<li><b>Mobilit\u00e1sok folyamatos megval\u00f3s\u00edt\u00e1sa:<\/b><\/li>\n<\/ol>\n<p>\u00b7 kapcsolattart\u00e1s a fogad\u00f3int\u00e9zm\u00e9nnyel (telefon, e-mail, a munkaprogram egyeztet\u00e9se)<\/p>\n<p>\u00b7 a mobilit\u00e1s meghirdet\u00e9se, motiv\u00e1ci\u00f3s levelek begy\u0171jt\u00e9se, r\u00e9sztvev\u0151k kiv\u00e1laszt\u00e1sa<\/p>\n<p>\u00b7 felk\u00e9sz\u00edt\u00e9s (nyelvi, szakmai, kultur\u00e1lis, l\u00e9lektani)<\/p>\n<p>\u00b7&nbsp; mobilit\u00e1s (megjegyz\u00e9s: a mobilit\u00e1sok id\u0151tartama alatt, s ut\u00e1na folyamatos kapcsolattart\u00e1s a&nbsp; &nbsp; &nbsp; &nbsp; &nbsp; &nbsp; &nbsp; &nbsp; nyilv\u00e1noss\u00e1ggal)<\/p>\n<p>\u00b7 \u00e9rt\u00e9kel\u00e9s<\/p>\n<p>\u00b7 disszemin\u00e1ci\u00f3<\/p>\n<ol start=\"3\" type=\"I\">\n<li><b>A projekt z\u00e1r\u00f3 \u00e9rt\u00e9kel\u00e9se<\/b><\/li>\n<li><b>Z\u00e1r\u00f3 besz\u00e1mol\u00f3 elk\u00e9sz\u00edt\u00e9se<\/b><\/li>\n<\/ol>\t\t\t\t\t\t\t\t<\/div>\n\t\t\t\t<\/div>\n\t\t\t\t\t<\/div>\n\t\t<\/div>\n\t\t\t\t\t<\/div>\n\t\t<\/section>\n\t\t\t\t<section class=\"elementor-section elementor-top-section elementor-element elementor-element-05da03f elementor-section-boxed elementor-section-height-default elementor-section-height-default\" data-id=\"05da03f\" data-element_type=\"section\" data-e-type=\"section\">\n\t\t\t\t\t\t<div class=\"elementor-container elementor-column-gap-default\">\n\t\t\t\t\t<div class=\"elementor-column elementor-col-100 elementor-top-column elementor-element elementor-element-6d1e7e1\" data-id=\"6d1e7e1\" data-element_type=\"column\" data-e-type=\"column\">\n\t\t\t<div class=\"elementor-widget-wrap elementor-element-populated\">\n\t\t\t\t\t\t<div class=\"elementor-element elementor-element-d1e1817 elementor-widget elementor-widget-text-editor\" data-id=\"d1e1817\" data-element_type=\"widget\" data-e-type=\"widget\" data-widget_type=\"text-editor.default\">\n\t\t\t\t<div class=\"elementor-widget-container\">\n\t\t\t\t\t\t\t\t\t<p><span style=\"font-weight: bolder;\"><u>V\u00e1rhat\u00f3 eredm\u00e9nyek:<\/u><\/span><\/p>\n<ul>\n<li>R\u00e9sztvev\u0151i besz\u00e1mol\u00f3k a tapasztalatokr\u00f3l.<\/li>\n<li>F\u00e9nyk\u00e9pek \u00e9s vide\u00f3k, melyek a szakmai gyakorlat\/tanulm\u00e1ny\u00fat sor\u00e1n k\u00e9sz\u00fclnek.<\/li>\n<li>Jegyz\u0151k\u00f6nyvek, munkanapl\u00f3k, k\u00e9pz\u00e9si seg\u00e9danyagok, a projektcsoport \u00e1ltal k\u00e9sz\u00edtett besz\u00e1mol\u00f3.<\/li>\n<li>A r\u00e9sztvev\u0151k egy\u00e9ni k\u00e9szs\u00e9geinek, k\u00e9pess\u00e9geinek fejl\u0151d\u00e9se, szakmai motiv\u00e1ci\u00f3juk er\u0151s\u00f6d\u00e9se.<\/li>\n<li>A BSZC Zwack J\u00f3zsef Kereskedelmi \u00e9s Vend\u00e9gl\u00e1t\u00f3ipari Szakk\u00e9pz\u0151 Iskol\u00e1j\u00e1ban javul a szakmai gyakorlatok min\u0151s\u00e9ge, \u00e9s n\u00f6vekszik a szakk\u00e9pz\u00e9s sz\u00ednvonala.<\/li>\n<li>A k\u00fclf\u00f6ldi szakmai k\u00e9pz\u00e9sben\/tanulm\u00e1ny\u00faton r\u00e9sztvev\u0151 tanul\u00f3k \u00e9s tan\u00e1raik sz\u00e1m\u00e1nak jelent\u0151s n\u00f6vel\u00e9se.<\/li>\n<\/ul>\t\t\t\t\t\t\t\t<\/div>\n\t\t\t\t<\/div>\n\t\t\t\t\t<\/div>\n\t\t<\/div>\n\t\t\t\t\t<\/div>\n\t\t<\/section>\n\t\t\t\t<section class=\"elementor-section elementor-top-section elementor-element elementor-element-4dc275e elementor-section-boxed elementor-section-height-default elementor-section-height-default\" data-id=\"4dc275e\" data-element_type=\"section\" data-e-type=\"section\">\n\t\t\t\t\t\t<div class=\"elementor-container elementor-column-gap-default\">\n\t\t\t\t\t<div class=\"elementor-column elementor-col-100 elementor-top-column elementor-element elementor-element-c8444ca\" data-id=\"c8444ca\" data-element_type=\"column\" data-e-type=\"column\">\n\t\t\t<div class=\"elementor-widget-wrap elementor-element-populated\">\n\t\t\t\t\t\t<div class=\"elementor-element elementor-element-9f953e3 elementor-widget elementor-widget-text-editor\" data-id=\"9f953e3\" data-element_type=\"widget\" data-e-type=\"widget\" data-widget_type=\"text-editor.default\">\n\t\t\t\t<div class=\"elementor-widget-container\">\n\t\t\t\t\t\t\t\t\t<p><span style=\"font-weight: bolder;\"><u>R\u00f6vid t\u00e1v\u00fa hat\u00e1s:<\/u><\/span><\/p>\n<ul>\n<li>A v\u00e1lasztott szakiskolai k\u00e9pz\u00e9sek k\u00f6zponti programjaiban megfogalmazott \u00fczemi gyakorlati tapasztalatok megszerz\u00e9se, tov\u00e1bbk\u00e9pz\u00e9si ig\u00e9nyek teljes\u00edt\u00e9se l\u00e9trej\u00f6n.<\/li>\n<li>A k\u00e9pz\u00e9s elismer\u00e9sek\u00e9nt Europass mobilit\u00e1si igazolv\u00e1nyt kap a r\u00e9sztvev\u0151 a gyakorlat\/tanulm\u00e1ny\u00fat eredm\u00e9nyess\u00e9g\u00e9t bizony\u00edtva.<\/li>\n<\/ul>\t\t\t\t\t\t\t\t<\/div>\n\t\t\t\t<\/div>\n\t\t\t\t\t<\/div>\n\t\t<\/div>\n\t\t\t\t\t<\/div>\n\t\t<\/section>\n\t\t\t\t<section class=\"elementor-section elementor-top-section elementor-element elementor-element-b7c6666 elementor-section-boxed elementor-section-height-default elementor-section-height-default\" data-id=\"b7c6666\" data-element_type=\"section\" data-e-type=\"section\">\n\t\t\t\t\t\t<div class=\"elementor-container elementor-column-gap-default\">\n\t\t\t\t\t<div class=\"elementor-column elementor-col-100 elementor-top-column elementor-element elementor-element-02f509b\" data-id=\"02f509b\" data-element_type=\"column\" data-e-type=\"column\">\n\t\t\t<div class=\"elementor-widget-wrap elementor-element-populated\">\n\t\t\t\t\t\t<div class=\"elementor-element elementor-element-378ec70 elementor-widget elementor-widget-text-editor\" data-id=\"378ec70\" data-element_type=\"widget\" data-e-type=\"widget\" data-widget_type=\"text-editor.default\">\n\t\t\t\t<div class=\"elementor-widget-container\">\n\t\t\t\t\t\t\t\t\t<p><span style=\"font-weight: bolder;\"><u>Hossz\u00fa t\u00e1v\u00fa hat\u00e1s:<\/u><\/span><\/p>\n<ul>\n<li>A disszemin\u00e1ci\u00f3s lehet\u0151s\u00e9gekkel a m\u00e9di\u00e1n, a sajt\u00f3n kereszt\u00fcl tud\u00f3s\u00edtunk a megval\u00f3s\u00edtott gyakorlatr\u00f3l, \u00edgy a beiskol\u00e1z\u00e1sn\u00e1l sz\u00edvesebben j\u00f6nnek a tanul\u00f3k az iskol\u00e1nkba.<\/li>\n<li>Jelent\u0151sen seg\u00edti a kiutaz\u00f3 di\u00e1kok munkav\u00e1llal\u00e1si es\u00e9lyeit, munkaer\u0151piacon val\u00f3 \u00e9rv\u00e9nyes\u00fcl\u00e9s\u00e9t a projekttel megval\u00f3sul\u00f3 nemzetk\u00f6zi k\u00f6rnyezetben szerzett munkatapasztalat, az elsaj\u00e1t\u00edtott korszer\u0171 ismeretek alkalmaz\u00e1sa. Valamint ezeket az idegen nyelv\u0171 h\u00e9tk\u00f6znapi \u00e9s szakmai nyelvtud\u00e1s, kommunik\u00e1ci\u00f3 tov\u00e1bb seg\u00edti.<\/li>\n<li>A projekt eredm\u00e9nyeinek \u00e9s dokumentumainak hasznos\u00edt\u00e1s\u00e1val a szakk\u00e9pz\u00e9s sz\u00ednvonala tov\u00e1bb emelkedik.<\/li>\n<\/ul>\t\t\t\t\t\t\t\t<\/div>\n\t\t\t\t<\/div>\n\t\t\t\t\t<\/div>\n\t\t<\/div>\n\t\t\t\t\t<\/div>\n\t\t<\/section>\n\t\t\t\t<section class=\"elementor-section elementor-top-section elementor-element elementor-element-2afe874 elementor-section-boxed elementor-section-height-default elementor-section-height-default\" data-id=\"2afe874\" data-element_type=\"section\" data-e-type=\"section\">\n\t\t\t\t\t\t<div class=\"elementor-container elementor-column-gap-default\">\n\t\t\t\t\t<div class=\"elementor-column elementor-col-100 elementor-top-column elementor-element elementor-element-5f5493a1\" data-id=\"5f5493a1\" data-element_type=\"column\" data-e-type=\"column\">\n\t\t\t<div class=\"elementor-widget-wrap elementor-element-populated\">\n\t\t\t\t\t\t<div class=\"elementor-element elementor-element-37d12ba6 elementor-widget elementor-widget-text-editor\" data-id=\"37d12ba6\" data-element_type=\"widget\" data-e-type=\"widget\" data-widget_type=\"text-editor.default\">\n\t\t\t\t<div class=\"elementor-widget-container\">\n\t\t\t\t\t\t\t\t\t<p><\/p>\n<p><\/p>\n<p><\/p>\n<p><\/p>\n<p><\/p>\n<p><\/p>\n<p><\/p>\n<p><\/p>\n<p><\/p>\n<p><\/p>\n<p><\/p>\n<p><\/p>\n<p><\/p>\n<p><\/p>\n<p><\/p>\n<p><\/p>\n<p><\/p>\n<p><strong>A projekt az Eur\u00f3pai Uni\u00f3 Erasmus+ programj\u00e1nak keret\u00e9ben val\u00f3sul meg.<\/strong><\/p>\n<p><\/p>\n<p><\/p>\n<p><strong>T\u00e1mogat\u00e1s \u00f6sszege: 193.003 eur\u00f3<\/strong><\/p>\n<p><\/p>\t\t\t\t\t\t\t\t<\/div>\n\t\t\t\t<\/div>\n\t\t\t\t\t<\/div>\n\t\t<\/div>\n\t\t\t\t\t<\/div>\n\t\t<\/section>\n\t\t\t\t<\/div>\n\t\t","protected":false},"excerpt":{"rendered":"<p>Ir\u00e1ny Eur\u00f3pa! &#8211; Kerisek szakmai gyakorlata \u00e9s tapasztalatszerz\u00e9se k\u00fclf\u00f6ld\u00f6n 2016-1-HU01-KA102-022808 16\/1\/KA102\/022808 2016.06.01. \u2013 2018.05.31. H\u00e1tt\u00e9r: A B\u00e9k\u00e9scsabai Szakk\u00e9pz\u00e9si Centrum (BSZC) Zwack J\u00f3zsef Kereskedelmi \u00e9s Vend\u00e9gl\u00e1t\u00f3ipari Szakk\u00e9pz\u0151 Iskol\u00e1ja (el\u0151dint\u00e9zm\u00e9nyeivel) m\u00e1r 2004 \u00f3ta foglalkozik nemzetk\u00f6zi projektekkel. Az elm\u00falt \u00e9vek sor\u00e1n t\u00f6bb tan\u00e1r koll\u00e9ga csatlakozott ahhoz a kezdeti 2-3 f\u0151s csapathoz, amely ezeket a projekteket megval\u00f3s\u00edtja. \u00c9vek \u00f3ta [&hellip;]<\/p>\n","protected":false},"author":4,"featured_media":0,"parent":0,"menu_order":0,"comment_status":"closed","ping_status":"closed","template":"","meta":{"footnotes":""},"class_list":["post-684","page","type-page","status-publish","hentry"],"_links":{"self":[{"href":"\/index.php\/wp-json\/wp\/v2\/pages\/684","targetHints":{"allow":["GET"]}}],"collection":[{"href":"\/index.php\/wp-json\/wp\/v2\/pages"}],"about":[{"href":"\/index.php\/wp-json\/wp\/v2\/types\/page"}],"author":[{"embeddable":true,"href":"\/index.php\/wp-json\/wp\/v2\/users\/4"}],"replies":[{"embeddable":true,"href":"\/index.php\/wp-json\/wp\/v2\/comments?post=684"}],"version-history":[{"count":4,"href":"\/index.php\/wp-json\/wp\/v2\/pages\/684\/revisions"}],"predecessor-version":[{"id":692,"href":"\/index.php\/wp-json\/wp\/v2\/pages\/684\/revisions\/692"}],"wp:attachment":[{"href":"\/index.php\/wp-json\/wp\/v2\/media?parent=684"}],"curies":[{"name":"wp","href":"https:\/\/api.w.org\/{rel}","templated":true}]}}