{"id":53604,"date":"2025-08-16T10:41:32","date_gmt":"2025-08-16T09:41:32","guid":{"rendered":"\/?page_id=53604"},"modified":"2025-08-16T10:43:45","modified_gmt":"2025-08-16T09:43:45","slug":"1982-iii-1","status":"publish","type":"page","link":"\/index.php\/1982-iii-1\/","title":{"rendered":"1982 III\/1"},"content":{"rendered":"\t\t<div data-elementor-type=\"wp-page\" data-elementor-id=\"53604\" class=\"elementor elementor-53604\" data-elementor-post-type=\"page\">\n\t\t\t\t\t\t<section class=\"elementor-section elementor-top-section elementor-element elementor-element-086bf61 elementor-section-boxed elementor-section-height-default elementor-section-height-default\" data-id=\"086bf61\" data-element_type=\"section\" data-e-type=\"section\">\n\t\t\t\t\t\t<div class=\"elementor-container elementor-column-gap-default\">\n\t\t\t\t\t<div class=\"elementor-column elementor-col-100 elementor-top-column elementor-element elementor-element-7df3544\" data-id=\"7df3544\" data-element_type=\"column\" data-e-type=\"column\">\n\t\t\t<div class=\"elementor-widget-wrap elementor-element-populated\">\n\t\t\t\t\t\t<div class=\"elementor-element elementor-element-4784dc1 elementor-widget elementor-widget-spacer\" data-id=\"4784dc1\" data-element_type=\"widget\" data-e-type=\"widget\" data-widget_type=\"spacer.default\">\n\t\t\t\t<div class=\"elementor-widget-container\">\n\t\t\t\t\t\t\t<div class=\"elementor-spacer\">\n\t\t\t<div class=\"elementor-spacer-inner\"><\/div>\n\t\t<\/div>\n\t\t\t\t\t\t<\/div>\n\t\t\t\t<\/div>\n\t\t\t\t\t<\/div>\n\t\t<\/div>\n\t\t\t\t\t<\/div>\n\t\t<\/section>\n\t\t\t\t<section class=\"elementor-section elementor-top-section elementor-element elementor-element-7a46d48 elementor-section-boxed elementor-section-height-default elementor-section-height-default\" data-id=\"7a46d48\" data-element_type=\"section\" data-e-type=\"section\">\n\t\t\t\t\t\t<div class=\"elementor-container elementor-column-gap-default\">\n\t\t\t\t\t<div class=\"elementor-column elementor-col-100 elementor-top-column elementor-element elementor-element-b94b5b3\" data-id=\"b94b5b3\" data-element_type=\"column\" data-e-type=\"column\">\n\t\t\t<div class=\"elementor-widget-wrap elementor-element-populated\">\n\t\t\t\t\t\t<div class=\"elementor-element elementor-element-db39428 elementor-widget elementor-widget-heading\" data-id=\"db39428\" data-element_type=\"widget\" data-e-type=\"widget\" data-widget_type=\"heading.default\">\n\t\t\t\t<div class=\"elementor-widget-container\">\n\t\t\t\t\t<h2 class=\"elementor-heading-title elementor-size-default\">1981\/1982<\/h2>\t\t\t\t<\/div>\n\t\t\t\t<\/div>\n\t\t\t\t\t<\/div>\n\t\t<\/div>\n\t\t\t\t\t<\/div>\n\t\t<\/section>\n\t\t\t\t<section class=\"elementor-section elementor-top-section elementor-element elementor-element-c3cff19 elementor-section-boxed elementor-section-height-default elementor-section-height-default\" data-id=\"c3cff19\" data-element_type=\"section\" data-e-type=\"section\">\n\t\t\t\t\t\t<div class=\"elementor-container elementor-column-gap-default\">\n\t\t\t\t\t<div class=\"elementor-column elementor-col-100 elementor-top-column elementor-element elementor-element-a0888e9\" data-id=\"a0888e9\" data-element_type=\"column\" data-e-type=\"column\">\n\t\t\t<div class=\"elementor-widget-wrap elementor-element-populated\">\n\t\t\t\t\t\t<div class=\"elementor-element elementor-element-f9cb5be elementor-widget elementor-widget-spacer\" data-id=\"f9cb5be\" data-element_type=\"widget\" data-e-type=\"widget\" data-widget_type=\"spacer.default\">\n\t\t\t\t<div class=\"elementor-widget-container\">\n\t\t\t\t\t\t\t<div class=\"elementor-spacer\">\n\t\t\t<div class=\"elementor-spacer-inner\"><\/div>\n\t\t<\/div>\n\t\t\t\t\t\t<\/div>\n\t\t\t\t<\/div>\n\t\t\t\t\t<\/div>\n\t\t<\/div>\n\t\t\t\t\t<\/div>\n\t\t<\/section>\n\t\t\t\t<section class=\"elementor-section elementor-top-section elementor-element elementor-element-8cda61a elementor-section-boxed elementor-section-height-default elementor-section-height-default\" data-id=\"8cda61a\" data-element_type=\"section\" data-e-type=\"section\">\n\t\t\t\t\t\t<div class=\"elementor-container elementor-column-gap-default\">\n\t\t\t\t\t<div class=\"elementor-column elementor-col-100 elementor-top-column elementor-element elementor-element-60b180b\" data-id=\"60b180b\" data-element_type=\"column\" data-e-type=\"column\">\n\t\t\t<div class=\"elementor-widget-wrap elementor-element-populated\">\n\t\t\t\t\t\t<div class=\"elementor-element elementor-element-414aa75 elementor-widget elementor-widget-heading\" data-id=\"414aa75\" data-element_type=\"widget\" data-e-type=\"widget\" data-widget_type=\"heading.default\">\n\t\t\t\t<div class=\"elementor-widget-container\">\n\t\t\t\t\t<h2 class=\"elementor-heading-title elementor-size-default\">III\/1 oszt\u00e1ly<\/h2>\t\t\t\t<\/div>\n\t\t\t\t<\/div>\n\t\t\t\t\t<\/div>\n\t\t<\/div>\n\t\t\t\t\t<\/div>\n\t\t<\/section>\n\t\t\t\t<section class=\"elementor-section elementor-top-section elementor-element elementor-element-8b6de31 elementor-section-boxed elementor-section-height-default elementor-section-height-default\" data-id=\"8b6de31\" data-element_type=\"section\" data-e-type=\"section\">\n\t\t\t\t\t\t<div class=\"elementor-container elementor-column-gap-default\">\n\t\t\t\t\t<div class=\"elementor-column elementor-col-100 elementor-top-column elementor-element elementor-element-602fb50\" data-id=\"602fb50\" data-element_type=\"column\" data-e-type=\"column\">\n\t\t\t<div class=\"elementor-widget-wrap elementor-element-populated\">\n\t\t\t\t\t\t<div class=\"elementor-element elementor-element-429bd21 elementor-widget elementor-widget-spacer\" data-id=\"429bd21\" data-element_type=\"widget\" data-e-type=\"widget\" data-widget_type=\"spacer.default\">\n\t\t\t\t<div class=\"elementor-widget-container\">\n\t\t\t\t\t\t\t<div class=\"elementor-spacer\">\n\t\t\t<div class=\"elementor-spacer-inner\"><\/div>\n\t\t<\/div>\n\t\t\t\t\t\t<\/div>\n\t\t\t\t<\/div>\n\t\t\t\t\t<\/div>\n\t\t<\/div>\n\t\t\t\t\t<\/div>\n\t\t<\/section>\n\t\t\t\t<section class=\"elementor-section elementor-top-section elementor-element elementor-element-4d6e452 elementor-section-boxed elementor-section-height-default elementor-section-height-default\" data-id=\"4d6e452\" data-element_type=\"section\" data-e-type=\"section\">\n\t\t\t\t\t\t<div class=\"elementor-container elementor-column-gap-default\">\n\t\t\t\t\t<div class=\"elementor-column elementor-col-100 elementor-top-column elementor-element elementor-element-a0d1c2e\" data-id=\"a0d1c2e\" data-element_type=\"column\" data-e-type=\"column\">\n\t\t\t<div class=\"elementor-widget-wrap elementor-element-populated\">\n\t\t\t\t\t\t<div class=\"elementor-element elementor-element-86586f1 elementor-widget elementor-widget-heading\" data-id=\"86586f1\" data-element_type=\"widget\" data-e-type=\"widget\" data-widget_type=\"heading.default\">\n\t\t\t\t<div class=\"elementor-widget-container\">\n\t\t\t\t\t<h2 class=\"elementor-heading-title elementor-size-default\">Oszt\u00e1lyf\u0151n\u00f6k: Palotai Ildik\u00f3<\/h2>\t\t\t\t<\/div>\n\t\t\t\t<\/div>\n\t\t\t\t\t<\/div>\n\t\t<\/div>\n\t\t\t\t\t<\/div>\n\t\t<\/section>\n\t\t\t\t<section class=\"elementor-section elementor-top-section elementor-element elementor-element-cf5409e elementor-section-boxed elementor-section-height-default elementor-section-height-default\" data-id=\"cf5409e\" data-element_type=\"section\" data-e-type=\"section\">\n\t\t\t\t\t\t<div class=\"elementor-container elementor-column-gap-default\">\n\t\t\t\t\t<div class=\"elementor-column elementor-col-100 elementor-top-column elementor-element elementor-element-500abe4\" data-id=\"500abe4\" data-element_type=\"column\" data-e-type=\"column\">\n\t\t\t<div class=\"elementor-widget-wrap elementor-element-populated\">\n\t\t\t\t\t\t<div class=\"elementor-element elementor-element-354e2b1 elementor-widget elementor-widget-spacer\" data-id=\"354e2b1\" data-element_type=\"widget\" data-e-type=\"widget\" data-widget_type=\"spacer.default\">\n\t\t\t\t<div class=\"elementor-widget-container\">\n\t\t\t\t\t\t\t<div class=\"elementor-spacer\">\n\t\t\t<div class=\"elementor-spacer-inner\"><\/div>\n\t\t<\/div>\n\t\t\t\t\t\t<\/div>\n\t\t\t\t<\/div>\n\t\t\t\t\t<\/div>\n\t\t<\/div>\n\t\t\t\t\t<\/div>\n\t\t<\/section>\n\t\t\t\t<section class=\"elementor-section elementor-top-section elementor-element elementor-element-62312fb elementor-section-boxed elementor-section-height-default elementor-section-height-default\" data-id=\"62312fb\" data-element_type=\"section\" data-e-type=\"section\">\n\t\t\t\t\t\t<div class=\"elementor-container elementor-column-gap-default\">\n\t\t\t\t\t<div class=\"elementor-column elementor-col-100 elementor-top-column elementor-element elementor-element-ffcc961\" data-id=\"ffcc961\" data-element_type=\"column\" data-e-type=\"column\">\n\t\t\t<div class=\"elementor-widget-wrap elementor-element-populated\">\n\t\t\t\t\t\t<div class=\"elementor-element elementor-element-b3102fe elementor-widget elementor-widget-heading\" data-id=\"b3102fe\" data-element_type=\"widget\" data-e-type=\"widget\" data-widget_type=\"heading.default\">\n\t\t\t\t<div class=\"elementor-widget-container\">\n\t\t\t\t\t<h2 class=\"elementor-heading-title elementor-size-default\">Szakma: \u00e9lelmiszer elad\u00f3<\/h2>\t\t\t\t<\/div>\n\t\t\t\t<\/div>\n\t\t\t\t\t<\/div>\n\t\t<\/div>\n\t\t\t\t\t<\/div>\n\t\t<\/section>\n\t\t\t\t<section class=\"elementor-section elementor-top-section elementor-element elementor-element-4ad007c elementor-section-boxed elementor-section-height-default elementor-section-height-default\" data-id=\"4ad007c\" data-element_type=\"section\" data-e-type=\"section\">\n\t\t\t\t\t\t<div class=\"elementor-container elementor-column-gap-default\">\n\t\t\t\t\t<div class=\"elementor-column elementor-col-100 elementor-top-column elementor-element elementor-element-fbd7641\" data-id=\"fbd7641\" data-element_type=\"column\" data-e-type=\"column\">\n\t\t\t<div class=\"elementor-widget-wrap elementor-element-populated\">\n\t\t\t\t\t\t<div class=\"elementor-element elementor-element-d977a64 elementor-widget elementor-widget-spacer\" data-id=\"d977a64\" data-element_type=\"widget\" data-e-type=\"widget\" data-widget_type=\"spacer.default\">\n\t\t\t\t<div class=\"elementor-widget-container\">\n\t\t\t\t\t\t\t<div class=\"elementor-spacer\">\n\t\t\t<div class=\"elementor-spacer-inner\"><\/div>\n\t\t<\/div>\n\t\t\t\t\t\t<\/div>\n\t\t\t\t<\/div>\n\t\t\t\t\t<\/div>\n\t\t<\/div>\n\t\t\t\t\t<\/div>\n\t\t<\/section>\n\t\t\t\t<section class=\"elementor-section elementor-top-section elementor-element elementor-element-7936f5f elementor-section-boxed elementor-section-height-default elementor-section-height-default\" data-id=\"7936f5f\" data-element_type=\"section\" data-e-type=\"section\">\n\t\t\t\t\t\t<div class=\"elementor-container elementor-column-gap-default\">\n\t\t\t\t\t<div class=\"elementor-column elementor-col-100 elementor-top-column elementor-element elementor-element-dba7ce8\" data-id=\"dba7ce8\" data-element_type=\"column\" data-e-type=\"column\">\n\t\t\t<div class=\"elementor-widget-wrap elementor-element-populated\">\n\t\t\t\t\t\t<div class=\"elementor-element elementor-element-7209da4 elementor-widget elementor-widget-text-editor\" data-id=\"7209da4\" data-element_type=\"widget\" data-e-type=\"widget\" data-widget_type=\"text-editor.default\">\n\t\t\t\t<div class=\"elementor-widget-container\">\n\t\t\t\t\t\t\t\t\t<ol><li>Asz\u00f3di Gy\u00f6rgy Mih\u00e1ly<\/li><li>B\u00e1gy S\u00e1ra<\/li><li>Bakk M\u00e1ria<\/li><li>B\u00e9kefi Ilona Ibolya<\/li><li>Csasztvan Erzs\u00e9bet<\/li><li>Cserny\u00e1nszky T\u00fcnde<\/li><li>Debreczeni Julianna \u00c9va<\/li><li>Fekete S\u00e1ndor L\u00e1szl\u00f3<\/li><li>Guly\u00e1s Margit<\/li><li>Hucz Anik\u00f3<\/li><li>K\u00e1das Ir\u00e9n Erzs\u00e9bet<\/li><li>Kasnyik Kl\u00e1ra<\/li><li>Kopanyicza Erika<\/li><li>Korcsok J\u00f3zsef Tiborn\u00e9 Maz\u00e1n Ilona<\/li><li>L\u00e9n\u00e1rt Istv\u00e1nn\u00e9 T\u00f3th Judit<\/li><li>Maz\u00e1n Judit<\/li><li>Nagy Ildik\u00f3 Eszter<\/li><li>Pusztai Edit<\/li><li>Sarkadi Ilona<\/li><li>Szab\u00f3 Zolt\u00e1n<\/li><li>Szepesi Gy\u00f6ngyi<\/li><li>Szil\u00e1gyi Kl\u00e1ra<\/li><li>Szlancsik \u00c9va<\/li><li>T\u00f6m\u00f6sk\u00f6zi J\u00f3zsef<\/li><li>Vantruba R\u00f3za<\/li><li>Wagner Katalin Szilvia<\/li><\/ol>\t\t\t\t\t\t\t\t<\/div>\n\t\t\t\t<\/div>\n\t\t\t\t\t<\/div>\n\t\t<\/div>\n\t\t\t\t\t<\/div>\n\t\t<\/section>\n\t\t\t\t<\/div>\n\t\t","protected":false},"excerpt":{"rendered":"<p>1981\/1982 III\/1 oszt\u00e1ly Oszt\u00e1lyf\u0151n\u00f6k: Palotai Ildik\u00f3 Szakma: \u00e9lelmiszer elad\u00f3 Asz\u00f3di Gy\u00f6rgy Mih\u00e1ly B\u00e1gy S\u00e1ra Bakk M\u00e1ria B\u00e9kefi Ilona Ibolya Csasztvan Erzs\u00e9bet Cserny\u00e1nszky T\u00fcnde Debreczeni Julianna \u00c9va Fekete S\u00e1ndor L\u00e1szl\u00f3 Guly\u00e1s Margit Hucz Anik\u00f3 K\u00e1das Ir\u00e9n Erzs\u00e9bet Kasnyik Kl\u00e1ra Kopanyicza Erika Korcsok J\u00f3zsef Tiborn\u00e9 Maz\u00e1n Ilona L\u00e9n\u00e1rt Istv\u00e1nn\u00e9 T\u00f3th Judit Maz\u00e1n Judit Nagy Ildik\u00f3 Eszter Pusztai [&hellip;]<\/p>\n","protected":false},"author":12,"featured_media":0,"parent":0,"menu_order":0,"comment_status":"closed","ping_status":"closed","template":"","meta":{"footnotes":""},"class_list":["post-53604","page","type-page","status-publish","hentry"],"_links":{"self":[{"href":"\/index.php\/wp-json\/wp\/v2\/pages\/53604","targetHints":{"allow":["GET"]}}],"collection":[{"href":"\/index.php\/wp-json\/wp\/v2\/pages"}],"about":[{"href":"\/index.php\/wp-json\/wp\/v2\/types\/page"}],"author":[{"embeddable":true,"href":"\/index.php\/wp-json\/wp\/v2\/users\/12"}],"replies":[{"embeddable":true,"href":"\/index.php\/wp-json\/wp\/v2\/comments?post=53604"}],"version-history":[{"count":4,"href":"\/index.php\/wp-json\/wp\/v2\/pages\/53604\/revisions"}],"predecessor-version":[{"id":53609,"href":"\/index.php\/wp-json\/wp\/v2\/pages\/53604\/revisions\/53609"}],"wp:attachment":[{"href":"\/index.php\/wp-json\/wp\/v2\/media?parent=53604"}],"curies":[{"name":"wp","href":"https:\/\/api.w.org\/{rel}","templated":true}]}}