{"id":53400,"date":"2025-08-15T18:21:45","date_gmt":"2025-08-15T17:21:45","guid":{"rendered":"\/?page_id=53400"},"modified":"2025-08-15T18:23:41","modified_gmt":"2025-08-15T17:23:41","slug":"1981-szakmai-vizsgat-tett","status":"publish","type":"page","link":"\/index.php\/1981-szakmai-vizsgat-tett\/","title":{"rendered":"1981 szakmai vizsg\u00e1t tett"},"content":{"rendered":"\t\t<div data-elementor-type=\"wp-page\" data-elementor-id=\"53400\" class=\"elementor elementor-53400\" data-elementor-post-type=\"page\">\n\t\t\t\t\t\t<section class=\"elementor-section elementor-top-section elementor-element elementor-element-f0cf094 elementor-section-boxed elementor-section-height-default elementor-section-height-default\" data-id=\"f0cf094\" data-element_type=\"section\" data-e-type=\"section\">\n\t\t\t\t\t\t<div class=\"elementor-container elementor-column-gap-default\">\n\t\t\t\t\t<div class=\"elementor-column elementor-col-100 elementor-top-column elementor-element elementor-element-40dc330\" data-id=\"40dc330\" data-element_type=\"column\" data-e-type=\"column\">\n\t\t\t<div class=\"elementor-widget-wrap elementor-element-populated\">\n\t\t\t\t\t\t<div class=\"elementor-element elementor-element-1409450 elementor-widget elementor-widget-spacer\" data-id=\"1409450\" data-element_type=\"widget\" data-e-type=\"widget\" data-widget_type=\"spacer.default\">\n\t\t\t\t<div class=\"elementor-widget-container\">\n\t\t\t\t\t\t\t<div class=\"elementor-spacer\">\n\t\t\t<div class=\"elementor-spacer-inner\"><\/div>\n\t\t<\/div>\n\t\t\t\t\t\t<\/div>\n\t\t\t\t<\/div>\n\t\t\t\t\t<\/div>\n\t\t<\/div>\n\t\t\t\t\t<\/div>\n\t\t<\/section>\n\t\t\t\t<section class=\"elementor-section elementor-top-section elementor-element elementor-element-2b6689e elementor-section-boxed elementor-section-height-default elementor-section-height-default\" data-id=\"2b6689e\" data-element_type=\"section\" data-e-type=\"section\">\n\t\t\t\t\t\t<div class=\"elementor-container elementor-column-gap-default\">\n\t\t\t\t\t<div class=\"elementor-column elementor-col-100 elementor-top-column elementor-element elementor-element-bcd1172\" data-id=\"bcd1172\" data-element_type=\"column\" data-e-type=\"column\">\n\t\t\t<div class=\"elementor-widget-wrap elementor-element-populated\">\n\t\t\t\t\t\t<div class=\"elementor-element elementor-element-b8ff230 elementor-widget elementor-widget-heading\" data-id=\"b8ff230\" data-element_type=\"widget\" data-e-type=\"widget\" data-widget_type=\"heading.default\">\n\t\t\t\t<div class=\"elementor-widget-container\">\n\t\t\t\t\t<h2 class=\"elementor-heading-title elementor-size-default\">1980\/1981<\/h2>\t\t\t\t<\/div>\n\t\t\t\t<\/div>\n\t\t\t\t\t<\/div>\n\t\t<\/div>\n\t\t\t\t\t<\/div>\n\t\t<\/section>\n\t\t\t\t<section class=\"elementor-section elementor-top-section elementor-element elementor-element-d2e80a1 elementor-section-boxed elementor-section-height-default elementor-section-height-default\" data-id=\"d2e80a1\" data-element_type=\"section\" data-e-type=\"section\">\n\t\t\t\t\t\t<div class=\"elementor-container elementor-column-gap-default\">\n\t\t\t\t\t<div class=\"elementor-column elementor-col-100 elementor-top-column elementor-element elementor-element-f237066\" data-id=\"f237066\" data-element_type=\"column\" data-e-type=\"column\">\n\t\t\t<div class=\"elementor-widget-wrap elementor-element-populated\">\n\t\t\t\t\t\t<div class=\"elementor-element elementor-element-a77a478 elementor-widget elementor-widget-spacer\" data-id=\"a77a478\" data-element_type=\"widget\" data-e-type=\"widget\" data-widget_type=\"spacer.default\">\n\t\t\t\t<div class=\"elementor-widget-container\">\n\t\t\t\t\t\t\t<div class=\"elementor-spacer\">\n\t\t\t<div class=\"elementor-spacer-inner\"><\/div>\n\t\t<\/div>\n\t\t\t\t\t\t<\/div>\n\t\t\t\t<\/div>\n\t\t\t\t\t<\/div>\n\t\t<\/div>\n\t\t\t\t\t<\/div>\n\t\t<\/section>\n\t\t\t\t<section class=\"elementor-section elementor-top-section elementor-element elementor-element-f0078d4 elementor-section-boxed elementor-section-height-default elementor-section-height-default\" data-id=\"f0078d4\" data-element_type=\"section\" data-e-type=\"section\">\n\t\t\t\t\t\t<div class=\"elementor-container elementor-column-gap-default\">\n\t\t\t\t\t<div class=\"elementor-column elementor-col-100 elementor-top-column elementor-element elementor-element-33b5737\" data-id=\"33b5737\" data-element_type=\"column\" data-e-type=\"column\">\n\t\t\t<div class=\"elementor-widget-wrap elementor-element-populated\">\n\t\t\t\t\t\t<div class=\"elementor-element elementor-element-d9ef644 elementor-widget elementor-widget-heading\" data-id=\"d9ef644\" data-element_type=\"widget\" data-e-type=\"widget\" data-widget_type=\"heading.default\">\n\t\t\t\t<div class=\"elementor-widget-container\">\n\t\t\t\t\t<h2 class=\"elementor-heading-title elementor-size-default\">Szakmai vizsg\u00e1t tett<\/h2>\t\t\t\t<\/div>\n\t\t\t\t<\/div>\n\t\t\t\t\t<\/div>\n\t\t<\/div>\n\t\t\t\t\t<\/div>\n\t\t<\/section>\n\t\t\t\t<section class=\"elementor-section elementor-top-section elementor-element elementor-element-b3a2c9e elementor-section-boxed elementor-section-height-default elementor-section-height-default\" data-id=\"b3a2c9e\" data-element_type=\"section\" data-e-type=\"section\">\n\t\t\t\t\t\t<div class=\"elementor-container elementor-column-gap-default\">\n\t\t\t\t\t<div class=\"elementor-column elementor-col-100 elementor-top-column elementor-element elementor-element-93d1d80\" data-id=\"93d1d80\" data-element_type=\"column\" data-e-type=\"column\">\n\t\t\t<div class=\"elementor-widget-wrap elementor-element-populated\">\n\t\t\t\t\t\t<div class=\"elementor-element elementor-element-e90b24c elementor-widget elementor-widget-spacer\" data-id=\"e90b24c\" data-element_type=\"widget\" data-e-type=\"widget\" data-widget_type=\"spacer.default\">\n\t\t\t\t<div class=\"elementor-widget-container\">\n\t\t\t\t\t\t\t<div class=\"elementor-spacer\">\n\t\t\t<div class=\"elementor-spacer-inner\"><\/div>\n\t\t<\/div>\n\t\t\t\t\t\t<\/div>\n\t\t\t\t<\/div>\n\t\t\t\t\t<\/div>\n\t\t<\/div>\n\t\t\t\t\t<\/div>\n\t\t<\/section>\n\t\t\t\t<section class=\"elementor-section elementor-top-section elementor-element elementor-element-e877400 elementor-section-boxed elementor-section-height-default elementor-section-height-default\" data-id=\"e877400\" data-element_type=\"section\" data-e-type=\"section\">\n\t\t\t\t\t\t<div class=\"elementor-container elementor-column-gap-default\">\n\t\t\t\t\t<div class=\"elementor-column elementor-col-100 elementor-top-column elementor-element elementor-element-c1a9125\" data-id=\"c1a9125\" data-element_type=\"column\" data-e-type=\"column\">\n\t\t\t<div class=\"elementor-widget-wrap elementor-element-populated\">\n\t\t\t\t\t\t<div class=\"elementor-element elementor-element-5971d3c elementor-widget elementor-widget-text-editor\" data-id=\"5971d3c\" data-element_type=\"widget\" data-e-type=\"widget\" data-widget_type=\"text-editor.default\">\n\t\t\t\t<div class=\"elementor-widget-container\">\n\t\t\t\t\t\t\t\t\t<ol><li>Nedr\u00f3 P\u00e9ter \u00e9lelmiszer elad\u00f3<\/li><li>Danda M\u00e1rta Etelka ruh\u00e1zati elad\u00f3<\/li><li>K\u00f6k\u00e9nyesi Ibolya ruh\u00e1zati elad\u00f3<\/li><li>Lajos Katalin ruh\u00e1zati elad\u00f3<\/li><li>Moln\u00e1r M\u00e1ria ruh\u00e1zati elad\u00f3<\/li><li>Cseke Gabriella m\u0171szaki cikkek elad\u00f3ja<\/li><li>Kudl\u00e1k Gy\u00f6ngyi m\u0171szaki cikkek elad\u00f3ja<\/li><li>Papp L\u00e1szl\u00f3 felszolg\u00e1l\u00f3<\/li><li>Regensburger Csaba szak\u00e1cs<\/li><li>Popovics S\u00e1ndorn\u00e9 Illy\u00e9s Zs\u00f3fia \u00e9lelmiszer elad\u00f3<\/li><li>Sz\u0151ke Gyul\u00e1n\u00e9 Hajd\u00fa Eszter vegyesbolti elad\u00f3<\/li><li>Szab\u00f3 L\u00e1szl\u00f3 m\u0171szaki cikkek elad\u00f3ja<\/li><li>Kovalovszki J\u00e1nosn\u00e9 Varga Magdolna Margit szak\u00e1cs<\/li><li>Zalai Mih\u00e1ly vend\u00e9gl\u00e1t\u00f3ipari elad\u00f3<\/li><li>Asztalos L\u00e1szl\u00f3n\u00e9 B\u00e9res Ilona \u00e9lelmiszer elad\u00f3<\/li><li>Bagi J\u00e1nosn\u00e9 Csesznak Anna \u00e9lelmiszer elad\u00f3<\/li><li>Fazekas Imr\u00e9n\u00e9 Bencsik \u00c1gnes \u00e9lelmiszer elad\u00f3<\/li><li>Haragos Istv\u00e1nn\u00e9 Kov\u00e1cs R\u00f3za \u00e9lelmiszer elad\u00f3<\/li><li>Heged\u0171s S\u00e1ndorn\u00e9 Szekeres R\u00f3za \u00e9lelmiszer elad\u00f3<\/li><li>Hugyik P\u00e1l Mikl\u00f3sn\u00e9 T\u00f6rk\u00f6ly Judit \u00e9lelmiszer elad\u00f3<\/li><li>Keresztesi M\u00e1ria \u00e9lelmiszer elad\u00f3<\/li><li>Knyih\u00e1r Mih\u00e1lyn\u00e9 Kis Erzs\u00e9bet \u00e9lelmiszer elad\u00f3<\/li><li>Libor K\u00e1rolyn\u00e9 Vincze M\u00e1ria \u00e9lelmiszer elad\u00f3<\/li><li>Rekeny Andr\u00e1sn\u00e9 Daka Ilona \u00e9lelmiszer elad\u00f3<\/li><li>Szab\u00f3 Antaln\u00e9 Kr\u00e1l M\u00e1ria \u00e9lelmiszer elad\u00f3<\/li><li>Szalontai G\u00e1born\u00e9 Pataki M\u00e1ria \u00e9lelmiszer elad\u00f3<\/li><li>Szlancsik Gabriella \u00e9lelmiszer elad\u00f3<\/li><li>Bencsik J\u00e1nosn\u00e9 T\u00f3th Julianna ruh\u00e1zati elad\u00f3<\/li><li>Bond\u00e1r G\u00e1born\u00e9 Nagy M\u00e1ria ruh\u00e1zati elad\u00f3<\/li><li>Czibolya Vilmosn\u00e9 T\u00f3th Erzs\u00e9bet ruh\u00e1zati elad\u00f3<\/li><li>Farag\u00f3 J\u00e1nosn\u00e9 Moln\u00e1r Erzs\u00e9bet ruh\u00e1zati elad\u00f3<\/li><li>F\u00f6ldi S\u00e1ndorn\u00e9 Szab\u00f3 Ida ruh\u00e1zati elad\u00f3<\/li><li>G\u00f6nt\u00e9r L\u00e1szl\u00f3n\u00e9 Marcz M\u00e1ria Ter\u00e9z ruh\u00e1zati elad\u00f3<\/li><li>Heged\u0171s Ferencn\u00e9 Kiss Ilona \u00c9va ruh\u00e1zati elad\u00f3<\/li><li>Hortov\u00e1gyi J\u00e1nosn\u00e9 Kocsor Eszter ruh\u00e1zati elad\u00f3<\/li><li>Hud\u00e1k Mih\u00e1ly ruh\u00e1zati elad\u00f3<\/li><li>Kaczk\u00f3 Zs\u00f3fia ruh\u00e1zati elad\u00f3<\/li><li>Koml\u00f3di Istv\u00e1n J\u00e1nos ruh\u00e1zati elad\u00f3<\/li><li>Krizs\u00e1n Ferenc Lajosn\u00e9 Czupra Ilona M\u00e1ria ruh\u00e1zati elad\u00f3<\/li><li>Kutyik J\u00e1nosn\u00e9 Bar\u00e1th Ter\u00e9zia Julianna ruh\u00e1zati elad\u00f3<\/li><li>Liker M\u00e1ty\u00e1s M\u00e1rtonn\u00e9 Vandlik Magdolna Judit ruh\u00e1zati elad\u00f3<\/li><li>Moravszki J\u00e1nosn\u00e9 Prisztavok Edit ruh\u00e1zati elad\u00f3<\/li><li>Orosz S\u00e1ndorn\u00e9 K\u00e1v\u00e1sz Ilona ruh\u00e1zati elad\u00f3<\/li><li>R\u00e1k\u00f3czi Ferencn\u00e9 Moln\u00e1r R\u00f3za Margit ruh\u00e1zati elad\u00f3<\/li><li>S\u00f3dar J\u00e1nosn\u00e9 Szab\u00f3 Erzs\u00e9bet ruh\u00e1zati elad\u00f3<\/li><li>Str\u00e9ling Zolt\u00e1n L\u00e1szl\u00f3n\u00e9 F\u00e1bi\u00e1n Erzs\u00e9bet ruh\u00e1zati elad\u00f3<\/li><li>Szak\u00e1los Tiborn\u00e9 Ol\u00e1h M\u00e1ria ruh\u00e1zati elad\u00f3<\/li><li>T\u00f3th Imr\u00e9n\u00e9 Garamv\u00f6lgyi Katalin ruh\u00e1zati elad\u00f3<\/li><li>T\u00f3th L\u00e1szl\u00f3n\u00e9 Kiszelycsok Judit ruh\u00e1zati elad\u00f3<\/li><li>T\u00f3th M\u00e1ria ruh\u00e1zati elad\u00f3<\/li><li>Vas L\u00e1szl\u00f3n\u00e9 G\u00f3g Jol\u00e1n Julianna ruh\u00e1zati elad\u00f3<\/li><li>Baji G\u00e1born\u00e9 Pardi Julianna szak\u00e1cs<\/li><li>Baji L\u00e1szl\u00f3n\u00e9 Kabai M\u00e1rta szak\u00e1cs<\/li><li>B\u00e1nfi Istv\u00e1nn\u00e9 Jankov Julianna Magdolna szak\u00e1cs<\/li><li>Bogya Ferencn\u00e9 Mile M\u00e1ria szak\u00e1cs<\/li><li>Boll\u00e1k Andr\u00e1sn\u00e9 Katona M\u00e1ria szak\u00e1cs<\/li><li>B\u00f3dizs Istv\u00e1nn\u00e9 Szab\u00f3 Margit szak\u00e1cs<\/li><li>Csizs\u00e1r Imr\u00e9n\u00e9 Bihari Erzs\u00e9bet Borb\u00e1la szak\u00e1cs<\/li><li>Dinya Mih\u00e1ly M\u00e1t\u00e9 szak\u00e1cs<\/li><li>Drag\u00e1n Gy\u00f6rgyn\u00e9 Megye M\u00e1ria szak\u00e1cs<\/li><li>Elek J\u00e1nosn\u00e9 Bojcz\u00e1n Julianna Katalin szak\u00e1cs<\/li><li>Elek Lajosn\u00e9 Bonczos Julianna szak\u00e1cs<\/li><li>Gesztesi J\u00f3zsef szak\u00e1cs<\/li><li>Hrabovszki Mih\u00e1lyn\u00e9 Patka Ilona szak\u00e1cs<\/li><li>H\u00fcrkecz P\u00e9ter P\u00e1ln\u00e9 Horv\u00e1th Ilona szak\u00e1cs<\/li><li>K\u00fcrti L\u00e1szl\u00f3n\u00e9 Peng\u0151 M\u00e1ria szak\u00e1cs<\/li><li>Lay J\u00f3zsef Tam\u00e1s szak\u00e1cs<\/li><li>Nagy J\u00e1nosn\u00e9 R\u00e1cz Ir\u00e9n szak\u00e1cs<\/li><li>Ny\u00e1ri P\u00e9tern\u00e9 Bartol\u00e1k Zs\u00f3fia szak\u00e1cs<\/li><li>S\u00e1ndor G\u00e1born\u00e9 Faraga Judit szak\u00e1cs<\/li><li>Sz\u00e1szhalmi Lajos Ferenc szak\u00e1cs<\/li><li>Sz\u00e9plaki K\u00e1roly szak\u00e1cs<\/li><li>Szt\u00e1n Gy\u00f6rgyn\u00e9 Dobric\u00e1n Anna szak\u00e1cs<\/li><li>Toldi Istv\u00e1nn\u00e9 Fazekas M\u00e1ria szak\u00e1cs<\/li><li>Varj\u00fa L\u00e1szl\u00f3n\u00e9 Hajd\u00fa R\u00f3za szak\u00e1cs<\/li><li>Zentai J\u00e1nosn\u00e9 Kohanyecz Anna szak\u00e1cs<\/li><li>Zs\u00edros Etelka szak\u00e1cs<\/li><li>Weigert M\u00e1rtonn\u00e9 Szil\u00e1gyi Erzs\u00e9bet szak\u00e1cs<\/li><li>Ancsin P\u00e1ln\u00e9 Moka Judit vend\u00e9gl\u00e1t\u00f3ipari elad\u00f3<\/li><li>Bag\u00e1ny Ildik\u00f3 vend\u00e9gl\u00e1t\u00f3ipari elad\u00f3<\/li><li>B\u00e1lint J\u00e1nosn\u00e9 B\u00e1nszki Ilona vend\u00e9gl\u00e1t\u00f3ipari elad\u00f3<\/li><li>Chlebik P\u00e1l Mih\u00e1ly vend\u00e9gl\u00e1t\u00f3ipari elad\u00f3<\/li><li>Hajd\u00fa Mih\u00e1lyn\u00e9 Erd\u0151di Margit vend\u00e9gl\u00e1t\u00f3ipari elad\u00f3<\/li><li>K\u00e1rolyi M\u00e1ria vend\u00e9gl\u00e1t\u00f3ipari elad\u00f3<\/li><li>Koll\u00e1r Imre J\u00e1nosn\u00e9 Angyalos M\u00e1ria vend\u00e9gl\u00e1t\u00f3ipari elad\u00f3<\/li><li>Krajcs\u00f3 Andr\u00e1sn\u00e9 Szab\u00f3 Ir\u00e9n vend\u00e9gl\u00e1t\u00f3ipari elad\u00f3<\/li><li>Kudl\u00e1k J\u00e1nosn\u00e9 Kaj\u00e1ri Edit vend\u00e9gl\u00e1t\u00f3ipari elad\u00f3<\/li><li>Nagy Tiborn\u00e9 Bal\u00e1zs Ilona \u00c9va vend\u00e9gl\u00e1t\u00f3ipari elad\u00f3<\/li><li>Sarkadi Erzs\u00e9bet vend\u00e9gl\u00e1t\u00f3ipari elad\u00f3<\/li><li>Orosz Mih\u00e1lyn\u00e9 Stephan Anna vend\u00e9gl\u00e1t\u00f3ipari elad\u00f3<\/li><li>T\u00f3th L\u00e1szl\u00f3n\u00e9 Csernai Katalin vend\u00e9gl\u00e1t\u00f3ipari elad\u00f3<\/li><li>T\u00f3th Zsuzsanna vend\u00e9gl\u00e1t\u00f3ipari elad\u00f3<\/li><li>Vidovenyecz P\u00e1ln\u00e9 Bogdanov \u00c9va vend\u00e9gl\u00e1t\u00f3ipari elad\u00f3<\/li><li>Ag\u00f3cs Katalin vegyesbolti elad\u00f3<\/li><li>Ancsin Andr\u00e1sn\u00e9 Sz\u00e9kely Etelka vegyesbolti elad\u00f3<\/li><li>Andor S\u00e1ndorn\u00e9 Csizmadia Julianna vegyesbolti elad\u00f3<\/li><li>Ap\u00e1ti M\u00e1ty\u00e1sn\u00e9 H\u0151gye Erzs\u00e9bet vegyesbolti elad\u00f3<\/li><li>Arat\u00f3 J\u00e1nosn\u00e9 Felf\u00f6ldi Erzs\u00e9bet vegyesbolti elad\u00f3<\/li><li>Bali Andr\u00e1sn\u00e9 \u00dcrge Piroska vegyesbolti elad\u00f3<\/li><\/ol><ul><li>Balogh Gyul\u00e1n\u00e9 Z\u00e1mb\u00f3 \u00c9va vegyesbolti elad\u00f3<\/li><li>Balog J\u00e1nos Gy\u00f6rgyn\u00e9 Kocs\u00f3 Margit vegyesbolti elad\u00f3<\/li><li>B\u00e1tori Ferencn\u00e9 Frank\u00f3 Ir\u00e9n vegyesbolti elad\u00f3<\/li><li>Bed\u0151 M\u00e1ria vegyesbolti elad\u00f3<\/li><li>Beh\u00e1n Mih\u00e1lyn\u00e9 Hajnal M\u00e1ria vegyesbolti elad\u00f3<\/li><li>Ber\u00e9nyi \u00c9va Edit vegyesbolti elad\u00f3<\/li><li>Bors\u00f3s L\u00e1szl\u00f3n\u00e9 Nagy Irma vegyesbolti elad\u00f3<\/li><li>Buha J\u00e1nos vegyesbolti elad\u00f3<\/li><li>Burj\u00e1n B\u00e9l\u00e1n\u00e9 Nagy M\u00e1ria vegyesbolti elad\u00f3<\/li><li>Dar\u00f3czi M\u00e1rta vegyesbolti elad\u00f3<\/li><li>D\u00e9ri Mih\u00e1lyn\u00e9 Bot\u00e1s Katalin vegyesbolti elad\u00f3<\/li><li>Doh\u00e1nyos L\u00e1szl\u00f3n\u00e9 Mihaleczki Roz\u00e1lia Ilona vegyesbolti elad\u00f3<\/li><li>Domokos M\u00e1ria vegyesbolti elad\u00f3<\/li><li>Dusik Ferencn\u00e9 Imri Matild vegyesbolti elad\u00f3<\/li><li>Csatl\u00f3s G\u00e1bor vegyesbolti elad\u00f3<\/li><li>Cs\u00e1szi Ir\u00e9n vegyesbolti elad\u00f3<\/li><li>Csik\u00f3s Nagy J\u00f3zsefn\u00e9 Puly Julianna vegyesbolti elad\u00f3<\/li><li>Csisz\u00e9r Gergelyn\u00e9 Toldi M\u00e1ria vegyesbolti elad\u00f3<\/li><li>Demeter Gy\u00f6rgyn\u00e9 Csoszor M\u00e1ria Veronika vegyesbolti elad\u00f3<\/li><li>Duna M\u00e1ria vegyesbolti elad\u00f3<\/li><li>Evelei Andr\u00e1sn\u00e9 T\u00f3th Erzs\u00e9bet vegyesbolti elad\u00f3<\/li><li>Farkas Imr\u00e9n\u00e9 Varga Emma vegyesbolti elad\u00f3<\/li><li>Farag\u00f3 Lajos vegyesbolti elad\u00f3<\/li><li>Feczk\u00f3 Andr\u00e1sn\u00e9 Varga Ilona vegyesbolti elad\u00f3<\/li><li>F\u00f6ldesi Istv\u00e1nn\u00e9 Mucsi Ilona vegyesbolti elad\u00f3<\/li><li>G\u00e1ll J\u00f3zsefn\u00e9 Rusz M\u00e1ria vegyesbolti elad\u00f3<\/li><li>Gerh\u00f3 Bal\u00e1zsn\u00e9 Kov\u00e1cs M\u00e1ria vegyesbolti elad\u00f3<\/li><li>G\u00e9mes J\u00e1nosn\u00e9 L\u00e1szl\u00f3 Ter\u00e9zia vegyesbolti elad\u00f3<\/li><li>Gr\u00f3sz Ferencn\u00e9 Guly\u00e1s Katalin vegyesbolti elad\u00f3<\/li><li>Gy\u00fcre J\u00e1nosn\u00e9 Ipacs Ir\u00e9n Edit vegyesbolti elad\u00f3<\/li><li>Hajd\u00fa J\u00e1nosn\u00e9 Madari Em\u00edlia vegyesbolti elad\u00f3<\/li><li>Harmath Ter\u00e9z vegyesbolti elad\u00f3<\/li><li>Heged\u0171s Gy\u00f6rgyn\u00e9 Laurinyecz Erzs\u00e9bet vegyesbolti elad\u00f3<\/li><li>Her\u00e9di Mih\u00e1lyn\u00e9 \u00c1cs Anik\u00f3 vegyesbolti elad\u00f3<\/li><li>Idul Zolt\u00e1n S\u00e1ndorn\u00e9 Hurgoj Magdolna vegyesbolti elad\u00f3<\/li><li>Heged\u0171s J\u00e1nosn\u00e9 Purpur M\u00e1ria vegyesbolti elad\u00f3<\/li><li>Hud\u00e1k J\u00f3zsefn\u00e9 Boll\u00f3k Margit vegyesbolti elad\u00f3<\/li><li>Jenei K\u00e1roly vegyesbolti elad\u00f3<\/li><li>Jenei S\u00e1ndorn\u00e9 Kutasi Vikt\u00f3ria vegyesbolti elad\u00f3<\/li><li>Juh\u00e1sz Zolt\u00e1nn\u00e9 Koh\u00e1n Julianna vegyesbolti elad\u00f3<\/li><li>Kardos P\u00e9tern\u00e9 Borsi Gizella vegyesbolti elad\u00f3<\/li><li>K\u00e1rolyi Mih\u00e1ly vegyesbolti elad\u00f3<\/li><li>Kelemen J\u00e1nosn\u00e9 R\u00e1fi Erzs\u00e9bet vegyesbolti elad\u00f3<\/li><li>K\u00e9p\u00edr\u00f3 S\u00e1ndor Tibor vegyesbolti elad\u00f3<\/li><li>K\u00e9ri Erzs\u00e9bet vegyesbolti elad\u00f3<\/li><li>Kisalbert Andr\u00e1sn\u00e9 V\u00e1radi Erzs\u00e9bet M\u00e1ria vegyesbolti elad\u00f3<\/li><li>Kiss \u00c9va vegyesbolti elad\u00f3<\/li><li>Kov\u00e1cs G\u00e9za vegyesbolti elad\u00f3<\/li><li>Kov\u00e1cs Imr\u00e9n\u00e9 Gottslkik Eszter vegyesbolti elad\u00f3<\/li><li>Kov\u00e1cs J\u00e1nosn\u00e9 Megyeri M\u00e1ria vegyesbolti elad\u00f3<\/li><li>Kov\u00e1cs Varga Ir\u00e9n vegyesbolti elad\u00f3<\/li><li>K\u00f6r\u00f6si Ferencn\u00e9 Kulcs\u00e1r M\u00e1rta Gizella vegyesbolti elad\u00f3<\/li><li>Krizs\u00e1n Istv\u00e1nn\u00e9 K\u0151falvi Ildik\u00f3 vegyesbolti elad\u00f3<\/li><li>Kr\u00e1lik J\u00e1nosn\u00e9 Frei Ir\u00e9n vegyesbolti elad\u00f3<\/li><li>Kulcs\u00e1r Imr\u00e9n\u00e9 Szegedi Erzs\u00e9bet vegyesbolti elad\u00f3<\/li><li>Lakatos J\u00f3zsefn\u00e9 Krajcsovics Kl\u00e1ra Zsuzsanna vegyesbolti elad\u00f3<\/li><li>Lehoczki-Krsj\u00e1r J\u00e1nosn\u00e9 Mih\u00e1ly Roz\u00e1lia Gizella vegyesbolti elad\u00f3<\/li><li>Liszkai P\u00e9ter Alfr\u00e9dn\u00e9 Mucsi Ilona vegyesbolti elad\u00f3<\/li><li>Liszkai L\u00e1szl\u00f3n\u00e9 Fl\u00f3ra M\u00e1rta vegyesbolti elad\u00f3<\/li><li>Mag J\u00e1nos vegyesbolti elad\u00f3<\/li><li>Marcs\u00f3 Istv\u00e1n G\u00e1born\u00e9 K\u00f6nyves M\u00e1ria vegyesbolti elad\u00f3<\/li><li>Mik\u00f3 Istv\u00e1nn\u00e9 Gyaraki Zsuzsanna vegyesbolti elad\u00f3<\/li><li>Moln\u00e1r M\u00e1ria vegyesbolti elad\u00f3<\/li><li>Moravszki Andr\u00e1s vegyesbolti elad\u00f3<\/li><li>Nagy Elekn\u00e9 K\u00e1roly Jol\u00e1n vegyesbolti elad\u00f3<\/li><\/ul><p>\u00a0<\/p><ul><li>Nagy G\u00e1sp\u00e1r G\u00e1born\u00e9 Csiernyik Erzs\u00e9bet vegyesbolti elad\u00f3<\/li><li>N\u00e9medi Imr\u00e9n\u00e9 Nyemcsok Judit vegyesbolti elad\u00f3<\/li><li>Ok\u00e1nyin\u00e9 Nagy Erzs\u00e9bet vegyesbolti elad\u00f3<\/li><li>Ol\u00e1h Imr\u00e9n\u00e9 Szab\u00f3 Erzs\u00e9bet vegyesbolti elad\u00f3<\/li><li>Pavelka Gy\u00f6rgyn\u00e9 Bodorl\u00f3 Anna vegyesbolti elad\u00f3<\/li><li>P\u00e1kozdi S\u00e1ndorn\u00e9 Szil\u00e1gyi Katalin vegyesbolti elad\u00f3<\/li><li>P\u00e1link\u00e1s Imr\u00e9n\u00e9 K\u00f3nya Roz\u00e1lia vegyesbolti elad\u00f3<\/li><li>Peres J\u00e1nosn\u00e9 Pogonyi Erzs\u00e9bet \u00c1gnes vegyesbolti elad\u00f3<\/li><li>Ro\u00f3sz \u00c1d\u00e1mn\u00e9 Kir\u00e1ly Ilona vegyesbolti elad\u00f3<\/li><li>Rocsk\u00e1r M\u00e1ty\u00e1s L\u00e1szl\u00f3n\u00e9 Kov\u00e1cs Veronika vegyesbolti elad\u00f3<\/li><li>Sipos S\u00e1ndorn\u00e9 Radics M\u00e1ria Ilona vegyesbolti elad\u00f3<\/li><li>S\u00f3dar Ferencn\u00e9 Pelyhe \u00c9va vegyesbolti elad\u00f3<\/li><li>S\u00f3lyom Istv\u00e1nn\u00e9 Fenyesi M\u00e1ria vegyesbolti elad\u00f3<\/li><li>S\u00f3s Endr\u00e9n\u00e9 Moln\u00e1r M\u00e1ria vegyesbolti elad\u00f3<\/li><li>Szab\u00f3 S\u00e1ndorn\u00e9 T\u00f3th Zsuzsanna vegyesbolti elad\u00f3<\/li><li>Szatm\u00e1ri Istv\u00e1nn\u00e9 Balogh Erzs\u00e9bet vegyesbolti elad\u00f3<\/li><li>Sz\u00e1nt\u00f3 Istv\u00e1nn\u00e9 B\u00edr\u00f3 Roz\u00e1lia vegyesbolti elad\u00f3<\/li><li>Sz\u00e9n\u00e1si M\u00e1ria vegyesbolti elad\u00f3<\/li><li>Szikora P\u00e1ln\u00e9 Szatm\u00e1ri Julianna vegyesbolti elad\u00f3<\/li><li>Szil\u00e1gyi Zolt\u00e1n vegyesbolti elad\u00f3<\/li><li>Sz\u00edn Imr\u00e9n\u00e9 Task\u00f3 M\u00e1ria vegyesbolti elad\u00f3<\/li><li>Szit\u00e1s Borb\u00e1la vegyesbolti elad\u00f3<\/li><li>T\u00e1rnok Lajosn\u00e9 B\u00edr\u00f3 Ir\u00e9n vegyesbolti elad\u00f3<\/li><li>Tim\u00e1r M\u00e1ria vegyesbolti elad\u00f3<\/li><li>T\u00f3th J\u00e1nosn\u00e9 Nemes Ilona vegyesbolti elad\u00f3<\/li><li>Varga Gy\u00f6rgyn\u00e9 V\u00e1radi Hajnal vegyesbolti elad\u00f3<\/li><li>Varga J\u00f3zsef Istv\u00e1n vegyesbolti elad\u00f3<\/li><li>Varga Imr\u00e9n\u00e9 T\u00f3th M\u00e1ria vegyesbolti elad\u00f3<\/li><li>Varga J\u00f3zsefn\u00e9 Bar\u00e1th Margit vegyesbolti elad\u00f3<\/li><li>Veres Istv\u00e1n vegyesbolti elad\u00f3<\/li><li>V\u00f6r\u00f6s Imr\u00e9n\u00e9 Alm\u00e1si Val\u00e9ria \u00c1gnes vegyesbolti elad\u00f3<\/li><li>Zima Andr\u00e1sn\u00e9 Szit\u00e1s Margit vegyesbolti elad\u00f3<\/li><li>Zolt\u00e1n Gyula L\u00e1szl\u00f3 vegyesbolti elad\u00f3<\/li><li>Antal Ferenc vend\u00e9gl\u00e1t\u00f3ipari elad\u00f3<\/li><li>Balogh L\u00e1szl\u00f3 B\u00e9la vend\u00e9gl\u00e1t\u00f3ipari elad\u00f3<\/li><li>Baran J\u00f3zsef vend\u00e9gl\u00e1t\u00f3ipari elad\u00f3<\/li><li>Bobvos J\u00e1nos vend\u00e9gl\u00e1t\u00f3ipari elad\u00f3<\/li><li>Bond\u00e1r J\u00f3zsef vend\u00e9gl\u00e1t\u00f3ipari elad\u00f3<\/li><li>Bond\u00e1r J\u00f3zsefn\u00e9 T\u00f3th Erzs\u00e9bet \u00c9va vend\u00e9gl\u00e1t\u00f3ipari elad\u00f3<\/li><li>Budai Antaln\u00e9 Nagy R\u00f3za vend\u00e9gl\u00e1t\u00f3ipari elad\u00f3<\/li><li>Buzi J\u00f3zsefn\u00e9 Ily\u00e9s Margit \u00c1gnes vend\u00e9gl\u00e1t\u00f3ipari elad\u00f3<\/li><li>Cs\u00e1k\u00f3 J\u00f3zsefn\u00e9 Rezes Julianna vend\u00e9gl\u00e1t\u00f3ipari elad\u00f3<\/li><li>Csell\u00e1r J\u00e1nos vend\u00e9gl\u00e1t\u00f3ipari elad\u00f3<\/li><li>Csibor Istv\u00e1nn\u00e9 Kiss Eszter vend\u00e9gl\u00e1t\u00f3ipari elad\u00f3<\/li><li>Csonki Andr\u00e1sn\u00e9 Ambrus M\u00e1ria vend\u00e9gl\u00e1t\u00f3ipari elad\u00f3<\/li><li>Dajka Tiborn\u00e9 Fily\u00f3 Anna Edit vend\u00e9gl\u00e1t\u00f3ipari elad\u00f3<\/li><li>Egeresi M\u00e1ty\u00e1s vend\u00e9gl\u00e1t\u00f3ipari elad\u00f3<\/li><li>Endr\u00e9di Erzs\u00e9bet vend\u00e9gl\u00e1t\u00f3ipari elad\u00f3<\/li><li>Erdei Ferencn\u00e9 T\u00f3th Ilona vend\u00e9gl\u00e1t\u00f3ipari elad\u00f3<\/li><li>Esz\u00e9nyi P\u00e1l vend\u00e9gl\u00e1t\u00f3ipari elad\u00f3<\/li><li>Horv\u00e1th Judit vend\u00e9gl\u00e1t\u00f3ipari elad\u00f3<\/li><li>Kaz\u00e1r L\u00e1szl\u00f3 vend\u00e9gl\u00e1t\u00f3ipari elad\u00f3<\/li><li>Kerekes Imre Gy\u00f6rgy vend\u00e9gl\u00e1t\u00f3ipari elad\u00f3<\/li><li>K\u00e9ki Judit Julianna vend\u00e9gl\u00e1t\u00f3ipari elad\u00f3<\/li><li>Kiss Ferenc vend\u00e9gl\u00e1t\u00f3ipari elad\u00f3<\/li><li>Kony\u00e1r Mih\u00e1ly Istv\u00e1n vend\u00e9gl\u00e1t\u00f3ipari elad\u00f3<\/li><li>Korm\u00e1nyos Ferenc vend\u00e9gl\u00e1t\u00f3ipari elad\u00f3<\/li><li>K\u0151halmi Istv\u00e1n vend\u00e9gl\u00e1t\u00f3ipari elad\u00f3<\/li><li>Lipr\u00e1k Andr\u00e1sn\u00e9 L\u00e1szl\u00f3 Ilona vend\u00e9gl\u00e1t\u00f3ipari elad\u00f3<\/li><li>Mercz Gy\u00f6rgyn\u00e9 S\u00e1li Ilona vend\u00e9gl\u00e1t\u00f3ipari elad\u00f3<\/li><li>Milek Antal vend\u00e9gl\u00e1t\u00f3ipari elad\u00f3<\/li><li>Murguly Tam\u00e1s vend\u00e9gl\u00e1t\u00f3ipari elad\u00f3<\/li><li>Murguly Tam\u00e1sn\u00e9 Szegedi Julianna Erzs\u00e9bet vend\u00e9gl\u00e1t\u00f3ipari elad\u00f3<\/li><li>Samu J\u00e1nosn\u00e9 Moln\u00e1r M\u00e1ria Magdolna vend\u00e9gl\u00e1t\u00f3ipari elad\u00f3<\/li><li>S\u00e1nta S\u00e1ndor vend\u00e9gl\u00e1t\u00f3ipari elad\u00f3<\/li><li>S\u00edpos S\u00e1ndorn\u00e9 Cs\u00fcll\u00f6g Roz\u00e1lai vend\u00e9gl\u00e1t\u00f3ipari elad\u00f3<\/li><li>Szabados L\u00e1szl\u00f3n\u00e9 M\u00e9hes Anna vend\u00e9gl\u00e1t\u00f3ipari elad\u00f3<\/li><li>Szab\u00f3 Istv\u00e1n vend\u00e9gl\u00e1t\u00f3ipari elad\u00f3<\/li><li>Szever\u00e9nyi S\u00e1ndorn\u00e9 Frany\u00f3 Anna vend\u00e9gl\u00e1t\u00f3ipari elad\u00f3<\/li><li>Szlov\u00e1k J\u00f3zsef Gy\u00f6rgyn\u00e9 Fodor Ilona Ir\u00e9n vend\u00e9gl\u00e1t\u00f3ipari elad\u00f3<\/li><li>Tim\u00e1r J\u00e1nosn\u00e9 Kontra Edit vend\u00e9gl\u00e1t\u00f3ipari elad\u00f3<\/li><li>T\u00f3th Ilona vend\u00e9gl\u00e1t\u00f3ipari elad\u00f3<\/li><li>Tyichi Andr\u00e1s vend\u00e9gl\u00e1t\u00f3ipari elad\u00f3<\/li><li>\u00dcveges L\u00e1szl\u00f3 Gy\u00f6rgyn\u00e9 Sztojka Anna vend\u00e9gl\u00e1t\u00f3ipari elad\u00f3<\/li><li>Varga J\u00e1nos vend\u00e9gl\u00e1t\u00f3ipari elad\u00f3<\/li><li>V\u00e9szt\u0151i Imre vend\u00e9gl\u00e1t\u00f3iapri elad\u00f3<\/li><li>Vrbovszkin\u00e9 Ol\u00e1h \u00c9va vend\u00e9gl\u00e1t\u00f3ipari elad\u00f3<\/li><\/ul>\t\t\t\t\t\t\t\t<\/div>\n\t\t\t\t<\/div>\n\t\t\t\t\t<\/div>\n\t\t<\/div>\n\t\t\t\t\t<\/div>\n\t\t<\/section>\n\t\t\t\t<\/div>\n\t\t","protected":false},"excerpt":{"rendered":"<p>1980\/1981 Szakmai vizsg\u00e1t tett Nedr\u00f3 P\u00e9ter \u00e9lelmiszer elad\u00f3 Danda M\u00e1rta Etelka ruh\u00e1zati elad\u00f3 K\u00f6k\u00e9nyesi Ibolya ruh\u00e1zati elad\u00f3 Lajos Katalin ruh\u00e1zati elad\u00f3 Moln\u00e1r M\u00e1ria ruh\u00e1zati elad\u00f3 Cseke Gabriella m\u0171szaki cikkek elad\u00f3ja Kudl\u00e1k Gy\u00f6ngyi m\u0171szaki cikkek elad\u00f3ja Papp L\u00e1szl\u00f3 felszolg\u00e1l\u00f3 Regensburger Csaba szak\u00e1cs Popovics S\u00e1ndorn\u00e9 Illy\u00e9s Zs\u00f3fia \u00e9lelmiszer elad\u00f3 Sz\u0151ke Gyul\u00e1n\u00e9 Hajd\u00fa Eszter vegyesbolti elad\u00f3 Szab\u00f3 L\u00e1szl\u00f3 [&hellip;]<\/p>\n","protected":false},"author":12,"featured_media":0,"parent":0,"menu_order":0,"comment_status":"closed","ping_status":"closed","template":"","meta":{"footnotes":""},"class_list":["post-53400","page","type-page","status-publish","hentry"],"_links":{"self":[{"href":"\/index.php\/wp-json\/wp\/v2\/pages\/53400","targetHints":{"allow":["GET"]}}],"collection":[{"href":"\/index.php\/wp-json\/wp\/v2\/pages"}],"about":[{"href":"\/index.php\/wp-json\/wp\/v2\/types\/page"}],"author":[{"embeddable":true,"href":"\/index.php\/wp-json\/wp\/v2\/users\/12"}],"replies":[{"embeddable":true,"href":"\/index.php\/wp-json\/wp\/v2\/comments?post=53400"}],"version-history":[{"count":4,"href":"\/index.php\/wp-json\/wp\/v2\/pages\/53400\/revisions"}],"predecessor-version":[{"id":53405,"href":"\/index.php\/wp-json\/wp\/v2\/pages\/53400\/revisions\/53405"}],"wp:attachment":[{"href":"\/index.php\/wp-json\/wp\/v2\/media?parent=53400"}],"curies":[{"name":"wp","href":"https:\/\/api.w.org\/{rel}","templated":true}]}}