{"id":53263,"date":"2025-08-15T09:10:41","date_gmt":"2025-08-15T08:10:41","guid":{"rendered":"\/?page_id=53263"},"modified":"2025-08-15T09:12:32","modified_gmt":"2025-08-15T08:12:32","slug":"1980-iii-9","status":"publish","type":"page","link":"\/index.php\/1980-iii-9\/","title":{"rendered":"1980 III\/9"},"content":{"rendered":"\t\t<div data-elementor-type=\"wp-page\" data-elementor-id=\"53263\" class=\"elementor elementor-53263\" data-elementor-post-type=\"page\">\n\t\t\t\t\t\t<section class=\"elementor-section elementor-top-section elementor-element elementor-element-e3b3007 elementor-section-boxed elementor-section-height-default elementor-section-height-default\" data-id=\"e3b3007\" data-element_type=\"section\" data-e-type=\"section\">\n\t\t\t\t\t\t<div class=\"elementor-container elementor-column-gap-default\">\n\t\t\t\t\t<div class=\"elementor-column elementor-col-100 elementor-top-column elementor-element elementor-element-e5cd4be\" data-id=\"e5cd4be\" data-element_type=\"column\" data-e-type=\"column\">\n\t\t\t<div class=\"elementor-widget-wrap elementor-element-populated\">\n\t\t\t\t\t\t<div class=\"elementor-element elementor-element-567083c elementor-widget elementor-widget-spacer\" data-id=\"567083c\" data-element_type=\"widget\" data-e-type=\"widget\" data-widget_type=\"spacer.default\">\n\t\t\t\t<div class=\"elementor-widget-container\">\n\t\t\t\t\t\t\t<div class=\"elementor-spacer\">\n\t\t\t<div class=\"elementor-spacer-inner\"><\/div>\n\t\t<\/div>\n\t\t\t\t\t\t<\/div>\n\t\t\t\t<\/div>\n\t\t\t\t\t<\/div>\n\t\t<\/div>\n\t\t\t\t\t<\/div>\n\t\t<\/section>\n\t\t\t\t<section class=\"elementor-section elementor-top-section elementor-element elementor-element-8fe6517 elementor-section-boxed elementor-section-height-default elementor-section-height-default\" data-id=\"8fe6517\" data-element_type=\"section\" data-e-type=\"section\">\n\t\t\t\t\t\t<div class=\"elementor-container elementor-column-gap-default\">\n\t\t\t\t\t<div class=\"elementor-column elementor-col-100 elementor-top-column elementor-element elementor-element-e627cc1\" data-id=\"e627cc1\" data-element_type=\"column\" data-e-type=\"column\">\n\t\t\t<div class=\"elementor-widget-wrap elementor-element-populated\">\n\t\t\t\t\t\t<div class=\"elementor-element elementor-element-9594cf5 elementor-widget elementor-widget-heading\" data-id=\"9594cf5\" data-element_type=\"widget\" data-e-type=\"widget\" data-widget_type=\"heading.default\">\n\t\t\t\t<div class=\"elementor-widget-container\">\n\t\t\t\t\t<h2 class=\"elementor-heading-title elementor-size-default\">1979\/1980<\/h2>\t\t\t\t<\/div>\n\t\t\t\t<\/div>\n\t\t\t\t\t<\/div>\n\t\t<\/div>\n\t\t\t\t\t<\/div>\n\t\t<\/section>\n\t\t\t\t<section class=\"elementor-section elementor-top-section elementor-element elementor-element-f7fa8f0 elementor-section-boxed elementor-section-height-default elementor-section-height-default\" data-id=\"f7fa8f0\" data-element_type=\"section\" data-e-type=\"section\">\n\t\t\t\t\t\t<div class=\"elementor-container elementor-column-gap-default\">\n\t\t\t\t\t<div class=\"elementor-column elementor-col-100 elementor-top-column elementor-element elementor-element-7fb9127\" data-id=\"7fb9127\" data-element_type=\"column\" data-e-type=\"column\">\n\t\t\t<div class=\"elementor-widget-wrap elementor-element-populated\">\n\t\t\t\t\t\t<div class=\"elementor-element elementor-element-1a36333 elementor-widget elementor-widget-spacer\" data-id=\"1a36333\" data-element_type=\"widget\" data-e-type=\"widget\" data-widget_type=\"spacer.default\">\n\t\t\t\t<div class=\"elementor-widget-container\">\n\t\t\t\t\t\t\t<div class=\"elementor-spacer\">\n\t\t\t<div class=\"elementor-spacer-inner\"><\/div>\n\t\t<\/div>\n\t\t\t\t\t\t<\/div>\n\t\t\t\t<\/div>\n\t\t\t\t\t<\/div>\n\t\t<\/div>\n\t\t\t\t\t<\/div>\n\t\t<\/section>\n\t\t\t\t<section class=\"elementor-section elementor-top-section elementor-element elementor-element-4e102c0 elementor-section-boxed elementor-section-height-default elementor-section-height-default\" data-id=\"4e102c0\" data-element_type=\"section\" data-e-type=\"section\">\n\t\t\t\t\t\t<div class=\"elementor-container elementor-column-gap-default\">\n\t\t\t\t\t<div class=\"elementor-column elementor-col-100 elementor-top-column elementor-element elementor-element-564aff0\" data-id=\"564aff0\" data-element_type=\"column\" data-e-type=\"column\">\n\t\t\t<div class=\"elementor-widget-wrap elementor-element-populated\">\n\t\t\t\t\t\t<div class=\"elementor-element elementor-element-73c15ed elementor-widget elementor-widget-heading\" data-id=\"73c15ed\" data-element_type=\"widget\" data-e-type=\"widget\" data-widget_type=\"heading.default\">\n\t\t\t\t<div class=\"elementor-widget-container\">\n\t\t\t\t\t<h2 class=\"elementor-heading-title elementor-size-default\">III\/9 oszt\u00e1ly<\/h2>\t\t\t\t<\/div>\n\t\t\t\t<\/div>\n\t\t\t\t\t<\/div>\n\t\t<\/div>\n\t\t\t\t\t<\/div>\n\t\t<\/section>\n\t\t\t\t<section class=\"elementor-section elementor-top-section elementor-element elementor-element-ab232ab elementor-section-boxed elementor-section-height-default elementor-section-height-default\" data-id=\"ab232ab\" data-element_type=\"section\" data-e-type=\"section\">\n\t\t\t\t\t\t<div class=\"elementor-container elementor-column-gap-default\">\n\t\t\t\t\t<div class=\"elementor-column elementor-col-100 elementor-top-column elementor-element elementor-element-088a02b\" data-id=\"088a02b\" data-element_type=\"column\" data-e-type=\"column\">\n\t\t\t<div class=\"elementor-widget-wrap elementor-element-populated\">\n\t\t\t\t\t\t<div class=\"elementor-element elementor-element-d45f0fa elementor-widget elementor-widget-spacer\" data-id=\"d45f0fa\" data-element_type=\"widget\" data-e-type=\"widget\" data-widget_type=\"spacer.default\">\n\t\t\t\t<div class=\"elementor-widget-container\">\n\t\t\t\t\t\t\t<div class=\"elementor-spacer\">\n\t\t\t<div class=\"elementor-spacer-inner\"><\/div>\n\t\t<\/div>\n\t\t\t\t\t\t<\/div>\n\t\t\t\t<\/div>\n\t\t\t\t<div class=\"elementor-element elementor-element-7c26584 elementor-widget elementor-widget-heading\" data-id=\"7c26584\" data-element_type=\"widget\" data-e-type=\"widget\" data-widget_type=\"heading.default\">\n\t\t\t\t<div class=\"elementor-widget-container\">\n\t\t\t\t\t<h2 class=\"elementor-heading-title elementor-size-default\">Oszt\u00e1lyf\u0151n\u00f6k: Petr\u00f3 J\u00f3zsef<\/h2>\t\t\t\t<\/div>\n\t\t\t\t<\/div>\n\t\t\t\t\t<\/div>\n\t\t<\/div>\n\t\t\t\t\t<\/div>\n\t\t<\/section>\n\t\t\t\t<section class=\"elementor-section elementor-top-section elementor-element elementor-element-75547e6 elementor-section-boxed elementor-section-height-default elementor-section-height-default\" data-id=\"75547e6\" data-element_type=\"section\" data-e-type=\"section\">\n\t\t\t\t\t\t<div class=\"elementor-container elementor-column-gap-default\">\n\t\t\t\t\t<div class=\"elementor-column elementor-col-100 elementor-top-column elementor-element elementor-element-84c82cc\" data-id=\"84c82cc\" data-element_type=\"column\" data-e-type=\"column\">\n\t\t\t<div class=\"elementor-widget-wrap elementor-element-populated\">\n\t\t\t\t\t\t<div class=\"elementor-element elementor-element-dfa83ed elementor-widget elementor-widget-spacer\" data-id=\"dfa83ed\" data-element_type=\"widget\" data-e-type=\"widget\" data-widget_type=\"spacer.default\">\n\t\t\t\t<div class=\"elementor-widget-container\">\n\t\t\t\t\t\t\t<div class=\"elementor-spacer\">\n\t\t\t<div class=\"elementor-spacer-inner\"><\/div>\n\t\t<\/div>\n\t\t\t\t\t\t<\/div>\n\t\t\t\t<\/div>\n\t\t\t\t\t<\/div>\n\t\t<\/div>\n\t\t\t\t\t<\/div>\n\t\t<\/section>\n\t\t\t\t<section class=\"elementor-section elementor-top-section elementor-element elementor-element-f9e1cf9 elementor-section-boxed elementor-section-height-default elementor-section-height-default\" data-id=\"f9e1cf9\" data-element_type=\"section\" data-e-type=\"section\">\n\t\t\t\t\t\t<div class=\"elementor-container elementor-column-gap-default\">\n\t\t\t\t\t<div class=\"elementor-column elementor-col-100 elementor-top-column elementor-element elementor-element-d19f198\" data-id=\"d19f198\" data-element_type=\"column\" data-e-type=\"column\">\n\t\t\t<div class=\"elementor-widget-wrap elementor-element-populated\">\n\t\t\t\t\t\t<div class=\"elementor-element elementor-element-00339d7 elementor-widget elementor-widget-heading\" data-id=\"00339d7\" data-element_type=\"widget\" data-e-type=\"widget\" data-widget_type=\"heading.default\">\n\t\t\t\t<div class=\"elementor-widget-container\">\n\t\t\t\t\t<h2 class=\"elementor-heading-title elementor-size-default\">Szakma: felszolg\u00e1l\u00f3<\/h2>\t\t\t\t<\/div>\n\t\t\t\t<\/div>\n\t\t\t\t\t<\/div>\n\t\t<\/div>\n\t\t\t\t\t<\/div>\n\t\t<\/section>\n\t\t\t\t<section class=\"elementor-section elementor-top-section elementor-element elementor-element-ba7d71a elementor-section-boxed elementor-section-height-default elementor-section-height-default\" data-id=\"ba7d71a\" data-element_type=\"section\" data-e-type=\"section\">\n\t\t\t\t\t\t<div class=\"elementor-container elementor-column-gap-default\">\n\t\t\t\t\t<div class=\"elementor-column elementor-col-100 elementor-top-column elementor-element elementor-element-50f5abb\" data-id=\"50f5abb\" data-element_type=\"column\" data-e-type=\"column\">\n\t\t\t<div class=\"elementor-widget-wrap elementor-element-populated\">\n\t\t\t\t\t\t<div class=\"elementor-element elementor-element-1de887f elementor-widget elementor-widget-spacer\" data-id=\"1de887f\" data-element_type=\"widget\" data-e-type=\"widget\" data-widget_type=\"spacer.default\">\n\t\t\t\t<div class=\"elementor-widget-container\">\n\t\t\t\t\t\t\t<div class=\"elementor-spacer\">\n\t\t\t<div class=\"elementor-spacer-inner\"><\/div>\n\t\t<\/div>\n\t\t\t\t\t\t<\/div>\n\t\t\t\t<\/div>\n\t\t\t\t\t<\/div>\n\t\t<\/div>\n\t\t\t\t\t<\/div>\n\t\t<\/section>\n\t\t\t\t<section class=\"elementor-section elementor-top-section elementor-element elementor-element-c8d3eda elementor-section-boxed elementor-section-height-default elementor-section-height-default\" data-id=\"c8d3eda\" data-element_type=\"section\" data-e-type=\"section\">\n\t\t\t\t\t\t<div class=\"elementor-container elementor-column-gap-default\">\n\t\t\t\t\t<div class=\"elementor-column elementor-col-100 elementor-top-column elementor-element elementor-element-9fdff2a\" data-id=\"9fdff2a\" data-element_type=\"column\" data-e-type=\"column\">\n\t\t\t<div class=\"elementor-widget-wrap elementor-element-populated\">\n\t\t\t\t\t\t<div class=\"elementor-element elementor-element-7133291 elementor-widget elementor-widget-text-editor\" data-id=\"7133291\" data-element_type=\"widget\" data-e-type=\"widget\" data-widget_type=\"text-editor.default\">\n\t\t\t\t<div class=\"elementor-widget-container\">\n\t\t\t\t\t\t\t\t\t<ol><li>Bal\u00e1zs Zolt\u00e1n<\/li><li>Bakos Mih\u00e1ly J\u00f3zsef<\/li><li>Ber\u00e1r Gy\u00f6rgy<\/li><li>Buz\u00e1s L\u00e1szl\u00f3<\/li><li>D\u00e1vid Gabriella<\/li><li>Farag\u00f3 K\u00e1roly<\/li><li>Farkas J\u00f3zsef<\/li><li>Feg\u00f3 Ilona<\/li><li>Husz\u00e1rik S\u00e1ndor<\/li><li>Jakab J\u00e1nos<\/li><li>K\u00e1das Katalin Ilona<\/li><li>Kerekes J\u00f3zsef<\/li><li>Kov\u00e1cs Ferenc<\/li><li>Lengyel G\u00e9za<\/li><li>M\u00e9sz\u00e1ros Tibor<\/li><li>Nagy Istv\u00e1n<\/li><li>Nagy G\u00e1bor<\/li><li>Paulovics \u00c9va<\/li><li>Szab\u00f3 R\u00f3za<\/li><li>Szab\u00f3 Imre<\/li><li>Szab\u00f3 Istv\u00e1n S\u00e1ndor<\/li><li>T\u00f3th Ildik\u00f3<\/li><\/ol>\t\t\t\t\t\t\t\t<\/div>\n\t\t\t\t<\/div>\n\t\t\t\t\t<\/div>\n\t\t<\/div>\n\t\t\t\t\t<\/div>\n\t\t<\/section>\n\t\t\t\t<\/div>\n\t\t","protected":false},"excerpt":{"rendered":"<p>1979\/1980 III\/9 oszt\u00e1ly Oszt\u00e1lyf\u0151n\u00f6k: Petr\u00f3 J\u00f3zsef Szakma: felszolg\u00e1l\u00f3 Bal\u00e1zs Zolt\u00e1n Bakos Mih\u00e1ly J\u00f3zsef Ber\u00e1r Gy\u00f6rgy Buz\u00e1s L\u00e1szl\u00f3 D\u00e1vid Gabriella Farag\u00f3 K\u00e1roly Farkas J\u00f3zsef Feg\u00f3 Ilona Husz\u00e1rik S\u00e1ndor Jakab J\u00e1nos K\u00e1das Katalin Ilona Kerekes J\u00f3zsef Kov\u00e1cs Ferenc Lengyel G\u00e9za M\u00e9sz\u00e1ros Tibor Nagy Istv\u00e1n Nagy G\u00e1bor Paulovics \u00c9va Szab\u00f3 R\u00f3za Szab\u00f3 Imre Szab\u00f3 Istv\u00e1n S\u00e1ndor T\u00f3th Ildik\u00f3<\/p>\n","protected":false},"author":12,"featured_media":0,"parent":0,"menu_order":0,"comment_status":"closed","ping_status":"closed","template":"","meta":{"footnotes":""},"class_list":["post-53263","page","type-page","status-publish","hentry"],"_links":{"self":[{"href":"\/index.php\/wp-json\/wp\/v2\/pages\/53263","targetHints":{"allow":["GET"]}}],"collection":[{"href":"\/index.php\/wp-json\/wp\/v2\/pages"}],"about":[{"href":"\/index.php\/wp-json\/wp\/v2\/types\/page"}],"author":[{"embeddable":true,"href":"\/index.php\/wp-json\/wp\/v2\/users\/12"}],"replies":[{"embeddable":true,"href":"\/index.php\/wp-json\/wp\/v2\/comments?post=53263"}],"version-history":[{"count":4,"href":"\/index.php\/wp-json\/wp\/v2\/pages\/53263\/revisions"}],"predecessor-version":[{"id":53268,"href":"\/index.php\/wp-json\/wp\/v2\/pages\/53263\/revisions\/53268"}],"wp:attachment":[{"href":"\/index.php\/wp-json\/wp\/v2\/media?parent=53263"}],"curies":[{"name":"wp","href":"https:\/\/api.w.org\/{rel}","templated":true}]}}