{"id":53133,"date":"2025-08-14T10:14:03","date_gmt":"2025-08-14T09:14:03","guid":{"rendered":"\/?page_id=53133"},"modified":"2025-08-14T10:15:54","modified_gmt":"2025-08-14T09:15:54","slug":"1979-iii-7","status":"publish","type":"page","link":"\/index.php\/1979-iii-7\/","title":{"rendered":"1979 III\/7"},"content":{"rendered":"\t\t<div data-elementor-type=\"wp-page\" data-elementor-id=\"53133\" class=\"elementor elementor-53133\" data-elementor-post-type=\"page\">\n\t\t\t\t\t\t<section class=\"elementor-section elementor-top-section elementor-element elementor-element-cab46e9 elementor-section-boxed elementor-section-height-default elementor-section-height-default\" data-id=\"cab46e9\" data-element_type=\"section\" data-e-type=\"section\">\n\t\t\t\t\t\t<div class=\"elementor-container elementor-column-gap-default\">\n\t\t\t\t\t<div class=\"elementor-column elementor-col-100 elementor-top-column elementor-element elementor-element-f4f0230\" data-id=\"f4f0230\" data-element_type=\"column\" data-e-type=\"column\">\n\t\t\t<div class=\"elementor-widget-wrap elementor-element-populated\">\n\t\t\t\t\t\t<div class=\"elementor-element elementor-element-bc49b48 elementor-widget elementor-widget-spacer\" data-id=\"bc49b48\" data-element_type=\"widget\" data-e-type=\"widget\" data-widget_type=\"spacer.default\">\n\t\t\t\t<div class=\"elementor-widget-container\">\n\t\t\t\t\t\t\t<div class=\"elementor-spacer\">\n\t\t\t<div class=\"elementor-spacer-inner\"><\/div>\n\t\t<\/div>\n\t\t\t\t\t\t<\/div>\n\t\t\t\t<\/div>\n\t\t\t\t\t<\/div>\n\t\t<\/div>\n\t\t\t\t\t<\/div>\n\t\t<\/section>\n\t\t\t\t<section class=\"elementor-section elementor-top-section elementor-element elementor-element-37688fe elementor-section-boxed elementor-section-height-default elementor-section-height-default\" data-id=\"37688fe\" data-element_type=\"section\" data-e-type=\"section\">\n\t\t\t\t\t\t<div class=\"elementor-container elementor-column-gap-default\">\n\t\t\t\t\t<div class=\"elementor-column elementor-col-100 elementor-top-column elementor-element elementor-element-fdd5ec2\" data-id=\"fdd5ec2\" data-element_type=\"column\" data-e-type=\"column\">\n\t\t\t<div class=\"elementor-widget-wrap elementor-element-populated\">\n\t\t\t\t\t\t<div class=\"elementor-element elementor-element-da13549 elementor-widget elementor-widget-heading\" data-id=\"da13549\" data-element_type=\"widget\" data-e-type=\"widget\" data-widget_type=\"heading.default\">\n\t\t\t\t<div class=\"elementor-widget-container\">\n\t\t\t\t\t<h2 class=\"elementor-heading-title elementor-size-default\">1978\/1979<\/h2>\t\t\t\t<\/div>\n\t\t\t\t<\/div>\n\t\t\t\t\t<\/div>\n\t\t<\/div>\n\t\t\t\t\t<\/div>\n\t\t<\/section>\n\t\t\t\t<section class=\"elementor-section elementor-top-section elementor-element elementor-element-de9303d elementor-section-boxed elementor-section-height-default elementor-section-height-default\" data-id=\"de9303d\" data-element_type=\"section\" data-e-type=\"section\">\n\t\t\t\t\t\t<div class=\"elementor-container elementor-column-gap-default\">\n\t\t\t\t\t<div class=\"elementor-column elementor-col-100 elementor-top-column elementor-element elementor-element-dd496ba\" data-id=\"dd496ba\" data-element_type=\"column\" data-e-type=\"column\">\n\t\t\t<div class=\"elementor-widget-wrap elementor-element-populated\">\n\t\t\t\t\t\t<div class=\"elementor-element elementor-element-4081ea7 elementor-widget elementor-widget-spacer\" data-id=\"4081ea7\" data-element_type=\"widget\" data-e-type=\"widget\" data-widget_type=\"spacer.default\">\n\t\t\t\t<div class=\"elementor-widget-container\">\n\t\t\t\t\t\t\t<div class=\"elementor-spacer\">\n\t\t\t<div class=\"elementor-spacer-inner\"><\/div>\n\t\t<\/div>\n\t\t\t\t\t\t<\/div>\n\t\t\t\t<\/div>\n\t\t\t\t\t<\/div>\n\t\t<\/div>\n\t\t\t\t\t<\/div>\n\t\t<\/section>\n\t\t\t\t<section class=\"elementor-section elementor-top-section elementor-element elementor-element-3e0c5bb elementor-section-boxed elementor-section-height-default elementor-section-height-default\" data-id=\"3e0c5bb\" data-element_type=\"section\" data-e-type=\"section\">\n\t\t\t\t\t\t<div class=\"elementor-container elementor-column-gap-default\">\n\t\t\t\t\t<div class=\"elementor-column elementor-col-100 elementor-top-column elementor-element elementor-element-d2353ad\" data-id=\"d2353ad\" data-element_type=\"column\" data-e-type=\"column\">\n\t\t\t<div class=\"elementor-widget-wrap elementor-element-populated\">\n\t\t\t\t\t\t<div class=\"elementor-element elementor-element-d64277e elementor-widget elementor-widget-heading\" data-id=\"d64277e\" data-element_type=\"widget\" data-e-type=\"widget\" data-widget_type=\"heading.default\">\n\t\t\t\t<div class=\"elementor-widget-container\">\n\t\t\t\t\t<h2 class=\"elementor-heading-title elementor-size-default\">III\/7 oszt\u00e1ly<\/h2>\t\t\t\t<\/div>\n\t\t\t\t<\/div>\n\t\t\t\t\t<\/div>\n\t\t<\/div>\n\t\t\t\t\t<\/div>\n\t\t<\/section>\n\t\t\t\t<section class=\"elementor-section elementor-top-section elementor-element elementor-element-1d587bd elementor-section-boxed elementor-section-height-default elementor-section-height-default\" data-id=\"1d587bd\" data-element_type=\"section\" data-e-type=\"section\">\n\t\t\t\t\t\t<div class=\"elementor-container elementor-column-gap-default\">\n\t\t\t\t\t<div class=\"elementor-column elementor-col-100 elementor-top-column elementor-element elementor-element-fdfff6c\" data-id=\"fdfff6c\" data-element_type=\"column\" data-e-type=\"column\">\n\t\t\t<div class=\"elementor-widget-wrap elementor-element-populated\">\n\t\t\t\t\t\t<div class=\"elementor-element elementor-element-87a90de elementor-widget elementor-widget-spacer\" data-id=\"87a90de\" data-element_type=\"widget\" data-e-type=\"widget\" data-widget_type=\"spacer.default\">\n\t\t\t\t<div class=\"elementor-widget-container\">\n\t\t\t\t\t\t\t<div class=\"elementor-spacer\">\n\t\t\t<div class=\"elementor-spacer-inner\"><\/div>\n\t\t<\/div>\n\t\t\t\t\t\t<\/div>\n\t\t\t\t<\/div>\n\t\t\t\t\t<\/div>\n\t\t<\/div>\n\t\t\t\t\t<\/div>\n\t\t<\/section>\n\t\t\t\t<section class=\"elementor-section elementor-top-section elementor-element elementor-element-982d592 elementor-section-boxed elementor-section-height-default elementor-section-height-default\" data-id=\"982d592\" data-element_type=\"section\" data-e-type=\"section\">\n\t\t\t\t\t\t<div class=\"elementor-container elementor-column-gap-default\">\n\t\t\t\t\t<div class=\"elementor-column elementor-col-100 elementor-top-column elementor-element elementor-element-8b7c692\" data-id=\"8b7c692\" data-element_type=\"column\" data-e-type=\"column\">\n\t\t\t<div class=\"elementor-widget-wrap elementor-element-populated\">\n\t\t\t\t\t\t<div class=\"elementor-element elementor-element-18fce96 elementor-widget elementor-widget-heading\" data-id=\"18fce96\" data-element_type=\"widget\" data-e-type=\"widget\" data-widget_type=\"heading.default\">\n\t\t\t\t<div class=\"elementor-widget-container\">\n\t\t\t\t\t<h2 class=\"elementor-heading-title elementor-size-default\">Oszt\u00e1lyf\u0151n\u00f6k: And\u00f3 Andr\u00e1s<\/h2>\t\t\t\t<\/div>\n\t\t\t\t<\/div>\n\t\t\t\t\t<\/div>\n\t\t<\/div>\n\t\t\t\t\t<\/div>\n\t\t<\/section>\n\t\t\t\t<section class=\"elementor-section elementor-top-section elementor-element elementor-element-6c28e2a elementor-section-boxed elementor-section-height-default elementor-section-height-default\" data-id=\"6c28e2a\" data-element_type=\"section\" data-e-type=\"section\">\n\t\t\t\t\t\t<div class=\"elementor-container elementor-column-gap-default\">\n\t\t\t\t\t<div class=\"elementor-column elementor-col-100 elementor-top-column elementor-element elementor-element-a072860\" data-id=\"a072860\" data-element_type=\"column\" data-e-type=\"column\">\n\t\t\t<div class=\"elementor-widget-wrap elementor-element-populated\">\n\t\t\t\t\t\t<div class=\"elementor-element elementor-element-8bb1767 elementor-widget elementor-widget-spacer\" data-id=\"8bb1767\" data-element_type=\"widget\" data-e-type=\"widget\" data-widget_type=\"spacer.default\">\n\t\t\t\t<div class=\"elementor-widget-container\">\n\t\t\t\t\t\t\t<div class=\"elementor-spacer\">\n\t\t\t<div class=\"elementor-spacer-inner\"><\/div>\n\t\t<\/div>\n\t\t\t\t\t\t<\/div>\n\t\t\t\t<\/div>\n\t\t\t\t\t<\/div>\n\t\t<\/div>\n\t\t\t\t\t<\/div>\n\t\t<\/section>\n\t\t\t\t<section class=\"elementor-section elementor-top-section elementor-element elementor-element-bd19cc4 elementor-section-boxed elementor-section-height-default elementor-section-height-default\" data-id=\"bd19cc4\" data-element_type=\"section\" data-e-type=\"section\">\n\t\t\t\t\t\t<div class=\"elementor-container elementor-column-gap-default\">\n\t\t\t\t\t<div class=\"elementor-column elementor-col-100 elementor-top-column elementor-element elementor-element-af56973\" data-id=\"af56973\" data-element_type=\"column\" data-e-type=\"column\">\n\t\t\t<div class=\"elementor-widget-wrap elementor-element-populated\">\n\t\t\t\t\t\t<div class=\"elementor-element elementor-element-ff492aa elementor-widget elementor-widget-heading\" data-id=\"ff492aa\" data-element_type=\"widget\" data-e-type=\"widget\" data-widget_type=\"heading.default\">\n\t\t\t\t<div class=\"elementor-widget-container\">\n\t\t\t\t\t<h2 class=\"elementor-heading-title elementor-size-default\">Szakma: kozmetika- \u00e9s vegyicikk elad\u00f3, h\u00e1ztart\u00e1si felszerel\u00e9sek elad\u00f3ja<\/h2>\t\t\t\t<\/div>\n\t\t\t\t<\/div>\n\t\t\t\t\t<\/div>\n\t\t<\/div>\n\t\t\t\t\t<\/div>\n\t\t<\/section>\n\t\t\t\t<section class=\"elementor-section elementor-top-section elementor-element elementor-element-b75e502 elementor-section-boxed elementor-section-height-default elementor-section-height-default\" data-id=\"b75e502\" data-element_type=\"section\" data-e-type=\"section\">\n\t\t\t\t\t\t<div class=\"elementor-container elementor-column-gap-default\">\n\t\t\t\t\t<div class=\"elementor-column elementor-col-100 elementor-top-column elementor-element elementor-element-387e228\" data-id=\"387e228\" data-element_type=\"column\" data-e-type=\"column\">\n\t\t\t<div class=\"elementor-widget-wrap elementor-element-populated\">\n\t\t\t\t\t\t<div class=\"elementor-element elementor-element-cbea0ea elementor-widget elementor-widget-spacer\" data-id=\"cbea0ea\" data-element_type=\"widget\" data-e-type=\"widget\" data-widget_type=\"spacer.default\">\n\t\t\t\t<div class=\"elementor-widget-container\">\n\t\t\t\t\t\t\t<div class=\"elementor-spacer\">\n\t\t\t<div class=\"elementor-spacer-inner\"><\/div>\n\t\t<\/div>\n\t\t\t\t\t\t<\/div>\n\t\t\t\t<\/div>\n\t\t\t\t\t<\/div>\n\t\t<\/div>\n\t\t\t\t\t<\/div>\n\t\t<\/section>\n\t\t\t\t<section class=\"elementor-section elementor-top-section elementor-element elementor-element-75810a3 elementor-section-boxed elementor-section-height-default elementor-section-height-default\" data-id=\"75810a3\" data-element_type=\"section\" data-e-type=\"section\">\n\t\t\t\t\t\t<div class=\"elementor-container elementor-column-gap-default\">\n\t\t\t\t\t<div class=\"elementor-column elementor-col-100 elementor-top-column elementor-element elementor-element-115f875\" data-id=\"115f875\" data-element_type=\"column\" data-e-type=\"column\">\n\t\t\t<div class=\"elementor-widget-wrap elementor-element-populated\">\n\t\t\t\t\t\t<div class=\"elementor-element elementor-element-cdd58d6 elementor-widget elementor-widget-text-editor\" data-id=\"cdd58d6\" data-element_type=\"widget\" data-e-type=\"widget\" data-widget_type=\"text-editor.default\">\n\t\t\t\t<div class=\"elementor-widget-container\">\n\t\t\t\t\t\t\t\t\t<ol><li>Atyimov M\u00e1ria<\/li><li>Balla Ildik\u00f3<\/li><li>Bank\u00f3 Mih\u00e1ly<\/li><li>D\u00e1n Gy\u00f6rgy<\/li><li>De\u00e1k Erzs\u00e9bet<\/li><li>Gonda K\u00e1roly<\/li><li>Kov\u00e1cs Anna<\/li><li>Lacz\u00f3 Katalin<\/li><li>Nagy G\u00e1sp\u00e1r<\/li><li>Papp Edit<\/li><li>Petrovszki Magdolna<\/li><li>R\u00e1koczi Erzs\u00e9bet<\/li><li>\u00dajszigeti \u00c9va<\/li><li>V\u00e1g\u00f3 Erzs\u00e9bet<\/li><li>Bihari \u00c1gnes<\/li><li>Czegl\u00e9di Judit<\/li><li>Dud\u00e1s Zsuzsanna<\/li><li>\u00c9ri Elem\u00e9r<\/li><li>Gal\u00f3 Judit<\/li><li>K\u00e1di M\u00e1ria<\/li><li>Ditchen K\u00e1rolyn\u00e9 Lipt\u00e1k Erzs\u00e9bet<\/li><li>Opauszki M\u00e1rta<\/li><li>Putnoki Gy\u00f6ngyi<\/li><li>Racs\u00e1k \u00c1gnes<\/li><li>S\u00f3dar Olga<\/li><li>Szarka Ter\u00e9zia<\/li><\/ol>\t\t\t\t\t\t\t\t<\/div>\n\t\t\t\t<\/div>\n\t\t\t\t\t<\/div>\n\t\t<\/div>\n\t\t\t\t\t<\/div>\n\t\t<\/section>\n\t\t\t\t<\/div>\n\t\t","protected":false},"excerpt":{"rendered":"<p>1978\/1979 III\/7 oszt\u00e1ly Oszt\u00e1lyf\u0151n\u00f6k: And\u00f3 Andr\u00e1s Szakma: kozmetika- \u00e9s vegyicikk elad\u00f3, h\u00e1ztart\u00e1si felszerel\u00e9sek elad\u00f3ja Atyimov M\u00e1ria Balla Ildik\u00f3 Bank\u00f3 Mih\u00e1ly D\u00e1n Gy\u00f6rgy De\u00e1k Erzs\u00e9bet Gonda K\u00e1roly Kov\u00e1cs Anna Lacz\u00f3 Katalin Nagy G\u00e1sp\u00e1r Papp Edit Petrovszki Magdolna R\u00e1koczi Erzs\u00e9bet \u00dajszigeti \u00c9va V\u00e1g\u00f3 Erzs\u00e9bet Bihari \u00c1gnes Czegl\u00e9di Judit Dud\u00e1s Zsuzsanna \u00c9ri Elem\u00e9r Gal\u00f3 Judit K\u00e1di M\u00e1ria Ditchen [&hellip;]<\/p>\n","protected":false},"author":12,"featured_media":0,"parent":0,"menu_order":0,"comment_status":"closed","ping_status":"closed","template":"","meta":{"footnotes":""},"class_list":["post-53133","page","type-page","status-publish","hentry"],"_links":{"self":[{"href":"\/index.php\/wp-json\/wp\/v2\/pages\/53133","targetHints":{"allow":["GET"]}}],"collection":[{"href":"\/index.php\/wp-json\/wp\/v2\/pages"}],"about":[{"href":"\/index.php\/wp-json\/wp\/v2\/types\/page"}],"author":[{"embeddable":true,"href":"\/index.php\/wp-json\/wp\/v2\/users\/12"}],"replies":[{"embeddable":true,"href":"\/index.php\/wp-json\/wp\/v2\/comments?post=53133"}],"version-history":[{"count":4,"href":"\/index.php\/wp-json\/wp\/v2\/pages\/53133\/revisions"}],"predecessor-version":[{"id":53138,"href":"\/index.php\/wp-json\/wp\/v2\/pages\/53133\/revisions\/53138"}],"wp:attachment":[{"href":"\/index.php\/wp-json\/wp\/v2\/media?parent=53133"}],"curies":[{"name":"wp","href":"https:\/\/api.w.org\/{rel}","templated":true}]}}