{"id":52833,"date":"2025-08-13T09:24:21","date_gmt":"2025-08-13T08:24:21","guid":{"rendered":"\/?page_id=52833"},"modified":"2025-08-13T09:25:53","modified_gmt":"2025-08-13T08:25:53","slug":"1976-felszolgalo","status":"publish","type":"page","link":"\/index.php\/1976-felszolgalo\/","title":{"rendered":"1976 felszolg\u00e1l\u00f3"},"content":{"rendered":"\t\t<div data-elementor-type=\"wp-page\" data-elementor-id=\"52833\" class=\"elementor elementor-52833\" data-elementor-post-type=\"page\">\n\t\t\t\t\t\t<section class=\"elementor-section elementor-top-section elementor-element elementor-element-43b08d1 elementor-section-boxed elementor-section-height-default elementor-section-height-default\" data-id=\"43b08d1\" data-element_type=\"section\" data-e-type=\"section\">\n\t\t\t\t\t\t<div class=\"elementor-container elementor-column-gap-default\">\n\t\t\t\t\t<div class=\"elementor-column elementor-col-100 elementor-top-column elementor-element elementor-element-bd21584\" data-id=\"bd21584\" data-element_type=\"column\" data-e-type=\"column\">\n\t\t\t<div class=\"elementor-widget-wrap elementor-element-populated\">\n\t\t\t\t\t\t<div class=\"elementor-element elementor-element-c5f2898 elementor-widget elementor-widget-spacer\" data-id=\"c5f2898\" data-element_type=\"widget\" data-e-type=\"widget\" data-widget_type=\"spacer.default\">\n\t\t\t\t<div class=\"elementor-widget-container\">\n\t\t\t\t\t\t\t<div class=\"elementor-spacer\">\n\t\t\t<div class=\"elementor-spacer-inner\"><\/div>\n\t\t<\/div>\n\t\t\t\t\t\t<\/div>\n\t\t\t\t<\/div>\n\t\t\t\t\t<\/div>\n\t\t<\/div>\n\t\t\t\t\t<\/div>\n\t\t<\/section>\n\t\t\t\t<section class=\"elementor-section elementor-top-section elementor-element elementor-element-49b5b4b elementor-section-boxed elementor-section-height-default elementor-section-height-default\" data-id=\"49b5b4b\" data-element_type=\"section\" data-e-type=\"section\">\n\t\t\t\t\t\t<div class=\"elementor-container elementor-column-gap-default\">\n\t\t\t\t\t<div class=\"elementor-column elementor-col-100 elementor-top-column elementor-element elementor-element-9e50b80\" data-id=\"9e50b80\" data-element_type=\"column\" data-e-type=\"column\">\n\t\t\t<div class=\"elementor-widget-wrap elementor-element-populated\">\n\t\t\t\t\t\t<div class=\"elementor-element elementor-element-3f2e1d9 elementor-widget elementor-widget-heading\" data-id=\"3f2e1d9\" data-element_type=\"widget\" data-e-type=\"widget\" data-widget_type=\"heading.default\">\n\t\t\t\t<div class=\"elementor-widget-container\">\n\t\t\t\t\t<h2 class=\"elementor-heading-title elementor-size-default\">1975\/1976<\/h2>\t\t\t\t<\/div>\n\t\t\t\t<\/div>\n\t\t\t\t\t<\/div>\n\t\t<\/div>\n\t\t\t\t\t<\/div>\n\t\t<\/section>\n\t\t\t\t<section class=\"elementor-section elementor-top-section elementor-element elementor-element-a48e03c elementor-section-boxed elementor-section-height-default elementor-section-height-default\" data-id=\"a48e03c\" data-element_type=\"section\" data-e-type=\"section\">\n\t\t\t\t\t\t<div class=\"elementor-container elementor-column-gap-default\">\n\t\t\t\t\t<div class=\"elementor-column elementor-col-100 elementor-top-column elementor-element elementor-element-7dca477\" data-id=\"7dca477\" data-element_type=\"column\" data-e-type=\"column\">\n\t\t\t<div class=\"elementor-widget-wrap elementor-element-populated\">\n\t\t\t\t\t\t<div class=\"elementor-element elementor-element-2ecc99c elementor-widget elementor-widget-spacer\" data-id=\"2ecc99c\" data-element_type=\"widget\" data-e-type=\"widget\" data-widget_type=\"spacer.default\">\n\t\t\t\t<div class=\"elementor-widget-container\">\n\t\t\t\t\t\t\t<div class=\"elementor-spacer\">\n\t\t\t<div class=\"elementor-spacer-inner\"><\/div>\n\t\t<\/div>\n\t\t\t\t\t\t<\/div>\n\t\t\t\t<\/div>\n\t\t\t\t\t<\/div>\n\t\t<\/div>\n\t\t\t\t\t<\/div>\n\t\t<\/section>\n\t\t\t\t<section class=\"elementor-section elementor-top-section elementor-element elementor-element-bc9ef47 elementor-section-boxed elementor-section-height-default elementor-section-height-default\" data-id=\"bc9ef47\" data-element_type=\"section\" data-e-type=\"section\">\n\t\t\t\t\t\t<div class=\"elementor-container elementor-column-gap-default\">\n\t\t\t\t\t<div class=\"elementor-column elementor-col-100 elementor-top-column elementor-element elementor-element-31813de\" data-id=\"31813de\" data-element_type=\"column\" data-e-type=\"column\">\n\t\t\t<div class=\"elementor-widget-wrap elementor-element-populated\">\n\t\t\t\t\t\t<div class=\"elementor-element elementor-element-be58ad2 elementor-widget elementor-widget-heading\" data-id=\"be58ad2\" data-element_type=\"widget\" data-e-type=\"widget\" data-widget_type=\"heading.default\">\n\t\t\t\t<div class=\"elementor-widget-container\">\n\t\t\t\t\t<h2 class=\"elementor-heading-title elementor-size-default\">Szakma: felszolg\u00e1l\u00f3<\/h2>\t\t\t\t<\/div>\n\t\t\t\t<\/div>\n\t\t\t\t\t<\/div>\n\t\t<\/div>\n\t\t\t\t\t<\/div>\n\t\t<\/section>\n\t\t\t\t<section class=\"elementor-section elementor-top-section elementor-element elementor-element-a6f1625 elementor-section-boxed elementor-section-height-default elementor-section-height-default\" data-id=\"a6f1625\" data-element_type=\"section\" data-e-type=\"section\">\n\t\t\t\t\t\t<div class=\"elementor-container elementor-column-gap-default\">\n\t\t\t\t\t<div class=\"elementor-column elementor-col-100 elementor-top-column elementor-element elementor-element-00247ed\" data-id=\"00247ed\" data-element_type=\"column\" data-e-type=\"column\">\n\t\t\t<div class=\"elementor-widget-wrap elementor-element-populated\">\n\t\t\t\t\t\t<div class=\"elementor-element elementor-element-b325e62 elementor-widget elementor-widget-spacer\" data-id=\"b325e62\" data-element_type=\"widget\" data-e-type=\"widget\" data-widget_type=\"spacer.default\">\n\t\t\t\t<div class=\"elementor-widget-container\">\n\t\t\t\t\t\t\t<div class=\"elementor-spacer\">\n\t\t\t<div class=\"elementor-spacer-inner\"><\/div>\n\t\t<\/div>\n\t\t\t\t\t\t<\/div>\n\t\t\t\t<\/div>\n\t\t\t\t\t<\/div>\n\t\t<\/div>\n\t\t\t\t\t<\/div>\n\t\t<\/section>\n\t\t\t\t<section class=\"elementor-section elementor-top-section elementor-element elementor-element-da42d06 elementor-section-boxed elementor-section-height-default elementor-section-height-default\" data-id=\"da42d06\" data-element_type=\"section\" data-e-type=\"section\">\n\t\t\t\t\t\t<div class=\"elementor-container elementor-column-gap-default\">\n\t\t\t\t\t<div class=\"elementor-column elementor-col-100 elementor-top-column elementor-element elementor-element-e1aafcc\" data-id=\"e1aafcc\" data-element_type=\"column\" data-e-type=\"column\">\n\t\t\t<div class=\"elementor-widget-wrap elementor-element-populated\">\n\t\t\t\t\t\t<div class=\"elementor-element elementor-element-878fc46 elementor-widget elementor-widget-text-editor\" data-id=\"878fc46\" data-element_type=\"widget\" data-e-type=\"widget\" data-widget_type=\"text-editor.default\">\n\t\t\t\t<div class=\"elementor-widget-container\">\n\t\t\t\t\t\t\t\t\t<ol><li>Balogh Gyula<\/li><li>Balogh Mih\u00e1ly<\/li><li>B\u00edr\u00f3 Gyula<\/li><li>Bodur Attila G\u00e9za<\/li><li>Bond\u00e1r J\u00f3zsef<\/li><li>Borb\u00e9ly Ferenc<\/li><li>Borek R\u00f3za \u00c9va<\/li><li>Gedai J\u00e1nos L\u00e1szl\u00f3<\/li><li>Horv\u00e1th Ferenc<\/li><li>Hrabovszki M\u00e1ty\u00e1s<\/li><li>Kerekes Julianna<\/li><li>Kis Katalin Julianna<\/li><li>Leel-\u0150ssy Erzs\u00e9bet<\/li><li>Mag J\u00e1nos<\/li><li>Medvegy Tibor<\/li><li>Mike Istv\u00e1n<\/li><li>Moln\u00e1r Erzs\u00e9bet Katalin<\/li><li>Pocsai S\u00e1ndor<\/li><li>R\u00e9z Zolt\u00e1n Mikl\u00f3s<\/li><li>Semj\u00e9ni Edit<\/li><li>S\u00f3dar J\u00e1nos<\/li><li>Szit\u00e1s K\u00e1roly<\/li><li>T\u00f3th Erzs\u00e9bet<\/li><li>V\u00e1radi L\u00e1szl\u00f3<\/li><li>Varga P\u00e1l<\/li><\/ol>\t\t\t\t\t\t\t\t<\/div>\n\t\t\t\t<\/div>\n\t\t\t\t\t<\/div>\n\t\t<\/div>\n\t\t\t\t\t<\/div>\n\t\t<\/section>\n\t\t\t\t<\/div>\n\t\t","protected":false},"excerpt":{"rendered":"<p>1975\/1976 Szakma: felszolg\u00e1l\u00f3 Balogh Gyula Balogh Mih\u00e1ly B\u00edr\u00f3 Gyula Bodur Attila G\u00e9za Bond\u00e1r J\u00f3zsef Borb\u00e9ly Ferenc Borek R\u00f3za \u00c9va Gedai J\u00e1nos L\u00e1szl\u00f3 Horv\u00e1th Ferenc Hrabovszki M\u00e1ty\u00e1s Kerekes Julianna Kis Katalin Julianna Leel-\u0150ssy Erzs\u00e9bet Mag J\u00e1nos Medvegy Tibor Mike Istv\u00e1n Moln\u00e1r Erzs\u00e9bet Katalin Pocsai S\u00e1ndor R\u00e9z Zolt\u00e1n Mikl\u00f3s Semj\u00e9ni Edit S\u00f3dar J\u00e1nos Szit\u00e1s K\u00e1roly T\u00f3th Erzs\u00e9bet [&hellip;]<\/p>\n","protected":false},"author":12,"featured_media":0,"parent":0,"menu_order":0,"comment_status":"closed","ping_status":"closed","template":"","meta":{"footnotes":""},"class_list":["post-52833","page","type-page","status-publish","hentry"],"_links":{"self":[{"href":"\/index.php\/wp-json\/wp\/v2\/pages\/52833","targetHints":{"allow":["GET"]}}],"collection":[{"href":"\/index.php\/wp-json\/wp\/v2\/pages"}],"about":[{"href":"\/index.php\/wp-json\/wp\/v2\/types\/page"}],"author":[{"embeddable":true,"href":"\/index.php\/wp-json\/wp\/v2\/users\/12"}],"replies":[{"embeddable":true,"href":"\/index.php\/wp-json\/wp\/v2\/comments?post=52833"}],"version-history":[{"count":4,"href":"\/index.php\/wp-json\/wp\/v2\/pages\/52833\/revisions"}],"predecessor-version":[{"id":52838,"href":"\/index.php\/wp-json\/wp\/v2\/pages\/52833\/revisions\/52838"}],"wp:attachment":[{"href":"\/index.php\/wp-json\/wp\/v2\/media?parent=52833"}],"curies":[{"name":"wp","href":"https:\/\/api.w.org\/{rel}","templated":true}]}}