{"id":500,"date":"2020-04-21T11:09:26","date_gmt":"2020-04-21T10:09:26","guid":{"rendered":"\/?page_id=500"},"modified":"2025-09-11T21:15:58","modified_gmt":"2025-09-11T20:15:58","slug":"telefon-mellekek","status":"publish","type":"page","link":"\/index.php\/telefon-mellekek\/","title":{"rendered":"Telefon mell\u00e9kek"},"content":{"rendered":"\n<figure class=\"wp-block-table is-style-stripes\"><table><tbody><tr><td class=\"has-text-align-center\" data-align=\"center\"><strong>Igazgat\u00f3&nbsp;<\/strong>&#8211; Eke Ibolya<\/td><td class=\"has-text-align-left\" data-align=\"left\">201<\/td><\/tr><tr><td class=\"has-text-align-center\" data-align=\"center\"><strong>Igazgat\u00f3helyettes<\/strong>&nbsp;&#8211; B\u00e1nfi Edina<\/td><td class=\"has-text-align-left\" data-align=\"left\">202<\/td><\/tr><tr><td class=\"has-text-align-center\" data-align=\"center\"><strong>Igazgat\u00f3helyettes<\/strong>&nbsp;&#8211; Sajti Gr\u00e9ta, Vassn\u00e9 Dobra Julianna<\/td><td class=\"has-text-align-left\" data-align=\"left\">203<\/td><\/tr><tr><td class=\"has-text-align-center\" data-align=\"center\"><strong>Igazgat\u00f3helyettes<\/strong>&nbsp;&#8211; Hoffmann D\u00e1niel<\/td><td class=\"has-text-align-left\" data-align=\"left\">214<\/td><\/tr><tr><td class=\"has-text-align-center\" data-align=\"center\"><strong>Titk\u00e1rs\u00e1g<\/strong>&nbsp;&#8211; Urb\u00e1nn\u00e9 Kov\u00e1cs \u00c9va<\/td><td class=\"has-text-align-left\" data-align=\"left\">200<\/td><\/tr><tr><td class=\"has-text-align-center\" data-align=\"center\"><strong>Gazdas\u00e1gi \u00fcgyint\u00e9z\u0151<\/strong> &#8211; Saitz Melinda<\/td><td class=\"has-text-align-left\" data-align=\"left\">204<\/td><\/tr><tr><td class=\"has-text-align-center\" data-align=\"center\"><strong>Szakmacsoport \u00fcgyint\u00e9z\u0151<\/strong>&nbsp;&#8211; V\u00e1rfalvi Katalin<\/td><td class=\"has-text-align-left\" data-align=\"left\">204<\/td><\/tr><tr><td class=\"has-text-align-center\" data-align=\"center\"><strong>Iskolatitk\u00e1r (tanul\u00f3nyilv\u00e1ntart\u00f3)<\/strong>&nbsp;&#8211; Kmetyk\u00f3 Bianka, Zsil\u00e1kn\u00e9 S\u00f3dar Erika<\/td><td class=\"has-text-align-left\" data-align=\"left\">209<\/td><\/tr><tr><td class=\"has-text-align-center\" data-align=\"center\"><strong>Rendszergazda<\/strong>, <strong>oktat\u00e1stechnikus<\/strong> &#8211; Maczk\u00f3 Martin<\/td><td class=\"has-text-align-left\" data-align=\"left\">247<\/td><\/tr><tr><td class=\"has-text-align-center\" data-align=\"center\"><strong>Kaz\u00e1nh\u00e1z<\/strong><\/td><td class=\"has-text-align-left\" data-align=\"left\">280<\/td><\/tr><tr><td class=\"has-text-align-center\" data-align=\"center\"><strong>Porta<\/strong><\/td><td class=\"has-text-align-left\" data-align=\"left\">271<\/td><\/tr><tr><td class=\"has-text-align-center\" data-align=\"center\"><strong>\u00c9lelmiszerrakt\u00e1r<\/strong>&nbsp;&#8211; Schmidn\u00e9 Farkas Judit<\/td><td class=\"has-text-align-left\" data-align=\"left\">225<\/td><\/tr><tr><td class=\"has-text-align-center\" data-align=\"center\"><strong>Tan\u00e1ri<\/strong><\/td><td class=\"has-text-align-left\" data-align=\"left\">213<\/td><\/tr><tr><td class=\"has-text-align-center\" data-align=\"center\"><\/td><td class=\"has-text-align-left\" data-align=\"left\"><\/td><\/tr><tr><td class=\"has-text-align-center\" data-align=\"center\"><strong>Tan\u00e9tterem 1-2-3<\/strong><\/td><td class=\"has-text-align-left\" data-align=\"left\">270<\/td><\/tr><tr><td class=\"has-text-align-center\" data-align=\"center\"><strong>Tankonyha II. emelet<\/strong><\/td><td class=\"has-text-align-left\" data-align=\"left\">260<\/td><\/tr><tr><td class=\"has-text-align-center\" data-align=\"center\"><strong>Tankonyha III. emelet<\/strong><\/td><td class=\"has-text-align-left\" data-align=\"left\">272<\/td><\/tr><tr><td class=\"has-text-align-center\" data-align=\"center\"><strong>K\u00f6nyvt\u00e1r&nbsp;<\/strong>&#8211; Moravszki J\u00e1nos<\/td><td class=\"has-text-align-left\" data-align=\"left\">250<\/td><\/tr><tr><td class=\"has-text-align-center\" data-align=\"center\"><strong>V\u00e9d\u0151n\u0151&nbsp;<\/strong>&#8211; Sznopek Anita<\/td><td class=\"has-text-align-left\" data-align=\"left\">212<\/td><\/tr><tr><td class=\"has-text-align-center\" data-align=\"center\"><strong>B\u00fcf\u00e9<\/strong>&nbsp;<\/td><td class=\"has-text-align-left\" data-align=\"left\">258<\/td><\/tr><\/tbody><\/table><\/figure>\n","protected":false},"excerpt":{"rendered":"<p>Igazgat\u00f3&nbsp;&#8211; Eke Ibolya 201 Igazgat\u00f3helyettes&nbsp;&#8211; B\u00e1nfi Edina 202 Igazgat\u00f3helyettes&nbsp;&#8211; Sajti Gr\u00e9ta, Vassn\u00e9 Dobra Julianna 203 Igazgat\u00f3helyettes&nbsp;&#8211; Hoffmann D\u00e1niel 214 Titk\u00e1rs\u00e1g&nbsp;&#8211; Urb\u00e1nn\u00e9 Kov\u00e1cs \u00c9va 200 Gazdas\u00e1gi \u00fcgyint\u00e9z\u0151 &#8211; Saitz Melinda 204 Szakmacsoport \u00fcgyint\u00e9z\u0151&nbsp;&#8211; V\u00e1rfalvi Katalin 204 Iskolatitk\u00e1r (tanul\u00f3nyilv\u00e1ntart\u00f3)&nbsp;&#8211; Kmetyk\u00f3 Bianka, Zsil\u00e1kn\u00e9 S\u00f3dar Erika 209 Rendszergazda, oktat\u00e1stechnikus &#8211; Maczk\u00f3 Martin 247 Kaz\u00e1nh\u00e1z 280 Porta 271 \u00c9lelmiszerrakt\u00e1r&nbsp;&#8211; Schmidn\u00e9 [&hellip;]<\/p>\n","protected":false},"author":4,"featured_media":0,"parent":0,"menu_order":0,"comment_status":"closed","ping_status":"closed","template":"","meta":{"footnotes":""},"class_list":["post-500","page","type-page","status-publish","hentry"],"_links":{"self":[{"href":"\/index.php\/wp-json\/wp\/v2\/pages\/500","targetHints":{"allow":["GET"]}}],"collection":[{"href":"\/index.php\/wp-json\/wp\/v2\/pages"}],"about":[{"href":"\/index.php\/wp-json\/wp\/v2\/types\/page"}],"author":[{"embeddable":true,"href":"\/index.php\/wp-json\/wp\/v2\/users\/4"}],"replies":[{"embeddable":true,"href":"\/index.php\/wp-json\/wp\/v2\/comments?post=500"}],"version-history":[{"count":10,"href":"\/index.php\/wp-json\/wp\/v2\/pages\/500\/revisions"}],"predecessor-version":[{"id":54105,"href":"\/index.php\/wp-json\/wp\/v2\/pages\/500\/revisions\/54105"}],"wp:attachment":[{"href":"\/index.php\/wp-json\/wp\/v2\/media?parent=500"}],"curies":[{"name":"wp","href":"https:\/\/api.w.org\/{rel}","templated":true}]}}