{"id":481,"date":"2020-04-21T10:39:52","date_gmt":"2020-04-21T09:39:52","guid":{"rendered":"\/?page_id=481"},"modified":"2026-03-21T15:00:57","modified_gmt":"2026-03-21T14:00:57","slug":"gazdasagi-adminisztrativ-technikai-dolgozok","status":"publish","type":"page","link":"\/index.php\/gazdasagi-adminisztrativ-technikai-dolgozok\/","title":{"rendered":"Gazdas\u00e1gi, adminisztrat\u00edv, technikai dolgoz\u00f3k"},"content":{"rendered":"\t\t<div data-elementor-type=\"wp-page\" data-elementor-id=\"481\" class=\"elementor elementor-481\" data-elementor-post-type=\"page\">\n\t\t\t\t\t\t<section class=\"elementor-section elementor-top-section elementor-element elementor-element-35e2c9a8 elementor-section-boxed elementor-section-height-default elementor-section-height-default\" data-id=\"35e2c9a8\" data-element_type=\"section\" data-e-type=\"section\">\n\t\t\t\t\t\t<div class=\"elementor-container elementor-column-gap-default\">\n\t\t\t\t\t<div class=\"elementor-column elementor-col-100 elementor-top-column elementor-element elementor-element-7cc6356\" data-id=\"7cc6356\" data-element_type=\"column\" data-e-type=\"column\">\n\t\t\t<div class=\"elementor-widget-wrap elementor-element-populated\">\n\t\t\t\t\t\t<div class=\"elementor-element elementor-element-35b2033a elementor-widget elementor-widget-text-editor\" data-id=\"35b2033a\" data-element_type=\"widget\" data-e-type=\"widget\" data-widget_type=\"text-editor.default\">\n\t\t\t\t<div class=\"elementor-widget-container\">\n\t\t\t\t\t\t\t\t\t\n<figure class=\"wp-block-table is-style-stripes\">\n<table class=\"has-fixed-layout\" style=\"height: 1750px;\" width=\"133\">\n<tbody>\n<tr>\n<td class=\"has-text-align-center\" data-align=\"center\">Bereczkin\u00e9 K\u00fcrti Katalin<\/td>\n<\/tr>\n<tr>\n<td class=\"has-text-align-center\" data-align=\"center\">Ber\u00e9nyi J\u00f3zsef P\u00e9tern\u00e9<\/td>\n<\/tr>\n<tr>\n<td class=\"has-text-align-center\" data-align=\"center\">Bodor Andrea<\/td>\n<\/tr>\n<tr>\n<td class=\"has-text-align-center\" data-align=\"center\">Hank\u00f3n\u00e9 Mogyor\u00f3si Csilla<\/td>\n<\/tr>\n<tr>\n<td class=\"has-text-align-center\" data-align=\"center\">Ily\u00e9sn\u00e9 Lauk\u00f3 Anna<\/td>\n<\/tr>\n<tr>\n<td class=\"has-text-align-center\" data-align=\"center\">Kertesn\u00e9 Fej\u00e9r \u00c9va<\/td>\n<\/tr>\n<tr>\n<td class=\"has-text-align-center\" data-align=\"center\">Kmetyk\u00f3 Bianka<\/td>\n<\/tr>\n<tr>\n<td class=\"has-text-align-center\" data-align=\"center\">Kov\u00e1cs Linda<\/td>\n<\/tr>\n<tr>\n<td class=\"has-text-align-center\" data-align=\"center\">Kov\u00e1cs Zolt\u00e1n (F\u0151\u00e9p\u00fclet)<\/td>\n<\/tr>\n<tr>\n<td class=\"has-text-align-center\" data-align=\"center\">Kov\u00e1cs Zolt\u00e1n<\/td>\n<\/tr>\n<tr>\n<td class=\"has-text-align-center\" data-align=\"center\">Lantos \u00c1gnes<\/td>\n<\/tr>\n<tr>\n<td class=\"has-text-align-center\" data-align=\"center\">Maczk\u00f3 Martin<\/td>\n<\/tr>\n<tr>\n<td class=\"has-text-align-center\" data-align=\"center\">Nemes G\u00e1bor<\/td>\n<\/tr>\n<tr>\n<td class=\"has-text-align-center\" data-align=\"center\">Nikora J\u00e1nos Csab\u00e1n\u00e9<\/td>\n<\/tr>\n<tr>\n<td class=\"has-text-align-center\" data-align=\"center\">Pal\u00e1sti L\u00e1szl\u00f3<\/td>\n<\/tr>\n<tr>\n<td class=\"has-text-align-center\" data-align=\"center\">Saitz Melinda<\/td>\n<\/tr>\n<tr>\n<td class=\"has-text-align-center\" data-align=\"center\">Schmidn\u00e9 Farkas Judit<\/td>\n<\/tr>\n<tr>\n<td class=\"has-text-align-center\" data-align=\"center\">T\u00f3th Adrienn<\/td>\n<\/tr>\n<tr>\n<td class=\"has-text-align-center\" data-align=\"center\">Urb\u00e1nn\u00e9 Kov\u00e1cs \u00c9va<\/td>\n<\/tr>\n<tr>\n<td class=\"has-text-align-center\" data-align=\"center\">Urb\u00e1n-Magyar Andrea<\/td>\n<\/tr>\n<tr>\n<td class=\"has-text-align-center\" data-align=\"center\">V\u00e1rfalvi Katalin<\/td>\n<\/tr>\n<tr>\n<td class=\"has-text-align-center\" data-align=\"center\">Zsil\u00e1kn\u00e9 S\u00f3dar Erika<\/td>\n<\/tr>\n<tr>\n<td class=\"has-text-align-center\" data-align=\"center\">\u00a0<\/td>\n<\/tr>\n<tr>\n<td class=\"has-text-align-center\" data-align=\"center\">\u00a0<\/td>\n<\/tr>\n<tr>\n<td class=\"has-text-align-center\" data-align=\"center\">\u00a0<\/td>\n<\/tr>\n<\/tbody>\n<\/table>\n<\/figure>\n\n\n\n<p>&nbsp;<\/p>\n\t\t\t\t\t\t\t\t<\/div>\n\t\t\t\t<\/div>\n\t\t\t\t\t<\/div>\n\t\t<\/div>\n\t\t\t\t\t<\/div>\n\t\t<\/section>\n\t\t\t\t<\/div>\n\t\t","protected":false},"excerpt":{"rendered":"<p>Bereczkin\u00e9 K\u00fcrti Katalin Ber\u00e9nyi J\u00f3zsef P\u00e9tern\u00e9 Bodor Andrea Hank\u00f3n\u00e9 Mogyor\u00f3si Csilla Ily\u00e9sn\u00e9 Lauk\u00f3 Anna Kertesn\u00e9 Fej\u00e9r \u00c9va Kmetyk\u00f3 Bianka Kov\u00e1cs Linda Kov\u00e1cs Zolt\u00e1n (F\u0151\u00e9p\u00fclet) Kov\u00e1cs Zolt\u00e1n Lantos \u00c1gnes Maczk\u00f3 Martin Nemes G\u00e1bor Nikora J\u00e1nos Csab\u00e1n\u00e9 Pal\u00e1sti L\u00e1szl\u00f3 Saitz Melinda Schmidn\u00e9 Farkas Judit T\u00f3th Adrienn Urb\u00e1nn\u00e9 Kov\u00e1cs \u00c9va Urb\u00e1n-Magyar Andrea V\u00e1rfalvi Katalin Zsil\u00e1kn\u00e9 S\u00f3dar Erika \u00a0 [&hellip;]<\/p>\n","protected":false},"author":4,"featured_media":0,"parent":0,"menu_order":0,"comment_status":"closed","ping_status":"closed","template":"","meta":{"footnotes":""},"class_list":["post-481","page","type-page","status-publish","hentry"],"_links":{"self":[{"href":"\/index.php\/wp-json\/wp\/v2\/pages\/481","targetHints":{"allow":["GET"]}}],"collection":[{"href":"\/index.php\/wp-json\/wp\/v2\/pages"}],"about":[{"href":"\/index.php\/wp-json\/wp\/v2\/types\/page"}],"author":[{"embeddable":true,"href":"\/index.php\/wp-json\/wp\/v2\/users\/4"}],"replies":[{"embeddable":true,"href":"\/index.php\/wp-json\/wp\/v2\/comments?post=481"}],"version-history":[{"count":25,"href":"\/index.php\/wp-json\/wp\/v2\/pages\/481\/revisions"}],"predecessor-version":[{"id":56903,"href":"\/index.php\/wp-json\/wp\/v2\/pages\/481\/revisions\/56903"}],"wp:attachment":[{"href":"\/index.php\/wp-json\/wp\/v2\/media?parent=481"}],"curies":[{"name":"wp","href":"https:\/\/api.w.org\/{rel}","templated":true}]}}