{"id":47372,"date":"2025-03-20T15:34:23","date_gmt":"2025-03-20T14:34:23","guid":{"rendered":"\/?page_id=47372"},"modified":"2025-03-20T15:35:13","modified_gmt":"2025-03-20T14:35:13","slug":"dualis-kepzohelyek-listaja-elelmiszer-ellenorzesi-technikus","status":"publish","type":"page","link":"\/index.php\/dualis-kepzohelyek-listaja-elelmiszer-ellenorzesi-technikus\/","title":{"rendered":"Du\u00e1lis k\u00e9pz\u0151helyek list\u00e1ja \u2013 \u00c9lelmiszer-ellen\u0151rz\u00e9si technikus"},"content":{"rendered":"\t\t<div data-elementor-type=\"wp-page\" data-elementor-id=\"47372\" class=\"elementor elementor-47372\" data-elementor-post-type=\"page\">\n\t\t\t\t\t\t<section class=\"elementor-section elementor-top-section elementor-element elementor-element-6908418 elementor-section-boxed elementor-section-height-default elementor-section-height-default\" data-id=\"6908418\" data-element_type=\"section\" data-e-type=\"section\">\n\t\t\t\t\t\t<div class=\"elementor-container elementor-column-gap-default\">\n\t\t\t\t\t<div class=\"elementor-column elementor-col-100 elementor-top-column elementor-element elementor-element-4deef32\" data-id=\"4deef32\" data-element_type=\"column\" data-e-type=\"column\">\n\t\t\t<div class=\"elementor-widget-wrap elementor-element-populated\">\n\t\t\t\t\t\t<div class=\"elementor-element elementor-element-a6210cc elementor-widget elementor-widget-spacer\" data-id=\"a6210cc\" data-element_type=\"widget\" data-e-type=\"widget\" data-widget_type=\"spacer.default\">\n\t\t\t\t<div class=\"elementor-widget-container\">\n\t\t\t\t\t\t\t<div class=\"elementor-spacer\">\n\t\t\t<div class=\"elementor-spacer-inner\"><\/div>\n\t\t<\/div>\n\t\t\t\t\t\t<\/div>\n\t\t\t\t<\/div>\n\t\t\t\t\t<\/div>\n\t\t<\/div>\n\t\t\t\t\t<\/div>\n\t\t<\/section>\n\t\t\t\t<section class=\"elementor-section elementor-top-section elementor-element elementor-element-0674365 elementor-section-boxed elementor-section-height-default elementor-section-height-default\" data-id=\"0674365\" data-element_type=\"section\" data-e-type=\"section\">\n\t\t\t\t\t\t<div class=\"elementor-container elementor-column-gap-default\">\n\t\t\t\t\t<div class=\"elementor-column elementor-col-100 elementor-top-column elementor-element elementor-element-5224b3e\" data-id=\"5224b3e\" data-element_type=\"column\" data-e-type=\"column\">\n\t\t\t<div class=\"elementor-widget-wrap elementor-element-populated\">\n\t\t\t\t\t\t<div class=\"elementor-element elementor-element-8d3196f elementor-widget elementor-widget-heading\" data-id=\"8d3196f\" data-element_type=\"widget\" data-e-type=\"widget\" data-widget_type=\"heading.default\">\n\t\t\t\t<div class=\"elementor-widget-container\">\n\t\t\t\t\t<h2 class=\"elementor-heading-title elementor-size-default\">Kedves L\u00e1togat\u00f3!<\/h2>\t\t\t\t<\/div>\n\t\t\t\t<\/div>\n\t\t\t\t\t<\/div>\n\t\t<\/div>\n\t\t\t\t\t<\/div>\n\t\t<\/section>\n\t\t\t\t<section class=\"elementor-section elementor-top-section elementor-element elementor-element-73c692c elementor-section-boxed elementor-section-height-default elementor-section-height-default\" data-id=\"73c692c\" data-element_type=\"section\" data-e-type=\"section\">\n\t\t\t\t\t\t<div class=\"elementor-container elementor-column-gap-default\">\n\t\t\t\t\t<div class=\"elementor-column elementor-col-100 elementor-top-column elementor-element elementor-element-731a7b1\" data-id=\"731a7b1\" data-element_type=\"column\" data-e-type=\"column\">\n\t\t\t<div class=\"elementor-widget-wrap elementor-element-populated\">\n\t\t\t\t\t\t<div class=\"elementor-element elementor-element-a20c0b9 elementor-widget elementor-widget-text-editor\" data-id=\"a20c0b9\" data-element_type=\"widget\" data-e-type=\"widget\" data-widget_type=\"text-editor.default\">\n\t\t\t\t<div class=\"elementor-widget-container\">\n\t\t\t\t\t\t\t\t\t<p>Az al\u00e1bbi list\u00e1ban tal\u00e1lja azokat a du\u00e1lis k\u00e9pz\u0151helyeket, melyek fogadj\u00e1k iskol\u00e1nk tanul\u00f3it a k\u00fcls\u0151 gyakorlatokra.<\/p>\t\t\t\t\t\t\t\t<\/div>\n\t\t\t\t<\/div>\n\t\t\t\t\t<\/div>\n\t\t<\/div>\n\t\t\t\t\t<\/div>\n\t\t<\/section>\n\t\t\t\t<section class=\"elementor-section elementor-top-section elementor-element elementor-element-d824304 elementor-section-boxed elementor-section-height-default elementor-section-height-default\" data-id=\"d824304\" data-element_type=\"section\" data-e-type=\"section\">\n\t\t\t\t\t\t<div class=\"elementor-container elementor-column-gap-default\">\n\t\t\t\t\t<div class=\"elementor-column elementor-col-100 elementor-top-column elementor-element elementor-element-c6f51b7\" data-id=\"c6f51b7\" data-element_type=\"column\" data-e-type=\"column\">\n\t\t\t<div class=\"elementor-widget-wrap elementor-element-populated\">\n\t\t\t\t\t\t<div class=\"elementor-element elementor-element-52c3b66 elementor-widget elementor-widget-text-editor\" data-id=\"52c3b66\" data-element_type=\"widget\" data-e-type=\"widget\" data-widget_type=\"text-editor.default\">\n\t\t\t\t<div class=\"elementor-widget-container\">\n\t\t\t\t\t\t\t\t\t<table width=\"697\"><tbody><tr><td width=\"208\">B\u00e9k\u00e9s Megyei Korm\u00e1nyhivatal<\/td><td width=\"202\">B\u00e9k\u00e9scsaba, Derkovits sor 2.<\/td><td width=\"287\">B\u00e9k\u00e9scsabai J\u00e1r\u00e1si Hivatal \u00c9lelmiszerl\u00e1nc-biztons\u00e1gi \u00e9s \u00c1llateg\u00e9szs\u00e9g\u00fcgyi Oszt\u00e1ly<\/td><\/tr><tr><td width=\"208\">Bonduelle Centr\u00e1l Europe Kft.<\/td><td width=\"202\">B\u00e9k\u00e9scsaba, B\u00e9k\u00e9si \u00fat 54.<\/td><td width=\"287\">Bonduelle Central Europ Kft.<\/td><\/tr><tr><td>Gallicoop Pulykafeldolgoz\u00f3 Zrt.<\/td><td width=\"202\">Szarvas, Ipartelep u. 531\/1.<\/td><td>Gallicoop Pulykafeldolgoz\u00f3 Zrt.<\/td><\/tr><tr><td>Meat Projekt Plusz Kft.<\/td><td width=\"202\">Budapest, Petneh\u00e1zy \u00fat 52. 2. em. 242\/1.<\/td><td width=\"287\">Meat Projekt Plusz Kft.<\/td><\/tr><tr><td width=\"208\">Merian Foods \u00c9lelmiszeripari Kft.<\/td><td width=\"202\">Orosh\u00e1za, Szarvasi \u00fat 16.<\/td><td>Merian Foods Kft.<\/td><\/tr><\/tbody><\/table>\t\t\t\t\t\t\t\t<\/div>\n\t\t\t\t<\/div>\n\t\t\t\t\t<\/div>\n\t\t<\/div>\n\t\t\t\t\t<\/div>\n\t\t<\/section>\n\t\t\t\t<\/div>\n\t\t","protected":false},"excerpt":{"rendered":"<p>Kedves L\u00e1togat\u00f3! Az al\u00e1bbi list\u00e1ban tal\u00e1lja azokat a du\u00e1lis k\u00e9pz\u0151helyeket, melyek fogadj\u00e1k iskol\u00e1nk tanul\u00f3it a k\u00fcls\u0151 gyakorlatokra. B\u00e9k\u00e9s Megyei Korm\u00e1nyhivatal B\u00e9k\u00e9scsaba, Derkovits sor 2. B\u00e9k\u00e9scsabai J\u00e1r\u00e1si Hivatal \u00c9lelmiszerl\u00e1nc-biztons\u00e1gi \u00e9s \u00c1llateg\u00e9szs\u00e9g\u00fcgyi Oszt\u00e1ly Bonduelle Centr\u00e1l Europe Kft. B\u00e9k\u00e9scsaba, B\u00e9k\u00e9si \u00fat 54. Bonduelle Central Europ Kft. Gallicoop Pulykafeldolgoz\u00f3 Zrt. Szarvas, Ipartelep u. 531\/1. Gallicoop Pulykafeldolgoz\u00f3 Zrt. Meat Projekt [&hellip;]<\/p>\n","protected":false},"author":4,"featured_media":0,"parent":0,"menu_order":0,"comment_status":"closed","ping_status":"closed","template":"","meta":{"footnotes":""},"class_list":["post-47372","page","type-page","status-publish","hentry"],"_links":{"self":[{"href":"\/index.php\/wp-json\/wp\/v2\/pages\/47372","targetHints":{"allow":["GET"]}}],"collection":[{"href":"\/index.php\/wp-json\/wp\/v2\/pages"}],"about":[{"href":"\/index.php\/wp-json\/wp\/v2\/types\/page"}],"author":[{"embeddable":true,"href":"\/index.php\/wp-json\/wp\/v2\/users\/4"}],"replies":[{"embeddable":true,"href":"\/index.php\/wp-json\/wp\/v2\/comments?post=47372"}],"version-history":[{"count":4,"href":"\/index.php\/wp-json\/wp\/v2\/pages\/47372\/revisions"}],"predecessor-version":[{"id":47377,"href":"\/index.php\/wp-json\/wp\/v2\/pages\/47372\/revisions\/47377"}],"wp:attachment":[{"href":"\/index.php\/wp-json\/wp\/v2\/media?parent=47372"}],"curies":[{"name":"wp","href":"https:\/\/api.w.org\/{rel}","templated":true}]}}