{"id":47363,"date":"2025-03-20T15:32:28","date_gmt":"2025-03-20T14:32:28","guid":{"rendered":"\/?page_id=47363"},"modified":"2025-03-20T15:33:23","modified_gmt":"2025-03-20T14:33:23","slug":"dualis-kepzohelyek-listaja-pek-cukrasz","status":"publish","type":"page","link":"\/index.php\/dualis-kepzohelyek-listaja-pek-cukrasz\/","title":{"rendered":"Du\u00e1lis k\u00e9pz\u0151helyek list\u00e1ja \u2013 P\u00e9k-cukr\u00e1sz"},"content":{"rendered":"\t\t<div data-elementor-type=\"wp-page\" data-elementor-id=\"47363\" class=\"elementor elementor-47363\" data-elementor-post-type=\"page\">\n\t\t\t\t\t\t<section class=\"elementor-section elementor-top-section elementor-element elementor-element-098c2bd elementor-section-boxed elementor-section-height-default elementor-section-height-default\" data-id=\"098c2bd\" data-element_type=\"section\" data-e-type=\"section\">\n\t\t\t\t\t\t<div class=\"elementor-container elementor-column-gap-default\">\n\t\t\t\t\t<div class=\"elementor-column elementor-col-100 elementor-top-column elementor-element elementor-element-23a4c1d\" data-id=\"23a4c1d\" data-element_type=\"column\" data-e-type=\"column\">\n\t\t\t<div class=\"elementor-widget-wrap elementor-element-populated\">\n\t\t\t\t\t\t<div class=\"elementor-element elementor-element-18941f1 elementor-widget elementor-widget-spacer\" data-id=\"18941f1\" data-element_type=\"widget\" data-e-type=\"widget\" data-widget_type=\"spacer.default\">\n\t\t\t\t<div class=\"elementor-widget-container\">\n\t\t\t\t\t\t\t<div class=\"elementor-spacer\">\n\t\t\t<div class=\"elementor-spacer-inner\"><\/div>\n\t\t<\/div>\n\t\t\t\t\t\t<\/div>\n\t\t\t\t<\/div>\n\t\t\t\t\t<\/div>\n\t\t<\/div>\n\t\t\t\t\t<\/div>\n\t\t<\/section>\n\t\t\t\t<section class=\"elementor-section elementor-top-section elementor-element elementor-element-31e50d3 elementor-section-boxed elementor-section-height-default elementor-section-height-default\" data-id=\"31e50d3\" data-element_type=\"section\" data-e-type=\"section\">\n\t\t\t\t\t\t<div class=\"elementor-container elementor-column-gap-default\">\n\t\t\t\t\t<div class=\"elementor-column elementor-col-100 elementor-top-column elementor-element elementor-element-12ab127\" data-id=\"12ab127\" data-element_type=\"column\" data-e-type=\"column\">\n\t\t\t<div class=\"elementor-widget-wrap elementor-element-populated\">\n\t\t\t\t\t\t<div class=\"elementor-element elementor-element-9ba8a47 elementor-widget elementor-widget-heading\" data-id=\"9ba8a47\" data-element_type=\"widget\" data-e-type=\"widget\" data-widget_type=\"heading.default\">\n\t\t\t\t<div class=\"elementor-widget-container\">\n\t\t\t\t\t<h2 class=\"elementor-heading-title elementor-size-default\">Kedves L\u00e1togat\u00f3!<\/h2>\t\t\t\t<\/div>\n\t\t\t\t<\/div>\n\t\t\t\t\t<\/div>\n\t\t<\/div>\n\t\t\t\t\t<\/div>\n\t\t<\/section>\n\t\t\t\t<section class=\"elementor-section elementor-top-section elementor-element elementor-element-5b9b342 elementor-section-boxed elementor-section-height-default elementor-section-height-default\" data-id=\"5b9b342\" data-element_type=\"section\" data-e-type=\"section\">\n\t\t\t\t\t\t<div class=\"elementor-container elementor-column-gap-default\">\n\t\t\t\t\t<div class=\"elementor-column elementor-col-100 elementor-top-column elementor-element elementor-element-0fa9159\" data-id=\"0fa9159\" data-element_type=\"column\" data-e-type=\"column\">\n\t\t\t<div class=\"elementor-widget-wrap elementor-element-populated\">\n\t\t\t\t\t\t<div class=\"elementor-element elementor-element-f865843 elementor-widget elementor-widget-text-editor\" data-id=\"f865843\" data-element_type=\"widget\" data-e-type=\"widget\" data-widget_type=\"text-editor.default\">\n\t\t\t\t<div class=\"elementor-widget-container\">\n\t\t\t\t\t\t\t\t\t<p>Az al\u00e1bbi list\u00e1ban tal\u00e1lja azokat a du\u00e1lis k\u00e9pz\u0151helyeket, melyek fogadj\u00e1k iskol\u00e1nk tanul\u00f3it a k\u00fcls\u0151 gyakorlatokra.<\/p>\t\t\t\t\t\t\t\t<\/div>\n\t\t\t\t<\/div>\n\t\t\t\t\t<\/div>\n\t\t<\/div>\n\t\t\t\t\t<\/div>\n\t\t<\/section>\n\t\t\t\t<section class=\"elementor-section elementor-top-section elementor-element elementor-element-4885297 elementor-section-boxed elementor-section-height-default elementor-section-height-default\" data-id=\"4885297\" data-element_type=\"section\" data-e-type=\"section\">\n\t\t\t\t\t\t<div class=\"elementor-container elementor-column-gap-default\">\n\t\t\t\t\t<div class=\"elementor-column elementor-col-100 elementor-top-column elementor-element elementor-element-deceb0d\" data-id=\"deceb0d\" data-element_type=\"column\" data-e-type=\"column\">\n\t\t\t<div class=\"elementor-widget-wrap elementor-element-populated\">\n\t\t\t\t\t\t<div class=\"elementor-element elementor-element-5ee2101 elementor-widget elementor-widget-text-editor\" data-id=\"5ee2101\" data-element_type=\"widget\" data-e-type=\"widget\" data-widget_type=\"text-editor.default\">\n\t\t\t\t<div class=\"elementor-widget-container\">\n\t\t\t\t\t\t\t\t\t<table width=\"573\"><tbody><tr><td width=\"205\">Dowi-S\u00fcti Kft<\/td><td width=\"178\">Dowidatn\u00e9 Kardos S\u00e1ra<\/td><td width=\"190\">B\u00e9k\u00e9scsaba<\/td><\/tr><tr><td>M\u00e1rkus Be\u00e1ta ev.<\/td><td>Bej\u00f3 Cukr\u00e1szda<\/td><td>B\u00e9k\u00e9scsaba<\/td><\/tr><tr><td>Drucker P\u00e9ks\u00e9g<\/td><td>Drucker Tam\u00e1s<\/td><td>B\u00e9k\u00e9s<\/td><\/tr><tr><td>Rajki Istv\u00e1n<\/td><td>\u00a0<\/td><td>B\u00e9k\u00e9scsaba<\/td><\/tr><tr><td>A&amp;H Margar\u00e9ta Kft.<\/td><td>Pik\u00f3 Ferencn\u00e9<\/td><td>Kamut<\/td><\/tr><tr><td>Juh\u00e1sz Zolt\u00e1n<\/td><td>Juh\u00e1sz Cukr\u00e1szat<\/td><td>B\u00e9k\u00e9s<\/td><\/tr><tr><td>Lad\u00e1nyi Cukr\u00e1szat<\/td><td>Lad\u00e1nyi L\u00e1szl\u00f3<\/td><td>Szeghalom<\/td><\/tr><tr><td>Alf\u00f6ld P\u00e9k Kft.<\/td><td>V\u00e1czi Erika<\/td><td>Kaszaper<\/td><\/tr><tr><td>Harmadik Gener\u00e1ci\u00f3 Kft.<\/td><td>K\u00e1lm\u00e1n Gelegonya \u00c9va<\/td><td>Orosh\u00e1za<\/td><\/tr><tr><td>Melis P\u00e9ks\u00e9g \u00e9s \u00c1BC<\/td><td>Olasz Margit<\/td><td>B\u00e9k\u00e9sszentandr\u00e1s<\/td><\/tr><tr><td>Kis K\u00e9zm\u0171ves Kft.<\/td><td>Balogh L\u00e1szl\u00f3<\/td><td>Gyula<\/td><\/tr><tr><td>Szarvasi Keny\u00e9r Kft.<\/td><td>Hunya Zolt\u00e1n<\/td><td>Szarvas\u00a0<\/td><\/tr><tr><td>Ber\u00e9ny Keny\u00e9r Kft.<\/td><td>Szir\u00e1czki D\u00e1niel<\/td><td>Mez\u0151ber\u00e9ny<\/td><\/tr><tr><td width=\"205\">Csorv\u00e1s P\u00e9ks\u00e9g Kft.<br \/>Csorv\u00e1s P\u00e9ks\u00e9g ABC<\/td><td>Kiss G\u00e1bor<\/td><td>Csorv\u00e1s<\/td><\/tr><tr><td>Mitnyan J\u00e1nos e. v.<\/td><td>Mit-Gy\u00far P\u00e9ks\u00e9g<\/td><td>T\u00f3tkoml\u00f3s\u00a0<\/td><\/tr><\/tbody><\/table>\t\t\t\t\t\t\t\t<\/div>\n\t\t\t\t<\/div>\n\t\t\t\t\t<\/div>\n\t\t<\/div>\n\t\t\t\t\t<\/div>\n\t\t<\/section>\n\t\t\t\t<\/div>\n\t\t","protected":false},"excerpt":{"rendered":"<p>Kedves L\u00e1togat\u00f3! Az al\u00e1bbi list\u00e1ban tal\u00e1lja azokat a du\u00e1lis k\u00e9pz\u0151helyeket, melyek fogadj\u00e1k iskol\u00e1nk tanul\u00f3it a k\u00fcls\u0151 gyakorlatokra. Dowi-S\u00fcti Kft Dowidatn\u00e9 Kardos S\u00e1ra B\u00e9k\u00e9scsaba M\u00e1rkus Be\u00e1ta ev. Bej\u00f3 Cukr\u00e1szda B\u00e9k\u00e9scsaba Drucker P\u00e9ks\u00e9g Drucker Tam\u00e1s B\u00e9k\u00e9s Rajki Istv\u00e1n \u00a0 B\u00e9k\u00e9scsaba A&amp;H Margar\u00e9ta Kft. Pik\u00f3 Ferencn\u00e9 Kamut Juh\u00e1sz Zolt\u00e1n Juh\u00e1sz Cukr\u00e1szat B\u00e9k\u00e9s Lad\u00e1nyi Cukr\u00e1szat Lad\u00e1nyi L\u00e1szl\u00f3 Szeghalom Alf\u00f6ld [&hellip;]<\/p>\n","protected":false},"author":4,"featured_media":0,"parent":0,"menu_order":0,"comment_status":"closed","ping_status":"closed","template":"","meta":{"footnotes":""},"class_list":["post-47363","page","type-page","status-publish","hentry"],"_links":{"self":[{"href":"\/index.php\/wp-json\/wp\/v2\/pages\/47363","targetHints":{"allow":["GET"]}}],"collection":[{"href":"\/index.php\/wp-json\/wp\/v2\/pages"}],"about":[{"href":"\/index.php\/wp-json\/wp\/v2\/types\/page"}],"author":[{"embeddable":true,"href":"\/index.php\/wp-json\/wp\/v2\/users\/4"}],"replies":[{"embeddable":true,"href":"\/index.php\/wp-json\/wp\/v2\/comments?post=47363"}],"version-history":[{"count":4,"href":"\/index.php\/wp-json\/wp\/v2\/pages\/47363\/revisions"}],"predecessor-version":[{"id":47368,"href":"\/index.php\/wp-json\/wp\/v2\/pages\/47363\/revisions\/47368"}],"wp:attachment":[{"href":"\/index.php\/wp-json\/wp\/v2\/media?parent=47363"}],"curies":[{"name":"wp","href":"https:\/\/api.w.org\/{rel}","templated":true}]}}