{"id":47328,"date":"2025-03-20T14:48:02","date_gmt":"2025-03-20T13:48:02","guid":{"rendered":"\/?page_id=47328"},"modified":"2025-03-20T14:50:10","modified_gmt":"2025-03-20T13:50:10","slug":"dualis-kepzohelyek-listaja-turisztikai-technikus","status":"publish","type":"page","link":"\/index.php\/dualis-kepzohelyek-listaja-turisztikai-technikus\/","title":{"rendered":"Du\u00e1lis k\u00e9pz\u0151helyek list\u00e1ja \u2013 Turisztikai technikus"},"content":{"rendered":"\t\t<div data-elementor-type=\"wp-page\" data-elementor-id=\"47328\" class=\"elementor elementor-47328\" data-elementor-post-type=\"page\">\n\t\t\t\t\t\t<section class=\"elementor-section elementor-top-section elementor-element elementor-element-2e31449 elementor-section-boxed elementor-section-height-default elementor-section-height-default\" data-id=\"2e31449\" data-element_type=\"section\" data-e-type=\"section\">\n\t\t\t\t\t\t<div class=\"elementor-container elementor-column-gap-default\">\n\t\t\t\t\t<div class=\"elementor-column elementor-col-100 elementor-top-column elementor-element elementor-element-a2ef382\" data-id=\"a2ef382\" data-element_type=\"column\" data-e-type=\"column\">\n\t\t\t<div class=\"elementor-widget-wrap elementor-element-populated\">\n\t\t\t\t\t\t<div class=\"elementor-element elementor-element-8fc3aa2 elementor-widget elementor-widget-spacer\" data-id=\"8fc3aa2\" data-element_type=\"widget\" data-e-type=\"widget\" data-widget_type=\"spacer.default\">\n\t\t\t\t<div class=\"elementor-widget-container\">\n\t\t\t\t\t\t\t<div class=\"elementor-spacer\">\n\t\t\t<div class=\"elementor-spacer-inner\"><\/div>\n\t\t<\/div>\n\t\t\t\t\t\t<\/div>\n\t\t\t\t<\/div>\n\t\t\t\t\t<\/div>\n\t\t<\/div>\n\t\t\t\t\t<\/div>\n\t\t<\/section>\n\t\t\t\t<section class=\"elementor-section elementor-top-section elementor-element elementor-element-d26cf6e elementor-section-boxed elementor-section-height-default elementor-section-height-default\" data-id=\"d26cf6e\" data-element_type=\"section\" data-e-type=\"section\">\n\t\t\t\t\t\t<div class=\"elementor-container elementor-column-gap-default\">\n\t\t\t\t\t<div class=\"elementor-column elementor-col-100 elementor-top-column elementor-element elementor-element-0d017ab\" data-id=\"0d017ab\" data-element_type=\"column\" data-e-type=\"column\">\n\t\t\t<div class=\"elementor-widget-wrap elementor-element-populated\">\n\t\t\t\t\t\t<div class=\"elementor-element elementor-element-5ad7e02 elementor-widget elementor-widget-heading\" data-id=\"5ad7e02\" data-element_type=\"widget\" data-e-type=\"widget\" data-widget_type=\"heading.default\">\n\t\t\t\t<div class=\"elementor-widget-container\">\n\t\t\t\t\t<h2 class=\"elementor-heading-title elementor-size-default\">Kedves L\u00e1togat\u00f3!<\/h2>\t\t\t\t<\/div>\n\t\t\t\t<\/div>\n\t\t\t\t\t<\/div>\n\t\t<\/div>\n\t\t\t\t\t<\/div>\n\t\t<\/section>\n\t\t\t\t<section class=\"elementor-section elementor-top-section elementor-element elementor-element-32d68ab elementor-section-boxed elementor-section-height-default elementor-section-height-default\" data-id=\"32d68ab\" data-element_type=\"section\" data-e-type=\"section\">\n\t\t\t\t\t\t<div class=\"elementor-container elementor-column-gap-default\">\n\t\t\t\t\t<div class=\"elementor-column elementor-col-100 elementor-top-column elementor-element elementor-element-f895df2\" data-id=\"f895df2\" data-element_type=\"column\" data-e-type=\"column\">\n\t\t\t<div class=\"elementor-widget-wrap elementor-element-populated\">\n\t\t\t\t\t\t<div class=\"elementor-element elementor-element-430b4ef elementor-widget elementor-widget-text-editor\" data-id=\"430b4ef\" data-element_type=\"widget\" data-e-type=\"widget\" data-widget_type=\"text-editor.default\">\n\t\t\t\t<div class=\"elementor-widget-container\">\n\t\t\t\t\t\t\t\t\t<p>Az al\u00e1bbi list\u00e1ban tal\u00e1lja azokat a du\u00e1lis k\u00e9pz\u0151helyeket, melyek fogadj\u00e1k iskol\u00e1nk tanul\u00f3it a k\u00fcls\u0151 gyakorlatokra.<\/p>\t\t\t\t\t\t\t\t<\/div>\n\t\t\t\t<\/div>\n\t\t\t\t\t<\/div>\n\t\t<\/div>\n\t\t\t\t\t<\/div>\n\t\t<\/section>\n\t\t\t\t<section class=\"elementor-section elementor-top-section elementor-element elementor-element-8ca1a06 elementor-section-boxed elementor-section-height-default elementor-section-height-default\" data-id=\"8ca1a06\" data-element_type=\"section\" data-e-type=\"section\">\n\t\t\t\t\t\t<div class=\"elementor-container elementor-column-gap-default\">\n\t\t\t\t\t<div class=\"elementor-column elementor-col-100 elementor-top-column elementor-element elementor-element-7542ed7\" data-id=\"7542ed7\" data-element_type=\"column\" data-e-type=\"column\">\n\t\t\t<div class=\"elementor-widget-wrap elementor-element-populated\">\n\t\t\t\t\t\t<div class=\"elementor-element elementor-element-732252a elementor-widget elementor-widget-text-editor\" data-id=\"732252a\" data-element_type=\"widget\" data-e-type=\"widget\" data-widget_type=\"text-editor.default\">\n\t\t\t\t<div class=\"elementor-widget-container\">\n\t\t\t\t\t\t\t\t\t<blockquote><p><span style=\"text-decoration: underline;\"><strong>Du\u00e1lis k\u00e9pz\u0151hely telephely\u00e9nek (szakir\u00e1ny\u00fa oktat\u00e1s megval\u00f3s\u00edt\u00f3j\u00e1nak) megnevez\u00e9se<\/strong><\/span><br \/>B\u00e9k\u00e9s Tourist Kft.<br \/>KOML\u00d3 HOTEL GYULA<br \/>Hunguest Hotels Zrt. Hotel Erkel<br \/>VESZELY CS\u00c1RDA<br \/>Liget Wellness \u00e9s Konferencia Hotel<br \/>F\u00fczeskerti Apartmanh\u00e1z<br \/>Alf\u00f6ld Gy\u00f6ngye Hotel \u00e9s Konferenciak\u00f6zpont<br \/>Arcanum Hotel<br \/>Hotel Corvus Aqua<br \/>\u00dajv\u00e1ros Bisztr\u00f3 Korl\u00e1tolt Felel\u0151ss\u00e9g\u0171 T\u00e1rsas\u00e1g<\/p><\/blockquote>\t\t\t\t\t\t\t\t<\/div>\n\t\t\t\t<\/div>\n\t\t\t\t\t<\/div>\n\t\t<\/div>\n\t\t\t\t\t<\/div>\n\t\t<\/section>\n\t\t\t\t<\/div>\n\t\t","protected":false},"excerpt":{"rendered":"<p>Kedves L\u00e1togat\u00f3! Az al\u00e1bbi list\u00e1ban tal\u00e1lja azokat a du\u00e1lis k\u00e9pz\u0151helyeket, melyek fogadj\u00e1k iskol\u00e1nk tanul\u00f3it a k\u00fcls\u0151 gyakorlatokra. Du\u00e1lis k\u00e9pz\u0151hely telephely\u00e9nek (szakir\u00e1ny\u00fa oktat\u00e1s megval\u00f3s\u00edt\u00f3j\u00e1nak) megnevez\u00e9seB\u00e9k\u00e9s Tourist Kft.KOML\u00d3 HOTEL GYULAHunguest Hotels Zrt. Hotel ErkelVESZELY CS\u00c1RDALiget Wellness \u00e9s Konferencia HotelF\u00fczeskerti Apartmanh\u00e1zAlf\u00f6ld Gy\u00f6ngye Hotel \u00e9s Konferenciak\u00f6zpontArcanum HotelHotel Corvus Aqua\u00dajv\u00e1ros Bisztr\u00f3 Korl\u00e1tolt Felel\u0151ss\u00e9g\u0171 T\u00e1rsas\u00e1g<\/p>\n","protected":false},"author":4,"featured_media":0,"parent":0,"menu_order":0,"comment_status":"closed","ping_status":"closed","template":"","meta":{"footnotes":""},"class_list":["post-47328","page","type-page","status-publish","hentry"],"_links":{"self":[{"href":"\/index.php\/wp-json\/wp\/v2\/pages\/47328","targetHints":{"allow":["GET"]}}],"collection":[{"href":"\/index.php\/wp-json\/wp\/v2\/pages"}],"about":[{"href":"\/index.php\/wp-json\/wp\/v2\/types\/page"}],"author":[{"embeddable":true,"href":"\/index.php\/wp-json\/wp\/v2\/users\/4"}],"replies":[{"embeddable":true,"href":"\/index.php\/wp-json\/wp\/v2\/comments?post=47328"}],"version-history":[{"count":5,"href":"\/index.php\/wp-json\/wp\/v2\/pages\/47328\/revisions"}],"predecessor-version":[{"id":47337,"href":"\/index.php\/wp-json\/wp\/v2\/pages\/47328\/revisions\/47337"}],"wp:attachment":[{"href":"\/index.php\/wp-json\/wp\/v2\/media?parent=47328"}],"curies":[{"name":"wp","href":"https:\/\/api.w.org\/{rel}","templated":true}]}}