{"id":47310,"date":"2025-03-20T14:36:38","date_gmt":"2025-03-20T13:36:38","guid":{"rendered":"\/?page_id=47310"},"modified":"2025-03-20T14:37:41","modified_gmt":"2025-03-20T13:37:41","slug":"dualis-kepzohelyek-listaja-cukrasz-szaktechnikus","status":"publish","type":"page","link":"\/index.php\/dualis-kepzohelyek-listaja-cukrasz-szaktechnikus\/","title":{"rendered":"Du\u00e1lis k\u00e9pz\u0151helyek list\u00e1ja \u2013 Cukr\u00e1sz szaktechnikus"},"content":{"rendered":"\t\t<div data-elementor-type=\"wp-page\" data-elementor-id=\"47310\" class=\"elementor elementor-47310\" data-elementor-post-type=\"page\">\n\t\t\t\t\t\t<section class=\"elementor-section elementor-top-section elementor-element elementor-element-8bb1cd6 elementor-section-boxed elementor-section-height-default elementor-section-height-default\" data-id=\"8bb1cd6\" data-element_type=\"section\" data-e-type=\"section\">\n\t\t\t\t\t\t<div class=\"elementor-container elementor-column-gap-default\">\n\t\t\t\t\t<div class=\"elementor-column elementor-col-100 elementor-top-column elementor-element elementor-element-8f5a38a\" data-id=\"8f5a38a\" data-element_type=\"column\" data-e-type=\"column\">\n\t\t\t<div class=\"elementor-widget-wrap elementor-element-populated\">\n\t\t\t\t\t\t<div class=\"elementor-element elementor-element-df8d893 elementor-widget elementor-widget-spacer\" data-id=\"df8d893\" data-element_type=\"widget\" data-e-type=\"widget\" data-widget_type=\"spacer.default\">\n\t\t\t\t<div class=\"elementor-widget-container\">\n\t\t\t\t\t\t\t<div class=\"elementor-spacer\">\n\t\t\t<div class=\"elementor-spacer-inner\"><\/div>\n\t\t<\/div>\n\t\t\t\t\t\t<\/div>\n\t\t\t\t<\/div>\n\t\t\t\t\t<\/div>\n\t\t<\/div>\n\t\t\t\t\t<\/div>\n\t\t<\/section>\n\t\t\t\t<section class=\"elementor-section elementor-top-section elementor-element elementor-element-6f60d0f elementor-section-boxed elementor-section-height-default elementor-section-height-default\" data-id=\"6f60d0f\" data-element_type=\"section\" data-e-type=\"section\">\n\t\t\t\t\t\t<div class=\"elementor-container elementor-column-gap-default\">\n\t\t\t\t\t<div class=\"elementor-column elementor-col-100 elementor-top-column elementor-element elementor-element-d05870c\" data-id=\"d05870c\" data-element_type=\"column\" data-e-type=\"column\">\n\t\t\t<div class=\"elementor-widget-wrap elementor-element-populated\">\n\t\t\t\t\t\t<div class=\"elementor-element elementor-element-c53a460 elementor-widget elementor-widget-heading\" data-id=\"c53a460\" data-element_type=\"widget\" data-e-type=\"widget\" data-widget_type=\"heading.default\">\n\t\t\t\t<div class=\"elementor-widget-container\">\n\t\t\t\t\t<h2 class=\"elementor-heading-title elementor-size-default\">Kedves L\u00e1togat\u00f3!<\/h2>\t\t\t\t<\/div>\n\t\t\t\t<\/div>\n\t\t\t\t\t<\/div>\n\t\t<\/div>\n\t\t\t\t\t<\/div>\n\t\t<\/section>\n\t\t\t\t<section class=\"elementor-section elementor-top-section elementor-element elementor-element-566d5ca elementor-section-boxed elementor-section-height-default elementor-section-height-default\" data-id=\"566d5ca\" data-element_type=\"section\" data-e-type=\"section\">\n\t\t\t\t\t\t<div class=\"elementor-container elementor-column-gap-default\">\n\t\t\t\t\t<div class=\"elementor-column elementor-col-100 elementor-top-column elementor-element elementor-element-2960457\" data-id=\"2960457\" data-element_type=\"column\" data-e-type=\"column\">\n\t\t\t<div class=\"elementor-widget-wrap elementor-element-populated\">\n\t\t\t\t\t\t<div class=\"elementor-element elementor-element-19b872c elementor-widget elementor-widget-text-editor\" data-id=\"19b872c\" data-element_type=\"widget\" data-e-type=\"widget\" data-widget_type=\"text-editor.default\">\n\t\t\t\t<div class=\"elementor-widget-container\">\n\t\t\t\t\t\t\t\t\t<p>Az al\u00e1bbi list\u00e1ban tal\u00e1lja azokat a du\u00e1lis k\u00e9pz\u0151helyeket, melyek fogadj\u00e1k iskol\u00e1nk tanul\u00f3it a k\u00fcls\u0151 gyakorlatokra.<\/p>\t\t\t\t\t\t\t\t<\/div>\n\t\t\t\t<\/div>\n\t\t\t\t\t<\/div>\n\t\t<\/div>\n\t\t\t\t\t<\/div>\n\t\t<\/section>\n\t\t\t\t<section class=\"elementor-section elementor-top-section elementor-element elementor-element-e570e6c elementor-section-boxed elementor-section-height-default elementor-section-height-default\" data-id=\"e570e6c\" data-element_type=\"section\" data-e-type=\"section\">\n\t\t\t\t\t\t<div class=\"elementor-container elementor-column-gap-default\">\n\t\t\t\t\t<div class=\"elementor-column elementor-col-100 elementor-top-column elementor-element elementor-element-c49e0e7\" data-id=\"c49e0e7\" data-element_type=\"column\" data-e-type=\"column\">\n\t\t\t<div class=\"elementor-widget-wrap elementor-element-populated\">\n\t\t\t\t\t\t<div class=\"elementor-element elementor-element-0fa373e elementor-widget elementor-widget-text-editor\" data-id=\"0fa373e\" data-element_type=\"widget\" data-e-type=\"widget\" data-widget_type=\"text-editor.default\">\n\t\t\t\t<div class=\"elementor-widget-container\">\n\t\t\t\t\t\t\t\t\t<p><span style=\"text-decoration: underline;\"><strong>Du\u00e1lis k\u00e9pz\u0151hely telephely\u00e9nek (szakir\u00e1ny\u00fa oktat\u00e1s megval\u00f3s\u00edt\u00f3j\u00e1nak) megnevez\u00e9se<\/strong><\/span><br \/>\u00c1&amp;H Margar\u00e9ta Kft.<br \/>Bej\u00f3 cukr\u00e1szda<br \/>Borsos Cukr\u00e1szda<br \/>Csatl\u00f3s J\u00e1nos<br \/>Ficsor Zolt\u00e1n<br \/>Galg\u00f3czi Cukr\u00e1szat<br \/>Gyulakonyha Nonprofit Kft.<br \/>R\u00e9tesbolt &#8211; Cukr\u00e1szda \u00e9s K\u00e1v\u00e9z\u00f3<br \/>Ildik\u00f3 Cukr\u00e1szda<br \/>Juh\u00e1sz Zolt\u00e1n<br \/>Kis K\u00e9zm\u0171ves Cukr\u00e1szda<br \/>Lad\u00e1nyi Cukr\u00e1szat<br \/>K\u00e9knefelejcs Cukr\u00e1szda<br \/>Rajki Istv\u00e1n<br \/>\u00c9DES M CUKR\u00c1SZDA<\/p>\t\t\t\t\t\t\t\t<\/div>\n\t\t\t\t<\/div>\n\t\t\t\t\t<\/div>\n\t\t<\/div>\n\t\t\t\t\t<\/div>\n\t\t<\/section>\n\t\t\t\t<\/div>\n\t\t","protected":false},"excerpt":{"rendered":"<p>Kedves L\u00e1togat\u00f3! Az al\u00e1bbi list\u00e1ban tal\u00e1lja azokat a du\u00e1lis k\u00e9pz\u0151helyeket, melyek fogadj\u00e1k iskol\u00e1nk tanul\u00f3it a k\u00fcls\u0151 gyakorlatokra. Du\u00e1lis k\u00e9pz\u0151hely telephely\u00e9nek (szakir\u00e1ny\u00fa oktat\u00e1s megval\u00f3s\u00edt\u00f3j\u00e1nak) megnevez\u00e9se\u00c1&amp;H Margar\u00e9ta Kft.Bej\u00f3 cukr\u00e1szdaBorsos Cukr\u00e1szdaCsatl\u00f3s J\u00e1nosFicsor Zolt\u00e1nGalg\u00f3czi Cukr\u00e1szatGyulakonyha Nonprofit Kft.R\u00e9tesbolt &#8211; Cukr\u00e1szda \u00e9s K\u00e1v\u00e9z\u00f3Ildik\u00f3 Cukr\u00e1szdaJuh\u00e1sz Zolt\u00e1nKis K\u00e9zm\u0171ves Cukr\u00e1szdaLad\u00e1nyi Cukr\u00e1szatK\u00e9knefelejcs Cukr\u00e1szdaRajki Istv\u00e1n\u00c9DES M CUKR\u00c1SZDA<\/p>\n","protected":false},"author":4,"featured_media":0,"parent":0,"menu_order":0,"comment_status":"closed","ping_status":"closed","template":"","meta":{"footnotes":""},"class_list":["post-47310","page","type-page","status-publish","hentry"],"_links":{"self":[{"href":"\/index.php\/wp-json\/wp\/v2\/pages\/47310","targetHints":{"allow":["GET"]}}],"collection":[{"href":"\/index.php\/wp-json\/wp\/v2\/pages"}],"about":[{"href":"\/index.php\/wp-json\/wp\/v2\/types\/page"}],"author":[{"embeddable":true,"href":"\/index.php\/wp-json\/wp\/v2\/users\/4"}],"replies":[{"embeddable":true,"href":"\/index.php\/wp-json\/wp\/v2\/comments?post=47310"}],"version-history":[{"count":4,"href":"\/index.php\/wp-json\/wp\/v2\/pages\/47310\/revisions"}],"predecessor-version":[{"id":47315,"href":"\/index.php\/wp-json\/wp\/v2\/pages\/47310\/revisions\/47315"}],"wp:attachment":[{"href":"\/index.php\/wp-json\/wp\/v2\/media?parent=47310"}],"curies":[{"name":"wp","href":"https:\/\/api.w.org\/{rel}","templated":true}]}}