{"id":47290,"date":"2025-03-20T14:28:37","date_gmt":"2025-03-20T13:28:37","guid":{"rendered":"\/?page_id=47290"},"modified":"2025-03-20T14:30:46","modified_gmt":"2025-03-20T13:30:46","slug":"dualis-kepzohelyek-listaja-szakacs-szaktechnikus","status":"publish","type":"page","link":"\/index.php\/dualis-kepzohelyek-listaja-szakacs-szaktechnikus\/","title":{"rendered":"Du\u00e1lis k\u00e9pz\u0151helyek list\u00e1ja \u2013 Szak\u00e1cs szaktechnikus"},"content":{"rendered":"\t\t<div data-elementor-type=\"wp-page\" data-elementor-id=\"47290\" class=\"elementor elementor-47290\" data-elementor-post-type=\"page\">\n\t\t\t\t\t\t<section class=\"elementor-section elementor-top-section elementor-element elementor-element-d5c92a5 elementor-section-boxed elementor-section-height-default elementor-section-height-default\" data-id=\"d5c92a5\" data-element_type=\"section\" data-e-type=\"section\">\n\t\t\t\t\t\t<div class=\"elementor-container elementor-column-gap-default\">\n\t\t\t\t\t<div class=\"elementor-column elementor-col-100 elementor-top-column elementor-element elementor-element-36a6905\" data-id=\"36a6905\" data-element_type=\"column\" data-e-type=\"column\">\n\t\t\t<div class=\"elementor-widget-wrap elementor-element-populated\">\n\t\t\t\t\t\t<div class=\"elementor-element elementor-element-b257c22 elementor-widget elementor-widget-spacer\" data-id=\"b257c22\" data-element_type=\"widget\" data-e-type=\"widget\" data-widget_type=\"spacer.default\">\n\t\t\t\t<div class=\"elementor-widget-container\">\n\t\t\t\t\t\t\t<div class=\"elementor-spacer\">\n\t\t\t<div class=\"elementor-spacer-inner\"><\/div>\n\t\t<\/div>\n\t\t\t\t\t\t<\/div>\n\t\t\t\t<\/div>\n\t\t\t\t\t<\/div>\n\t\t<\/div>\n\t\t\t\t\t<\/div>\n\t\t<\/section>\n\t\t\t\t<section class=\"elementor-section elementor-top-section elementor-element elementor-element-66294c8 elementor-section-boxed elementor-section-height-default elementor-section-height-default\" data-id=\"66294c8\" data-element_type=\"section\" data-e-type=\"section\">\n\t\t\t\t\t\t<div class=\"elementor-container elementor-column-gap-default\">\n\t\t\t\t\t<div class=\"elementor-column elementor-col-100 elementor-top-column elementor-element elementor-element-f63c324\" data-id=\"f63c324\" data-element_type=\"column\" data-e-type=\"column\">\n\t\t\t<div class=\"elementor-widget-wrap elementor-element-populated\">\n\t\t\t\t\t\t<div class=\"elementor-element elementor-element-7716b33 elementor-widget elementor-widget-heading\" data-id=\"7716b33\" data-element_type=\"widget\" data-e-type=\"widget\" data-widget_type=\"heading.default\">\n\t\t\t\t<div class=\"elementor-widget-container\">\n\t\t\t\t\t<h2 class=\"elementor-heading-title elementor-size-default\">Kedves L\u00e1togat\u00f3!<\/h2>\t\t\t\t<\/div>\n\t\t\t\t<\/div>\n\t\t\t\t\t<\/div>\n\t\t<\/div>\n\t\t\t\t\t<\/div>\n\t\t<\/section>\n\t\t\t\t<section class=\"elementor-section elementor-top-section elementor-element elementor-element-de959a4 elementor-section-boxed elementor-section-height-default elementor-section-height-default\" data-id=\"de959a4\" data-element_type=\"section\" data-e-type=\"section\">\n\t\t\t\t\t\t<div class=\"elementor-container elementor-column-gap-default\">\n\t\t\t\t\t<div class=\"elementor-column elementor-col-100 elementor-top-column elementor-element elementor-element-a12fb81\" data-id=\"a12fb81\" data-element_type=\"column\" data-e-type=\"column\">\n\t\t\t<div class=\"elementor-widget-wrap elementor-element-populated\">\n\t\t\t\t\t\t<div class=\"elementor-element elementor-element-51eaab1 elementor-widget elementor-widget-text-editor\" data-id=\"51eaab1\" data-element_type=\"widget\" data-e-type=\"widget\" data-widget_type=\"text-editor.default\">\n\t\t\t\t<div class=\"elementor-widget-container\">\n\t\t\t\t\t\t\t\t\t<p>Az al\u00e1bbi list\u00e1ban tal\u00e1lja azokat a du\u00e1lis k\u00e9pz\u0151helyeket, melyek fogadj\u00e1k iskol\u00e1nk tanul\u00f3it a k\u00fcls\u0151 gyakorlatokra.<\/p>\t\t\t\t\t\t\t\t<\/div>\n\t\t\t\t<\/div>\n\t\t\t\t\t<\/div>\n\t\t<\/div>\n\t\t\t\t\t<\/div>\n\t\t<\/section>\n\t\t\t\t<section class=\"elementor-section elementor-top-section elementor-element elementor-element-28f9119 elementor-section-boxed elementor-section-height-default elementor-section-height-default\" data-id=\"28f9119\" data-element_type=\"section\" data-e-type=\"section\">\n\t\t\t\t\t\t<div class=\"elementor-container elementor-column-gap-default\">\n\t\t\t\t\t<div class=\"elementor-column elementor-col-100 elementor-top-column elementor-element elementor-element-9b67bbc\" data-id=\"9b67bbc\" data-element_type=\"column\" data-e-type=\"column\">\n\t\t\t<div class=\"elementor-widget-wrap elementor-element-populated\">\n\t\t\t\t\t\t<div class=\"elementor-element elementor-element-798500e elementor-widget elementor-widget-text-editor\" data-id=\"798500e\" data-element_type=\"widget\" data-e-type=\"widget\" data-widget_type=\"text-editor.default\">\n\t\t\t\t<div class=\"elementor-widget-container\">\n\t\t\t\t\t\t\t\t\t<p><span style=\"text-decoration: underline;\"><strong>Du\u00e1lis k\u00e9pz\u0151hely telephely\u00e9nek (szakir\u00e1ny\u00fa oktat\u00e1s megval\u00f3s\u00edt\u00f3j\u00e1nak) megnevez\u00e9se<\/strong><\/span><br \/>K\u00f6r\u00f6s Panzi\u00f3, \u00c9tterem \u00e9s Pizz\u00e9ria<br \/>G\u00c9ZA KONYH\u00c1JA \u00c9TTEREM<br \/>Dobozi Kisvend\u00e9gl\u0151<br \/>MUNK\u00c1CSY HOTEL<br \/>N\u00e1dor \u00c9tterem<br \/>La Rosa Pizz\u00e9ria \u00e9s \u00c9tterem<br \/>City Falatoz\u00f3 &#8211; \u00c9tterem, K\u00e1v\u00e9z\u00f3 \u00e9s Pizz\u00e9ria<br \/>KOML\u00d3 HOTEL GYULA<br \/>Gyulakonyha Nonprofit Kft.<br \/>Szamos Vend\u00e9gl\u0151<br \/>Kiskukta Kft.<br \/>Leonardo \u00c9telb\u00e1r (f\u00f6ldszint)<br \/>Di\u00f3fa Cs\u00e1rda<br \/>\u00c9LM\u00c9NY \u00c9TTEREM<br \/>M\u00e9teres-Snack Vend\u00e9gl\u00e1t\u00f3 Kft.<br \/>Mez\u0151kov\u00e1csh\u00e1zi Hum\u00e1n Szolg\u00e1ltat\u00f3 K\u00f6zpont Napk\u00f6zi Konyha<br \/>F\u00fczeskerti Apartmanh\u00e1z<br \/>Zsigmond Konyha<br \/>Alf\u00f6ld Gy\u00f6ngye Hotel \u00e9s Konferenciak\u00f6zpont<br \/>Premier Restaurant<br \/>Hal\u00e1szcs\u00e1rda Vend\u00e9gl\u0151 \u00e9s Panzi\u00f3<br \/>Z\u00f6ld Sas Vend\u00e9gl\u0151<br \/>P\u00e1lmakert \u00c9tterem<br \/>T\u00f3part Vend\u00e9gl\u0151 \u00e9s Panzi\u00f3<br \/>Arcanum Hotel<br \/>BAGOLY VEND\u00c9GL\u0150<br \/>Dr\u00e9her S\u00f6r\u00f6z\u0151-\u00c9tterem<br \/>T\u00edm\u00e1r Panzi\u00f3 \u00e9s \u00c9tterem<br \/>Hotel Corvus Aqua<br \/>Teleki Cs\u00e1rda \u00e9s Panzi\u00f3<br \/>Kisvend\u00e9gl\u0151 a Hargit\u00e1hoz<\/p>\t\t\t\t\t\t\t\t<\/div>\n\t\t\t\t<\/div>\n\t\t\t\t\t<\/div>\n\t\t<\/div>\n\t\t\t\t\t<\/div>\n\t\t<\/section>\n\t\t\t\t<\/div>\n\t\t","protected":false},"excerpt":{"rendered":"<p>Kedves L\u00e1togat\u00f3! Az al\u00e1bbi list\u00e1ban tal\u00e1lja azokat a du\u00e1lis k\u00e9pz\u0151helyeket, melyek fogadj\u00e1k iskol\u00e1nk tanul\u00f3it a k\u00fcls\u0151 gyakorlatokra. Du\u00e1lis k\u00e9pz\u0151hely telephely\u00e9nek (szakir\u00e1ny\u00fa oktat\u00e1s megval\u00f3s\u00edt\u00f3j\u00e1nak) megnevez\u00e9seK\u00f6r\u00f6s Panzi\u00f3, \u00c9tterem \u00e9s Pizz\u00e9riaG\u00c9ZA KONYH\u00c1JA \u00c9TTEREMDobozi Kisvend\u00e9gl\u0151MUNK\u00c1CSY HOTELN\u00e1dor \u00c9tteremLa Rosa Pizz\u00e9ria \u00e9s \u00c9tteremCity Falatoz\u00f3 &#8211; \u00c9tterem, K\u00e1v\u00e9z\u00f3 \u00e9s Pizz\u00e9riaKOML\u00d3 HOTEL GYULAGyulakonyha Nonprofit Kft.Szamos Vend\u00e9gl\u0151Kiskukta Kft.Leonardo \u00c9telb\u00e1r (f\u00f6ldszint)Di\u00f3fa Cs\u00e1rda\u00c9LM\u00c9NY \u00c9TTEREMM\u00e9teres-Snack Vend\u00e9gl\u00e1t\u00f3 Kft.Mez\u0151kov\u00e1csh\u00e1zi [&hellip;]<\/p>\n","protected":false},"author":4,"featured_media":0,"parent":0,"menu_order":0,"comment_status":"closed","ping_status":"closed","template":"","meta":{"footnotes":""},"class_list":["post-47290","page","type-page","status-publish","hentry"],"_links":{"self":[{"href":"\/index.php\/wp-json\/wp\/v2\/pages\/47290","targetHints":{"allow":["GET"]}}],"collection":[{"href":"\/index.php\/wp-json\/wp\/v2\/pages"}],"about":[{"href":"\/index.php\/wp-json\/wp\/v2\/types\/page"}],"author":[{"embeddable":true,"href":"\/index.php\/wp-json\/wp\/v2\/users\/4"}],"replies":[{"embeddable":true,"href":"\/index.php\/wp-json\/wp\/v2\/comments?post=47290"}],"version-history":[{"count":5,"href":"\/index.php\/wp-json\/wp\/v2\/pages\/47290\/revisions"}],"predecessor-version":[{"id":47300,"href":"\/index.php\/wp-json\/wp\/v2\/pages\/47290\/revisions\/47300"}],"wp:attachment":[{"href":"\/index.php\/wp-json\/wp\/v2\/media?parent=47290"}],"curies":[{"name":"wp","href":"https:\/\/api.w.org\/{rel}","templated":true}]}}