{"id":47277,"date":"2025-03-20T14:25:22","date_gmt":"2025-03-20T13:25:22","guid":{"rendered":"\/?page_id=47277"},"modified":"2025-03-20T14:27:03","modified_gmt":"2025-03-20T13:27:03","slug":"dualis-kepzohelyek-listaja-pincer-vendegteri-szakember","status":"publish","type":"page","link":"\/index.php\/dualis-kepzohelyek-listaja-pincer-vendegteri-szakember\/","title":{"rendered":"Du\u00e1lis k\u00e9pz\u0151helyek list\u00e1ja \u2013 Pinc\u00e9r &#8211; vend\u00e9gt\u00e9ri szakember"},"content":{"rendered":"\t\t<div data-elementor-type=\"wp-page\" data-elementor-id=\"47277\" class=\"elementor elementor-47277\" data-elementor-post-type=\"page\">\n\t\t\t\t\t\t<section class=\"elementor-section elementor-top-section elementor-element elementor-element-3f66f92 elementor-section-boxed elementor-section-height-default elementor-section-height-default\" data-id=\"3f66f92\" data-element_type=\"section\" data-e-type=\"section\">\n\t\t\t\t\t\t<div class=\"elementor-container elementor-column-gap-default\">\n\t\t\t\t\t<div class=\"elementor-column elementor-col-100 elementor-top-column elementor-element elementor-element-1c1328e\" data-id=\"1c1328e\" data-element_type=\"column\" data-e-type=\"column\">\n\t\t\t<div class=\"elementor-widget-wrap elementor-element-populated\">\n\t\t\t\t\t\t<div class=\"elementor-element elementor-element-8c54ff5 elementor-widget elementor-widget-spacer\" data-id=\"8c54ff5\" data-element_type=\"widget\" data-e-type=\"widget\" data-widget_type=\"spacer.default\">\n\t\t\t\t<div class=\"elementor-widget-container\">\n\t\t\t\t\t\t\t<div class=\"elementor-spacer\">\n\t\t\t<div class=\"elementor-spacer-inner\"><\/div>\n\t\t<\/div>\n\t\t\t\t\t\t<\/div>\n\t\t\t\t<\/div>\n\t\t\t\t\t<\/div>\n\t\t<\/div>\n\t\t\t\t\t<\/div>\n\t\t<\/section>\n\t\t\t\t<section class=\"elementor-section elementor-top-section elementor-element elementor-element-f52c108 elementor-section-boxed elementor-section-height-default elementor-section-height-default\" data-id=\"f52c108\" data-element_type=\"section\" data-e-type=\"section\">\n\t\t\t\t\t\t<div class=\"elementor-container elementor-column-gap-default\">\n\t\t\t\t\t<div class=\"elementor-column elementor-col-100 elementor-top-column elementor-element elementor-element-8057f5f\" data-id=\"8057f5f\" data-element_type=\"column\" data-e-type=\"column\">\n\t\t\t<div class=\"elementor-widget-wrap elementor-element-populated\">\n\t\t\t\t\t\t<div class=\"elementor-element elementor-element-9f564f0 elementor-widget elementor-widget-heading\" data-id=\"9f564f0\" data-element_type=\"widget\" data-e-type=\"widget\" data-widget_type=\"heading.default\">\n\t\t\t\t<div class=\"elementor-widget-container\">\n\t\t\t\t\t<h2 class=\"elementor-heading-title elementor-size-default\">Kedves L\u00e1togat\u00f3!<\/h2>\t\t\t\t<\/div>\n\t\t\t\t<\/div>\n\t\t\t\t\t<\/div>\n\t\t<\/div>\n\t\t\t\t\t<\/div>\n\t\t<\/section>\n\t\t\t\t<section class=\"elementor-section elementor-top-section elementor-element elementor-element-848cdba elementor-section-boxed elementor-section-height-default elementor-section-height-default\" data-id=\"848cdba\" data-element_type=\"section\" data-e-type=\"section\">\n\t\t\t\t\t\t<div class=\"elementor-container elementor-column-gap-default\">\n\t\t\t\t\t<div class=\"elementor-column elementor-col-100 elementor-top-column elementor-element elementor-element-17180c1\" data-id=\"17180c1\" data-element_type=\"column\" data-e-type=\"column\">\n\t\t\t<div class=\"elementor-widget-wrap elementor-element-populated\">\n\t\t\t\t\t\t<div class=\"elementor-element elementor-element-74cac33 elementor-widget elementor-widget-text-editor\" data-id=\"74cac33\" data-element_type=\"widget\" data-e-type=\"widget\" data-widget_type=\"text-editor.default\">\n\t\t\t\t<div class=\"elementor-widget-container\">\n\t\t\t\t\t\t\t\t\t<p>Az al\u00e1bbi list\u00e1ban tal\u00e1lja azokat a du\u00e1lis k\u00e9pz\u0151helyeket, melyek fogadj\u00e1k iskol\u00e1nk tanul\u00f3it a k\u00fcls\u0151 gyakorlatokra.<\/p>\t\t\t\t\t\t\t\t<\/div>\n\t\t\t\t<\/div>\n\t\t\t\t\t<\/div>\n\t\t<\/div>\n\t\t\t\t\t<\/div>\n\t\t<\/section>\n\t\t\t\t<section class=\"elementor-section elementor-top-section elementor-element elementor-element-a8b885b elementor-section-boxed elementor-section-height-default elementor-section-height-default\" data-id=\"a8b885b\" data-element_type=\"section\" data-e-type=\"section\">\n\t\t\t\t\t\t<div class=\"elementor-container elementor-column-gap-default\">\n\t\t\t\t\t<div class=\"elementor-column elementor-col-100 elementor-top-column elementor-element elementor-element-19aad98\" data-id=\"19aad98\" data-element_type=\"column\" data-e-type=\"column\">\n\t\t\t<div class=\"elementor-widget-wrap elementor-element-populated\">\n\t\t\t\t\t\t<div class=\"elementor-element elementor-element-071965c elementor-widget elementor-widget-text-editor\" data-id=\"071965c\" data-element_type=\"widget\" data-e-type=\"widget\" data-widget_type=\"text-editor.default\">\n\t\t\t\t<div class=\"elementor-widget-container\">\n\t\t\t\t\t\t\t\t\t<p><span style=\"text-decoration: underline;\"><strong>Du\u00e1lis k\u00e9pz\u0151hely telephely\u00e9nek (szakir\u00e1ny\u00fa oktat\u00e1s megval\u00f3s\u00edt\u00f3j\u00e1nak) megnevez\u00e9se<\/strong><\/span><br \/>K\u00f6r\u00f6s Panzi\u00f3, \u00c9tterem \u00e9s Pizz\u00e9ria<br \/>Dolce Vita Pizz\u00e9ria<br \/>G\u00c9ZA KONYH\u00c1JA \u00c9TTEREM<br \/>Stones \u00c9tterem \u00e9s Pizz\u00e9ria<br \/>Dobozi Kisvend\u00e9gl\u0151<br \/>Panor\u00e1ma Hotel \u00e9s \u00c9tterem<br \/>Cig\u00e1ny Vend\u00e9gl\u0151 Kft.<br \/>SZLOV\u00c1K PANZI\u00d3 \u00e9s \u00c9TTEREM<br \/>Csabapark \u00c9tterem<br \/>Vad\u00e1szk\u00fcrt Vend\u00e9gl\u0151<br \/>N\u00e1dor \u00c9tterem<br \/>Aranykacsa \u00c9tterem<br \/>Fiume Hotel<br \/>La Rosa Pizz\u00e9ria \u00e9s \u00c9tterem<br \/>City Falatoz\u00f3 &#8211; \u00c9tterem, K\u00e1v\u00e9z\u00f3 \u00e9s Pizz\u00e9ria<br \/>&#8222;Kir\u00e1ly vend\u00e9gl\u0151&#8221;<br \/>KOML\u00d3 HOTEL GYULA<br \/>Vas\u00fati Vend\u00e9gl\u0151<br \/>Wellness Hotel Gyula<br \/>Hunguest Hotels Zrt. Hotel Erkel<br \/>Black Sheep K\u00e1v\u00e9h\u00e1z<br \/>Kondorosi Cs\u00e1rda<br \/>VESZELY CS\u00c1RDA<br \/>Leonardo \u00c9telb\u00e1r (f\u00f6ldszint)<br \/>Di\u00f3fa Cs\u00e1rda<br \/>Mandula \u00c9tterem \u00e9s Bisztro<br \/>Liget Wellness \u00e9s Konferencia Hotel<br \/>\u00c9LM\u00c9NY \u00c9TTEREM<br \/>M\u00e9teres-Snack Vend\u00e9gl\u00e1t\u00f3 Kft.<br \/>F\u00fczeskerti Apartmanh\u00e1z<br \/>Zsigmond Konyha<br \/>Nagyh\u00e1z Pince Boroz\u00f3<br \/>P\u00f3steleki Rendezv\u00e9nyszervez\u0151 Kft.<br \/>Tutto Bello Pizz\u00e9ria<br \/>Premier Restaurant<br \/>Hal\u00e1szcs\u00e1rda Vend\u00e9gl\u0151 \u00e9s Panzi\u00f3<br \/>Z\u00f6ld Sas Vend\u00e9gl\u0151<br \/>P\u00e1lmakert \u00c9tterem<br \/>T\u00f3part Vend\u00e9gl\u0151 \u00e9s Panzi\u00f3<br \/>Arcanum Hotel<br \/>BAGOLY VEND\u00c9GL\u0150<br \/>Dr\u00e9her S\u00f6r\u00f6z\u0151-\u00c9tterem<br \/>T\u00edm\u00e1r Panzi\u00f3 \u00e9s \u00c9tterem<br \/>Hotel Corvus Aqua<br \/>Aranypatk\u00f3 Cs\u00e1rda<br \/>Turul Kisvend\u00e9gl\u0151<br \/>Teleki Cs\u00e1rda \u00e9s Panzi\u00f3<br \/>V\u00e1rkonyi Bisztr\u00f3 \u00e9s B\u00e1r<br \/>Kisvend\u00e9gl\u0151 a Hargit\u00e1hoz<\/p>\t\t\t\t\t\t\t\t<\/div>\n\t\t\t\t<\/div>\n\t\t\t\t\t<\/div>\n\t\t<\/div>\n\t\t\t\t\t<\/div>\n\t\t<\/section>\n\t\t\t\t<\/div>\n\t\t","protected":false},"excerpt":{"rendered":"<p>Kedves L\u00e1togat\u00f3! Az al\u00e1bbi list\u00e1ban tal\u00e1lja azokat a du\u00e1lis k\u00e9pz\u0151helyeket, melyek fogadj\u00e1k iskol\u00e1nk tanul\u00f3it a k\u00fcls\u0151 gyakorlatokra. Du\u00e1lis k\u00e9pz\u0151hely telephely\u00e9nek (szakir\u00e1ny\u00fa oktat\u00e1s megval\u00f3s\u00edt\u00f3j\u00e1nak) megnevez\u00e9seK\u00f6r\u00f6s Panzi\u00f3, \u00c9tterem \u00e9s Pizz\u00e9riaDolce Vita Pizz\u00e9riaG\u00c9ZA KONYH\u00c1JA \u00c9TTEREMStones \u00c9tterem \u00e9s Pizz\u00e9riaDobozi Kisvend\u00e9gl\u0151Panor\u00e1ma Hotel \u00e9s \u00c9tteremCig\u00e1ny Vend\u00e9gl\u0151 Kft.SZLOV\u00c1K PANZI\u00d3 \u00e9s \u00c9TTEREMCsabapark \u00c9tteremVad\u00e1szk\u00fcrt Vend\u00e9gl\u0151N\u00e1dor \u00c9tteremAranykacsa \u00c9tteremFiume HotelLa Rosa Pizz\u00e9ria \u00e9s \u00c9tteremCity Falatoz\u00f3 &#8211; [&hellip;]<\/p>\n","protected":false},"author":4,"featured_media":0,"parent":0,"menu_order":0,"comment_status":"closed","ping_status":"closed","template":"","meta":{"footnotes":""},"class_list":["post-47277","page","type-page","status-publish","hentry"],"_links":{"self":[{"href":"\/index.php\/wp-json\/wp\/v2\/pages\/47277","targetHints":{"allow":["GET"]}}],"collection":[{"href":"\/index.php\/wp-json\/wp\/v2\/pages"}],"about":[{"href":"\/index.php\/wp-json\/wp\/v2\/types\/page"}],"author":[{"embeddable":true,"href":"\/index.php\/wp-json\/wp\/v2\/users\/4"}],"replies":[{"embeddable":true,"href":"\/index.php\/wp-json\/wp\/v2\/comments?post=47277"}],"version-history":[{"count":4,"href":"\/index.php\/wp-json\/wp\/v2\/pages\/47277\/revisions"}],"predecessor-version":[{"id":47283,"href":"\/index.php\/wp-json\/wp\/v2\/pages\/47277\/revisions\/47283"}],"wp:attachment":[{"href":"\/index.php\/wp-json\/wp\/v2\/media?parent=47277"}],"curies":[{"name":"wp","href":"https:\/\/api.w.org\/{rel}","templated":true}]}}