{"id":47267,"date":"2025-03-20T14:20:11","date_gmt":"2025-03-20T13:20:11","guid":{"rendered":"\/?page_id=47267"},"modified":"2025-03-20T15:35:44","modified_gmt":"2025-03-20T14:35:44","slug":"dualis-kepzohelyek-listaja-vendegteri-szaktechnikus","status":"publish","type":"page","link":"\/index.php\/dualis-kepzohelyek-listaja-vendegteri-szaktechnikus\/","title":{"rendered":"Du\u00e1lis k\u00e9pz\u0151helyek list\u00e1ja &#8211; Vend\u00e9gt\u00e9ri szaktechnikus"},"content":{"rendered":"\t\t<div data-elementor-type=\"wp-page\" data-elementor-id=\"47267\" class=\"elementor elementor-47267\" data-elementor-post-type=\"page\">\n\t\t\t\t\t\t<section class=\"elementor-section elementor-top-section elementor-element elementor-element-533e0f0 elementor-section-boxed elementor-section-height-default elementor-section-height-default\" data-id=\"533e0f0\" data-element_type=\"section\" data-e-type=\"section\">\n\t\t\t\t\t\t<div class=\"elementor-container elementor-column-gap-default\">\n\t\t\t\t\t<div class=\"elementor-column elementor-col-100 elementor-top-column elementor-element elementor-element-6a68e95\" data-id=\"6a68e95\" data-element_type=\"column\" data-e-type=\"column\">\n\t\t\t<div class=\"elementor-widget-wrap elementor-element-populated\">\n\t\t\t\t\t\t<div class=\"elementor-element elementor-element-3a7b7cd elementor-widget elementor-widget-spacer\" data-id=\"3a7b7cd\" data-element_type=\"widget\" data-e-type=\"widget\" data-widget_type=\"spacer.default\">\n\t\t\t\t<div class=\"elementor-widget-container\">\n\t\t\t\t\t\t\t<div class=\"elementor-spacer\">\n\t\t\t<div class=\"elementor-spacer-inner\"><\/div>\n\t\t<\/div>\n\t\t\t\t\t\t<\/div>\n\t\t\t\t<\/div>\n\t\t\t\t\t<\/div>\n\t\t<\/div>\n\t\t\t\t\t<\/div>\n\t\t<\/section>\n\t\t\t\t<section class=\"elementor-section elementor-top-section elementor-element elementor-element-e3be33c elementor-section-boxed elementor-section-height-default elementor-section-height-default\" data-id=\"e3be33c\" data-element_type=\"section\" data-e-type=\"section\">\n\t\t\t\t\t\t<div class=\"elementor-container elementor-column-gap-default\">\n\t\t\t\t\t<div class=\"elementor-column elementor-col-100 elementor-top-column elementor-element elementor-element-77b1255\" data-id=\"77b1255\" data-element_type=\"column\" data-e-type=\"column\">\n\t\t\t<div class=\"elementor-widget-wrap elementor-element-populated\">\n\t\t\t\t\t\t<div class=\"elementor-element elementor-element-49ce108 elementor-widget elementor-widget-heading\" data-id=\"49ce108\" data-element_type=\"widget\" data-e-type=\"widget\" data-widget_type=\"heading.default\">\n\t\t\t\t<div class=\"elementor-widget-container\">\n\t\t\t\t\t<h2 class=\"elementor-heading-title elementor-size-default\">Kedves L\u00e1togat\u00f3!<\/h2>\t\t\t\t<\/div>\n\t\t\t\t<\/div>\n\t\t\t\t\t<\/div>\n\t\t<\/div>\n\t\t\t\t\t<\/div>\n\t\t<\/section>\n\t\t\t\t<section class=\"elementor-section elementor-top-section elementor-element elementor-element-524ea8b elementor-section-boxed elementor-section-height-default elementor-section-height-default\" data-id=\"524ea8b\" data-element_type=\"section\" data-e-type=\"section\">\n\t\t\t\t\t\t<div class=\"elementor-container elementor-column-gap-default\">\n\t\t\t\t\t<div class=\"elementor-column elementor-col-100 elementor-top-column elementor-element elementor-element-dbb7598\" data-id=\"dbb7598\" data-element_type=\"column\" data-e-type=\"column\">\n\t\t\t<div class=\"elementor-widget-wrap elementor-element-populated\">\n\t\t\t\t\t\t<div class=\"elementor-element elementor-element-dbe6371 elementor-widget elementor-widget-text-editor\" data-id=\"dbe6371\" data-element_type=\"widget\" data-e-type=\"widget\" data-widget_type=\"text-editor.default\">\n\t\t\t\t<div class=\"elementor-widget-container\">\n\t\t\t\t\t\t\t\t\t<p>Az al\u00e1bbi list\u00e1ban tal\u00e1lja azokat a du\u00e1lis k\u00e9pz\u0151helyeket, melyek fogadj\u00e1k iskol\u00e1nk tanul\u00f3it a k\u00fcls\u0151 gyakorlatokra.<\/p>\t\t\t\t\t\t\t\t<\/div>\n\t\t\t\t<\/div>\n\t\t\t\t\t<\/div>\n\t\t<\/div>\n\t\t\t\t\t<\/div>\n\t\t<\/section>\n\t\t\t\t<section class=\"elementor-section elementor-top-section elementor-element elementor-element-57a7c72 elementor-section-boxed elementor-section-height-default elementor-section-height-default\" data-id=\"57a7c72\" data-element_type=\"section\" data-e-type=\"section\">\n\t\t\t\t\t\t<div class=\"elementor-container elementor-column-gap-default\">\n\t\t\t\t\t<div class=\"elementor-column elementor-col-100 elementor-top-column elementor-element elementor-element-7071653\" data-id=\"7071653\" data-element_type=\"column\" data-e-type=\"column\">\n\t\t\t<div class=\"elementor-widget-wrap elementor-element-populated\">\n\t\t\t\t\t\t<div class=\"elementor-element elementor-element-4aa5e46 elementor-widget elementor-widget-text-editor\" data-id=\"4aa5e46\" data-element_type=\"widget\" data-e-type=\"widget\" data-widget_type=\"text-editor.default\">\n\t\t\t\t<div class=\"elementor-widget-container\">\n\t\t\t\t\t\t\t\t\t<p><span style=\"text-decoration: underline;\"><strong>Du\u00e1lis k\u00e9pz\u0151hely telephely\u00e9nek (szakir\u00e1ny\u00fa oktat\u00e1s megval\u00f3s\u00edt\u00f3j\u00e1nak) megnevez\u00e9se<\/strong><\/span><br \/>K\u00f6r\u00f6s Panzi\u00f3, \u00c9tterem \u00e9s Pizz\u00e9ria<br \/>G\u00c9ZA KONYH\u00c1JA \u00c9TTEREM<br \/>Dobozi Kisvend\u00e9gl\u0151<br \/>Panor\u00e1ma Hotel \u00e9s \u00c9tterem<br \/>MUNK\u00c1CSY HOTEL<br \/>N\u00e1dor \u00c9tterem<br \/>Fodor Hotel \u00e9s Hal\u00e1szcs\u00e1rda<br \/>La Rosa Pizz\u00e9ria \u00e9s \u00c9tterem<br \/>City Falatoz\u00f3 &#8211; \u00c9tterem, K\u00e1v\u00e9z\u00f3 \u00e9s Pizz\u00e9ria<br \/>KOML\u00d3 HOTEL GYULA<br \/>Leonardo \u00c9telb\u00e1r (f\u00f6ldszint)<br \/>Di\u00f3fa Cs\u00e1rda<br \/>Liget Wellness \u00e9s Konferencia Hotel<br \/>\u00c9LM\u00c9NY \u00c9TTEREM<br \/>M\u00e9teres-Snack Vend\u00e9gl\u00e1t\u00f3 Kft.<br \/>F\u00fczeskerti Apartmanh\u00e1z<br \/>Zsigmond Konyha<br \/>Alf\u00f6ld Gy\u00f6ngye Hotel \u00e9s Konferenciak\u00f6zpont<br \/>Nagyh\u00e1z Pince Boroz\u00f3<br \/>Premier Restaurant<br \/>Hal\u00e1szcs\u00e1rda Vend\u00e9gl\u0151 \u00e9s Panzi\u00f3<br \/>Z\u00f6ld Sas Vend\u00e9gl\u0151<br \/>P\u00e1lmakert \u00c9tterem<br \/>T\u00f3part Vend\u00e9gl\u0151 \u00e9s Panzi\u00f3<br \/>Arcanum Hotel<br \/>BAGOLY VEND\u00c9GL\u0150<br \/>Dr\u00e9her S\u00f6r\u00f6z\u0151-\u00c9tterem<br \/>T\u00edm\u00e1r Panzi\u00f3 \u00e9s \u00c9tterem<br \/>Hotel Corvus Aqua<br \/>Teleki Cs\u00e1rda \u00e9s Panzi\u00f3<br \/>Kisvend\u00e9gl\u0151 a Hargit\u00e1hoz<\/p>\t\t\t\t\t\t\t\t<\/div>\n\t\t\t\t<\/div>\n\t\t\t\t\t<\/div>\n\t\t<\/div>\n\t\t\t\t\t<\/div>\n\t\t<\/section>\n\t\t\t\t<\/div>\n\t\t","protected":false},"excerpt":{"rendered":"<p>Kedves L\u00e1togat\u00f3! Az al\u00e1bbi list\u00e1ban tal\u00e1lja azokat a du\u00e1lis k\u00e9pz\u0151helyeket, melyek fogadj\u00e1k iskol\u00e1nk tanul\u00f3it a k\u00fcls\u0151 gyakorlatokra. Du\u00e1lis k\u00e9pz\u0151hely telephely\u00e9nek (szakir\u00e1ny\u00fa oktat\u00e1s megval\u00f3s\u00edt\u00f3j\u00e1nak) megnevez\u00e9seK\u00f6r\u00f6s Panzi\u00f3, \u00c9tterem \u00e9s Pizz\u00e9riaG\u00c9ZA KONYH\u00c1JA \u00c9TTEREMDobozi Kisvend\u00e9gl\u0151Panor\u00e1ma Hotel \u00e9s \u00c9tteremMUNK\u00c1CSY HOTELN\u00e1dor \u00c9tteremFodor Hotel \u00e9s Hal\u00e1szcs\u00e1rdaLa Rosa Pizz\u00e9ria \u00e9s \u00c9tteremCity Falatoz\u00f3 &#8211; \u00c9tterem, K\u00e1v\u00e9z\u00f3 \u00e9s Pizz\u00e9riaKOML\u00d3 HOTEL GYULALeonardo \u00c9telb\u00e1r (f\u00f6ldszint)Di\u00f3fa Cs\u00e1rdaLiget Wellness [&hellip;]<\/p>\n","protected":false},"author":4,"featured_media":0,"parent":0,"menu_order":0,"comment_status":"closed","ping_status":"closed","template":"","meta":{"footnotes":""},"class_list":["post-47267","page","type-page","status-publish","hentry"],"_links":{"self":[{"href":"\/index.php\/wp-json\/wp\/v2\/pages\/47267","targetHints":{"allow":["GET"]}}],"collection":[{"href":"\/index.php\/wp-json\/wp\/v2\/pages"}],"about":[{"href":"\/index.php\/wp-json\/wp\/v2\/types\/page"}],"author":[{"embeddable":true,"href":"\/index.php\/wp-json\/wp\/v2\/users\/4"}],"replies":[{"embeddable":true,"href":"\/index.php\/wp-json\/wp\/v2\/comments?post=47267"}],"version-history":[{"count":11,"href":"\/index.php\/wp-json\/wp\/v2\/pages\/47267\/revisions"}],"predecessor-version":[{"id":47383,"href":"\/index.php\/wp-json\/wp\/v2\/pages\/47267\/revisions\/47383"}],"wp:attachment":[{"href":"\/index.php\/wp-json\/wp\/v2\/media?parent=47267"}],"curies":[{"name":"wp","href":"https:\/\/api.w.org\/{rel}","templated":true}]}}