{"id":47192,"date":"2025-03-20T08:53:58","date_gmt":"2025-03-20T07:53:58","guid":{"rendered":"\/?page_id=47192"},"modified":"2026-03-19T09:39:47","modified_gmt":"2026-03-19T08:39:47","slug":"0310-fitness-wellness-instruktor-2025-2026-tanev","status":"publish","type":"page","link":"\/index.php\/0310-fitness-wellness-instruktor-2025-2026-tanev\/","title":{"rendered":"0310 Fitness-wellness instruktor\u00a0\u2013 2026\/2027. tan\u00e9v"},"content":{"rendered":"\t\t<div data-elementor-type=\"wp-page\" data-elementor-id=\"47192\" class=\"elementor elementor-47192\" data-elementor-post-type=\"page\">\n\t\t\t\t\t\t<section class=\"elementor-section elementor-top-section elementor-element elementor-element-03357e7 elementor-section-boxed elementor-section-height-default elementor-section-height-default\" data-id=\"03357e7\" data-element_type=\"section\" data-e-type=\"section\">\n\t\t\t\t\t\t<div class=\"elementor-container elementor-column-gap-default\">\n\t\t\t\t\t<div class=\"elementor-column elementor-col-100 elementor-top-column elementor-element elementor-element-7833744\" data-id=\"7833744\" data-element_type=\"column\" data-e-type=\"column\">\n\t\t\t<div class=\"elementor-widget-wrap elementor-element-populated\">\n\t\t\t\t\t\t<div class=\"elementor-element elementor-element-940fa37 elementor-widget elementor-widget-spacer\" data-id=\"940fa37\" data-element_type=\"widget\" data-e-type=\"widget\" data-widget_type=\"spacer.default\">\n\t\t\t\t<div class=\"elementor-widget-container\">\n\t\t\t\t\t\t\t<div class=\"elementor-spacer\">\n\t\t\t<div class=\"elementor-spacer-inner\"><\/div>\n\t\t<\/div>\n\t\t\t\t\t\t<\/div>\n\t\t\t\t<\/div>\n\t\t\t\t\t<\/div>\n\t\t<\/div>\n\t\t\t\t\t<\/div>\n\t\t<\/section>\n\t\t\t\t<section class=\"elementor-section elementor-top-section elementor-element elementor-element-12ed9ba elementor-section-boxed elementor-section-height-default elementor-section-height-default\" data-id=\"12ed9ba\" data-element_type=\"section\" data-e-type=\"section\">\n\t\t\t\t\t\t<div class=\"elementor-container elementor-column-gap-default\">\n\t\t\t\t\t<div class=\"elementor-column elementor-col-100 elementor-top-column elementor-element elementor-element-0c00f91\" data-id=\"0c00f91\" data-element_type=\"column\" data-e-type=\"column\">\n\t\t\t<div class=\"elementor-widget-wrap elementor-element-populated\">\n\t\t\t\t\t\t<div class=\"elementor-element elementor-element-cd65b30 elementor-widget elementor-widget-heading\" data-id=\"cd65b30\" data-element_type=\"widget\" data-e-type=\"widget\" data-widget_type=\"heading.default\">\n\t\t\t\t<div class=\"elementor-widget-container\">\n\t\t\t\t\t<h2 class=\"elementor-heading-title elementor-size-default\">Tisztelt \u00c9rdekl\u0151d\u0151!<\/h2>\t\t\t\t<\/div>\n\t\t\t\t<\/div>\n\t\t\t\t\t<\/div>\n\t\t<\/div>\n\t\t\t\t\t<\/div>\n\t\t<\/section>\n\t\t\t\t<section class=\"elementor-section elementor-top-section elementor-element elementor-element-80a265a elementor-section-boxed elementor-section-height-default elementor-section-height-default\" data-id=\"80a265a\" data-element_type=\"section\" data-e-type=\"section\">\n\t\t\t\t\t\t<div class=\"elementor-container elementor-column-gap-default\">\n\t\t\t\t\t<div class=\"elementor-column elementor-col-100 elementor-top-column elementor-element elementor-element-3c23c2e\" data-id=\"3c23c2e\" data-element_type=\"column\" data-e-type=\"column\">\n\t\t\t<div class=\"elementor-widget-wrap elementor-element-populated\">\n\t\t\t\t\t\t<div class=\"elementor-element elementor-element-b1b45a0 elementor-widget elementor-widget-text-editor\" data-id=\"b1b45a0\" data-element_type=\"widget\" data-e-type=\"widget\" data-widget_type=\"text-editor.default\">\n\t\t\t\t<div class=\"elementor-widget-container\">\n\t\t\t\t\t\t\t\t\t<p>El\u00e9rhet\u0151 az iskol\u00e1nkba jelentkezett nyolcadikos tanul\u00f3k felv\u00e9teli rangsora \u2013 ideiglenes felv\u00e9teli jegyz\u00e9k- ami tartalmazza, hogy az adott tanul\u00f3 az el\u00e9rt pontjai alapj\u00e1n hanyadik helyen van az erre a k\u00e9pz\u00e9sre jelentkezettek k\u00f6z\u00f6tt.<\/p><p>Ebb\u0151l \u00a0m\u00e9g nem \u00e1llap\u00edthat\u00f3 meg, hogy kik ker\u00fclnek be iskol\u00e1nkba, hiszen a rangsorban el\u0151r\u00e9bb lev\u0151 tanul\u00f3k lehet, hogy m\u00e1s iskol\u00e1ba nyernek majd felv\u00e9telt, \u00edgy az ut\u00e1nuk k\u00f6vetkez\u0151k el\u0151r\u00e9bb l\u00e9phetnek.<\/p>\t\t\t\t\t\t\t\t<\/div>\n\t\t\t\t<\/div>\n\t\t\t\t\t<\/div>\n\t\t<\/div>\n\t\t\t\t\t<\/div>\n\t\t<\/section>\n\t\t\t\t<section class=\"elementor-section elementor-top-section elementor-element elementor-element-922dcaf elementor-section-boxed elementor-section-height-default elementor-section-height-default\" data-id=\"922dcaf\" data-element_type=\"section\" data-e-type=\"section\">\n\t\t\t\t\t\t<div class=\"elementor-container elementor-column-gap-default\">\n\t\t\t\t\t<div class=\"elementor-column elementor-col-100 elementor-top-column elementor-element elementor-element-2b9c9fc\" data-id=\"2b9c9fc\" data-element_type=\"column\" data-e-type=\"column\">\n\t\t\t<div class=\"elementor-widget-wrap elementor-element-populated\">\n\t\t\t\t\t\t<div class=\"elementor-element elementor-element-ee74e95 elementor-widget elementor-widget-text-editor\" data-id=\"ee74e95\" data-element_type=\"widget\" data-e-type=\"widget\" data-widget_type=\"text-editor.default\">\n\t\t\t\t<div class=\"elementor-widget-container\">\n\t\t\t\t\t\t\t\t\t<p>wukkk<br \/>73062902802<br \/>72996056539<br \/>73025965024<br \/>73093615120<br \/>73044945525<br \/>73041259108<br \/>Kiskutya<br \/>73023916307<br \/>73099513914<br \/>73014754460<br \/>72957908236<\/p>\t\t\t\t\t\t\t\t<\/div>\n\t\t\t\t<\/div>\n\t\t\t\t\t<\/div>\n\t\t<\/div>\n\t\t\t\t\t<\/div>\n\t\t<\/section>\n\t\t\t\t<\/div>\n\t\t","protected":false},"excerpt":{"rendered":"<p>Tisztelt \u00c9rdekl\u0151d\u0151! El\u00e9rhet\u0151 az iskol\u00e1nkba jelentkezett nyolcadikos tanul\u00f3k felv\u00e9teli rangsora \u2013 ideiglenes felv\u00e9teli jegyz\u00e9k- ami tartalmazza, hogy az adott tanul\u00f3 az el\u00e9rt pontjai alapj\u00e1n hanyadik helyen van az erre a k\u00e9pz\u00e9sre jelentkezettek k\u00f6z\u00f6tt. Ebb\u0151l \u00a0m\u00e9g nem \u00e1llap\u00edthat\u00f3 meg, hogy kik ker\u00fclnek be iskol\u00e1nkba, hiszen a rangsorban el\u0151r\u00e9bb lev\u0151 tanul\u00f3k lehet, hogy m\u00e1s iskol\u00e1ba nyernek majd [&hellip;]<\/p>\n","protected":false},"author":4,"featured_media":0,"parent":0,"menu_order":0,"comment_status":"closed","ping_status":"closed","template":"","meta":{"footnotes":""},"class_list":["post-47192","page","type-page","status-publish","hentry"],"_links":{"self":[{"href":"\/index.php\/wp-json\/wp\/v2\/pages\/47192","targetHints":{"allow":["GET"]}}],"collection":[{"href":"\/index.php\/wp-json\/wp\/v2\/pages"}],"about":[{"href":"\/index.php\/wp-json\/wp\/v2\/types\/page"}],"author":[{"embeddable":true,"href":"\/index.php\/wp-json\/wp\/v2\/users\/4"}],"replies":[{"embeddable":true,"href":"\/index.php\/wp-json\/wp\/v2\/comments?post=47192"}],"version-history":[{"count":12,"href":"\/index.php\/wp-json\/wp\/v2\/pages\/47192\/revisions"}],"predecessor-version":[{"id":56850,"href":"\/index.php\/wp-json\/wp\/v2\/pages\/47192\/revisions\/56850"}],"wp:attachment":[{"href":"\/index.php\/wp-json\/wp\/v2\/media?parent=47192"}],"curies":[{"name":"wp","href":"https:\/\/api.w.org\/{rel}","templated":true}]}}