{"id":47183,"date":"2025-03-20T08:43:06","date_gmt":"2025-03-20T07:43:06","guid":{"rendered":"\/?page_id=47183"},"modified":"2026-03-19T09:39:09","modified_gmt":"2026-03-19T08:39:09","slug":"0309-sportedzo-labdarugas-sportszervezo-2025-2026-tanev","status":"publish","type":"page","link":"\/index.php\/0309-sportedzo-labdarugas-sportszervezo-2025-2026-tanev\/","title":{"rendered":"0309 Sportedz\u0151 (labdar\u00fag\u00e1s) \u2013 sportszervez\u0151\u00a0\u2013 2026\/2027. tan\u00e9v"},"content":{"rendered":"\t\t<div data-elementor-type=\"wp-page\" data-elementor-id=\"47183\" class=\"elementor elementor-47183\" data-elementor-post-type=\"page\">\n\t\t\t\t\t\t<section class=\"elementor-section elementor-top-section elementor-element elementor-element-2bd0b1c elementor-section-boxed elementor-section-height-default elementor-section-height-default\" data-id=\"2bd0b1c\" data-element_type=\"section\" data-e-type=\"section\">\n\t\t\t\t\t\t<div class=\"elementor-container elementor-column-gap-default\">\n\t\t\t\t\t<div class=\"elementor-column elementor-col-100 elementor-top-column elementor-element elementor-element-9e3c4a2\" data-id=\"9e3c4a2\" data-element_type=\"column\" data-e-type=\"column\">\n\t\t\t<div class=\"elementor-widget-wrap elementor-element-populated\">\n\t\t\t\t\t\t<div class=\"elementor-element elementor-element-0e58a7f elementor-widget elementor-widget-spacer\" data-id=\"0e58a7f\" data-element_type=\"widget\" data-e-type=\"widget\" data-widget_type=\"spacer.default\">\n\t\t\t\t<div class=\"elementor-widget-container\">\n\t\t\t\t\t\t\t<div class=\"elementor-spacer\">\n\t\t\t<div class=\"elementor-spacer-inner\"><\/div>\n\t\t<\/div>\n\t\t\t\t\t\t<\/div>\n\t\t\t\t<\/div>\n\t\t\t\t\t<\/div>\n\t\t<\/div>\n\t\t\t\t\t<\/div>\n\t\t<\/section>\n\t\t\t\t<section class=\"elementor-section elementor-top-section elementor-element elementor-element-28a73c9 elementor-section-boxed elementor-section-height-default elementor-section-height-default\" data-id=\"28a73c9\" data-element_type=\"section\" data-e-type=\"section\">\n\t\t\t\t\t\t<div class=\"elementor-container elementor-column-gap-default\">\n\t\t\t\t\t<div class=\"elementor-column elementor-col-100 elementor-top-column elementor-element elementor-element-b1f4d72\" data-id=\"b1f4d72\" data-element_type=\"column\" data-e-type=\"column\">\n\t\t\t<div class=\"elementor-widget-wrap elementor-element-populated\">\n\t\t\t\t\t\t<div class=\"elementor-element elementor-element-057a0fc elementor-widget elementor-widget-heading\" data-id=\"057a0fc\" data-element_type=\"widget\" data-e-type=\"widget\" data-widget_type=\"heading.default\">\n\t\t\t\t<div class=\"elementor-widget-container\">\n\t\t\t\t\t<h2 class=\"elementor-heading-title elementor-size-default\">Tisztelt \u00c9rdekl\u0151d\u0151!<\/h2>\t\t\t\t<\/div>\n\t\t\t\t<\/div>\n\t\t\t\t\t<\/div>\n\t\t<\/div>\n\t\t\t\t\t<\/div>\n\t\t<\/section>\n\t\t\t\t<section class=\"elementor-section elementor-top-section elementor-element elementor-element-8099dd7 elementor-section-boxed elementor-section-height-default elementor-section-height-default\" data-id=\"8099dd7\" data-element_type=\"section\" data-e-type=\"section\">\n\t\t\t\t\t\t<div class=\"elementor-container elementor-column-gap-default\">\n\t\t\t\t\t<div class=\"elementor-column elementor-col-100 elementor-top-column elementor-element elementor-element-da03aeb\" data-id=\"da03aeb\" data-element_type=\"column\" data-e-type=\"column\">\n\t\t\t<div class=\"elementor-widget-wrap elementor-element-populated\">\n\t\t\t\t\t\t<div class=\"elementor-element elementor-element-62fcc4e elementor-widget elementor-widget-text-editor\" data-id=\"62fcc4e\" data-element_type=\"widget\" data-e-type=\"widget\" data-widget_type=\"text-editor.default\">\n\t\t\t\t<div class=\"elementor-widget-container\">\n\t\t\t\t\t\t\t\t\t<p>El\u00e9rhet\u0151 az iskol\u00e1nkba jelentkezett nyolcadikos tanul\u00f3k felv\u00e9teli rangsora \u2013 ideiglenes felv\u00e9teli jegyz\u00e9k- ami tartalmazza, hogy az adott tanul\u00f3 az el\u00e9rt pontjai alapj\u00e1n hanyadik helyen van az erre a k\u00e9pz\u00e9sre jelentkezettek k\u00f6z\u00f6tt.<\/p><p>Ebb\u0151l \u00a0m\u00e9g nem \u00e1llap\u00edthat\u00f3 meg, hogy kik ker\u00fclnek be iskol\u00e1nkba, hiszen a rangsorban el\u0151r\u00e9bb lev\u0151 tanul\u00f3k lehet, hogy m\u00e1s iskol\u00e1ba nyernek majd felv\u00e9telt, \u00edgy az ut\u00e1nuk k\u00f6vetkez\u0151k el\u0151r\u00e9bb l\u00e9phetnek.<\/p>\t\t\t\t\t\t\t\t<\/div>\n\t\t\t\t<\/div>\n\t\t\t\t\t<\/div>\n\t\t<\/div>\n\t\t\t\t\t<\/div>\n\t\t<\/section>\n\t\t\t\t<section class=\"elementor-section elementor-top-section elementor-element elementor-element-74b6804 elementor-section-boxed elementor-section-height-default elementor-section-height-default\" data-id=\"74b6804\" data-element_type=\"section\" data-e-type=\"section\">\n\t\t\t\t\t\t<div class=\"elementor-container elementor-column-gap-default\">\n\t\t\t\t\t<div class=\"elementor-column elementor-col-100 elementor-top-column elementor-element elementor-element-1d214a1\" data-id=\"1d214a1\" data-element_type=\"column\" data-e-type=\"column\">\n\t\t\t<div class=\"elementor-widget-wrap elementor-element-populated\">\n\t\t\t\t\t\t<div class=\"elementor-element elementor-element-d5c9c6f elementor-widget elementor-widget-text-editor\" data-id=\"d5c9c6f\" data-element_type=\"widget\" data-e-type=\"widget\" data-widget_type=\"text-editor.default\">\n\t\t\t\t<div class=\"elementor-widget-container\">\n\t\t\t\t\t\t\t\t\t<p>72998361552<br \/>73058409499<br \/>73034312555<br \/>73098143630<br \/>73043057916<br \/>72996056539<br \/>72996106372<br \/>73060843767<br \/>72970148645<br \/>73052804530<br \/>72921899068<br \/>72979473556<br \/>72993292846<br \/>ZWACK<br \/>72961215551<br \/>73078419447<br \/>72984319468<br \/>73085035019<br \/>73035348543<br \/>73023916307<br \/>73079160307<br \/>73002984548<br \/>72986354546<br \/>73047514478<br \/>73040841415<br \/>BOJ\u00c1N<br \/>73091185817<br \/>73102720892<br \/>73034587898<br \/>73076303700<br \/>73040887281<br \/>72968035626<br \/>73773427131<br \/>73067476703<br \/>72952881194<br \/>Mateka22<br \/>73156632562<br \/>72996245779<br \/>73045800166<br \/>73099187620<br \/>72998900700<br \/>73078402092<br \/>72996059138<\/p>\t\t\t\t\t\t\t\t<\/div>\n\t\t\t\t<\/div>\n\t\t\t\t\t<\/div>\n\t\t<\/div>\n\t\t\t\t\t<\/div>\n\t\t<\/section>\n\t\t\t\t<\/div>\n\t\t","protected":false},"excerpt":{"rendered":"<p>Tisztelt \u00c9rdekl\u0151d\u0151! El\u00e9rhet\u0151 az iskol\u00e1nkba jelentkezett nyolcadikos tanul\u00f3k felv\u00e9teli rangsora \u2013 ideiglenes felv\u00e9teli jegyz\u00e9k- ami tartalmazza, hogy az adott tanul\u00f3 az el\u00e9rt pontjai alapj\u00e1n hanyadik helyen van az erre a k\u00e9pz\u00e9sre jelentkezettek k\u00f6z\u00f6tt. Ebb\u0151l \u00a0m\u00e9g nem \u00e1llap\u00edthat\u00f3 meg, hogy kik ker\u00fclnek be iskol\u00e1nkba, hiszen a rangsorban el\u0151r\u00e9bb lev\u0151 tanul\u00f3k lehet, hogy m\u00e1s iskol\u00e1ba nyernek majd [&hellip;]<\/p>\n","protected":false},"author":4,"featured_media":0,"parent":0,"menu_order":0,"comment_status":"closed","ping_status":"closed","template":"","meta":{"footnotes":""},"class_list":["post-47183","page","type-page","status-publish","hentry"],"_links":{"self":[{"href":"\/index.php\/wp-json\/wp\/v2\/pages\/47183","targetHints":{"allow":["GET"]}}],"collection":[{"href":"\/index.php\/wp-json\/wp\/v2\/pages"}],"about":[{"href":"\/index.php\/wp-json\/wp\/v2\/types\/page"}],"author":[{"embeddable":true,"href":"\/index.php\/wp-json\/wp\/v2\/users\/4"}],"replies":[{"embeddable":true,"href":"\/index.php\/wp-json\/wp\/v2\/comments?post=47183"}],"version-history":[{"count":18,"href":"\/index.php\/wp-json\/wp\/v2\/pages\/47183\/revisions"}],"predecessor-version":[{"id":56846,"href":"\/index.php\/wp-json\/wp\/v2\/pages\/47183\/revisions\/56846"}],"wp:attachment":[{"href":"\/index.php\/wp-json\/wp\/v2\/media?parent=47183"}],"curies":[{"name":"wp","href":"https:\/\/api.w.org\/{rel}","templated":true}]}}