{"id":47109,"date":"2025-03-20T08:15:56","date_gmt":"2025-03-20T07:15:56","guid":{"rendered":"\/?page_id=47109"},"modified":"2026-03-19T09:27:32","modified_gmt":"2026-03-19T08:27:32","slug":"0303-cukrasz-szaktechnikus-2025-2026-tanev","status":"publish","type":"page","link":"\/index.php\/0303-cukrasz-szaktechnikus-2025-2026-tanev\/","title":{"rendered":"0303 Cukr\u00e1sz szaktechnikus\u00a0\u2013 2026\/2027. tan\u00e9v"},"content":{"rendered":"\t\t<div data-elementor-type=\"wp-page\" data-elementor-id=\"47109\" class=\"elementor elementor-47109\" data-elementor-post-type=\"page\">\n\t\t\t\t\t\t<section class=\"elementor-section elementor-top-section elementor-element elementor-element-62790b5 elementor-section-boxed elementor-section-height-default elementor-section-height-default\" data-id=\"62790b5\" data-element_type=\"section\" data-e-type=\"section\">\n\t\t\t\t\t\t<div class=\"elementor-container elementor-column-gap-default\">\n\t\t\t\t\t<div class=\"elementor-column elementor-col-100 elementor-top-column elementor-element elementor-element-28defb1\" data-id=\"28defb1\" data-element_type=\"column\" data-e-type=\"column\">\n\t\t\t<div class=\"elementor-widget-wrap elementor-element-populated\">\n\t\t\t\t\t\t<div class=\"elementor-element elementor-element-bbfdd34 elementor-widget elementor-widget-spacer\" data-id=\"bbfdd34\" data-element_type=\"widget\" data-e-type=\"widget\" data-widget_type=\"spacer.default\">\n\t\t\t\t<div class=\"elementor-widget-container\">\n\t\t\t\t\t\t\t<div class=\"elementor-spacer\">\n\t\t\t<div class=\"elementor-spacer-inner\"><\/div>\n\t\t<\/div>\n\t\t\t\t\t\t<\/div>\n\t\t\t\t<\/div>\n\t\t\t\t\t<\/div>\n\t\t<\/div>\n\t\t\t\t\t<\/div>\n\t\t<\/section>\n\t\t\t\t<section class=\"elementor-section elementor-top-section elementor-element elementor-element-9eb42e2 elementor-section-boxed elementor-section-height-default elementor-section-height-default\" data-id=\"9eb42e2\" data-element_type=\"section\" data-e-type=\"section\">\n\t\t\t\t\t\t<div class=\"elementor-container elementor-column-gap-default\">\n\t\t\t\t\t<div class=\"elementor-column elementor-col-100 elementor-top-column elementor-element elementor-element-87a94d4\" data-id=\"87a94d4\" data-element_type=\"column\" data-e-type=\"column\">\n\t\t\t<div class=\"elementor-widget-wrap elementor-element-populated\">\n\t\t\t\t\t\t<div class=\"elementor-element elementor-element-355d50d elementor-widget elementor-widget-heading\" data-id=\"355d50d\" data-element_type=\"widget\" data-e-type=\"widget\" data-widget_type=\"heading.default\">\n\t\t\t\t<div class=\"elementor-widget-container\">\n\t\t\t\t\t<h2 class=\"elementor-heading-title elementor-size-default\">Tisztelt \u00c9rdekl\u0151d\u0151!<\/h2>\t\t\t\t<\/div>\n\t\t\t\t<\/div>\n\t\t\t\t\t<\/div>\n\t\t<\/div>\n\t\t\t\t\t<\/div>\n\t\t<\/section>\n\t\t\t\t<section class=\"elementor-section elementor-top-section elementor-element elementor-element-076e3a6 elementor-section-boxed elementor-section-height-default elementor-section-height-default\" data-id=\"076e3a6\" data-element_type=\"section\" data-e-type=\"section\">\n\t\t\t\t\t\t<div class=\"elementor-container elementor-column-gap-default\">\n\t\t\t\t\t<div class=\"elementor-column elementor-col-100 elementor-top-column elementor-element elementor-element-b3ad5d0\" data-id=\"b3ad5d0\" data-element_type=\"column\" data-e-type=\"column\">\n\t\t\t<div class=\"elementor-widget-wrap elementor-element-populated\">\n\t\t\t\t\t\t<div class=\"elementor-element elementor-element-6535864 elementor-widget elementor-widget-text-editor\" data-id=\"6535864\" data-element_type=\"widget\" data-e-type=\"widget\" data-widget_type=\"text-editor.default\">\n\t\t\t\t<div class=\"elementor-widget-container\">\n\t\t\t\t\t\t\t\t\t<p>El\u00e9rhet\u0151 az iskol\u00e1nkba jelentkezett nyolcadikos tanul\u00f3k felv\u00e9teli rangsora \u2013 ideiglenes felv\u00e9teli jegyz\u00e9k- ami tartalmazza, hogy az adott tanul\u00f3 az el\u00e9rt pontjai alapj\u00e1n hanyadik helyen van az erre a k\u00e9pz\u00e9sre jelentkezettek k\u00f6z\u00f6tt.<\/p><p>Ebb\u0151l \u00a0m\u00e9g nem \u00e1llap\u00edthat\u00f3 meg, hogy kik ker\u00fclnek be iskol\u00e1nkba, hiszen a rangsorban el\u0151r\u00e9bb lev\u0151 tanul\u00f3k lehet, hogy m\u00e1s iskol\u00e1ba nyernek majd felv\u00e9telt, \u00edgy az ut\u00e1nuk k\u00f6vetkez\u0151k el\u0151r\u00e9bb l\u00e9phetnek.<\/p>\t\t\t\t\t\t\t\t<\/div>\n\t\t\t\t<\/div>\n\t\t\t\t\t<\/div>\n\t\t<\/div>\n\t\t\t\t\t<\/div>\n\t\t<\/section>\n\t\t\t\t<section class=\"elementor-section elementor-top-section elementor-element elementor-element-9123330 elementor-section-boxed elementor-section-height-default elementor-section-height-default\" data-id=\"9123330\" data-element_type=\"section\" data-e-type=\"section\">\n\t\t\t\t\t\t<div class=\"elementor-container elementor-column-gap-default\">\n\t\t\t\t\t<div class=\"elementor-column elementor-col-100 elementor-top-column elementor-element elementor-element-950faec\" data-id=\"950faec\" data-element_type=\"column\" data-e-type=\"column\">\n\t\t\t<div class=\"elementor-widget-wrap elementor-element-populated\">\n\t\t\t\t\t\t<div class=\"elementor-element elementor-element-7fbad83 elementor-widget elementor-widget-text-editor\" data-id=\"7fbad83\" data-element_type=\"widget\" data-e-type=\"widget\" data-widget_type=\"text-editor.default\">\n\t\t\t\t<div class=\"elementor-widget-container\">\n\t\t\t\t\t\t\t\t\t<p>73093771063<br \/>73109985183<br \/>73062951389<br \/>73112991511<br \/>73019331162<br \/>73075788670<br \/>73098253285<br \/>72996056539<br \/>73005029228<br \/>73003048716<br \/>72997867183<br \/>73050397794<br \/>73003033796<br \/>73068225029<br \/>73028501092<br \/>73055882370<br \/>73027365808<br \/>MOLLYBELLA<br \/>73004188560<br \/>73060020277<br \/>73018195558<br \/>72863133120<br \/>72999624578<br \/>73059722689<br \/>73052548548<br \/>72985872091<br \/>73029982248<br \/>Zwack2026<br \/>72970522785<br \/>grooot07<br \/>73057116581<br \/>73034314498<br \/>72984101112<br \/>72996033599<br \/>72924886902<br \/>LILICSILLA<br \/>73116748590<br \/>73030930585<br \/>72984129534<br \/>0303CUKR\u00c1SZ<br \/>72999958518<br \/>73005767719<br \/>72909678825<br \/>72964862173<br \/>73003590270<br \/>73004602080<br \/>73040887281<br \/>73002959222<br \/>72914564280<br \/>72982562649<br \/>73018144209<br \/>73002528055<br \/>73017085023<\/p>\t\t\t\t\t\t\t\t<\/div>\n\t\t\t\t<\/div>\n\t\t\t\t\t<\/div>\n\t\t<\/div>\n\t\t\t\t\t<\/div>\n\t\t<\/section>\n\t\t\t\t<\/div>\n\t\t","protected":false},"excerpt":{"rendered":"<p>Tisztelt \u00c9rdekl\u0151d\u0151! El\u00e9rhet\u0151 az iskol\u00e1nkba jelentkezett nyolcadikos tanul\u00f3k felv\u00e9teli rangsora \u2013 ideiglenes felv\u00e9teli jegyz\u00e9k- ami tartalmazza, hogy az adott tanul\u00f3 az el\u00e9rt pontjai alapj\u00e1n hanyadik helyen van az erre a k\u00e9pz\u00e9sre jelentkezettek k\u00f6z\u00f6tt. Ebb\u0151l \u00a0m\u00e9g nem \u00e1llap\u00edthat\u00f3 meg, hogy kik ker\u00fclnek be iskol\u00e1nkba, hiszen a rangsorban el\u0151r\u00e9bb lev\u0151 tanul\u00f3k lehet, hogy m\u00e1s iskol\u00e1ba nyernek majd [&hellip;]<\/p>\n","protected":false},"author":4,"featured_media":0,"parent":0,"menu_order":0,"comment_status":"closed","ping_status":"closed","template":"","meta":{"footnotes":""},"class_list":["post-47109","page","type-page","status-publish","hentry"],"_links":{"self":[{"href":"\/index.php\/wp-json\/wp\/v2\/pages\/47109","targetHints":{"allow":["GET"]}}],"collection":[{"href":"\/index.php\/wp-json\/wp\/v2\/pages"}],"about":[{"href":"\/index.php\/wp-json\/wp\/v2\/types\/page"}],"author":[{"embeddable":true,"href":"\/index.php\/wp-json\/wp\/v2\/users\/4"}],"replies":[{"embeddable":true,"href":"\/index.php\/wp-json\/wp\/v2\/comments?post=47109"}],"version-history":[{"count":14,"href":"\/index.php\/wp-json\/wp\/v2\/pages\/47109\/revisions"}],"predecessor-version":[{"id":56816,"href":"\/index.php\/wp-json\/wp\/v2\/pages\/47109\/revisions\/56816"}],"wp:attachment":[{"href":"\/index.php\/wp-json\/wp\/v2\/media?parent=47109"}],"curies":[{"name":"wp","href":"https:\/\/api.w.org\/{rel}","templated":true}]}}