{"id":47100,"date":"2025-03-20T08:13:45","date_gmt":"2025-03-20T07:13:45","guid":{"rendered":"\/?page_id=47100"},"modified":"2026-03-19T09:26:35","modified_gmt":"2026-03-19T08:26:35","slug":"0302-turisztikai-technikus-2025-2026-tanev","status":"publish","type":"page","link":"\/index.php\/0302-turisztikai-technikus-2025-2026-tanev\/","title":{"rendered":"0302 Turisztikai technikus\u00a0\u2013 2026\/2027. tan\u00e9v"},"content":{"rendered":"\t\t<div data-elementor-type=\"wp-page\" data-elementor-id=\"47100\" class=\"elementor elementor-47100\" data-elementor-post-type=\"page\">\n\t\t\t\t\t\t<section class=\"elementor-section elementor-top-section elementor-element elementor-element-503a7d5 elementor-section-boxed elementor-section-height-default elementor-section-height-default\" data-id=\"503a7d5\" data-element_type=\"section\" data-e-type=\"section\">\n\t\t\t\t\t\t<div class=\"elementor-container elementor-column-gap-default\">\n\t\t\t\t\t<div class=\"elementor-column elementor-col-100 elementor-top-column elementor-element elementor-element-c5e1c91\" data-id=\"c5e1c91\" data-element_type=\"column\" data-e-type=\"column\">\n\t\t\t<div class=\"elementor-widget-wrap elementor-element-populated\">\n\t\t\t\t\t\t<div class=\"elementor-element elementor-element-37c0dfc elementor-widget elementor-widget-spacer\" data-id=\"37c0dfc\" data-element_type=\"widget\" data-e-type=\"widget\" data-widget_type=\"spacer.default\">\n\t\t\t\t<div class=\"elementor-widget-container\">\n\t\t\t\t\t\t\t<div class=\"elementor-spacer\">\n\t\t\t<div class=\"elementor-spacer-inner\"><\/div>\n\t\t<\/div>\n\t\t\t\t\t\t<\/div>\n\t\t\t\t<\/div>\n\t\t\t\t\t<\/div>\n\t\t<\/div>\n\t\t\t\t\t<\/div>\n\t\t<\/section>\n\t\t\t\t<section class=\"elementor-section elementor-top-section elementor-element elementor-element-2e0a161 elementor-section-boxed elementor-section-height-default elementor-section-height-default\" data-id=\"2e0a161\" data-element_type=\"section\" data-e-type=\"section\">\n\t\t\t\t\t\t<div class=\"elementor-container elementor-column-gap-default\">\n\t\t\t\t\t<div class=\"elementor-column elementor-col-100 elementor-top-column elementor-element elementor-element-ce1fafa\" data-id=\"ce1fafa\" data-element_type=\"column\" data-e-type=\"column\">\n\t\t\t<div class=\"elementor-widget-wrap elementor-element-populated\">\n\t\t\t\t\t\t<div class=\"elementor-element elementor-element-97342b1 elementor-widget elementor-widget-heading\" data-id=\"97342b1\" data-element_type=\"widget\" data-e-type=\"widget\" data-widget_type=\"heading.default\">\n\t\t\t\t<div class=\"elementor-widget-container\">\n\t\t\t\t\t<h2 class=\"elementor-heading-title elementor-size-default\">Tisztelt \u00c9rdekl\u0151d\u0151!<\/h2>\t\t\t\t<\/div>\n\t\t\t\t<\/div>\n\t\t\t\t\t<\/div>\n\t\t<\/div>\n\t\t\t\t\t<\/div>\n\t\t<\/section>\n\t\t\t\t<section class=\"elementor-section elementor-top-section elementor-element elementor-element-6834c68 elementor-section-boxed elementor-section-height-default elementor-section-height-default\" data-id=\"6834c68\" data-element_type=\"section\" data-e-type=\"section\">\n\t\t\t\t\t\t<div class=\"elementor-container elementor-column-gap-default\">\n\t\t\t\t\t<div class=\"elementor-column elementor-col-100 elementor-top-column elementor-element elementor-element-1cd9d9c\" data-id=\"1cd9d9c\" data-element_type=\"column\" data-e-type=\"column\">\n\t\t\t<div class=\"elementor-widget-wrap elementor-element-populated\">\n\t\t\t\t\t\t<div class=\"elementor-element elementor-element-f080717 elementor-widget elementor-widget-text-editor\" data-id=\"f080717\" data-element_type=\"widget\" data-e-type=\"widget\" data-widget_type=\"text-editor.default\">\n\t\t\t\t<div class=\"elementor-widget-container\">\n\t\t\t\t\t\t\t\t\t<p>El\u00e9rhet\u0151 az iskol\u00e1nkba jelentkezett nyolcadikos tanul\u00f3k felv\u00e9teli rangsora \u2013 ideiglenes felv\u00e9teli jegyz\u00e9k- ami tartalmazza, hogy az adott tanul\u00f3 az el\u00e9rt pontjai alapj\u00e1n hanyadik helyen van az erre a k\u00e9pz\u00e9sre jelentkezettek k\u00f6z\u00f6tt.<\/p><p>Ebb\u0151l \u00a0m\u00e9g nem \u00e1llap\u00edthat\u00f3 meg, hogy kik ker\u00fclnek be iskol\u00e1nkba, hiszen a rangsorban el\u0151r\u00e9bb lev\u0151 tanul\u00f3k lehet, hogy m\u00e1s iskol\u00e1ba nyernek majd felv\u00e9telt, \u00edgy az ut\u00e1nuk k\u00f6vetkez\u0151k el\u0151r\u00e9bb l\u00e9phetnek.<\/p>\t\t\t\t\t\t\t\t<\/div>\n\t\t\t\t<\/div>\n\t\t\t\t\t<\/div>\n\t\t<\/div>\n\t\t\t\t\t<\/div>\n\t\t<\/section>\n\t\t\t\t<section class=\"elementor-section elementor-top-section elementor-element elementor-element-0bde43c elementor-section-boxed elementor-section-height-default elementor-section-height-default\" data-id=\"0bde43c\" data-element_type=\"section\" data-e-type=\"section\">\n\t\t\t\t\t\t<div class=\"elementor-container elementor-column-gap-default\">\n\t\t\t\t\t<div class=\"elementor-column elementor-col-100 elementor-top-column elementor-element elementor-element-f9e2fc0\" data-id=\"f9e2fc0\" data-element_type=\"column\" data-e-type=\"column\">\n\t\t\t<div class=\"elementor-widget-wrap elementor-element-populated\">\n\t\t\t\t\t\t<div class=\"elementor-element elementor-element-bb99518 elementor-widget elementor-widget-text-editor\" data-id=\"bb99518\" data-element_type=\"widget\" data-e-type=\"widget\" data-widget_type=\"text-editor.default\">\n\t\t\t\t<div class=\"elementor-widget-container\">\n\t\t\t\t\t\t\t\t\t<p>72993418311<br \/>73093992707<br \/>73058409499<br \/>72966170087<br \/>73109985183<br \/>73096460020<br \/>73096542135<br \/>73047520475<br \/>AMARILLA4<br \/>73098988449<br \/>72993387592<br \/>73008349623<br \/>73137233458<br \/>72995638842<br \/>73346801228<br \/>73018437793<br \/>Zizi2011<br \/>73040883498<br \/>73007579244<br \/>NORINA 2012<br \/>73062902802<br \/>73075788670<br \/>72987753465<br \/>72976173449<br \/>,,kispillang\u00f3&#8221;<br \/>72984160721<br \/>73064388797<br \/>72996056539<br \/>72986697773<br \/>73005058088<br \/>73090287984<br \/>73075706728<br \/>73112939988<br \/>72997867183<br \/>73047461122<br \/>73041259108<br \/>73008348036<br \/>73028501092<br \/>73027365808<br \/>Ny\u00e1r<br \/>72863133120<br \/>KNDLZRK3<br \/>73057652478<br \/>73067569070<br \/>73084277525<br \/>GFANNI<br \/>72984319468<br \/>73132241994<br \/>73023916307<br \/>73029982248<br \/>72996054187<br \/>73027999729<br \/>grooot07<br \/>72968242336<br \/>72865443258<br \/>73061816610<br \/>72995458933<br \/>73092366094<br \/>73036578388<br \/>73033724769<br \/>72924886902<br \/>LILICSILLA<br \/>73040584443<br \/>73005571256<br \/>73341104363<br \/>73034587898<br \/>73040887281<br \/>73043753666<br \/>72979186825<br \/>73063990247<br \/>73067470951<br \/>73005594920<br \/>73071479390<br \/>Napf\u00e9ny064<br \/>73096521743<br \/>72901535058<br \/>73028101448<br \/>72905911459<\/p>\t\t\t\t\t\t\t\t<\/div>\n\t\t\t\t<\/div>\n\t\t\t\t\t<\/div>\n\t\t<\/div>\n\t\t\t\t\t<\/div>\n\t\t<\/section>\n\t\t\t\t<\/div>\n\t\t","protected":false},"excerpt":{"rendered":"<p>Tisztelt \u00c9rdekl\u0151d\u0151! El\u00e9rhet\u0151 az iskol\u00e1nkba jelentkezett nyolcadikos tanul\u00f3k felv\u00e9teli rangsora \u2013 ideiglenes felv\u00e9teli jegyz\u00e9k- ami tartalmazza, hogy az adott tanul\u00f3 az el\u00e9rt pontjai alapj\u00e1n hanyadik helyen van az erre a k\u00e9pz\u00e9sre jelentkezettek k\u00f6z\u00f6tt. Ebb\u0151l \u00a0m\u00e9g nem \u00e1llap\u00edthat\u00f3 meg, hogy kik ker\u00fclnek be iskol\u00e1nkba, hiszen a rangsorban el\u0151r\u00e9bb lev\u0151 tanul\u00f3k lehet, hogy m\u00e1s iskol\u00e1ba nyernek majd [&hellip;]<\/p>\n","protected":false},"author":4,"featured_media":0,"parent":0,"menu_order":0,"comment_status":"closed","ping_status":"closed","template":"","meta":{"footnotes":""},"class_list":["post-47100","page","type-page","status-publish","hentry"],"_links":{"self":[{"href":"\/index.php\/wp-json\/wp\/v2\/pages\/47100","targetHints":{"allow":["GET"]}}],"collection":[{"href":"\/index.php\/wp-json\/wp\/v2\/pages"}],"about":[{"href":"\/index.php\/wp-json\/wp\/v2\/types\/page"}],"author":[{"embeddable":true,"href":"\/index.php\/wp-json\/wp\/v2\/users\/4"}],"replies":[{"embeddable":true,"href":"\/index.php\/wp-json\/wp\/v2\/comments?post=47100"}],"version-history":[{"count":14,"href":"\/index.php\/wp-json\/wp\/v2\/pages\/47100\/revisions"}],"predecessor-version":[{"id":56812,"href":"\/index.php\/wp-json\/wp\/v2\/pages\/47100\/revisions\/56812"}],"wp:attachment":[{"href":"\/index.php\/wp-json\/wp\/v2\/media?parent=47100"}],"curies":[{"name":"wp","href":"https:\/\/api.w.org\/{rel}","templated":true}]}}