{"id":47078,"date":"2025-03-20T08:03:24","date_gmt":"2025-03-20T07:03:24","guid":{"rendered":"\/?page_id=47078"},"modified":"2026-03-19T09:23:14","modified_gmt":"2026-03-19T08:23:14","slug":"0300-idegennyelvu-ipari-es-kereskedelmi-technikus-2025-2026-tanev","status":"publish","type":"page","link":"\/index.php\/0300-idegennyelvu-ipari-es-kereskedelmi-technikus-2025-2026-tanev\/","title":{"rendered":"0300 Idegen nyelv\u0171 ipari \u00e9s kereskedelmi technikus &#8211; 2026\/2027. tan\u00e9v"},"content":{"rendered":"\t\t<div data-elementor-type=\"wp-page\" data-elementor-id=\"47078\" class=\"elementor elementor-47078\" data-elementor-post-type=\"page\">\n\t\t\t\t\t\t<section class=\"elementor-section elementor-top-section elementor-element elementor-element-21709df elementor-section-boxed elementor-section-height-default elementor-section-height-default\" data-id=\"21709df\" data-element_type=\"section\" data-e-type=\"section\">\n\t\t\t\t\t\t<div class=\"elementor-container elementor-column-gap-default\">\n\t\t\t\t\t<div class=\"elementor-column elementor-col-100 elementor-top-column elementor-element elementor-element-ef5d5d7\" data-id=\"ef5d5d7\" data-element_type=\"column\" data-e-type=\"column\">\n\t\t\t<div class=\"elementor-widget-wrap elementor-element-populated\">\n\t\t\t\t\t\t<div class=\"elementor-element elementor-element-8a22148 elementor-widget elementor-widget-spacer\" data-id=\"8a22148\" data-element_type=\"widget\" data-e-type=\"widget\" data-widget_type=\"spacer.default\">\n\t\t\t\t<div class=\"elementor-widget-container\">\n\t\t\t\t\t\t\t<div class=\"elementor-spacer\">\n\t\t\t<div class=\"elementor-spacer-inner\"><\/div>\n\t\t<\/div>\n\t\t\t\t\t\t<\/div>\n\t\t\t\t<\/div>\n\t\t\t\t\t<\/div>\n\t\t<\/div>\n\t\t\t\t\t<\/div>\n\t\t<\/section>\n\t\t\t\t<section class=\"elementor-section elementor-top-section elementor-element elementor-element-97da095 elementor-section-boxed elementor-section-height-default elementor-section-height-default\" data-id=\"97da095\" data-element_type=\"section\" data-e-type=\"section\">\n\t\t\t\t\t\t<div class=\"elementor-container elementor-column-gap-default\">\n\t\t\t\t\t<div class=\"elementor-column elementor-col-100 elementor-top-column elementor-element elementor-element-5784e29\" data-id=\"5784e29\" data-element_type=\"column\" data-e-type=\"column\">\n\t\t\t<div class=\"elementor-widget-wrap elementor-element-populated\">\n\t\t\t\t\t\t<div class=\"elementor-element elementor-element-3f53fa8 elementor-widget elementor-widget-heading\" data-id=\"3f53fa8\" data-element_type=\"widget\" data-e-type=\"widget\" data-widget_type=\"heading.default\">\n\t\t\t\t<div class=\"elementor-widget-container\">\n\t\t\t\t\t<h2 class=\"elementor-heading-title elementor-size-default\">Tisztelt \u00c9rdekl\u0151d\u0151!<\/h2>\t\t\t\t<\/div>\n\t\t\t\t<\/div>\n\t\t\t\t\t<\/div>\n\t\t<\/div>\n\t\t\t\t\t<\/div>\n\t\t<\/section>\n\t\t\t\t<section class=\"elementor-section elementor-top-section elementor-element elementor-element-35b3416 elementor-section-boxed elementor-section-height-default elementor-section-height-default\" data-id=\"35b3416\" data-element_type=\"section\" data-e-type=\"section\">\n\t\t\t\t\t\t<div class=\"elementor-container elementor-column-gap-default\">\n\t\t\t\t\t<div class=\"elementor-column elementor-col-100 elementor-top-column elementor-element elementor-element-f852f6e\" data-id=\"f852f6e\" data-element_type=\"column\" data-e-type=\"column\">\n\t\t\t<div class=\"elementor-widget-wrap elementor-element-populated\">\n\t\t\t\t\t\t<div class=\"elementor-element elementor-element-e113c73 elementor-widget elementor-widget-text-editor\" data-id=\"e113c73\" data-element_type=\"widget\" data-e-type=\"widget\" data-widget_type=\"text-editor.default\">\n\t\t\t\t<div class=\"elementor-widget-container\">\n\t\t\t\t\t\t\t\t\t<p>El\u00e9rhet\u0151 az iskol\u00e1nkba jelentkezett nyolcadikos tanul\u00f3k felv\u00e9teli rangsora \u2013 ideiglenes felv\u00e9teli jegyz\u00e9k- ami tartalmazza, hogy az adott tanul\u00f3 az el\u00e9rt pontjai alapj\u00e1n hanyadik helyen van az erre a k\u00e9pz\u00e9sre jelentkezettek k\u00f6z\u00f6tt.<\/p><p>Ebb\u0151l \u00a0m\u00e9g nem \u00e1llap\u00edthat\u00f3 meg, hogy kik ker\u00fclnek be iskol\u00e1nkba, hiszen a rangsorban el\u0151r\u00e9bb lev\u0151 tanul\u00f3k lehet, hogy m\u00e1s iskol\u00e1ba nyernek majd felv\u00e9telt, \u00edgy az ut\u00e1nuk k\u00f6vetkez\u0151k el\u0151r\u00e9bb l\u00e9phetnek.<\/p>\t\t\t\t\t\t\t\t<\/div>\n\t\t\t\t<\/div>\n\t\t\t\t\t<\/div>\n\t\t<\/div>\n\t\t\t\t\t<\/div>\n\t\t<\/section>\n\t\t\t\t<section class=\"elementor-section elementor-top-section elementor-element elementor-element-d5b59e4 elementor-section-boxed elementor-section-height-default elementor-section-height-default\" data-id=\"d5b59e4\" data-element_type=\"section\" data-e-type=\"section\">\n\t\t\t\t\t\t<div class=\"elementor-container elementor-column-gap-default\">\n\t\t\t\t\t<div class=\"elementor-column elementor-col-100 elementor-top-column elementor-element elementor-element-64e200b\" data-id=\"64e200b\" data-element_type=\"column\" data-e-type=\"column\">\n\t\t\t<div class=\"elementor-widget-wrap elementor-element-populated\">\n\t\t\t\t\t\t<div class=\"elementor-element elementor-element-6e62517 elementor-widget elementor-widget-text-editor\" data-id=\"6e62517\" data-element_type=\"widget\" data-e-type=\"widget\" data-widget_type=\"text-editor.default\">\n\t\t\t\t<div class=\"elementor-widget-container\">\n\t\t\t\t\t\t\t\t\t<p>wukkk<br \/>72995638842<br \/>72995489199<br \/>P\u00f3nil\u00f3<br \/>73040883498<br \/>72997867183<br \/>73060843767<br \/>73025648949<br \/>73156401654<br \/>72999624578<br \/>73061059570<br \/>73068225029<br \/>73047461122<br \/>73034525643<br \/>73097856338<br \/>72984359688<br \/>72863133120<br \/>73029648025<br \/>73084277525<br \/>73028050240<br \/>73092366094<br \/>DAVID15<br \/>72998268164<br \/>73090456254<br \/>73029967009<br \/>73100952619<br \/>72863133425<br \/>72905911459<\/p>\t\t\t\t\t\t\t\t<\/div>\n\t\t\t\t<\/div>\n\t\t\t\t\t<\/div>\n\t\t<\/div>\n\t\t\t\t\t<\/div>\n\t\t<\/section>\n\t\t\t\t<\/div>\n\t\t","protected":false},"excerpt":{"rendered":"<p>Tisztelt \u00c9rdekl\u0151d\u0151! El\u00e9rhet\u0151 az iskol\u00e1nkba jelentkezett nyolcadikos tanul\u00f3k felv\u00e9teli rangsora \u2013 ideiglenes felv\u00e9teli jegyz\u00e9k- ami tartalmazza, hogy az adott tanul\u00f3 az el\u00e9rt pontjai alapj\u00e1n hanyadik helyen van az erre a k\u00e9pz\u00e9sre jelentkezettek k\u00f6z\u00f6tt. Ebb\u0151l \u00a0m\u00e9g nem \u00e1llap\u00edthat\u00f3 meg, hogy kik ker\u00fclnek be iskol\u00e1nkba, hiszen a rangsorban el\u0151r\u00e9bb lev\u0151 tanul\u00f3k lehet, hogy m\u00e1s iskol\u00e1ba nyernek majd [&hellip;]<\/p>\n","protected":false},"author":4,"featured_media":0,"parent":0,"menu_order":0,"comment_status":"closed","ping_status":"closed","template":"","meta":{"footnotes":""},"class_list":["post-47078","page","type-page","status-publish","hentry"],"_links":{"self":[{"href":"\/index.php\/wp-json\/wp\/v2\/pages\/47078","targetHints":{"allow":["GET"]}}],"collection":[{"href":"\/index.php\/wp-json\/wp\/v2\/pages"}],"about":[{"href":"\/index.php\/wp-json\/wp\/v2\/types\/page"}],"author":[{"embeddable":true,"href":"\/index.php\/wp-json\/wp\/v2\/users\/4"}],"replies":[{"embeddable":true,"href":"\/index.php\/wp-json\/wp\/v2\/comments?post=47078"}],"version-history":[{"count":15,"href":"\/index.php\/wp-json\/wp\/v2\/pages\/47078\/revisions"}],"predecessor-version":[{"id":56804,"href":"\/index.php\/wp-json\/wp\/v2\/pages\/47078\/revisions\/56804"}],"wp:attachment":[{"href":"\/index.php\/wp-json\/wp\/v2\/media?parent=47078"}],"curies":[{"name":"wp","href":"https:\/\/api.w.org\/{rel}","templated":true}]}}