{"id":40582,"date":"2024-06-11T23:20:02","date_gmt":"2024-06-11T22:20:02","guid":{"rendered":"\/?page_id=40582"},"modified":"2025-06-16T13:09:16","modified_gmt":"2025-06-16T12:09:16","slug":"2025-2026-tanevi-tankonyvrendelo-9-evfolyam-pincer-vendegteri-szakember","status":"publish","type":"page","link":"\/index.php\/2025-2026-tanevi-tankonyvrendelo-9-evfolyam-pincer-vendegteri-szakember\/","title":{"rendered":"2024\/2025. tan\u00e9vi tank\u00f6nyvrendel\u0151 \u2013 9. \u00e9vfolyam \u2013 Pinc\u00e9r-vend\u00e9gt\u00e9ri szakember"},"content":{"rendered":"\t\t<div data-elementor-type=\"wp-page\" data-elementor-id=\"40582\" class=\"elementor elementor-40582\" data-elementor-post-type=\"page\">\n\t\t\t\t\t\t<section class=\"elementor-section elementor-top-section elementor-element elementor-element-cc86b34 elementor-section-boxed elementor-section-height-default elementor-section-height-default\" data-id=\"cc86b34\" data-element_type=\"section\" data-e-type=\"section\">\n\t\t\t\t\t\t<div class=\"elementor-container elementor-column-gap-default\">\n\t\t\t\t\t<div class=\"elementor-column elementor-col-100 elementor-top-column elementor-element elementor-element-844bf30\" data-id=\"844bf30\" data-element_type=\"column\" data-e-type=\"column\">\n\t\t\t<div class=\"elementor-widget-wrap elementor-element-populated\">\n\t\t\t\t\t\t<div class=\"elementor-element elementor-element-4f58661 elementor-widget elementor-widget-spacer\" data-id=\"4f58661\" data-element_type=\"widget\" data-e-type=\"widget\" data-widget_type=\"spacer.default\">\n\t\t\t\t<div class=\"elementor-widget-container\">\n\t\t\t\t\t\t\t<div class=\"elementor-spacer\">\n\t\t\t<div class=\"elementor-spacer-inner\"><\/div>\n\t\t<\/div>\n\t\t\t\t\t\t<\/div>\n\t\t\t\t<\/div>\n\t\t\t\t\t<\/div>\n\t\t<\/div>\n\t\t\t\t\t<\/div>\n\t\t<\/section>\n\t\t\t\t<section class=\"elementor-section elementor-top-section elementor-element elementor-element-7a43ded elementor-section-boxed elementor-section-height-default elementor-section-height-default\" data-id=\"7a43ded\" data-element_type=\"section\" data-e-type=\"section\">\n\t\t\t\t\t\t<div class=\"elementor-container elementor-column-gap-default\">\n\t\t\t\t\t<div class=\"elementor-column elementor-col-100 elementor-top-column elementor-element elementor-element-e0889da\" data-id=\"e0889da\" data-element_type=\"column\" data-e-type=\"column\">\n\t\t\t<div class=\"elementor-widget-wrap elementor-element-populated\">\n\t\t\t\t\t\t<div class=\"elementor-element elementor-element-74b6ba4 elementor-widget elementor-widget-heading\" data-id=\"74b6ba4\" data-element_type=\"widget\" data-e-type=\"widget\" data-widget_type=\"heading.default\">\n\t\t\t\t<div class=\"elementor-widget-container\">\n\t\t\t\t\t<h2 class=\"elementor-heading-title elementor-size-default\"><section data-id=\"bead540\" data-element_type=\"section\" style=\", sans-serif;font-size: 15px;white-space: normal\"><div><div style=\"width: 629.983px\"><div data-id=\"f9abd1f\" data-element_type=\"column\" style=\"width: 629.983px\"><div style=\"width: 629.983px\"><div style=\"width: 609.983px\"><div data-id=\"1649d62\" data-element_type=\"widget\" data-widget_type=\"heading.default\" style=\"width: 609.983px;text-align: center\"><div><h5 style=\"font-family: Alegreya, sans-serif\">K\u00e9rj\u00fck, hogy az al\u00e1bbi \u0171rlapon kiz\u00e1r\u00f3lag a val\u00f3s\u00e1gnak megfelel\u0151 adatokat legyen sz\u00edves megadni!<\/h5><\/div><\/div><\/div><\/div><\/div><\/div><\/div><\/section><\/h2>\t\t\t\t<\/div>\n\t\t\t\t<\/div>\n\t\t\t\t\t<\/div>\n\t\t<\/div>\n\t\t\t\t\t<\/div>\n\t\t<\/section>\n\t\t\t\t<section class=\"elementor-section elementor-top-section elementor-element elementor-element-1da69cf elementor-section-boxed elementor-section-height-default elementor-section-height-default\" data-id=\"1da69cf\" data-element_type=\"section\" data-e-type=\"section\">\n\t\t\t\t\t\t<div class=\"elementor-container elementor-column-gap-default\">\n\t\t\t\t\t<div class=\"elementor-column elementor-col-100 elementor-top-column elementor-element elementor-element-bc1099a\" data-id=\"bc1099a\" data-element_type=\"column\" data-e-type=\"column\">\n\t\t\t<div class=\"elementor-widget-wrap elementor-element-populated\">\n\t\t\t\t\t\t<div class=\"elementor-element elementor-element-6399da9 elementor-widget elementor-widget-heading\" data-id=\"6399da9\" data-element_type=\"widget\" data-e-type=\"widget\" data-widget_type=\"heading.default\">\n\t\t\t\t<div class=\"elementor-widget-container\">\n\t\t\t\t\t<h2 class=\"elementor-heading-title elementor-size-default\"><section data-id=\"d322742\" data-element_type=\"section\" style=\", sans-serif;font-size: 15px;white-space: normal\"><div><div style=\"width: 629.983px\"><div data-id=\"8c25c10\" data-element_type=\"column\" style=\"width: 629.983px\"><div style=\"width: 629.983px\"><div style=\"width: 609.983px\"><div data-id=\"65d9c89\" data-element_type=\"widget\" data-widget_type=\"heading.default\" style=\"width: 609.983px;text-align: center\"><div><h5 style=\"font-family: Alegreya, sans-serif\">K\u00f6sz\u00f6nj\u00fck!<\/h5><\/div><\/div><\/div><\/div><\/div><\/div><\/div><\/section><\/h2>\t\t\t\t<\/div>\n\t\t\t\t<\/div>\n\t\t\t\t\t<\/div>\n\t\t<\/div>\n\t\t\t\t\t<\/div>\n\t\t<\/section>\n\t\t\t\t<section class=\"elementor-section elementor-top-section elementor-element elementor-element-7728b7e elementor-section-boxed elementor-section-height-default elementor-section-height-default\" data-id=\"7728b7e\" data-element_type=\"section\" data-e-type=\"section\">\n\t\t\t\t\t\t<div class=\"elementor-container elementor-column-gap-default\">\n\t\t\t\t\t<div class=\"elementor-column elementor-col-100 elementor-top-column elementor-element elementor-element-035f6a8\" data-id=\"035f6a8\" data-element_type=\"column\" data-e-type=\"column\">\n\t\t\t<div class=\"elementor-widget-wrap elementor-element-populated\">\n\t\t\t\t\t\t<div class=\"elementor-element elementor-element-a728468 elementor-widget elementor-widget-text-editor\" data-id=\"a728468\" data-element_type=\"widget\" data-e-type=\"widget\" data-widget_type=\"text-editor.default\">\n\t\t\t\t<div class=\"elementor-widget-container\">\n\t\t\t\t\t\t\t\t\t<div id=\"erf_form_container_4495\" class=\"erf-container erf-contact erf-label-top erf-layout-one-column erf-style-rounded-corner\">\n        \n    \n         \n                    <div class=\"erf-content-above\">\n                            <\/div>\n            <form method=\"post\" enctype=\"multipart\/form-data\" class=\"erf-form erf-front-form\" data-parsley-validate=\"\" novalidate=\"true\" data-erf-submission-id=\"0\" data-erf-form-id=\"4495\">\n                <div class=\"erf-form-html\" id=\"erf_form_4495\">\n                    <div class=\"rendered-form\">\n                        <div class=\"erf-header erf-element-width-12\"><h1  data-non-input='1' data-ref-label='Heading1' data-ref-id='header-pqqfwdxc' class='' >Tanul\u00f3 adatai<\/h1><\/div><div class=\"erf-text form-group field-text-19125522377 erf-element-width-12\"><label for=\"text-19125522377\" class=\"erf-text-label\">Tanul\u00f3 neve<span class=\"erf-required\">*<\/span><\/label><input type='text' maxlength='50' required='required' class='form-control' name='text-19125522377' data-ref-label='First_Name' id='text-19125522377'  \/><\/div><div class=\"erf-text form-group field-field-KVQDfVTbSd3vTs5 erf-element-width-12\"><label for=\"field-KVQDfVTbSd3vTs5\" class=\"erf-text-label\">Lakc\u00edme<span class=\"erf-required\">*<\/span><\/label><input type='text' maxlength='50' required='required' class='form-control' name='field-KVQDfVTbSd3vTs5' data-ref-label='Text_Field6' id='field-KVQDfVTbSd3vTs5'  \/><\/div><div class=\"erf-text form-group field-text-211644441570 erf-element-width-12\"><label for=\"text-211644441570\" class=\"erf-text-label\">Oktat\u00e1si azonos\u00edt\u00f3 sz\u00e1ma (11 sz\u00e1mjegy\u0171)<span class=\"erf-required\">*<\/span><\/label><input type='text' required='required' maxlength='50' class='form-control' name='text-211644441570' data-ref-label='Last_Name' id='text-211644441570'  \/><\/div><div class=\"erf-text form-group field-field-qsSAocOaTZprDOv erf-element-width-12\"><label for=\"field-qsSAocOaTZprDOv\" class=\"erf-text-label\">Di\u00e1kigazolv\u00e1ny sz\u00e1ma<span class=\"erf-required\">*<\/span><\/label><input type='text' data-ref-label='Text_Field3' class='form-control' name='field-qsSAocOaTZprDOv' required='required' id='field-qsSAocOaTZprDOv'  \/><\/div><div class=\"erf-separator erf-element-width-12\"><div data-non-input='1' custom-type='spacer' data-ref-label='Separator1' class='spacer' data-ref-id='separator-fwn2akuf' >Separator1<\/div><\/div><div class=\"erf-header erf-element-width-12\"><h1  data-non-input='1' data-ref-label='Heading2' data-ref-id='header-e4k6llbz' class='' >Sz\u00fcl\u0151 \/ gondvisel\u0151 adatai <\/h1><\/div><div class=\"erf-richtext erf-element-width-12\"><div data-non-input='1' data-ref-label='RichText1' data-ref-id='richtext-obthyilm' class='erf-rich-text' ><p>(Amennyiben m\u00e9g nem nagykor\u00fa a tanul\u00f3, \u00fagy k\u00f6telez\u0151 kit\u00f6lteni ezeket a mez\u0151ket is!)<\/p><\/div><\/div><div class=\"erf-text form-group field-field-eH6B4swOr5WwWCT erf-element-width-12\"><label for=\"field-eH6B4swOr5WwWCT\" class=\"erf-text-label\">Sz\u00fcl\u0151 \/ gondvisel\u0151 neve<\/label><input type='text' data-ref-label='Text_Field4' class='form-control' name='field-eH6B4swOr5WwWCT' id='field-eH6B4swOr5WwWCT'  \/><\/div><div class=\"erf-select form-group field-field-XZaQn5LTfIKVifX erf-element-width-12\"><label for=\"field-XZaQn5LTfIKVifX\" class=\"erf-select-label\">Azonos\u00edt\u00f3 irat\u00e1nak t\u00edpusa<\/label><select data-ref-label='Select1' class='form-control' name='field-XZaQn5LTfIKVifX' id='field-XZaQn5LTfIKVifX'  ><option value=\"\"><\/option><option value=\"Szem\u00e9lyi igazolv\u00e1ny\">Szem\u00e9lyi igazolv\u00e1ny<\/option><option value=\"Jogos\u00edtv\u00e1ny\">Jogos\u00edtv\u00e1ny<\/option><\/select><\/div><div class=\"erf-text form-group field-field-f8VmfCXHphTNvWF erf-element-width-12\"><label for=\"field-f8VmfCXHphTNvWF\" class=\"erf-text-label\">Azonos\u00edt\u00f3 irat\u00e1nak sz\u00e1ma<\/label><input type='text' data-ref-label='Text_Field5' class='form-control' name='field-f8VmfCXHphTNvWF' id='field-f8VmfCXHphTNvWF'  \/><\/div><div class=\"erf-separator erf-element-width-12\"><div data-non-input='1' custom-type='spacer' data-ref-label='Separator2' class='spacer' data-ref-id='separator-egdmscoz' >Separator2<\/div><\/div><div class=\"erf-header erf-element-width-12\"><h1  data-non-input='1' data-ref-label='Heading4' data-ref-id='header-2pkoiau7' class='' >Jogosults\u00e1g kiv\u00e1laszt\u00e1sa<\/h1><\/div><div class=\"erf-richtext erf-element-width-12\"><div data-non-input='1' data-ref-label='RichText5' data-ref-id='richtext-pglwzrvp' class='erf-rich-text' ><p>T\u00e1j\u00e9koztatjuk, hogy Magyarorsz\u00e1g Korm\u00e1nya minden nappali rendszer\u0171 iskolai oktat\u00e1sban r\u00e9szt vev\u0151, 10-16. \u00e9vfolyamokban tanul\u00f3 di\u00e1knak <strong>alanyi jogon ingyenesen<\/strong> biztos\u00edtja a tank\u00f6nyveket. Azonban iskol\u00e1nknak minden tan\u00e9vben adatbejelent\u00e9si k\u00f6telezetts\u00e9ge van fenntart\u00f3ja fel\u00e9, mely szerint sz\u00e1mba kell venn\u00fcnk azokat a tanul\u00f3kat, akik valamilyen hat\u00e1rozattal rendelkeznek.<\/p><\/div><\/div><div class=\"erf-richtext erf-element-width-12\"><div data-non-input='1' data-ref-label='richtext-hvntugsb' data-ref-id='richtext-imuzslgm' class='erf-rich-text' ><p>K\u00e9rj\u00fck, hogy az al\u00e1bbi men\u00fcb\u0151l v\u00e1lassza ki azt a lehet\u0151s\u00e9get, amelyik felt\u00e9telnek megfelel a tanul\u00f3!<\/p>\n<p>Amennyiben egyik felt\u00e9telnek sem felel meg, \u00fagy k\u00e9rj\u00fck, hogy a <strong>Nem r\u00e9szes\u00fcl semmilyen kedvezm\u00e9nyben<\/strong> lehet\u0151s\u00e9get v\u00e1lassza ki!<\/p><\/div><\/div><div class=\"erf-select form-group field-field-itlsWbIL7z5K548 erf-element-width-12\"><label for=\"field-itlsWbIL7z5K548\" class=\"erf-select-label\">A tanul\u00f3&#8230;<span class=\"erf-required\">*<\/span><\/label><select data-ref-label='Select20' class='form-control' name='field-itlsWbIL7z5K548' required='required' id='field-itlsWbIL7z5K548'  ><option value=\"\"><\/option><option value=\"tart\u00f3san beteg\">tart\u00f3san beteg<\/option><option value=\"szak\u00e9rt\u0151i bizotts\u00e1g szak\u00e9rt\u0151i v\u00e9lem\u00e9nye alapj\u00e1n SNI-s vagy BTMN-es\">szak\u00e9rt\u0151i bizotts\u00e1g szak\u00e9rt\u0151i v\u00e9lem\u00e9nye alapj\u00e1n SNI-s vagy BTMN-es<\/option><option value=\"h\u00e1rom- vagy t\u00f6bbgyermekes csal\u00e1dban \u00e9l\">h\u00e1rom- vagy t\u00f6bbgyermekes csal\u00e1dban \u00e9l<\/option><option value=\"nagykor\u00fa \u00e9s saj\u00e1t jog\u00e1n iskol\u00e1ztat\u00e1si t\u00e1mogat\u00e1sra jogosult\">nagykor\u00fa \u00e9s saj\u00e1t jog\u00e1n iskol\u00e1ztat\u00e1si t\u00e1mogat\u00e1sra jogosult<\/option><option value=\"rendszeres gyermekv\u00e9delmi kedvezm\u00e9nyben r\u00e9szes\u00fcl\">rendszeres gyermekv\u00e9delmi kedvezm\u00e9nyben r\u00e9szes\u00fcl<\/option><option value=\"gyermekv\u00e9delem hat\u00e1lya al\u00e1 tartozik\">gyermekv\u00e9delem hat\u00e1lya al\u00e1 tartozik<\/option><option value=\"nem r\u00e9szes\u00fcl semmilyen kedvezm\u00e9nyben\">nem r\u00e9szes\u00fcl semmilyen kedvezm\u00e9nyben<\/option><\/select><\/div><div class=\"erf-header erf-element-width-12\"><h1  data-non-input='1' data-ref-label='Heading3' data-ref-id='header-5y1ykkm3' class='' >Tank\u00f6nyv megrendel\u0151<\/h1><\/div><div class=\"erf-richtext erf-element-width-12\"><div data-non-input='1' data-ref-label='RichText2' data-ref-id='richtext-dqphit1k' class='erf-rich-text' ><p>K\u00e9rj\u00fck, hogy a leg\u00f6rd\u00fcl\u0151 men\u00fcb\u0151l v\u00e1lassza ki, hogy melyik tank\u00f6nyvet k\u00e9rik vagy nem k\u00e9rik a k\u00f6vetkez\u0151 tan\u00e9vre!<\/p><\/div><\/div><div class=\"erf-select form-group field-field-fH8GUZK5PNuWSxW erf-element-width-12\"><label for=\"field-fH8GUZK5PNuWSxW\" class=\"erf-select-label\">OH-SZK09T &#8211; Szakk\u00e9pz\u0151 iskolai k\u00f6zismereti tank\u00f6nyv 9.<span class=\"erf-required\">*<\/span><\/label><select data-ref-label='Select2' class='form-control' name='field-fH8GUZK5PNuWSxW' required='required' id='field-fH8GUZK5PNuWSxW'  ><option value=\"\"><\/option><option value=\"K\u00e9rem\">K\u00e9rem<\/option><option value=\"Nem k\u00e9rem\">Nem k\u00e9rem<\/option><\/select><\/div><div class=\"erf-select form-group field-field-p91PB2Mx5cDNhQI erf-element-width-12\"><label for=\"field-p91PB2Mx5cDNhQI\" class=\"erf-select-label\">OH-SZK10T\/1- Szakk\u00e9pz\u0151 iskolai k\u00f6zismereti tank\u00f6nyv 10.<span class=\"erf-required\">*<\/span><\/label><select data-ref-label='Select3' class='form-control' name='field-p91PB2Mx5cDNhQI' required='required' id='field-p91PB2Mx5cDNhQI'  ><option value=\"\"><\/option><option value=\"K\u00e9rem\">K\u00e9rem<\/option><option value=\"Nem k\u00e9rem\">Nem k\u00e9rem<\/option><\/select><\/div><div class=\"erf-select form-group field-field-Fgunt5W0OGA0XPM erf-element-width-12\"><label for=\"field-Fgunt5W0OGA0XPM\" class=\"erf-select-label\">OH-SZK09M5 &#8211; Mayer J\u00f3zsef, Tam\u00e1sin\u00e9 Makay Mariann: T\u00f6rt\u00e9nelem \u00e9s \u00e1llampolg\u00e1ri ismeretek munkaf\u00fczet a szakk\u00e9pz\u0151 iskolai k\u00f6zismereti tank\u00f6nyvh\u00f6z 9.<span class=\"erf-required\">*<\/span><\/label><select data-ref-label='Select17' class='form-control' name='field-Fgunt5W0OGA0XPM' required='required' id='field-Fgunt5W0OGA0XPM'  ><option value=\"\"><\/option><option value=\"K\u00e9rem\">K\u00e9rem<\/option><option value=\"Nem k\u00e9rem\">Nem k\u00e9rem<\/option><\/select><\/div><div class=\"erf-select form-group field-field-J7ShtlPmY5ZQA09 erf-element-width-12\"><label for=\"field-J7ShtlPmY5ZQA09\" class=\"erf-select-label\">OH-SZK09M3 &#8211; Term\u00e9szetismeret munkaf\u00fczet a szakk\u00e9pz\u0151 iskolai k\u00f6zismereti tank\u00f6nyvh\u00f6z 9.<span class=\"erf-required\">*<\/span><\/label><select data-ref-label='Select8' class='form-control' name='field-J7ShtlPmY5ZQA09' required='required' id='field-J7ShtlPmY5ZQA09'  ><option value=\"\"><\/option><option value=\"K\u00e9rem\">K\u00e9rem<\/option><option value=\"Nem k\u00e9rem\">Nem k\u00e9rem<\/option><\/select><\/div><div class=\"erf-select form-group field-field-zxBOLYCKlLiGsYd erf-element-width-12\"><label for=\"field-zxBOLYCKlLiGsYd\" class=\"erf-select-label\">EK-0524581 &#8211; Key Links for Hungary A1 Student\u2019s Book (online anyaggal)<span class=\"erf-required\">*<\/span><\/label><select data-ref-label='Select10' class='form-control' name='field-zxBOLYCKlLiGsYd' required='required' id='field-zxBOLYCKlLiGsYd'  ><option value=\"\"><\/option><option value=\"K\u00e9rem\">K\u00e9rem<\/option><option value=\"Nem k\u00e9rem\">Nem k\u00e9rem<\/option><\/select><\/div><div class=\"erf-select form-group field-field-TH2HTmfUu50i0Ww erf-element-width-12\"><label for=\"field-TH2HTmfUu50i0Ww\" class=\"erf-select-label\">EK-0526912 &#8211; Key Links for Hungary A1 Workbook (online anyaggal)<span class=\"erf-required\">*<\/span><\/label><select data-ref-label='Select11' class='form-control' name='field-TH2HTmfUu50i0Ww' required='required' id='field-TH2HTmfUu50i0Ww'  ><option value=\"\"><\/option><option value=\"K\u00e9rem\">K\u00e9rem<\/option><option value=\"Nem k\u00e9rem\">Nem k\u00e9rem<\/option><\/select><\/div><div class=\"erf-richtext erf-element-width-12\"><div data-non-input='1' data-ref-label='RichText3' data-ref-id='richtext-uqs6g9ss' class='erf-rich-text' ><p><strong>Felel\u0151ss\u00e9gem tudat\u00e1ban kijelentem, hogy a tank\u00f6nyvrendel\u0151 lapon szerepl\u0151 adatok a val\u00f3s\u00e1gnak megfelelnek.<\/strong><\/p><\/div><\/div><div class=\"erf-richtext erf-element-width-12\"><div data-non-input='1' data-ref-label='RichText4' data-ref-id='richtext-veax4aoa' class='erf-rich-text' ><p>Tisztelt Kit\u00f6lt\u0151! T\u00e1j\u00e9koztatjuk, hogy a tank\u00f6nyvrendel\u00e9se sor\u00e1n a szem\u00e9lyes adatok kezel\u00e9s\u00e9re az \u00e1ltal\u00e1nos adatv\u00e9delmi rendeletben (Az Eur\u00f3pai Parlament \u00e9s a Tan\u00e1cs 2016\/679 Rendelete, a tov\u00e1bbiakban: GDPR) az inform\u00e1ci\u00f3s \u00f6nrendelkez\u00e9si jogr\u00f3l \u00e9s inform\u00e1ci\u00f3szabads\u00e1gr\u00f3l sz\u00f3l\u00f3 2011. \u00e9vi CXII. t\u00f6rv\u00e9nyben, az oktat\u00e1si nyilv\u00e1ntart\u00e1sr\u00f3l sz\u00f3l\u00f3 2018. \u00e9vi LXXXIX. t\u00f6rv\u00e9nyben (a tov\u00e1bbiakban: Onytv.) meghat\u00e1rozott rendelkez\u00e9sek alapj\u00e1n ker\u00fcl sor. Az adatkezel\u00e9s jogalapja a GDPR 6. cikk (1) bekezd\u00e9s c) \u00e9s e) pontja alapj\u00e1n az adatkezel\u0151re vonatkoz\u00f3 jogi k\u00f6telezetts\u00e9g teljes\u00edt\u00e9se.<\/p><\/div><\/div><div class=\"erf-button form-group field-button-8011365169 erf-element-width-12\"><button type='submit'class='btn btn-default'name='button-8011365169'data-ref-label='Send'id='button-8011365169'>K\u00fcld\u00e9s<\/button><\/div>                    <\/div> \n                <\/div>    \n\n                <div class=\"erf-external-form-elements\">\n                    \n                    \n                    \n\n                    \n                                        <div class=\"erf-errors\" style=\"display:none\">\n                        <span class=\"erf-errors-head erf-error-row\">Error occured. Please confirm your data and submit again:<\/span>\n                        <div class=\"erf-errors-body\">\n                                                    <\/div> \n                    <\/div>\n\n                <\/div>\n                <!-- Contains multipage Next,Previous buttons -->\n                <div class=\"erf-form-nav clearfix\"><\/div> \n\n                <!-- Single page form button -->\n                <div class=\"erf-submit-button clearfix\"><\/div>\n\n\n                <input type=\"hidden\" name=\"erform_id\" value=\"4495\" \/>\n                <input type=\"hidden\" id=\"erform_submission_nonce\" name=\"erform_submission_nonce\" value=\"c4858f3d89\" \/><input type=\"hidden\" name=\"_wp_http_referer\" value=\"\/index.php\/wp-json\/wp\/v2\/pages\/40582\" \/>                <input type=\"hidden\" name=\"action\" value=\"erf_submit_form\" \/>\n\n            <\/form>\n            \n<\/div>\n\t\t\t\t\t\t\t\t<\/div>\n\t\t\t\t<\/div>\n\t\t\t\t\t<\/div>\n\t\t<\/div>\n\t\t\t\t\t<\/div>\n\t\t<\/section>\n\t\t\t\t<\/div>\n\t\t","protected":false},"excerpt":{"rendered":"<p>K\u00e9rj\u00fck, hogy az al\u00e1bbi \u0171rlapon kiz\u00e1r\u00f3lag a val\u00f3s\u00e1gnak megfelel\u0151 adatokat legyen sz\u00edves megadni! K\u00f6sz\u00f6nj\u00fck!<\/p>\n","protected":false},"author":4,"featured_media":0,"parent":0,"menu_order":0,"comment_status":"closed","ping_status":"closed","template":"","meta":{"footnotes":""},"class_list":["post-40582","page","type-page","status-publish","hentry"],"_links":{"self":[{"href":"\/index.php\/wp-json\/wp\/v2\/pages\/40582","targetHints":{"allow":["GET"]}}],"collection":[{"href":"\/index.php\/wp-json\/wp\/v2\/pages"}],"about":[{"href":"\/index.php\/wp-json\/wp\/v2\/types\/page"}],"author":[{"embeddable":true,"href":"\/index.php\/wp-json\/wp\/v2\/users\/4"}],"replies":[{"embeddable":true,"href":"\/index.php\/wp-json\/wp\/v2\/comments?post=40582"}],"version-history":[{"count":13,"href":"\/index.php\/wp-json\/wp\/v2\/pages\/40582\/revisions"}],"predecessor-version":[{"id":50190,"href":"\/index.php\/wp-json\/wp\/v2\/pages\/40582\/revisions\/50190"}],"wp:attachment":[{"href":"\/index.php\/wp-json\/wp\/v2\/media?parent=40582"}],"curies":[{"name":"wp","href":"https:\/\/api.w.org\/{rel}","templated":true}]}}