{"id":40473,"date":"2024-06-11T22:50:28","date_gmt":"2024-06-11T21:50:28","guid":{"rendered":"\/?page_id=40473"},"modified":"2026-04-19T22:38:02","modified_gmt":"2026-04-19T21:38:02","slug":"2025-2026-tanevi-tankonyvrendelo-9-evfolyam-kereskedo-es-webaruhazi-technikus","status":"publish","type":"page","link":"\/index.php\/2025-2026-tanevi-tankonyvrendelo-9-evfolyam-kereskedo-es-webaruhazi-technikus\/","title":{"rendered":"2025\/2026. tan\u00e9vi tank\u00f6nyvrendel\u0151 \u2013 9. \u00e9vfolyam \u2013 Keresked\u0151 \u00e9s web\u00e1ruh\u00e1zi technikus"},"content":{"rendered":"\t\t<div data-elementor-type=\"wp-page\" data-elementor-id=\"40473\" class=\"elementor elementor-40473\" data-elementor-post-type=\"page\">\n\t\t\t\t\t\t<section class=\"elementor-section elementor-top-section elementor-element elementor-element-48059c6 elementor-section-boxed elementor-section-height-default elementor-section-height-default\" data-id=\"48059c6\" data-element_type=\"section\" data-e-type=\"section\">\n\t\t\t\t\t\t<div class=\"elementor-container elementor-column-gap-default\">\n\t\t\t\t\t<div class=\"elementor-column elementor-col-100 elementor-top-column elementor-element elementor-element-ef2895f\" data-id=\"ef2895f\" data-element_type=\"column\" data-e-type=\"column\">\n\t\t\t<div class=\"elementor-widget-wrap elementor-element-populated\">\n\t\t\t\t\t\t<div class=\"elementor-element elementor-element-9baa59e elementor-widget elementor-widget-spacer\" data-id=\"9baa59e\" data-element_type=\"widget\" data-e-type=\"widget\" data-widget_type=\"spacer.default\">\n\t\t\t\t<div class=\"elementor-widget-container\">\n\t\t\t\t\t\t\t<div class=\"elementor-spacer\">\n\t\t\t<div class=\"elementor-spacer-inner\"><\/div>\n\t\t<\/div>\n\t\t\t\t\t\t<\/div>\n\t\t\t\t<\/div>\n\t\t\t\t\t<\/div>\n\t\t<\/div>\n\t\t\t\t\t<\/div>\n\t\t<\/section>\n\t\t\t\t<section class=\"elementor-section elementor-top-section elementor-element elementor-element-dbb5ef6 elementor-section-boxed elementor-section-height-default elementor-section-height-default\" data-id=\"dbb5ef6\" data-element_type=\"section\" data-e-type=\"section\">\n\t\t\t\t\t\t<div class=\"elementor-container elementor-column-gap-default\">\n\t\t\t\t\t<div class=\"elementor-column elementor-col-100 elementor-top-column elementor-element elementor-element-48f7701\" data-id=\"48f7701\" data-element_type=\"column\" data-e-type=\"column\">\n\t\t\t<div class=\"elementor-widget-wrap elementor-element-populated\">\n\t\t\t\t\t\t<div class=\"elementor-element elementor-element-3253220 elementor-widget elementor-widget-heading\" data-id=\"3253220\" data-element_type=\"widget\" data-e-type=\"widget\" data-widget_type=\"heading.default\">\n\t\t\t\t<div class=\"elementor-widget-container\">\n\t\t\t\t\t<h2 class=\"elementor-heading-title elementor-size-default\"><section data-id=\"bead540\" data-element_type=\"section\" style=\", sans-serif;font-size: 15px;white-space: normal\"><div><div style=\"width: 629.983px\"><div data-id=\"f9abd1f\" data-element_type=\"column\" style=\"width: 629.983px\"><div style=\"width: 629.983px\"><div style=\"width: 609.983px\"><div data-id=\"1649d62\" data-element_type=\"widget\" data-widget_type=\"heading.default\" style=\"width: 609.983px;text-align: center\"><div><h5 style=\"font-family: Alegreya, sans-serif\">K\u00e9rj\u00fck, hogy az al\u00e1bbi \u0171rlapon kiz\u00e1r\u00f3lag a val\u00f3s\u00e1gnak megfelel\u0151 adatokat legyen sz\u00edves megadni!<\/h5><\/div><\/div><\/div><\/div><\/div><\/div><\/div><\/section><\/h2>\t\t\t\t<\/div>\n\t\t\t\t<\/div>\n\t\t\t\t\t<\/div>\n\t\t<\/div>\n\t\t\t\t\t<\/div>\n\t\t<\/section>\n\t\t\t\t<section class=\"elementor-section elementor-top-section elementor-element elementor-element-2680f5d elementor-section-boxed elementor-section-height-default elementor-section-height-default\" data-id=\"2680f5d\" data-element_type=\"section\" data-e-type=\"section\">\n\t\t\t\t\t\t<div class=\"elementor-container elementor-column-gap-default\">\n\t\t\t\t\t<div class=\"elementor-column elementor-col-100 elementor-top-column elementor-element elementor-element-03bdd02\" data-id=\"03bdd02\" data-element_type=\"column\" data-e-type=\"column\">\n\t\t\t<div class=\"elementor-widget-wrap elementor-element-populated\">\n\t\t\t\t\t\t<div class=\"elementor-element elementor-element-63d3c97 elementor-widget elementor-widget-heading\" data-id=\"63d3c97\" data-element_type=\"widget\" data-e-type=\"widget\" data-widget_type=\"heading.default\">\n\t\t\t\t<div class=\"elementor-widget-container\">\n\t\t\t\t\t<h2 class=\"elementor-heading-title elementor-size-default\"><section data-id=\"d322742\" data-element_type=\"section\" style=\", sans-serif;font-size: 15px;white-space: normal\"><div><div style=\"width: 629.983px\"><div data-id=\"8c25c10\" data-element_type=\"column\" style=\"width: 629.983px\"><div style=\"width: 629.983px\"><div style=\"width: 609.983px\"><div data-id=\"65d9c89\" data-element_type=\"widget\" data-widget_type=\"heading.default\" style=\"width: 609.983px;text-align: center\"><div><h5 style=\"font-family: Alegreya, sans-serif\">K\u00f6sz\u00f6nj\u00fck!<\/h5><\/div><\/div><\/div><\/div><\/div><\/div><\/div><\/section><\/h2>\t\t\t\t<\/div>\n\t\t\t\t<\/div>\n\t\t\t\t\t<\/div>\n\t\t<\/div>\n\t\t\t\t\t<\/div>\n\t\t<\/section>\n\t\t\t\t<\/div>\n\t\t","protected":false},"excerpt":{"rendered":"<p>K\u00e9rj\u00fck, hogy az al\u00e1bbi \u0171rlapon kiz\u00e1r\u00f3lag a val\u00f3s\u00e1gnak megfelel\u0151 adatokat legyen sz\u00edves megadni! K\u00f6sz\u00f6nj\u00fck!<\/p>\n","protected":false},"author":4,"featured_media":0,"parent":0,"menu_order":0,"comment_status":"closed","ping_status":"closed","template":"","meta":{"footnotes":""},"class_list":["post-40473","page","type-page","status-publish","hentry"],"_links":{"self":[{"href":"\/index.php\/wp-json\/wp\/v2\/pages\/40473","targetHints":{"allow":["GET"]}}],"collection":[{"href":"\/index.php\/wp-json\/wp\/v2\/pages"}],"about":[{"href":"\/index.php\/wp-json\/wp\/v2\/types\/page"}],"author":[{"embeddable":true,"href":"\/index.php\/wp-json\/wp\/v2\/users\/4"}],"replies":[{"embeddable":true,"href":"\/index.php\/wp-json\/wp\/v2\/comments?post=40473"}],"version-history":[{"count":14,"href":"\/index.php\/wp-json\/wp\/v2\/pages\/40473\/revisions"}],"predecessor-version":[{"id":57575,"href":"\/index.php\/wp-json\/wp\/v2\/pages\/40473\/revisions\/57575"}],"wp:attachment":[{"href":"\/index.php\/wp-json\/wp\/v2\/media?parent=40473"}],"curies":[{"name":"wp","href":"https:\/\/api.w.org\/{rel}","templated":true}]}}