{"id":397,"date":"2020-04-15T14:08:04","date_gmt":"2020-04-15T13:08:04","guid":{"rendered":"\/?page_id=397"},"modified":"2025-09-11T20:41:56","modified_gmt":"2025-09-11T19:41:56","slug":"vendeglatoipar-gyakorlat-munkakozosseg","status":"publish","type":"page","link":"\/index.php\/vendeglatoipar-gyakorlat-munkakozosseg\/","title":{"rendered":"Vend\u00e9gl\u00e1t\u00f3ipar (gyakorlat) munkak\u00f6z\u00f6ss\u00e9g"},"content":{"rendered":"\t\t<div data-elementor-type=\"wp-page\" data-elementor-id=\"397\" class=\"elementor elementor-397\" data-elementor-post-type=\"page\">\n\t\t\t\t\t\t<section class=\"elementor-section elementor-top-section elementor-element elementor-element-058a0bc elementor-section-boxed elementor-section-height-default elementor-section-height-default\" data-id=\"058a0bc\" data-element_type=\"section\" data-e-type=\"section\">\n\t\t\t\t\t\t<div class=\"elementor-container elementor-column-gap-default\">\n\t\t\t\t\t<div class=\"elementor-column elementor-col-100 elementor-top-column elementor-element elementor-element-f19887e\" data-id=\"f19887e\" data-element_type=\"column\" data-e-type=\"column\">\n\t\t\t<div class=\"elementor-widget-wrap elementor-element-populated\">\n\t\t\t\t\t\t<div class=\"elementor-element elementor-element-e108b82 elementor-widget elementor-widget-text-editor\" data-id=\"e108b82\" data-element_type=\"widget\" data-e-type=\"widget\" data-widget_type=\"text-editor.default\">\n\t\t\t\t<div class=\"elementor-widget-container\">\n\t\t\t\t\t\t\t\t\t<p class=\"has-text-align-center\" style=\"box-sizing: border-box; margin: 10px 0px; padding: 0px; outline: none; font-size: 18px; line-height: normal; font-weight: 400; text-align: justify; color: #003b43; font-family: Alegreya; font-style: normal; font-variant-ligatures: normal; font-variant-caps: normal; letter-spacing: normal; orphans: 2; text-indent: 0px; text-transform: none; white-space: normal; widows: 2; word-spacing: 0px; -webkit-text-stroke-width: 0px; background-color: #ffffff; text-decoration-style: initial; text-decoration-color: initial;\">\u00a0<strong style=\"box-sizing: border-box; margin: 0px; padding: 0px; outline: none; font-weight: bolder;\">Tisztelt L\u00e1togat\u00f3!<\/strong><\/p>\t\t\t\t\t\t\t\t<\/div>\n\t\t\t\t<\/div>\n\t\t\t\t\t<\/div>\n\t\t<\/div>\n\t\t\t\t\t<\/div>\n\t\t<\/section>\n\t\t\t\t<section class=\"elementor-section elementor-top-section elementor-element elementor-element-722673e elementor-section-boxed elementor-section-height-default elementor-section-height-default\" data-id=\"722673e\" data-element_type=\"section\" data-e-type=\"section\">\n\t\t\t\t\t\t<div class=\"elementor-container elementor-column-gap-default\">\n\t\t\t\t\t<div class=\"elementor-column elementor-col-100 elementor-top-column elementor-element elementor-element-9b81ef1\" data-id=\"9b81ef1\" data-element_type=\"column\" data-e-type=\"column\">\n\t\t\t<div class=\"elementor-widget-wrap elementor-element-populated\">\n\t\t\t\t\t\t<div class=\"elementor-element elementor-element-4f8ccb4 elementor-widget elementor-widget-text-editor\" data-id=\"4f8ccb4\" data-element_type=\"widget\" data-e-type=\"widget\" data-widget_type=\"text-editor.default\">\n\t\t\t\t<div class=\"elementor-widget-container\">\n\t\t\t\t\t\t\t\t\t<p class=\"has-text-align-center\"><em>&#8222;Vend\u00e9g\u00fcl l\u00e1tni valakit\u00a0annyi, mint felel\u0151ss\u00e9get v\u00e1llalni j\u00f3l\u00e9t\u00e9r\u0151l mindaddig, am\u00edg fedel\u00fcnk alatt marad&#8221;<\/em><\/p>\n<p class=\"has-text-align-right\">\/Brillant-Savarin\/<\/p>\t\t\t\t\t\t\t\t<\/div>\n\t\t\t\t<\/div>\n\t\t\t\t\t<\/div>\n\t\t<\/div>\n\t\t\t\t\t<\/div>\n\t\t<\/section>\n\t\t\t\t<section class=\"elementor-section elementor-top-section elementor-element elementor-element-25a2c7e elementor-section-boxed elementor-section-height-default elementor-section-height-default\" data-id=\"25a2c7e\" data-element_type=\"section\" data-e-type=\"section\">\n\t\t\t\t\t\t<div class=\"elementor-container elementor-column-gap-default\">\n\t\t\t\t\t<div class=\"elementor-column elementor-col-100 elementor-top-column elementor-element elementor-element-932667f\" data-id=\"932667f\" data-element_type=\"column\" data-e-type=\"column\">\n\t\t\t<div class=\"elementor-widget-wrap elementor-element-populated\">\n\t\t\t\t\t\t<div class=\"elementor-element elementor-element-7a93fd9 elementor-widget elementor-widget-text-editor\" data-id=\"7a93fd9\" data-element_type=\"widget\" data-e-type=\"widget\" data-widget_type=\"text-editor.default\">\n\t\t\t\t<div class=\"elementor-widget-container\">\n\t\t\t\t\t\t\t\t\t<p style=\"box-sizing: border-box; margin: 10px 0px; padding: 0px; outline: none; font-size: 18px; line-height: normal; font-weight: 400; text-align: justify; color: #003b43; font-family: Alegreya; font-style: normal; font-variant-ligatures: normal; font-variant-caps: normal; letter-spacing: normal; orphans: 2; text-indent: 0px; text-transform: none; white-space: normal; widows: 2; word-spacing: 0px; -webkit-text-stroke-width: 0px; background-color: #ffffff; text-decoration-style: initial; text-decoration-color: initial;\">Munkak\u00f6z\u00f6ss\u00e9g\u00fcnk t\u00f6bb mint harminc \u00e9ve m\u0171k\u00f6dik a vend\u00e9gl\u00e1t\u00f3 szakmacsoportba tartoz\u00f3 szakk\u00e9pes\u00edt\u00e9sek biztos b\u00e1zisak\u00e9nt. \u00a0El\u0151deink \u00e9s jelenlegi koll\u00e9g\u00e1ink hatalmas tud\u00e1st, szakmai tapasztalatot halmoztak fel. Ezt a meg\u00fajul\u00f3 \u00e9s gazdagod\u00f3 ismerett\u00e1rat k\u00edn\u00e1ljuk hasznos\u00edt\u00e1sra tanul\u00f3ink kompetenci\u00e1inak fejleszt\u00e9s\u00e9hez.<\/p>\t\t\t\t\t\t\t\t<\/div>\n\t\t\t\t<\/div>\n\t\t\t\t\t<\/div>\n\t\t<\/div>\n\t\t\t\t\t<\/div>\n\t\t<\/section>\n\t\t\t\t<section class=\"elementor-section elementor-top-section elementor-element elementor-element-55c57f7 elementor-section-boxed elementor-section-height-default elementor-section-height-default\" data-id=\"55c57f7\" data-element_type=\"section\" data-e-type=\"section\">\n\t\t\t\t\t\t<div class=\"elementor-container elementor-column-gap-default\">\n\t\t\t\t\t<div class=\"elementor-column elementor-col-100 elementor-top-column elementor-element elementor-element-edff3df\" data-id=\"edff3df\" data-element_type=\"column\" data-e-type=\"column\">\n\t\t\t<div class=\"elementor-widget-wrap elementor-element-populated\">\n\t\t\t\t\t\t<div class=\"elementor-element elementor-element-2168fd3 elementor-widget elementor-widget-text-editor\" data-id=\"2168fd3\" data-element_type=\"widget\" data-e-type=\"widget\" data-widget_type=\"text-editor.default\">\n\t\t\t\t<div class=\"elementor-widget-container\">\n\t\t\t\t\t\t\t\t\t<p><span style=\"font-weight: bolder;\">Munkak\u00f6z\u00f6ss\u00e9g\u00fcnk tagjai:<\/span><\/p><p>\u00a0<\/p><p class=\"MsoNormal\"><b>Moka Ilona Ildik\u00f3<\/b><\/p><p class=\"MsoNormal\" style=\"padding-left: 40px;\">munkak\u00f6z\u00f6ss\u00e9g-vezet\u0151<\/p><p class=\"MsoNormal\" style=\"padding-left: 40px;\">szak\u00e1csmester<\/p><p style=\"padding-left: 40px;\">szakoktat\u00f3<\/p><p class=\"MsoNormal\"><b>Balog Katalin<\/b><\/p><p class=\"MsoNormal\" style=\"padding-left: 40px;\">szak\u00e1csmester<\/p><p style=\"padding-left: 40px;\">szakoktat\u00f3<\/p><p class=\"MsoNormal\"><b>Csete Erzs\u00e9bet<\/b><\/p><p class=\"MsoNormal\" style=\"padding-left: 40px;\">szak\u00e1csmester<\/p><p class=\"MsoNormal\"><b>Fazekas Erika<\/b><\/p><p class=\"MsoNormal\" style=\"padding-left: 40px;\">\u00fczleti szakoktat\u00f3 vend\u00e9gl\u00e1t\u00f3 szakir\u00e1nyon<\/p><p class=\"MsoNormal\"><b>Gecsei Tam\u00e1sn\u00e9<\/b><\/p><p class=\"MsoNormal\" style=\"padding-left: 40px;\">mestercukr\u00e1sz<\/p><p class=\"MsoNormal\" style=\"padding-left: 40px;\">pedag\u00f3giai alapszakos b\u00f6lcs\u00e9sz<\/p><p class=\"MsoNormal\"><b>Gr\u00f3szn\u00e9 Heged\u0171s Ibolya<\/b><\/p><p class=\"MsoNormal\" style=\"padding-left: 40px;\">vend\u00e9gl\u00e1t\u00f3 szakoktat\u00f3<\/p><p class=\"MsoNormal\"><b>Hanyecz Ern\u0151 Antaln\u00e9<\/b><\/p><p class=\"MsoNormal\" style=\"padding-left: 40px;\">gy\u00f3gypedag\u00f3giai asszisztens<\/p><p class=\"MsoNormal\" style=\"padding-left: 40px;\">\u00e9lelmiszer \u00e9s vend\u00e9gl\u00e1t\u00f3ipari elad\u00f3, szak\u00e1cs<\/p><p class=\"MsoNormal\"><b>H\u00f3dos Kriszti\u00e1n<\/b><\/p><p class=\"MsoNormal\" style=\"padding-left: 40px;\">szak\u00e1csmester<\/p><p class=\"MsoNormal\" style=\"padding-left: 40px;\">pedag\u00f3gia szakos nevel\u0151<\/p><p class=\"MsoNormal\" style=\"padding-left: 40px;\">szakvizsg\u00e1zott pedag\u00f3gus, k\u00f6zoktat\u00e1si vezet\u0151<\/p><p class=\"MsoNormal\"><b>Horv\u00e1th Ferenc<\/b><\/p><p class=\"MsoNormal\" style=\"padding-left: 40px;\">nevel\u0151tan\u00e1r<\/p><p class=\"MsoNormal\" style=\"padding-left: 40px;\">mesterszak\u00e1cs (olimpikon)<\/p><p class=\"MsoNormal\"><b>Kov\u00e1cs S\u00e1ndor<\/b><\/p><p class=\"MsoNormal\" style=\"padding-left: 40px;\">\u00e9lelmiszeripari menedzser<\/p><p class=\"MsoNormal\" style=\"padding-left: 40px;\">\u00e9lelmiszertechnol\u00f3gus m\u00e9rn\u00f6k<\/p><p class=\"MsoNormal\" style=\"padding-left: 40px;\">m\u00e9rn\u00f6k tan\u00e1r<\/p><p class=\"MsoNormal\"><b>Lipcsei L\u00e1szl\u00f3 Istv\u00e1n<\/b><\/p><p class=\"MsoNormal\" style=\"padding-left: 40px;\">cukr\u00e1szmester<\/p><p class=\"MsoNormal\"><b>Rau Tam\u00e1s<\/b><\/p><p style=\"padding-left: 40px;\">\u00fczleti szakoktat\u00f3 vend\u00e9gl\u00e1t\u00f3 szakir\u00e1nyon<\/p><p class=\"MsoNormal\" style=\"padding-left: 40px;\">pinc\u00e9rmester<\/p><p class=\"MsoNormal\"><b>Szamosi M\u00e1rk<\/b><\/p><p class=\"MsoNormal\" style=\"padding-left: 40px;\">p\u00e9k-cukr\u00e1sz<\/p><p class=\"MsoNormal\"><b>Szigetv\u00e1ri P\u00e9ter Bal\u00e1zs<\/b><\/p><p class=\"MsoNormal\" style=\"padding-left: 40px;\">szak\u00e1csmester<\/p>\t\t\t\t\t\t\t\t<\/div>\n\t\t\t\t<\/div>\n\t\t\t\t\t<\/div>\n\t\t<\/div>\n\t\t\t\t\t<\/div>\n\t\t<\/section>\n\t\t\t\t<\/div>\n\t\t","protected":false},"excerpt":{"rendered":"<p>\u00a0Tisztelt L\u00e1togat\u00f3! &#8222;Vend\u00e9g\u00fcl l\u00e1tni valakit\u00a0annyi, mint felel\u0151ss\u00e9get v\u00e1llalni j\u00f3l\u00e9t\u00e9r\u0151l mindaddig, am\u00edg fedel\u00fcnk alatt marad&#8221; \/Brillant-Savarin\/ Munkak\u00f6z\u00f6ss\u00e9g\u00fcnk t\u00f6bb mint harminc \u00e9ve m\u0171k\u00f6dik a vend\u00e9gl\u00e1t\u00f3 szakmacsoportba tartoz\u00f3 szakk\u00e9pes\u00edt\u00e9sek biztos b\u00e1zisak\u00e9nt. \u00a0El\u0151deink \u00e9s jelenlegi koll\u00e9g\u00e1ink hatalmas tud\u00e1st, szakmai tapasztalatot halmoztak fel. Ezt a meg\u00fajul\u00f3 \u00e9s gazdagod\u00f3 ismerett\u00e1rat k\u00edn\u00e1ljuk hasznos\u00edt\u00e1sra tanul\u00f3ink kompetenci\u00e1inak fejleszt\u00e9s\u00e9hez. Munkak\u00f6z\u00f6ss\u00e9g\u00fcnk tagjai: \u00a0 Moka Ilona Ildik\u00f3 [&hellip;]<\/p>\n","protected":false},"author":4,"featured_media":0,"parent":0,"menu_order":0,"comment_status":"closed","ping_status":"closed","template":"","meta":{"footnotes":""},"class_list":["post-397","page","type-page","status-publish","hentry"],"_links":{"self":[{"href":"\/index.php\/wp-json\/wp\/v2\/pages\/397","targetHints":{"allow":["GET"]}}],"collection":[{"href":"\/index.php\/wp-json\/wp\/v2\/pages"}],"about":[{"href":"\/index.php\/wp-json\/wp\/v2\/types\/page"}],"author":[{"embeddable":true,"href":"\/index.php\/wp-json\/wp\/v2\/users\/4"}],"replies":[{"embeddable":true,"href":"\/index.php\/wp-json\/wp\/v2\/comments?post=397"}],"version-history":[{"count":78,"href":"\/index.php\/wp-json\/wp\/v2\/pages\/397\/revisions"}],"predecessor-version":[{"id":54084,"href":"\/index.php\/wp-json\/wp\/v2\/pages\/397\/revisions\/54084"}],"wp:attachment":[{"href":"\/index.php\/wp-json\/wp\/v2\/media?parent=397"}],"curies":[{"name":"wp","href":"https:\/\/api.w.org\/{rel}","templated":true}]}}