{"id":385,"date":"2020-04-15T13:48:23","date_gmt":"2020-04-15T12:48:23","guid":{"rendered":"\/?page_id=385"},"modified":"2025-09-12T10:33:05","modified_gmt":"2025-09-12T09:33:05","slug":"kereskedelmi-munkakozosseg","status":"publish","type":"page","link":"\/index.php\/kereskedelmi-munkakozosseg\/","title":{"rendered":"Kereskedelmi munkak\u00f6z\u00f6ss\u00e9g"},"content":{"rendered":"\t\t<div data-elementor-type=\"wp-page\" data-elementor-id=\"385\" class=\"elementor elementor-385\" data-elementor-post-type=\"page\">\n\t\t\t\t\t\t<section class=\"elementor-section elementor-top-section elementor-element elementor-element-0e5f683 elementor-section-boxed elementor-section-height-default elementor-section-height-default\" data-id=\"0e5f683\" data-element_type=\"section\" data-e-type=\"section\">\n\t\t\t\t\t\t<div class=\"elementor-container elementor-column-gap-default\">\n\t\t\t\t\t<div class=\"elementor-column elementor-col-100 elementor-top-column elementor-element elementor-element-53353d2\" data-id=\"53353d2\" data-element_type=\"column\" data-e-type=\"column\">\n\t\t\t<div class=\"elementor-widget-wrap elementor-element-populated\">\n\t\t\t\t\t\t<div class=\"elementor-element elementor-element-31992cd elementor-widget elementor-widget-text-editor\" data-id=\"31992cd\" data-element_type=\"widget\" data-e-type=\"widget\" data-widget_type=\"text-editor.default\">\n\t\t\t\t<div class=\"elementor-widget-container\">\n\t\t\t\t\t\t\t\t\t<p><span style=\"color: #000000;\"><strong>A munkak\u00f6z\u00f6ss\u00e9g c\u00e9lkit\u0171z\u00e9sei:<\/strong><\/span><\/p><ul style=\"margin-top: 0cm;\" type=\"disc\"><li class=\"MsoNormal\"><span style=\"color: #000000;\">Megb\u00edzhat\u00f3, biztos szakmai tud\u00e1ssal rendelkez\u0151, meg\u00fajul\u00e1s ir\u00e1nt \u00e9rdekl\u0151d\u0151, marketing szeml\u00e9let\u0171, j\u00f3 szakemberek k\u00e9pz\u00e9se.<\/span><\/li><li class=\"MsoNormal\"><span style=\"color: #000000;\">Oktat\u00f3-nevel\u0151 munka hat\u00e9konys\u00e1g\u00e1nak n\u00f6vel\u00e9se, a modul\u00e1ris k\u00e9pz\u00e9s be\u00e9p\u00edt\u00e9se az oktat\u00e1sba \/projektm\u00f3dszer, kooperat\u00edv tanul\u00e1s, IKT eszk\u00f6z\u00f6k haszn\u00e1lata\/.<\/span><\/li><li class=\"MsoNormal\"><span style=\"color: #000000;\">P\u00e1ly\u00e1zatokon val\u00f3 akt\u00edv r\u00e9szv\u00e9tel \/tanul\u00f3k, tan\u00e1rok k\u00fclf\u00f6ldi mobilit\u00e1s p\u00e1ly\u00e1zata\/.<\/span><\/li><li class=\"MsoNormal\"><span style=\"color: #000000;\">Iskol\u00e1nk n\u00e9pszer\u0171s\u00edt\u00e9se a ny\u00edlt napokon, p\u00e1lyav\u00e1laszt\u00e1si rendezv\u00e9nyeken, \u00e1ltal\u00e1nos iskol\u00e1k \u00e1ltal rendezett sz\u00fcl\u0151i \u00e9rtekezleteken.<\/span><\/li><li class=\"MsoNormal\"><span style=\"color: #000000;\">Tehets\u00e9ggondoz\u00e1s, sikeres szerepl\u00e9s a k\u00fcl\u00f6nb\u00f6z\u0151 tanulm\u00e1nyi versenyeken \/SZ\u00c9TV, SZKTV, OSZTV\/.<\/span><\/li><li class=\"MsoNormal\"><span style=\"color: #000000;\">Buk\u00e1sok sz\u00e1m\u00e1nak cs\u00f6kkent\u00e9se a minim\u00e1lis szakmai szint megk\u00f6vetel\u00e9se mellett.<\/span><\/li><li class=\"MsoNormal\"><span style=\"color: #000000;\">A kereskedelmet \u00e9rint\u0151 szab\u00e1lyok folyamatos k\u00f6vet\u00e9se.<\/span><\/li><li class=\"MsoNormal\"><span style=\"color: #000000;\">Naprak\u00e9sz szakmai ismeretek \u00e1tad\u00e1sa a tanul\u00f3knak, szakmai bemutat\u00f3k, ki\u00e1ll\u00edt\u00e1sok l\u00e1togat\u00e1sa \/HOVENTA, BNV\/.<\/span><\/li><li class=\"MsoNormal\"><span style=\"color: #000000;\">Hagyom\u00e1ny\u00e1pol\u00e1s, BOLTM\u00daZEUM m\u0171k\u00f6dtet\u00e9se.<\/span><\/li><li class=\"MsoNormal\"><span style=\"color: #000000;\">A szakma megszerettet\u00e9se.<\/span><\/li><li class=\"MsoNormal\"><span style=\"color: #000000;\">P\u00e9ldak\u00e9p \u00e1ll\u00edt\u00e1sa a tanul\u00f3k el\u00e9.<\/span><\/li><li class=\"MsoNormal\"><span style=\"color: #000000;\">Kapcsolattart\u00e1s a sz\u00fcl\u0151kkel, gyakorlati k\u00e9pz\u0151helyekkel, Kereskedelmi \u00e9s Iparkamar\u00e1val.<\/span><\/li><\/ul><p class=\"MsoNormal\"><span style=\"color: #000000;\"><b>Amit biztos\u00edtani tudunk:<\/b><\/span><\/p><ul style=\"margin-top: 0cm;\" type=\"disc\"><li class=\"MsoNormal\"><span style=\"color: #000000;\">j\u00f3l felszerelt tanbolt,<\/span><\/li><li class=\"MsoNormal\"><span style=\"color: #000000;\">szakmai, tanulm\u00e1nyi versenyeken val\u00f3 megm\u00e9rettet\u00e9s,<\/span><\/li><li class=\"MsoNormal\"><span style=\"color: #000000;\">elismert gyakorlati k\u00e9pz\u0151helyek,<\/span><\/li><li class=\"MsoNormal\"><span style=\"color: #000000;\">j\u00f3l felk\u00e9sz\u00fclt, magas szakmai tud\u00e1ssal rendelkez\u0151 tan\u00e1rok, szakoktat\u00f3k<\/span><\/li><\/ul>\t\t\t\t\t\t\t\t<\/div>\n\t\t\t\t<\/div>\n\t\t\t\t\t<\/div>\n\t\t<\/div>\n\t\t\t\t\t<\/div>\n\t\t<\/section>\n\t\t\t\t<section class=\"elementor-section elementor-top-section elementor-element elementor-element-bf29eaa elementor-section-boxed elementor-section-height-default elementor-section-height-default\" data-id=\"bf29eaa\" data-element_type=\"section\" data-e-type=\"section\">\n\t\t\t\t\t\t<div class=\"elementor-container elementor-column-gap-default\">\n\t\t\t\t\t<div class=\"elementor-column elementor-col-100 elementor-top-column elementor-element elementor-element-30ffbe8\" data-id=\"30ffbe8\" data-element_type=\"column\" data-e-type=\"column\">\n\t\t\t<div class=\"elementor-widget-wrap\">\n\t\t\t\t\t\t\t<\/div>\n\t\t<\/div>\n\t\t\t\t\t<\/div>\n\t\t<\/section>\n\t\t\t\t<section class=\"elementor-section elementor-top-section elementor-element elementor-element-52fd817 elementor-section-boxed elementor-section-height-default elementor-section-height-default\" data-id=\"52fd817\" data-element_type=\"section\" data-e-type=\"section\">\n\t\t\t\t\t\t<div class=\"elementor-container elementor-column-gap-default\">\n\t\t\t\t\t<div class=\"elementor-column elementor-col-100 elementor-top-column elementor-element elementor-element-76f3d6b\" data-id=\"76f3d6b\" data-element_type=\"column\" data-e-type=\"column\">\n\t\t\t<div class=\"elementor-widget-wrap elementor-element-populated\">\n\t\t\t\t\t\t<div class=\"elementor-element elementor-element-29f92e1 elementor-widget elementor-widget-text-editor\" data-id=\"29f92e1\" data-element_type=\"widget\" data-e-type=\"widget\" data-widget_type=\"text-editor.default\">\n\t\t\t\t<div class=\"elementor-widget-container\">\n\t\t\t\t\t\t\t\t\t<p><strong>Munkak\u00f6z\u00f6ss\u00e9g\u00fcnk tagjai:\t\t\t\t\t\t\t\t<\/div>\n\t\t\t\t<\/div>\n\t\t\t\t\t<\/div>\n\t\t<\/div>\n\t\t\t\t\t<\/div>\n\t\t<\/section>\n\t\t\t\t<section class=\"elementor-section elementor-top-section elementor-element elementor-element-d665cf3 elementor-section-boxed elementor-section-height-default elementor-section-height-default\" data-id=\"d665cf3\" data-element_type=\"section\" data-e-type=\"section\">\n\t\t\t\t\t\t<div class=\"elementor-container elementor-column-gap-default\">\n\t\t\t\t\t<div class=\"elementor-column elementor-col-100 elementor-top-column elementor-element elementor-element-b920fb9\" data-id=\"b920fb9\" data-element_type=\"column\" data-e-type=\"column\">\n\t\t\t<div class=\"elementor-widget-wrap elementor-element-populated\">\n\t\t\t\t\t\t<div class=\"elementor-element elementor-element-e0e4bad elementor-widget elementor-widget-text-editor\" data-id=\"e0e4bad\" data-element_type=\"widget\" data-e-type=\"widget\" data-widget_type=\"text-editor.default\">\n\t\t\t\t<div class=\"elementor-widget-container\">\n\t\t\t\t\t\t\t\t\t<p><strong>Csap\u00f3 \u00c1gnes<\/strong><\/p><p style=\"padding-left: 40px;\">munkak\u00f6z\u00f6ss\u00e9g-vezet\u0151<\/p><p style=\"padding-left: 40px;\">k\u00f6zgazd\u00e1sz tan\u00e1r kereskedelem-marketing szakon<\/p><p style=\"padding-left: 40px;\">k\u00f6zgazd\u00e1sz gazd\u00e1lkod\u00e1si szakon (marketing szakir\u00e1ny)<\/p><p style=\"padding-left: 40px;\">szakvizsg\u00e1zott pedag\u00f3gus, k\u00f6zoktat\u00e1si vezet\u0151<\/p><p style=\"padding-left: 40px;\">k\u00fclkereskedelmi \u00fcgyint\u00e9z\u0151<\/p><p><strong>Aradszki Zolt\u00e1n<\/strong><\/p><p style=\"padding-left: 40px;\">gazdas\u00e1ginformatikus<\/p><p style=\"padding-left: 40px;\">szem\u00e9ly\u00fcgyi szervez\u0151<\/p><p style=\"padding-left: 40px;\">k\u00fclkereskedelmi \u00fczletk\u00f6t\u0151<\/p><p><strong>Eke Ibolya M\u00e1ria<\/strong><\/p><p style=\"padding-left: 40px;\">okleveles k\u00f6zgazd\u00e1sz tan\u00e1r<\/p><p style=\"padding-left: 40px;\">okleveles marketing szakk\u00f6zgazd\u00e1sz<\/p><p style=\"padding-left: 40px;\">szakvizsg\u00e1zott pedag\u00f3gus, k\u00f6zoktat\u00e1si vezet\u0151<\/p><p><strong>Heged\u0171s Krisztina M\u00e1ria<\/strong><\/p><p style=\"padding-left: 40px;\">k\u00fclgazdas\u00e1gi szakos k\u00f6zgazd\u00e1sz<\/p><p style=\"padding-left: 40px;\">okleveles k\u00f6zgazd\u00e1sz nemzetk\u00f6zi gazdas\u00e1g \u00e9s gazd\u00e1lkod\u00e1s szakos<\/p><p style=\"padding-left: 40px;\">okleveles k\u00f6zgazd\u00e1sztan\u00e1r<\/p><p><strong>Hevesi Krisztina Gy\u00f6ngyi<\/strong><\/p><p style=\"padding-left: 40px;\">rajz szakos tan\u00e1r<\/p><p style=\"padding-left: 40px;\">okleveles rajz- \u00e9s vizu\u00e1liskult\u00fara tan\u00e1r<\/p><p style=\"padding-left: 40px;\">lakberendez\u0151<\/p><p style=\"padding-left: 40px;\">boltvezet\u0151<\/p><p><strong>Horv\u00e1th-Gazs\u00f3 Adrienn<\/strong><\/p><p style=\"padding-left: 40px;\">okleveles rajz- \u00e9s vizu\u00e1liskult\u00fara tan\u00e1r<\/p><p style=\"padding-left: 40px;\">rajz szakos tan\u00e1r m\u0171vel\u0151d\u00e9sszervez\u0151 kultur\u00e1lis menedzser szakir\u00e1ny<\/p><p style=\"padding-left: 40px;\">andrag\u00f3gus-szem\u00e9ly\u00fcgyi szervez\u0151 szakir\u00e1ny<\/p><p style=\"padding-left: 40px;\">szakvizsg\u00e1zott pedag\u00f3gus, k\u00f6zoktat\u00e1si vezet\u0151<\/p><p><strong>Jurk\u00f3 M\u00e1ria<\/strong><\/p><p style=\"padding-left: 40px;\">\u00e1ltal\u00e1nos iskolai tan\u00edt\u00f3<\/p><p style=\"padding-left: 40px;\">ment\u00e1lhigi\u00e9n\u00e9s szakember<\/p><p style=\"padding-left: 40px;\">szakvizsg\u00e1zott pedag\u00f3gus, k\u00f6zoktat\u00e1si vezet\u0151<\/p><p style=\"padding-left: 40px;\">g\u00e9p\u00edr\u00f3 \u00e9s sz\u00f6vegszerkeszt\u0151<\/p><p style=\"padding-left: 40px;\">lakberendez\u0151<\/p><p style=\"padding-left: 40px;\">ruh\u00e1zati elad\u00f3<\/p><p><strong>Kisp\u00e1l P\u00e9ter<\/strong><\/p><p style=\"padding-left: 40px;\">\u00fczleti szakoktat\u00f3 kereskedelmi szakir\u00e1ny<\/p><p><strong>Kondacs Judit<\/strong><\/p><p style=\"padding-left: 40px;\">andrag\u00f3gus, szem\u00e9ly\u00fcgyi szervez\u0151 szakir\u00e1ny<\/p><p><strong>Moln\u00e1r Erika<\/strong><\/p><p style=\"padding-left: 40px;\">v\u00e1llalkoz\u00f3-menedzser m\u00e9rn\u00f6k<\/p><p style=\"padding-left: 40px;\">m\u00e9rn\u00f6k-tan\u00e1r<\/p><p><strong>R\u00e1k\u00f3czi Antal<\/strong><\/p><p style=\"padding-left: 40px;\">alkalmazott grafikus<\/p><p style=\"padding-left: 40px;\">vend\u00e9gl\u00e1t\u00f3 \u00fczletvezet\u0151<\/p><p style=\"padding-left: 40px;\">sz\u00ednh\u00e1ztechnikus, szcenikus<\/p><p style=\"padding-left: 40px;\">pedag\u00f3giai munkat\u00e1rs (pedag\u00f3giai asszisztens)<\/p><p><strong>Sajti Gr\u00e9ta<\/strong><\/p><p style=\"padding-left: 40px;\">anyag- \u00e9s \u00e1ruforgalmi \u00e9rt\u00e9kes\u00edt\u0151<\/p><p style=\"padding-left: 40px;\">kereskedelmi szakos k\u00f6zgazd\u00e1sz<\/p><p style=\"padding-left: 40px;\">okleveles k\u00f6zgazd\u00e1sztan\u00e1r (kereskedelem \u00e9s marketing)<\/p><p style=\"padding-left: 40px;\">okleveles k\u00f6zgazd\u00e1sz p\u00e9nz\u00fcgy-informatika szakon<\/p><p style=\"padding-left: 40px;\">szakvizsg\u00e1zott pedag\u00f3gus, k\u00f6zoktat\u00e1si vezet\u0151<\/p><p><strong>S\u00e1ri Erika R\u00f3za<\/strong><\/p><p style=\"padding-left: 40px;\">okleveles \u00e9lelmiszeripari \u00fczemm\u00e9rn\u00f6k<\/p><p style=\"padding-left: 40px;\">okleveles \u00e9lelmiszeripari m\u0171szaki tan\u00e1r<\/p><p><strong>Vassn\u00e9 Dobra Julianna<\/strong><\/p><p style=\"padding-left: 40px;\">\u00fczleti szakoktat\u00f3<\/p><p style=\"padding-left: 40px;\">boltvezet\u0151<\/p><p style=\"padding-left: 40px;\">\u00e9lelmiszer elad\u00f3<\/p><p style=\"padding-left: 40px;\">okleveles k\u00f6zgazd\u00e1sz tan\u00e1r kereskedelem-marketing szak<\/p>\t\t\t\t\t\t\t\t<\/div>\n\t\t\t\t<\/div>\n\t\t\t\t\t<\/div>\n\t\t<\/div>\n\t\t\t\t\t<\/div>\n\t\t<\/section>\n\t\t\t\t<\/div>\n\t\t","protected":false},"excerpt":{"rendered":"<p>A munkak\u00f6z\u00f6ss\u00e9g c\u00e9lkit\u0171z\u00e9sei: Megb\u00edzhat\u00f3, biztos szakmai tud\u00e1ssal rendelkez\u0151, meg\u00fajul\u00e1s ir\u00e1nt \u00e9rdekl\u0151d\u0151, marketing szeml\u00e9let\u0171, j\u00f3 szakemberek k\u00e9pz\u00e9se. Oktat\u00f3-nevel\u0151 munka hat\u00e9konys\u00e1g\u00e1nak n\u00f6vel\u00e9se, a modul\u00e1ris k\u00e9pz\u00e9s be\u00e9p\u00edt\u00e9se az oktat\u00e1sba \/projektm\u00f3dszer, kooperat\u00edv tanul\u00e1s, IKT eszk\u00f6z\u00f6k haszn\u00e1lata\/. P\u00e1ly\u00e1zatokon val\u00f3 akt\u00edv r\u00e9szv\u00e9tel \/tanul\u00f3k, tan\u00e1rok k\u00fclf\u00f6ldi mobilit\u00e1s p\u00e1ly\u00e1zata\/. Iskol\u00e1nk n\u00e9pszer\u0171s\u00edt\u00e9se a ny\u00edlt napokon, p\u00e1lyav\u00e1laszt\u00e1si rendezv\u00e9nyeken, \u00e1ltal\u00e1nos iskol\u00e1k \u00e1ltal rendezett sz\u00fcl\u0151i \u00e9rtekezleteken. Tehets\u00e9ggondoz\u00e1s, [&hellip;]<\/p>\n","protected":false},"author":4,"featured_media":0,"parent":0,"menu_order":0,"comment_status":"closed","ping_status":"closed","template":"","meta":{"footnotes":""},"class_list":["post-385","page","type-page","status-publish","hentry"],"_links":{"self":[{"href":"\/index.php\/wp-json\/wp\/v2\/pages\/385","targetHints":{"allow":["GET"]}}],"collection":[{"href":"\/index.php\/wp-json\/wp\/v2\/pages"}],"about":[{"href":"\/index.php\/wp-json\/wp\/v2\/types\/page"}],"author":[{"embeddable":true,"href":"\/index.php\/wp-json\/wp\/v2\/users\/4"}],"replies":[{"embeddable":true,"href":"\/index.php\/wp-json\/wp\/v2\/comments?post=385"}],"version-history":[{"count":131,"href":"\/index.php\/wp-json\/wp\/v2\/pages\/385\/revisions"}],"predecessor-version":[{"id":54140,"href":"\/index.php\/wp-json\/wp\/v2\/pages\/385\/revisions\/54140"}],"wp:attachment":[{"href":"\/index.php\/wp-json\/wp\/v2\/media?parent=385"}],"curies":[{"name":"wp","href":"https:\/\/api.w.org\/{rel}","templated":true}]}}