{"id":38290,"date":"2024-04-12T09:39:16","date_gmt":"2024-04-12T08:39:16","guid":{"rendered":"\/?page_id=38290"},"modified":"2025-04-03T15:03:32","modified_gmt":"2025-04-03T14:03:32","slug":"2025-2026-tanevi-tankonyvrendelo-10-3-szakacs","status":"publish","type":"page","link":"\/index.php\/2025-2026-tanevi-tankonyvrendelo-10-3-szakacs\/","title":{"rendered":"2025\/2026. tan\u00e9vi tank\u00f6nyvrendel\u0151 \u2013 10.3 \u2013 Szak\u00e1cs"},"content":{"rendered":"\t\t<div data-elementor-type=\"wp-page\" data-elementor-id=\"38290\" class=\"elementor elementor-38290\" data-elementor-post-type=\"page\">\n\t\t\t\t\t\t<section class=\"elementor-section elementor-top-section elementor-element elementor-element-55e5a96 elementor-section-boxed elementor-section-height-default elementor-section-height-default\" data-id=\"55e5a96\" data-element_type=\"section\" data-e-type=\"section\">\n\t\t\t\t\t\t<div class=\"elementor-container elementor-column-gap-default\">\n\t\t\t\t\t<div class=\"elementor-column elementor-col-100 elementor-top-column elementor-element elementor-element-b6b6b2a\" data-id=\"b6b6b2a\" data-element_type=\"column\" data-e-type=\"column\">\n\t\t\t<div class=\"elementor-widget-wrap elementor-element-populated\">\n\t\t\t\t\t\t<div class=\"elementor-element elementor-element-73da165 elementor-widget elementor-widget-spacer\" data-id=\"73da165\" data-element_type=\"widget\" data-e-type=\"widget\" data-widget_type=\"spacer.default\">\n\t\t\t\t<div class=\"elementor-widget-container\">\n\t\t\t\t\t\t\t<div class=\"elementor-spacer\">\n\t\t\t<div class=\"elementor-spacer-inner\"><\/div>\n\t\t<\/div>\n\t\t\t\t\t\t<\/div>\n\t\t\t\t<\/div>\n\t\t\t\t\t<\/div>\n\t\t<\/div>\n\t\t\t\t\t<\/div>\n\t\t<\/section>\n\t\t\t\t<section class=\"elementor-section elementor-top-section elementor-element elementor-element-9f963e0 elementor-section-boxed elementor-section-height-default elementor-section-height-default\" data-id=\"9f963e0\" data-element_type=\"section\" data-e-type=\"section\">\n\t\t\t\t\t\t<div class=\"elementor-container elementor-column-gap-default\">\n\t\t\t\t\t<div class=\"elementor-column elementor-col-100 elementor-top-column elementor-element elementor-element-4f7f634\" data-id=\"4f7f634\" data-element_type=\"column\" data-e-type=\"column\">\n\t\t\t<div class=\"elementor-widget-wrap elementor-element-populated\">\n\t\t\t\t\t\t<div class=\"elementor-element elementor-element-8c5551a elementor-widget elementor-widget-heading\" data-id=\"8c5551a\" data-element_type=\"widget\" data-e-type=\"widget\" data-widget_type=\"heading.default\">\n\t\t\t\t<div class=\"elementor-widget-container\">\n\t\t\t\t\t<h2 class=\"elementor-heading-title elementor-size-default\"><section data-id=\"bead540\" data-element_type=\"section\" style=\", sans-serif;font-size: 15px;white-space: normal\"><div><div style=\"width: 629.983px\"><div data-id=\"f9abd1f\" data-element_type=\"column\" style=\"width: 629.983px\"><div style=\"width: 629.983px\"><div style=\"width: 609.983px\"><div data-id=\"1649d62\" data-element_type=\"widget\" data-widget_type=\"heading.default\" style=\"width: 609.983px;text-align: center\"><div><h5 style=\"font-family: Alegreya, sans-serif\">K\u00e9rj\u00fck, hogy az al\u00e1bbi \u0171rlapon kiz\u00e1r\u00f3lag a val\u00f3s\u00e1gnak megfelel\u0151 adatokat legyen sz\u00edves megadni!<\/h5><\/div><\/div><\/div><\/div><\/div><\/div><\/div><\/section><\/h2>\t\t\t\t<\/div>\n\t\t\t\t<\/div>\n\t\t\t\t\t<\/div>\n\t\t<\/div>\n\t\t\t\t\t<\/div>\n\t\t<\/section>\n\t\t\t\t<section class=\"elementor-section elementor-top-section elementor-element elementor-element-3f6f6b4 elementor-section-boxed elementor-section-height-default elementor-section-height-default\" data-id=\"3f6f6b4\" data-element_type=\"section\" data-e-type=\"section\">\n\t\t\t\t\t\t<div class=\"elementor-container elementor-column-gap-default\">\n\t\t\t\t\t<div class=\"elementor-column elementor-col-100 elementor-top-column elementor-element elementor-element-393c7b1\" data-id=\"393c7b1\" data-element_type=\"column\" data-e-type=\"column\">\n\t\t\t<div class=\"elementor-widget-wrap elementor-element-populated\">\n\t\t\t\t\t\t<div class=\"elementor-element elementor-element-b8b37b7 elementor-widget elementor-widget-heading\" data-id=\"b8b37b7\" data-element_type=\"widget\" data-e-type=\"widget\" data-widget_type=\"heading.default\">\n\t\t\t\t<div class=\"elementor-widget-container\">\n\t\t\t\t\t<h2 class=\"elementor-heading-title elementor-size-default\"><section data-id=\"d322742\" data-element_type=\"section\" style=\", sans-serif;font-size: 15px;white-space: normal\"><div><div style=\"width: 629.983px\"><div data-id=\"8c25c10\" data-element_type=\"column\" style=\"width: 629.983px\"><div style=\"width: 629.983px\"><div style=\"width: 609.983px\"><div data-id=\"65d9c89\" data-element_type=\"widget\" data-widget_type=\"heading.default\" style=\"width: 609.983px;text-align: center\"><div><h5 style=\"font-family: Alegreya, sans-serif\">K\u00f6sz\u00f6nj\u00fck!<\/h5><\/div><\/div><\/div><\/div><\/div><\/div><\/div><\/section><\/h2>\t\t\t\t<\/div>\n\t\t\t\t<\/div>\n\t\t\t\t\t<\/div>\n\t\t<\/div>\n\t\t\t\t\t<\/div>\n\t\t<\/section>\n\t\t\t\t<section class=\"elementor-section elementor-top-section elementor-element elementor-element-03090b0 elementor-section-boxed elementor-section-height-default elementor-section-height-default\" data-id=\"03090b0\" data-element_type=\"section\" data-e-type=\"section\">\n\t\t\t\t\t\t<div class=\"elementor-container elementor-column-gap-default\">\n\t\t\t\t\t<div class=\"elementor-column elementor-col-100 elementor-top-column elementor-element elementor-element-97e2565\" data-id=\"97e2565\" data-element_type=\"column\" data-e-type=\"column\">\n\t\t\t<div class=\"elementor-widget-wrap elementor-element-populated\">\n\t\t\t\t\t\t<div class=\"elementor-element elementor-element-bea0f6d elementor-widget elementor-widget-text-editor\" data-id=\"bea0f6d\" data-element_type=\"widget\" data-e-type=\"widget\" data-widget_type=\"text-editor.default\">\n\t\t\t\t<div class=\"elementor-widget-container\">\n\t\t\t\t\t\t\t\t\t<div id=\"erf_form_container_3786\" class=\"erf-container erf-contact erf-label-top erf-layout-one-column erf-style-rounded-corner\">\n        \n    \n         \n                    <div class=\"erf-content-above\">\n                            <\/div>\n            <form method=\"post\" enctype=\"multipart\/form-data\" class=\"erf-form erf-front-form\" data-parsley-validate=\"\" novalidate=\"true\" data-erf-submission-id=\"0\" data-erf-form-id=\"3786\">\n                <div class=\"erf-form-html\" id=\"erf_form_3786\">\n                    <div class=\"rendered-form\">\n                        <div class=\"erf-header erf-element-width-12\"><h1  data-non-input='1' data-ref-label='Heading1' data-ref-id='header-pqqfwdxc' class='' >Tanul\u00f3 adatai<\/h1><\/div><div class=\"erf-text form-group field-text-19125522377 erf-element-width-12\"><label for=\"text-19125522377\" class=\"erf-text-label\">Tanul\u00f3 neve<span class=\"erf-required\">*<\/span><\/label><input type='text' maxlength='50' required='required' class='form-control' name='text-19125522377' data-ref-label='First_Name' id='text-19125522377'  \/><\/div><div class=\"erf-text form-group field-text-211644441570 erf-element-width-12\"><label for=\"text-211644441570\" class=\"erf-text-label\">Oktat\u00e1si azonos\u00edt\u00f3 sz\u00e1ma (11 sz\u00e1mjegy\u0171)<span class=\"erf-required\">*<\/span><\/label><input type='text' required='required' maxlength='50' class='form-control' name='text-211644441570' data-ref-label='Last_Name' id='text-211644441570'  \/><\/div><div class=\"erf-text form-group field-field-qsSAocOaTZprDOv erf-element-width-12\"><label for=\"field-qsSAocOaTZprDOv\" class=\"erf-text-label\">Di\u00e1kigazolv\u00e1ny sz\u00e1ma<span class=\"erf-required\">*<\/span><\/label><input type='text' data-ref-label='Text_Field3' class='form-control' name='field-qsSAocOaTZprDOv' required='required' id='field-qsSAocOaTZprDOv'  \/><\/div><div class=\"erf-separator erf-element-width-12\"><div data-non-input='1' custom-type='spacer' data-ref-label='Separator1' class='spacer' data-ref-id='separator-fwn2akuf' >Separator1<\/div><\/div><div class=\"erf-header erf-element-width-12\"><h1  data-non-input='1' data-ref-label='Heading2' data-ref-id='header-e4k6llbz' class='' >Sz\u00fcl\u0151 \/ gondvisel\u0151 adatai <\/h1><\/div><div class=\"erf-richtext erf-element-width-12\"><div data-non-input='1' data-ref-label='RichText1' data-ref-id='richtext-obthyilm' class='erf-rich-text' ><p>(Amennyiben m\u00e9g nem nagykor\u00fa a tanul\u00f3, \u00fagy k\u00f6telez\u0151 kit\u00f6lteni ezeket a mez\u0151ket is!)<\/p><\/div><\/div><div class=\"erf-text form-group field-field-eH6B4swOr5WwWCT erf-element-width-12\"><label for=\"field-eH6B4swOr5WwWCT\" class=\"erf-text-label\">Sz\u00fcl\u0151 \/ gondvisel\u0151 neve<\/label><input type='text' data-ref-label='Text_Field4' class='form-control' name='field-eH6B4swOr5WwWCT' id='field-eH6B4swOr5WwWCT'  \/><\/div><div class=\"erf-select form-group field-field-XZaQn5LTfIKVifX erf-element-width-12\"><label for=\"field-XZaQn5LTfIKVifX\" class=\"erf-select-label\">Azonos\u00edt\u00f3 irat\u00e1nak t\u00edpusa<\/label><select data-ref-label='Select1' class='form-control' name='field-XZaQn5LTfIKVifX' id='field-XZaQn5LTfIKVifX'  ><option value=\"\"><\/option><option value=\"Szem\u00e9lyi igazolv\u00e1ny\">Szem\u00e9lyi igazolv\u00e1ny<\/option><option value=\"Jogos\u00edtv\u00e1ny\">Jogos\u00edtv\u00e1ny<\/option><\/select><\/div><div class=\"erf-text form-group field-field-f8VmfCXHphTNvWF erf-element-width-12\"><label for=\"field-f8VmfCXHphTNvWF\" class=\"erf-text-label\">Azonos\u00edt\u00f3 irat\u00e1nak sz\u00e1ma<\/label><input type='text' data-ref-label='Text_Field5' class='form-control' name='field-f8VmfCXHphTNvWF' id='field-f8VmfCXHphTNvWF'  \/><\/div><div class=\"erf-separator erf-element-width-12\"><div data-non-input='1' custom-type='spacer' data-ref-label='Separator2' class='spacer' data-ref-id='separator-egdmscoz' >Separator2<\/div><\/div><div class=\"erf-header erf-element-width-12\"><h1  data-non-input='1' data-ref-label='Heading4' data-ref-id='header-o7m4nhbp' class='' >Jogosults\u00e1g kiv\u00e1laszt\u00e1sa<\/h1><\/div><div class=\"erf-richtext erf-element-width-12\"><div data-non-input='1' data-ref-label='RichText5' data-ref-id='richtext-lyz31uwp' class='erf-rich-text' ><p>T\u00e1j\u00e9koztatjuk, hogy Magyarorsz\u00e1g Korm\u00e1nya minden nappali rendszer\u0171 iskolai oktat\u00e1sban r\u00e9szt vev\u0151, 9-16. \u00e9vfolyamokban tanul\u00f3 di\u00e1knak <strong>alanyi jogon ingyenesen<\/strong> biztos\u00edtja a tank\u00f6nyveket. Azonban iskol\u00e1nknak minden tan\u00e9vben adatbejelent\u00e9si k\u00f6telezetts\u00e9ge van fenntart\u00f3ja fel\u00e9, mely szerint sz\u00e1mba kell venn\u00fcnk azokat a tanul\u00f3kat, akik valamilyen hat\u00e1rozattal rendelkeznek.<\/p><\/div><\/div><div class=\"erf-richtext erf-element-width-12\"><div data-non-input='1' data-ref-label='RichText6' data-ref-id='richtext-qoag0g0v' class='erf-rich-text' ><p>K\u00e9rj\u00fck, hogy az al\u00e1bbi men\u00fcb\u0151l v\u00e1lassza ki azt a lehet\u0151s\u00e9get, amelyik felt\u00e9telnek megfelel a tanul\u00f3!<\/p>\n<p>Amennyiben egyik felt\u00e9telnek sem felel meg, \u00fagy k\u00e9rj\u00fck, hogy a <strong>Nem r\u00e9szes\u00fcl semmilyen kedvezm\u00e9nyben<\/strong> lehet\u0151s\u00e9get v\u00e1lassza ki!<\/p><\/div><\/div><div class=\"erf-select form-group field-field-d1j998GI1I1WsZa erf-element-width-12\"><label for=\"field-d1j998GI1I1WsZa\" class=\"erf-select-label\">A tanul\u00f3&#8230;<span class=\"erf-required\">*<\/span><\/label><select data-ref-label='Select6' class='form-control' name='field-d1j998GI1I1WsZa' required='required' id='field-d1j998GI1I1WsZa'  ><option value=\"\"><\/option><option value=\"tart\u00f3san beteg\">tart\u00f3san beteg<\/option><option value=\"szak\u00e9rt\u0151i bizotts\u00e1g szak\u00e9rt\u0151i v\u00e9lem\u00e9nye alapj\u00e1n SNI-s vagy BTMN-es\">szak\u00e9rt\u0151i bizotts\u00e1g szak\u00e9rt\u0151i v\u00e9lem\u00e9nye alapj\u00e1n SNI-s vagy BTMN-es<\/option><option value=\"h\u00e1rom- vagy t\u00f6bbgyermekes csal\u00e1dban \u00e9l\">h\u00e1rom- vagy t\u00f6bbgyermekes csal\u00e1dban \u00e9l<\/option><option value=\"nagykor\u00fa \u00e9s saj\u00e1t jog\u00e1n iskol\u00e1ztat\u00e1si t\u00e1mogat\u00e1sra jogosult\">nagykor\u00fa \u00e9s saj\u00e1t jog\u00e1n iskol\u00e1ztat\u00e1si t\u00e1mogat\u00e1sra jogosult<\/option><option value=\"rendszeres gyermekv\u00e9delmi kedvezm\u00e9nyben r\u00e9szes\u00fcl\">rendszeres gyermekv\u00e9delmi kedvezm\u00e9nyben r\u00e9szes\u00fcl<\/option><option value=\"gyermekv\u00e9delem hat\u00e1lya al\u00e1 tartozik\">gyermekv\u00e9delem hat\u00e1lya al\u00e1 tartozik<\/option><option value=\"nem r\u00e9szes\u00fcl semmilyen kedvezm\u00e9nyben\">nem r\u00e9szes\u00fcl semmilyen kedvezm\u00e9nyben<\/option><\/select><\/div><div class=\"erf-header erf-element-width-12\"><h1  data-non-input='1' data-ref-label='Heading3' data-ref-id='header-5y1ykkm3' class='' >Tank\u00f6nyv megrendel\u0151<\/h1><\/div><div class=\"erf-richtext erf-element-width-12\"><div data-non-input='1' data-ref-label='RichText2' data-ref-id='richtext-dqphit1k' class='erf-rich-text' ><p>K\u00e9rj\u00fck, hogy a leg\u00f6rd\u00fcl\u0151 men\u00fcb\u0151l v\u00e1lassza ki, hogy melyik tank\u00f6nyvet k\u00e9rik vagy nem k\u00e9rik a k\u00f6vetkez\u0151 tan\u00e9vre!<\/p><\/div><\/div><div class=\"erf-select form-group field-field-BIMnHcupVUs6JNF erf-element-width-12\"><label for=\"field-BIMnHcupVUs6JNF\" class=\"erf-select-label\">OH-SZK10T &#8211; Kerbern\u00e9 Varga Anna: Szakk\u00e9pz\u0151 iskolai k\u00f6zismereti tank\u00f6nyv 10.<span class=\"erf-required\">*<\/span><\/label><select data-ref-label='Select9' class='form-control' name='field-BIMnHcupVUs6JNF' required='required' id='field-BIMnHcupVUs6JNF'  ><option value=\"\"><\/option><option value=\"K\u00e9rem\">K\u00e9rem<\/option><option value=\"Nem k\u00e9rem\">Nem k\u00e9rem<\/option><\/select><\/div><div class=\"erf-select form-group field-field-Rs2HDipveKUhHHU erf-element-width-12\"><label for=\"field-Rs2HDipveKUhHHU\" class=\"erf-select-label\">KR-200 &#8211; Dr. Szeitzn\u00e9 dr. Szab\u00f3 M\u00e1ria: HACCP \u00e9s \u00e9lelmiszerbiztons\u00e1gi el\u0151\u00edr\u00e1sok az Eur\u00f3pai Uni\u00f3ban<span class=\"erf-required\">*<\/span><\/label><select data-ref-label='Select51' class='form-control' name='field-Rs2HDipveKUhHHU' required='required' id='field-Rs2HDipveKUhHHU'  ><option value=\"\"><\/option><option value=\"K\u00e9rem\">K\u00e9rem<\/option><option value=\"Nem k\u00e9rem\">Nem k\u00e9rem<\/option><\/select><\/div><div class=\"erf-select form-group field-field-Qg1pAuigscbJUoM erf-element-width-12\"><label for=\"field-Qg1pAuigscbJUoM\" class=\"erf-select-label\">GS-8-12 &#8211; Czir\u00e1ki Marietta: Szak\u00e1csok \u00fcgyviteli feladatai<span class=\"erf-required\">*<\/span><\/label><select data-ref-label='Select7' class='form-control' name='field-Qg1pAuigscbJUoM' required='required' id='field-Qg1pAuigscbJUoM'  ><option value=\"\"><\/option><option value=\"K\u00e9rem\">K\u00e9rem<\/option><option value=\"Nem k\u00e9rem\">Nem k\u00e9rem<\/option><\/select><\/div><div class=\"erf-select form-group field-field-Fsr2H4gbR3z3ZL0 erf-element-width-12\"><label for=\"field-Fsr2H4gbR3z3ZL0\" class=\"erf-select-label\">KR-401 &#8211; Szakmai vizsg\u00e1ra felk\u00e9sz\u00edt\u0151 feladatt\u00e1r<span class=\"erf-required\">*<\/span><\/label><select data-ref-label='Select8' class='form-control' name='field-Fsr2H4gbR3z3ZL0' required='required' id='field-Fsr2H4gbR3z3ZL0'  ><option value=\"\"><\/option><option value=\"K\u00e9rem\">K\u00e9rem<\/option><option value=\"Nem k\u00e9rem\">Nem k\u00e9rem<\/option><\/select><\/div><div class=\"erf-select form-group field-field-ITWDV587ctN3fQw erf-element-width-12\"><label for=\"field-ITWDV587ctN3fQw\" class=\"erf-select-label\">KP-2279 &#8211; Galambosn\u00e9 G. Erzs\u00e9bet: \u00c9lelmiszer alapismeretek<span class=\"erf-required\">*<\/span><\/label><select data-ref-label='Select5' class='form-control' name='field-ITWDV587ctN3fQw' required='required' id='field-ITWDV587ctN3fQw'  ><option value=\"\"><\/option><option value=\"K\u00e9rem\">K\u00e9rem<\/option><option value=\"Nem k\u00e9rem\">Nem k\u00e9rem<\/option><\/select><\/div><div class=\"erf-select form-group field-field-Q4jSyWOUnLEATYM erf-element-width-12\"><label for=\"field-Q4jSyWOUnLEATYM\" class=\"erf-select-label\">MK-5813 &#8211; Pet\u0151 Gyula: \u00c9telk\u00e9sz\u00edt\u00e9si ismeretek &#8211; Az alapokt\u00f3l a mesterszintig<span class=\"erf-required\">*<\/span><\/label><select data-ref-label='Select81' class='form-control' name='field-Q4jSyWOUnLEATYM' required='required' id='field-Q4jSyWOUnLEATYM'  ><option value=\"\"><\/option><option value=\"K\u00e9rem\">K\u00e9rem<\/option><option value=\"Nem k\u00e9rem\">Nem k\u00e9rem<\/option><\/select><\/div><div class=\"erf-richtext erf-element-width-12\"><div data-non-input='1' data-ref-label='RichText3' data-ref-id='richtext-uqs6g9ss' class='erf-rich-text' ><p><strong>Felel\u0151ss\u00e9gem tudat\u00e1ban kijelentem, hogy a tank\u00f6nyvrendel\u0151 lapon szerepl\u0151 adatok a val\u00f3s\u00e1gnak megfelelnek.<\/strong><\/p><\/div><\/div><div class=\"erf-richtext erf-element-width-12\"><div data-non-input='1' data-ref-label='RichText4' data-ref-id='richtext-veax4aoa' class='erf-rich-text' ><p>Tisztelt Kit\u00f6lt\u0151! T\u00e1j\u00e9koztatjuk, hogy a tank\u00f6nyvrendel\u00e9se sor\u00e1n a szem\u00e9lyes adatok kezel\u00e9s\u00e9re az \u00e1ltal\u00e1nos adatv\u00e9delmi rendeletben (Az Eur\u00f3pai Parlament \u00e9s a Tan\u00e1cs 2016\/679 Rendelete, a tov\u00e1bbiakban: GDPR) az inform\u00e1ci\u00f3s \u00f6nrendelkez\u00e9si jogr\u00f3l \u00e9s inform\u00e1ci\u00f3szabads\u00e1gr\u00f3l sz\u00f3l\u00f3 2011. \u00e9vi CXII. t\u00f6rv\u00e9nyben, az oktat\u00e1si nyilv\u00e1ntart\u00e1sr\u00f3l sz\u00f3l\u00f3 2018. \u00e9vi LXXXIX. t\u00f6rv\u00e9nyben (a tov\u00e1bbiakban: Onytv.) meghat\u00e1rozott rendelkez\u00e9sek alapj\u00e1n ker\u00fcl sor. Az adatkezel\u00e9s jogalapja a GDPR 6. cikk (1) bekezd\u00e9s c) \u00e9s e) pontja alapj\u00e1n az adatkezel\u0151re vonatkoz\u00f3 jogi k\u00f6telezetts\u00e9g teljes\u00edt\u00e9se.<\/p><\/div><\/div><div class=\"erf-button form-group field-button-8011365169 erf-element-width-12\"><button type='submit'class='btn btn-default'name='button-8011365169'data-ref-label='Send'id='button-8011365169'>K\u00fcld\u00e9s<\/button><\/div>                    <\/div> \n                <\/div>    \n\n                <div class=\"erf-external-form-elements\">\n                    \n                    \n                    \n\n                    \n                                        <div class=\"erf-errors\" style=\"display:none\">\n                        <span class=\"erf-errors-head erf-error-row\">Error occured. Please confirm your data and submit again:<\/span>\n                        <div class=\"erf-errors-body\">\n                                                    <\/div> \n                    <\/div>\n\n                <\/div>\n                <!-- Contains multipage Next,Previous buttons -->\n                <div class=\"erf-form-nav clearfix\"><\/div> \n\n                <!-- Single page form button -->\n                <div class=\"erf-submit-button clearfix\"><\/div>\n\n\n                <input type=\"hidden\" name=\"erform_id\" value=\"3786\" \/>\n                <input type=\"hidden\" id=\"erform_submission_nonce\" name=\"erform_submission_nonce\" value=\"e93df810dc\" \/><input type=\"hidden\" name=\"_wp_http_referer\" value=\"\/index.php\/wp-json\/wp\/v2\/pages\/38290\" \/>                <input type=\"hidden\" name=\"action\" value=\"erf_submit_form\" \/>\n\n            <\/form>\n            \n<\/div>\n\t\t\t\t\t\t\t\t<\/div>\n\t\t\t\t<\/div>\n\t\t\t\t\t<\/div>\n\t\t<\/div>\n\t\t\t\t\t<\/div>\n\t\t<\/section>\n\t\t\t\t<\/div>\n\t\t","protected":false},"excerpt":{"rendered":"<p>K\u00e9rj\u00fck, hogy az al\u00e1bbi \u0171rlapon kiz\u00e1r\u00f3lag a val\u00f3s\u00e1gnak megfelel\u0151 adatokat legyen sz\u00edves megadni! K\u00f6sz\u00f6nj\u00fck!<\/p>\n","protected":false},"author":4,"featured_media":0,"parent":0,"menu_order":0,"comment_status":"closed","ping_status":"closed","template":"","meta":{"footnotes":""},"class_list":["post-38290","page","type-page","status-publish","hentry"],"_links":{"self":[{"href":"\/index.php\/wp-json\/wp\/v2\/pages\/38290","targetHints":{"allow":["GET"]}}],"collection":[{"href":"\/index.php\/wp-json\/wp\/v2\/pages"}],"about":[{"href":"\/index.php\/wp-json\/wp\/v2\/types\/page"}],"author":[{"embeddable":true,"href":"\/index.php\/wp-json\/wp\/v2\/users\/4"}],"replies":[{"embeddable":true,"href":"\/index.php\/wp-json\/wp\/v2\/comments?post=38290"}],"version-history":[{"count":8,"href":"\/index.php\/wp-json\/wp\/v2\/pages\/38290\/revisions"}],"predecessor-version":[{"id":47912,"href":"\/index.php\/wp-json\/wp\/v2\/pages\/38290\/revisions\/47912"}],"wp:attachment":[{"href":"\/index.php\/wp-json\/wp\/v2\/media?parent=38290"}],"curies":[{"name":"wp","href":"https:\/\/api.w.org\/{rel}","templated":true}]}}