{"id":380,"date":"2020-04-15T13:35:56","date_gmt":"2020-04-15T12:35:56","guid":{"rendered":"\/?page_id=380"},"modified":"2025-09-11T20:22:24","modified_gmt":"2025-09-11T19:22:24","slug":"idegen-nyelvi-munkakozosseg","status":"publish","type":"page","link":"\/index.php\/idegen-nyelvi-munkakozosseg\/","title":{"rendered":"Idegen nyelvi munkak\u00f6z\u00f6ss\u00e9g"},"content":{"rendered":"\t\t<div data-elementor-type=\"wp-page\" data-elementor-id=\"380\" class=\"elementor elementor-380\" data-elementor-post-type=\"page\">\n\t\t\t\t\t\t<section class=\"elementor-section elementor-top-section elementor-element elementor-element-b2435ba elementor-section-boxed elementor-section-height-default elementor-section-height-default\" data-id=\"b2435ba\" data-element_type=\"section\" data-e-type=\"section\">\n\t\t\t\t\t\t<div class=\"elementor-container elementor-column-gap-default\">\n\t\t\t\t\t<div class=\"elementor-column elementor-col-100 elementor-top-column elementor-element elementor-element-dcfe931\" data-id=\"dcfe931\" data-element_type=\"column\" data-e-type=\"column\">\n\t\t\t<div class=\"elementor-widget-wrap elementor-element-populated\">\n\t\t\t\t\t\t<div class=\"elementor-element elementor-element-84115dd elementor-widget elementor-widget-spacer\" data-id=\"84115dd\" data-element_type=\"widget\" data-e-type=\"widget\" data-widget_type=\"spacer.default\">\n\t\t\t\t<div class=\"elementor-widget-container\">\n\t\t\t\t\t\t\t<div class=\"elementor-spacer\">\n\t\t\t<div class=\"elementor-spacer-inner\"><\/div>\n\t\t<\/div>\n\t\t\t\t\t\t<\/div>\n\t\t\t\t<\/div>\n\t\t\t\t\t<\/div>\n\t\t<\/div>\n\t\t\t\t\t<\/div>\n\t\t<\/section>\n\t\t\t\t<section class=\"elementor-section elementor-top-section elementor-element elementor-element-da40e9b elementor-section-boxed elementor-section-height-default elementor-section-height-default\" data-id=\"da40e9b\" data-element_type=\"section\" data-e-type=\"section\">\n\t\t\t\t\t\t<div class=\"elementor-container elementor-column-gap-default\">\n\t\t\t\t\t<div class=\"elementor-column elementor-col-100 elementor-top-column elementor-element elementor-element-a74033c\" data-id=\"a74033c\" data-element_type=\"column\" data-e-type=\"column\">\n\t\t\t<div class=\"elementor-widget-wrap elementor-element-populated\">\n\t\t\t\t\t\t<div class=\"elementor-element elementor-element-4325087 elementor-widget elementor-widget-text-editor\" data-id=\"4325087\" data-element_type=\"widget\" data-e-type=\"widget\" data-widget_type=\"text-editor.default\">\n\t\t\t\t<div class=\"elementor-widget-container\">\n\t\t\t\t\t\t\t\t\t<p style=\"white-space: normal;\"><span style=\"font-weight: bolder;\">Munkak\u00f6z\u00f6ss\u00e9g\u00fcnk tagjai:<\/span><\/p>\t\t\t\t\t\t\t\t<\/div>\n\t\t\t\t<\/div>\n\t\t\t\t\t<\/div>\n\t\t<\/div>\n\t\t\t\t\t<\/div>\n\t\t<\/section>\n\t\t\t\t<section class=\"elementor-section elementor-top-section elementor-element elementor-element-0e1ebb9 elementor-section-boxed elementor-section-height-default elementor-section-height-default\" data-id=\"0e1ebb9\" data-element_type=\"section\" data-e-type=\"section\">\n\t\t\t\t\t\t<div class=\"elementor-container elementor-column-gap-default\">\n\t\t\t\t\t<div class=\"elementor-column elementor-col-100 elementor-top-column elementor-element elementor-element-e481f82\" data-id=\"e481f82\" data-element_type=\"column\" data-e-type=\"column\">\n\t\t\t<div class=\"elementor-widget-wrap elementor-element-populated\">\n\t\t\t\t\t\t<div class=\"elementor-element elementor-element-c7b2444 elementor-widget__width-initial elementor-widget elementor-widget-text-editor\" data-id=\"c7b2444\" data-element_type=\"widget\" data-e-type=\"widget\" data-widget_type=\"text-editor.default\">\n\t\t\t\t<div class=\"elementor-widget-container\">\n\t\t\t\t\t\t\t\t\t<p><strong>Farkasinszki Ad\u00e9l<\/strong><\/p><p style=\"padding-left: 40px;\">munkak\u00f6z\u00f6ss\u00e9g-vezet\u0151<\/p><p style=\"padding-left: 40px;\">kommunik\u00e1ci\u00f3 szakos b\u00f6lcs\u00e9sz \u00e9s angol nyelv \u00e9s irodalom szakos tan\u00e1r<\/p><p><strong>Barna Be\u00e1ta<\/strong><\/p><p style=\"padding-left: 40px;\">angol-n\u00e9met szakos tan\u00e1r<\/p><p><strong>B\u00e9k\u00e9si Zolt\u00e1n<\/strong><\/p><p style=\"padding-left: 40px;\">andrag\u00f3gus, szem\u00e9ly\u00fcgyi szervez\u0151<\/p><p><strong>Erd\u00e9lyi Lajosn\u00e9<\/strong><\/p><p style=\"padding-left: 40px;\">angol nyelv \u00e9s irodalom szakos tan\u00e1r<\/p><p style=\"padding-left: 40px;\">f\u00f6ldrajz szakos tan\u00e1r<\/p><p style=\"padding-left: 40px;\">okleveles angoltan\u00e1r<\/p><p style=\"padding-left: 40px;\">szakvizsg\u00e1zott pedag\u00f3gus min\u0151s\u00e9gbiztos\u00edt\u00e1s \u00e9s szak\u00e9rt\u0151i ter\u00fcleten<\/p><p><strong>F\u00e1bi\u00e1n Ferenc<\/strong><\/p><p style=\"padding-left: 40px;\">eg\u00e9szs\u00e9g\u00fcgyi szervez\u0151, eg\u00e9szs\u00e9gturizmus-szervez\u0151 szakir\u00e1ny<\/p><p style=\"padding-left: 40px;\">pedag\u00f3gia alapszakos b\u00f6lcs\u00e9sz<\/p><p><strong>Jenei M\u00e1ria<\/strong><\/p><p style=\"padding-left: 40px;\">\u00e1ltal\u00e1nos iskolai tan\u00edt\u00f3 magyar nyelv \u00e9s irodalom m\u0171velts\u00e9gi ter\u00fcleten<\/p><p style=\"padding-left: 40px;\">kommunik\u00e1ci\u00f3 szakos b\u00f6lcs\u00e9sz (EU-kommunik\u00e1ci\u00f3 szakir\u00e1nyon)<\/p><p><strong>Kiss Csan\u00e1d \u00c1rp\u00e1d<\/strong><\/p><p style=\"padding-left: 40px;\">angol nyelv \u00e9s irodalom szakos tan\u00e1r<\/p><p style=\"padding-left: 40px;\">szem\u00e9ly\u00fcgyi szervez\u0151<\/p><p style=\"padding-left: 40px;\">rendszerinformatikus<\/p><p><strong>Loboda Henrietta<\/strong><\/p><p style=\"padding-left: 40px;\">angol szakos nyelvtan\u00e1r<\/p><p style=\"padding-left: 40px;\">szociol\u00f3gia szakos b\u00f6lcs\u00e9sz<\/p><p><strong>Mihaiescu Andrea<\/strong><\/p><p style=\"padding-left: 40px;\">magyar nyelv \u00e9s irodalom szakos tan\u00e1r \u00e9s m\u0171vel\u0151d\u00e9sszervez\u0151<\/p><p><strong>Nagy Emese<\/strong><\/p><p style=\"padding-left: 40px;\">angol-magyar szakos tan\u00e1r<\/p><p style=\"padding-left: 40px;\">informatikus k\u00f6nyvt\u00e1ros<\/p>\t\t\t\t\t\t\t\t<\/div>\n\t\t\t\t<\/div>\n\t\t\t\t\t<\/div>\n\t\t<\/div>\n\t\t\t\t\t<\/div>\n\t\t<\/section>\n\t\t\t\t<\/div>\n\t\t","protected":false},"excerpt":{"rendered":"<p>Munkak\u00f6z\u00f6ss\u00e9g\u00fcnk tagjai: Farkasinszki Ad\u00e9l munkak\u00f6z\u00f6ss\u00e9g-vezet\u0151 kommunik\u00e1ci\u00f3 szakos b\u00f6lcs\u00e9sz \u00e9s angol nyelv \u00e9s irodalom szakos tan\u00e1r Barna Be\u00e1ta angol-n\u00e9met szakos tan\u00e1r B\u00e9k\u00e9si Zolt\u00e1n andrag\u00f3gus, szem\u00e9ly\u00fcgyi szervez\u0151 Erd\u00e9lyi Lajosn\u00e9 angol nyelv \u00e9s irodalom szakos tan\u00e1r f\u00f6ldrajz szakos tan\u00e1r okleveles angoltan\u00e1r szakvizsg\u00e1zott pedag\u00f3gus min\u0151s\u00e9gbiztos\u00edt\u00e1s \u00e9s szak\u00e9rt\u0151i ter\u00fcleten F\u00e1bi\u00e1n Ferenc eg\u00e9szs\u00e9g\u00fcgyi szervez\u0151, eg\u00e9szs\u00e9gturizmus-szervez\u0151 szakir\u00e1ny pedag\u00f3gia alapszakos b\u00f6lcs\u00e9sz Jenei M\u00e1ria [&hellip;]<\/p>\n","protected":false},"author":4,"featured_media":0,"parent":0,"menu_order":0,"comment_status":"closed","ping_status":"closed","template":"","meta":{"footnotes":""},"class_list":["post-380","page","type-page","status-publish","hentry"],"_links":{"self":[{"href":"\/index.php\/wp-json\/wp\/v2\/pages\/380","targetHints":{"allow":["GET"]}}],"collection":[{"href":"\/index.php\/wp-json\/wp\/v2\/pages"}],"about":[{"href":"\/index.php\/wp-json\/wp\/v2\/types\/page"}],"author":[{"embeddable":true,"href":"\/index.php\/wp-json\/wp\/v2\/users\/4"}],"replies":[{"embeddable":true,"href":"\/index.php\/wp-json\/wp\/v2\/comments?post=380"}],"version-history":[{"count":88,"href":"\/index.php\/wp-json\/wp\/v2\/pages\/380\/revisions"}],"predecessor-version":[{"id":54065,"href":"\/index.php\/wp-json\/wp\/v2\/pages\/380\/revisions\/54065"}],"wp:attachment":[{"href":"\/index.php\/wp-json\/wp\/v2\/media?parent=380"}],"curies":[{"name":"wp","href":"https:\/\/api.w.org\/{rel}","templated":true}]}}