{"id":37779,"date":"2024-04-10T11:58:23","date_gmt":"2024-04-10T10:58:23","guid":{"rendered":"\/?page_id=37779"},"modified":"2025-04-14T11:44:39","modified_gmt":"2025-04-14T10:44:39","slug":"tankonyvrendeles-a-2025-2026-os-tanevre","status":"publish","type":"page","link":"\/index.php\/tankonyvrendeles-a-2025-2026-os-tanevre\/","title":{"rendered":"Tank\u00f6nyvrendel\u00e9s a 2025\/2026-os tan\u00e9vre"},"content":{"rendered":"\t\t<div data-elementor-type=\"wp-page\" data-elementor-id=\"37779\" class=\"elementor elementor-37779\" data-elementor-post-type=\"page\">\n\t\t\t\t\t\t<section class=\"elementor-section elementor-top-section elementor-element elementor-element-f13d518 elementor-section-boxed elementor-section-height-default elementor-section-height-default\" data-id=\"f13d518\" data-element_type=\"section\" data-e-type=\"section\">\n\t\t\t\t\t\t<div class=\"elementor-container elementor-column-gap-default\">\n\t\t\t\t\t<div class=\"elementor-column elementor-col-100 elementor-top-column elementor-element elementor-element-ab84f51\" data-id=\"ab84f51\" data-element_type=\"column\" data-e-type=\"column\">\n\t\t\t<div class=\"elementor-widget-wrap elementor-element-populated\">\n\t\t\t\t\t\t<div class=\"elementor-element elementor-element-97e17f9 elementor-widget elementor-widget-spacer\" data-id=\"97e17f9\" data-element_type=\"widget\" data-e-type=\"widget\" data-widget_type=\"spacer.default\">\n\t\t\t\t<div class=\"elementor-widget-container\">\n\t\t\t\t\t\t\t<div class=\"elementor-spacer\">\n\t\t\t<div class=\"elementor-spacer-inner\"><\/div>\n\t\t<\/div>\n\t\t\t\t\t\t<\/div>\n\t\t\t\t<\/div>\n\t\t\t\t\t<\/div>\n\t\t<\/div>\n\t\t\t\t\t<\/div>\n\t\t<\/section>\n\t\t\t\t<section class=\"elementor-section elementor-top-section elementor-element elementor-element-a0254b3 elementor-section-boxed elementor-section-height-default elementor-section-height-default\" data-id=\"a0254b3\" data-element_type=\"section\" data-e-type=\"section\">\n\t\t\t\t\t\t<div class=\"elementor-container elementor-column-gap-default\">\n\t\t\t\t\t<div class=\"elementor-column elementor-col-100 elementor-top-column elementor-element elementor-element-d8a0f5d\" data-id=\"d8a0f5d\" data-element_type=\"column\" data-e-type=\"column\">\n\t\t\t<div class=\"elementor-widget-wrap elementor-element-populated\">\n\t\t\t\t\t\t<div class=\"elementor-element elementor-element-3b819ca elementor-widget elementor-widget-heading\" data-id=\"3b819ca\" data-element_type=\"widget\" data-e-type=\"widget\" data-widget_type=\"heading.default\">\n\t\t\t\t<div class=\"elementor-widget-container\">\n\t\t\t\t\t<h2 class=\"elementor-heading-title elementor-size-default\"><h2 data-elementor-setting-key=\"title\" data-pen-placeholder=\"Ide \u00edrj...\" style=\"font-family: Alegreya, sans-serif\">Tisztelt Sz\u00fcl\u0151k!<\/h2><\/h2>\t\t\t\t<\/div>\n\t\t\t\t<\/div>\n\t\t\t\t\t<\/div>\n\t\t<\/div>\n\t\t\t\t\t<\/div>\n\t\t<\/section>\n\t\t\t\t<section class=\"elementor-section elementor-top-section elementor-element elementor-element-cd3d988 elementor-section-boxed elementor-section-height-default elementor-section-height-default\" data-id=\"cd3d988\" data-element_type=\"section\" data-e-type=\"section\">\n\t\t\t\t\t\t<div class=\"elementor-container elementor-column-gap-default\">\n\t\t\t\t\t<div class=\"elementor-column elementor-col-100 elementor-top-column elementor-element elementor-element-618e812\" data-id=\"618e812\" data-element_type=\"column\" data-e-type=\"column\">\n\t\t\t<div class=\"elementor-widget-wrap elementor-element-populated\">\n\t\t\t\t\t\t<div class=\"elementor-element elementor-element-9bc35bc elementor-widget elementor-widget-spacer\" data-id=\"9bc35bc\" data-element_type=\"widget\" data-e-type=\"widget\" data-widget_type=\"spacer.default\">\n\t\t\t\t<div class=\"elementor-widget-container\">\n\t\t\t\t\t\t\t<div class=\"elementor-spacer\">\n\t\t\t<div class=\"elementor-spacer-inner\"><\/div>\n\t\t<\/div>\n\t\t\t\t\t\t<\/div>\n\t\t\t\t<\/div>\n\t\t\t\t\t<\/div>\n\t\t<\/div>\n\t\t\t\t\t<\/div>\n\t\t<\/section>\n\t\t\t\t<section class=\"elementor-section elementor-top-section elementor-element elementor-element-6151e5c elementor-section-boxed elementor-section-height-default elementor-section-height-default\" data-id=\"6151e5c\" data-element_type=\"section\" data-e-type=\"section\">\n\t\t\t\t\t\t<div class=\"elementor-container elementor-column-gap-default\">\n\t\t\t\t\t<div class=\"elementor-column elementor-col-100 elementor-top-column elementor-element elementor-element-eb5d322\" data-id=\"eb5d322\" data-element_type=\"column\" data-e-type=\"column\">\n\t\t\t<div class=\"elementor-widget-wrap elementor-element-populated\">\n\t\t\t\t\t\t<div class=\"elementor-element elementor-element-df793eb elementor-widget elementor-widget-text-editor\" data-id=\"df793eb\" data-element_type=\"widget\" data-e-type=\"widget\" data-widget_type=\"text-editor.default\">\n\t\t\t\t<div class=\"elementor-widget-container\">\n\t\t\t\t\t\t\t\t\t<p>Az el\u0151z\u0151 tan\u00e9vehez hasonl\u00f3an\u00a0 iskol\u00e1nk 2025\/2026-\u00f6s tan\u00e9vre vonatkoz\u00f3 tank\u00f6nyvrendel\u00e9se online fel\u00fcleten fog megt\u00f6rt\u00e9nni.<\/p>\n<p>K\u00e9rj\u00fck \u00d6n\u00f6ket, hogy alaposan olvass\u00e1k el az al\u00e1bbi sorokat, amik a tank\u00f6nyvrendel\u00e9ssel kapcsolatosan tartalmaznak fontos tudnival\u00f3kat!\u00a0<\/p>\n<p>Meg\u00e9rt\u00e9s\u00fcket \u00e9s seg\u00edt\u0151 egy\u00fcttm\u00fck\u00f6d\u00e9s\u00fcket ez\u00faton is k\u00f6sz\u00f6nj\u00fck!<\/p>\t\t\t\t\t\t\t\t<\/div>\n\t\t\t\t<\/div>\n\t\t\t\t\t<\/div>\n\t\t<\/div>\n\t\t\t\t\t<\/div>\n\t\t<\/section>\n\t\t\t\t<section class=\"elementor-section elementor-top-section elementor-element elementor-element-baddf61 elementor-section-boxed elementor-section-height-default elementor-section-height-default\" data-id=\"baddf61\" data-element_type=\"section\" data-e-type=\"section\">\n\t\t\t\t\t\t<div class=\"elementor-container elementor-column-gap-default\">\n\t\t\t\t\t<div class=\"elementor-column elementor-col-100 elementor-top-column elementor-element elementor-element-d6f18d6\" data-id=\"d6f18d6\" data-element_type=\"column\" data-e-type=\"column\">\n\t\t\t<div class=\"elementor-widget-wrap elementor-element-populated\">\n\t\t\t\t\t\t<div class=\"elementor-element elementor-element-fdbda03 elementor-widget elementor-widget-spacer\" data-id=\"fdbda03\" data-element_type=\"widget\" data-e-type=\"widget\" data-widget_type=\"spacer.default\">\n\t\t\t\t<div class=\"elementor-widget-container\">\n\t\t\t\t\t\t\t<div class=\"elementor-spacer\">\n\t\t\t<div class=\"elementor-spacer-inner\"><\/div>\n\t\t<\/div>\n\t\t\t\t\t\t<\/div>\n\t\t\t\t<\/div>\n\t\t\t\t\t<\/div>\n\t\t<\/div>\n\t\t\t\t\t<\/div>\n\t\t<\/section>\n\t\t\t\t<section class=\"elementor-section elementor-top-section elementor-element elementor-element-a039c6d elementor-section-boxed elementor-section-height-default elementor-section-height-default\" data-id=\"a039c6d\" data-element_type=\"section\" data-e-type=\"section\">\n\t\t\t\t\t\t<div class=\"elementor-container elementor-column-gap-default\">\n\t\t\t\t\t<div class=\"elementor-column elementor-col-100 elementor-top-column elementor-element elementor-element-d0082f1\" data-id=\"d0082f1\" data-element_type=\"column\" data-e-type=\"column\">\n\t\t\t<div class=\"elementor-widget-wrap elementor-element-populated\">\n\t\t\t\t\t\t<div class=\"elementor-element elementor-element-7bf2d12 elementor-widget elementor-widget-heading\" data-id=\"7bf2d12\" data-element_type=\"widget\" data-e-type=\"widget\" data-widget_type=\"heading.default\">\n\t\t\t\t<div class=\"elementor-widget-container\">\n\t\t\t\t\t<h2 class=\"elementor-heading-title elementor-size-default\">Fontos inform\u00e1ci\u00f3k a tank\u00f6nyvrendel\u00e9ssel kapcsolatban<\/h2>\t\t\t\t<\/div>\n\t\t\t\t<\/div>\n\t\t\t\t\t<\/div>\n\t\t<\/div>\n\t\t\t\t\t<\/div>\n\t\t<\/section>\n\t\t\t\t<section class=\"elementor-section elementor-top-section elementor-element elementor-element-14ca92a elementor-section-boxed elementor-section-height-default elementor-section-height-default\" data-id=\"14ca92a\" data-element_type=\"section\" data-e-type=\"section\">\n\t\t\t\t\t\t<div class=\"elementor-container elementor-column-gap-default\">\n\t\t\t\t\t<div class=\"elementor-column elementor-col-100 elementor-top-column elementor-element elementor-element-749eca3\" data-id=\"749eca3\" data-element_type=\"column\" data-e-type=\"column\">\n\t\t\t<div class=\"elementor-widget-wrap elementor-element-populated\">\n\t\t\t\t\t\t<div class=\"elementor-element elementor-element-9c24d3a elementor-widget elementor-widget-text-editor\" data-id=\"9c24d3a\" data-element_type=\"widget\" data-e-type=\"widget\" data-widget_type=\"text-editor.default\">\n\t\t\t\t<div class=\"elementor-widget-container\">\n\t\t\t\t\t\t\t\t\t<p>Iskol\u00e1nk a t\u00f6rv\u00e9nyi szab\u00e1lyoz\u00e1soknak megfelel\u0151en a 9.-16. \u00e9vfolyam minden tanul\u00f3ja sz\u00e1m\u00e1ra t\u00e9r\u00edt\u00e9smentesen biztos\u00edtja a tank\u00f6nyveket, ami azt jelenti, hogy a tan\u00e9v elej\u00e9n INGYENESEN kapj\u00e1k meg a tank\u00f6nyveket az iskola k\u00f6nyvt\u00e1r\u00e1b\u00f3l, amiket a tan\u00e9v v\u00e9g\u00e9n VISSZA KELL ADNIUK. (Ez al\u00f3l kiv\u00e9telt k\u00e9peznek a munkaf\u00fczetek, azokat NEM KELL a tan\u00e9v v\u00e9g\u00e9n visszaadni.)<\/p>\t\t\t\t\t\t\t\t<\/div>\n\t\t\t\t<\/div>\n\t\t\t\t\t<\/div>\n\t\t<\/div>\n\t\t\t\t\t<\/div>\n\t\t<\/section>\n\t\t\t\t<section class=\"elementor-section elementor-top-section elementor-element elementor-element-f80908b elementor-section-boxed elementor-section-height-default elementor-section-height-default\" data-id=\"f80908b\" data-element_type=\"section\" data-e-type=\"section\">\n\t\t\t\t\t\t<div class=\"elementor-container elementor-column-gap-default\">\n\t\t\t\t\t<div class=\"elementor-column elementor-col-100 elementor-top-column elementor-element elementor-element-34cb72a\" data-id=\"34cb72a\" data-element_type=\"column\" data-e-type=\"column\">\n\t\t\t<div class=\"elementor-widget-wrap elementor-element-populated\">\n\t\t\t\t\t\t<div class=\"elementor-element elementor-element-b3df9bd elementor-widget elementor-widget-text-editor\" data-id=\"b3df9bd\" data-element_type=\"widget\" data-e-type=\"widget\" data-widget_type=\"text-editor.default\">\n\t\t\t\t<div class=\"elementor-widget-container\">\n\t\t\t\t\t\t\t\t\t<p>\u2022 Tank\u00f6nyvrendel\u00e9si hat\u00e1rid\u0151: <strong>2025. \u00e1prilis. 22.<\/strong><\/p><p>\u2022 Az ingyenes tank\u00f6nyveket a tanul\u00f3 k\u00f6teles a tan\u00e9v v\u00e9g\u00e9n megk\u00edm\u00e9lt \u00e1llapotban leadni.<\/p><p>\u2022 Amennyiben a k\u00f6lcs\u00f6nz\u00f6tt tank\u00f6nyv a tan\u00e9v v\u00e9g\u00e9re haszn\u00e1lhatatlann\u00e1 v\u00e1lik, visszav\u00e9tel\u00e9t nem tudjuk biztos\u00edtani, a tank\u00f6nyv ellen\u00e9rt\u00e9k\u00e9t ki kell fizetni.<\/p><p>\u2022 Az iskol\u00e1ba felvett \u00faj tanul\u00f3k eset\u00e9ben a tank\u00f6nyvrendel\u00e9s a k\u00e9s\u0151bb kihirdetett beiratkoz\u00e1s napj\u00e1n fog megt\u00f6rt\u00e9nni.<\/p><p>\u2022 A tank\u00f6nyvek \u00e1tv\u00e9tel\u00e9re <strong>2025. augusztus 20.<\/strong> ut\u00e1n ker\u00fcl sor az iskola honlapj\u00e1n (<strong>www.zwackkeri.hu<\/strong>) jelzett id\u0151pontban \u00e9s helysz\u00ednen.<\/p>\t\t\t\t\t\t\t\t<\/div>\n\t\t\t\t<\/div>\n\t\t\t\t\t<\/div>\n\t\t<\/div>\n\t\t\t\t\t<\/div>\n\t\t<\/section>\n\t\t\t\t<section class=\"elementor-section elementor-top-section elementor-element elementor-element-ee3a399 elementor-section-boxed elementor-section-height-default elementor-section-height-default\" data-id=\"ee3a399\" data-element_type=\"section\" data-e-type=\"section\">\n\t\t\t\t\t\t<div class=\"elementor-container elementor-column-gap-default\">\n\t\t\t\t\t<div class=\"elementor-column elementor-col-100 elementor-top-column elementor-element elementor-element-1f26afa\" data-id=\"1f26afa\" data-element_type=\"column\" data-e-type=\"column\">\n\t\t\t<div class=\"elementor-widget-wrap elementor-element-populated\">\n\t\t\t\t\t\t<div class=\"elementor-element elementor-element-4c487cc elementor-align-center elementor-widget elementor-widget-button\" data-id=\"4c487cc\" data-element_type=\"widget\" data-e-type=\"widget\" data-widget_type=\"button.default\">\n\t\t\t\t<div class=\"elementor-widget-container\">\n\t\t\t\t\t\t\t\t\t<div class=\"elementor-button-wrapper\">\n\t\t\t\t\t<a class=\"elementor-button elementor-button-link elementor-size-xl\" href=\"index.php\/iskolatipus-kivalasztasa\">\n\t\t\t\t\t\t<span class=\"elementor-button-content-wrapper\">\n\t\t\t\t\t\t\t\t\t<span class=\"elementor-button-text\">Leadom a tank\u00f6nyvrendel\u00e9sem<\/span>\n\t\t\t\t\t<\/span>\n\t\t\t\t\t<\/a>\n\t\t\t\t<\/div>\n\t\t\t\t\t\t\t\t<\/div>\n\t\t\t\t<\/div>\n\t\t\t\t\t<\/div>\n\t\t<\/div>\n\t\t\t\t\t<\/div>\n\t\t<\/section>\n\t\t\t\t<\/div>\n\t\t","protected":false},"excerpt":{"rendered":"<p>Tisztelt Sz\u00fcl\u0151k! Az el\u0151z\u0151 tan\u00e9vehez hasonl\u00f3an\u00a0 iskol\u00e1nk 2025\/2026-\u00f6s tan\u00e9vre vonatkoz\u00f3 tank\u00f6nyvrendel\u00e9se online fel\u00fcleten fog megt\u00f6rt\u00e9nni. K\u00e9rj\u00fck \u00d6n\u00f6ket, hogy alaposan olvass\u00e1k el az al\u00e1bbi sorokat, amik a tank\u00f6nyvrendel\u00e9ssel kapcsolatosan tartalmaznak fontos tudnival\u00f3kat!\u00a0 Meg\u00e9rt\u00e9s\u00fcket \u00e9s seg\u00edt\u0151 egy\u00fcttm\u00fck\u00f6d\u00e9s\u00fcket ez\u00faton is k\u00f6sz\u00f6nj\u00fck! Fontos inform\u00e1ci\u00f3k a tank\u00f6nyvrendel\u00e9ssel kapcsolatban Iskol\u00e1nk a t\u00f6rv\u00e9nyi szab\u00e1lyoz\u00e1soknak megfelel\u0151en a 9.-16. \u00e9vfolyam minden tanul\u00f3ja sz\u00e1m\u00e1ra t\u00e9r\u00edt\u00e9smentesen [&hellip;]<\/p>\n","protected":false},"author":4,"featured_media":0,"parent":0,"menu_order":0,"comment_status":"closed","ping_status":"closed","template":"","meta":{"footnotes":""},"class_list":["post-37779","page","type-page","status-publish","hentry"],"_links":{"self":[{"href":"\/index.php\/wp-json\/wp\/v2\/pages\/37779","targetHints":{"allow":["GET"]}}],"collection":[{"href":"\/index.php\/wp-json\/wp\/v2\/pages"}],"about":[{"href":"\/index.php\/wp-json\/wp\/v2\/types\/page"}],"author":[{"embeddable":true,"href":"\/index.php\/wp-json\/wp\/v2\/users\/4"}],"replies":[{"embeddable":true,"href":"\/index.php\/wp-json\/wp\/v2\/comments?post=37779"}],"version-history":[{"count":21,"href":"\/index.php\/wp-json\/wp\/v2\/pages\/37779\/revisions"}],"predecessor-version":[{"id":48525,"href":"\/index.php\/wp-json\/wp\/v2\/pages\/37779\/revisions\/48525"}],"wp:attachment":[{"href":"\/index.php\/wp-json\/wp\/v2\/media?parent=37779"}],"curies":[{"name":"wp","href":"https:\/\/api.w.org\/{rel}","templated":true}]}}