{"id":37767,"date":"2024-04-04T12:06:05","date_gmt":"2024-04-04T11:06:05","guid":{"rendered":"\/?page_id=37767"},"modified":"2024-04-04T12:09:49","modified_gmt":"2024-04-04T11:09:49","slug":"kapcsolattarto-coordinator","status":"publish","type":"page","link":"\/index.php\/kapcsolattarto-coordinator\/","title":{"rendered":"Kapcsolattart\u00f3 &#8211; Coordinator"},"content":{"rendered":"\t\t<div data-elementor-type=\"wp-page\" data-elementor-id=\"37767\" class=\"elementor elementor-37767\" data-elementor-post-type=\"page\">\n\t\t\t\t\t\t<section class=\"elementor-section elementor-top-section elementor-element elementor-element-5ed39c1 elementor-section-boxed elementor-section-height-default elementor-section-height-default\" data-id=\"5ed39c1\" data-element_type=\"section\" data-e-type=\"section\">\n\t\t\t\t\t\t<div class=\"elementor-container elementor-column-gap-default\">\n\t\t\t\t\t<div class=\"elementor-column elementor-col-100 elementor-top-column elementor-element elementor-element-608f680\" data-id=\"608f680\" data-element_type=\"column\" data-e-type=\"column\">\n\t\t\t<div class=\"elementor-widget-wrap elementor-element-populated\">\n\t\t\t\t\t\t<div class=\"elementor-element elementor-element-2d33f82 elementor-widget elementor-widget-spacer\" data-id=\"2d33f82\" data-element_type=\"widget\" data-e-type=\"widget\" data-widget_type=\"spacer.default\">\n\t\t\t\t<div class=\"elementor-widget-container\">\n\t\t\t\t\t\t\t<div class=\"elementor-spacer\">\n\t\t\t<div class=\"elementor-spacer-inner\"><\/div>\n\t\t<\/div>\n\t\t\t\t\t\t<\/div>\n\t\t\t\t<\/div>\n\t\t\t\t\t<\/div>\n\t\t<\/div>\n\t\t\t\t\t<\/div>\n\t\t<\/section>\n\t\t\t\t<section class=\"elementor-section elementor-top-section elementor-element elementor-element-1567209 elementor-section-boxed elementor-section-height-default elementor-section-height-default\" data-id=\"1567209\" data-element_type=\"section\" data-e-type=\"section\">\n\t\t\t\t\t\t<div class=\"elementor-container elementor-column-gap-default\">\n\t\t\t\t\t<div class=\"elementor-column elementor-col-100 elementor-top-column elementor-element elementor-element-fd5e23b\" data-id=\"fd5e23b\" data-element_type=\"column\" data-e-type=\"column\">\n\t\t\t<div class=\"elementor-widget-wrap elementor-element-populated\">\n\t\t\t\t\t\t<div class=\"elementor-element elementor-element-363e758 elementor-widget elementor-widget-text-editor\" data-id=\"363e758\" data-element_type=\"widget\" data-e-type=\"widget\" data-widget_type=\"text-editor.default\">\n\t\t\t\t<div class=\"elementor-widget-container\">\n\t\t\t\t\t\t\t\t\t<p><strong>KA01 p\u00e1ly\u00e1zat (KA01 projekt)<\/strong><\/p><p>Kis Gabriella &#8211; Mrs Gabriella Kis<\/p><p>Sajti Gr\u00e9ta &#8211; Mrs Greta Sajti<\/p><p>\u00a0<\/p><p><strong>KA02 p\u00e1ly\u00e1zat (KA02 projekt)<\/strong><\/p><p>Erd\u00e9lyi Lajosn\u00e9 &#8211; Mrs Lajosn\u00e9 Erd\u00e9lyi<\/p><p>Zsilinszki-Kutasi Ang\u00e9la &#8211; Mrs Ang\u00e9la Zsilinszki-Kutasi<\/p><p>\u00a0<\/p><p><strong>El\u00e9rhet\u0151s\u00e9g &#8211; availability\u00a0<\/strong><\/p><p>telefon (phone) +36 66 445 845<\/p><p>email: zwackerasmus@gmail.com<\/p>\t\t\t\t\t\t\t\t<\/div>\n\t\t\t\t<\/div>\n\t\t\t\t\t<\/div>\n\t\t<\/div>\n\t\t\t\t\t<\/div>\n\t\t<\/section>\n\t\t\t\t<\/div>\n\t\t","protected":false},"excerpt":{"rendered":"<p>KA01 p\u00e1ly\u00e1zat (KA01 projekt) Kis Gabriella &#8211; Mrs Gabriella Kis Sajti Gr\u00e9ta &#8211; Mrs Greta Sajti \u00a0 KA02 p\u00e1ly\u00e1zat (KA02 projekt) Erd\u00e9lyi Lajosn\u00e9 &#8211; Mrs Lajosn\u00e9 Erd\u00e9lyi Zsilinszki-Kutasi Ang\u00e9la &#8211; Mrs Ang\u00e9la Zsilinszki-Kutasi \u00a0 El\u00e9rhet\u0151s\u00e9g &#8211; availability\u00a0 telefon (phone) +36 66 445 845 email: zwackerasmus@gmail.com<\/p>\n","protected":false},"author":4,"featured_media":0,"parent":0,"menu_order":0,"comment_status":"closed","ping_status":"closed","template":"","meta":{"footnotes":""},"class_list":["post-37767","page","type-page","status-publish","hentry"],"_links":{"self":[{"href":"\/index.php\/wp-json\/wp\/v2\/pages\/37767","targetHints":{"allow":["GET"]}}],"collection":[{"href":"\/index.php\/wp-json\/wp\/v2\/pages"}],"about":[{"href":"\/index.php\/wp-json\/wp\/v2\/types\/page"}],"author":[{"embeddable":true,"href":"\/index.php\/wp-json\/wp\/v2\/users\/4"}],"replies":[{"embeddable":true,"href":"\/index.php\/wp-json\/wp\/v2\/comments?post=37767"}],"version-history":[{"count":4,"href":"\/index.php\/wp-json\/wp\/v2\/pages\/37767\/revisions"}],"predecessor-version":[{"id":37772,"href":"\/index.php\/wp-json\/wp\/v2\/pages\/37767\/revisions\/37772"}],"wp:attachment":[{"href":"\/index.php\/wp-json\/wp\/v2\/media?parent=37767"}],"curies":[{"name":"wp","href":"https:\/\/api.w.org\/{rel}","templated":true}]}}