{"id":368,"date":"2020-04-15T12:52:03","date_gmt":"2020-04-15T11:52:03","guid":{"rendered":"\/?page_id=368"},"modified":"2025-09-12T10:30:10","modified_gmt":"2025-09-12T09:30:10","slug":"kozismeret-i-human-munkakozosseg","status":"publish","type":"page","link":"\/index.php\/kozismeret-i-human-munkakozosseg\/","title":{"rendered":"K\u00f6zismereti munkak\u00f6z\u00f6ss\u00e9g"},"content":{"rendered":"\t\t<div data-elementor-type=\"wp-page\" data-elementor-id=\"368\" class=\"elementor elementor-368\" data-elementor-post-type=\"page\">\n\t\t\t\t\t\t<section class=\"elementor-section elementor-top-section elementor-element elementor-element-f30c9bf elementor-section-boxed elementor-section-height-default elementor-section-height-default\" data-id=\"f30c9bf\" data-element_type=\"section\" data-e-type=\"section\">\n\t\t\t\t\t\t<div class=\"elementor-container elementor-column-gap-default\">\n\t\t\t\t\t<div class=\"elementor-column elementor-col-100 elementor-top-column elementor-element elementor-element-7d09c74\" data-id=\"7d09c74\" data-element_type=\"column\" data-e-type=\"column\">\n\t\t\t<div class=\"elementor-widget-wrap elementor-element-populated\">\n\t\t\t\t\t\t<div class=\"elementor-element elementor-element-dd60cd5 elementor-widget__width-initial elementor-widget elementor-widget-text-editor\" data-id=\"dd60cd5\" data-element_type=\"widget\" data-e-type=\"widget\" data-widget_type=\"text-editor.default\">\n\t\t\t\t<div class=\"elementor-widget-container\">\n\t\t\t\t\t\t\t\t\t<p>Els\u0151dleges c\u00e9lunk a tanul\u00f3k sikeres felk\u00e9sz\u00edt\u00e9se a szakmai \u00e9s \u00e9retts\u00e9gi vizsg\u00e1kra. Igen nagy hangs\u00falyt fektet\u00fcnk a tehets\u00e9ggondoz\u00e1sra \u00e9s az \u00faj oktat\u00e1stechnikai eszk\u00f6z\u00f6k tan\u00f3rai alkalmaz\u00e1s\u00e1ra.<\/p><p>Tanul\u00f3ink rendszeresen vesznek r\u00e9szt v\u00e1rosi, megyei, orsz\u00e1gos versenyeken. Az Orsz\u00e1gos Szakiskolai K\u00f6zismereti Tanulm\u00e1nyi Versenyen tanul\u00f3ink el\u0151kel\u0151 helyen szerepelnek.<\/p><p>Rendhagy\u00f3 t\u00f6rt\u00e9nelem\u00f3ra keret\u00e9ben 10. oszt\u00e1lyos tanul\u00f3ink a Parlamentbe l\u00e1togatnak el k\u00f6zel 10 \u00e9ve, m\u00edg a 12. \u00e9vfolyamosok a Terror H\u00e1za M\u00fazeumot \u00e9s a Holokauszt Eml\u00e9kk\u00f6zpontot keresik fel. Rendszeresen szervez\u00fcnk a tan\u00e9vben k\u00f6zismereti napokat, versenyeket, \u00fcnneps\u00e9geket, megeml\u00e9kez\u00e9seket.\u00a0<\/p><p>A tan\u00edt\u00e1si \u00f3r\u00e1kon a modern oktat\u00e1stechnikai m\u00f3dszerek alkalmaz\u00e1s\u00e1val \u00e9rdekes, j\u00e1t\u00e9kos form\u00e1ban ismerkedhetnek meg tanul\u00f3ink a tananyaggal.<\/p><p><span style=\"text-decoration: underline;\"><strong>Szakk\u00f6r\u00f6k, felk\u00e9sz\u00edt\u00e9sek:<\/strong><\/span><\/p><p>\u2022 \u00c9retts\u00e9gi vizsg\u00e1ra felk\u00e9sz\u00edt\u00e9s<\/p><p>\u2022 Tant\u00e1rgyi korrepet\u00e1l\u00e1s<\/p><p>\u2022 Versenyekre felk\u00e9sz\u00edt\u0151 foglalkoz\u00e1sok<\/p><p>\u2022 Sportk\u00f6r\u00f6k: labdar\u00fag\u00e1s, k\u00e9zilabda, r\u00f6plabda, kos\u00e1rlabda (ig\u00e9ny \u00e9s lehet\u0151s\u00e9g szerint fi\u00fa \u00e9s l\u00e1ny csapatokat is szervez\u00fcnk).<\/p><p>\u00a0<\/p><p><b><u>N\u00e9h\u00e1ny verseny, amelyen r\u00e9szt vett\u00fcnk \u00e9s eredm\u00e9nyesen szerepelt\u00fcnk:<\/u><\/b><\/p><p>\u2022 Nagy Imre Eml\u00e9kverseny,<\/p><p>\u2022 \u00c9des Anyanyelv\u00fcnk Megyei Nyelvhaszn\u00e1lati Verseny,<\/p><p>\u2022 M\u00e9lykv\u00edz orsz\u00e1gos telev\u00edzi\u00f3s m\u0171velts\u00e9gi vet\u00e9lked\u0151<\/p><p>\u2022 A F\u00f6ldg\u00f6mb \u2013 VIII. Nemzetk\u00f6zi K\u00f6z\u00e9piskolai F\u00f6ldrajzverseny<\/p><p>\u2022 TIT Tehets\u00e9ggondoz\u00f3 Orsz\u00e1gos Tanulm\u00e1nyi Verseny<\/p><p>\u2022 Orsz\u00e1gos, megyei, v\u00e1rosi bajnoks\u00e1gok sz\u00e1mos sport\u00e1gban,<\/p><p>\u2022 Di\u00e1kolimpiai r\u00e9szv\u00e9tel sz\u00e1mos sport\u00e1gban,<\/p><p>\u2022 K\u00f6z\u00e9piskolai Sportpar\u00e1d\u00e9,<\/p><p>\u2022 K\u00f6rnyezetv\u00e9delmi vet\u00e9lked\u0151,<\/p><p>\u2022 Eg\u00e9szs\u00e9g\u00fcgyi vet\u00e9lked\u0151,<\/p><p>\u2022 Haditorna,<\/p><p>\u2022 OSZKTV, OKTV,<\/p><p>\u2022 Fair Play Cup K\u00f6z\u00e9piskolai Labdar\u00fag\u00f3 Program.<\/p>\t\t\t\t\t\t\t\t<\/div>\n\t\t\t\t<\/div>\n\t\t\t\t\t<\/div>\n\t\t<\/div>\n\t\t\t\t\t<\/div>\n\t\t<\/section>\n\t\t\t\t<section class=\"elementor-section elementor-top-section elementor-element elementor-element-45bcf6b elementor-section-boxed elementor-section-height-default elementor-section-height-default\" data-id=\"45bcf6b\" data-element_type=\"section\" data-e-type=\"section\">\n\t\t\t\t\t\t<div class=\"elementor-container elementor-column-gap-default\">\n\t\t\t\t\t<div class=\"elementor-column elementor-col-100 elementor-top-column elementor-element elementor-element-de03e42\" data-id=\"de03e42\" data-element_type=\"column\" data-e-type=\"column\">\n\t\t\t<div class=\"elementor-widget-wrap\">\n\t\t\t\t\t\t\t<\/div>\n\t\t<\/div>\n\t\t\t\t\t<\/div>\n\t\t<\/section>\n\t\t\t\t<section class=\"elementor-section elementor-top-section elementor-element elementor-element-8b6d203 elementor-section-boxed elementor-section-height-default elementor-section-height-default\" data-id=\"8b6d203\" data-element_type=\"section\" data-e-type=\"section\">\n\t\t\t\t\t\t<div class=\"elementor-container elementor-column-gap-default\">\n\t\t\t\t\t<div class=\"elementor-column elementor-col-100 elementor-top-column elementor-element elementor-element-b887f6a\" data-id=\"b887f6a\" data-element_type=\"column\" data-e-type=\"column\">\n\t\t\t<div class=\"elementor-widget-wrap elementor-element-populated\">\n\t\t\t\t\t\t<div class=\"elementor-element elementor-element-68bb46b elementor-widget elementor-widget-text-editor\" data-id=\"68bb46b\" data-element_type=\"widget\" data-e-type=\"widget\" data-widget_type=\"text-editor.default\">\n\t\t\t\t<div class=\"elementor-widget-container\">\n\t\t\t\t\t\t\t\t\t<p><strong>Munkak\u00f6z\u00f6ss\u00e9g\u00fcnk tagjai:<\/strong><\/p>\t\t\t\t\t\t\t\t<\/div>\n\t\t\t\t<\/div>\n\t\t\t\t\t<\/div>\n\t\t<\/div>\n\t\t\t\t\t<\/div>\n\t\t<\/section>\n\t\t\t\t<section class=\"elementor-section elementor-top-section elementor-element elementor-element-6d8765d elementor-section-boxed elementor-section-height-default elementor-section-height-default\" data-id=\"6d8765d\" data-element_type=\"section\" data-e-type=\"section\">\n\t\t\t\t\t\t<div class=\"elementor-container elementor-column-gap-default\">\n\t\t\t\t\t<div class=\"elementor-column elementor-col-100 elementor-top-column elementor-element elementor-element-d845719\" data-id=\"d845719\" data-element_type=\"column\" data-e-type=\"column\">\n\t\t\t<div class=\"elementor-widget-wrap elementor-element-populated\">\n\t\t\t\t\t\t<div class=\"elementor-element elementor-element-89e9c58 elementor-widget elementor-widget-text-editor\" data-id=\"89e9c58\" data-element_type=\"widget\" data-e-type=\"widget\" data-widget_type=\"text-editor.default\">\n\t\t\t\t<div class=\"elementor-widget-container\">\n\t\t\t\t\t\t\t\t\t<p><strong>Zsilinszki-Kutasi Ang\u00e9la<\/strong><\/p><p style=\"padding-left: 40px;\">munkak\u00f6z\u00f6ss\u00e9g-vezet\u0151<\/p><p style=\"padding-left: 40px;\">sz\u00e1m\u00edt\u00e1stechnika szakos tan\u00e1r<\/p><p style=\"padding-left: 40px;\">okleveles informatikatan\u00e1r<\/p><p style=\"padding-left: 40px;\">szakvizsg\u00e1zott pedag\u00f3gus, k\u00f6zoktat\u00e1si vezet\u0151<\/p><p><strong>Bagi Csaba Lajos<\/strong><\/p><p style=\"padding-left: 40px;\">okleveles fizikatan\u00e1r<\/p><p style=\"padding-left: 40px;\">matematika-fizika szakos tan\u00e1r<\/p><p><strong>B\u00e1nfi Edina<\/strong><\/p><p style=\"padding-left: 40px;\">biol\u00f3gia-k\u00e9mia szakos tan\u00e1r<\/p><p style=\"padding-left: 40px;\">term\u00e9szettudom\u00e1ny-k\u00f6rnyezettan szakos tan\u00e1r<\/p><p style=\"padding-left: 40px;\">szakvizsg\u00e1zott pedag\u00f3gus, k\u00f6zoktat\u00e1si vezet\u0151<\/p><p style=\"padding-left: 40px;\">k\u00f6znevel\u00e9si \u00e9s csal\u00e1djogi szakm\u00f3dszertanos pedag\u00f3gus<\/p><p style=\"padding-left: 40px;\">sportedz\u0151<\/p><p><strong>Beh\u00e1nn\u00e9 Sz\u0171cs Anett <\/strong><\/p><p style=\"padding-left: 40px;\">magyar nyelv \u00e9s irodalom szakos b\u00f6lcs\u00e9sz \u00e9s tan\u00e1r<\/p><p><strong>Borb\u00e9ly Szilvia<\/strong><\/p><p style=\"padding-left: 40px;\">nevel\u0151tan\u00e1r<\/p><p style=\"padding-left: 40px;\">gy\u00f3gypedag\u00f3gus, tanul\u00e1sban akad\u00e1lyozottak pedag\u00f3gi\u00e1ja szakos tan\u00e1r<\/p><p style=\"padding-left: 40px;\">szakvizsg\u00e1zott pedag\u00f3gus, pedag\u00f3giai terapeuta<\/p><p><strong>Botos Roland Benjamin<\/strong><\/p><p style=\"padding-left: 40px;\">okleveles testnevel\u0151tan\u00e1r<\/p><p style=\"padding-left: 40px;\">okleveles szakedz\u0151<\/p><p><strong>Di\u00f3szegi D\u00e1vid<\/strong><\/p><p style=\"padding-left: 40px;\">viselked\u00e9selemz\u0151<\/p><p style=\"padding-left: 40px;\">sportedz\u0151<\/p><p><strong>Gera Andrea<\/strong><\/p><p style=\"padding-left: 40px;\">okleveles t\u00f6rt\u00e9nelem szakos tan\u00e1r<\/p><p style=\"padding-left: 40px;\">okleveles f\u00f6ldrajz szakos tan\u00e1r<\/p><p><strong>Hoffmann D\u00e1niel Tibor<\/strong><\/p><p style=\"padding-left: 40px;\">informatikus m\u00e9rn\u00f6k<\/p><p style=\"padding-left: 40px;\">informatika szakos tan\u00e1r<\/p><p style=\"padding-left: 40px;\">sz\u00e1m\u00edt\u00e1stechnika szakos tan\u00e1r<\/p><p style=\"padding-left: 40px;\">szakvizsg\u00e1zott pedag\u00f3gus, k\u00f6zoktat\u00e1si vezet\u0151<\/p><p><strong>Koml\u00f3sin\u00e9 B\u00edr\u00f3 Erika<\/strong><\/p><p style=\"padding-left: 40px;\">okleveles f\u00f6ldrajz \u00e9s francia szakos tan\u00e1r<\/p><p><strong>L\u00e1za J\u00e1nos<\/strong><\/p><p style=\"padding-left: 40px;\">okleveles testnevel\u0151 tan\u00e1r<\/p><p style=\"padding-left: 40px;\">okleveles informatikatan\u00e1r<\/p><p><strong>M\u00e1k Be\u00e1ta<\/strong><\/p><p style=\"padding-left: 40px;\">t\u00f6rt\u00e9nelem szakos b\u00f6lcs\u00e9sz \u00e9s tan\u00e1r<\/p><p style=\"padding-left: 40px;\">magyar nyelv \u00e9s irodalom szakos tan\u00e1r<\/p><p><strong>Marik L\u00e1szl\u00f3 Csaba<\/strong><\/p><p style=\"padding-left: 40px;\">testnevel\u00e9s szakos tan\u00e1r<\/p><p style=\"padding-left: 40px;\">testnevel\u0151 tan\u00e1r<\/p><p style=\"padding-left: 40px;\">labdar\u00fag\u00f3 szakedz\u0151<\/p><p><strong>Melisn\u00e9 Hrivn\u00e1k M\u00e1ria Andrea<\/strong><\/p><p style=\"padding-left: 40px;\">okleveles matematikatan\u00e1r<\/p><p><strong>Moravszki J\u00e1nos<\/strong><\/p><p style=\"padding-left: 40px;\">sz\u00e1m\u00edt\u00e1stechnika szakos tan\u00e1r<\/p><p style=\"padding-left: 40px;\">informatikus k\u00f6nyvt\u00e1ros<\/p><p><strong>Nagy Istv\u00e1n Zsolt<\/strong><\/p><p style=\"padding-left: 40px;\">honv\u00e9delem oktat\u00f3<\/p><p><strong>Pcsolinszky J\u00falia<\/strong><\/p><p style=\"padding-left: 40px;\">magyar nyelv \u00e9s irodalom szakos b\u00f6lcs\u00e9sz \u00e9s tan\u00e1r<\/p><p><strong>Plaukity Zsuzsanna<\/strong><\/p><p style=\"padding-left: 40px;\">matematika-technika szakos \u00e1ltal\u00e1nos iskolai tan\u00e1r<\/p><p style=\"padding-left: 40px;\">sz\u00e1m\u00edt\u00e1stechnika szakos tan\u00e1r<\/p><p style=\"padding-left: 40px;\">okleveles technikatan\u00e1r<\/p><p style=\"padding-left: 40px;\">okleveles matematikatan\u00e1r<\/p><p><strong>Sajben G\u00e1bor<\/strong><\/p><p style=\"padding-left: 40px;\">testnevel\u00e9s-matematika szakos tan\u00e1r<\/p><p style=\"padding-left: 40px;\">okleveles k\u00f6z\u00e9piskolai matematikatan\u00e1r<\/p><p><strong>S\u00e1ndor Judit<\/strong><\/p><p style=\"padding-left: 40px;\">okleveles k\u00f6z\u00e9piskolai f\u00f6ldrajztan\u00e1r \u00e9s okleveles k\u00f6z\u00e9piskolai t\u00f6rt\u00e9nelemtan\u00e1r \u00e9s \u00e1llampolg\u00e1ri ismeretek tan\u00e1ra<\/p><p><strong>So\u00f3s Istv\u00e1n<\/strong><\/p><p style=\"padding-left: 40px;\">okleveles t\u00f6rt\u00e9nelem szakos b\u00f6lcs\u00e9sz \u00e9s tan\u00e1r<\/p><p style=\"padding-left: 40px;\">okleveles f\u00f6ldrajz szakos tan\u00e1r<\/p><p><strong>Sutyinszki Enik\u0151<\/strong><\/p><p style=\"padding-left: 40px;\">matematika szakos tan\u00e1r<\/p><p style=\"padding-left: 40px;\">okleveles katolikus hittan\u00e1r szakos k\u00f6z\u00e9piskolai tan\u00e1r<\/p><p><strong>Szab\u00f3n\u00e9 Csendes Ildik\u00f3<\/strong><\/p><p style=\"padding-left: 40px;\">testnevel\u0151 tan\u00e1r<\/p><p style=\"padding-left: 40px;\">okleveles testnevel\u0151 tan\u00e1r<\/p><p><strong>T\u00f3th G. Ildik\u00f3<\/strong><\/p><p style=\"padding-left: 40px;\">okleveles nyelv- \u00e9s besz\u00e9dfejleszt\u0151 tan\u00e1r<\/p><p style=\"padding-left: 40px;\">szakvizsg\u00e1zott pedag\u00f3gus (nyelv \u00e9s besz\u00e9dfejleszt\u00e9s ter\u00fcleten)<\/p><p style=\"padding-left: 40px;\">gy\u00f3gypedag\u00f3gus logop\u00e9dia szakir\u00e1nyon<\/p><p><strong>V\u00e1rfalvin\u00e9 Vincze \u00c1gnes<\/strong><\/p><p style=\"padding-left: 40px;\">magyar nyelv \u00e9s irodalom szakos tan\u00e1r<\/p><p style=\"padding-left: 40px;\">okleveles magyar nyelv \u00e9s irodalom szakos b\u00f6lcs\u00e9sz \u00e9s tan\u00e1r<\/p><p style=\"padding-left: 40px;\">szakvizsg\u00e1zott pedag\u00f3gus, k\u00f6zoktat\u00e1si vezet\u0151<\/p><p><strong>Vodil\u00e1n\u00e9 Borsos Ildik\u00f3<\/strong><\/p><p style=\"padding-left: 40px;\">magyar szakos k\u00f6z\u00e9piskolai tan\u00e1r<\/p><p style=\"padding-left: 40px;\">magyar &#8211; orosz szakos \u00e1ltal\u00e1nos iskolai tan\u00e1r<\/p>\t\t\t\t\t\t\t\t<\/div>\n\t\t\t\t<\/div>\n\t\t\t\t\t<\/div>\n\t\t<\/div>\n\t\t\t\t\t<\/div>\n\t\t<\/section>\n\t\t\t\t<section class=\"elementor-section elementor-top-section elementor-element elementor-element-106e58d elementor-section-boxed elementor-section-height-default elementor-section-height-default\" data-id=\"106e58d\" data-element_type=\"section\" data-e-type=\"section\">\n\t\t\t\t\t\t<div class=\"elementor-container elementor-column-gap-default\">\n\t\t\t\t\t<div class=\"elementor-column elementor-col-100 elementor-top-column elementor-element elementor-element-1e5db29\" data-id=\"1e5db29\" data-element_type=\"column\" data-e-type=\"column\">\n\t\t\t<div class=\"elementor-widget-wrap elementor-element-populated\">\n\t\t\t\t\t\t<section class=\"elementor-section elementor-inner-section elementor-element elementor-element-7842fea elementor-section-boxed elementor-section-height-default elementor-section-height-default\" data-id=\"7842fea\" data-element_type=\"section\" data-e-type=\"section\">\n\t\t\t\t\t\t<div class=\"elementor-container elementor-column-gap-default\">\n\t\t\t\t\t<div class=\"elementor-column elementor-col-50 elementor-inner-column elementor-element elementor-element-c12df51\" data-id=\"c12df51\" data-element_type=\"column\" data-e-type=\"column\">\n\t\t\t<div class=\"elementor-widget-wrap\">\n\t\t\t\t\t\t\t<\/div>\n\t\t<\/div>\n\t\t\t\t<div class=\"elementor-column elementor-col-50 elementor-inner-column elementor-element elementor-element-dd548c0\" data-id=\"dd548c0\" data-element_type=\"column\" data-e-type=\"column\">\n\t\t\t<div class=\"elementor-widget-wrap\">\n\t\t\t\t\t\t\t<\/div>\n\t\t<\/div>\n\t\t\t\t\t<\/div>\n\t\t<\/section>\n\t\t\t\t\t<\/div>\n\t\t<\/div>\n\t\t\t\t\t<\/div>\n\t\t<\/section>\n\t\t\t\t<\/div>\n\t\t","protected":false},"excerpt":{"rendered":"<p>Els\u0151dleges c\u00e9lunk a tanul\u00f3k sikeres felk\u00e9sz\u00edt\u00e9se a szakmai \u00e9s \u00e9retts\u00e9gi vizsg\u00e1kra. Igen nagy hangs\u00falyt fektet\u00fcnk a tehets\u00e9ggondoz\u00e1sra \u00e9s az \u00faj oktat\u00e1stechnikai eszk\u00f6z\u00f6k tan\u00f3rai alkalmaz\u00e1s\u00e1ra. Tanul\u00f3ink rendszeresen vesznek r\u00e9szt v\u00e1rosi, megyei, orsz\u00e1gos versenyeken. Az Orsz\u00e1gos Szakiskolai K\u00f6zismereti Tanulm\u00e1nyi Versenyen tanul\u00f3ink el\u0151kel\u0151 helyen szerepelnek. Rendhagy\u00f3 t\u00f6rt\u00e9nelem\u00f3ra keret\u00e9ben 10. oszt\u00e1lyos tanul\u00f3ink a Parlamentbe l\u00e1togatnak el k\u00f6zel 10 \u00e9ve, [&hellip;]<\/p>\n","protected":false},"author":4,"featured_media":0,"parent":0,"menu_order":0,"comment_status":"closed","ping_status":"closed","template":"","meta":{"footnotes":""},"class_list":["post-368","page","type-page","status-publish","hentry"],"_links":{"self":[{"href":"\/index.php\/wp-json\/wp\/v2\/pages\/368","targetHints":{"allow":["GET"]}}],"collection":[{"href":"\/index.php\/wp-json\/wp\/v2\/pages"}],"about":[{"href":"\/index.php\/wp-json\/wp\/v2\/types\/page"}],"author":[{"embeddable":true,"href":"\/index.php\/wp-json\/wp\/v2\/users\/4"}],"replies":[{"embeddable":true,"href":"\/index.php\/wp-json\/wp\/v2\/comments?post=368"}],"version-history":[{"count":126,"href":"\/index.php\/wp-json\/wp\/v2\/pages\/368\/revisions"}],"predecessor-version":[{"id":54137,"href":"\/index.php\/wp-json\/wp\/v2\/pages\/368\/revisions\/54137"}],"wp:attachment":[{"href":"\/index.php\/wp-json\/wp\/v2\/media?parent=368"}],"curies":[{"name":"wp","href":"https:\/\/api.w.org\/{rel}","templated":true}]}}