{"id":36248,"date":"2024-03-06T08:19:55","date_gmt":"2024-03-06T07:19:55","guid":{"rendered":"\/?page_id=36248"},"modified":"2024-03-06T08:21:51","modified_gmt":"2024-03-06T07:21:51","slug":"1966-vendeglatoipari-elado","status":"publish","type":"page","link":"\/index.php\/1966-vendeglatoipari-elado\/","title":{"rendered":"1966 vend\u00e9gl\u00e1t\u00f3ipari elad\u00f3"},"content":{"rendered":"\t\t<div data-elementor-type=\"wp-page\" data-elementor-id=\"36248\" class=\"elementor elementor-36248\" data-elementor-post-type=\"page\">\n\t\t\t\t\t\t<section class=\"elementor-section elementor-top-section elementor-element elementor-element-8fcc4b2 elementor-section-boxed elementor-section-height-default elementor-section-height-default\" data-id=\"8fcc4b2\" data-element_type=\"section\" data-e-type=\"section\">\n\t\t\t\t\t\t<div class=\"elementor-container elementor-column-gap-default\">\n\t\t\t\t\t<div class=\"elementor-column elementor-col-100 elementor-top-column elementor-element elementor-element-305e3d6\" data-id=\"305e3d6\" data-element_type=\"column\" data-e-type=\"column\">\n\t\t\t<div class=\"elementor-widget-wrap elementor-element-populated\">\n\t\t\t\t\t\t<div class=\"elementor-element elementor-element-6c6395a elementor-widget elementor-widget-spacer\" data-id=\"6c6395a\" data-element_type=\"widget\" data-e-type=\"widget\" data-widget_type=\"spacer.default\">\n\t\t\t\t<div class=\"elementor-widget-container\">\n\t\t\t\t\t\t\t<div class=\"elementor-spacer\">\n\t\t\t<div class=\"elementor-spacer-inner\"><\/div>\n\t\t<\/div>\n\t\t\t\t\t\t<\/div>\n\t\t\t\t<\/div>\n\t\t\t\t\t<\/div>\n\t\t<\/div>\n\t\t\t\t\t<\/div>\n\t\t<\/section>\n\t\t\t\t<section class=\"elementor-section elementor-top-section elementor-element elementor-element-7b546e4 elementor-section-boxed elementor-section-height-default elementor-section-height-default\" data-id=\"7b546e4\" data-element_type=\"section\" data-e-type=\"section\">\n\t\t\t\t\t\t<div class=\"elementor-container elementor-column-gap-default\">\n\t\t\t\t\t<div class=\"elementor-column elementor-col-100 elementor-top-column elementor-element elementor-element-1671320\" data-id=\"1671320\" data-element_type=\"column\" data-e-type=\"column\">\n\t\t\t<div class=\"elementor-widget-wrap elementor-element-populated\">\n\t\t\t\t\t\t<div class=\"elementor-element elementor-element-349f343 elementor-widget elementor-widget-heading\" data-id=\"349f343\" data-element_type=\"widget\" data-e-type=\"widget\" data-widget_type=\"heading.default\">\n\t\t\t\t<div class=\"elementor-widget-container\">\n\t\t\t\t\t<h2 class=\"elementor-heading-title elementor-size-default\"><b>1965\/1966<\/b><\/h2>\t\t\t\t<\/div>\n\t\t\t\t<\/div>\n\t\t\t\t\t<\/div>\n\t\t<\/div>\n\t\t\t\t\t<\/div>\n\t\t<\/section>\n\t\t\t\t<section class=\"elementor-section elementor-top-section elementor-element elementor-element-44378c9 elementor-section-boxed elementor-section-height-default elementor-section-height-default\" data-id=\"44378c9\" data-element_type=\"section\" data-e-type=\"section\">\n\t\t\t\t\t\t<div class=\"elementor-container elementor-column-gap-default\">\n\t\t\t\t\t<div class=\"elementor-column elementor-col-100 elementor-top-column elementor-element elementor-element-049ee6e\" data-id=\"049ee6e\" data-element_type=\"column\" data-e-type=\"column\">\n\t\t\t<div class=\"elementor-widget-wrap elementor-element-populated\">\n\t\t\t\t\t\t<div class=\"elementor-element elementor-element-8d79959 elementor-widget elementor-widget-spacer\" data-id=\"8d79959\" data-element_type=\"widget\" data-e-type=\"widget\" data-widget_type=\"spacer.default\">\n\t\t\t\t<div class=\"elementor-widget-container\">\n\t\t\t\t\t\t\t<div class=\"elementor-spacer\">\n\t\t\t<div class=\"elementor-spacer-inner\"><\/div>\n\t\t<\/div>\n\t\t\t\t\t\t<\/div>\n\t\t\t\t<\/div>\n\t\t\t\t\t<\/div>\n\t\t<\/div>\n\t\t\t\t\t<\/div>\n\t\t<\/section>\n\t\t\t\t<section class=\"elementor-section elementor-top-section elementor-element elementor-element-b9ba146 elementor-section-boxed elementor-section-height-default elementor-section-height-default\" data-id=\"b9ba146\" data-element_type=\"section\" data-e-type=\"section\">\n\t\t\t\t\t\t<div class=\"elementor-container elementor-column-gap-default\">\n\t\t\t\t\t<div class=\"elementor-column elementor-col-100 elementor-top-column elementor-element elementor-element-03f4486\" data-id=\"03f4486\" data-element_type=\"column\" data-e-type=\"column\">\n\t\t\t<div class=\"elementor-widget-wrap elementor-element-populated\">\n\t\t\t\t\t\t<div class=\"elementor-element elementor-element-3b26057 elementor-widget elementor-widget-heading\" data-id=\"3b26057\" data-element_type=\"widget\" data-e-type=\"widget\" data-widget_type=\"heading.default\">\n\t\t\t\t<div class=\"elementor-widget-container\">\n\t\t\t\t\t<h2 class=\"elementor-heading-title elementor-size-default\"><b>Szakma: vend\u00e9gl\u00e1t\u00f3ipari elad\u00f3<\/b><\/h2>\t\t\t\t<\/div>\n\t\t\t\t<\/div>\n\t\t\t\t\t<\/div>\n\t\t<\/div>\n\t\t\t\t\t<\/div>\n\t\t<\/section>\n\t\t\t\t<section class=\"elementor-section elementor-top-section elementor-element elementor-element-62b7b1b elementor-section-boxed elementor-section-height-default elementor-section-height-default\" data-id=\"62b7b1b\" data-element_type=\"section\" data-e-type=\"section\">\n\t\t\t\t\t\t<div class=\"elementor-container elementor-column-gap-default\">\n\t\t\t\t\t<div class=\"elementor-column elementor-col-100 elementor-top-column elementor-element elementor-element-dbc10f0\" data-id=\"dbc10f0\" data-element_type=\"column\" data-e-type=\"column\">\n\t\t\t<div class=\"elementor-widget-wrap elementor-element-populated\">\n\t\t\t\t\t\t<div class=\"elementor-element elementor-element-0a95c16 elementor-widget elementor-widget-spacer\" data-id=\"0a95c16\" data-element_type=\"widget\" data-e-type=\"widget\" data-widget_type=\"spacer.default\">\n\t\t\t\t<div class=\"elementor-widget-container\">\n\t\t\t\t\t\t\t<div class=\"elementor-spacer\">\n\t\t\t<div class=\"elementor-spacer-inner\"><\/div>\n\t\t<\/div>\n\t\t\t\t\t\t<\/div>\n\t\t\t\t<\/div>\n\t\t\t\t\t<\/div>\n\t\t<\/div>\n\t\t\t\t\t<\/div>\n\t\t<\/section>\n\t\t\t\t<section class=\"elementor-section elementor-top-section elementor-element elementor-element-f48c584 elementor-section-boxed elementor-section-height-default elementor-section-height-default\" data-id=\"f48c584\" data-element_type=\"section\" data-e-type=\"section\">\n\t\t\t\t\t\t<div class=\"elementor-container elementor-column-gap-default\">\n\t\t\t\t\t<div class=\"elementor-column elementor-col-100 elementor-top-column elementor-element elementor-element-2ff537a\" data-id=\"2ff537a\" data-element_type=\"column\" data-e-type=\"column\">\n\t\t\t<div class=\"elementor-widget-wrap elementor-element-populated\">\n\t\t\t\t\t\t<div class=\"elementor-element elementor-element-f3665c5 elementor-widget elementor-widget-heading\" data-id=\"f3665c5\" data-element_type=\"widget\" data-e-type=\"widget\" data-widget_type=\"heading.default\">\n\t\t\t\t<div class=\"elementor-widget-container\">\n\t\t\t\t\t<h2 class=\"elementor-heading-title elementor-size-default\">1.\tAlb Ill\u00e9sn\u00e9<p>\n<\/p>2.\tAradszki M\u00e1ria\n<\/p>3.\tBagi P\u00e1ln\u00e9\n<\/p>4.\tB\u00e1lint J\u00e1nosn\u00e9\n<\/p>5.\tBalogh Imr\u00e9n\u00e9\n<\/p>6.\tBogd\u00e1n J\u00e1nosn\u00e9\n<\/p>7.\tFarkas Erzs\u00e9bet\n<\/p>8.\tFogarasi Katalin\n<\/p>9.\tGajd\u00e1cs P\u00e1ln\u00e9\n<\/p>10.\tHajd\u00fa Ferencn\u00e9\n<\/p>11.\tHorv\u00e1th S\u00e1ndorn\u00e9\n<\/p>12.\tJ\u00e1nosi J\u00e1nosn\u00e9\n<\/p>13.\tKocziczki Gyn\u00e9 Vid\u00f3 Julianna\n<\/p>14.\tKov\u00e1cs L\u00e1szl\u00f3n\u00e9\n<\/p>15.\tK\u00f6nczey Antaln\u00e9\n<\/p>16.\tK\u00f6rzt\u00f6s J\u00f3zsefn\u00e9\n<\/p>17.\tL\u00e1szl\u00f3 S\u00e1ndorn\u00e9\n<\/p>18.\tLehoczki Ilona\n<\/p>19.\tMajn\u00e1r J\u00f3zsefn\u00e9\n<\/p>20.\tMarik P\u00e1ln\u00e9\n<\/p>21.\tMoln\u00e1r Zs\u00f3fia\n<\/p>22.\tMonostori Andr\u00e1sn\u00e9\n<\/p>23.\tN\u00e9meth Mih\u00e1lyn\u00e9\n<\/p>24.\tPacsika J\u00e1nosn\u00e9\n<\/p>25.\tPapp L\u00e1szl\u00f3n\u00e9\n<\/p>26.\tPleskonics P\u00e1ln\u00e9\n<\/p>27.\tR\u00e1cz J\u00e1nosn\u00e9\n<\/p>28.\tSarkadi Istv\u00e1nn\u00e9\n<\/p>29.\tSzendi Horv\u00e1th J\u00f3zsefn\u00e9\n<\/p>30.\tSz\u00e9pfalusi J\u00e1nosn\u00e9\n<\/p>31.\tSzil\u00e1gyi S\u00e1ndorn\u00e9\n<\/p>32.\tSzuha J\u00e1nosn\u00e9\n<\/p>33.\tTipi Antaln\u00e9\n<\/p>34.\tT\u00f3th J\u00f3zsefn\u00e9\n<\/p>35.\tUjszigeti Endr\u00e9n\u00e9\n<\/p>36.\tVaszk\u00e1n Julia\n<\/p>37.\tVince Erzs\u00e9bet<\/h2>\t\t\t\t<\/div>\n\t\t\t\t<\/div>\n\t\t\t\t\t<\/div>\n\t\t<\/div>\n\t\t\t\t\t<\/div>\n\t\t<\/section>\n\t\t\t\t<\/div>\n\t\t","protected":false},"excerpt":{"rendered":"<p>1965\/1966 Szakma: vend\u00e9gl\u00e1t\u00f3ipari elad\u00f3 1. Alb Ill\u00e9sn\u00e9 2. Aradszki M\u00e1ria 3. Bagi P\u00e1ln\u00e9 4. B\u00e1lint J\u00e1nosn\u00e9 5. Balogh Imr\u00e9n\u00e9 6. Bogd\u00e1n J\u00e1nosn\u00e9 7. Farkas Erzs\u00e9bet 8. Fogarasi Katalin 9. Gajd\u00e1cs P\u00e1ln\u00e9 10. Hajd\u00fa Ferencn\u00e9 11. Horv\u00e1th S\u00e1ndorn\u00e9 12. J\u00e1nosi J\u00e1nosn\u00e9 13. Kocziczki Gyn\u00e9 Vid\u00f3 Julianna 14. Kov\u00e1cs L\u00e1szl\u00f3n\u00e9 15. K\u00f6nczey Antaln\u00e9 16. K\u00f6rzt\u00f6s J\u00f3zsefn\u00e9 17. [&hellip;]<\/p>\n","protected":false},"author":4,"featured_media":0,"parent":0,"menu_order":0,"comment_status":"closed","ping_status":"closed","template":"","meta":{"footnotes":""},"class_list":["post-36248","page","type-page","status-publish","hentry"],"_links":{"self":[{"href":"\/index.php\/wp-json\/wp\/v2\/pages\/36248","targetHints":{"allow":["GET"]}}],"collection":[{"href":"\/index.php\/wp-json\/wp\/v2\/pages"}],"about":[{"href":"\/index.php\/wp-json\/wp\/v2\/types\/page"}],"author":[{"embeddable":true,"href":"\/index.php\/wp-json\/wp\/v2\/users\/4"}],"replies":[{"embeddable":true,"href":"\/index.php\/wp-json\/wp\/v2\/comments?post=36248"}],"version-history":[{"count":4,"href":"\/index.php\/wp-json\/wp\/v2\/pages\/36248\/revisions"}],"predecessor-version":[{"id":36253,"href":"\/index.php\/wp-json\/wp\/v2\/pages\/36248\/revisions\/36253"}],"wp:attachment":[{"href":"\/index.php\/wp-json\/wp\/v2\/media?parent=36248"}],"curies":[{"name":"wp","href":"https:\/\/api.w.org\/{rel}","templated":true}]}}