{"id":36227,"date":"2024-03-06T08:12:13","date_gmt":"2024-03-06T07:12:13","guid":{"rendered":"\/?page_id=36227"},"modified":"2024-03-06T08:14:46","modified_gmt":"2024-03-06T07:14:46","slug":"1966-iii-f","status":"publish","type":"page","link":"\/index.php\/1966-iii-f\/","title":{"rendered":"1966 III\/F"},"content":{"rendered":"\t\t<div data-elementor-type=\"wp-page\" data-elementor-id=\"36227\" class=\"elementor elementor-36227\" data-elementor-post-type=\"page\">\n\t\t\t\t\t\t<section class=\"elementor-section elementor-top-section elementor-element elementor-element-ea6f3db elementor-section-boxed elementor-section-height-default elementor-section-height-default\" data-id=\"ea6f3db\" data-element_type=\"section\" data-e-type=\"section\">\n\t\t\t\t\t\t<div class=\"elementor-container elementor-column-gap-default\">\n\t\t\t\t\t<div class=\"elementor-column elementor-col-100 elementor-top-column elementor-element elementor-element-ab2cd12\" data-id=\"ab2cd12\" data-element_type=\"column\" data-e-type=\"column\">\n\t\t\t<div class=\"elementor-widget-wrap elementor-element-populated\">\n\t\t\t\t\t\t<div class=\"elementor-element elementor-element-e4fbe74 elementor-widget elementor-widget-spacer\" data-id=\"e4fbe74\" data-element_type=\"widget\" data-e-type=\"widget\" data-widget_type=\"spacer.default\">\n\t\t\t\t<div class=\"elementor-widget-container\">\n\t\t\t\t\t\t\t<div class=\"elementor-spacer\">\n\t\t\t<div class=\"elementor-spacer-inner\"><\/div>\n\t\t<\/div>\n\t\t\t\t\t\t<\/div>\n\t\t\t\t<\/div>\n\t\t\t\t\t<\/div>\n\t\t<\/div>\n\t\t\t\t\t<\/div>\n\t\t<\/section>\n\t\t\t\t<section class=\"elementor-section elementor-top-section elementor-element elementor-element-236218d elementor-section-boxed elementor-section-height-default elementor-section-height-default\" data-id=\"236218d\" data-element_type=\"section\" data-e-type=\"section\">\n\t\t\t\t\t\t<div class=\"elementor-container elementor-column-gap-default\">\n\t\t\t\t\t<div class=\"elementor-column elementor-col-100 elementor-top-column elementor-element elementor-element-bf9a28f\" data-id=\"bf9a28f\" data-element_type=\"column\" data-e-type=\"column\">\n\t\t\t<div class=\"elementor-widget-wrap elementor-element-populated\">\n\t\t\t\t\t\t<div class=\"elementor-element elementor-element-cdc219d elementor-widget elementor-widget-heading\" data-id=\"cdc219d\" data-element_type=\"widget\" data-e-type=\"widget\" data-widget_type=\"heading.default\">\n\t\t\t\t<div class=\"elementor-widget-container\">\n\t\t\t\t\t<h2 class=\"elementor-heading-title elementor-size-default\"><b>1965\/1966<\/b><\/h2>\t\t\t\t<\/div>\n\t\t\t\t<\/div>\n\t\t\t\t\t<\/div>\n\t\t<\/div>\n\t\t\t\t\t<\/div>\n\t\t<\/section>\n\t\t\t\t<section class=\"elementor-section elementor-top-section elementor-element elementor-element-252430e elementor-section-boxed elementor-section-height-default elementor-section-height-default\" data-id=\"252430e\" data-element_type=\"section\" data-e-type=\"section\">\n\t\t\t\t\t\t<div class=\"elementor-container elementor-column-gap-default\">\n\t\t\t\t\t<div class=\"elementor-column elementor-col-100 elementor-top-column elementor-element elementor-element-3668e9b\" data-id=\"3668e9b\" data-element_type=\"column\" data-e-type=\"column\">\n\t\t\t<div class=\"elementor-widget-wrap elementor-element-populated\">\n\t\t\t\t\t\t<div class=\"elementor-element elementor-element-9918df1 elementor-widget elementor-widget-spacer\" data-id=\"9918df1\" data-element_type=\"widget\" data-e-type=\"widget\" data-widget_type=\"spacer.default\">\n\t\t\t\t<div class=\"elementor-widget-container\">\n\t\t\t\t\t\t\t<div class=\"elementor-spacer\">\n\t\t\t<div class=\"elementor-spacer-inner\"><\/div>\n\t\t<\/div>\n\t\t\t\t\t\t<\/div>\n\t\t\t\t<\/div>\n\t\t\t\t\t<\/div>\n\t\t<\/div>\n\t\t\t\t\t<\/div>\n\t\t<\/section>\n\t\t\t\t<section class=\"elementor-section elementor-top-section elementor-element elementor-element-b55bcc3 elementor-section-boxed elementor-section-height-default elementor-section-height-default\" data-id=\"b55bcc3\" data-element_type=\"section\" data-e-type=\"section\">\n\t\t\t\t\t\t<div class=\"elementor-container elementor-column-gap-default\">\n\t\t\t\t\t<div class=\"elementor-column elementor-col-100 elementor-top-column elementor-element elementor-element-8c45554\" data-id=\"8c45554\" data-element_type=\"column\" data-e-type=\"column\">\n\t\t\t<div class=\"elementor-widget-wrap elementor-element-populated\">\n\t\t\t\t\t\t<div class=\"elementor-element elementor-element-855fcc7 elementor-widget elementor-widget-heading\" data-id=\"855fcc7\" data-element_type=\"widget\" data-e-type=\"widget\" data-widget_type=\"heading.default\">\n\t\t\t\t<div class=\"elementor-widget-container\">\n\t\t\t\t\t<h2 class=\"elementor-heading-title elementor-size-default\"><b>III.f oszt\u00e1ly<\/b><\/h2>\t\t\t\t<\/div>\n\t\t\t\t<\/div>\n\t\t\t\t\t<\/div>\n\t\t<\/div>\n\t\t\t\t\t<\/div>\n\t\t<\/section>\n\t\t\t\t<section class=\"elementor-section elementor-top-section elementor-element elementor-element-0f920b7 elementor-section-boxed elementor-section-height-default elementor-section-height-default\" data-id=\"0f920b7\" data-element_type=\"section\" data-e-type=\"section\">\n\t\t\t\t\t\t<div class=\"elementor-container elementor-column-gap-default\">\n\t\t\t\t\t<div class=\"elementor-column elementor-col-100 elementor-top-column elementor-element elementor-element-10bd813\" data-id=\"10bd813\" data-element_type=\"column\" data-e-type=\"column\">\n\t\t\t<div class=\"elementor-widget-wrap elementor-element-populated\">\n\t\t\t\t\t\t<div class=\"elementor-element elementor-element-d14ebb9 elementor-widget elementor-widget-spacer\" data-id=\"d14ebb9\" data-element_type=\"widget\" data-e-type=\"widget\" data-widget_type=\"spacer.default\">\n\t\t\t\t<div class=\"elementor-widget-container\">\n\t\t\t\t\t\t\t<div class=\"elementor-spacer\">\n\t\t\t<div class=\"elementor-spacer-inner\"><\/div>\n\t\t<\/div>\n\t\t\t\t\t\t<\/div>\n\t\t\t\t<\/div>\n\t\t\t\t\t<\/div>\n\t\t<\/div>\n\t\t\t\t\t<\/div>\n\t\t<\/section>\n\t\t\t\t<section class=\"elementor-section elementor-top-section elementor-element elementor-element-7a99a97 elementor-section-boxed elementor-section-height-default elementor-section-height-default\" data-id=\"7a99a97\" data-element_type=\"section\" data-e-type=\"section\">\n\t\t\t\t\t\t<div class=\"elementor-container elementor-column-gap-default\">\n\t\t\t\t\t<div class=\"elementor-column elementor-col-100 elementor-top-column elementor-element elementor-element-f819b8a\" data-id=\"f819b8a\" data-element_type=\"column\" data-e-type=\"column\">\n\t\t\t<div class=\"elementor-widget-wrap elementor-element-populated\">\n\t\t\t\t\t\t<div class=\"elementor-element elementor-element-f6e1bfd elementor-widget elementor-widget-heading\" data-id=\"f6e1bfd\" data-element_type=\"widget\" data-e-type=\"widget\" data-widget_type=\"heading.default\">\n\t\t\t\t<div class=\"elementor-widget-container\">\n\t\t\t\t\t<h2 class=\"elementor-heading-title elementor-size-default\"><b>Oszt\u00e1lyf\u0151n\u00f6k: Csag\u00f3 Andr\u00e1s<\/b><\/h2>\t\t\t\t<\/div>\n\t\t\t\t<\/div>\n\t\t\t\t\t<\/div>\n\t\t<\/div>\n\t\t\t\t\t<\/div>\n\t\t<\/section>\n\t\t\t\t<section class=\"elementor-section elementor-top-section elementor-element elementor-element-5f73c49 elementor-section-boxed elementor-section-height-default elementor-section-height-default\" data-id=\"5f73c49\" data-element_type=\"section\" data-e-type=\"section\">\n\t\t\t\t\t\t<div class=\"elementor-container elementor-column-gap-default\">\n\t\t\t\t\t<div class=\"elementor-column elementor-col-100 elementor-top-column elementor-element elementor-element-8b9b084\" data-id=\"8b9b084\" data-element_type=\"column\" data-e-type=\"column\">\n\t\t\t<div class=\"elementor-widget-wrap elementor-element-populated\">\n\t\t\t\t\t\t<div class=\"elementor-element elementor-element-a950b0f elementor-widget elementor-widget-spacer\" data-id=\"a950b0f\" data-element_type=\"widget\" data-e-type=\"widget\" data-widget_type=\"spacer.default\">\n\t\t\t\t<div class=\"elementor-widget-container\">\n\t\t\t\t\t\t\t<div class=\"elementor-spacer\">\n\t\t\t<div class=\"elementor-spacer-inner\"><\/div>\n\t\t<\/div>\n\t\t\t\t\t\t<\/div>\n\t\t\t\t<\/div>\n\t\t\t\t\t<\/div>\n\t\t<\/div>\n\t\t\t\t\t<\/div>\n\t\t<\/section>\n\t\t\t\t<section class=\"elementor-section elementor-top-section elementor-element elementor-element-1869b27 elementor-section-boxed elementor-section-height-default elementor-section-height-default\" data-id=\"1869b27\" data-element_type=\"section\" data-e-type=\"section\">\n\t\t\t\t\t\t<div class=\"elementor-container elementor-column-gap-default\">\n\t\t\t\t\t<div class=\"elementor-column elementor-col-100 elementor-top-column elementor-element elementor-element-f5a4248\" data-id=\"f5a4248\" data-element_type=\"column\" data-e-type=\"column\">\n\t\t\t<div class=\"elementor-widget-wrap elementor-element-populated\">\n\t\t\t\t\t\t<div class=\"elementor-element elementor-element-7b4e669 elementor-widget elementor-widget-heading\" data-id=\"7b4e669\" data-element_type=\"widget\" data-e-type=\"widget\" data-widget_type=\"heading.default\">\n\t\t\t\t<div class=\"elementor-widget-container\">\n\t\t\t\t\t<h2 class=\"elementor-heading-title elementor-size-default\"><b>Szakma: felszolg\u00e1l\u00f3, szak\u00e1cs, \u00fcveg \u00e9s porcel\u00e1n\u00e1ru elad\u00f3<\/b><\/h2>\t\t\t\t<\/div>\n\t\t\t\t<\/div>\n\t\t\t\t\t<\/div>\n\t\t<\/div>\n\t\t\t\t\t<\/div>\n\t\t<\/section>\n\t\t\t\t<section class=\"elementor-section elementor-top-section elementor-element elementor-element-7540539 elementor-section-boxed elementor-section-height-default elementor-section-height-default\" data-id=\"7540539\" data-element_type=\"section\" data-e-type=\"section\">\n\t\t\t\t\t\t<div class=\"elementor-container elementor-column-gap-default\">\n\t\t\t\t\t<div class=\"elementor-column elementor-col-100 elementor-top-column elementor-element elementor-element-6b03cec\" data-id=\"6b03cec\" data-element_type=\"column\" data-e-type=\"column\">\n\t\t\t<div class=\"elementor-widget-wrap elementor-element-populated\">\n\t\t\t\t\t\t<div class=\"elementor-element elementor-element-7cbbacc elementor-widget elementor-widget-spacer\" data-id=\"7cbbacc\" data-element_type=\"widget\" data-e-type=\"widget\" data-widget_type=\"spacer.default\">\n\t\t\t\t<div class=\"elementor-widget-container\">\n\t\t\t\t\t\t\t<div class=\"elementor-spacer\">\n\t\t\t<div class=\"elementor-spacer-inner\"><\/div>\n\t\t<\/div>\n\t\t\t\t\t\t<\/div>\n\t\t\t\t<\/div>\n\t\t\t\t\t<\/div>\n\t\t<\/div>\n\t\t\t\t\t<\/div>\n\t\t<\/section>\n\t\t\t\t<section class=\"elementor-section elementor-top-section elementor-element elementor-element-9944ad1 elementor-section-boxed elementor-section-height-default elementor-section-height-default\" data-id=\"9944ad1\" data-element_type=\"section\" data-e-type=\"section\">\n\t\t\t\t\t\t<div class=\"elementor-container elementor-column-gap-default\">\n\t\t\t\t\t<div class=\"elementor-column elementor-col-100 elementor-top-column elementor-element elementor-element-b258dca\" data-id=\"b258dca\" data-element_type=\"column\" data-e-type=\"column\">\n\t\t\t<div class=\"elementor-widget-wrap elementor-element-populated\">\n\t\t\t\t\t\t<div class=\"elementor-element elementor-element-546fd0f elementor-widget elementor-widget-heading\" data-id=\"546fd0f\" data-element_type=\"widget\" data-e-type=\"widget\" data-widget_type=\"heading.default\">\n\t\t\t\t<div class=\"elementor-widget-container\">\n\t\t\t\t\t<h2 class=\"elementor-heading-title elementor-size-default\">1.\tAngelini Zsuzsanna<p>\n<\/p>2.\tB\u00e1nfy Katalin\n<\/p>3.\tBartol\u00e1k Zs\u00f3fia\n<\/p>4.\tBond\u00e1r Erzs\u00e9bet\n<\/p>5.\tB\u00faza M\u00e1ria\n<\/p>6.\tCs\u00e9f\u00e1n Demeter\n<\/p>7.\tCsonka M\u00e1ria\n<\/p>8.\tD\u00e1vid P\u00e9ter\n<\/p>9.\tDelov Judit\n<\/p>10.\tFarag\u00f3 Istv\u00e1n\n<\/p>11.\tFekete S\u00e1ndor\n<\/p>12.\tF\u00f6ldi J\u00e1nos\n<\/p>13.\tG\u00e9ci J\u00e1nos\n<\/p>14.\tKocsis Mih\u00e1ly\n<\/p>15.\tK\u00f3r\u00f3di L\u00e1szl\u00f3\n<\/p>16.\tN\u00e9meth Erzs\u00e9bet\n<\/p>17.\tOl\u00e1h Mih\u00e1ly\n<\/p>18.\tPiatka J\u00e1nos\n<\/p>19.\tSipiczki Mih\u00e1ly\n<\/p>20.\tSzukenyik Mih\u00e1ly\n<\/p>21.\tT\u00edm\u00e1r J\u00e1nos\n<\/p>22.\tT\u00f3th L\u00e1szl\u00f3\n<\/p>23.\tT\u00f3th S\u00e1ndor\n<\/p>24.\tUjszigeti Edit\n<\/p>25.\tV\u00e1radi Roz\u00e1lia\n<\/p>26.\tV\u00e1ri Ferenc\n<\/p>27.\tVass J\u00f3zsef\n<\/p>28.\tZsigmond Istv\u00e1n<\/h2>\t\t\t\t<\/div>\n\t\t\t\t<\/div>\n\t\t\t\t\t<\/div>\n\t\t<\/div>\n\t\t\t\t\t<\/div>\n\t\t<\/section>\n\t\t\t\t<\/div>\n\t\t","protected":false},"excerpt":{"rendered":"<p>1965\/1966 III.f oszt\u00e1ly Oszt\u00e1lyf\u0151n\u00f6k: Csag\u00f3 Andr\u00e1s Szakma: felszolg\u00e1l\u00f3, szak\u00e1cs, \u00fcveg \u00e9s porcel\u00e1n\u00e1ru elad\u00f3 1. Angelini Zsuzsanna 2. B\u00e1nfy Katalin 3. Bartol\u00e1k Zs\u00f3fia 4. Bond\u00e1r Erzs\u00e9bet 5. B\u00faza M\u00e1ria 6. Cs\u00e9f\u00e1n Demeter 7. Csonka M\u00e1ria 8. D\u00e1vid P\u00e9ter 9. Delov Judit 10. Farag\u00f3 Istv\u00e1n 11. Fekete S\u00e1ndor 12. F\u00f6ldi J\u00e1nos 13. G\u00e9ci J\u00e1nos 14. Kocsis Mih\u00e1ly [&hellip;]<\/p>\n","protected":false},"author":4,"featured_media":0,"parent":0,"menu_order":0,"comment_status":"closed","ping_status":"closed","template":"","meta":{"footnotes":""},"class_list":["post-36227","page","type-page","status-publish","hentry"],"_links":{"self":[{"href":"\/index.php\/wp-json\/wp\/v2\/pages\/36227","targetHints":{"allow":["GET"]}}],"collection":[{"href":"\/index.php\/wp-json\/wp\/v2\/pages"}],"about":[{"href":"\/index.php\/wp-json\/wp\/v2\/types\/page"}],"author":[{"embeddable":true,"href":"\/index.php\/wp-json\/wp\/v2\/users\/4"}],"replies":[{"embeddable":true,"href":"\/index.php\/wp-json\/wp\/v2\/comments?post=36227"}],"version-history":[{"count":4,"href":"\/index.php\/wp-json\/wp\/v2\/pages\/36227\/revisions"}],"predecessor-version":[{"id":36232,"href":"\/index.php\/wp-json\/wp\/v2\/pages\/36227\/revisions\/36232"}],"wp:attachment":[{"href":"\/index.php\/wp-json\/wp\/v2\/media?parent=36227"}],"curies":[{"name":"wp","href":"https:\/\/api.w.org\/{rel}","templated":true}]}}