{"id":36069,"date":"2024-02-16T10:48:54","date_gmt":"2024-02-16T09:48:54","guid":{"rendered":"\/?page_id=36069"},"modified":"2024-02-16T10:51:30","modified_gmt":"2024-02-16T09:51:30","slug":"1967-vendeglatoipari-elado","status":"publish","type":"page","link":"\/index.php\/1967-vendeglatoipari-elado\/","title":{"rendered":"1967 vend\u00e9gl\u00e1t\u00f3ipari elad\u00f3"},"content":{"rendered":"\t\t<div data-elementor-type=\"wp-page\" data-elementor-id=\"36069\" class=\"elementor elementor-36069\" data-elementor-post-type=\"page\">\n\t\t\t\t\t\t<section class=\"elementor-section elementor-top-section elementor-element elementor-element-dba28a8 elementor-section-boxed elementor-section-height-default elementor-section-height-default\" data-id=\"dba28a8\" data-element_type=\"section\" data-e-type=\"section\">\n\t\t\t\t\t\t<div class=\"elementor-container elementor-column-gap-default\">\n\t\t\t\t\t<div class=\"elementor-column elementor-col-100 elementor-top-column elementor-element elementor-element-e71fa75\" data-id=\"e71fa75\" data-element_type=\"column\" data-e-type=\"column\">\n\t\t\t<div class=\"elementor-widget-wrap elementor-element-populated\">\n\t\t\t\t\t\t<div class=\"elementor-element elementor-element-f88f918 elementor-widget elementor-widget-spacer\" data-id=\"f88f918\" data-element_type=\"widget\" data-e-type=\"widget\" data-widget_type=\"spacer.default\">\n\t\t\t\t<div class=\"elementor-widget-container\">\n\t\t\t\t\t\t\t<div class=\"elementor-spacer\">\n\t\t\t<div class=\"elementor-spacer-inner\"><\/div>\n\t\t<\/div>\n\t\t\t\t\t\t<\/div>\n\t\t\t\t<\/div>\n\t\t\t\t\t<\/div>\n\t\t<\/div>\n\t\t\t\t\t<\/div>\n\t\t<\/section>\n\t\t\t\t<section class=\"elementor-section elementor-top-section elementor-element elementor-element-a7b3eba elementor-section-boxed elementor-section-height-default elementor-section-height-default\" data-id=\"a7b3eba\" data-element_type=\"section\" data-e-type=\"section\">\n\t\t\t\t\t\t<div class=\"elementor-container elementor-column-gap-default\">\n\t\t\t\t\t<div class=\"elementor-column elementor-col-100 elementor-top-column elementor-element elementor-element-ade707e\" data-id=\"ade707e\" data-element_type=\"column\" data-e-type=\"column\">\n\t\t\t<div class=\"elementor-widget-wrap elementor-element-populated\">\n\t\t\t\t\t\t<div class=\"elementor-element elementor-element-f29efaa elementor-widget elementor-widget-heading\" data-id=\"f29efaa\" data-element_type=\"widget\" data-e-type=\"widget\" data-widget_type=\"heading.default\">\n\t\t\t\t<div class=\"elementor-widget-container\">\n\t\t\t\t\t<h2 class=\"elementor-heading-title elementor-size-default\"><b>1966\/1967<\/b><\/h2>\t\t\t\t<\/div>\n\t\t\t\t<\/div>\n\t\t\t\t\t<\/div>\n\t\t<\/div>\n\t\t\t\t\t<\/div>\n\t\t<\/section>\n\t\t\t\t<section class=\"elementor-section elementor-top-section elementor-element elementor-element-458a777 elementor-section-boxed elementor-section-height-default elementor-section-height-default\" data-id=\"458a777\" data-element_type=\"section\" data-e-type=\"section\">\n\t\t\t\t\t\t<div class=\"elementor-container elementor-column-gap-default\">\n\t\t\t\t\t<div class=\"elementor-column elementor-col-100 elementor-top-column elementor-element elementor-element-10c2d54\" data-id=\"10c2d54\" data-element_type=\"column\" data-e-type=\"column\">\n\t\t\t<div class=\"elementor-widget-wrap elementor-element-populated\">\n\t\t\t\t\t\t<div class=\"elementor-element elementor-element-a69dafe elementor-widget elementor-widget-spacer\" data-id=\"a69dafe\" data-element_type=\"widget\" data-e-type=\"widget\" data-widget_type=\"spacer.default\">\n\t\t\t\t<div class=\"elementor-widget-container\">\n\t\t\t\t\t\t\t<div class=\"elementor-spacer\">\n\t\t\t<div class=\"elementor-spacer-inner\"><\/div>\n\t\t<\/div>\n\t\t\t\t\t\t<\/div>\n\t\t\t\t<\/div>\n\t\t\t\t\t<\/div>\n\t\t<\/div>\n\t\t\t\t\t<\/div>\n\t\t<\/section>\n\t\t\t\t<section class=\"elementor-section elementor-top-section elementor-element elementor-element-61ba9ba elementor-section-boxed elementor-section-height-default elementor-section-height-default\" data-id=\"61ba9ba\" data-element_type=\"section\" data-e-type=\"section\">\n\t\t\t\t\t\t<div class=\"elementor-container elementor-column-gap-default\">\n\t\t\t\t\t<div class=\"elementor-column elementor-col-100 elementor-top-column elementor-element elementor-element-52fde92\" data-id=\"52fde92\" data-element_type=\"column\" data-e-type=\"column\">\n\t\t\t<div class=\"elementor-widget-wrap elementor-element-populated\">\n\t\t\t\t\t\t<div class=\"elementor-element elementor-element-d752c54 elementor-widget elementor-widget-heading\" data-id=\"d752c54\" data-element_type=\"widget\" data-e-type=\"widget\" data-widget_type=\"heading.default\">\n\t\t\t\t<div class=\"elementor-widget-container\">\n\t\t\t\t\t<h2 class=\"elementor-heading-title elementor-size-default\"><b>Szakma: vend\u00e9gl\u00e1t\u00f3ipari elad\u00f3<\/b><\/h2>\t\t\t\t<\/div>\n\t\t\t\t<\/div>\n\t\t\t\t\t<\/div>\n\t\t<\/div>\n\t\t\t\t\t<\/div>\n\t\t<\/section>\n\t\t\t\t<section class=\"elementor-section elementor-top-section elementor-element elementor-element-0f66bff elementor-section-boxed elementor-section-height-default elementor-section-height-default\" data-id=\"0f66bff\" data-element_type=\"section\" data-e-type=\"section\">\n\t\t\t\t\t\t<div class=\"elementor-container elementor-column-gap-default\">\n\t\t\t\t\t<div class=\"elementor-column elementor-col-100 elementor-top-column elementor-element elementor-element-302bbdd\" data-id=\"302bbdd\" data-element_type=\"column\" data-e-type=\"column\">\n\t\t\t<div class=\"elementor-widget-wrap elementor-element-populated\">\n\t\t\t\t\t\t<div class=\"elementor-element elementor-element-44bcbcf elementor-widget elementor-widget-spacer\" data-id=\"44bcbcf\" data-element_type=\"widget\" data-e-type=\"widget\" data-widget_type=\"spacer.default\">\n\t\t\t\t<div class=\"elementor-widget-container\">\n\t\t\t\t\t\t\t<div class=\"elementor-spacer\">\n\t\t\t<div class=\"elementor-spacer-inner\"><\/div>\n\t\t<\/div>\n\t\t\t\t\t\t<\/div>\n\t\t\t\t<\/div>\n\t\t\t\t\t<\/div>\n\t\t<\/div>\n\t\t\t\t\t<\/div>\n\t\t<\/section>\n\t\t\t\t<section class=\"elementor-section elementor-top-section elementor-element elementor-element-ad55f9b elementor-section-boxed elementor-section-height-default elementor-section-height-default\" data-id=\"ad55f9b\" data-element_type=\"section\" data-e-type=\"section\">\n\t\t\t\t\t\t<div class=\"elementor-container elementor-column-gap-default\">\n\t\t\t\t\t<div class=\"elementor-column elementor-col-100 elementor-top-column elementor-element elementor-element-11a90bf\" data-id=\"11a90bf\" data-element_type=\"column\" data-e-type=\"column\">\n\t\t\t<div class=\"elementor-widget-wrap elementor-element-populated\">\n\t\t\t\t\t\t<div class=\"elementor-element elementor-element-6abdbba elementor-widget elementor-widget-heading\" data-id=\"6abdbba\" data-element_type=\"widget\" data-e-type=\"widget\" data-widget_type=\"heading.default\">\n\t\t\t\t<div class=\"elementor-widget-container\">\n\t\t\t\t\t<h2 class=\"elementor-heading-title elementor-size-default\">1.\tAvran Gy\u00f6rgyn\u00e9<p>\n<\/p>2.\tBal\u00e1zs J\u00f3zsefn\u00e9\n<\/p>3.\tBalda J\u00e1nosn\u00e9\n<\/p>4.\tBall\u00f3 J\u00f3zsefn\u00e9\n<\/p>5.\tBauka J\u00e1nosn\u00e9\n<\/p>6.\tBenk\u0151 Ferencn\u00e9\n<\/p>7.\tBielik J\u00e1nosn\u00e9\n<\/p>8.\tBogn\u00e1r Gabriella\n<\/p>9.\tBraun \u00c1d\u00e1mn\u00e9\n<\/p>10.\tCsisz\u00e1r K\u00e1rolyn\u00e9\n<\/p>11.\tDurk\u00f3 M\u00e1ria\n<\/p>12.\tFabulya M\u00e1ty\u00e1sn\u00e9\n<\/p>13.\tFodor J\u00e1nosn\u00e9\n<\/p>14.\tG\u00f6mbk\u00f6t\u0151 Istv\u00e1nn\u00e9\n<\/p>15.\tHorv\u00e1t S\u00e1ndorn\u00e9\n<\/p>16.\tHotov\u00e1n G\u00e1born\u00e9\n<\/p>17.\tIgaz Istv\u00e1nn\u00e9\n<\/p>18.\tJeszenszky Tiborn\u00e9\n<\/p>19.\tKemer Ir\u00e9n\n<\/p>20.\tKert\u00e9sz Istv\u00e1nn\u00e9\n<\/p>21.\tKrizs\u00e1n J\u00e1nosn\u00e9\n<\/p>22.\tLanka Imr\u00e9n\u00e9\n<\/p>23.\tLobos Andr\u00e1sn\u00e9\n<\/p>24.\tMar\u00f3ti Gy\u00f6rgyn\u00e9\n<\/p>25.\t\u00d6cs\u00f6di J\u00e1nosn\u00e9\n<\/p>26.\t\u0150ze L\u00e1szl\u00f3n\u00e9\n<\/p>27.\tP Szab\u00f3 K\u00e1rolyn\u00e9\n<\/p>28.\tPallag Imr\u00e9n\u00e9\n<\/p>29.\tPapp Istv\u00e1nn\u00e9\n<\/p>30.\tPapr\u00e9ti Andr\u00e1sn\u00e9\n<\/p>31.\tPrib\u00e9k Endr\u00e9n\u00e9\n<\/p>32.\tS\u00e1ndor J\u00e1nosn\u00e9\n<\/p>33.\tStuber S\u00e1ndorn\u00e9\n<\/p>34.\tSzab\u00f3 Istv\u00e1nn\u00e9\n<\/p>35.\tSzab\u00f3 Mih\u00e1lyn\u00e9\n<\/p>36.\tSzemenyei Margit\n<\/p>37.\tSzili Ilona\n<\/p>38.\tVallfisch L\u00e1szl\u00f3n\u00e9\n<\/p>39.\tVarr\u00f3 S\u00e1ndorn\u00e9\n<\/p>40.\tVasas Mih\u00e1lyn\u00e9\n<\/p>41.\tVincze Endr\u00e9n\u00e9\n<\/p>42.\tWegroszta Gyul\u00e1n\u00e9<\/h2>\t\t\t\t<\/div>\n\t\t\t\t<\/div>\n\t\t\t\t\t<\/div>\n\t\t<\/div>\n\t\t\t\t\t<\/div>\n\t\t<\/section>\n\t\t\t\t<\/div>\n\t\t","protected":false},"excerpt":{"rendered":"<p>1966\/1967 Szakma: vend\u00e9gl\u00e1t\u00f3ipari elad\u00f3 1. Avran Gy\u00f6rgyn\u00e9 2. Bal\u00e1zs J\u00f3zsefn\u00e9 3. Balda J\u00e1nosn\u00e9 4. Ball\u00f3 J\u00f3zsefn\u00e9 5. Bauka J\u00e1nosn\u00e9 6. Benk\u0151 Ferencn\u00e9 7. Bielik J\u00e1nosn\u00e9 8. Bogn\u00e1r Gabriella 9. Braun \u00c1d\u00e1mn\u00e9 10. Csisz\u00e1r K\u00e1rolyn\u00e9 11. Durk\u00f3 M\u00e1ria 12. Fabulya M\u00e1ty\u00e1sn\u00e9 13. Fodor J\u00e1nosn\u00e9 14. G\u00f6mbk\u00f6t\u0151 Istv\u00e1nn\u00e9 15. Horv\u00e1t S\u00e1ndorn\u00e9 16. Hotov\u00e1n G\u00e1born\u00e9 17. Igaz Istv\u00e1nn\u00e9 [&hellip;]<\/p>\n","protected":false},"author":4,"featured_media":0,"parent":0,"menu_order":0,"comment_status":"closed","ping_status":"closed","template":"","meta":{"footnotes":""},"class_list":["post-36069","page","type-page","status-publish","hentry"],"_links":{"self":[{"href":"\/index.php\/wp-json\/wp\/v2\/pages\/36069","targetHints":{"allow":["GET"]}}],"collection":[{"href":"\/index.php\/wp-json\/wp\/v2\/pages"}],"about":[{"href":"\/index.php\/wp-json\/wp\/v2\/types\/page"}],"author":[{"embeddable":true,"href":"\/index.php\/wp-json\/wp\/v2\/users\/4"}],"replies":[{"embeddable":true,"href":"\/index.php\/wp-json\/wp\/v2\/comments?post=36069"}],"version-history":[{"count":4,"href":"\/index.php\/wp-json\/wp\/v2\/pages\/36069\/revisions"}],"predecessor-version":[{"id":36074,"href":"\/index.php\/wp-json\/wp\/v2\/pages\/36069\/revisions\/36074"}],"wp:attachment":[{"href":"\/index.php\/wp-json\/wp\/v2\/media?parent=36069"}],"curies":[{"name":"wp","href":"https:\/\/api.w.org\/{rel}","templated":true}]}}