{"id":36017,"date":"2024-02-16T10:24:14","date_gmt":"2024-02-16T09:24:14","guid":{"rendered":"\/?page_id=36017"},"modified":"2024-02-16T10:28:10","modified_gmt":"2024-02-16T09:28:10","slug":"1967-iii-e","status":"publish","type":"page","link":"\/index.php\/1967-iii-e\/","title":{"rendered":"1967 III\/E"},"content":{"rendered":"\t\t<div data-elementor-type=\"wp-page\" data-elementor-id=\"36017\" class=\"elementor elementor-36017\" data-elementor-post-type=\"page\">\n\t\t\t\t\t\t<section class=\"elementor-section elementor-top-section elementor-element elementor-element-92b6c82 elementor-section-boxed elementor-section-height-default elementor-section-height-default\" data-id=\"92b6c82\" data-element_type=\"section\" data-e-type=\"section\">\n\t\t\t\t\t\t<div class=\"elementor-container elementor-column-gap-default\">\n\t\t\t\t\t<div class=\"elementor-column elementor-col-100 elementor-top-column elementor-element elementor-element-7d6bd92\" data-id=\"7d6bd92\" data-element_type=\"column\" data-e-type=\"column\">\n\t\t\t<div class=\"elementor-widget-wrap elementor-element-populated\">\n\t\t\t\t\t\t<div class=\"elementor-element elementor-element-e17e441 elementor-widget elementor-widget-spacer\" data-id=\"e17e441\" data-element_type=\"widget\" data-e-type=\"widget\" data-widget_type=\"spacer.default\">\n\t\t\t\t<div class=\"elementor-widget-container\">\n\t\t\t\t\t\t\t<div class=\"elementor-spacer\">\n\t\t\t<div class=\"elementor-spacer-inner\"><\/div>\n\t\t<\/div>\n\t\t\t\t\t\t<\/div>\n\t\t\t\t<\/div>\n\t\t\t\t\t<\/div>\n\t\t<\/div>\n\t\t\t\t\t<\/div>\n\t\t<\/section>\n\t\t\t\t<section class=\"elementor-section elementor-top-section elementor-element elementor-element-e7987ef elementor-section-boxed elementor-section-height-default elementor-section-height-default\" data-id=\"e7987ef\" data-element_type=\"section\" data-e-type=\"section\">\n\t\t\t\t\t\t<div class=\"elementor-container elementor-column-gap-default\">\n\t\t\t\t\t<div class=\"elementor-column elementor-col-100 elementor-top-column elementor-element elementor-element-a596114\" data-id=\"a596114\" data-element_type=\"column\" data-e-type=\"column\">\n\t\t\t<div class=\"elementor-widget-wrap elementor-element-populated\">\n\t\t\t\t\t\t<div class=\"elementor-element elementor-element-b5c374e elementor-widget elementor-widget-heading\" data-id=\"b5c374e\" data-element_type=\"widget\" data-e-type=\"widget\" data-widget_type=\"heading.default\">\n\t\t\t\t<div class=\"elementor-widget-container\">\n\t\t\t\t\t<h2 class=\"elementor-heading-title elementor-size-default\"><b>1966\/1967<\/b><\/h2>\t\t\t\t<\/div>\n\t\t\t\t<\/div>\n\t\t\t\t\t<\/div>\n\t\t<\/div>\n\t\t\t\t\t<\/div>\n\t\t<\/section>\n\t\t\t\t<section class=\"elementor-section elementor-top-section elementor-element elementor-element-3d7585d elementor-section-boxed elementor-section-height-default elementor-section-height-default\" data-id=\"3d7585d\" data-element_type=\"section\" data-e-type=\"section\">\n\t\t\t\t\t\t<div class=\"elementor-container elementor-column-gap-default\">\n\t\t\t\t\t<div class=\"elementor-column elementor-col-100 elementor-top-column elementor-element elementor-element-9d3e002\" data-id=\"9d3e002\" data-element_type=\"column\" data-e-type=\"column\">\n\t\t\t<div class=\"elementor-widget-wrap elementor-element-populated\">\n\t\t\t\t\t\t<div class=\"elementor-element elementor-element-3e486b3 elementor-widget elementor-widget-spacer\" data-id=\"3e486b3\" data-element_type=\"widget\" data-e-type=\"widget\" data-widget_type=\"spacer.default\">\n\t\t\t\t<div class=\"elementor-widget-container\">\n\t\t\t\t\t\t\t<div class=\"elementor-spacer\">\n\t\t\t<div class=\"elementor-spacer-inner\"><\/div>\n\t\t<\/div>\n\t\t\t\t\t\t<\/div>\n\t\t\t\t<\/div>\n\t\t\t\t\t<\/div>\n\t\t<\/div>\n\t\t\t\t\t<\/div>\n\t\t<\/section>\n\t\t\t\t<section class=\"elementor-section elementor-top-section elementor-element elementor-element-9a52d77 elementor-section-boxed elementor-section-height-default elementor-section-height-default\" data-id=\"9a52d77\" data-element_type=\"section\" data-e-type=\"section\">\n\t\t\t\t\t\t<div class=\"elementor-container elementor-column-gap-default\">\n\t\t\t\t\t<div class=\"elementor-column elementor-col-100 elementor-top-column elementor-element elementor-element-ac5239c\" data-id=\"ac5239c\" data-element_type=\"column\" data-e-type=\"column\">\n\t\t\t<div class=\"elementor-widget-wrap elementor-element-populated\">\n\t\t\t\t\t\t<div class=\"elementor-element elementor-element-08cb69f elementor-widget elementor-widget-heading\" data-id=\"08cb69f\" data-element_type=\"widget\" data-e-type=\"widget\" data-widget_type=\"heading.default\">\n\t\t\t\t<div class=\"elementor-widget-container\">\n\t\t\t\t\t<h2 class=\"elementor-heading-title elementor-size-default\"><b>III.e oszt\u00e1ly<\/b><\/h2>\t\t\t\t<\/div>\n\t\t\t\t<\/div>\n\t\t\t\t\t<\/div>\n\t\t<\/div>\n\t\t\t\t\t<\/div>\n\t\t<\/section>\n\t\t\t\t<section class=\"elementor-section elementor-top-section elementor-element elementor-element-4d61f23 elementor-section-boxed elementor-section-height-default elementor-section-height-default\" data-id=\"4d61f23\" data-element_type=\"section\" data-e-type=\"section\">\n\t\t\t\t\t\t<div class=\"elementor-container elementor-column-gap-default\">\n\t\t\t\t\t<div class=\"elementor-column elementor-col-100 elementor-top-column elementor-element elementor-element-b9601ff\" data-id=\"b9601ff\" data-element_type=\"column\" data-e-type=\"column\">\n\t\t\t<div class=\"elementor-widget-wrap elementor-element-populated\">\n\t\t\t\t\t\t<div class=\"elementor-element elementor-element-1f6f1c2 elementor-widget elementor-widget-spacer\" data-id=\"1f6f1c2\" data-element_type=\"widget\" data-e-type=\"widget\" data-widget_type=\"spacer.default\">\n\t\t\t\t<div class=\"elementor-widget-container\">\n\t\t\t\t\t\t\t<div class=\"elementor-spacer\">\n\t\t\t<div class=\"elementor-spacer-inner\"><\/div>\n\t\t<\/div>\n\t\t\t\t\t\t<\/div>\n\t\t\t\t<\/div>\n\t\t\t\t\t<\/div>\n\t\t<\/div>\n\t\t\t\t\t<\/div>\n\t\t<\/section>\n\t\t\t\t<section class=\"elementor-section elementor-top-section elementor-element elementor-element-856d645 elementor-section-boxed elementor-section-height-default elementor-section-height-default\" data-id=\"856d645\" data-element_type=\"section\" data-e-type=\"section\">\n\t\t\t\t\t\t<div class=\"elementor-container elementor-column-gap-default\">\n\t\t\t\t\t<div class=\"elementor-column elementor-col-100 elementor-top-column elementor-element elementor-element-3d21e74\" data-id=\"3d21e74\" data-element_type=\"column\" data-e-type=\"column\">\n\t\t\t<div class=\"elementor-widget-wrap elementor-element-populated\">\n\t\t\t\t\t\t<div class=\"elementor-element elementor-element-fa7f9ca elementor-widget elementor-widget-heading\" data-id=\"fa7f9ca\" data-element_type=\"widget\" data-e-type=\"widget\" data-widget_type=\"heading.default\">\n\t\t\t\t<div class=\"elementor-widget-container\">\n\t\t\t\t\t<h2 class=\"elementor-heading-title elementor-size-default\"><b>Oszt\u00e1lyf\u0151n\u00f6k: T\u00f3th Ern\u0151n\u00e9<\/b><\/h2>\t\t\t\t<\/div>\n\t\t\t\t<\/div>\n\t\t\t\t\t<\/div>\n\t\t<\/div>\n\t\t\t\t\t<\/div>\n\t\t<\/section>\n\t\t\t\t<section class=\"elementor-section elementor-top-section elementor-element elementor-element-cba1f14 elementor-section-boxed elementor-section-height-default elementor-section-height-default\" data-id=\"cba1f14\" data-element_type=\"section\" data-e-type=\"section\">\n\t\t\t\t\t\t<div class=\"elementor-container elementor-column-gap-default\">\n\t\t\t\t\t<div class=\"elementor-column elementor-col-100 elementor-top-column elementor-element elementor-element-795df29\" data-id=\"795df29\" data-element_type=\"column\" data-e-type=\"column\">\n\t\t\t<div class=\"elementor-widget-wrap elementor-element-populated\">\n\t\t\t\t\t\t<div class=\"elementor-element elementor-element-8be0cfc elementor-widget elementor-widget-spacer\" data-id=\"8be0cfc\" data-element_type=\"widget\" data-e-type=\"widget\" data-widget_type=\"spacer.default\">\n\t\t\t\t<div class=\"elementor-widget-container\">\n\t\t\t\t\t\t\t<div class=\"elementor-spacer\">\n\t\t\t<div class=\"elementor-spacer-inner\"><\/div>\n\t\t<\/div>\n\t\t\t\t\t\t<\/div>\n\t\t\t\t<\/div>\n\t\t\t\t\t<\/div>\n\t\t<\/div>\n\t\t\t\t\t<\/div>\n\t\t<\/section>\n\t\t\t\t<section class=\"elementor-section elementor-top-section elementor-element elementor-element-eb273ee elementor-section-boxed elementor-section-height-default elementor-section-height-default\" data-id=\"eb273ee\" data-element_type=\"section\" data-e-type=\"section\">\n\t\t\t\t\t\t<div class=\"elementor-container elementor-column-gap-default\">\n\t\t\t\t\t<div class=\"elementor-column elementor-col-100 elementor-top-column elementor-element elementor-element-0be70cd\" data-id=\"0be70cd\" data-element_type=\"column\" data-e-type=\"column\">\n\t\t\t<div class=\"elementor-widget-wrap elementor-element-populated\">\n\t\t\t\t\t\t<div class=\"elementor-element elementor-element-978f8e6 elementor-widget elementor-widget-heading\" data-id=\"978f8e6\" data-element_type=\"widget\" data-e-type=\"widget\" data-widget_type=\"heading.default\">\n\t\t\t\t<div class=\"elementor-widget-container\">\n\t\t\t\t\t<h2 class=\"elementor-heading-title elementor-size-default\"><b>Szakma: cip\u0151 elad\u00f3, f\u0171szer \u00e9s csemege elad\u00f3<\/b><\/h2>\t\t\t\t<\/div>\n\t\t\t\t<\/div>\n\t\t\t\t\t<\/div>\n\t\t<\/div>\n\t\t\t\t\t<\/div>\n\t\t<\/section>\n\t\t\t\t<section class=\"elementor-section elementor-top-section elementor-element elementor-element-04f1ea7 elementor-section-boxed elementor-section-height-default elementor-section-height-default\" data-id=\"04f1ea7\" data-element_type=\"section\" data-e-type=\"section\">\n\t\t\t\t\t\t<div class=\"elementor-container elementor-column-gap-default\">\n\t\t\t\t\t<div class=\"elementor-column elementor-col-100 elementor-top-column elementor-element elementor-element-a88b107\" data-id=\"a88b107\" data-element_type=\"column\" data-e-type=\"column\">\n\t\t\t<div class=\"elementor-widget-wrap elementor-element-populated\">\n\t\t\t\t\t\t<div class=\"elementor-element elementor-element-c6ca38b elementor-widget elementor-widget-spacer\" data-id=\"c6ca38b\" data-element_type=\"widget\" data-e-type=\"widget\" data-widget_type=\"spacer.default\">\n\t\t\t\t<div class=\"elementor-widget-container\">\n\t\t\t\t\t\t\t<div class=\"elementor-spacer\">\n\t\t\t<div class=\"elementor-spacer-inner\"><\/div>\n\t\t<\/div>\n\t\t\t\t\t\t<\/div>\n\t\t\t\t<\/div>\n\t\t\t\t\t<\/div>\n\t\t<\/div>\n\t\t\t\t\t<\/div>\n\t\t<\/section>\n\t\t\t\t<section class=\"elementor-section elementor-top-section elementor-element elementor-element-ccbcfe7 elementor-section-boxed elementor-section-height-default elementor-section-height-default\" data-id=\"ccbcfe7\" data-element_type=\"section\" data-e-type=\"section\">\n\t\t\t\t\t\t<div class=\"elementor-container elementor-column-gap-default\">\n\t\t\t\t\t<div class=\"elementor-column elementor-col-100 elementor-top-column elementor-element elementor-element-8750f51\" data-id=\"8750f51\" data-element_type=\"column\" data-e-type=\"column\">\n\t\t\t<div class=\"elementor-widget-wrap elementor-element-populated\">\n\t\t\t\t\t\t<div class=\"elementor-element elementor-element-55857a3 elementor-widget elementor-widget-heading\" data-id=\"55857a3\" data-element_type=\"widget\" data-e-type=\"widget\" data-widget_type=\"heading.default\">\n\t\t\t\t<div class=\"elementor-widget-container\">\n\t\t\t\t\t<h2 class=\"elementor-heading-title elementor-size-default\">1.\tAg\u00f3cs Piroska<p>\n<\/p>2.\tBoros Julia\n<\/p>3.\tG\u00e1l Ilona\n<\/p>4.\tHank\u00f3 Ilona\n<\/p>5.\tHars\u00e1nyi Eszter\n<\/p>6.\tHigyed Erzs\u00e9bet\n<\/p>7.\tHorv\u00e1th J\u00e1nos\n<\/p>8.\tIly\u00e9s S\u00e1ndorn\u00e9\n<\/p>9.\tJuh\u00e1sz Olga\n<\/p>10.\tK\u00f3sa M\u00e1ria\n<\/p>11.\tKov\u00e1cs Julianna\n<\/p>12.\tKov\u00e1cs Mih\u00e1ly\n<\/p>13.\tLaurinyecz J\u00e1nos\n<\/p>14.\tLipt\u00e1k Gy\u00f6rgy\n<\/p>15.\tMar\u00f3di Zsuzsanna\n<\/p>16.\tMaros\u00e1n P\u00e9ter\n<\/p>17.\tM\u00e1trai Erzs\u00e9bet\n<\/p>18.\tNagy Elek\n<\/p>19.\tNagy Ida\n<\/p>20.\tNeh\u00e9z P\u00e1l\n<\/p>21.\tOll\u00e1r Gy\u00f6rgy\n<\/p>22.\tPiros K\u00e1roly\n<\/p>23.\tRakonczai Mih\u00e1ly\n<\/p>24.\tSajti M\u00e1ria\n<\/p>25.\tS\u00e1rk\u00f6zi Julia\n<\/p>26.\tS\u00f3lyom Imre\n<\/p>27.\tSzemenyei S\u00e1ndor\n<\/p>28.\tToldi Julianna\n<\/p>29.\tT\u00f3th Etelka\n<\/p>30.\tT\u00f6r\u00f6k Erzs\u00e9bet\n<\/p>31.\tVir\u00e1g Erzs\u00e9bet<\/h2>\t\t\t\t<\/div>\n\t\t\t\t<\/div>\n\t\t\t\t\t<\/div>\n\t\t<\/div>\n\t\t\t\t\t<\/div>\n\t\t<\/section>\n\t\t\t\t<\/div>\n\t\t","protected":false},"excerpt":{"rendered":"<p>1966\/1967 III.e oszt\u00e1ly Oszt\u00e1lyf\u0151n\u00f6k: T\u00f3th Ern\u0151n\u00e9 Szakma: cip\u0151 elad\u00f3, f\u0171szer \u00e9s csemege elad\u00f3 1. Ag\u00f3cs Piroska 2. Boros Julia 3. G\u00e1l Ilona 4. Hank\u00f3 Ilona 5. Hars\u00e1nyi Eszter 6. Higyed Erzs\u00e9bet 7. Horv\u00e1th J\u00e1nos 8. Ily\u00e9s S\u00e1ndorn\u00e9 9. Juh\u00e1sz Olga 10. K\u00f3sa M\u00e1ria 11. Kov\u00e1cs Julianna 12. Kov\u00e1cs Mih\u00e1ly 13. Laurinyecz J\u00e1nos 14. Lipt\u00e1k Gy\u00f6rgy [&hellip;]<\/p>\n","protected":false},"author":4,"featured_media":0,"parent":0,"menu_order":0,"comment_status":"closed","ping_status":"closed","template":"","meta":{"footnotes":""},"class_list":["post-36017","page","type-page","status-publish","hentry"],"_links":{"self":[{"href":"\/index.php\/wp-json\/wp\/v2\/pages\/36017","targetHints":{"allow":["GET"]}}],"collection":[{"href":"\/index.php\/wp-json\/wp\/v2\/pages"}],"about":[{"href":"\/index.php\/wp-json\/wp\/v2\/types\/page"}],"author":[{"embeddable":true,"href":"\/index.php\/wp-json\/wp\/v2\/users\/4"}],"replies":[{"embeddable":true,"href":"\/index.php\/wp-json\/wp\/v2\/comments?post=36017"}],"version-history":[{"count":4,"href":"\/index.php\/wp-json\/wp\/v2\/pages\/36017\/revisions"}],"predecessor-version":[{"id":36022,"href":"\/index.php\/wp-json\/wp\/v2\/pages\/36017\/revisions\/36022"}],"wp:attachment":[{"href":"\/index.php\/wp-json\/wp\/v2\/media?parent=36017"}],"curies":[{"name":"wp","href":"https:\/\/api.w.org\/{rel}","templated":true}]}}