{"id":35996,"date":"2024-02-16T10:12:48","date_gmt":"2024-02-16T09:12:48","guid":{"rendered":"\/?page_id=35996"},"modified":"2024-02-16T10:15:46","modified_gmt":"2024-02-16T09:15:46","slug":"1967-iii-c","status":"publish","type":"page","link":"\/index.php\/1967-iii-c\/","title":{"rendered":"1967 III\/C"},"content":{"rendered":"\t\t<div data-elementor-type=\"wp-page\" data-elementor-id=\"35996\" class=\"elementor elementor-35996\" data-elementor-post-type=\"page\">\n\t\t\t\t\t\t<section class=\"elementor-section elementor-top-section elementor-element elementor-element-0a3eb49 elementor-section-boxed elementor-section-height-default elementor-section-height-default\" data-id=\"0a3eb49\" data-element_type=\"section\" data-e-type=\"section\">\n\t\t\t\t\t\t<div class=\"elementor-container elementor-column-gap-default\">\n\t\t\t\t\t<div class=\"elementor-column elementor-col-100 elementor-top-column elementor-element elementor-element-4d6bc76\" data-id=\"4d6bc76\" data-element_type=\"column\" data-e-type=\"column\">\n\t\t\t<div class=\"elementor-widget-wrap elementor-element-populated\">\n\t\t\t\t\t\t<div class=\"elementor-element elementor-element-d914273 elementor-widget elementor-widget-spacer\" data-id=\"d914273\" data-element_type=\"widget\" data-e-type=\"widget\" data-widget_type=\"spacer.default\">\n\t\t\t\t<div class=\"elementor-widget-container\">\n\t\t\t\t\t\t\t<div class=\"elementor-spacer\">\n\t\t\t<div class=\"elementor-spacer-inner\"><\/div>\n\t\t<\/div>\n\t\t\t\t\t\t<\/div>\n\t\t\t\t<\/div>\n\t\t\t\t\t<\/div>\n\t\t<\/div>\n\t\t\t\t\t<\/div>\n\t\t<\/section>\n\t\t\t\t<section class=\"elementor-section elementor-top-section elementor-element elementor-element-ce09f4b elementor-section-boxed elementor-section-height-default elementor-section-height-default\" data-id=\"ce09f4b\" data-element_type=\"section\" data-e-type=\"section\">\n\t\t\t\t\t\t<div class=\"elementor-container elementor-column-gap-default\">\n\t\t\t\t\t<div class=\"elementor-column elementor-col-100 elementor-top-column elementor-element elementor-element-2ca4027\" data-id=\"2ca4027\" data-element_type=\"column\" data-e-type=\"column\">\n\t\t\t<div class=\"elementor-widget-wrap elementor-element-populated\">\n\t\t\t\t\t\t<div class=\"elementor-element elementor-element-8f1cdc6 elementor-widget elementor-widget-heading\" data-id=\"8f1cdc6\" data-element_type=\"widget\" data-e-type=\"widget\" data-widget_type=\"heading.default\">\n\t\t\t\t<div class=\"elementor-widget-container\">\n\t\t\t\t\t<h2 class=\"elementor-heading-title elementor-size-default\"><b>1966\/1967<\/b><\/h2>\t\t\t\t<\/div>\n\t\t\t\t<\/div>\n\t\t\t\t\t<\/div>\n\t\t<\/div>\n\t\t\t\t\t<\/div>\n\t\t<\/section>\n\t\t\t\t<section class=\"elementor-section elementor-top-section elementor-element elementor-element-4c4e98a elementor-section-boxed elementor-section-height-default elementor-section-height-default\" data-id=\"4c4e98a\" data-element_type=\"section\" data-e-type=\"section\">\n\t\t\t\t\t\t<div class=\"elementor-container elementor-column-gap-default\">\n\t\t\t\t\t<div class=\"elementor-column elementor-col-100 elementor-top-column elementor-element elementor-element-08a8a39\" data-id=\"08a8a39\" data-element_type=\"column\" data-e-type=\"column\">\n\t\t\t<div class=\"elementor-widget-wrap elementor-element-populated\">\n\t\t\t\t\t\t<div class=\"elementor-element elementor-element-61c0344 elementor-widget elementor-widget-spacer\" data-id=\"61c0344\" data-element_type=\"widget\" data-e-type=\"widget\" data-widget_type=\"spacer.default\">\n\t\t\t\t<div class=\"elementor-widget-container\">\n\t\t\t\t\t\t\t<div class=\"elementor-spacer\">\n\t\t\t<div class=\"elementor-spacer-inner\"><\/div>\n\t\t<\/div>\n\t\t\t\t\t\t<\/div>\n\t\t\t\t<\/div>\n\t\t\t\t\t<\/div>\n\t\t<\/div>\n\t\t\t\t\t<\/div>\n\t\t<\/section>\n\t\t\t\t<section class=\"elementor-section elementor-top-section elementor-element elementor-element-56d1d27 elementor-section-boxed elementor-section-height-default elementor-section-height-default\" data-id=\"56d1d27\" data-element_type=\"section\" data-e-type=\"section\">\n\t\t\t\t\t\t<div class=\"elementor-container elementor-column-gap-default\">\n\t\t\t\t\t<div class=\"elementor-column elementor-col-100 elementor-top-column elementor-element elementor-element-cbf7b1f\" data-id=\"cbf7b1f\" data-element_type=\"column\" data-e-type=\"column\">\n\t\t\t<div class=\"elementor-widget-wrap elementor-element-populated\">\n\t\t\t\t\t\t<div class=\"elementor-element elementor-element-e3e808f elementor-widget elementor-widget-heading\" data-id=\"e3e808f\" data-element_type=\"widget\" data-e-type=\"widget\" data-widget_type=\"heading.default\">\n\t\t\t\t<div class=\"elementor-widget-container\">\n\t\t\t\t\t<h2 class=\"elementor-heading-title elementor-size-default\"><b>III.c oszt\u00e1ly<\/b><\/h2>\t\t\t\t<\/div>\n\t\t\t\t<\/div>\n\t\t\t\t\t<\/div>\n\t\t<\/div>\n\t\t\t\t\t<\/div>\n\t\t<\/section>\n\t\t\t\t<section class=\"elementor-section elementor-top-section elementor-element elementor-element-c1eb0ce elementor-section-boxed elementor-section-height-default elementor-section-height-default\" data-id=\"c1eb0ce\" data-element_type=\"section\" data-e-type=\"section\">\n\t\t\t\t\t\t<div class=\"elementor-container elementor-column-gap-default\">\n\t\t\t\t\t<div class=\"elementor-column elementor-col-100 elementor-top-column elementor-element elementor-element-5ced54f\" data-id=\"5ced54f\" data-element_type=\"column\" data-e-type=\"column\">\n\t\t\t<div class=\"elementor-widget-wrap elementor-element-populated\">\n\t\t\t\t\t\t<div class=\"elementor-element elementor-element-a9f4cc2 elementor-widget elementor-widget-spacer\" data-id=\"a9f4cc2\" data-element_type=\"widget\" data-e-type=\"widget\" data-widget_type=\"spacer.default\">\n\t\t\t\t<div class=\"elementor-widget-container\">\n\t\t\t\t\t\t\t<div class=\"elementor-spacer\">\n\t\t\t<div class=\"elementor-spacer-inner\"><\/div>\n\t\t<\/div>\n\t\t\t\t\t\t<\/div>\n\t\t\t\t<\/div>\n\t\t\t\t\t<\/div>\n\t\t<\/div>\n\t\t\t\t\t<\/div>\n\t\t<\/section>\n\t\t\t\t<section class=\"elementor-section elementor-top-section elementor-element elementor-element-a1264bd elementor-section-boxed elementor-section-height-default elementor-section-height-default\" data-id=\"a1264bd\" data-element_type=\"section\" data-e-type=\"section\">\n\t\t\t\t\t\t<div class=\"elementor-container elementor-column-gap-default\">\n\t\t\t\t\t<div class=\"elementor-column elementor-col-100 elementor-top-column elementor-element elementor-element-e61fc1d\" data-id=\"e61fc1d\" data-element_type=\"column\" data-e-type=\"column\">\n\t\t\t<div class=\"elementor-widget-wrap elementor-element-populated\">\n\t\t\t\t\t\t<div class=\"elementor-element elementor-element-22eba77 elementor-widget elementor-widget-heading\" data-id=\"22eba77\" data-element_type=\"widget\" data-e-type=\"widget\" data-widget_type=\"heading.default\">\n\t\t\t\t<div class=\"elementor-widget-container\">\n\t\t\t\t\t<h2 class=\"elementor-heading-title elementor-size-default\"><b>Oszt\u00e1lyf\u0151n\u00f6k: Zsil\u00e1k Gy\u00f6rgy<\/b><\/h2>\t\t\t\t<\/div>\n\t\t\t\t<\/div>\n\t\t\t\t\t<\/div>\n\t\t<\/div>\n\t\t\t\t\t<\/div>\n\t\t<\/section>\n\t\t\t\t<section class=\"elementor-section elementor-top-section elementor-element elementor-element-59a7460 elementor-section-boxed elementor-section-height-default elementor-section-height-default\" data-id=\"59a7460\" data-element_type=\"section\" data-e-type=\"section\">\n\t\t\t\t\t\t<div class=\"elementor-container elementor-column-gap-default\">\n\t\t\t\t\t<div class=\"elementor-column elementor-col-100 elementor-top-column elementor-element elementor-element-490de26\" data-id=\"490de26\" data-element_type=\"column\" data-e-type=\"column\">\n\t\t\t<div class=\"elementor-widget-wrap elementor-element-populated\">\n\t\t\t\t\t\t<div class=\"elementor-element elementor-element-481837d elementor-widget elementor-widget-spacer\" data-id=\"481837d\" data-element_type=\"widget\" data-e-type=\"widget\" data-widget_type=\"spacer.default\">\n\t\t\t\t<div class=\"elementor-widget-container\">\n\t\t\t\t\t\t\t<div class=\"elementor-spacer\">\n\t\t\t<div class=\"elementor-spacer-inner\"><\/div>\n\t\t<\/div>\n\t\t\t\t\t\t<\/div>\n\t\t\t\t<\/div>\n\t\t\t\t\t<\/div>\n\t\t<\/div>\n\t\t\t\t\t<\/div>\n\t\t<\/section>\n\t\t\t\t<section class=\"elementor-section elementor-top-section elementor-element elementor-element-f43ad4a elementor-section-boxed elementor-section-height-default elementor-section-height-default\" data-id=\"f43ad4a\" data-element_type=\"section\" data-e-type=\"section\">\n\t\t\t\t\t\t<div class=\"elementor-container elementor-column-gap-default\">\n\t\t\t\t\t<div class=\"elementor-column elementor-col-100 elementor-top-column elementor-element elementor-element-ab12c42\" data-id=\"ab12c42\" data-element_type=\"column\" data-e-type=\"column\">\n\t\t\t<div class=\"elementor-widget-wrap elementor-element-populated\">\n\t\t\t\t\t\t<div class=\"elementor-element elementor-element-5c5f993 elementor-widget elementor-widget-heading\" data-id=\"5c5f993\" data-element_type=\"widget\" data-e-type=\"widget\" data-widget_type=\"heading.default\">\n\t\t\t\t<div class=\"elementor-widget-container\">\n\t\t\t\t\t<h2 class=\"elementor-heading-title elementor-size-default\"><b>Szakma: vegyi-h\u00e1ztart\u00e1s illatszer elad\u00f3, j\u00e1rm\u0171 \u00e9s j\u00e1rm\u0171alkatr\u00e9sz elad\u00f3, r\u00e1di\u00f3,- villamoss\u00e1gi-m\u0171szaki cikk elad\u00f3, vas-ed\u00e9ny elad\u00f3<\/b><\/h2>\t\t\t\t<\/div>\n\t\t\t\t<\/div>\n\t\t\t\t\t<\/div>\n\t\t<\/div>\n\t\t\t\t\t<\/div>\n\t\t<\/section>\n\t\t\t\t<section class=\"elementor-section elementor-top-section elementor-element elementor-element-200f0e2 elementor-section-boxed elementor-section-height-default elementor-section-height-default\" data-id=\"200f0e2\" data-element_type=\"section\" data-e-type=\"section\">\n\t\t\t\t\t\t<div class=\"elementor-container elementor-column-gap-default\">\n\t\t\t\t\t<div class=\"elementor-column elementor-col-100 elementor-top-column elementor-element elementor-element-1e07f4c\" data-id=\"1e07f4c\" data-element_type=\"column\" data-e-type=\"column\">\n\t\t\t<div class=\"elementor-widget-wrap elementor-element-populated\">\n\t\t\t\t\t\t<div class=\"elementor-element elementor-element-2a33d42 elementor-widget elementor-widget-spacer\" data-id=\"2a33d42\" data-element_type=\"widget\" data-e-type=\"widget\" data-widget_type=\"spacer.default\">\n\t\t\t\t<div class=\"elementor-widget-container\">\n\t\t\t\t\t\t\t<div class=\"elementor-spacer\">\n\t\t\t<div class=\"elementor-spacer-inner\"><\/div>\n\t\t<\/div>\n\t\t\t\t\t\t<\/div>\n\t\t\t\t<\/div>\n\t\t\t\t\t<\/div>\n\t\t<\/div>\n\t\t\t\t\t<\/div>\n\t\t<\/section>\n\t\t\t\t<section class=\"elementor-section elementor-top-section elementor-element elementor-element-40d25c9 elementor-section-boxed elementor-section-height-default elementor-section-height-default\" data-id=\"40d25c9\" data-element_type=\"section\" data-e-type=\"section\">\n\t\t\t\t\t\t<div class=\"elementor-container elementor-column-gap-default\">\n\t\t\t\t\t<div class=\"elementor-column elementor-col-100 elementor-top-column elementor-element elementor-element-c2d6735\" data-id=\"c2d6735\" data-element_type=\"column\" data-e-type=\"column\">\n\t\t\t<div class=\"elementor-widget-wrap elementor-element-populated\">\n\t\t\t\t\t\t<div class=\"elementor-element elementor-element-a6a1d04 elementor-widget elementor-widget-heading\" data-id=\"a6a1d04\" data-element_type=\"widget\" data-e-type=\"widget\" data-widget_type=\"heading.default\">\n\t\t\t\t<div class=\"elementor-widget-container\">\n\t\t\t\t\t<h2 class=\"elementor-heading-title elementor-size-default\">1.\tBartha Ferenc<p>\n<\/p>2.\tCsjaki P\u00e1l\n<\/p>3.\tDohar Ferenc\n<\/p>4.\tFrajst\u00e1k P\u00e1l\n<\/p>5.\tGiricz S\u00e1ndor\n<\/p>6.\tGyeraj Mih\u00e1ly\n<\/p>7.\tH\u00e1l\u00f3 Istv\u00e1n\n<\/p>8.\tKov\u00e1cs Erzs\u00e9bet\n<\/p>9.\tKov\u00e1cs G\u00e1bor\n<\/p>10.\tKrivj\u00e1nszki P\u00e1l\n<\/p>11.\tLagzi Gy\u00f6rgy\n<\/p>12.\tMegyeri P\u00e9ter\n<\/p>13.\tN\u00e1dra S\u00e1ra\n<\/p>14.\tRost\u00e1s S\u00e1ra\n<\/p>15.\tSpringel Istv\u00e1n\n<\/p>16.\tSzab\u00f3 Imre\n<\/p>17.\tSzab\u00f3 J\u00e1nos\n<\/p>18.\tSzab\u00f3 Mih\u00e1ly\n<\/p>19.\tSzab\u00f3 P\u00e9ter\n<\/p>20.\tSzokola J\u00f3zsef\n<\/p>21.\tTornyi M. Ilona\n<\/p>22.\tT\u00f3th Antal\n<\/p>23.\tVarga Mih\u00e1ly\n<\/p>24.\tZelenik Mih\u00e1ly<\/h2>\t\t\t\t<\/div>\n\t\t\t\t<\/div>\n\t\t\t\t\t<\/div>\n\t\t<\/div>\n\t\t\t\t\t<\/div>\n\t\t<\/section>\n\t\t\t\t<\/div>\n\t\t","protected":false},"excerpt":{"rendered":"<p>1966\/1967 III.c oszt\u00e1ly Oszt\u00e1lyf\u0151n\u00f6k: Zsil\u00e1k Gy\u00f6rgy Szakma: vegyi-h\u00e1ztart\u00e1s illatszer elad\u00f3, j\u00e1rm\u0171 \u00e9s j\u00e1rm\u0171alkatr\u00e9sz elad\u00f3, r\u00e1di\u00f3,- villamoss\u00e1gi-m\u0171szaki cikk elad\u00f3, vas-ed\u00e9ny elad\u00f3 1. Bartha Ferenc 2. Csjaki P\u00e1l 3. Dohar Ferenc 4. Frajst\u00e1k P\u00e1l 5. Giricz S\u00e1ndor 6. Gyeraj Mih\u00e1ly 7. H\u00e1l\u00f3 Istv\u00e1n 8. Kov\u00e1cs Erzs\u00e9bet 9. Kov\u00e1cs G\u00e1bor 10. Krivj\u00e1nszki P\u00e1l 11. Lagzi Gy\u00f6rgy 12. Megyeri [&hellip;]<\/p>\n","protected":false},"author":4,"featured_media":0,"parent":0,"menu_order":0,"comment_status":"closed","ping_status":"closed","template":"","meta":{"footnotes":""},"class_list":["post-35996","page","type-page","status-publish","hentry"],"_links":{"self":[{"href":"\/index.php\/wp-json\/wp\/v2\/pages\/35996","targetHints":{"allow":["GET"]}}],"collection":[{"href":"\/index.php\/wp-json\/wp\/v2\/pages"}],"about":[{"href":"\/index.php\/wp-json\/wp\/v2\/types\/page"}],"author":[{"embeddable":true,"href":"\/index.php\/wp-json\/wp\/v2\/users\/4"}],"replies":[{"embeddable":true,"href":"\/index.php\/wp-json\/wp\/v2\/comments?post=35996"}],"version-history":[{"count":4,"href":"\/index.php\/wp-json\/wp\/v2\/pages\/35996\/revisions"}],"predecessor-version":[{"id":36004,"href":"\/index.php\/wp-json\/wp\/v2\/pages\/35996\/revisions\/36004"}],"wp:attachment":[{"href":"\/index.php\/wp-json\/wp\/v2\/media?parent=35996"}],"curies":[{"name":"wp","href":"https:\/\/api.w.org\/{rel}","templated":true}]}}