{"id":35799,"date":"2024-02-05T15:30:00","date_gmt":"2024-02-05T14:30:00","guid":{"rendered":"\/?page_id=35799"},"modified":"2024-02-05T15:34:04","modified_gmt":"2024-02-05T14:34:04","slug":"1969-iii-c","status":"publish","type":"page","link":"\/index.php\/1969-iii-c\/","title":{"rendered":"1969 III\/C"},"content":{"rendered":"\t\t<div data-elementor-type=\"wp-page\" data-elementor-id=\"35799\" class=\"elementor elementor-35799\" data-elementor-post-type=\"page\">\n\t\t\t\t\t\t<section class=\"elementor-section elementor-top-section elementor-element elementor-element-4705627 elementor-section-boxed elementor-section-height-default elementor-section-height-default\" data-id=\"4705627\" data-element_type=\"section\" data-e-type=\"section\">\n\t\t\t\t\t\t<div class=\"elementor-container elementor-column-gap-default\">\n\t\t\t\t\t<div class=\"elementor-column elementor-col-100 elementor-top-column elementor-element elementor-element-27cbdff\" data-id=\"27cbdff\" data-element_type=\"column\" data-e-type=\"column\">\n\t\t\t<div class=\"elementor-widget-wrap elementor-element-populated\">\n\t\t\t\t\t\t<div class=\"elementor-element elementor-element-725f582 elementor-widget elementor-widget-spacer\" data-id=\"725f582\" data-element_type=\"widget\" data-e-type=\"widget\" data-widget_type=\"spacer.default\">\n\t\t\t\t<div class=\"elementor-widget-container\">\n\t\t\t\t\t\t\t<div class=\"elementor-spacer\">\n\t\t\t<div class=\"elementor-spacer-inner\"><\/div>\n\t\t<\/div>\n\t\t\t\t\t\t<\/div>\n\t\t\t\t<\/div>\n\t\t\t\t\t<\/div>\n\t\t<\/div>\n\t\t\t\t\t<\/div>\n\t\t<\/section>\n\t\t\t\t<section class=\"elementor-section elementor-top-section elementor-element elementor-element-65cb146 elementor-section-boxed elementor-section-height-default elementor-section-height-default\" data-id=\"65cb146\" data-element_type=\"section\" data-e-type=\"section\">\n\t\t\t\t\t\t<div class=\"elementor-container elementor-column-gap-default\">\n\t\t\t\t\t<div class=\"elementor-column elementor-col-100 elementor-top-column elementor-element elementor-element-1493ac0\" data-id=\"1493ac0\" data-element_type=\"column\" data-e-type=\"column\">\n\t\t\t<div class=\"elementor-widget-wrap elementor-element-populated\">\n\t\t\t\t\t\t<div class=\"elementor-element elementor-element-51ba482 elementor-widget elementor-widget-heading\" data-id=\"51ba482\" data-element_type=\"widget\" data-e-type=\"widget\" data-widget_type=\"heading.default\">\n\t\t\t\t<div class=\"elementor-widget-container\">\n\t\t\t\t\t<h2 class=\"elementor-heading-title elementor-size-default\"><b>1968\/1969<\/b><\/h2>\t\t\t\t<\/div>\n\t\t\t\t<\/div>\n\t\t\t\t\t<\/div>\n\t\t<\/div>\n\t\t\t\t\t<\/div>\n\t\t<\/section>\n\t\t\t\t<section class=\"elementor-section elementor-top-section elementor-element elementor-element-789f92f elementor-section-boxed elementor-section-height-default elementor-section-height-default\" data-id=\"789f92f\" data-element_type=\"section\" data-e-type=\"section\">\n\t\t\t\t\t\t<div class=\"elementor-container elementor-column-gap-default\">\n\t\t\t\t\t<div class=\"elementor-column elementor-col-100 elementor-top-column elementor-element elementor-element-805b355\" data-id=\"805b355\" data-element_type=\"column\" data-e-type=\"column\">\n\t\t\t<div class=\"elementor-widget-wrap elementor-element-populated\">\n\t\t\t\t\t\t<div class=\"elementor-element elementor-element-afc1f0a elementor-widget elementor-widget-spacer\" data-id=\"afc1f0a\" data-element_type=\"widget\" data-e-type=\"widget\" data-widget_type=\"spacer.default\">\n\t\t\t\t<div class=\"elementor-widget-container\">\n\t\t\t\t\t\t\t<div class=\"elementor-spacer\">\n\t\t\t<div class=\"elementor-spacer-inner\"><\/div>\n\t\t<\/div>\n\t\t\t\t\t\t<\/div>\n\t\t\t\t<\/div>\n\t\t\t\t\t<\/div>\n\t\t<\/div>\n\t\t\t\t\t<\/div>\n\t\t<\/section>\n\t\t\t\t<section class=\"elementor-section elementor-top-section elementor-element elementor-element-47aa3ad elementor-section-boxed elementor-section-height-default elementor-section-height-default\" data-id=\"47aa3ad\" data-element_type=\"section\" data-e-type=\"section\">\n\t\t\t\t\t\t<div class=\"elementor-container elementor-column-gap-default\">\n\t\t\t\t\t<div class=\"elementor-column elementor-col-100 elementor-top-column elementor-element elementor-element-e7ae2c1\" data-id=\"e7ae2c1\" data-element_type=\"column\" data-e-type=\"column\">\n\t\t\t<div class=\"elementor-widget-wrap elementor-element-populated\">\n\t\t\t\t\t\t<div class=\"elementor-element elementor-element-0259e47 elementor-widget elementor-widget-heading\" data-id=\"0259e47\" data-element_type=\"widget\" data-e-type=\"widget\" data-widget_type=\"heading.default\">\n\t\t\t\t<div class=\"elementor-widget-container\">\n\t\t\t\t\t<h2 class=\"elementor-heading-title elementor-size-default\"><b>III.c oszt\u00e1ly<\/b><\/h2>\t\t\t\t<\/div>\n\t\t\t\t<\/div>\n\t\t\t\t\t<\/div>\n\t\t<\/div>\n\t\t\t\t\t<\/div>\n\t\t<\/section>\n\t\t\t\t<section class=\"elementor-section elementor-top-section elementor-element elementor-element-046101b elementor-section-boxed elementor-section-height-default elementor-section-height-default\" data-id=\"046101b\" data-element_type=\"section\" data-e-type=\"section\">\n\t\t\t\t\t\t<div class=\"elementor-container elementor-column-gap-default\">\n\t\t\t\t\t<div class=\"elementor-column elementor-col-100 elementor-top-column elementor-element elementor-element-992faf3\" data-id=\"992faf3\" data-element_type=\"column\" data-e-type=\"column\">\n\t\t\t<div class=\"elementor-widget-wrap elementor-element-populated\">\n\t\t\t\t\t\t<div class=\"elementor-element elementor-element-13ac38e elementor-widget elementor-widget-spacer\" data-id=\"13ac38e\" data-element_type=\"widget\" data-e-type=\"widget\" data-widget_type=\"spacer.default\">\n\t\t\t\t<div class=\"elementor-widget-container\">\n\t\t\t\t\t\t\t<div class=\"elementor-spacer\">\n\t\t\t<div class=\"elementor-spacer-inner\"><\/div>\n\t\t<\/div>\n\t\t\t\t\t\t<\/div>\n\t\t\t\t<\/div>\n\t\t\t\t\t<\/div>\n\t\t<\/div>\n\t\t\t\t\t<\/div>\n\t\t<\/section>\n\t\t\t\t<section class=\"elementor-section elementor-top-section elementor-element elementor-element-4419615 elementor-section-boxed elementor-section-height-default elementor-section-height-default\" data-id=\"4419615\" data-element_type=\"section\" data-e-type=\"section\">\n\t\t\t\t\t\t<div class=\"elementor-container elementor-column-gap-default\">\n\t\t\t\t\t<div class=\"elementor-column elementor-col-100 elementor-top-column elementor-element elementor-element-c9db893\" data-id=\"c9db893\" data-element_type=\"column\" data-e-type=\"column\">\n\t\t\t<div class=\"elementor-widget-wrap elementor-element-populated\">\n\t\t\t\t\t\t<div class=\"elementor-element elementor-element-924345f elementor-widget elementor-widget-heading\" data-id=\"924345f\" data-element_type=\"widget\" data-e-type=\"widget\" data-widget_type=\"heading.default\">\n\t\t\t\t<div class=\"elementor-widget-container\">\n\t\t\t\t\t<h2 class=\"elementor-heading-title elementor-size-default\"><b>Oszt\u00e1lyf\u0151n\u00f6k: Bohus J\u00e1nosn\u00e9<\/b><\/h2>\t\t\t\t<\/div>\n\t\t\t\t<\/div>\n\t\t\t\t\t<\/div>\n\t\t<\/div>\n\t\t\t\t\t<\/div>\n\t\t<\/section>\n\t\t\t\t<section class=\"elementor-section elementor-top-section elementor-element elementor-element-a0a65f2 elementor-section-boxed elementor-section-height-default elementor-section-height-default\" data-id=\"a0a65f2\" data-element_type=\"section\" data-e-type=\"section\">\n\t\t\t\t\t\t<div class=\"elementor-container elementor-column-gap-default\">\n\t\t\t\t\t<div class=\"elementor-column elementor-col-100 elementor-top-column elementor-element elementor-element-e10011a\" data-id=\"e10011a\" data-element_type=\"column\" data-e-type=\"column\">\n\t\t\t<div class=\"elementor-widget-wrap elementor-element-populated\">\n\t\t\t\t\t\t<div class=\"elementor-element elementor-element-02d682e elementor-widget elementor-widget-spacer\" data-id=\"02d682e\" data-element_type=\"widget\" data-e-type=\"widget\" data-widget_type=\"spacer.default\">\n\t\t\t\t<div class=\"elementor-widget-container\">\n\t\t\t\t\t\t\t<div class=\"elementor-spacer\">\n\t\t\t<div class=\"elementor-spacer-inner\"><\/div>\n\t\t<\/div>\n\t\t\t\t\t\t<\/div>\n\t\t\t\t<\/div>\n\t\t\t\t\t<\/div>\n\t\t<\/div>\n\t\t\t\t\t<\/div>\n\t\t<\/section>\n\t\t\t\t<section class=\"elementor-section elementor-top-section elementor-element elementor-element-71ad4bc elementor-section-boxed elementor-section-height-default elementor-section-height-default\" data-id=\"71ad4bc\" data-element_type=\"section\" data-e-type=\"section\">\n\t\t\t\t\t\t<div class=\"elementor-container elementor-column-gap-default\">\n\t\t\t\t\t<div class=\"elementor-column elementor-col-100 elementor-top-column elementor-element elementor-element-414bd26\" data-id=\"414bd26\" data-element_type=\"column\" data-e-type=\"column\">\n\t\t\t<div class=\"elementor-widget-wrap elementor-element-populated\">\n\t\t\t\t\t\t<div class=\"elementor-element elementor-element-a1c20d4 elementor-widget elementor-widget-heading\" data-id=\"a1c20d4\" data-element_type=\"widget\" data-e-type=\"widget\" data-widget_type=\"heading.default\">\n\t\t\t\t<div class=\"elementor-widget-container\">\n\t\t\t\t\t<h2 class=\"elementor-heading-title elementor-size-default\"><b>Szakma: felszolg\u00e1l\u00f3, elad\u00f3<\/b><\/h2>\t\t\t\t<\/div>\n\t\t\t\t<\/div>\n\t\t\t\t\t<\/div>\n\t\t<\/div>\n\t\t\t\t\t<\/div>\n\t\t<\/section>\n\t\t\t\t<section class=\"elementor-section elementor-top-section elementor-element elementor-element-6449cd0 elementor-section-boxed elementor-section-height-default elementor-section-height-default\" data-id=\"6449cd0\" data-element_type=\"section\" data-e-type=\"section\">\n\t\t\t\t\t\t<div class=\"elementor-container elementor-column-gap-default\">\n\t\t\t\t\t<div class=\"elementor-column elementor-col-100 elementor-top-column elementor-element elementor-element-0f32119\" data-id=\"0f32119\" data-element_type=\"column\" data-e-type=\"column\">\n\t\t\t<div class=\"elementor-widget-wrap elementor-element-populated\">\n\t\t\t\t\t\t<div class=\"elementor-element elementor-element-e6a9bf6 elementor-widget elementor-widget-spacer\" data-id=\"e6a9bf6\" data-element_type=\"widget\" data-e-type=\"widget\" data-widget_type=\"spacer.default\">\n\t\t\t\t<div class=\"elementor-widget-container\">\n\t\t\t\t\t\t\t<div class=\"elementor-spacer\">\n\t\t\t<div class=\"elementor-spacer-inner\"><\/div>\n\t\t<\/div>\n\t\t\t\t\t\t<\/div>\n\t\t\t\t<\/div>\n\t\t\t\t\t<\/div>\n\t\t<\/div>\n\t\t\t\t\t<\/div>\n\t\t<\/section>\n\t\t\t\t<section class=\"elementor-section elementor-top-section elementor-element elementor-element-d2d218d elementor-section-boxed elementor-section-height-default elementor-section-height-default\" data-id=\"d2d218d\" data-element_type=\"section\" data-e-type=\"section\">\n\t\t\t\t\t\t<div class=\"elementor-container elementor-column-gap-default\">\n\t\t\t\t\t<div class=\"elementor-column elementor-col-100 elementor-top-column elementor-element elementor-element-e30defa\" data-id=\"e30defa\" data-element_type=\"column\" data-e-type=\"column\">\n\t\t\t<div class=\"elementor-widget-wrap elementor-element-populated\">\n\t\t\t\t\t\t<div class=\"elementor-element elementor-element-684c8ab elementor-widget elementor-widget-heading\" data-id=\"684c8ab\" data-element_type=\"widget\" data-e-type=\"widget\" data-widget_type=\"heading.default\">\n\t\t\t\t<div class=\"elementor-widget-container\">\n\t\t\t\t\t<h2 class=\"elementor-heading-title elementor-size-default\">1.\tAnd\u00f3 Tam\u00e1s<p>\n<\/p>2.\tBalogh Piroska M\u00e1ria\n<\/p>3.\tBarta Erzs\u00e9bet\n<\/p>4.\tBohus-Kr\u00e1j\u00f3 M\u00e1ria\n<\/p>5.\tFermann Zs\u00f3fia\n<\/p>6.\tG\u00e9mes Istv\u00e1n\n<\/p>7.\tGyebn\u00e1r Kl\u00e1ra\n<\/p>8.\tHeged\u0171s Roz\u00e1lia\n<\/p>9.\tHorv\u00e1th Ter\u00e9zia\n<\/p>10.\tJeszenka Margit\n<\/p>11.\tKar\u00e1dy Gy\u00f6rgyike Csilla\n<\/p>12.\tK\u00e1lm\u00e1ndi Etelka Julianna\n<\/p>13.\tKocsor Eszter\n<\/p>14.\tK\u0151szegi J\u00e1nos\n<\/p>15.\tKrajcs\u00f3 Erzs\u00e9bet M\u00e1ria\n<\/p>16.\tMilek J\u00e1nos Gyula\n<\/p>17.\tNagy Zs\u00f3fia\n<\/p>18.\tPusk\u00e1s M\u00e1ria\n<\/p>19.\tRadics Erzs\u00e9bet\n<\/p>20.\tSeprenyi Istv\u00e1n\n<\/p>21.\tSimon Mih\u00e1ly\n<\/p>22.\tSkoperda Rafael\n<\/p>23.\tSus\u00e1nszki Erzs\u00e9bet\n<\/p>24.\tSzab\u00f3 M\u00e1ria Julianna\n<\/p>25.\tSzemenyei M\u00e1ria\n<\/p>26.\tTat\u00e1r Ildik\u00f3\n<\/p>27.\tT\u00f3th Ferenc\n<\/p>28.\tT\u00fari L\u00e1szl\u00f3 Lajos\n<\/p>29.\tVarga J\u00e1nos\n<\/p>30.\tVaszk\u00f3 Ildik\u00f3\n<\/p>31.\tZahor\u00e1n Ilona<\/h2>\t\t\t\t<\/div>\n\t\t\t\t<\/div>\n\t\t\t\t\t<\/div>\n\t\t<\/div>\n\t\t\t\t\t<\/div>\n\t\t<\/section>\n\t\t\t\t<\/div>\n\t\t","protected":false},"excerpt":{"rendered":"<p>1968\/1969 III.c oszt\u00e1ly Oszt\u00e1lyf\u0151n\u00f6k: Bohus J\u00e1nosn\u00e9 Szakma: felszolg\u00e1l\u00f3, elad\u00f3 1. And\u00f3 Tam\u00e1s 2. Balogh Piroska M\u00e1ria 3. Barta Erzs\u00e9bet 4. Bohus-Kr\u00e1j\u00f3 M\u00e1ria 5. Fermann Zs\u00f3fia 6. G\u00e9mes Istv\u00e1n 7. Gyebn\u00e1r Kl\u00e1ra 8. Heged\u0171s Roz\u00e1lia 9. Horv\u00e1th Ter\u00e9zia 10. Jeszenka Margit 11. Kar\u00e1dy Gy\u00f6rgyike Csilla 12. K\u00e1lm\u00e1ndi Etelka Julianna 13. Kocsor Eszter 14. K\u0151szegi J\u00e1nos 15. [&hellip;]<\/p>\n","protected":false},"author":4,"featured_media":0,"parent":0,"menu_order":0,"comment_status":"closed","ping_status":"closed","template":"","meta":{"footnotes":""},"class_list":["post-35799","page","type-page","status-publish","hentry"],"_links":{"self":[{"href":"\/index.php\/wp-json\/wp\/v2\/pages\/35799","targetHints":{"allow":["GET"]}}],"collection":[{"href":"\/index.php\/wp-json\/wp\/v2\/pages"}],"about":[{"href":"\/index.php\/wp-json\/wp\/v2\/types\/page"}],"author":[{"embeddable":true,"href":"\/index.php\/wp-json\/wp\/v2\/users\/4"}],"replies":[{"embeddable":true,"href":"\/index.php\/wp-json\/wp\/v2\/comments?post=35799"}],"version-history":[{"count":7,"href":"\/index.php\/wp-json\/wp\/v2\/pages\/35799\/revisions"}],"predecessor-version":[{"id":35807,"href":"\/index.php\/wp-json\/wp\/v2\/pages\/35799\/revisions\/35807"}],"wp:attachment":[{"href":"\/index.php\/wp-json\/wp\/v2\/media?parent=35799"}],"curies":[{"name":"wp","href":"https:\/\/api.w.org\/{rel}","templated":true}]}}