{"id":35731,"date":"2024-02-02T12:55:06","date_gmt":"2024-02-02T11:55:06","guid":{"rendered":"\/?page_id=35731"},"modified":"2024-02-02T12:59:24","modified_gmt":"2024-02-02T11:59:24","slug":"1970-szakmai-vizsgat-tett","status":"publish","type":"page","link":"\/index.php\/1970-szakmai-vizsgat-tett\/","title":{"rendered":"1970 Szakmai vizsg\u00e1t tett"},"content":{"rendered":"\t\t<div data-elementor-type=\"wp-page\" data-elementor-id=\"35731\" class=\"elementor elementor-35731\" data-elementor-post-type=\"page\">\n\t\t\t\t\t\t<section class=\"elementor-section elementor-top-section elementor-element elementor-element-41cad70 elementor-section-boxed elementor-section-height-default elementor-section-height-default\" data-id=\"41cad70\" data-element_type=\"section\" data-e-type=\"section\">\n\t\t\t\t\t\t<div class=\"elementor-container elementor-column-gap-default\">\n\t\t\t\t\t<div class=\"elementor-column elementor-col-100 elementor-top-column elementor-element elementor-element-87b1b42\" data-id=\"87b1b42\" data-element_type=\"column\" data-e-type=\"column\">\n\t\t\t<div class=\"elementor-widget-wrap elementor-element-populated\">\n\t\t\t\t\t\t<div class=\"elementor-element elementor-element-9af6b6b elementor-widget elementor-widget-spacer\" data-id=\"9af6b6b\" data-element_type=\"widget\" data-e-type=\"widget\" data-widget_type=\"spacer.default\">\n\t\t\t\t<div class=\"elementor-widget-container\">\n\t\t\t\t\t\t\t<div class=\"elementor-spacer\">\n\t\t\t<div class=\"elementor-spacer-inner\"><\/div>\n\t\t<\/div>\n\t\t\t\t\t\t<\/div>\n\t\t\t\t<\/div>\n\t\t\t\t\t<\/div>\n\t\t<\/div>\n\t\t\t\t\t<\/div>\n\t\t<\/section>\n\t\t\t\t<section class=\"elementor-section elementor-top-section elementor-element elementor-element-f40489d elementor-section-boxed elementor-section-height-default elementor-section-height-default\" data-id=\"f40489d\" data-element_type=\"section\" data-e-type=\"section\">\n\t\t\t\t\t\t<div class=\"elementor-container elementor-column-gap-default\">\n\t\t\t\t\t<div class=\"elementor-column elementor-col-100 elementor-top-column elementor-element elementor-element-b35a21b\" data-id=\"b35a21b\" data-element_type=\"column\" data-e-type=\"column\">\n\t\t\t<div class=\"elementor-widget-wrap elementor-element-populated\">\n\t\t\t\t\t\t<div class=\"elementor-element elementor-element-88f819e elementor-widget elementor-widget-heading\" data-id=\"88f819e\" data-element_type=\"widget\" data-e-type=\"widget\" data-widget_type=\"heading.default\">\n\t\t\t\t<div class=\"elementor-widget-container\">\n\t\t\t\t\t<h2 class=\"elementor-heading-title elementor-size-default\"><b>1969\/1970<\/b><\/h2>\t\t\t\t<\/div>\n\t\t\t\t<\/div>\n\t\t\t\t\t<\/div>\n\t\t<\/div>\n\t\t\t\t\t<\/div>\n\t\t<\/section>\n\t\t\t\t<section class=\"elementor-section elementor-top-section elementor-element elementor-element-73250e6 elementor-section-boxed elementor-section-height-default elementor-section-height-default\" data-id=\"73250e6\" data-element_type=\"section\" data-e-type=\"section\">\n\t\t\t\t\t\t<div class=\"elementor-container elementor-column-gap-default\">\n\t\t\t\t\t<div class=\"elementor-column elementor-col-100 elementor-top-column elementor-element elementor-element-7a16650\" data-id=\"7a16650\" data-element_type=\"column\" data-e-type=\"column\">\n\t\t\t<div class=\"elementor-widget-wrap elementor-element-populated\">\n\t\t\t\t\t\t<div class=\"elementor-element elementor-element-13fcfa3 elementor-widget elementor-widget-spacer\" data-id=\"13fcfa3\" data-element_type=\"widget\" data-e-type=\"widget\" data-widget_type=\"spacer.default\">\n\t\t\t\t<div class=\"elementor-widget-container\">\n\t\t\t\t\t\t\t<div class=\"elementor-spacer\">\n\t\t\t<div class=\"elementor-spacer-inner\"><\/div>\n\t\t<\/div>\n\t\t\t\t\t\t<\/div>\n\t\t\t\t<\/div>\n\t\t\t\t\t<\/div>\n\t\t<\/div>\n\t\t\t\t\t<\/div>\n\t\t<\/section>\n\t\t\t\t<section class=\"elementor-section elementor-top-section elementor-element elementor-element-8e841fc elementor-section-boxed elementor-section-height-default elementor-section-height-default\" data-id=\"8e841fc\" data-element_type=\"section\" data-e-type=\"section\">\n\t\t\t\t\t\t<div class=\"elementor-container elementor-column-gap-default\">\n\t\t\t\t\t<div class=\"elementor-column elementor-col-100 elementor-top-column elementor-element elementor-element-aabe106\" data-id=\"aabe106\" data-element_type=\"column\" data-e-type=\"column\">\n\t\t\t<div class=\"elementor-widget-wrap elementor-element-populated\">\n\t\t\t\t\t\t<div class=\"elementor-element elementor-element-0a27fe2 elementor-widget elementor-widget-heading\" data-id=\"0a27fe2\" data-element_type=\"widget\" data-e-type=\"widget\" data-widget_type=\"heading.default\">\n\t\t\t\t<div class=\"elementor-widget-container\">\n\t\t\t\t\t<h2 class=\"elementor-heading-title elementor-size-default\"><b>Szakmai vizsg\u00e1t tett<\/b><\/h2>\t\t\t\t<\/div>\n\t\t\t\t<\/div>\n\t\t\t\t\t<\/div>\n\t\t<\/div>\n\t\t\t\t\t<\/div>\n\t\t<\/section>\n\t\t\t\t<section class=\"elementor-section elementor-top-section elementor-element elementor-element-2d0f472 elementor-section-boxed elementor-section-height-default elementor-section-height-default\" data-id=\"2d0f472\" data-element_type=\"section\" data-e-type=\"section\">\n\t\t\t\t\t\t<div class=\"elementor-container elementor-column-gap-default\">\n\t\t\t\t\t<div class=\"elementor-column elementor-col-100 elementor-top-column elementor-element elementor-element-8412e14\" data-id=\"8412e14\" data-element_type=\"column\" data-e-type=\"column\">\n\t\t\t<div class=\"elementor-widget-wrap elementor-element-populated\">\n\t\t\t\t\t\t<div class=\"elementor-element elementor-element-b9735cd elementor-widget elementor-widget-spacer\" data-id=\"b9735cd\" data-element_type=\"widget\" data-e-type=\"widget\" data-widget_type=\"spacer.default\">\n\t\t\t\t<div class=\"elementor-widget-container\">\n\t\t\t\t\t\t\t<div class=\"elementor-spacer\">\n\t\t\t<div class=\"elementor-spacer-inner\"><\/div>\n\t\t<\/div>\n\t\t\t\t\t\t<\/div>\n\t\t\t\t<\/div>\n\t\t\t\t\t<\/div>\n\t\t<\/div>\n\t\t\t\t\t<\/div>\n\t\t<\/section>\n\t\t\t\t<section class=\"elementor-section elementor-top-section elementor-element elementor-element-a085789 elementor-section-boxed elementor-section-height-default elementor-section-height-default\" data-id=\"a085789\" data-element_type=\"section\" data-e-type=\"section\">\n\t\t\t\t\t\t<div class=\"elementor-container elementor-column-gap-default\">\n\t\t\t\t\t<div class=\"elementor-column elementor-col-100 elementor-top-column elementor-element elementor-element-34ad665\" data-id=\"34ad665\" data-element_type=\"column\" data-e-type=\"column\">\n\t\t\t<div class=\"elementor-widget-wrap elementor-element-populated\">\n\t\t\t\t\t\t<div class=\"elementor-element elementor-element-64f7d7e elementor-widget elementor-widget-heading\" data-id=\"64f7d7e\" data-element_type=\"widget\" data-e-type=\"widget\" data-widget_type=\"heading.default\">\n\t\t\t\t<div class=\"elementor-widget-container\">\n\t\t\t\t\t<h5 class=\"elementor-heading-title elementor-size-default\">1.\tAsztalos S\u00e1muel Istv\u00e1n\tfelszolg\u00e1l\u00f3<p>\n<\/p>2.\tBord\u00e1s S\u00e1ndor\tfelszolg\u00e1l\u00f3\n<\/p>3.\tGura Erzs\u00e9bet Anna\tfelszolg\u00e1l\u00f3\n<\/p>4.\tHittmann Tibor Mih\u00e1ly\tfelszolg\u00e1l\u00f3\n<\/p>5.\tKov\u00e1cs Erzs\u00e9bet\tfelszolg\u00e1l\u00f3\n<\/p>6.\tKvasz Andr\u00e1s P\u00e1l\tfelszolg\u00e1l\u00f3\n<\/p>7.\tMarton Mih\u00e1ly\tfelszolg\u00e1l\u00f3\n<\/p>8.\tNed\u00f3 Zs\u00f3fia\tfelszolg\u00e1l\u00f3\n<\/p>9.\tN\u00e9meth Ferenc Tivadar\tfelszolg\u00e1l\u00f3\n<\/p>10.\tNy\u00e1ri Gy\u00f6rgy\tfelszolg\u00e1l\u00f3\n<\/p>11.\tP\u00fcski Eszter\tfelszolg\u00e1l\u00f3\n<\/p>12.\tSchupk\u00e9gel Magdolna L\u00eddia\tfelszolg\u00e1l\u00f3\n<\/p>13.\tSzab\u00f3 \u00c1rp\u00e1d\tfelszolg\u00e1l\u00f3\n<\/p>14.\tTomasovszki Istv\u00e1n J\u00e1nos\tfelszolg\u00e1l\u00f3\n<\/p>15.\tTuska J\u00e1nos\tfelszolg\u00e1l\u00f3\n<\/p>16.\tJ\u00e1mbor P\u00e9ter L\u00e1szl\u00f3\tfelszolg\u00e1l\u00f3\n<\/p>17.\tSo\u00f3s Istv\u00e1n\tfelszolg\u00e1l\u00f3\n<\/p>18.\tDebelak Katalin\truh\u00e1zati elad\u00f3\n<\/p>19.\tDunai \u00c9va Piroska\truh\u00e1zati elad\u00f3\n<\/p>20.\tErdei Katalin Erzs\u00e9bet\truh\u00e1zati elad\u00f3\n<\/p>21.\tGyurkovics Katalin\truh\u00e1zati elad\u00f3\n<\/p>22.\tJur\u00e1s Erzs\u00e9bet\truh\u00e1zati elad\u00f3\n<\/p>23.\tKiss \u00c1gnes Gy\u00f6ngyi\truh\u00e1zati elad\u00f3\n<\/p>24.\tN\u00e1ndori Veronika\truh\u00e1zati elad\u00f3\n<\/p>25.\tPr\u00e1th \u00c1gnes\truh\u00e1zati elad\u00f3\n<\/p>26.\tSajti Etel Borb\u00e1la\truh\u00e1zati elad\u00f3\n<\/p>27.\tTasi Ir\u00e9n Etelka\truh\u00e1zati elad\u00f3\n<\/p>28.\tErd\u0151s Julianna\tlakberendez\u00e9si elad\u00f3\n<\/p>29.\tGyenge Imre\tlakberendez\u00e9si elad\u00f3\n<\/p>30.\tJuh\u00e1sz M\u00e1ria Julianna\tlakberendez\u00e9si elad\u00f3\n<\/p>31.\tKiss Etelka\tlakberendez\u00e9si elad\u00f3\n<\/p>32.\tKiss Roz\u00e1lia Erzs\u00e9bet\tlakberendez\u00e9si elad\u00f3\n<\/p>33.\tKiszely Mih\u00e1ly\tlakberendez\u00e9si elad\u00f3\n<\/p>34.\tPasek L\u00e1szl\u00f3\tlakberendez\u00e9si elad\u00f3\n<\/p>35.\tAvran Gy\u00f6rgyn\u00e9 Szil\u00e1gyi M\u00e1ria\tvend\u00e9gl\u00e1t\u00f3 elad\u00f3\n<\/p>36.\tB\u00e1rdos \u00c9va\tvend\u00e9gl\u00e1t\u00f3 elad\u00f3\n<\/p>37.\tBel\u00e1n Andr\u00e1sn\u00e9 Sancsi-Kis M\u00e1ria\tvend\u00e9gl\u00e1t\u00f3 elad\u00f3\n<\/p>38.\tCsuvarszki J\u00e1nosn\u00e9 Kucsi Ilona\tvend\u00e9gl\u00e1t\u00f3 elad\u00f3\n<\/p>39.\tDobra Mih\u00e1lyn\u00e9 Makszin M\u00e1ria\tvend\u00e9gl\u00e1t\u00f3 elad\u00f3\n<\/p>40.\tBarab\u00e1s G\u00e9z\u00e1n\u00e9 Fazekas Gizella Zsuzsanna\tvend\u00e9gl\u00e1t\u00f3 elad\u00f3\n<\/p>41.\tHack P\u00e1ln\u00e9 Ma\u00e1sz Erzs\u00e9bet\tvend\u00e9gl\u00e1t\u00f3 elad\u00f3\n<\/p>42.\tJantyik Mih\u00e1lyn\u00e9 Hursan Gabriella\tvend\u00e9gl\u00e1t\u00f3 elad\u00f3\n<\/p>43.\tM\u00e1rta L\u00e1szl\u00f3n\u00e9 Keller M\u00e1ria\tvend\u00e9gl\u00e1t\u00f3 elad\u00f3\n<\/p>44.\tKov\u00e1cs Andr\u00e1sn\u00e9 Mogyor\u00f3s Ilona\tvend\u00e9gl\u00e1t\u00f3 elad\u00f3\n<\/p>45.\tMalatinszky B\u00e9l\u00e1n\u00e9 Petrovics Ella M\u00e1ria\tvend\u00e9gl\u00e1t\u00f3 elad\u00f3\n<\/p>46.\tMartincsek Man\u00f3n\u00e9 Moln\u00e1r Ir\u00e9n\tvend\u00e9gl\u00e1t\u00f3 elad\u00f3\n<\/p>47.\tM\u00e1t\u00e9 J\u00e1nosn\u00e9 N\u00e1fr\u00e1di Erzs\u00e9bet\tvend\u00e9gl\u00e1t\u00f3 elad\u00f3\n<\/p>48.\tM\u00e1t\u00e9 Endr\u00e9n\u00e9 Harangoz\u00f3 Gizella\tvend\u00e9gl\u00e1t\u00f3 elad\u00f3\n<\/p>49.\tNagy M\u00e1rtonn\u00e9 Hegyi Margit\tvend\u00e9gl\u00e1t\u00f3 elad\u00f3\n<\/p>50.\tSzasz\u00e1k Judit\tvend\u00e9gl\u00e1t\u00f3 elad\u00f3\n<\/p>51.\tVida B\u00e1lint\tvend\u00e9gl\u00e1t\u00f3 elad\u00f3\n<\/p>52.\tCsatl\u00f3s Imr\u00e9n\u00e9 Simon Veronika\tszak\u00e1cs\n<\/p>53.\tFarkas Antaln\u00e9 Szarka Julianna\tszak\u00e1cs\n<\/p>54.\tF\u00e1bi\u00e1n P\u00e1ln\u00e9 Jozaf M\u00e1ria\tszak\u00e1cs\n<\/p>55.\tVandlik Andr\u00e1sn\u00e9 Gajd\u00e1cs Erzs\u00e9bet\tszak\u00e1cs\n<\/p>56.\tHank\u00f3 M\u00e1ty\u00e1sn\u00e9 Csicsely Ilona\tszak\u00e1cs\n<\/p>57.\tHeged\u0171s P\u00e1ln\u00e9 Dancs\u00f3 Margit\tszak\u00e1cs\n<\/p>58.\tHoffmann Ferencn\u00e9 Debreceni Eszter\tszak\u00e1cs\n<\/p>59.\tKakuk S\u00e1ndorn\u00e9 Piri Erzs\u00e9bet\tszak\u00e1cs\n<\/p>60.\tK\u00e1lm\u00e1n Istv\u00e1nn\u00e9 Fegyverneki Anna\tszak\u00e1cs\n<\/p>61.\tKelemen Ern\u0151n\u00e9 Horv\u00e1th Erzs\u00e9bet\tszak\u00e1cs\n<\/p>62.\tKov\u00e1cs Mih\u00e1lyn\u00e9 N\u00e9meth Gizella\tszak\u00e1cs\n<\/p>63.\tKrizs\u00e1n Gy\u00f6rgyn\u00e9 Ancsin Erzs\u00e9bet\tszak\u00e1cs\n<\/p>64.\tLaurinyecz Mih\u00e1lyn\u00e9 Petrovszki Zs\u00f3fia\tszak\u00e1cs\n<\/p>65.\tMarh\u00e1s Zsigmondn\u00e9 T\u00f3th Eszter Ilona\tszak\u00e1cs\n<\/p>66.\tM\u00e1lkai J\u00e1nosn\u00e9 Vakarcs Ilona\tszak\u00e1cs\n<\/p>67.\tMok\u00e1n Gy\u00f6rgyn\u00e9 Kiss Fl\u00f3ra\tszak\u00e1cs\n<\/p>68.\t\u0150szi B\u00e9l\u00e1n\u00e9 Drenyovszki M\u00e1ria\tszak\u00e1cs\n<\/p>69.\tRamasz Istv\u00e1nn\u00e9 Veres Ilona\tszak\u00e1cs\n<\/p>70.\tR\u00e1cz K\u00e1roly\tszak\u00e1cs\n<\/p>71.\tSzab\u00f3 J\u00f3zsefn\u00e9 Tof\u00e1n Ter\u00e9zia\tszak\u00e1cs\n<\/p>72.\tSz\u00edrbus Istv\u00e1nn\u00e9 M\u00e9sz\u00e1ros Zs\u00f3fia\tszak\u00e1cs\n<\/p>73.\tT\u00f3th Ferencn\u00e9 Urb\u00e1n Erzs\u00e9bet Etelka\tszak\u00e1cs\n<\/p>74.\tUhrin P\u00e1ln\u00e9 Slyuch Judit\tszak\u00e1cs\n<\/p>75.\tVarga Imr\u00e9n\u00e9 Nagy M\u00e1ria\tszak\u00e1cs\n<\/p>76.\tVeres Imr\u00e9n\u00e9 Vince Anna\tszak\u00e1cs\n<\/p>77.\tVolencsik Mih\u00e1lyn\u00e9 Liszkai M\u00e1ria \u00c9va\tszak\u00e1cs\n<\/p>78.\tVoz\u00e1r Istv\u00e1nn\u00e9 Buzi M\u00e1ria\tszak\u00e1cs\n<\/p>79.\tZalai B\u00e9la Imr\u00e9n\u00e9 Madar\u00e1sz R\u00f3zsa Ir\u00e9n\tszak\u00e1cs\n<\/p>80.\tZuba Andr\u00e1sn\u00e9 Seres Ilona\tszak\u00e1cs\n<\/p>81.\tBodoki Ferencn\u00e9 Csom\u00f3s Erzs\u00e9bet\tvend\u00e9gl\u00e1t\u00f3 elad\u00f3\n<\/p>82.\tK\u00f6r\u00f6ssi J\u00e1nosn\u00e9 Laczk\u00f3 Ibolya\tvend\u00e9gl\u00e1t\u00f3 elad\u00f3\n<\/p>83.\tRim\u00f3czi L\u00e1szl\u00f3n\u00e9 V\u00e1rnai Ibolya M\u00e1ria\tvend\u00e9gl\u00e1t\u00f3 elad\u00f3\n<\/p>84.\tTorma Ern\u0151n\u00e9 Port\u00f6r\u0151 Anna\tvend\u00e9gl\u00e1t\u00f3 elad\u00f3\n<\/p>85.\tMaczk\u00f3 Katalin\tcukr\u00e1sz\n<\/p>86.\tKarasz J\u00e1nos\t\u00e9lelmiszer elad\u00f3<\/h5>\t\t\t\t<\/div>\n\t\t\t\t<\/div>\n\t\t\t\t\t<\/div>\n\t\t<\/div>\n\t\t\t\t\t<\/div>\n\t\t<\/section>\n\t\t\t\t<\/div>\n\t\t","protected":false},"excerpt":{"rendered":"<p>1969\/1970 Szakmai vizsg\u00e1t tett 1. Asztalos S\u00e1muel Istv\u00e1n felszolg\u00e1l\u00f3 2. Bord\u00e1s S\u00e1ndor felszolg\u00e1l\u00f3 3. Gura Erzs\u00e9bet Anna felszolg\u00e1l\u00f3 4. Hittmann Tibor Mih\u00e1ly felszolg\u00e1l\u00f3 5. Kov\u00e1cs Erzs\u00e9bet felszolg\u00e1l\u00f3 6. Kvasz Andr\u00e1s P\u00e1l felszolg\u00e1l\u00f3 7. Marton Mih\u00e1ly felszolg\u00e1l\u00f3 8. Ned\u00f3 Zs\u00f3fia felszolg\u00e1l\u00f3 9. N\u00e9meth Ferenc Tivadar felszolg\u00e1l\u00f3 10. Ny\u00e1ri Gy\u00f6rgy felszolg\u00e1l\u00f3 11. P\u00fcski Eszter felszolg\u00e1l\u00f3 12. Schupk\u00e9gel [&hellip;]<\/p>\n","protected":false},"author":4,"featured_media":0,"parent":0,"menu_order":0,"comment_status":"closed","ping_status":"closed","template":"","meta":{"footnotes":""},"class_list":["post-35731","page","type-page","status-publish","hentry"],"_links":{"self":[{"href":"\/index.php\/wp-json\/wp\/v2\/pages\/35731","targetHints":{"allow":["GET"]}}],"collection":[{"href":"\/index.php\/wp-json\/wp\/v2\/pages"}],"about":[{"href":"\/index.php\/wp-json\/wp\/v2\/types\/page"}],"author":[{"embeddable":true,"href":"\/index.php\/wp-json\/wp\/v2\/users\/4"}],"replies":[{"embeddable":true,"href":"\/index.php\/wp-json\/wp\/v2\/comments?post=35731"}],"version-history":[{"count":4,"href":"\/index.php\/wp-json\/wp\/v2\/pages\/35731\/revisions"}],"predecessor-version":[{"id":35736,"href":"\/index.php\/wp-json\/wp\/v2\/pages\/35731\/revisions\/35736"}],"wp:attachment":[{"href":"\/index.php\/wp-json\/wp\/v2\/media?parent=35731"}],"curies":[{"name":"wp","href":"https:\/\/api.w.org\/{rel}","templated":true}]}}