{"id":35707,"date":"2024-02-02T12:46:56","date_gmt":"2024-02-02T11:46:56","guid":{"rendered":"\/?page_id=35707"},"modified":"2024-02-02T12:49:52","modified_gmt":"2024-02-02T11:49:52","slug":"1970-iii-d","status":"publish","type":"page","link":"\/index.php\/1970-iii-d\/","title":{"rendered":"1970 III\/D"},"content":{"rendered":"\t\t<div data-elementor-type=\"wp-page\" data-elementor-id=\"35707\" class=\"elementor elementor-35707\" data-elementor-post-type=\"page\">\n\t\t\t\t\t\t<section class=\"elementor-section elementor-top-section elementor-element elementor-element-31966f2 elementor-section-boxed elementor-section-height-default elementor-section-height-default\" data-id=\"31966f2\" data-element_type=\"section\" data-e-type=\"section\">\n\t\t\t\t\t\t<div class=\"elementor-container elementor-column-gap-default\">\n\t\t\t\t\t<div class=\"elementor-column elementor-col-100 elementor-top-column elementor-element elementor-element-b89f144\" data-id=\"b89f144\" data-element_type=\"column\" data-e-type=\"column\">\n\t\t\t<div class=\"elementor-widget-wrap elementor-element-populated\">\n\t\t\t\t\t\t<div class=\"elementor-element elementor-element-5cade1a elementor-widget elementor-widget-spacer\" data-id=\"5cade1a\" data-element_type=\"widget\" data-e-type=\"widget\" data-widget_type=\"spacer.default\">\n\t\t\t\t<div class=\"elementor-widget-container\">\n\t\t\t\t\t\t\t<div class=\"elementor-spacer\">\n\t\t\t<div class=\"elementor-spacer-inner\"><\/div>\n\t\t<\/div>\n\t\t\t\t\t\t<\/div>\n\t\t\t\t<\/div>\n\t\t\t\t\t<\/div>\n\t\t<\/div>\n\t\t\t\t\t<\/div>\n\t\t<\/section>\n\t\t\t\t<section class=\"elementor-section elementor-top-section elementor-element elementor-element-4e478f5 elementor-section-boxed elementor-section-height-default elementor-section-height-default\" data-id=\"4e478f5\" data-element_type=\"section\" data-e-type=\"section\">\n\t\t\t\t\t\t<div class=\"elementor-container elementor-column-gap-default\">\n\t\t\t\t\t<div class=\"elementor-column elementor-col-100 elementor-top-column elementor-element elementor-element-614f26e\" data-id=\"614f26e\" data-element_type=\"column\" data-e-type=\"column\">\n\t\t\t<div class=\"elementor-widget-wrap elementor-element-populated\">\n\t\t\t\t\t\t<div class=\"elementor-element elementor-element-c8e3efd elementor-widget elementor-widget-heading\" data-id=\"c8e3efd\" data-element_type=\"widget\" data-e-type=\"widget\" data-widget_type=\"heading.default\">\n\t\t\t\t<div class=\"elementor-widget-container\">\n\t\t\t\t\t<h2 class=\"elementor-heading-title elementor-size-default\"><b>1969\/1970<\/b><\/h2>\t\t\t\t<\/div>\n\t\t\t\t<\/div>\n\t\t\t\t\t<\/div>\n\t\t<\/div>\n\t\t\t\t\t<\/div>\n\t\t<\/section>\n\t\t\t\t<section class=\"elementor-section elementor-top-section elementor-element elementor-element-dd93e4a elementor-section-boxed elementor-section-height-default elementor-section-height-default\" data-id=\"dd93e4a\" data-element_type=\"section\" data-e-type=\"section\">\n\t\t\t\t\t\t<div class=\"elementor-container elementor-column-gap-default\">\n\t\t\t\t\t<div class=\"elementor-column elementor-col-100 elementor-top-column elementor-element elementor-element-250b966\" data-id=\"250b966\" data-element_type=\"column\" data-e-type=\"column\">\n\t\t\t<div class=\"elementor-widget-wrap elementor-element-populated\">\n\t\t\t\t\t\t<div class=\"elementor-element elementor-element-0a4b5fe elementor-widget elementor-widget-spacer\" data-id=\"0a4b5fe\" data-element_type=\"widget\" data-e-type=\"widget\" data-widget_type=\"spacer.default\">\n\t\t\t\t<div class=\"elementor-widget-container\">\n\t\t\t\t\t\t\t<div class=\"elementor-spacer\">\n\t\t\t<div class=\"elementor-spacer-inner\"><\/div>\n\t\t<\/div>\n\t\t\t\t\t\t<\/div>\n\t\t\t\t<\/div>\n\t\t\t\t\t<\/div>\n\t\t<\/div>\n\t\t\t\t\t<\/div>\n\t\t<\/section>\n\t\t\t\t<section class=\"elementor-section elementor-top-section elementor-element elementor-element-4fda3ac elementor-section-boxed elementor-section-height-default elementor-section-height-default\" data-id=\"4fda3ac\" data-element_type=\"section\" data-e-type=\"section\">\n\t\t\t\t\t\t<div class=\"elementor-container elementor-column-gap-default\">\n\t\t\t\t\t<div class=\"elementor-column elementor-col-100 elementor-top-column elementor-element elementor-element-2e640ad\" data-id=\"2e640ad\" data-element_type=\"column\" data-e-type=\"column\">\n\t\t\t<div class=\"elementor-widget-wrap elementor-element-populated\">\n\t\t\t\t\t\t<div class=\"elementor-element elementor-element-9681b57 elementor-widget elementor-widget-heading\" data-id=\"9681b57\" data-element_type=\"widget\" data-e-type=\"widget\" data-widget_type=\"heading.default\">\n\t\t\t\t<div class=\"elementor-widget-container\">\n\t\t\t\t\t<h2 class=\"elementor-heading-title elementor-size-default\"><b>III.d oszt\u00e1ly<\/b><\/h2>\t\t\t\t<\/div>\n\t\t\t\t<\/div>\n\t\t\t\t\t<\/div>\n\t\t<\/div>\n\t\t\t\t\t<\/div>\n\t\t<\/section>\n\t\t\t\t<section class=\"elementor-section elementor-top-section elementor-element elementor-element-8dc4823 elementor-section-boxed elementor-section-height-default elementor-section-height-default\" data-id=\"8dc4823\" data-element_type=\"section\" data-e-type=\"section\">\n\t\t\t\t\t\t<div class=\"elementor-container elementor-column-gap-default\">\n\t\t\t\t\t<div class=\"elementor-column elementor-col-100 elementor-top-column elementor-element elementor-element-d7a1cf9\" data-id=\"d7a1cf9\" data-element_type=\"column\" data-e-type=\"column\">\n\t\t\t<div class=\"elementor-widget-wrap elementor-element-populated\">\n\t\t\t\t\t\t<div class=\"elementor-element elementor-element-f3e8021 elementor-widget elementor-widget-spacer\" data-id=\"f3e8021\" data-element_type=\"widget\" data-e-type=\"widget\" data-widget_type=\"spacer.default\">\n\t\t\t\t<div class=\"elementor-widget-container\">\n\t\t\t\t\t\t\t<div class=\"elementor-spacer\">\n\t\t\t<div class=\"elementor-spacer-inner\"><\/div>\n\t\t<\/div>\n\t\t\t\t\t\t<\/div>\n\t\t\t\t<\/div>\n\t\t\t\t\t<\/div>\n\t\t<\/div>\n\t\t\t\t\t<\/div>\n\t\t<\/section>\n\t\t\t\t<section class=\"elementor-section elementor-top-section elementor-element elementor-element-9723a09 elementor-section-boxed elementor-section-height-default elementor-section-height-default\" data-id=\"9723a09\" data-element_type=\"section\" data-e-type=\"section\">\n\t\t\t\t\t\t<div class=\"elementor-container elementor-column-gap-default\">\n\t\t\t\t\t<div class=\"elementor-column elementor-col-100 elementor-top-column elementor-element elementor-element-a7eaa98\" data-id=\"a7eaa98\" data-element_type=\"column\" data-e-type=\"column\">\n\t\t\t<div class=\"elementor-widget-wrap elementor-element-populated\">\n\t\t\t\t\t\t<div class=\"elementor-element elementor-element-bcca607 elementor-widget elementor-widget-heading\" data-id=\"bcca607\" data-element_type=\"widget\" data-e-type=\"widget\" data-widget_type=\"heading.default\">\n\t\t\t\t<div class=\"elementor-widget-container\">\n\t\t\t\t\t<h2 class=\"elementor-heading-title elementor-size-default\"><b>Oszt\u00e1lyf\u0151n\u00f6k: T\u00f3th Istv\u00e1nn\u00e9<\/b><\/h2>\t\t\t\t<\/div>\n\t\t\t\t<\/div>\n\t\t\t\t\t<\/div>\n\t\t<\/div>\n\t\t\t\t\t<\/div>\n\t\t<\/section>\n\t\t\t\t<section class=\"elementor-section elementor-top-section elementor-element elementor-element-9fb97e0 elementor-section-boxed elementor-section-height-default elementor-section-height-default\" data-id=\"9fb97e0\" data-element_type=\"section\" data-e-type=\"section\">\n\t\t\t\t\t\t<div class=\"elementor-container elementor-column-gap-default\">\n\t\t\t\t\t<div class=\"elementor-column elementor-col-100 elementor-top-column elementor-element elementor-element-f66241a\" data-id=\"f66241a\" data-element_type=\"column\" data-e-type=\"column\">\n\t\t\t<div class=\"elementor-widget-wrap elementor-element-populated\">\n\t\t\t\t\t\t<div class=\"elementor-element elementor-element-77e223f elementor-widget elementor-widget-spacer\" data-id=\"77e223f\" data-element_type=\"widget\" data-e-type=\"widget\" data-widget_type=\"spacer.default\">\n\t\t\t\t<div class=\"elementor-widget-container\">\n\t\t\t\t\t\t\t<div class=\"elementor-spacer\">\n\t\t\t<div class=\"elementor-spacer-inner\"><\/div>\n\t\t<\/div>\n\t\t\t\t\t\t<\/div>\n\t\t\t\t<\/div>\n\t\t\t\t\t<\/div>\n\t\t<\/div>\n\t\t\t\t\t<\/div>\n\t\t<\/section>\n\t\t\t\t<section class=\"elementor-section elementor-top-section elementor-element elementor-element-3856be6 elementor-section-boxed elementor-section-height-default elementor-section-height-default\" data-id=\"3856be6\" data-element_type=\"section\" data-e-type=\"section\">\n\t\t\t\t\t\t<div class=\"elementor-container elementor-column-gap-default\">\n\t\t\t\t\t<div class=\"elementor-column elementor-col-100 elementor-top-column elementor-element elementor-element-0bf4c08\" data-id=\"0bf4c08\" data-element_type=\"column\" data-e-type=\"column\">\n\t\t\t<div class=\"elementor-widget-wrap elementor-element-populated\">\n\t\t\t\t\t\t<div class=\"elementor-element elementor-element-5964027 elementor-widget elementor-widget-heading\" data-id=\"5964027\" data-element_type=\"widget\" data-e-type=\"widget\" data-widget_type=\"heading.default\">\n\t\t\t\t<div class=\"elementor-widget-container\">\n\t\t\t\t\t<h2 class=\"elementor-heading-title elementor-size-default\"><b>Szakma: cukr\u00e1sz, szak\u00e1cs<\/b><\/h2>\t\t\t\t<\/div>\n\t\t\t\t<\/div>\n\t\t\t\t\t<\/div>\n\t\t<\/div>\n\t\t\t\t\t<\/div>\n\t\t<\/section>\n\t\t\t\t<section class=\"elementor-section elementor-top-section elementor-element elementor-element-1b5b405 elementor-section-boxed elementor-section-height-default elementor-section-height-default\" data-id=\"1b5b405\" data-element_type=\"section\" data-e-type=\"section\">\n\t\t\t\t\t\t<div class=\"elementor-container elementor-column-gap-default\">\n\t\t\t\t\t<div class=\"elementor-column elementor-col-100 elementor-top-column elementor-element elementor-element-1410eca\" data-id=\"1410eca\" data-element_type=\"column\" data-e-type=\"column\">\n\t\t\t<div class=\"elementor-widget-wrap elementor-element-populated\">\n\t\t\t\t\t\t<div class=\"elementor-element elementor-element-a6319e2 elementor-widget elementor-widget-spacer\" data-id=\"a6319e2\" data-element_type=\"widget\" data-e-type=\"widget\" data-widget_type=\"spacer.default\">\n\t\t\t\t<div class=\"elementor-widget-container\">\n\t\t\t\t\t\t\t<div class=\"elementor-spacer\">\n\t\t\t<div class=\"elementor-spacer-inner\"><\/div>\n\t\t<\/div>\n\t\t\t\t\t\t<\/div>\n\t\t\t\t<\/div>\n\t\t\t\t\t<\/div>\n\t\t<\/div>\n\t\t\t\t\t<\/div>\n\t\t<\/section>\n\t\t\t\t<section class=\"elementor-section elementor-top-section elementor-element elementor-element-1d34823 elementor-section-boxed elementor-section-height-default elementor-section-height-default\" data-id=\"1d34823\" data-element_type=\"section\" data-e-type=\"section\">\n\t\t\t\t\t\t<div class=\"elementor-container elementor-column-gap-default\">\n\t\t\t\t\t<div class=\"elementor-column elementor-col-100 elementor-top-column elementor-element elementor-element-6644c3b\" data-id=\"6644c3b\" data-element_type=\"column\" data-e-type=\"column\">\n\t\t\t<div class=\"elementor-widget-wrap elementor-element-populated\">\n\t\t\t\t\t\t<div class=\"elementor-element elementor-element-dad5d34 elementor-widget elementor-widget-heading\" data-id=\"dad5d34\" data-element_type=\"widget\" data-e-type=\"widget\" data-widget_type=\"heading.default\">\n\t\t\t\t<div class=\"elementor-widget-container\">\n\t\t\t\t\t<h2 class=\"elementor-heading-title elementor-size-default\">1.\tBoros Ferenc<p>\n<\/p>2.\tCzirok L\u00e1szl\u00f3 Zolt\u00e1n\n<\/p>3.\tCs\u00e1bi Zs\u00f3fia Katalin\n<\/p>4.\tEny\u0151di M\u00e1ria\n<\/p>5.\tF\u00e1bi\u00e1n Ilona\n<\/p>6.\tFerenczi Julianna\n<\/p>7.\tGajd\u00e1cs G\u00e1bor\n<\/p>8.\tGuly\u00e1s Mih\u00e1ly\n<\/p>9.\tHank\u00f3 Judit\n<\/p>10.\tKakuk Magdolna\n<\/p>11.\tKiss Erzs\u00e9bet\n<\/p>12.\tLiker Katalin\n<\/p>13.\tMih\u00e1ly Emilia\n<\/p>14.\tOpauszki Gy\u00f6rgy\n<\/p>15.\tPaluska Anna M\u00e1ria\n<\/p>16.\tPocsai Erzs\u00e9bet\n<\/p>17.\tSalamon Andr\u00e1s\n<\/p>18.\tifj. Szab\u00f3 Ferenc\n<\/p>19.\tSzasz\u00e1k \u00c9va\n<\/p>20.\tSzenteszki J\u00e1nos\n<\/p>21.\tSzil\u00e1gyi Ferenc\n<\/p>22.\tT\u00f3th P\u00e1l S\u00e1ndor\n<\/p>23.\tTyety\u00e1k L\u00e1szl\u00f3\n<\/p>24.\tVida Anna M\u00e1ria\n<\/p>25.\tZsigmond Katalin<\/h2>\t\t\t\t<\/div>\n\t\t\t\t<\/div>\n\t\t\t\t\t<\/div>\n\t\t<\/div>\n\t\t\t\t\t<\/div>\n\t\t<\/section>\n\t\t\t\t<\/div>\n\t\t","protected":false},"excerpt":{"rendered":"<p>1969\/1970 III.d oszt\u00e1ly Oszt\u00e1lyf\u0151n\u00f6k: T\u00f3th Istv\u00e1nn\u00e9 Szakma: cukr\u00e1sz, szak\u00e1cs 1. Boros Ferenc 2. Czirok L\u00e1szl\u00f3 Zolt\u00e1n 3. Cs\u00e1bi Zs\u00f3fia Katalin 4. Eny\u0151di M\u00e1ria 5. F\u00e1bi\u00e1n Ilona 6. Ferenczi Julianna 7. Gajd\u00e1cs G\u00e1bor 8. Guly\u00e1s Mih\u00e1ly 9. Hank\u00f3 Judit 10. Kakuk Magdolna 11. Kiss Erzs\u00e9bet 12. Liker Katalin 13. Mih\u00e1ly Emilia 14. Opauszki Gy\u00f6rgy 15. Paluska [&hellip;]<\/p>\n","protected":false},"author":4,"featured_media":0,"parent":0,"menu_order":0,"comment_status":"closed","ping_status":"closed","template":"","meta":{"footnotes":""},"class_list":["post-35707","page","type-page","status-publish","hentry"],"_links":{"self":[{"href":"\/index.php\/wp-json\/wp\/v2\/pages\/35707","targetHints":{"allow":["GET"]}}],"collection":[{"href":"\/index.php\/wp-json\/wp\/v2\/pages"}],"about":[{"href":"\/index.php\/wp-json\/wp\/v2\/types\/page"}],"author":[{"embeddable":true,"href":"\/index.php\/wp-json\/wp\/v2\/users\/4"}],"replies":[{"embeddable":true,"href":"\/index.php\/wp-json\/wp\/v2\/comments?post=35707"}],"version-history":[{"count":4,"href":"\/index.php\/wp-json\/wp\/v2\/pages\/35707\/revisions"}],"predecessor-version":[{"id":35712,"href":"\/index.php\/wp-json\/wp\/v2\/pages\/35707\/revisions\/35712"}],"wp:attachment":[{"href":"\/index.php\/wp-json\/wp\/v2\/media?parent=35707"}],"curies":[{"name":"wp","href":"https:\/\/api.w.org\/{rel}","templated":true}]}}