{"id":35666,"date":"2024-02-02T09:18:59","date_gmt":"2024-02-02T08:18:59","guid":{"rendered":"\/?page_id=35666"},"modified":"2024-02-02T09:22:58","modified_gmt":"2024-02-02T08:22:58","slug":"1970-iii-a","status":"publish","type":"page","link":"\/index.php\/1970-iii-a\/","title":{"rendered":"1970 III\/A"},"content":{"rendered":"\t\t<div data-elementor-type=\"wp-page\" data-elementor-id=\"35666\" class=\"elementor elementor-35666\" data-elementor-post-type=\"page\">\n\t\t\t\t\t\t<section class=\"elementor-section elementor-top-section elementor-element elementor-element-e650abe elementor-section-boxed elementor-section-height-default elementor-section-height-default\" data-id=\"e650abe\" data-element_type=\"section\" data-e-type=\"section\">\n\t\t\t\t\t\t<div class=\"elementor-container elementor-column-gap-default\">\n\t\t\t\t\t<div class=\"elementor-column elementor-col-100 elementor-top-column elementor-element elementor-element-0d30c34\" data-id=\"0d30c34\" data-element_type=\"column\" data-e-type=\"column\">\n\t\t\t<div class=\"elementor-widget-wrap elementor-element-populated\">\n\t\t\t\t\t\t<div class=\"elementor-element elementor-element-cd7cae4 elementor-widget elementor-widget-spacer\" data-id=\"cd7cae4\" data-element_type=\"widget\" data-e-type=\"widget\" data-widget_type=\"spacer.default\">\n\t\t\t\t<div class=\"elementor-widget-container\">\n\t\t\t\t\t\t\t<div class=\"elementor-spacer\">\n\t\t\t<div class=\"elementor-spacer-inner\"><\/div>\n\t\t<\/div>\n\t\t\t\t\t\t<\/div>\n\t\t\t\t<\/div>\n\t\t\t\t\t<\/div>\n\t\t<\/div>\n\t\t\t\t\t<\/div>\n\t\t<\/section>\n\t\t\t\t<section class=\"elementor-section elementor-top-section elementor-element elementor-element-41d4970 elementor-section-boxed elementor-section-height-default elementor-section-height-default\" data-id=\"41d4970\" data-element_type=\"section\" data-e-type=\"section\">\n\t\t\t\t\t\t<div class=\"elementor-container elementor-column-gap-default\">\n\t\t\t\t\t<div class=\"elementor-column elementor-col-100 elementor-top-column elementor-element elementor-element-b4bd467\" data-id=\"b4bd467\" data-element_type=\"column\" data-e-type=\"column\">\n\t\t\t<div class=\"elementor-widget-wrap elementor-element-populated\">\n\t\t\t\t\t\t<div class=\"elementor-element elementor-element-8acd976 elementor-widget elementor-widget-heading\" data-id=\"8acd976\" data-element_type=\"widget\" data-e-type=\"widget\" data-widget_type=\"heading.default\">\n\t\t\t\t<div class=\"elementor-widget-container\">\n\t\t\t\t\t<h2 class=\"elementor-heading-title elementor-size-default\"><b>1969\/1970<\/b><\/h2>\t\t\t\t<\/div>\n\t\t\t\t<\/div>\n\t\t\t\t\t<\/div>\n\t\t<\/div>\n\t\t\t\t\t<\/div>\n\t\t<\/section>\n\t\t\t\t<section class=\"elementor-section elementor-top-section elementor-element elementor-element-8899bd1 elementor-section-boxed elementor-section-height-default elementor-section-height-default\" data-id=\"8899bd1\" data-element_type=\"section\" data-e-type=\"section\">\n\t\t\t\t\t\t<div class=\"elementor-container elementor-column-gap-default\">\n\t\t\t\t\t<div class=\"elementor-column elementor-col-100 elementor-top-column elementor-element elementor-element-4ad2e49\" data-id=\"4ad2e49\" data-element_type=\"column\" data-e-type=\"column\">\n\t\t\t<div class=\"elementor-widget-wrap elementor-element-populated\">\n\t\t\t\t\t\t<div class=\"elementor-element elementor-element-9072f6a elementor-widget elementor-widget-spacer\" data-id=\"9072f6a\" data-element_type=\"widget\" data-e-type=\"widget\" data-widget_type=\"spacer.default\">\n\t\t\t\t<div class=\"elementor-widget-container\">\n\t\t\t\t\t\t\t<div class=\"elementor-spacer\">\n\t\t\t<div class=\"elementor-spacer-inner\"><\/div>\n\t\t<\/div>\n\t\t\t\t\t\t<\/div>\n\t\t\t\t<\/div>\n\t\t\t\t\t<\/div>\n\t\t<\/div>\n\t\t\t\t\t<\/div>\n\t\t<\/section>\n\t\t\t\t<section class=\"elementor-section elementor-top-section elementor-element elementor-element-c0b7303 elementor-section-boxed elementor-section-height-default elementor-section-height-default\" data-id=\"c0b7303\" data-element_type=\"section\" data-e-type=\"section\">\n\t\t\t\t\t\t<div class=\"elementor-container elementor-column-gap-default\">\n\t\t\t\t\t<div class=\"elementor-column elementor-col-100 elementor-top-column elementor-element elementor-element-d36e390\" data-id=\"d36e390\" data-element_type=\"column\" data-e-type=\"column\">\n\t\t\t<div class=\"elementor-widget-wrap elementor-element-populated\">\n\t\t\t\t\t\t<div class=\"elementor-element elementor-element-60651cf elementor-widget elementor-widget-heading\" data-id=\"60651cf\" data-element_type=\"widget\" data-e-type=\"widget\" data-widget_type=\"heading.default\">\n\t\t\t\t<div class=\"elementor-widget-container\">\n\t\t\t\t\t<h2 class=\"elementor-heading-title elementor-size-default\"><b>III.a oszt\u00e1ly<\/b><\/h2>\t\t\t\t<\/div>\n\t\t\t\t<\/div>\n\t\t\t\t\t<\/div>\n\t\t<\/div>\n\t\t\t\t\t<\/div>\n\t\t<\/section>\n\t\t\t\t<section class=\"elementor-section elementor-top-section elementor-element elementor-element-a451ba1 elementor-section-boxed elementor-section-height-default elementor-section-height-default\" data-id=\"a451ba1\" data-element_type=\"section\" data-e-type=\"section\">\n\t\t\t\t\t\t<div class=\"elementor-container elementor-column-gap-default\">\n\t\t\t\t\t<div class=\"elementor-column elementor-col-100 elementor-top-column elementor-element elementor-element-f0791e6\" data-id=\"f0791e6\" data-element_type=\"column\" data-e-type=\"column\">\n\t\t\t<div class=\"elementor-widget-wrap elementor-element-populated\">\n\t\t\t\t\t\t<div class=\"elementor-element elementor-element-48a809a elementor-widget elementor-widget-spacer\" data-id=\"48a809a\" data-element_type=\"widget\" data-e-type=\"widget\" data-widget_type=\"spacer.default\">\n\t\t\t\t<div class=\"elementor-widget-container\">\n\t\t\t\t\t\t\t<div class=\"elementor-spacer\">\n\t\t\t<div class=\"elementor-spacer-inner\"><\/div>\n\t\t<\/div>\n\t\t\t\t\t\t<\/div>\n\t\t\t\t<\/div>\n\t\t\t\t\t<\/div>\n\t\t<\/div>\n\t\t\t\t\t<\/div>\n\t\t<\/section>\n\t\t\t\t<section class=\"elementor-section elementor-top-section elementor-element elementor-element-793b40b elementor-section-boxed elementor-section-height-default elementor-section-height-default\" data-id=\"793b40b\" data-element_type=\"section\" data-e-type=\"section\">\n\t\t\t\t\t\t<div class=\"elementor-container elementor-column-gap-default\">\n\t\t\t\t\t<div class=\"elementor-column elementor-col-100 elementor-top-column elementor-element elementor-element-292d4a3\" data-id=\"292d4a3\" data-element_type=\"column\" data-e-type=\"column\">\n\t\t\t<div class=\"elementor-widget-wrap elementor-element-populated\">\n\t\t\t\t\t\t<div class=\"elementor-element elementor-element-c19942a elementor-widget elementor-widget-heading\" data-id=\"c19942a\" data-element_type=\"widget\" data-e-type=\"widget\" data-widget_type=\"heading.default\">\n\t\t\t\t<div class=\"elementor-widget-container\">\n\t\t\t\t\t<h2 class=\"elementor-heading-title elementor-size-default\"><b>Oszt\u00e1lyf\u0151n\u00f6k: Zsil\u00e1k Gy\u00f6rgy<\/b><\/h2>\t\t\t\t<\/div>\n\t\t\t\t<\/div>\n\t\t\t\t\t<\/div>\n\t\t<\/div>\n\t\t\t\t\t<\/div>\n\t\t<\/section>\n\t\t\t\t<section class=\"elementor-section elementor-top-section elementor-element elementor-element-2a14d4a elementor-section-boxed elementor-section-height-default elementor-section-height-default\" data-id=\"2a14d4a\" data-element_type=\"section\" data-e-type=\"section\">\n\t\t\t\t\t\t<div class=\"elementor-container elementor-column-gap-default\">\n\t\t\t\t\t<div class=\"elementor-column elementor-col-100 elementor-top-column elementor-element elementor-element-6be5610\" data-id=\"6be5610\" data-element_type=\"column\" data-e-type=\"column\">\n\t\t\t<div class=\"elementor-widget-wrap elementor-element-populated\">\n\t\t\t\t\t\t<div class=\"elementor-element elementor-element-886564b elementor-widget elementor-widget-spacer\" data-id=\"886564b\" data-element_type=\"widget\" data-e-type=\"widget\" data-widget_type=\"spacer.default\">\n\t\t\t\t<div class=\"elementor-widget-container\">\n\t\t\t\t\t\t\t<div class=\"elementor-spacer\">\n\t\t\t<div class=\"elementor-spacer-inner\"><\/div>\n\t\t<\/div>\n\t\t\t\t\t\t<\/div>\n\t\t\t\t<\/div>\n\t\t\t\t\t<\/div>\n\t\t<\/div>\n\t\t\t\t\t<\/div>\n\t\t<\/section>\n\t\t\t\t<section class=\"elementor-section elementor-top-section elementor-element elementor-element-11c4e04 elementor-section-boxed elementor-section-height-default elementor-section-height-default\" data-id=\"11c4e04\" data-element_type=\"section\" data-e-type=\"section\">\n\t\t\t\t\t\t<div class=\"elementor-container elementor-column-gap-default\">\n\t\t\t\t\t<div class=\"elementor-column elementor-col-100 elementor-top-column elementor-element elementor-element-d4e2ac9\" data-id=\"d4e2ac9\" data-element_type=\"column\" data-e-type=\"column\">\n\t\t\t<div class=\"elementor-widget-wrap elementor-element-populated\">\n\t\t\t\t\t\t<div class=\"elementor-element elementor-element-deccd62 elementor-widget elementor-widget-heading\" data-id=\"deccd62\" data-element_type=\"widget\" data-e-type=\"widget\" data-widget_type=\"heading.default\">\n\t\t\t\t<div class=\"elementor-widget-container\">\n\t\t\t\t\t<h2 class=\"elementor-heading-title elementor-size-default\"><b>Szakma: \u00e9lelmiszer elad\u00f3; h\u00fas \u00e9s hentes\u00e1ru elad\u00f3<\/b><\/h2>\t\t\t\t<\/div>\n\t\t\t\t<\/div>\n\t\t\t\t\t<\/div>\n\t\t<\/div>\n\t\t\t\t\t<\/div>\n\t\t<\/section>\n\t\t\t\t<section class=\"elementor-section elementor-top-section elementor-element elementor-element-ab40fed elementor-section-boxed elementor-section-height-default elementor-section-height-default\" data-id=\"ab40fed\" data-element_type=\"section\" data-e-type=\"section\">\n\t\t\t\t\t\t<div class=\"elementor-container elementor-column-gap-default\">\n\t\t\t\t\t<div class=\"elementor-column elementor-col-100 elementor-top-column elementor-element elementor-element-51559e4\" data-id=\"51559e4\" data-element_type=\"column\" data-e-type=\"column\">\n\t\t\t<div class=\"elementor-widget-wrap elementor-element-populated\">\n\t\t\t\t\t\t<div class=\"elementor-element elementor-element-003ede4 elementor-widget elementor-widget-spacer\" data-id=\"003ede4\" data-element_type=\"widget\" data-e-type=\"widget\" data-widget_type=\"spacer.default\">\n\t\t\t\t<div class=\"elementor-widget-container\">\n\t\t\t\t\t\t\t<div class=\"elementor-spacer\">\n\t\t\t<div class=\"elementor-spacer-inner\"><\/div>\n\t\t<\/div>\n\t\t\t\t\t\t<\/div>\n\t\t\t\t<\/div>\n\t\t\t\t\t<\/div>\n\t\t<\/div>\n\t\t\t\t\t<\/div>\n\t\t<\/section>\n\t\t\t\t<section class=\"elementor-section elementor-top-section elementor-element elementor-element-d839d15 elementor-section-boxed elementor-section-height-default elementor-section-height-default\" data-id=\"d839d15\" data-element_type=\"section\" data-e-type=\"section\">\n\t\t\t\t\t\t<div class=\"elementor-container elementor-column-gap-default\">\n\t\t\t\t\t<div class=\"elementor-column elementor-col-100 elementor-top-column elementor-element elementor-element-6b86776\" data-id=\"6b86776\" data-element_type=\"column\" data-e-type=\"column\">\n\t\t\t<div class=\"elementor-widget-wrap elementor-element-populated\">\n\t\t\t\t\t\t<div class=\"elementor-element elementor-element-527727c elementor-widget elementor-widget-heading\" data-id=\"527727c\" data-element_type=\"widget\" data-e-type=\"widget\" data-widget_type=\"heading.default\">\n\t\t\t\t<div class=\"elementor-widget-container\">\n\t\t\t\t\t<h2 class=\"elementor-heading-title elementor-size-default\">1.\tAlberti \u00c1gnes Ter\u00e9zia<p>\n<\/p>2.\tAncsin M\u00e1ria\n<\/p>3.\tB. Szab\u00f3 Gyula\n<\/p>4.\tB\u00e1ni Anna Zsuzsanna\n<\/p>5.\tBende Ilona\n<\/p>6.\tBodrogi J\u00f3zsef J\u00e1nos\n<\/p>7.\tBreznyik Katalin Anna\n<\/p>8.\tBudai Mih\u00e1ly M\u00e1ty\u00e1s\n<\/p>9.\tCserven\u00e1k Katalin\n<\/p>10.\tEngelhardt Ilona\n<\/p>11.\tFlinta Ter\u00e9zia\n<\/p>12.\tGalb\u00e1cs Ildik\u00f3\n<\/p>13.\tG\u00e1sp\u00e1r J\u00e1nos\n<\/p>14.\tGila Ibolya\n<\/p>15.\tGuti Erika\n<\/p>16.\tGyarmati Eszter Anna\n<\/p>17.\tGyucha Anna\n<\/p>18.\tHack Ilona\n<\/p>19.\tHolecska Ibolya Etelka\n<\/p>20.\tHorv\u00e1th Borb\u00e1la\n<\/p>21.\tHorv\u00e1th Val\u00e9ria\n<\/p>22.\tHricsovinyi Mih\u00e1ly\n<\/p>23.\tKiss Ilona\n<\/p>24.\tKrecsm\u00e1rik Etelka\n<\/p>25.\tMakula Eszter M\u00e1ria\n<\/p>26.\tMih\u00f3k Zsuzsanna\n<\/p>27.\tNagy M\u00e1ria\n<\/p>28.\tNagyk\u0151r\u00f6si Roz\u00e1lia \u00c9va\n<\/p>29.\tPadla Erzs\u00e9bet Zsuzs\u00e1nna\n<\/p>30.\tPatk\u00e1s Okt\u00e1vi\u00e1n\n<\/p>31.\tPetrovszki Istv\u00e1n\n<\/p>32.\tSajtos \u00c9va\n<\/p>33.\tSuch Julianna\n<\/p>34.\tSzab\u00f3 Julianna\n<\/p>35.\tSzeidler Istv\u00e1n\n<\/p>36.\tSzil\u00e1gyi Zsuzsanna\n<\/p>37.\tT\u00f3th M\u00e1ria Roz\u00e1lia\n<\/p>38.\tV\u00e1radi Magdolna<\/h2>\t\t\t\t<\/div>\n\t\t\t\t<\/div>\n\t\t\t\t\t<\/div>\n\t\t<\/div>\n\t\t\t\t\t<\/div>\n\t\t<\/section>\n\t\t\t\t<\/div>\n\t\t","protected":false},"excerpt":{"rendered":"<p>1969\/1970 III.a oszt\u00e1ly Oszt\u00e1lyf\u0151n\u00f6k: Zsil\u00e1k Gy\u00f6rgy Szakma: \u00e9lelmiszer elad\u00f3; h\u00fas \u00e9s hentes\u00e1ru elad\u00f3 1. Alberti \u00c1gnes Ter\u00e9zia 2. Ancsin M\u00e1ria 3. B. Szab\u00f3 Gyula 4. B\u00e1ni Anna Zsuzsanna 5. Bende Ilona 6. Bodrogi J\u00f3zsef J\u00e1nos 7. Breznyik Katalin Anna 8. Budai Mih\u00e1ly M\u00e1ty\u00e1s 9. Cserven\u00e1k Katalin 10. Engelhardt Ilona 11. Flinta Ter\u00e9zia 12. Galb\u00e1cs Ildik\u00f3 [&hellip;]<\/p>\n","protected":false},"author":4,"featured_media":0,"parent":0,"menu_order":0,"comment_status":"closed","ping_status":"closed","template":"","meta":{"footnotes":""},"class_list":["post-35666","page","type-page","status-publish","hentry"],"_links":{"self":[{"href":"\/index.php\/wp-json\/wp\/v2\/pages\/35666","targetHints":{"allow":["GET"]}}],"collection":[{"href":"\/index.php\/wp-json\/wp\/v2\/pages"}],"about":[{"href":"\/index.php\/wp-json\/wp\/v2\/types\/page"}],"author":[{"embeddable":true,"href":"\/index.php\/wp-json\/wp\/v2\/users\/4"}],"replies":[{"embeddable":true,"href":"\/index.php\/wp-json\/wp\/v2\/comments?post=35666"}],"version-history":[{"count":4,"href":"\/index.php\/wp-json\/wp\/v2\/pages\/35666\/revisions"}],"predecessor-version":[{"id":35675,"href":"\/index.php\/wp-json\/wp\/v2\/pages\/35666\/revisions\/35675"}],"wp:attachment":[{"href":"\/index.php\/wp-json\/wp\/v2\/media?parent=35666"}],"curies":[{"name":"wp","href":"https:\/\/api.w.org\/{rel}","templated":true}]}}