{"id":35554,"date":"2024-02-01T15:05:54","date_gmt":"2024-02-01T14:05:54","guid":{"rendered":"\/?page_id=35554"},"modified":"2024-02-01T15:12:16","modified_gmt":"2024-02-01T14:12:16","slug":"1972-szakmai-vizsgat-tett","status":"publish","type":"page","link":"\/index.php\/1972-szakmai-vizsgat-tett\/","title":{"rendered":"1972 Szakmai vizsg\u00e1t tett"},"content":{"rendered":"\t\t<div data-elementor-type=\"wp-page\" data-elementor-id=\"35554\" class=\"elementor elementor-35554\" data-elementor-post-type=\"page\">\n\t\t\t\t\t\t<section class=\"elementor-section elementor-top-section elementor-element elementor-element-36e4cbb elementor-section-boxed elementor-section-height-default elementor-section-height-default\" data-id=\"36e4cbb\" data-element_type=\"section\" data-e-type=\"section\">\n\t\t\t\t\t\t<div class=\"elementor-container elementor-column-gap-default\">\n\t\t\t\t\t<div class=\"elementor-column elementor-col-100 elementor-top-column elementor-element elementor-element-785dc7a\" data-id=\"785dc7a\" data-element_type=\"column\" data-e-type=\"column\">\n\t\t\t<div class=\"elementor-widget-wrap elementor-element-populated\">\n\t\t\t\t\t\t<div class=\"elementor-element elementor-element-ebacd54 elementor-widget elementor-widget-spacer\" data-id=\"ebacd54\" data-element_type=\"widget\" data-e-type=\"widget\" data-widget_type=\"spacer.default\">\n\t\t\t\t<div class=\"elementor-widget-container\">\n\t\t\t\t\t\t\t<div class=\"elementor-spacer\">\n\t\t\t<div class=\"elementor-spacer-inner\"><\/div>\n\t\t<\/div>\n\t\t\t\t\t\t<\/div>\n\t\t\t\t<\/div>\n\t\t\t\t\t<\/div>\n\t\t<\/div>\n\t\t\t\t\t<\/div>\n\t\t<\/section>\n\t\t\t\t<section class=\"elementor-section elementor-top-section elementor-element elementor-element-20b2a16 elementor-section-boxed elementor-section-height-default elementor-section-height-default\" data-id=\"20b2a16\" data-element_type=\"section\" data-e-type=\"section\">\n\t\t\t\t\t\t<div class=\"elementor-container elementor-column-gap-default\">\n\t\t\t\t\t<div class=\"elementor-column elementor-col-100 elementor-top-column elementor-element elementor-element-57ad6b3\" data-id=\"57ad6b3\" data-element_type=\"column\" data-e-type=\"column\">\n\t\t\t<div class=\"elementor-widget-wrap elementor-element-populated\">\n\t\t\t\t\t\t<div class=\"elementor-element elementor-element-b643a82 elementor-widget elementor-widget-heading\" data-id=\"b643a82\" data-element_type=\"widget\" data-e-type=\"widget\" data-widget_type=\"heading.default\">\n\t\t\t\t<div class=\"elementor-widget-container\">\n\t\t\t\t\t<h2 class=\"elementor-heading-title elementor-size-default\"><b>1971\/1972<\/b><\/h2>\t\t\t\t<\/div>\n\t\t\t\t<\/div>\n\t\t\t\t\t<\/div>\n\t\t<\/div>\n\t\t\t\t\t<\/div>\n\t\t<\/section>\n\t\t\t\t<section class=\"elementor-section elementor-top-section elementor-element elementor-element-da72133 elementor-section-boxed elementor-section-height-default elementor-section-height-default\" data-id=\"da72133\" data-element_type=\"section\" data-e-type=\"section\">\n\t\t\t\t\t\t<div class=\"elementor-container elementor-column-gap-default\">\n\t\t\t\t\t<div class=\"elementor-column elementor-col-100 elementor-top-column elementor-element elementor-element-09680ac\" data-id=\"09680ac\" data-element_type=\"column\" data-e-type=\"column\">\n\t\t\t<div class=\"elementor-widget-wrap elementor-element-populated\">\n\t\t\t\t\t\t<div class=\"elementor-element elementor-element-84699ca elementor-widget elementor-widget-spacer\" data-id=\"84699ca\" data-element_type=\"widget\" data-e-type=\"widget\" data-widget_type=\"spacer.default\">\n\t\t\t\t<div class=\"elementor-widget-container\">\n\t\t\t\t\t\t\t<div class=\"elementor-spacer\">\n\t\t\t<div class=\"elementor-spacer-inner\"><\/div>\n\t\t<\/div>\n\t\t\t\t\t\t<\/div>\n\t\t\t\t<\/div>\n\t\t\t\t\t<\/div>\n\t\t<\/div>\n\t\t\t\t\t<\/div>\n\t\t<\/section>\n\t\t\t\t<section class=\"elementor-section elementor-top-section elementor-element elementor-element-04adf91 elementor-section-boxed elementor-section-height-default elementor-section-height-default\" data-id=\"04adf91\" data-element_type=\"section\" data-e-type=\"section\">\n\t\t\t\t\t\t<div class=\"elementor-container elementor-column-gap-default\">\n\t\t\t\t\t<div class=\"elementor-column elementor-col-100 elementor-top-column elementor-element elementor-element-afee685\" data-id=\"afee685\" data-element_type=\"column\" data-e-type=\"column\">\n\t\t\t<div class=\"elementor-widget-wrap elementor-element-populated\">\n\t\t\t\t\t\t<div class=\"elementor-element elementor-element-91d7d17 elementor-widget elementor-widget-heading\" data-id=\"91d7d17\" data-element_type=\"widget\" data-e-type=\"widget\" data-widget_type=\"heading.default\">\n\t\t\t\t<div class=\"elementor-widget-container\">\n\t\t\t\t\t<h2 class=\"elementor-heading-title elementor-size-default\"><b>Szakmai vizsg\u00e1t tett<\/b><\/h2>\t\t\t\t<\/div>\n\t\t\t\t<\/div>\n\t\t\t\t\t<\/div>\n\t\t<\/div>\n\t\t\t\t\t<\/div>\n\t\t<\/section>\n\t\t\t\t<section class=\"elementor-section elementor-top-section elementor-element elementor-element-81febf2 elementor-section-boxed elementor-section-height-default elementor-section-height-default\" data-id=\"81febf2\" data-element_type=\"section\" data-e-type=\"section\">\n\t\t\t\t\t\t<div class=\"elementor-container elementor-column-gap-default\">\n\t\t\t\t\t<div class=\"elementor-column elementor-col-100 elementor-top-column elementor-element elementor-element-fc37e3d\" data-id=\"fc37e3d\" data-element_type=\"column\" data-e-type=\"column\">\n\t\t\t<div class=\"elementor-widget-wrap elementor-element-populated\">\n\t\t\t\t\t\t<div class=\"elementor-element elementor-element-51f5a67 elementor-widget elementor-widget-spacer\" data-id=\"51f5a67\" data-element_type=\"widget\" data-e-type=\"widget\" data-widget_type=\"spacer.default\">\n\t\t\t\t<div class=\"elementor-widget-container\">\n\t\t\t\t\t\t\t<div class=\"elementor-spacer\">\n\t\t\t<div class=\"elementor-spacer-inner\"><\/div>\n\t\t<\/div>\n\t\t\t\t\t\t<\/div>\n\t\t\t\t<\/div>\n\t\t\t\t\t<\/div>\n\t\t<\/div>\n\t\t\t\t\t<\/div>\n\t\t<\/section>\n\t\t\t\t<section class=\"elementor-section elementor-top-section elementor-element elementor-element-15c1bfa elementor-section-boxed elementor-section-height-default elementor-section-height-default\" data-id=\"15c1bfa\" data-element_type=\"section\" data-e-type=\"section\">\n\t\t\t\t\t\t<div class=\"elementor-container elementor-column-gap-default\">\n\t\t\t\t\t<div class=\"elementor-column elementor-col-100 elementor-top-column elementor-element elementor-element-9960b5b\" data-id=\"9960b5b\" data-element_type=\"column\" data-e-type=\"column\">\n\t\t\t<div class=\"elementor-widget-wrap elementor-element-populated\">\n\t\t\t\t\t\t<div class=\"elementor-element elementor-element-2a8e1d4 elementor-widget elementor-widget-heading\" data-id=\"2a8e1d4\" data-element_type=\"widget\" data-e-type=\"widget\" data-widget_type=\"heading.default\">\n\t\t\t\t<div class=\"elementor-widget-container\">\n\t\t\t\t\t<h5 class=\"elementor-heading-title elementor-size-default\">1.\tDomokos Margit\tfelszolg\u00e1l\u00f3<p>\n<\/p>2.\tD\u00fal\u00f3 Etelka R\u00f3za\tfelszolg\u00e1l\u00f3\n<\/p>3.\tK\u00e9p\u00edr\u00f3 Anna\tfelszolg\u00e1l\u00f3\n<\/p>4.\tM\u00f3ricz Julianna\tfelszolg\u00e1l\u00f3\n<\/p>5.\tNagy J\u00e1nos\tfelszolg\u00e1l\u00f3\n<\/p>6.\tOl\u00e1h Andr\u00e1s Mikl\u00f3s\tfelszolg\u00e1l\u00f3\n<\/p>7.\tS\u00e1fi\u00e1n Gy\u00f6rgy Mih\u00e1ly\tfelszolg\u00e1l\u00f3\n<\/p>8.\tTuska Mih\u00e1ly\tfelszolg\u00e1l\u00f3\n<\/p>9.\tVeres \u00c1gnes R\u00f3za\tfelszolg\u00e1l\u00f3\n<\/p>10.\tT\u00f3th Lajos Gyula\tcukr\u00e1sz\n<\/p>11.\tKov\u00e1cs Andr\u00e1s K\u00e1roly\tfelszolg\u00e1l\u00f3\n<\/p>12.\tBerta Gy\u00f6rgyn\u00e9 Mik\u00f3 R\u00f3za\tszak\u00e1cs\n<\/p>13.\tBoros B\u00e9l\u00e1n\u00e9 L\u00e1da Ilona\tszak\u00e1cs\n<\/p>14.\tBoty\u00e1nszki Andr\u00e1sn\u00e9 Kardos Etelka\tszak\u00e1cs\n<\/p>15.\tBoz\u00f3 M\u00e1ty\u00e1sn\u00e9 Bond\u00e1r M\u00e1ria\tszak\u00e1cs\n<\/p>16.\tBukta Lajosn\u00e9 Szluka M\u00e1ria\tszak\u00e1cs\n<\/p>17.\tCsik\u00f3s Elekn\u00e9 Vincze Margit\tszak\u00e1cs\n<\/p>18.\tDank\u00f3 J\u00f3zsefn\u00e9 Somodi M\u00e1ria\tszak\u00e1cs\n<\/p>19.\tFelf\u00f6ldi Gy\u00f6rgyn\u00e9 Szab\u00f3 Ter\u00e9z\tszak\u00e1cs\n<\/p>20.\tGiricz M\u00e1t\u00e9n\u00e9 B\u00e9ni Magdolna\tszak\u00e1cs\n<\/p>21.\tGyarmati Ferenc Istv\u00e1nn\u00e9 Gyulai M\u00e1ria\tszak\u00e1cs\n<\/p>22.\tHajdara J\u00f3zsefn\u00e9 Farkas Gizella\tszak\u00e1cs\n<\/p>23.\tH\u00faz\u00f3 Gy\u00f6rgyn\u00e9 T\u00f3th R\u00f3za\tszak\u00e1cs\n<\/p>24.\tHuli P\u00e9tern\u00e9 Kerekes Katalin\tszak\u00e1cs\n<\/p>25.\tKolok Andr\u00e1sn\u00e9 Pozs\u00e1r Zs\u00f3fia\tszak\u00e1cs\n<\/p>26.\tKukla Imr\u00e9n\u00e9 Tar Erzs\u00e9bet\tszak\u00e1cs\n<\/p>27.\tLauk\u00f3 P\u00e1ln\u00e9 Sicz Erzs\u00e9bet\tszak\u00e1cs\n<\/p>28.\tMedvegy Mih\u00e1lyn\u00e9 Roszik Judit\tszak\u00e1cs\n<\/p>29.\tNagy Gy\u00f6rgyn\u00e9 Hurkecz Katalin\tszak\u00e1cs\n<\/p>30.\tNagy Mih\u00e1lyn\u00e9 Ambrus Anna\tszak\u00e1cs\n<\/p>31.\tNov\u00e1k M\u00e1ty\u00e1sn\u00e9 Kask\u00f3 R\u00f3za\tszak\u00e1cs\n<\/p>32.\t\u0150ri G\u00e1born\u00e9 Kis Erzs\u00e9bet\tszak\u00e1cs\n<\/p>33.\tPapp J\u00e1nosn\u00e9 Kov\u00e1cs M\u00e1ria\tszak\u00e1cs\n<\/p>34.\tRamasz Istv\u00e1nn\u00e9 Kondacs Ilona Anna\tszak\u00e1cs\n<\/p>35.\tSajtos Gy\u00f6rgyn\u00e9 Zsurk\u00e1n M\u00e1ria\tszak\u00e1cs\n<\/p>36.\tSebesty\u00e9n Gyul\u00e1n\u00e9 Tam\u00e1s Ilona\tszak\u00e1cs\n<\/p>37.\tSipiczki Gy\u00f6rgyn\u00e9 M\u00e1t\u00e9 Judit\tszak\u00e1cs\n<\/p>38.\tSzluka J\u00e1nosn\u00e9 Szarvas Judit\tszak\u00e1cs\n<\/p>39.\t\u00f6zv. Sz\u0171cs Istv\u00e1nn\u00e9 Jenei Erzs\u00e9bet\tszak\u00e1cs\n<\/p>40.\tVarga Imr\u00e9n\u00e9 Kov\u00e1cs Anna\tszak\u00e1cs\n<\/p>41.\tD\u00e1vid R\u00e9muszn\u00e9 L\u00f6ffer Julianna\tszak\u00e1cs\n<\/p>42.\tMoln\u00e1r K\u00e1roly\tszak\u00e1cs\n<\/p>43.\tNyeste J\u00e1nosn\u00e9 Pap Zsuzsanna\tszak\u00e1cs\n<\/p>44.\tVarga J\u00e1nosn\u00e9 V\u00edg Erzs\u00e9bet\tszak\u00e1cs\n<\/p>45.\tBukta J\u00e1nosn\u00e9 Kerekes Zsuzsanna\tszak\u00e1cs\n<\/p>46.\tMoln\u00e1r J\u00e1nosn\u00e9 Gyetk\u00f3 Ilona\tszak\u00e1cs<\/h5>\t\t\t\t<\/div>\n\t\t\t\t<\/div>\n\t\t\t\t\t<\/div>\n\t\t<\/div>\n\t\t\t\t\t<\/div>\n\t\t<\/section>\n\t\t\t\t<\/div>\n\t\t","protected":false},"excerpt":{"rendered":"<p>1971\/1972 Szakmai vizsg\u00e1t tett 1. Domokos Margit felszolg\u00e1l\u00f3 2. D\u00fal\u00f3 Etelka R\u00f3za felszolg\u00e1l\u00f3 3. K\u00e9p\u00edr\u00f3 Anna felszolg\u00e1l\u00f3 4. M\u00f3ricz Julianna felszolg\u00e1l\u00f3 5. Nagy J\u00e1nos felszolg\u00e1l\u00f3 6. Ol\u00e1h Andr\u00e1s Mikl\u00f3s felszolg\u00e1l\u00f3 7. S\u00e1fi\u00e1n Gy\u00f6rgy Mih\u00e1ly felszolg\u00e1l\u00f3 8. Tuska Mih\u00e1ly felszolg\u00e1l\u00f3 9. Veres \u00c1gnes R\u00f3za felszolg\u00e1l\u00f3 10. T\u00f3th Lajos Gyula cukr\u00e1sz 11. Kov\u00e1cs Andr\u00e1s K\u00e1roly felszolg\u00e1l\u00f3 12. [&hellip;]<\/p>\n","protected":false},"author":4,"featured_media":0,"parent":0,"menu_order":0,"comment_status":"closed","ping_status":"closed","template":"","meta":{"footnotes":""},"class_list":["post-35554","page","type-page","status-publish","hentry"],"_links":{"self":[{"href":"\/index.php\/wp-json\/wp\/v2\/pages\/35554","targetHints":{"allow":["GET"]}}],"collection":[{"href":"\/index.php\/wp-json\/wp\/v2\/pages"}],"about":[{"href":"\/index.php\/wp-json\/wp\/v2\/types\/page"}],"author":[{"embeddable":true,"href":"\/index.php\/wp-json\/wp\/v2\/users\/4"}],"replies":[{"embeddable":true,"href":"\/index.php\/wp-json\/wp\/v2\/comments?post=35554"}],"version-history":[{"count":10,"href":"\/index.php\/wp-json\/wp\/v2\/pages\/35554\/revisions"}],"predecessor-version":[{"id":35565,"href":"\/index.php\/wp-json\/wp\/v2\/pages\/35554\/revisions\/35565"}],"wp:attachment":[{"href":"\/index.php\/wp-json\/wp\/v2\/media?parent=35554"}],"curies":[{"name":"wp","href":"https:\/\/api.w.org\/{rel}","templated":true}]}}