{"id":35515,"date":"2024-02-01T14:33:36","date_gmt":"2024-02-01T13:33:36","guid":{"rendered":"\/?page_id=35515"},"modified":"2024-02-01T14:37:11","modified_gmt":"2024-02-01T13:37:11","slug":"1972-iii-5","status":"publish","type":"page","link":"\/index.php\/1972-iii-5\/","title":{"rendered":"1972 III\/5"},"content":{"rendered":"\t\t<div data-elementor-type=\"wp-page\" data-elementor-id=\"35515\" class=\"elementor elementor-35515\" data-elementor-post-type=\"page\">\n\t\t\t\t\t\t<section class=\"elementor-section elementor-top-section elementor-element elementor-element-75043a1 elementor-section-boxed elementor-section-height-default elementor-section-height-default\" data-id=\"75043a1\" data-element_type=\"section\" data-e-type=\"section\">\n\t\t\t\t\t\t<div class=\"elementor-container elementor-column-gap-default\">\n\t\t\t\t\t<div class=\"elementor-column elementor-col-100 elementor-top-column elementor-element elementor-element-1ea1ab3\" data-id=\"1ea1ab3\" data-element_type=\"column\" data-e-type=\"column\">\n\t\t\t<div class=\"elementor-widget-wrap elementor-element-populated\">\n\t\t\t\t\t\t<div class=\"elementor-element elementor-element-9657a1f elementor-widget elementor-widget-spacer\" data-id=\"9657a1f\" data-element_type=\"widget\" data-e-type=\"widget\" data-widget_type=\"spacer.default\">\n\t\t\t\t<div class=\"elementor-widget-container\">\n\t\t\t\t\t\t\t<div class=\"elementor-spacer\">\n\t\t\t<div class=\"elementor-spacer-inner\"><\/div>\n\t\t<\/div>\n\t\t\t\t\t\t<\/div>\n\t\t\t\t<\/div>\n\t\t\t\t\t<\/div>\n\t\t<\/div>\n\t\t\t\t\t<\/div>\n\t\t<\/section>\n\t\t\t\t<section class=\"elementor-section elementor-top-section elementor-element elementor-element-865c861 elementor-section-boxed elementor-section-height-default elementor-section-height-default\" data-id=\"865c861\" data-element_type=\"section\" data-e-type=\"section\">\n\t\t\t\t\t\t<div class=\"elementor-container elementor-column-gap-default\">\n\t\t\t\t\t<div class=\"elementor-column elementor-col-100 elementor-top-column elementor-element elementor-element-009ec22\" data-id=\"009ec22\" data-element_type=\"column\" data-e-type=\"column\">\n\t\t\t<div class=\"elementor-widget-wrap elementor-element-populated\">\n\t\t\t\t\t\t<div class=\"elementor-element elementor-element-d192a78 elementor-widget elementor-widget-heading\" data-id=\"d192a78\" data-element_type=\"widget\" data-e-type=\"widget\" data-widget_type=\"heading.default\">\n\t\t\t\t<div class=\"elementor-widget-container\">\n\t\t\t\t\t<h2 class=\"elementor-heading-title elementor-size-default\"><b>1971\/1972<\/b><\/h2>\t\t\t\t<\/div>\n\t\t\t\t<\/div>\n\t\t\t\t\t<\/div>\n\t\t<\/div>\n\t\t\t\t\t<\/div>\n\t\t<\/section>\n\t\t\t\t<section class=\"elementor-section elementor-top-section elementor-element elementor-element-1fd4dbb elementor-section-boxed elementor-section-height-default elementor-section-height-default\" data-id=\"1fd4dbb\" data-element_type=\"section\" data-e-type=\"section\">\n\t\t\t\t\t\t<div class=\"elementor-container elementor-column-gap-default\">\n\t\t\t\t\t<div class=\"elementor-column elementor-col-100 elementor-top-column elementor-element elementor-element-200977d\" data-id=\"200977d\" data-element_type=\"column\" data-e-type=\"column\">\n\t\t\t<div class=\"elementor-widget-wrap elementor-element-populated\">\n\t\t\t\t\t\t<div class=\"elementor-element elementor-element-cc2da1e elementor-widget elementor-widget-spacer\" data-id=\"cc2da1e\" data-element_type=\"widget\" data-e-type=\"widget\" data-widget_type=\"spacer.default\">\n\t\t\t\t<div class=\"elementor-widget-container\">\n\t\t\t\t\t\t\t<div class=\"elementor-spacer\">\n\t\t\t<div class=\"elementor-spacer-inner\"><\/div>\n\t\t<\/div>\n\t\t\t\t\t\t<\/div>\n\t\t\t\t<\/div>\n\t\t\t\t\t<\/div>\n\t\t<\/div>\n\t\t\t\t\t<\/div>\n\t\t<\/section>\n\t\t\t\t<section class=\"elementor-section elementor-top-section elementor-element elementor-element-e8ceec0 elementor-section-boxed elementor-section-height-default elementor-section-height-default\" data-id=\"e8ceec0\" data-element_type=\"section\" data-e-type=\"section\">\n\t\t\t\t\t\t<div class=\"elementor-container elementor-column-gap-default\">\n\t\t\t\t\t<div class=\"elementor-column elementor-col-100 elementor-top-column elementor-element elementor-element-ba04b53\" data-id=\"ba04b53\" data-element_type=\"column\" data-e-type=\"column\">\n\t\t\t<div class=\"elementor-widget-wrap elementor-element-populated\">\n\t\t\t\t\t\t<div class=\"elementor-element elementor-element-fd681f9 elementor-widget elementor-widget-heading\" data-id=\"fd681f9\" data-element_type=\"widget\" data-e-type=\"widget\" data-widget_type=\"heading.default\">\n\t\t\t\t<div class=\"elementor-widget-container\">\n\t\t\t\t\t<h2 class=\"elementor-heading-title elementor-size-default\"><b>III\/5 oszt\u00e1ly<\/b><\/h2>\t\t\t\t<\/div>\n\t\t\t\t<\/div>\n\t\t\t\t\t<\/div>\n\t\t<\/div>\n\t\t\t\t\t<\/div>\n\t\t<\/section>\n\t\t\t\t<section class=\"elementor-section elementor-top-section elementor-element elementor-element-5796ba4 elementor-section-boxed elementor-section-height-default elementor-section-height-default\" data-id=\"5796ba4\" data-element_type=\"section\" data-e-type=\"section\">\n\t\t\t\t\t\t<div class=\"elementor-container elementor-column-gap-default\">\n\t\t\t\t\t<div class=\"elementor-column elementor-col-100 elementor-top-column elementor-element elementor-element-0f99674\" data-id=\"0f99674\" data-element_type=\"column\" data-e-type=\"column\">\n\t\t\t<div class=\"elementor-widget-wrap elementor-element-populated\">\n\t\t\t\t\t\t<div class=\"elementor-element elementor-element-9ef8dba elementor-widget elementor-widget-spacer\" data-id=\"9ef8dba\" data-element_type=\"widget\" data-e-type=\"widget\" data-widget_type=\"spacer.default\">\n\t\t\t\t<div class=\"elementor-widget-container\">\n\t\t\t\t\t\t\t<div class=\"elementor-spacer\">\n\t\t\t<div class=\"elementor-spacer-inner\"><\/div>\n\t\t<\/div>\n\t\t\t\t\t\t<\/div>\n\t\t\t\t<\/div>\n\t\t\t\t\t<\/div>\n\t\t<\/div>\n\t\t\t\t\t<\/div>\n\t\t<\/section>\n\t\t\t\t<section class=\"elementor-section elementor-top-section elementor-element elementor-element-8b4002a elementor-section-boxed elementor-section-height-default elementor-section-height-default\" data-id=\"8b4002a\" data-element_type=\"section\" data-e-type=\"section\">\n\t\t\t\t\t\t<div class=\"elementor-container elementor-column-gap-default\">\n\t\t\t\t\t<div class=\"elementor-column elementor-col-100 elementor-top-column elementor-element elementor-element-9568430\" data-id=\"9568430\" data-element_type=\"column\" data-e-type=\"column\">\n\t\t\t<div class=\"elementor-widget-wrap elementor-element-populated\">\n\t\t\t\t\t\t<div class=\"elementor-element elementor-element-6837d74 elementor-widget elementor-widget-heading\" data-id=\"6837d74\" data-element_type=\"widget\" data-e-type=\"widget\" data-widget_type=\"heading.default\">\n\t\t\t\t<div class=\"elementor-widget-container\">\n\t\t\t\t\t<h2 class=\"elementor-heading-title elementor-size-default\"><b>Oszt\u00e1lyf\u0151n\u00f6k: T\u00f3th Tiham\u00e9r<\/b><\/h2>\t\t\t\t<\/div>\n\t\t\t\t<\/div>\n\t\t\t\t\t<\/div>\n\t\t<\/div>\n\t\t\t\t\t<\/div>\n\t\t<\/section>\n\t\t\t\t<section class=\"elementor-section elementor-top-section elementor-element elementor-element-0dc9b07 elementor-section-boxed elementor-section-height-default elementor-section-height-default\" data-id=\"0dc9b07\" data-element_type=\"section\" data-e-type=\"section\">\n\t\t\t\t\t\t<div class=\"elementor-container elementor-column-gap-default\">\n\t\t\t\t\t<div class=\"elementor-column elementor-col-100 elementor-top-column elementor-element elementor-element-cf5bdd5\" data-id=\"cf5bdd5\" data-element_type=\"column\" data-e-type=\"column\">\n\t\t\t<div class=\"elementor-widget-wrap elementor-element-populated\">\n\t\t\t\t\t\t<div class=\"elementor-element elementor-element-92ffe0f elementor-widget elementor-widget-spacer\" data-id=\"92ffe0f\" data-element_type=\"widget\" data-e-type=\"widget\" data-widget_type=\"spacer.default\">\n\t\t\t\t<div class=\"elementor-widget-container\">\n\t\t\t\t\t\t\t<div class=\"elementor-spacer\">\n\t\t\t<div class=\"elementor-spacer-inner\"><\/div>\n\t\t<\/div>\n\t\t\t\t\t\t<\/div>\n\t\t\t\t<\/div>\n\t\t\t\t\t<\/div>\n\t\t<\/div>\n\t\t\t\t\t<\/div>\n\t\t<\/section>\n\t\t\t\t<section class=\"elementor-section elementor-top-section elementor-element elementor-element-7071a98 elementor-section-boxed elementor-section-height-default elementor-section-height-default\" data-id=\"7071a98\" data-element_type=\"section\" data-e-type=\"section\">\n\t\t\t\t\t\t<div class=\"elementor-container elementor-column-gap-default\">\n\t\t\t\t\t<div class=\"elementor-column elementor-col-100 elementor-top-column elementor-element elementor-element-d6dbde6\" data-id=\"d6dbde6\" data-element_type=\"column\" data-e-type=\"column\">\n\t\t\t<div class=\"elementor-widget-wrap elementor-element-populated\">\n\t\t\t\t\t\t<div class=\"elementor-element elementor-element-8e33765 elementor-widget elementor-widget-heading\" data-id=\"8e33765\" data-element_type=\"widget\" data-e-type=\"widget\" data-widget_type=\"heading.default\">\n\t\t\t\t<div class=\"elementor-widget-container\">\n\t\t\t\t\t<h2 class=\"elementor-heading-title elementor-size-default\"><b>Szakma: ruh\u00e1zati elad\u00f3; cip\u0151 elad\u00f3<\/b><\/h2>\t\t\t\t<\/div>\n\t\t\t\t<\/div>\n\t\t\t\t\t<\/div>\n\t\t<\/div>\n\t\t\t\t\t<\/div>\n\t\t<\/section>\n\t\t\t\t<section class=\"elementor-section elementor-top-section elementor-element elementor-element-81499ef elementor-section-boxed elementor-section-height-default elementor-section-height-default\" data-id=\"81499ef\" data-element_type=\"section\" data-e-type=\"section\">\n\t\t\t\t\t\t<div class=\"elementor-container elementor-column-gap-default\">\n\t\t\t\t\t<div class=\"elementor-column elementor-col-100 elementor-top-column elementor-element elementor-element-554d7cb\" data-id=\"554d7cb\" data-element_type=\"column\" data-e-type=\"column\">\n\t\t\t<div class=\"elementor-widget-wrap elementor-element-populated\">\n\t\t\t\t\t\t<div class=\"elementor-element elementor-element-1a481e2 elementor-widget elementor-widget-spacer\" data-id=\"1a481e2\" data-element_type=\"widget\" data-e-type=\"widget\" data-widget_type=\"spacer.default\">\n\t\t\t\t<div class=\"elementor-widget-container\">\n\t\t\t\t\t\t\t<div class=\"elementor-spacer\">\n\t\t\t<div class=\"elementor-spacer-inner\"><\/div>\n\t\t<\/div>\n\t\t\t\t\t\t<\/div>\n\t\t\t\t<\/div>\n\t\t\t\t\t<\/div>\n\t\t<\/div>\n\t\t\t\t\t<\/div>\n\t\t<\/section>\n\t\t\t\t<section class=\"elementor-section elementor-top-section elementor-element elementor-element-0cd2949 elementor-section-boxed elementor-section-height-default elementor-section-height-default\" data-id=\"0cd2949\" data-element_type=\"section\" data-e-type=\"section\">\n\t\t\t\t\t\t<div class=\"elementor-container elementor-column-gap-default\">\n\t\t\t\t\t<div class=\"elementor-column elementor-col-100 elementor-top-column elementor-element elementor-element-d201238\" data-id=\"d201238\" data-element_type=\"column\" data-e-type=\"column\">\n\t\t\t<div class=\"elementor-widget-wrap elementor-element-populated\">\n\t\t\t\t\t\t<div class=\"elementor-element elementor-element-91db429 elementor-widget elementor-widget-heading\" data-id=\"91db429\" data-element_type=\"widget\" data-e-type=\"widget\" data-widget_type=\"heading.default\">\n\t\t\t\t<div class=\"elementor-widget-container\">\n\t\t\t\t\t<h2 class=\"elementor-heading-title elementor-size-default\">1.\tAntali Katalin Etelka<p>\n<\/p>2.\tBencsik Anna M\u00e1ria\n<\/p>3.\tBerndt Ter\u00e9zia\n<\/p>4.\tBubori Judit Anna\n<\/p>5.\tCzihanek S\u00e1ndor P\u00e1l\n<\/p>6.\tCsap\u00f3 M\u00e1ria Csilla\n<\/p>7.\tCsiernyik Ilona\n<\/p>8.\tCsuv\u00e1r M\u00e1ria\n<\/p>9.\tF\u00e1ri Katalin Erzs\u00e9bet\n<\/p>10.\tHantos Julianna\n<\/p>11.\tHerczeg Gizella\n<\/p>12.\tJambrich Anna Katalin\n<\/p>13.\tKal\u00f3czkai Veronika\n<\/p>14.\tKlein R\u00f3za\n<\/p>15.\tL\u00f3czi Anna \u00c9va\n<\/p>16.\tMagony Margit Julianna\n<\/p>17.\tM\u00e1t\u00e9 Erzs\u00e9bet\n<\/p>18.\tMeleg Zsuzsanna Erzs\u00e9bet\n<\/p>19.\tPusk\u00e1r Magdolna\n<\/p>20.\tR\u00e1dai J\u00e1nos Istv\u00e1n\n<\/p>21.\tR\u00f3zsav\u00f6lgyi Kl\u00e1ra M\u00e1ria\n<\/p>22.\tSeres Anna M\u00e1ria\n<\/p>23.\tTornyi Moln\u00e1r Katalin\n<\/p>24.\tT\u00f3th Magdolna\n<\/p>25.\tVarga Eszter M\u00e1ria\n<\/p>26.\tVarga M\u00e1ria<\/h2>\t\t\t\t<\/div>\n\t\t\t\t<\/div>\n\t\t\t\t\t<\/div>\n\t\t<\/div>\n\t\t\t\t\t<\/div>\n\t\t<\/section>\n\t\t\t\t<\/div>\n\t\t","protected":false},"excerpt":{"rendered":"<p>1971\/1972 III\/5 oszt\u00e1ly Oszt\u00e1lyf\u0151n\u00f6k: T\u00f3th Tiham\u00e9r Szakma: ruh\u00e1zati elad\u00f3; cip\u0151 elad\u00f3 1. Antali Katalin Etelka 2. Bencsik Anna M\u00e1ria 3. Berndt Ter\u00e9zia 4. Bubori Judit Anna 5. Czihanek S\u00e1ndor P\u00e1l 6. Csap\u00f3 M\u00e1ria Csilla 7. Csiernyik Ilona 8. Csuv\u00e1r M\u00e1ria 9. F\u00e1ri Katalin Erzs\u00e9bet 10. Hantos Julianna 11. Herczeg Gizella 12. Jambrich Anna Katalin 13. [&hellip;]<\/p>\n","protected":false},"author":4,"featured_media":0,"parent":0,"menu_order":0,"comment_status":"closed","ping_status":"closed","template":"","meta":{"footnotes":""},"class_list":["post-35515","page","type-page","status-publish","hentry"],"_links":{"self":[{"href":"\/index.php\/wp-json\/wp\/v2\/pages\/35515","targetHints":{"allow":["GET"]}}],"collection":[{"href":"\/index.php\/wp-json\/wp\/v2\/pages"}],"about":[{"href":"\/index.php\/wp-json\/wp\/v2\/types\/page"}],"author":[{"embeddable":true,"href":"\/index.php\/wp-json\/wp\/v2\/users\/4"}],"replies":[{"embeddable":true,"href":"\/index.php\/wp-json\/wp\/v2\/comments?post=35515"}],"version-history":[{"count":4,"href":"\/index.php\/wp-json\/wp\/v2\/pages\/35515\/revisions"}],"predecessor-version":[{"id":35520,"href":"\/index.php\/wp-json\/wp\/v2\/pages\/35515\/revisions\/35520"}],"wp:attachment":[{"href":"\/index.php\/wp-json\/wp\/v2\/media?parent=35515"}],"curies":[{"name":"wp","href":"https:\/\/api.w.org\/{rel}","templated":true}]}}