{"id":35473,"date":"2024-02-01T10:31:28","date_gmt":"2024-02-01T09:31:28","guid":{"rendered":"\/?page_id=35473"},"modified":"2024-02-01T14:16:02","modified_gmt":"2024-02-01T13:16:02","slug":"1972-iii-2","status":"publish","type":"page","link":"\/index.php\/1972-iii-2\/","title":{"rendered":"1972 III\/2"},"content":{"rendered":"\t\t<div data-elementor-type=\"wp-page\" data-elementor-id=\"35473\" class=\"elementor elementor-35473\" data-elementor-post-type=\"page\">\n\t\t\t\t\t\t<section class=\"elementor-section elementor-top-section elementor-element elementor-element-8d9ac22 elementor-section-boxed elementor-section-height-default elementor-section-height-default\" data-id=\"8d9ac22\" data-element_type=\"section\" data-e-type=\"section\">\n\t\t\t\t\t\t<div class=\"elementor-container elementor-column-gap-default\">\n\t\t\t\t\t<div class=\"elementor-column elementor-col-100 elementor-top-column elementor-element elementor-element-1c97097\" data-id=\"1c97097\" data-element_type=\"column\" data-e-type=\"column\">\n\t\t\t<div class=\"elementor-widget-wrap elementor-element-populated\">\n\t\t\t\t\t\t<div class=\"elementor-element elementor-element-1b72cd1 elementor-widget elementor-widget-spacer\" data-id=\"1b72cd1\" data-element_type=\"widget\" data-e-type=\"widget\" data-widget_type=\"spacer.default\">\n\t\t\t\t<div class=\"elementor-widget-container\">\n\t\t\t\t\t\t\t<div class=\"elementor-spacer\">\n\t\t\t<div class=\"elementor-spacer-inner\"><\/div>\n\t\t<\/div>\n\t\t\t\t\t\t<\/div>\n\t\t\t\t<\/div>\n\t\t\t\t\t<\/div>\n\t\t<\/div>\n\t\t\t\t\t<\/div>\n\t\t<\/section>\n\t\t\t\t<section class=\"elementor-section elementor-top-section elementor-element elementor-element-b7abf36 elementor-section-boxed elementor-section-height-default elementor-section-height-default\" data-id=\"b7abf36\" data-element_type=\"section\" data-e-type=\"section\">\n\t\t\t\t\t\t<div class=\"elementor-container elementor-column-gap-default\">\n\t\t\t\t\t<div class=\"elementor-column elementor-col-100 elementor-top-column elementor-element elementor-element-3e6c212\" data-id=\"3e6c212\" data-element_type=\"column\" data-e-type=\"column\">\n\t\t\t<div class=\"elementor-widget-wrap elementor-element-populated\">\n\t\t\t\t\t\t<div class=\"elementor-element elementor-element-e9be91b elementor-widget elementor-widget-heading\" data-id=\"e9be91b\" data-element_type=\"widget\" data-e-type=\"widget\" data-widget_type=\"heading.default\">\n\t\t\t\t<div class=\"elementor-widget-container\">\n\t\t\t\t\t<h2 class=\"elementor-heading-title elementor-size-default\"><b>1971\/1972<\/b><\/h2>\t\t\t\t<\/div>\n\t\t\t\t<\/div>\n\t\t\t\t\t<\/div>\n\t\t<\/div>\n\t\t\t\t\t<\/div>\n\t\t<\/section>\n\t\t\t\t<section class=\"elementor-section elementor-top-section elementor-element elementor-element-47ac854 elementor-section-boxed elementor-section-height-default elementor-section-height-default\" data-id=\"47ac854\" data-element_type=\"section\" data-e-type=\"section\">\n\t\t\t\t\t\t<div class=\"elementor-container elementor-column-gap-default\">\n\t\t\t\t\t<div class=\"elementor-column elementor-col-100 elementor-top-column elementor-element elementor-element-bcf9a62\" data-id=\"bcf9a62\" data-element_type=\"column\" data-e-type=\"column\">\n\t\t\t<div class=\"elementor-widget-wrap elementor-element-populated\">\n\t\t\t\t\t\t<div class=\"elementor-element elementor-element-0ebcd5e elementor-widget elementor-widget-spacer\" data-id=\"0ebcd5e\" data-element_type=\"widget\" data-e-type=\"widget\" data-widget_type=\"spacer.default\">\n\t\t\t\t<div class=\"elementor-widget-container\">\n\t\t\t\t\t\t\t<div class=\"elementor-spacer\">\n\t\t\t<div class=\"elementor-spacer-inner\"><\/div>\n\t\t<\/div>\n\t\t\t\t\t\t<\/div>\n\t\t\t\t<\/div>\n\t\t\t\t\t<\/div>\n\t\t<\/div>\n\t\t\t\t\t<\/div>\n\t\t<\/section>\n\t\t\t\t<section class=\"elementor-section elementor-top-section elementor-element elementor-element-8f38c82 elementor-section-boxed elementor-section-height-default elementor-section-height-default\" data-id=\"8f38c82\" data-element_type=\"section\" data-e-type=\"section\">\n\t\t\t\t\t\t<div class=\"elementor-container elementor-column-gap-default\">\n\t\t\t\t\t<div class=\"elementor-column elementor-col-100 elementor-top-column elementor-element elementor-element-8923c39\" data-id=\"8923c39\" data-element_type=\"column\" data-e-type=\"column\">\n\t\t\t<div class=\"elementor-widget-wrap elementor-element-populated\">\n\t\t\t\t\t\t<div class=\"elementor-element elementor-element-a96d1c4 elementor-widget elementor-widget-heading\" data-id=\"a96d1c4\" data-element_type=\"widget\" data-e-type=\"widget\" data-widget_type=\"heading.default\">\n\t\t\t\t<div class=\"elementor-widget-container\">\n\t\t\t\t\t<h2 class=\"elementor-heading-title elementor-size-default\"><b>III\/2 oszt\u00e1ly<\/b><\/h2>\t\t\t\t<\/div>\n\t\t\t\t<\/div>\n\t\t\t\t\t<\/div>\n\t\t<\/div>\n\t\t\t\t\t<\/div>\n\t\t<\/section>\n\t\t\t\t<section class=\"elementor-section elementor-top-section elementor-element elementor-element-e82abc8 elementor-section-boxed elementor-section-height-default elementor-section-height-default\" data-id=\"e82abc8\" data-element_type=\"section\" data-e-type=\"section\">\n\t\t\t\t\t\t<div class=\"elementor-container elementor-column-gap-default\">\n\t\t\t\t\t<div class=\"elementor-column elementor-col-100 elementor-top-column elementor-element elementor-element-5397ee2\" data-id=\"5397ee2\" data-element_type=\"column\" data-e-type=\"column\">\n\t\t\t<div class=\"elementor-widget-wrap elementor-element-populated\">\n\t\t\t\t\t\t<div class=\"elementor-element elementor-element-50bfd5d elementor-widget elementor-widget-spacer\" data-id=\"50bfd5d\" data-element_type=\"widget\" data-e-type=\"widget\" data-widget_type=\"spacer.default\">\n\t\t\t\t<div class=\"elementor-widget-container\">\n\t\t\t\t\t\t\t<div class=\"elementor-spacer\">\n\t\t\t<div class=\"elementor-spacer-inner\"><\/div>\n\t\t<\/div>\n\t\t\t\t\t\t<\/div>\n\t\t\t\t<\/div>\n\t\t\t\t\t<\/div>\n\t\t<\/div>\n\t\t\t\t\t<\/div>\n\t\t<\/section>\n\t\t\t\t<section class=\"elementor-section elementor-top-section elementor-element elementor-element-a5b557d elementor-section-boxed elementor-section-height-default elementor-section-height-default\" data-id=\"a5b557d\" data-element_type=\"section\" data-e-type=\"section\">\n\t\t\t\t\t\t<div class=\"elementor-container elementor-column-gap-default\">\n\t\t\t\t\t<div class=\"elementor-column elementor-col-100 elementor-top-column elementor-element elementor-element-bff1213\" data-id=\"bff1213\" data-element_type=\"column\" data-e-type=\"column\">\n\t\t\t<div class=\"elementor-widget-wrap elementor-element-populated\">\n\t\t\t\t\t\t<div class=\"elementor-element elementor-element-a215e33 elementor-widget elementor-widget-heading\" data-id=\"a215e33\" data-element_type=\"widget\" data-e-type=\"widget\" data-widget_type=\"heading.default\">\n\t\t\t\t<div class=\"elementor-widget-container\">\n\t\t\t\t\t<h2 class=\"elementor-heading-title elementor-size-default\"><b>Oszt\u00e1lyf\u0151n\u00f6k: Zsil\u00e1k Gy\u00f6rgy<\/b><\/h2>\t\t\t\t<\/div>\n\t\t\t\t<\/div>\n\t\t\t\t\t<\/div>\n\t\t<\/div>\n\t\t\t\t\t<\/div>\n\t\t<\/section>\n\t\t\t\t<section class=\"elementor-section elementor-top-section elementor-element elementor-element-9951a77 elementor-section-boxed elementor-section-height-default elementor-section-height-default\" data-id=\"9951a77\" data-element_type=\"section\" data-e-type=\"section\">\n\t\t\t\t\t\t<div class=\"elementor-container elementor-column-gap-default\">\n\t\t\t\t\t<div class=\"elementor-column elementor-col-100 elementor-top-column elementor-element elementor-element-d68757d\" data-id=\"d68757d\" data-element_type=\"column\" data-e-type=\"column\">\n\t\t\t<div class=\"elementor-widget-wrap elementor-element-populated\">\n\t\t\t\t\t\t<div class=\"elementor-element elementor-element-d792393 elementor-widget elementor-widget-spacer\" data-id=\"d792393\" data-element_type=\"widget\" data-e-type=\"widget\" data-widget_type=\"spacer.default\">\n\t\t\t\t<div class=\"elementor-widget-container\">\n\t\t\t\t\t\t\t<div class=\"elementor-spacer\">\n\t\t\t<div class=\"elementor-spacer-inner\"><\/div>\n\t\t<\/div>\n\t\t\t\t\t\t<\/div>\n\t\t\t\t<\/div>\n\t\t\t\t\t<\/div>\n\t\t<\/div>\n\t\t\t\t\t<\/div>\n\t\t<\/section>\n\t\t\t\t<section class=\"elementor-section elementor-top-section elementor-element elementor-element-1f7c5c3 elementor-section-boxed elementor-section-height-default elementor-section-height-default\" data-id=\"1f7c5c3\" data-element_type=\"section\" data-e-type=\"section\">\n\t\t\t\t\t\t<div class=\"elementor-container elementor-column-gap-default\">\n\t\t\t\t\t<div class=\"elementor-column elementor-col-100 elementor-top-column elementor-element elementor-element-3438c9f\" data-id=\"3438c9f\" data-element_type=\"column\" data-e-type=\"column\">\n\t\t\t<div class=\"elementor-widget-wrap elementor-element-populated\">\n\t\t\t\t\t\t<div class=\"elementor-element elementor-element-d3ee7ea elementor-widget elementor-widget-heading\" data-id=\"d3ee7ea\" data-element_type=\"widget\" data-e-type=\"widget\" data-widget_type=\"heading.default\">\n\t\t\t\t<div class=\"elementor-widget-container\">\n\t\t\t\t\t<h2 class=\"elementor-heading-title elementor-size-default\"><b>Szakma: \u00e9lelmiszer elad\u00f3; h\u00fas- \u00e9s hentes\u00e1ru elad\u00f3<\/b><\/h2>\t\t\t\t<\/div>\n\t\t\t\t<\/div>\n\t\t\t\t\t<\/div>\n\t\t<\/div>\n\t\t\t\t\t<\/div>\n\t\t<\/section>\n\t\t\t\t<section class=\"elementor-section elementor-top-section elementor-element elementor-element-ced0bf5 elementor-section-boxed elementor-section-height-default elementor-section-height-default\" data-id=\"ced0bf5\" data-element_type=\"section\" data-e-type=\"section\">\n\t\t\t\t\t\t<div class=\"elementor-container elementor-column-gap-default\">\n\t\t\t\t\t<div class=\"elementor-column elementor-col-100 elementor-top-column elementor-element elementor-element-cd660ba\" data-id=\"cd660ba\" data-element_type=\"column\" data-e-type=\"column\">\n\t\t\t<div class=\"elementor-widget-wrap elementor-element-populated\">\n\t\t\t\t\t\t<div class=\"elementor-element elementor-element-95adfd2 elementor-widget elementor-widget-spacer\" data-id=\"95adfd2\" data-element_type=\"widget\" data-e-type=\"widget\" data-widget_type=\"spacer.default\">\n\t\t\t\t<div class=\"elementor-widget-container\">\n\t\t\t\t\t\t\t<div class=\"elementor-spacer\">\n\t\t\t<div class=\"elementor-spacer-inner\"><\/div>\n\t\t<\/div>\n\t\t\t\t\t\t<\/div>\n\t\t\t\t<\/div>\n\t\t\t\t\t<\/div>\n\t\t<\/div>\n\t\t\t\t\t<\/div>\n\t\t<\/section>\n\t\t\t\t<section class=\"elementor-section elementor-top-section elementor-element elementor-element-0ea6daa elementor-section-boxed elementor-section-height-default elementor-section-height-default\" data-id=\"0ea6daa\" data-element_type=\"section\" data-e-type=\"section\">\n\t\t\t\t\t\t<div class=\"elementor-container elementor-column-gap-default\">\n\t\t\t\t\t<div class=\"elementor-column elementor-col-100 elementor-top-column elementor-element elementor-element-c28038b\" data-id=\"c28038b\" data-element_type=\"column\" data-e-type=\"column\">\n\t\t\t<div class=\"elementor-widget-wrap elementor-element-populated\">\n\t\t\t\t\t\t<div class=\"elementor-element elementor-element-b648def elementor-widget elementor-widget-heading\" data-id=\"b648def\" data-element_type=\"widget\" data-e-type=\"widget\" data-widget_type=\"heading.default\">\n\t\t\t\t<div class=\"elementor-widget-container\">\n\t\t\t\t\t<h2 class=\"elementor-heading-title elementor-size-default\">1.\tAlm\u00e1si Ter\u00e9zia<p>\n<\/p>2.\tAmbrus Margit\n<\/p>3.\tAsztalos P\u00e1l\n<\/p>4.\tBalogh Edit\n<\/p>5.\tBenk\u00f3 L\u00e1szl\u00f3\n<\/p>6.\tCsorba M\u00e1ria\n<\/p>7.\tDanicska M\u00e1ria\n<\/p>8.\tFily\u00f3 Katalin\n<\/p>9.\tFlender Ilona\n<\/p>10.\tHajd\u00fa Val\u00e9ria\n<\/p>11.\tHorv\u00e1th Istv\u00e1n\n<\/p>12.\tHusz\u00e1r P\u00e1l\n<\/p>13.\tKiss Roz\u00e1lia\n<\/p>14.\tKocsis M\u00e1ria\n<\/p>15.\tKocsor Mih\u00e1ly\n<\/p>16.\tKov\u00e1cs Erzs\u00e9bet\n<\/p>17.\tKr\u00e1lik Magdolna\n<\/p>18.\tKrizs\u00e1n Katalin R\u00f3zsa\n<\/p>19.\tNagy Piroska\n<\/p>20.\tOrvos Erzs\u00e9bet\n<\/p>21.\tPataki \u00c9va\n<\/p>22.\tPusztai M\u00e1ria\n<\/p>23.\tS\u00e1ss M\u00e1ria\n<\/p>24.\tSzab\u00f3 Edit\n<\/p>25.\tSzamedli \u00c9va\n<\/p>26.\tSzil\u00e1gyi Istv\u00e1n\n<\/p>27.\tUhlj\u00e1r K\u00e1roly J\u00e1nos\n<\/p>28.\tZsigmond M\u00e1ria\n<\/p>29.\tZs\u00f3t\u00e9r Ir\u00e9n Ilona<\/h2>\t\t\t\t<\/div>\n\t\t\t\t<\/div>\n\t\t\t\t\t<\/div>\n\t\t<\/div>\n\t\t\t\t\t<\/div>\n\t\t<\/section>\n\t\t\t\t<\/div>\n\t\t","protected":false},"excerpt":{"rendered":"<p>1971\/1972 III\/2 oszt\u00e1ly Oszt\u00e1lyf\u0151n\u00f6k: Zsil\u00e1k Gy\u00f6rgy Szakma: \u00e9lelmiszer elad\u00f3; h\u00fas- \u00e9s hentes\u00e1ru elad\u00f3 1. Alm\u00e1si Ter\u00e9zia 2. Ambrus Margit 3. Asztalos P\u00e1l 4. Balogh Edit 5. Benk\u00f3 L\u00e1szl\u00f3 6. Csorba M\u00e1ria 7. Danicska M\u00e1ria 8. Fily\u00f3 Katalin 9. Flender Ilona 10. Hajd\u00fa Val\u00e9ria 11. Horv\u00e1th Istv\u00e1n 12. Husz\u00e1r P\u00e1l 13. Kiss Roz\u00e1lia 14. Kocsis M\u00e1ria [&hellip;]<\/p>\n","protected":false},"author":4,"featured_media":0,"parent":0,"menu_order":0,"comment_status":"closed","ping_status":"closed","template":"","meta":{"footnotes":""},"class_list":["post-35473","page","type-page","status-publish","hentry"],"_links":{"self":[{"href":"\/index.php\/wp-json\/wp\/v2\/pages\/35473","targetHints":{"allow":["GET"]}}],"collection":[{"href":"\/index.php\/wp-json\/wp\/v2\/pages"}],"about":[{"href":"\/index.php\/wp-json\/wp\/v2\/types\/page"}],"author":[{"embeddable":true,"href":"\/index.php\/wp-json\/wp\/v2\/users\/4"}],"replies":[{"embeddable":true,"href":"\/index.php\/wp-json\/wp\/v2\/comments?post=35473"}],"version-history":[{"count":10,"href":"\/index.php\/wp-json\/wp\/v2\/pages\/35473\/revisions"}],"predecessor-version":[{"id":35484,"href":"\/index.php\/wp-json\/wp\/v2\/pages\/35473\/revisions\/35484"}],"wp:attachment":[{"href":"\/index.php\/wp-json\/wp\/v2\/media?parent=35473"}],"curies":[{"name":"wp","href":"https:\/\/api.w.org\/{rel}","templated":true}]}}