{"id":35394,"date":"2024-01-30T13:29:11","date_gmt":"2024-01-30T12:29:11","guid":{"rendered":"\/?page_id=35394"},"modified":"2024-01-30T13:32:04","modified_gmt":"2024-01-30T12:32:04","slug":"1973-iii-6","status":"publish","type":"page","link":"\/index.php\/1973-iii-6\/","title":{"rendered":"1973 III\/6"},"content":{"rendered":"\t\t<div data-elementor-type=\"wp-page\" data-elementor-id=\"35394\" class=\"elementor elementor-35394\" data-elementor-post-type=\"page\">\n\t\t\t\t\t\t<section class=\"elementor-section elementor-top-section elementor-element elementor-element-be4301c elementor-section-boxed elementor-section-height-default elementor-section-height-default\" data-id=\"be4301c\" data-element_type=\"section\" data-e-type=\"section\">\n\t\t\t\t\t\t<div class=\"elementor-container elementor-column-gap-default\">\n\t\t\t\t\t<div class=\"elementor-column elementor-col-100 elementor-top-column elementor-element elementor-element-2b3e4f1\" data-id=\"2b3e4f1\" data-element_type=\"column\" data-e-type=\"column\">\n\t\t\t<div class=\"elementor-widget-wrap elementor-element-populated\">\n\t\t\t\t\t\t<div class=\"elementor-element elementor-element-9be66e1 elementor-widget elementor-widget-spacer\" data-id=\"9be66e1\" data-element_type=\"widget\" data-e-type=\"widget\" data-widget_type=\"spacer.default\">\n\t\t\t\t<div class=\"elementor-widget-container\">\n\t\t\t\t\t\t\t<div class=\"elementor-spacer\">\n\t\t\t<div class=\"elementor-spacer-inner\"><\/div>\n\t\t<\/div>\n\t\t\t\t\t\t<\/div>\n\t\t\t\t<\/div>\n\t\t\t\t\t<\/div>\n\t\t<\/div>\n\t\t\t\t\t<\/div>\n\t\t<\/section>\n\t\t\t\t<section class=\"elementor-section elementor-top-section elementor-element elementor-element-8ca1727 elementor-section-boxed elementor-section-height-default elementor-section-height-default\" data-id=\"8ca1727\" data-element_type=\"section\" data-e-type=\"section\">\n\t\t\t\t\t\t<div class=\"elementor-container elementor-column-gap-default\">\n\t\t\t\t\t<div class=\"elementor-column elementor-col-100 elementor-top-column elementor-element elementor-element-ce1021b\" data-id=\"ce1021b\" data-element_type=\"column\" data-e-type=\"column\">\n\t\t\t<div class=\"elementor-widget-wrap elementor-element-populated\">\n\t\t\t\t\t\t<div class=\"elementor-element elementor-element-27e5c6f elementor-widget elementor-widget-heading\" data-id=\"27e5c6f\" data-element_type=\"widget\" data-e-type=\"widget\" data-widget_type=\"heading.default\">\n\t\t\t\t<div class=\"elementor-widget-container\">\n\t\t\t\t\t<h2 class=\"elementor-heading-title elementor-size-default\"><b>1972\/1973<\/b><\/h2>\t\t\t\t<\/div>\n\t\t\t\t<\/div>\n\t\t\t\t\t<\/div>\n\t\t<\/div>\n\t\t\t\t\t<\/div>\n\t\t<\/section>\n\t\t\t\t<section class=\"elementor-section elementor-top-section elementor-element elementor-element-49e439f elementor-section-boxed elementor-section-height-default elementor-section-height-default\" data-id=\"49e439f\" data-element_type=\"section\" data-e-type=\"section\">\n\t\t\t\t\t\t<div class=\"elementor-container elementor-column-gap-default\">\n\t\t\t\t\t<div class=\"elementor-column elementor-col-100 elementor-top-column elementor-element elementor-element-1e7fa4e\" data-id=\"1e7fa4e\" data-element_type=\"column\" data-e-type=\"column\">\n\t\t\t<div class=\"elementor-widget-wrap elementor-element-populated\">\n\t\t\t\t\t\t<div class=\"elementor-element elementor-element-73b19c4 elementor-widget elementor-widget-spacer\" data-id=\"73b19c4\" data-element_type=\"widget\" data-e-type=\"widget\" data-widget_type=\"spacer.default\">\n\t\t\t\t<div class=\"elementor-widget-container\">\n\t\t\t\t\t\t\t<div class=\"elementor-spacer\">\n\t\t\t<div class=\"elementor-spacer-inner\"><\/div>\n\t\t<\/div>\n\t\t\t\t\t\t<\/div>\n\t\t\t\t<\/div>\n\t\t\t\t\t<\/div>\n\t\t<\/div>\n\t\t\t\t\t<\/div>\n\t\t<\/section>\n\t\t\t\t<section class=\"elementor-section elementor-top-section elementor-element elementor-element-da50af6 elementor-section-boxed elementor-section-height-default elementor-section-height-default\" data-id=\"da50af6\" data-element_type=\"section\" data-e-type=\"section\">\n\t\t\t\t\t\t<div class=\"elementor-container elementor-column-gap-default\">\n\t\t\t\t\t<div class=\"elementor-column elementor-col-100 elementor-top-column elementor-element elementor-element-5455c1f\" data-id=\"5455c1f\" data-element_type=\"column\" data-e-type=\"column\">\n\t\t\t<div class=\"elementor-widget-wrap elementor-element-populated\">\n\t\t\t\t\t\t<div class=\"elementor-element elementor-element-e212221 elementor-widget elementor-widget-heading\" data-id=\"e212221\" data-element_type=\"widget\" data-e-type=\"widget\" data-widget_type=\"heading.default\">\n\t\t\t\t<div class=\"elementor-widget-container\">\n\t\t\t\t\t<h2 class=\"elementor-heading-title elementor-size-default\"><b>III\/6 oszt\u00e1ly<\/b><\/h2>\t\t\t\t<\/div>\n\t\t\t\t<\/div>\n\t\t\t\t\t<\/div>\n\t\t<\/div>\n\t\t\t\t\t<\/div>\n\t\t<\/section>\n\t\t\t\t<section class=\"elementor-section elementor-top-section elementor-element elementor-element-e889e96 elementor-section-boxed elementor-section-height-default elementor-section-height-default\" data-id=\"e889e96\" data-element_type=\"section\" data-e-type=\"section\">\n\t\t\t\t\t\t<div class=\"elementor-container elementor-column-gap-default\">\n\t\t\t\t\t<div class=\"elementor-column elementor-col-100 elementor-top-column elementor-element elementor-element-8004031\" data-id=\"8004031\" data-element_type=\"column\" data-e-type=\"column\">\n\t\t\t<div class=\"elementor-widget-wrap elementor-element-populated\">\n\t\t\t\t\t\t<div class=\"elementor-element elementor-element-11df46f elementor-widget elementor-widget-spacer\" data-id=\"11df46f\" data-element_type=\"widget\" data-e-type=\"widget\" data-widget_type=\"spacer.default\">\n\t\t\t\t<div class=\"elementor-widget-container\">\n\t\t\t\t\t\t\t<div class=\"elementor-spacer\">\n\t\t\t<div class=\"elementor-spacer-inner\"><\/div>\n\t\t<\/div>\n\t\t\t\t\t\t<\/div>\n\t\t\t\t<\/div>\n\t\t\t\t\t<\/div>\n\t\t<\/div>\n\t\t\t\t\t<\/div>\n\t\t<\/section>\n\t\t\t\t<section class=\"elementor-section elementor-top-section elementor-element elementor-element-20609e8 elementor-section-boxed elementor-section-height-default elementor-section-height-default\" data-id=\"20609e8\" data-element_type=\"section\" data-e-type=\"section\">\n\t\t\t\t\t\t<div class=\"elementor-container elementor-column-gap-default\">\n\t\t\t\t\t<div class=\"elementor-column elementor-col-100 elementor-top-column elementor-element elementor-element-2631a78\" data-id=\"2631a78\" data-element_type=\"column\" data-e-type=\"column\">\n\t\t\t<div class=\"elementor-widget-wrap elementor-element-populated\">\n\t\t\t\t\t\t<div class=\"elementor-element elementor-element-958365a elementor-widget elementor-widget-heading\" data-id=\"958365a\" data-element_type=\"widget\" data-e-type=\"widget\" data-widget_type=\"heading.default\">\n\t\t\t\t<div class=\"elementor-widget-container\">\n\t\t\t\t\t<h2 class=\"elementor-heading-title elementor-size-default\"><b>Szakma: h\u00e1ztart\u00e1si felszerel\u00e9s elad\u00f3; kozmetika-vegyicikk elad\u00f3<\/b><\/h2>\t\t\t\t<\/div>\n\t\t\t\t<\/div>\n\t\t\t\t\t<\/div>\n\t\t<\/div>\n\t\t\t\t\t<\/div>\n\t\t<\/section>\n\t\t\t\t<section class=\"elementor-section elementor-top-section elementor-element elementor-element-158ba7c elementor-section-boxed elementor-section-height-default elementor-section-height-default\" data-id=\"158ba7c\" data-element_type=\"section\" data-e-type=\"section\">\n\t\t\t\t\t\t<div class=\"elementor-container elementor-column-gap-default\">\n\t\t\t\t\t<div class=\"elementor-column elementor-col-100 elementor-top-column elementor-element elementor-element-d400b6a\" data-id=\"d400b6a\" data-element_type=\"column\" data-e-type=\"column\">\n\t\t\t<div class=\"elementor-widget-wrap elementor-element-populated\">\n\t\t\t\t\t\t<div class=\"elementor-element elementor-element-30d683e elementor-widget elementor-widget-spacer\" data-id=\"30d683e\" data-element_type=\"widget\" data-e-type=\"widget\" data-widget_type=\"spacer.default\">\n\t\t\t\t<div class=\"elementor-widget-container\">\n\t\t\t\t\t\t\t<div class=\"elementor-spacer\">\n\t\t\t<div class=\"elementor-spacer-inner\"><\/div>\n\t\t<\/div>\n\t\t\t\t\t\t<\/div>\n\t\t\t\t<\/div>\n\t\t\t\t\t<\/div>\n\t\t<\/div>\n\t\t\t\t\t<\/div>\n\t\t<\/section>\n\t\t\t\t<section class=\"elementor-section elementor-top-section elementor-element elementor-element-a2a75a8 elementor-section-boxed elementor-section-height-default elementor-section-height-default\" data-id=\"a2a75a8\" data-element_type=\"section\" data-e-type=\"section\">\n\t\t\t\t\t\t<div class=\"elementor-container elementor-column-gap-default\">\n\t\t\t\t\t<div class=\"elementor-column elementor-col-100 elementor-top-column elementor-element elementor-element-2c1a0b7\" data-id=\"2c1a0b7\" data-element_type=\"column\" data-e-type=\"column\">\n\t\t\t<div class=\"elementor-widget-wrap elementor-element-populated\">\n\t\t\t\t\t\t<div class=\"elementor-element elementor-element-8d6ff80 elementor-widget elementor-widget-heading\" data-id=\"8d6ff80\" data-element_type=\"widget\" data-e-type=\"widget\" data-widget_type=\"heading.default\">\n\t\t\t\t<div class=\"elementor-widget-container\">\n\t\t\t\t\t<h2 class=\"elementor-heading-title elementor-size-default\">1.\tBalogh S\u00e1ndor<p>\n<\/p>2.\tDoh\u00e1nyos Ilona\n<\/p>3.\tHarcs\u00e1s Erzs\u00e9bet\n<\/p>4.\tHud\u00e1k S\u00e1ndor\n<\/p>5.\tK\u00e9zsm\u00e1rki Mih\u00e1ly\n<\/p>6.\tKisp\u00e1l J\u00f3zsef\n<\/p>7.\tKiss G\u00e1bor\n<\/p>8.\tL\u00e1szl\u00f3 Istv\u00e1n\n<\/p>9.\tMoln\u00e1r K\u00e1roly\n<\/p>10.\tNagy Andr\u00e1s\n<\/p>11.\tPete Margit\n<\/p>12.\tRajki M\u00e1rta Edit\n<\/p>13.\tRusz J\u00f3zsef\n<\/p>14.\tSzab\u00f3 S\u00e1ndor\n<\/p>15.\tSzak\u00e1l J\u00e1nos\n<\/p>16.\tSz\u0151ke Imre\n<\/p>17.\tT\u00f3th Endre\n<\/p>18.\tTur\u00e1k J\u00f3zsef\n<\/p>19.\tUrb\u00e1n B\u00e9la\n<\/p>20.\tGyebn\u00e1r Magdolna\n<\/p>21.\tCsepel\u00e9nyi Gy\u00f6ngyi\n<\/p>22.\tCsizmadia Istv\u00e1n\n<\/p>23.\tD\u00e1nyi Madeline\n<\/p>24.\tGyeraj \u00c9va\n<\/p>25.\tJakubjanszki Andr\u00e1s\n<\/p>26.\tSavolt M\u00e1ria\n<\/p>27.\tSzuhaj M\u00e1ria\n<\/p>28.\tVarga Edit\n<\/p>29.\tZsombok J\u00e1nos<\/h2>\t\t\t\t<\/div>\n\t\t\t\t<\/div>\n\t\t\t\t\t<\/div>\n\t\t<\/div>\n\t\t\t\t\t<\/div>\n\t\t<\/section>\n\t\t\t\t<\/div>\n\t\t","protected":false},"excerpt":{"rendered":"<p>1972\/1973 III\/6 oszt\u00e1ly Szakma: h\u00e1ztart\u00e1si felszerel\u00e9s elad\u00f3; kozmetika-vegyicikk elad\u00f3 1. Balogh S\u00e1ndor 2. Doh\u00e1nyos Ilona 3. Harcs\u00e1s Erzs\u00e9bet 4. Hud\u00e1k S\u00e1ndor 5. K\u00e9zsm\u00e1rki Mih\u00e1ly 6. Kisp\u00e1l J\u00f3zsef 7. Kiss G\u00e1bor 8. L\u00e1szl\u00f3 Istv\u00e1n 9. Moln\u00e1r K\u00e1roly 10. Nagy Andr\u00e1s 11. Pete Margit 12. Rajki M\u00e1rta Edit 13. Rusz J\u00f3zsef 14. Szab\u00f3 S\u00e1ndor 15. Szak\u00e1l J\u00e1nos [&hellip;]<\/p>\n","protected":false},"author":4,"featured_media":0,"parent":0,"menu_order":0,"comment_status":"closed","ping_status":"closed","template":"","meta":{"footnotes":""},"class_list":["post-35394","page","type-page","status-publish","hentry"],"_links":{"self":[{"href":"\/index.php\/wp-json\/wp\/v2\/pages\/35394","targetHints":{"allow":["GET"]}}],"collection":[{"href":"\/index.php\/wp-json\/wp\/v2\/pages"}],"about":[{"href":"\/index.php\/wp-json\/wp\/v2\/types\/page"}],"author":[{"embeddable":true,"href":"\/index.php\/wp-json\/wp\/v2\/users\/4"}],"replies":[{"embeddable":true,"href":"\/index.php\/wp-json\/wp\/v2\/comments?post=35394"}],"version-history":[{"count":4,"href":"\/index.php\/wp-json\/wp\/v2\/pages\/35394\/revisions"}],"predecessor-version":[{"id":35399,"href":"\/index.php\/wp-json\/wp\/v2\/pages\/35394\/revisions\/35399"}],"wp:attachment":[{"href":"\/index.php\/wp-json\/wp\/v2\/media?parent=35394"}],"curies":[{"name":"wp","href":"https:\/\/api.w.org\/{rel}","templated":true}]}}