{"id":35312,"date":"2024-01-30T11:15:13","date_gmt":"2024-01-30T10:15:13","guid":{"rendered":"\/?page_id=35312"},"modified":"2024-01-30T11:16:56","modified_gmt":"2024-01-30T10:16:56","slug":"1956-szakmai-vizsgat-tett","status":"publish","type":"page","link":"\/index.php\/1956-szakmai-vizsgat-tett\/","title":{"rendered":"1956 Szakmai vizsg\u00e1t tett"},"content":{"rendered":"\t\t<div data-elementor-type=\"wp-page\" data-elementor-id=\"35312\" class=\"elementor elementor-35312\" data-elementor-post-type=\"page\">\n\t\t\t\t\t\t<section class=\"elementor-section elementor-top-section elementor-element elementor-element-29f11e2 elementor-section-boxed elementor-section-height-default elementor-section-height-default\" data-id=\"29f11e2\" data-element_type=\"section\" data-e-type=\"section\">\n\t\t\t\t\t\t<div class=\"elementor-container elementor-column-gap-default\">\n\t\t\t\t\t<div class=\"elementor-column elementor-col-100 elementor-top-column elementor-element elementor-element-060e482\" data-id=\"060e482\" data-element_type=\"column\" data-e-type=\"column\">\n\t\t\t<div class=\"elementor-widget-wrap elementor-element-populated\">\n\t\t\t\t\t\t<div class=\"elementor-element elementor-element-05339c5 elementor-widget elementor-widget-spacer\" data-id=\"05339c5\" data-element_type=\"widget\" data-e-type=\"widget\" data-widget_type=\"spacer.default\">\n\t\t\t\t<div class=\"elementor-widget-container\">\n\t\t\t\t\t\t\t<div class=\"elementor-spacer\">\n\t\t\t<div class=\"elementor-spacer-inner\"><\/div>\n\t\t<\/div>\n\t\t\t\t\t\t<\/div>\n\t\t\t\t<\/div>\n\t\t\t\t\t<\/div>\n\t\t<\/div>\n\t\t\t\t\t<\/div>\n\t\t<\/section>\n\t\t\t\t<section class=\"elementor-section elementor-top-section elementor-element elementor-element-4a33949 elementor-section-boxed elementor-section-height-default elementor-section-height-default\" data-id=\"4a33949\" data-element_type=\"section\" data-e-type=\"section\">\n\t\t\t\t\t\t<div class=\"elementor-container elementor-column-gap-default\">\n\t\t\t\t\t<div class=\"elementor-column elementor-col-100 elementor-top-column elementor-element elementor-element-666cd45\" data-id=\"666cd45\" data-element_type=\"column\" data-e-type=\"column\">\n\t\t\t<div class=\"elementor-widget-wrap elementor-element-populated\">\n\t\t\t\t\t\t<div class=\"elementor-element elementor-element-d150a08 elementor-widget elementor-widget-heading\" data-id=\"d150a08\" data-element_type=\"widget\" data-e-type=\"widget\" data-widget_type=\"heading.default\">\n\t\t\t\t<div class=\"elementor-widget-container\">\n\t\t\t\t\t<h2 class=\"elementor-heading-title elementor-size-default\"><b>1955\/1956<\/b><\/h2>\t\t\t\t<\/div>\n\t\t\t\t<\/div>\n\t\t\t\t\t<\/div>\n\t\t<\/div>\n\t\t\t\t\t<\/div>\n\t\t<\/section>\n\t\t\t\t<section class=\"elementor-section elementor-top-section elementor-element elementor-element-9132cf6 elementor-section-boxed elementor-section-height-default elementor-section-height-default\" data-id=\"9132cf6\" data-element_type=\"section\" data-e-type=\"section\">\n\t\t\t\t\t\t<div class=\"elementor-container elementor-column-gap-default\">\n\t\t\t\t\t<div class=\"elementor-column elementor-col-100 elementor-top-column elementor-element elementor-element-6249284\" data-id=\"6249284\" data-element_type=\"column\" data-e-type=\"column\">\n\t\t\t<div class=\"elementor-widget-wrap elementor-element-populated\">\n\t\t\t\t\t\t<div class=\"elementor-element elementor-element-b4f9888 elementor-widget elementor-widget-spacer\" data-id=\"b4f9888\" data-element_type=\"widget\" data-e-type=\"widget\" data-widget_type=\"spacer.default\">\n\t\t\t\t<div class=\"elementor-widget-container\">\n\t\t\t\t\t\t\t<div class=\"elementor-spacer\">\n\t\t\t<div class=\"elementor-spacer-inner\"><\/div>\n\t\t<\/div>\n\t\t\t\t\t\t<\/div>\n\t\t\t\t<\/div>\n\t\t\t\t\t<\/div>\n\t\t<\/div>\n\t\t\t\t\t<\/div>\n\t\t<\/section>\n\t\t\t\t<section class=\"elementor-section elementor-top-section elementor-element elementor-element-99d0a49 elementor-section-boxed elementor-section-height-default elementor-section-height-default\" data-id=\"99d0a49\" data-element_type=\"section\" data-e-type=\"section\">\n\t\t\t\t\t\t<div class=\"elementor-container elementor-column-gap-default\">\n\t\t\t\t\t<div class=\"elementor-column elementor-col-100 elementor-top-column elementor-element elementor-element-c6f9bfd\" data-id=\"c6f9bfd\" data-element_type=\"column\" data-e-type=\"column\">\n\t\t\t<div class=\"elementor-widget-wrap elementor-element-populated\">\n\t\t\t\t\t\t<div class=\"elementor-element elementor-element-b858281 elementor-widget elementor-widget-heading\" data-id=\"b858281\" data-element_type=\"widget\" data-e-type=\"widget\" data-widget_type=\"heading.default\">\n\t\t\t\t<div class=\"elementor-widget-container\">\n\t\t\t\t\t<h2 class=\"elementor-heading-title elementor-size-default\"><b>Szakmai vizsg\u00e1t tett<\/b><\/h2>\t\t\t\t<\/div>\n\t\t\t\t<\/div>\n\t\t\t\t\t<\/div>\n\t\t<\/div>\n\t\t\t\t\t<\/div>\n\t\t<\/section>\n\t\t\t\t<section class=\"elementor-section elementor-top-section elementor-element elementor-element-c31aee1 elementor-section-boxed elementor-section-height-default elementor-section-height-default\" data-id=\"c31aee1\" data-element_type=\"section\" data-e-type=\"section\">\n\t\t\t\t\t\t<div class=\"elementor-container elementor-column-gap-default\">\n\t\t\t\t\t<div class=\"elementor-column elementor-col-100 elementor-top-column elementor-element elementor-element-4fb8ee6\" data-id=\"4fb8ee6\" data-element_type=\"column\" data-e-type=\"column\">\n\t\t\t<div class=\"elementor-widget-wrap elementor-element-populated\">\n\t\t\t\t\t\t<div class=\"elementor-element elementor-element-117c313 elementor-widget elementor-widget-spacer\" data-id=\"117c313\" data-element_type=\"widget\" data-e-type=\"widget\" data-widget_type=\"spacer.default\">\n\t\t\t\t<div class=\"elementor-widget-container\">\n\t\t\t\t\t\t\t<div class=\"elementor-spacer\">\n\t\t\t<div class=\"elementor-spacer-inner\"><\/div>\n\t\t<\/div>\n\t\t\t\t\t\t<\/div>\n\t\t\t\t<\/div>\n\t\t\t\t\t<\/div>\n\t\t<\/div>\n\t\t\t\t\t<\/div>\n\t\t<\/section>\n\t\t\t\t<section class=\"elementor-section elementor-top-section elementor-element elementor-element-a69cd9f elementor-section-boxed elementor-section-height-default elementor-section-height-default\" data-id=\"a69cd9f\" data-element_type=\"section\" data-e-type=\"section\">\n\t\t\t\t\t\t<div class=\"elementor-container elementor-column-gap-default\">\n\t\t\t\t\t<div class=\"elementor-column elementor-col-100 elementor-top-column elementor-element elementor-element-9857b25\" data-id=\"9857b25\" data-element_type=\"column\" data-e-type=\"column\">\n\t\t\t<div class=\"elementor-widget-wrap elementor-element-populated\">\n\t\t\t\t\t\t<div class=\"elementor-element elementor-element-a79dd13 elementor-widget elementor-widget-heading\" data-id=\"a79dd13\" data-element_type=\"widget\" data-e-type=\"widget\" data-widget_type=\"heading.default\">\n\t\t\t\t<div class=\"elementor-widget-container\">\n\t\t\t\t\t<h2 class=\"elementor-heading-title elementor-size-default\">13.\tBoz\u00f3 Bal\u00e1zs\t\tdarab\u00e1ru elad\u00f3<p>\n<\/p>14.\tCs\u00e9f\u00e1n Ibolya\t\ttextiles\n<\/p>15.\tDobra Ilona\t\tillatszer\n<\/p>16.\tFeiles Lajosn\u00e9\t\tf\u0171szer-elad\u00f3\n<\/p>17.\tFelcz\u00e1n Gy\u00f6rgy\tkonfekci\u00f3 elad\u00f3\n<\/p>18.\tFranciszki Gy\u00f6rgy\tcukr\u00e1sz\n<\/p>19.\tJelenka Mih\u00e1ly\tm\u00e9ter\u00e1ru-elad\u00f3\n<\/p>20.\tKov\u00e1cs J\u00e1nos\t\tvas-m\u0171szak\n<\/p>21.\tLosonczi \u00c9va\t\tkonfekci\u00f3 elad\u00f3\n<\/p>22.\tSzab\u00f3 Ferenc\t\tkonfekci\u00f3 elad\u00f3\n<\/p>23.\tTescher J\u00f3zsefn\u00e9\tcip\u0151-elad\u00f3<\/h2>\t\t\t\t<\/div>\n\t\t\t\t<\/div>\n\t\t\t\t\t<\/div>\n\t\t<\/div>\n\t\t\t\t\t<\/div>\n\t\t<\/section>\n\t\t\t\t<\/div>\n\t\t","protected":false},"excerpt":{"rendered":"<p>1955\/1956 Szakmai vizsg\u00e1t tett 13. Boz\u00f3 Bal\u00e1zs darab\u00e1ru elad\u00f3 14. Cs\u00e9f\u00e1n Ibolya textiles 15. Dobra Ilona illatszer 16. Feiles Lajosn\u00e9 f\u0171szer-elad\u00f3 17. Felcz\u00e1n Gy\u00f6rgy konfekci\u00f3 elad\u00f3 18. Franciszki Gy\u00f6rgy cukr\u00e1sz 19. Jelenka Mih\u00e1ly m\u00e9ter\u00e1ru-elad\u00f3 20. Kov\u00e1cs J\u00e1nos vas-m\u0171szak 21. Losonczi \u00c9va konfekci\u00f3 elad\u00f3 22. Szab\u00f3 Ferenc konfekci\u00f3 elad\u00f3 23. Tescher J\u00f3zsefn\u00e9 cip\u0151-elad\u00f3<\/p>\n","protected":false},"author":4,"featured_media":0,"parent":0,"menu_order":0,"comment_status":"closed","ping_status":"closed","template":"","meta":{"footnotes":""},"class_list":["post-35312","page","type-page","status-publish","hentry"],"_links":{"self":[{"href":"\/index.php\/wp-json\/wp\/v2\/pages\/35312","targetHints":{"allow":["GET"]}}],"collection":[{"href":"\/index.php\/wp-json\/wp\/v2\/pages"}],"about":[{"href":"\/index.php\/wp-json\/wp\/v2\/types\/page"}],"author":[{"embeddable":true,"href":"\/index.php\/wp-json\/wp\/v2\/users\/4"}],"replies":[{"embeddable":true,"href":"\/index.php\/wp-json\/wp\/v2\/comments?post=35312"}],"version-history":[{"count":4,"href":"\/index.php\/wp-json\/wp\/v2\/pages\/35312\/revisions"}],"predecessor-version":[{"id":35317,"href":"\/index.php\/wp-json\/wp\/v2\/pages\/35312\/revisions\/35317"}],"wp:attachment":[{"href":"\/index.php\/wp-json\/wp\/v2\/media?parent=35312"}],"curies":[{"name":"wp","href":"https:\/\/api.w.org\/{rel}","templated":true}]}}